{"id":10044,"date":"2023-03-08T08:04:06","date_gmt":"2023-03-08T08:04:06","guid":{"rendered":"https:\/\/masterchem.lv\/?post_type=product&#038;p=10044"},"modified":"2023-04-20T12:45:11","modified_gmt":"2023-04-20T12:45:11","slug":"cerium-oxide-cas-1306-38-3","status":"publish","type":"product","link":"https:\/\/masterchem.lv\/en\/product\/cerium-oxide-cas-1306-38-3\/","title":{"rendered":"Cerium oxide (CAS 1306-38-3)"},"content":{"rendered":"<p><strong>Information<\/strong><\/p>\n<p>Industries: Glass and ceramics<br \/>\nCAS number: 1306-38-3<br \/>\nWE number: 215-150-4<br \/>\nChemical formula: CeO2<br \/>\nMolar mass: 172,115 g\/mol<br \/>\nCustoms tariff code: 28461000<\/p>\n","protected":false},"excerpt":{"rendered":"<p><strong>Cerium oxide (CAS 1306-38-3)<\/strong><\/p>\n<p>Cerium(IV) oxide, also known as ceric oxide, ceric dioxide, ceria, cerium oxide or cerium dioxide, is an oxide of the rare-earth metal cerium. It is a pale yellow-white powder with the chemical formula CeO2. It is an important commercial product and an intermediate in the purification of the element from the ores. The distinctive property of this material is its reversible conversion to a non-stoichiometric oxide.<\/p>\n","protected":false},"featured_media":10076,"template":"","meta":{"_monsterinsights_skip_tracking":false,"_monsterinsights_sitenote_active":false,"_monsterinsights_sitenote_note":"","_monsterinsights_sitenote_category":0},"product_brand":[],"product_cat":[167,80],"product_tag":[],"class_list":{"0":"post-10044","1":"product","2":"type-product","3":"status-publish","4":"has-post-thumbnail","6":"product_cat-all-goods","7":"product_cat-glass-and-ceramics","9":"first","10":"instock","11":"taxable","12":"shipping-taxable","13":"purchasable","14":"product-type-variable","15":"has-default-attributes"},"yoast_head":"<!-- This site is optimized with the Yoast SEO plugin v27.4 - https:\/\/yoast.com\/product\/yoast-seo-wordpress\/ -->\n<title>Cerium oxide (CAS 1306-38-3) - \u0136\u012bmija r\u016bpniec\u012bbai &mdash; &Scaron;\u0137\u012bdin\u0101t\u0101ji un \u0137\u012bmisk\u0101s vielas &mdash; Masterchem.ee<\/title>\n<meta name=\"description\" content=\"Cerium(IV) oxide, also known as ceric oxide, ceric dioxide, ceria, cerium oxide or cerium dioxide, is an oxide of the rare-earth metal cerium.\" \/>\n<meta name=\"robots\" content=\"index, follow, max-snippet:-1, max-image-preview:large, max-video-preview:-1\" \/>\n<link rel=\"canonical\" href=\"https:\/\/masterchem.lv\/en\/product\/cerium-oxide-cas-1306-38-3\/\" \/>\n<meta property=\"og:locale\" content=\"en_US\" \/>\n<meta property=\"og:type\" content=\"article\" \/>\n<meta property=\"og:title\" content=\"Cerium oxide (CAS 1306-38-3) - \u0136\u012bmija r\u016bpniec\u012bbai &mdash; &Scaron;\u0137\u012bdin\u0101t\u0101ji un \u0137\u012bmisk\u0101s vielas &mdash; Masterchem.ee\" \/>\n<meta property=\"og:description\" content=\"Cerium(IV) oxide, also known as ceric oxide, ceric dioxide, ceria, cerium oxide or cerium dioxide, is an oxide of the rare-earth metal cerium.\" \/>\n<meta property=\"og:url\" content=\"https:\/\/masterchem.lv\/en\/product\/cerium-oxide-cas-1306-38-3\/\" \/>\n<meta property=\"og:site_name\" content=\"\u0136\u012bmija r\u016bpniec\u012bbai &mdash; &Scaron;\u0137\u012bdin\u0101t\u0101ji un \u0137\u012bmisk\u0101s vielas &mdash; Masterchem.ee\" \/>\n<meta property=\"article:modified_time\" content=\"2023-04-20T12:45:11+00:00\" \/>\n<meta property=\"og:image\" content=\"https:\/\/masterchem.lv\/wp-content\/uploads\/2023\/03\/Tseeriumoksiid-25kg-MasterChem-1.jpg\" \/>\n\t<meta property=\"og:image:width\" content=\"1000\" \/>\n\t<meta property=\"og:image:height\" content=\"1000\" \/>\n\t<meta property=\"og:image:type\" content=\"image\/jpeg\" \/>\n<meta name=\"twitter:card\" content=\"summary_large_image\" \/>\n<meta name=\"twitter:label1\" content=\"Est. reading time\" \/>\n\t<meta name=\"twitter:data1\" content=\"1 minute\" \/>\n<script type=\"application\/ld+json\" class=\"yoast-schema-graph\">{\"@context\":\"https:\\\/\\\/schema.org\",\"@graph\":[{\"@type\":\"WebPage\",\"@id\":\"https:\\\/\\\/masterchem.lv\\\/en\\\/product\\\/cerium-oxide-cas-1306-38-3\\\/\",\"url\":\"https:\\\/\\\/masterchem.lv\\\/en\\\/product\\\/cerium-oxide-cas-1306-38-3\\\/\",\"name\":\"Cerium oxide (CAS 1306-38-3) - \u0136\u012bmija r\u016bpniec\u012bbai &mdash; &Scaron;\u0137\u012bdin\u0101t\u0101ji un \u0137\u012bmisk\u0101s vielas &mdash; Masterchem.ee\",\"isPartOf\":{\"@id\":\"https:\\\/\\\/masterchem.lv\\\/en\\\/#website\"},\"primaryImageOfPage\":{\"@id\":\"https:\\\/\\\/masterchem.lv\\\/en\\\/product\\\/cerium-oxide-cas-1306-38-3\\\/#primaryimage\"},\"image\":{\"@id\":\"https:\\\/\\\/masterchem.lv\\\/en\\\/product\\\/cerium-oxide-cas-1306-38-3\\\/#primaryimage\"},\"thumbnailUrl\":\"https:\\\/\\\/masterchem.lv\\\/wp-content\\\/uploads\\\/2023\\\/03\\\/Tseeriumoksiid-25kg-MasterChem-1.jpg\",\"datePublished\":\"2023-03-08T08:04:06+00:00\",\"dateModified\":\"2023-04-20T12:45:11+00:00\",\"description\":\"Cerium(IV) oxide, also known as ceric oxide, ceric dioxide, ceria, cerium oxide or cerium dioxide, is an oxide of the rare-earth metal cerium.\",\"breadcrumb\":{\"@id\":\"https:\\\/\\\/masterchem.lv\\\/en\\\/product\\\/cerium-oxide-cas-1306-38-3\\\/#breadcrumb\"},\"inLanguage\":\"en-US\",\"potentialAction\":[{\"@type\":\"ReadAction\",\"target\":[\"https:\\\/\\\/masterchem.lv\\\/en\\\/product\\\/cerium-oxide-cas-1306-38-3\\\/\"]}]},{\"@type\":\"ImageObject\",\"inLanguage\":\"en-US\",\"@id\":\"https:\\\/\\\/masterchem.lv\\\/en\\\/product\\\/cerium-oxide-cas-1306-38-3\\\/#primaryimage\",\"url\":\"https:\\\/\\\/masterchem.lv\\\/wp-content\\\/uploads\\\/2023\\\/03\\\/Tseeriumoksiid-25kg-MasterChem-1.jpg\",\"contentUrl\":\"https:\\\/\\\/masterchem.lv\\\/wp-content\\\/uploads\\\/2023\\\/03\\\/Tseeriumoksiid-25kg-MasterChem-1.jpg\",\"width\":1000,\"height\":1000},{\"@type\":\"BreadcrumbList\",\"@id\":\"https:\\\/\\\/masterchem.lv\\\/en\\\/product\\\/cerium-oxide-cas-1306-38-3\\\/#breadcrumb\",\"itemListElement\":[{\"@type\":\"ListItem\",\"position\":1,\"name\":\"Home\",\"item\":\"https:\\\/\\\/masterchem.lv\\\/en\\\/\"},{\"@type\":\"ListItem\",\"position\":2,\"name\":\"Shop\",\"item\":\"https:\\\/\\\/masterchem.lv\\\/shop\\\/\"},{\"@type\":\"ListItem\",\"position\":3,\"name\":\"Cerium oxide (CAS 1306-38-3)\"}]},{\"@type\":\"WebSite\",\"@id\":\"https:\\\/\\\/masterchem.lv\\\/en\\\/#website\",\"url\":\"https:\\\/\\\/masterchem.lv\\\/en\\\/\",\"name\":\"\u0136\u012bmija r\u016bpniec\u012bbai &mdash; &Scaron;\u0137\u012bdin\u0101t\u0101ji un \u0137\u012bmisk\u0101s vielas &mdash; Masterchem.ee\",\"description\":\"\u0136\u012bmija r\u016bpniec\u012bbai&nbsp;&mdash; &scaron;\u0137\u012bdin\u0101t\u0101ji un \u0137\u012bmisk\u0101s vielas\",\"potentialAction\":[{\"@type\":\"SearchAction\",\"target\":{\"@type\":\"EntryPoint\",\"urlTemplate\":\"https:\\\/\\\/masterchem.lv\\\/en\\\/?s={search_term_string}\"},\"query-input\":{\"@type\":\"PropertyValueSpecification\",\"valueRequired\":true,\"valueName\":\"search_term_string\"}}],\"inLanguage\":\"en-US\"}]}<\/script>\n<!-- \/ Yoast SEO plugin. -->","yoast_head_json":{"title":"Cerium oxide (CAS 1306-38-3) - \u0136\u012bmija r\u016bpniec\u012bbai &mdash; &Scaron;\u0137\u012bdin\u0101t\u0101ji un \u0137\u012bmisk\u0101s vielas &mdash; Masterchem.ee","description":"Cerium(IV) oxide, also known as ceric oxide, ceric dioxide, ceria, cerium oxide or cerium dioxide, is an oxide of the rare-earth metal cerium.","robots":{"index":"index","follow":"follow","max-snippet":"max-snippet:-1","max-image-preview":"max-image-preview:large","max-video-preview":"max-video-preview:-1"},"canonical":"https:\/\/masterchem.lv\/en\/product\/cerium-oxide-cas-1306-38-3\/","og_locale":"en_US","og_type":"article","og_title":"Cerium oxide (CAS 1306-38-3) - \u0136\u012bmija r\u016bpniec\u012bbai &mdash; &Scaron;\u0137\u012bdin\u0101t\u0101ji un \u0137\u012bmisk\u0101s vielas &mdash; Masterchem.ee","og_description":"Cerium(IV) oxide, also known as ceric oxide, ceric dioxide, ceria, cerium oxide or cerium dioxide, is an oxide of the rare-earth metal cerium.","og_url":"https:\/\/masterchem.lv\/en\/product\/cerium-oxide-cas-1306-38-3\/","og_site_name":"\u0136\u012bmija r\u016bpniec\u012bbai &mdash; &Scaron;\u0137\u012bdin\u0101t\u0101ji un \u0137\u012bmisk\u0101s vielas &mdash; Masterchem.ee","article_modified_time":"2023-04-20T12:45:11+00:00","og_image":[{"width":1000,"height":1000,"url":"https:\/\/masterchem.lv\/wp-content\/uploads\/2023\/03\/Tseeriumoksiid-25kg-MasterChem-1.jpg","type":"image\/jpeg"}],"twitter_card":"summary_large_image","twitter_misc":{"Est. reading time":"1 minute"},"schema":{"@context":"https:\/\/schema.org","@graph":[{"@type":"WebPage","@id":"https:\/\/masterchem.lv\/en\/product\/cerium-oxide-cas-1306-38-3\/","url":"https:\/\/masterchem.lv\/en\/product\/cerium-oxide-cas-1306-38-3\/","name":"Cerium oxide (CAS 1306-38-3) - \u0136\u012bmija r\u016bpniec\u012bbai &mdash; &Scaron;\u0137\u012bdin\u0101t\u0101ji un \u0137\u012bmisk\u0101s vielas &mdash; Masterchem.ee","isPartOf":{"@id":"https:\/\/masterchem.lv\/en\/#website"},"primaryImageOfPage":{"@id":"https:\/\/masterchem.lv\/en\/product\/cerium-oxide-cas-1306-38-3\/#primaryimage"},"image":{"@id":"https:\/\/masterchem.lv\/en\/product\/cerium-oxide-cas-1306-38-3\/#primaryimage"},"thumbnailUrl":"https:\/\/masterchem.lv\/wp-content\/uploads\/2023\/03\/Tseeriumoksiid-25kg-MasterChem-1.jpg","datePublished":"2023-03-08T08:04:06+00:00","dateModified":"2023-04-20T12:45:11+00:00","description":"Cerium(IV) oxide, also known as ceric oxide, ceric dioxide, ceria, cerium oxide or cerium dioxide, is an oxide of the rare-earth metal cerium.","breadcrumb":{"@id":"https:\/\/masterchem.lv\/en\/product\/cerium-oxide-cas-1306-38-3\/#breadcrumb"},"inLanguage":"en-US","potentialAction":[{"@type":"ReadAction","target":["https:\/\/masterchem.lv\/en\/product\/cerium-oxide-cas-1306-38-3\/"]}]},{"@type":"ImageObject","inLanguage":"en-US","@id":"https:\/\/masterchem.lv\/en\/product\/cerium-oxide-cas-1306-38-3\/#primaryimage","url":"https:\/\/masterchem.lv\/wp-content\/uploads\/2023\/03\/Tseeriumoksiid-25kg-MasterChem-1.jpg","contentUrl":"https:\/\/masterchem.lv\/wp-content\/uploads\/2023\/03\/Tseeriumoksiid-25kg-MasterChem-1.jpg","width":1000,"height":1000},{"@type":"BreadcrumbList","@id":"https:\/\/masterchem.lv\/en\/product\/cerium-oxide-cas-1306-38-3\/#breadcrumb","itemListElement":[{"@type":"ListItem","position":1,"name":"Home","item":"https:\/\/masterchem.lv\/en\/"},{"@type":"ListItem","position":2,"name":"Shop","item":"https:\/\/masterchem.lv\/shop\/"},{"@type":"ListItem","position":3,"name":"Cerium oxide (CAS 1306-38-3)"}]},{"@type":"WebSite","@id":"https:\/\/masterchem.lv\/en\/#website","url":"https:\/\/masterchem.lv\/en\/","name":"\u0136\u012bmija r\u016bpniec\u012bbai &mdash; &Scaron;\u0137\u012bdin\u0101t\u0101ji un \u0137\u012bmisk\u0101s vielas &mdash; Masterchem.ee","description":"\u0136\u012bmija r\u016bpniec\u012bbai&nbsp;&mdash; &scaron;\u0137\u012bdin\u0101t\u0101ji un \u0137\u012bmisk\u0101s vielas","potentialAction":[{"@type":"SearchAction","target":{"@type":"EntryPoint","urlTemplate":"https:\/\/masterchem.lv\/en\/?s={search_term_string}"},"query-input":{"@type":"PropertyValueSpecification","valueRequired":true,"valueName":"search_term_string"}}],"inLanguage":"en-US"}]}},"_links":{"self":[{"href":"https:\/\/masterchem.lv\/en\/wp-json\/wp\/v2\/product\/10044","targetHints":{"allow":["GET"]}}],"collection":[{"href":"https:\/\/masterchem.lv\/en\/wp-json\/wp\/v2\/product"}],"about":[{"href":"https:\/\/masterchem.lv\/en\/wp-json\/wp\/v2\/types\/product"}],"wp:featuredmedia":[{"embeddable":true,"href":"https:\/\/masterchem.lv\/en\/wp-json\/wp\/v2\/media\/10076"}],"wp:attachment":[{"href":"https:\/\/masterchem.lv\/en\/wp-json\/wp\/v2\/media?parent=10044"}],"wp:term":[{"taxonomy":"product_brand","embeddable":true,"href":"https:\/\/masterchem.lv\/en\/wp-json\/wp\/v2\/product_brand?post=10044"},{"taxonomy":"product_cat","embeddable":true,"href":"https:\/\/masterchem.lv\/en\/wp-json\/wp\/v2\/product_cat?post=10044"},{"taxonomy":"product_tag","embeddable":true,"href":"https:\/\/masterchem.lv\/en\/wp-json\/wp\/v2\/product_tag?post=10044"}],"curies":[{"name":"wp","href":"https:\/\/api.w.org\/{rel}","templated":true}]}}