{"id":10402,"date":"2023-03-08T08:05:36","date_gmt":"2023-03-08T08:05:36","guid":{"rendered":"https:\/\/masterchem.lv\/?post_type=product&#038;p=10402"},"modified":"2023-04-27T09:10:00","modified_gmt":"2023-04-27T09:10:00","slug":"antifreeze-mastercoolant-longlife-concentrate","status":"publish","type":"product","link":"https:\/\/masterchem.lv\/en\/product\/antifreeze-mastercoolant-longlife-concentrate\/","title":{"rendered":"Antifreeze MasterCoolant LONGLIFE \u2013 concentrate"},"content":{"rendered":"<p><strong>Typical Key Figures<\/strong><\/p>\n<table>\n<tbody>\n<tr>\n<td colspan=\"2\"><strong>Test Method<\/strong><\/td>\n<td colspan=\"2\"><strong>Results<\/strong><\/td>\n<td colspan=\"2\"><strong>\u00a0<\/strong><\/td>\n<\/tr>\n<tr>\n<td colspan=\"2\"><strong>Concentration<\/strong><\/td>\n<td colspan=\"2\"><strong>50\/50 <\/strong><\/td>\n<td colspan=\"2\"><strong>100<\/strong><\/td>\n<\/tr>\n<tr>\n<td colspan=\"6\">Shelf life: 96 months from the date of antifreeze pouring into the containers indicated on the label.<\/td>\n<\/tr>\n<tr>\n<td>Density 20\u00b0C, kg\/l<\/td>\n<td colspan=\"2\">ASTM D1122<\/td>\n<td colspan=\"2\">1,068<\/td>\n<td>1,113<\/td>\n<\/tr>\n<tr>\n<td>Freezing point, \u00b0C<\/td>\n<td colspan=\"2\">ASTM D3321<\/td>\n<td colspan=\"2\">&lt;-37<\/td>\n<td>No<\/td>\n<\/tr>\n<tr>\n<td>Boiling point, \u00b0C<\/td>\n<td colspan=\"2\">ASTM D1120<\/td>\n<td colspan=\"2\">108<\/td>\n<td>180<\/td>\n<\/tr>\n<tr>\n<td>\u0440\u041d at 20 \u00b0\u0421, NUOM<\/td>\n<td colspan=\"2\">ASTM D1287<\/td>\n<td colspan=\"2\">8,6<\/td>\n<td>8,7<\/td>\n<\/tr>\n<tr>\n<td>Alkalinity margin, ml 1,0 \u041d HCl<\/td>\n<td colspan=\"2\">ASTM D1121<\/td>\n<td colspan=\"2\">3,0<\/td>\n<td>6,0<\/td>\n<\/tr>\n<tr>\n<td colspan=\"6\"><strong>ASTM D1384.\u00a0 Corrosion of metals (corrosion in glass) (1)<\/strong><\/td>\n<\/tr>\n<tr>\n<td>Copper, weight loss, mg\/sample (2)<\/td>\n<td colspan=\"2\">ASTM D1384<\/td>\n<td colspan=\"2\">No<\/td>\n<td>2 (10) (3)<\/td>\n<\/tr>\n<tr>\n<td>Solder, weight loss, mg\/sample (2)<\/td>\n<td colspan=\"2\">ASTM D1384<\/td>\n<td colspan=\"2\">No<\/td>\n<td>0 (30) (3)<\/td>\n<\/tr>\n<tr>\n<td>Brass, weight loss, mg\/sample, (2)<\/td>\n<td colspan=\"2\">ASTM D1384<\/td>\n<td colspan=\"2\">No<\/td>\n<td>2 (10) (3)<\/td>\n<\/tr>\n<tr>\n<td>Steel, weight loss, mg\/sample (2)<\/td>\n<td colspan=\"2\">ASTM D1384<\/td>\n<td colspan=\"2\">No<\/td>\n<td>0 (10) (3)<\/td>\n<\/tr>\n<tr>\n<td>Cast iron, weight loss, mg\/sample (2)<\/td>\n<td colspan=\"2\">ASTM D1384<\/td>\n<td colspan=\"2\">No<\/td>\n<td>-2 (10) (3)<\/td>\n<\/tr>\n<tr>\n<td>Aluminium, weight loss, mg\/sample (2)<\/td>\n<td colspan=\"2\">ASTM D1384<\/td>\n<td colspan=\"2\">No<\/td>\n<td>5 (30) (3)<\/td>\n<\/tr>\n<tr>\n<td colspan=\"6\"><strong>ASTM D4340. <\/strong><strong>Corrosion on hot surface (4)<\/strong><\/td>\n<\/tr>\n<tr>\n<td>Aluminium, weight loss, mg\/cm2\/week (2)<\/td>\n<td colspan=\"2\">ASTM D4340<\/td>\n<td colspan=\"2\">No<\/td>\n<td>&lt;0,2 (1,0) (3)<\/td>\n<\/tr>\n<\/tbody>\n<\/table>\n<p><strong>Properties:<\/strong><br \/>\nColour: red<br \/>\nProduct type: Ready for use<br \/>\nCountry of origin: Estonia<br \/>\nFreezing point (\u00b0C): 50% in DI water: -36 \u00b0C<br \/>\nBoiling point (\u00b0C): 107 \u00b0C<br \/>\nDensity relative at 20 (\u00b0C) g\/cm3: 1,068 g \/ cm 3<br \/>\nRecommended storage temperature minimum: 0 C maximum: 30 C<br \/>\npH (ASTM D-1119): 8,7<br \/>\nShelf life 36 months.<br \/>\nCode Master EWS-100i2<\/p>\n<p>H302 &#8211; Harmful if swallowed<br \/>\nH373 &#8211; May cause damage to organs through prolonged or repeated exposure (if swallowed)<br \/>\nP102: Keep out of the reach of children<br \/>\nP260: Do not breathe dust \/ fume \/ gas \/ mist \/ vapors \/ spray.<br \/>\nP264: Wash thoroughly after handling<br \/>\nP301 + P312: IF SWALLOWED: Call a POISON CENTER \/ doctor if you feel unwell.<br \/>\nP330: Rinse mouth<br \/>\nP501: Dispose of contents \/ container to site for specific waste collection<br \/>\nDoes not damage rubber or plastic parts. Made by MasterChem.<br \/>\nCOMPOSITION: ethylene glycol, water, additives.<br \/>\nMANUFACTURER: MASTERCHEM O\u00dc, Reg.nr 10755076 LAO 4, Maardu 74114 Estonia www.masterchem.ee Tel. +372 55513600<\/p>\n<p>&nbsp;<\/p>\n<p><img loading=\"lazy\" decoding=\"async\" class=\"alignnone size-full wp-image-17204\" src=\"https:\/\/masterchem.ee\/wp-content\/uploads\/2022\/01\/exclamation_sign.jpg\" alt=\"\" width=\"176\" height=\"176\" \/> <img loading=\"lazy\" decoding=\"async\" class=\"alignnone size-medium wp-image-17208\" src=\"https:\/\/masterchem.ee\/wp-content\/uploads\/2022\/01\/hazard_sign.jpg\" alt=\"\" width=\"176\" height=\"176\" \/><\/p>\n<p>WARNING<br \/>\n5L \u2013 EAN 4742668002243<br \/>\n10L \u2013 EAN 4742668002250<br \/>\n25L \u2013 EAN 4742668002267<br \/>\n200L \u2013 EAN 4742668002274<br \/>\n1000L \u2013 EAN 4742668002281<\/p>\n","protected":false},"excerpt":{"rendered":"<p><strong>Trade name: Antifreeze MasterCoolant LONGLIFE concentrate red<\/strong><\/p>\n<p>Ready-to-use coolant for vehicles is intended for use in all types of modern cooling systems, as specified by the vehicle manufacturer. Protects the cooling system at temperatures above -36 \u00b0 Conforms to next standards:<\/p>\n<p>ASTM D3306, ASTM D4985, BS 6580 (2010), UNE 26361-88, NATO S759, Ford ESE M97B49-A, WSS-M97B44-D &amp; ESD M97 B49-A, G13, VW TL 774-F, GM 6277M, Mercedes MB 325.3, DAF 74002, DD93K217, MAN 324 Typ SNF, GMW 3420, Volvo VCS 418-000, Scania TI 2-98 0813 TB, Wartsila 32-9011<\/p>\n<p><strong>PRODUCT DILUTION AND BOIL OVER PROTECTION RECOMMENDATIONS FOR HAVOLINE XTENDED LIFE ANTIFREEZE\/COOLANT \u2013 CONCENTRATE<\/strong><\/p>\n<table>\n<tbody>\n<tr>\n<td>Freezing Protection, \u00b0F\/\u00b0C<br \/>\n40% 2:3 (2 parts antifreeze\/3 parts water)<br \/>\n50% 1:1 (1 part antifreeze\/1 part water)<br \/>\n60% 3:2 (3 parts antifreeze\/2 parts water)<\/td>\n<td><strong>\u00a0<\/strong><br \/>\n-12\/-24<br \/>\n-34\/-36<br \/>\n-62\/-52<\/td>\n<\/tr>\n<tr>\n<td>Boiling Protection, \u00b0F\/\u00b0C<br \/>\n(using a 15 lb pressure cap)<br \/>\n50% 1:1 (1 part antifreeze\/1 part water)<\/td>\n<td>&nbsp;<\/p>\n<p>&nbsp;<br \/>\n265\/129<\/td>\n<\/tr>\n<\/tbody>\n<\/table>\n<p>&nbsp;<\/p>\n<p><a class=\"pdf\" title=\"Antifreeze MasterCoolant LONGLIFE \u2013 36\u00b0C red TDS\" href=\"https:\/\/masterchem.ee\/wp-content\/uploads\/2022\/01\/Jahutusvedelik-punane-kontsetraat-MasterCoolant-Long-Life-TDS-EST-27.12.2021-sv.pdf\" target=\"_blank\" rel=\"noopener\">Product Specification (TDS)<\/a><\/p>\n","protected":false},"featured_media":10444,"template":"","meta":{"_monsterinsights_skip_tracking":false,"_monsterinsights_sitenote_active":false,"_monsterinsights_sitenote_note":"","_monsterinsights_sitenote_category":0},"product_brand":[],"product_cat":[167,65,169,88,170,92,95,107,110,113],"product_tag":[],"class_list":{"0":"post-10402","1":"product","2":"type-product","3":"status-publish","4":"has-post-thumbnail","6":"product_cat-all-goods","7":"product_cat-antifreeze","8":"product_cat-antifreezing-liquids","9":"product_cat-building-industry","10":"product_cat-car-and-machinery-chemicals","11":"product_cat-household-chemicals","12":"product_cat-metalworking-chemicals","13":"product_cat-road-painting","14":"product_cat-typography-chemicals","15":"product_cat-woodworking-chemicals","17":"first","18":"instock","19":"taxable","20":"shipping-taxable","21":"purchasable","22":"product-type-variable","23":"has-default-attributes"},"yoast_head":"<!-- This site is optimized with the Yoast SEO plugin v27.4 - https:\/\/yoast.com\/product\/yoast-seo-wordpress\/ -->\n<title>Antifreeze MasterCoolant LONGLIFE \u2013 concentrate<\/title>\n<meta name=\"description\" content=\"Antifreeze concentrate for vehicles is intended for use in all types of modern cooling systems, as specified by the vehicle manufacturer.\" \/>\n<meta name=\"robots\" content=\"index, follow, max-snippet:-1, max-image-preview:large, max-video-preview:-1\" \/>\n<link rel=\"canonical\" href=\"https:\/\/masterchem.lv\/en\/product\/antifreeze-mastercoolant-longlife-concentrate\/\" \/>\n<meta property=\"og:locale\" content=\"en_US\" \/>\n<meta property=\"og:type\" content=\"article\" \/>\n<meta property=\"og:title\" content=\"Antifreeze MasterCoolant LONGLIFE \u2013 concentrate\" \/>\n<meta property=\"og:description\" content=\"Antifreeze concentrate for vehicles is intended for use in all types of modern cooling systems, as specified by the vehicle manufacturer.\" \/>\n<meta property=\"og:url\" content=\"https:\/\/masterchem.lv\/en\/product\/antifreeze-mastercoolant-longlife-concentrate\/\" \/>\n<meta property=\"og:site_name\" content=\"\u0136\u012bmija r\u016bpniec\u012bbai &mdash; &Scaron;\u0137\u012bdin\u0101t\u0101ji un \u0137\u012bmisk\u0101s vielas &mdash; Masterchem.ee\" \/>\n<meta property=\"article:modified_time\" content=\"2023-04-27T09:10:00+00:00\" \/>\n<meta property=\"og:image\" content=\"https:\/\/masterchem.lv\/wp-content\/uploads\/2023\/03\/Jahutusvedelik-MasterCoolant-LONGLIFE-punane-5l-MaterChem-1-1.jpg\" \/>\n\t<meta property=\"og:image:width\" content=\"700\" \/>\n\t<meta property=\"og:image:height\" content=\"700\" \/>\n\t<meta property=\"og:image:type\" content=\"image\/jpeg\" \/>\n<meta name=\"twitter:card\" content=\"summary_large_image\" \/>\n<meta name=\"twitter:label1\" content=\"Est. reading time\" \/>\n\t<meta name=\"twitter:data1\" content=\"3 minutes\" \/>\n<script type=\"application\/ld+json\" class=\"yoast-schema-graph\">{\"@context\":\"https:\\\/\\\/schema.org\",\"@graph\":[{\"@type\":\"WebPage\",\"@id\":\"https:\\\/\\\/masterchem.lv\\\/en\\\/product\\\/antifreeze-mastercoolant-longlife-concentrate\\\/\",\"url\":\"https:\\\/\\\/masterchem.lv\\\/en\\\/product\\\/antifreeze-mastercoolant-longlife-concentrate\\\/\",\"name\":\"Antifreeze MasterCoolant LONGLIFE \u2013 concentrate\",\"isPartOf\":{\"@id\":\"https:\\\/\\\/masterchem.lv\\\/en\\\/#website\"},\"primaryImageOfPage\":{\"@id\":\"https:\\\/\\\/masterchem.lv\\\/en\\\/product\\\/antifreeze-mastercoolant-longlife-concentrate\\\/#primaryimage\"},\"image\":{\"@id\":\"https:\\\/\\\/masterchem.lv\\\/en\\\/product\\\/antifreeze-mastercoolant-longlife-concentrate\\\/#primaryimage\"},\"thumbnailUrl\":\"https:\\\/\\\/masterchem.lv\\\/wp-content\\\/uploads\\\/2023\\\/03\\\/Jahutusvedelik-MasterCoolant-LONGLIFE-punane-5l-MaterChem-1-1.jpg\",\"datePublished\":\"2023-03-08T08:05:36+00:00\",\"dateModified\":\"2023-04-27T09:10:00+00:00\",\"description\":\"Antifreeze concentrate for vehicles is intended for use in all types of modern cooling systems, as specified by the vehicle manufacturer.\",\"breadcrumb\":{\"@id\":\"https:\\\/\\\/masterchem.lv\\\/en\\\/product\\\/antifreeze-mastercoolant-longlife-concentrate\\\/#breadcrumb\"},\"inLanguage\":\"en-US\",\"potentialAction\":[{\"@type\":\"ReadAction\",\"target\":[\"https:\\\/\\\/masterchem.lv\\\/en\\\/product\\\/antifreeze-mastercoolant-longlife-concentrate\\\/\"]}]},{\"@type\":\"ImageObject\",\"inLanguage\":\"en-US\",\"@id\":\"https:\\\/\\\/masterchem.lv\\\/en\\\/product\\\/antifreeze-mastercoolant-longlife-concentrate\\\/#primaryimage\",\"url\":\"https:\\\/\\\/masterchem.lv\\\/wp-content\\\/uploads\\\/2023\\\/03\\\/Jahutusvedelik-MasterCoolant-LONGLIFE-punane-5l-MaterChem-1-1.jpg\",\"contentUrl\":\"https:\\\/\\\/masterchem.lv\\\/wp-content\\\/uploads\\\/2023\\\/03\\\/Jahutusvedelik-MasterCoolant-LONGLIFE-punane-5l-MaterChem-1-1.jpg\",\"width\":700,\"height\":700},{\"@type\":\"BreadcrumbList\",\"@id\":\"https:\\\/\\\/masterchem.lv\\\/en\\\/product\\\/antifreeze-mastercoolant-longlife-concentrate\\\/#breadcrumb\",\"itemListElement\":[{\"@type\":\"ListItem\",\"position\":1,\"name\":\"Home\",\"item\":\"https:\\\/\\\/masterchem.lv\\\/en\\\/\"},{\"@type\":\"ListItem\",\"position\":2,\"name\":\"Shop\",\"item\":\"https:\\\/\\\/masterchem.lv\\\/shop\\\/\"},{\"@type\":\"ListItem\",\"position\":3,\"name\":\"Antifreeze MasterCoolant LONGLIFE \u2013 concentrate\"}]},{\"@type\":\"WebSite\",\"@id\":\"https:\\\/\\\/masterchem.lv\\\/en\\\/#website\",\"url\":\"https:\\\/\\\/masterchem.lv\\\/en\\\/\",\"name\":\"\u0136\u012bmija r\u016bpniec\u012bbai &mdash; &Scaron;\u0137\u012bdin\u0101t\u0101ji un \u0137\u012bmisk\u0101s vielas &mdash; Masterchem.ee\",\"description\":\"\u0136\u012bmija r\u016bpniec\u012bbai&nbsp;&mdash; &scaron;\u0137\u012bdin\u0101t\u0101ji un \u0137\u012bmisk\u0101s vielas\",\"potentialAction\":[{\"@type\":\"SearchAction\",\"target\":{\"@type\":\"EntryPoint\",\"urlTemplate\":\"https:\\\/\\\/masterchem.lv\\\/en\\\/?s={search_term_string}\"},\"query-input\":{\"@type\":\"PropertyValueSpecification\",\"valueRequired\":true,\"valueName\":\"search_term_string\"}}],\"inLanguage\":\"en-US\"}]}<\/script>\n<!-- \/ Yoast SEO plugin. -->","yoast_head_json":{"title":"Antifreeze MasterCoolant LONGLIFE \u2013 concentrate","description":"Antifreeze concentrate for vehicles is intended for use in all types of modern cooling systems, as specified by the vehicle manufacturer.","robots":{"index":"index","follow":"follow","max-snippet":"max-snippet:-1","max-image-preview":"max-image-preview:large","max-video-preview":"max-video-preview:-1"},"canonical":"https:\/\/masterchem.lv\/en\/product\/antifreeze-mastercoolant-longlife-concentrate\/","og_locale":"en_US","og_type":"article","og_title":"Antifreeze MasterCoolant LONGLIFE \u2013 concentrate","og_description":"Antifreeze concentrate for vehicles is intended for use in all types of modern cooling systems, as specified by the vehicle manufacturer.","og_url":"https:\/\/masterchem.lv\/en\/product\/antifreeze-mastercoolant-longlife-concentrate\/","og_site_name":"\u0136\u012bmija r\u016bpniec\u012bbai &mdash; &Scaron;\u0137\u012bdin\u0101t\u0101ji un \u0137\u012bmisk\u0101s vielas &mdash; Masterchem.ee","article_modified_time":"2023-04-27T09:10:00+00:00","og_image":[{"width":700,"height":700,"url":"https:\/\/masterchem.lv\/wp-content\/uploads\/2023\/03\/Jahutusvedelik-MasterCoolant-LONGLIFE-punane-5l-MaterChem-1-1.jpg","type":"image\/jpeg"}],"twitter_card":"summary_large_image","twitter_misc":{"Est. reading time":"3 minutes"},"schema":{"@context":"https:\/\/schema.org","@graph":[{"@type":"WebPage","@id":"https:\/\/masterchem.lv\/en\/product\/antifreeze-mastercoolant-longlife-concentrate\/","url":"https:\/\/masterchem.lv\/en\/product\/antifreeze-mastercoolant-longlife-concentrate\/","name":"Antifreeze MasterCoolant LONGLIFE \u2013 concentrate","isPartOf":{"@id":"https:\/\/masterchem.lv\/en\/#website"},"primaryImageOfPage":{"@id":"https:\/\/masterchem.lv\/en\/product\/antifreeze-mastercoolant-longlife-concentrate\/#primaryimage"},"image":{"@id":"https:\/\/masterchem.lv\/en\/product\/antifreeze-mastercoolant-longlife-concentrate\/#primaryimage"},"thumbnailUrl":"https:\/\/masterchem.lv\/wp-content\/uploads\/2023\/03\/Jahutusvedelik-MasterCoolant-LONGLIFE-punane-5l-MaterChem-1-1.jpg","datePublished":"2023-03-08T08:05:36+00:00","dateModified":"2023-04-27T09:10:00+00:00","description":"Antifreeze concentrate for vehicles is intended for use in all types of modern cooling systems, as specified by the vehicle manufacturer.","breadcrumb":{"@id":"https:\/\/masterchem.lv\/en\/product\/antifreeze-mastercoolant-longlife-concentrate\/#breadcrumb"},"inLanguage":"en-US","potentialAction":[{"@type":"ReadAction","target":["https:\/\/masterchem.lv\/en\/product\/antifreeze-mastercoolant-longlife-concentrate\/"]}]},{"@type":"ImageObject","inLanguage":"en-US","@id":"https:\/\/masterchem.lv\/en\/product\/antifreeze-mastercoolant-longlife-concentrate\/#primaryimage","url":"https:\/\/masterchem.lv\/wp-content\/uploads\/2023\/03\/Jahutusvedelik-MasterCoolant-LONGLIFE-punane-5l-MaterChem-1-1.jpg","contentUrl":"https:\/\/masterchem.lv\/wp-content\/uploads\/2023\/03\/Jahutusvedelik-MasterCoolant-LONGLIFE-punane-5l-MaterChem-1-1.jpg","width":700,"height":700},{"@type":"BreadcrumbList","@id":"https:\/\/masterchem.lv\/en\/product\/antifreeze-mastercoolant-longlife-concentrate\/#breadcrumb","itemListElement":[{"@type":"ListItem","position":1,"name":"Home","item":"https:\/\/masterchem.lv\/en\/"},{"@type":"ListItem","position":2,"name":"Shop","item":"https:\/\/masterchem.lv\/shop\/"},{"@type":"ListItem","position":3,"name":"Antifreeze MasterCoolant LONGLIFE \u2013 concentrate"}]},{"@type":"WebSite","@id":"https:\/\/masterchem.lv\/en\/#website","url":"https:\/\/masterchem.lv\/en\/","name":"\u0136\u012bmija r\u016bpniec\u012bbai &mdash; &Scaron;\u0137\u012bdin\u0101t\u0101ji un \u0137\u012bmisk\u0101s vielas &mdash; Masterchem.ee","description":"\u0136\u012bmija r\u016bpniec\u012bbai&nbsp;&mdash; &scaron;\u0137\u012bdin\u0101t\u0101ji un \u0137\u012bmisk\u0101s vielas","potentialAction":[{"@type":"SearchAction","target":{"@type":"EntryPoint","urlTemplate":"https:\/\/masterchem.lv\/en\/?s={search_term_string}"},"query-input":{"@type":"PropertyValueSpecification","valueRequired":true,"valueName":"search_term_string"}}],"inLanguage":"en-US"}]}},"_links":{"self":[{"href":"https:\/\/masterchem.lv\/en\/wp-json\/wp\/v2\/product\/10402","targetHints":{"allow":["GET"]}}],"collection":[{"href":"https:\/\/masterchem.lv\/en\/wp-json\/wp\/v2\/product"}],"about":[{"href":"https:\/\/masterchem.lv\/en\/wp-json\/wp\/v2\/types\/product"}],"wp:featuredmedia":[{"embeddable":true,"href":"https:\/\/masterchem.lv\/en\/wp-json\/wp\/v2\/media\/10444"}],"wp:attachment":[{"href":"https:\/\/masterchem.lv\/en\/wp-json\/wp\/v2\/media?parent=10402"}],"wp:term":[{"taxonomy":"product_brand","embeddable":true,"href":"https:\/\/masterchem.lv\/en\/wp-json\/wp\/v2\/product_brand?post=10402"},{"taxonomy":"product_cat","embeddable":true,"href":"https:\/\/masterchem.lv\/en\/wp-json\/wp\/v2\/product_cat?post=10402"},{"taxonomy":"product_tag","embeddable":true,"href":"https:\/\/masterchem.lv\/en\/wp-json\/wp\/v2\/product_tag?post=10402"}],"curies":[{"name":"wp","href":"https:\/\/api.w.org\/{rel}","templated":true}]}}