{"id":10491,"date":"2023-03-08T08:05:59","date_gmt":"2023-03-08T08:05:59","guid":{"rendered":"https:\/\/masterchem.lv\/?post_type=product&#038;p=10491"},"modified":"2023-04-27T09:44:42","modified_gmt":"2023-04-27T09:44:42","slug":"potassium-iodide-cas-7681-11-0","status":"publish","type":"product","link":"https:\/\/masterchem.lv\/en\/product\/potassium-iodide-cas-7681-11-0\/","title":{"rendered":"Potassium Iodide (CAS 7681-11-0)"},"content":{"rendered":"<p><strong>Information<\/strong><\/p>\n<p>Industries: Pharmaceutical industry, Food industry<br \/>\nCAS number: 7681-11-0<br \/>\nWE number: 231-659-4<br \/>\nChemical formula: KI<br \/>\nMolar mass: 166,01 g\/mol<br \/>\nCustoms tariff code: 28276000<\/p>\n<p><strong>Other physical properties<\/strong><br \/>\npH: 7,0 -9,5 (5%)<br \/>\nMelting \/ freezing point: 681\u00b0C<br \/>\nBoiling point \/ range: 1323\u00b0C (101,3 kPa)<br \/>\nSolubility in water: ~1429 g\/l (25\u00b0C)<\/p>\n","protected":false},"excerpt":{"rendered":"<p><strong>Potassium Iodide (CAS 7681-11-0)<\/strong><\/p>\n<p>Potassium iodide is a chemical compound, medication, and dietary supplement. As a medication it is used to treat hyperthyroidism, in radiation emergencies, and to protect the thyroid gland when certain types of radiopharmaceuticals are used. In the developing world it is also used to treat skin sporotrichosis and phycomycosis. As a supplement it is used in those who have low intake of iodine in the diet. It is given by mouth.<\/p>\n<p>Common side effects include vomiting, diarrhea, abdominal pain, rash, and swelling of the salivary glands. Other side effects include allergic reactions, headache, goitre, and depression. While use during pregnancy may harm the baby, its use is still recommended in radiation emergencies. Potassium iodide has the chemical formula KI. Commercially it is made by mixing potassium hydroxide with iodine.<\/p>\n<p>Potassium iodide has been used medically since at least 1820. It is on the World Health Organization&#8217;s List of Essential Medicines. Potassium iodide is available as a generic medication and over the counter. Potassium iodide is also used for the iodization of salt.<\/p>\n","protected":false},"featured_media":10534,"template":"","meta":{"_monsterinsights_skip_tracking":false,"_monsterinsights_sitenote_active":false,"_monsterinsights_sitenote_note":"","_monsterinsights_sitenote_category":0},"product_brand":[],"product_cat":[167,78,101],"product_tag":[],"class_list":{"0":"post-10491","1":"product","2":"type-product","3":"status-publish","4":"has-post-thumbnail","6":"product_cat-all-goods","7":"product_cat-food-industry","8":"product_cat-pharmaceuticals","10":"first","11":"instock","12":"taxable","13":"shipping-taxable","14":"purchasable","15":"product-type-variable","16":"has-default-attributes"},"yoast_head":"<!-- This site is optimized with the Yoast SEO plugin v27.4 - https:\/\/yoast.com\/product\/yoast-seo-wordpress\/ -->\n<title>Potassium Iodide (CAS 7681-11-0) - \u0136\u012bmija r\u016bpniec\u012bbai &mdash; &Scaron;\u0137\u012bdin\u0101t\u0101ji un \u0137\u012bmisk\u0101s vielas &mdash; Masterchem.ee<\/title>\n<meta name=\"description\" content=\"Potassium iodide is a chemical compound, medication, and dietary supplement. As a medication it is used to treat hyperthyroidism, in radiation emergencies, and to protect the thyroid gland when certain types of radiopharmaceuticals are used.\" \/>\n<meta name=\"robots\" content=\"index, follow, max-snippet:-1, max-image-preview:large, max-video-preview:-1\" \/>\n<link rel=\"canonical\" href=\"https:\/\/masterchem.lv\/en\/product\/potassium-iodide-cas-7681-11-0\/\" \/>\n<meta property=\"og:locale\" content=\"en_US\" \/>\n<meta property=\"og:type\" content=\"article\" \/>\n<meta property=\"og:title\" content=\"Potassium Iodide (CAS 7681-11-0) - \u0136\u012bmija r\u016bpniec\u012bbai &mdash; &Scaron;\u0137\u012bdin\u0101t\u0101ji un \u0137\u012bmisk\u0101s vielas &mdash; Masterchem.ee\" \/>\n<meta property=\"og:description\" content=\"Potassium iodide is a chemical compound, medication, and dietary supplement. As a medication it is used to treat hyperthyroidism, in radiation emergencies, and to protect the thyroid gland when certain types of radiopharmaceuticals are used.\" \/>\n<meta property=\"og:url\" content=\"https:\/\/masterchem.lv\/en\/product\/potassium-iodide-cas-7681-11-0\/\" \/>\n<meta property=\"og:site_name\" content=\"\u0136\u012bmija r\u016bpniec\u012bbai &mdash; &Scaron;\u0137\u012bdin\u0101t\u0101ji un \u0137\u012bmisk\u0101s vielas &mdash; Masterchem.ee\" \/>\n<meta property=\"article:modified_time\" content=\"2023-04-27T09:44:42+00:00\" \/>\n<meta property=\"og:image\" content=\"https:\/\/masterchem.lv\/wp-content\/uploads\/2023\/03\/kaaliumjodiid-25kg-MasterChem-1.jpg\" \/>\n\t<meta property=\"og:image:width\" content=\"1000\" \/>\n\t<meta property=\"og:image:height\" content=\"1000\" \/>\n\t<meta property=\"og:image:type\" content=\"image\/jpeg\" \/>\n<meta name=\"twitter:card\" content=\"summary_large_image\" \/>\n<meta name=\"twitter:label1\" content=\"Est. reading time\" \/>\n\t<meta name=\"twitter:data1\" content=\"1 minute\" \/>\n<script type=\"application\/ld+json\" class=\"yoast-schema-graph\">{\"@context\":\"https:\\\/\\\/schema.org\",\"@graph\":[{\"@type\":\"WebPage\",\"@id\":\"https:\\\/\\\/masterchem.lv\\\/en\\\/product\\\/potassium-iodide-cas-7681-11-0\\\/\",\"url\":\"https:\\\/\\\/masterchem.lv\\\/en\\\/product\\\/potassium-iodide-cas-7681-11-0\\\/\",\"name\":\"Potassium Iodide (CAS 7681-11-0) - \u0136\u012bmija r\u016bpniec\u012bbai &mdash; &Scaron;\u0137\u012bdin\u0101t\u0101ji un \u0137\u012bmisk\u0101s vielas &mdash; Masterchem.ee\",\"isPartOf\":{\"@id\":\"https:\\\/\\\/masterchem.lv\\\/en\\\/#website\"},\"primaryImageOfPage\":{\"@id\":\"https:\\\/\\\/masterchem.lv\\\/en\\\/product\\\/potassium-iodide-cas-7681-11-0\\\/#primaryimage\"},\"image\":{\"@id\":\"https:\\\/\\\/masterchem.lv\\\/en\\\/product\\\/potassium-iodide-cas-7681-11-0\\\/#primaryimage\"},\"thumbnailUrl\":\"https:\\\/\\\/masterchem.lv\\\/wp-content\\\/uploads\\\/2023\\\/03\\\/kaaliumjodiid-25kg-MasterChem-1.jpg\",\"datePublished\":\"2023-03-08T08:05:59+00:00\",\"dateModified\":\"2023-04-27T09:44:42+00:00\",\"description\":\"Potassium iodide is a chemical compound, medication, and dietary supplement. As a medication it is used to treat hyperthyroidism, in radiation emergencies, and to protect the thyroid gland when certain types of radiopharmaceuticals are used.\",\"breadcrumb\":{\"@id\":\"https:\\\/\\\/masterchem.lv\\\/en\\\/product\\\/potassium-iodide-cas-7681-11-0\\\/#breadcrumb\"},\"inLanguage\":\"en-US\",\"potentialAction\":[{\"@type\":\"ReadAction\",\"target\":[\"https:\\\/\\\/masterchem.lv\\\/en\\\/product\\\/potassium-iodide-cas-7681-11-0\\\/\"]}]},{\"@type\":\"ImageObject\",\"inLanguage\":\"en-US\",\"@id\":\"https:\\\/\\\/masterchem.lv\\\/en\\\/product\\\/potassium-iodide-cas-7681-11-0\\\/#primaryimage\",\"url\":\"https:\\\/\\\/masterchem.lv\\\/wp-content\\\/uploads\\\/2023\\\/03\\\/kaaliumjodiid-25kg-MasterChem-1.jpg\",\"contentUrl\":\"https:\\\/\\\/masterchem.lv\\\/wp-content\\\/uploads\\\/2023\\\/03\\\/kaaliumjodiid-25kg-MasterChem-1.jpg\",\"width\":1000,\"height\":1000},{\"@type\":\"BreadcrumbList\",\"@id\":\"https:\\\/\\\/masterchem.lv\\\/en\\\/product\\\/potassium-iodide-cas-7681-11-0\\\/#breadcrumb\",\"itemListElement\":[{\"@type\":\"ListItem\",\"position\":1,\"name\":\"Home\",\"item\":\"https:\\\/\\\/masterchem.lv\\\/en\\\/\"},{\"@type\":\"ListItem\",\"position\":2,\"name\":\"Shop\",\"item\":\"https:\\\/\\\/masterchem.lv\\\/shop\\\/\"},{\"@type\":\"ListItem\",\"position\":3,\"name\":\"Potassium Iodide (CAS 7681-11-0)\"}]},{\"@type\":\"WebSite\",\"@id\":\"https:\\\/\\\/masterchem.lv\\\/en\\\/#website\",\"url\":\"https:\\\/\\\/masterchem.lv\\\/en\\\/\",\"name\":\"\u0136\u012bmija r\u016bpniec\u012bbai &mdash; &Scaron;\u0137\u012bdin\u0101t\u0101ji un \u0137\u012bmisk\u0101s vielas &mdash; Masterchem.ee\",\"description\":\"\u0136\u012bmija r\u016bpniec\u012bbai&nbsp;&mdash; &scaron;\u0137\u012bdin\u0101t\u0101ji un \u0137\u012bmisk\u0101s vielas\",\"potentialAction\":[{\"@type\":\"SearchAction\",\"target\":{\"@type\":\"EntryPoint\",\"urlTemplate\":\"https:\\\/\\\/masterchem.lv\\\/en\\\/?s={search_term_string}\"},\"query-input\":{\"@type\":\"PropertyValueSpecification\",\"valueRequired\":true,\"valueName\":\"search_term_string\"}}],\"inLanguage\":\"en-US\"}]}<\/script>\n<!-- \/ Yoast SEO plugin. -->","yoast_head_json":{"title":"Potassium Iodide (CAS 7681-11-0) - \u0136\u012bmija r\u016bpniec\u012bbai &mdash; &Scaron;\u0137\u012bdin\u0101t\u0101ji un \u0137\u012bmisk\u0101s vielas &mdash; Masterchem.ee","description":"Potassium iodide is a chemical compound, medication, and dietary supplement. As a medication it is used to treat hyperthyroidism, in radiation emergencies, and to protect the thyroid gland when certain types of radiopharmaceuticals are used.","robots":{"index":"index","follow":"follow","max-snippet":"max-snippet:-1","max-image-preview":"max-image-preview:large","max-video-preview":"max-video-preview:-1"},"canonical":"https:\/\/masterchem.lv\/en\/product\/potassium-iodide-cas-7681-11-0\/","og_locale":"en_US","og_type":"article","og_title":"Potassium Iodide (CAS 7681-11-0) - \u0136\u012bmija r\u016bpniec\u012bbai &mdash; &Scaron;\u0137\u012bdin\u0101t\u0101ji un \u0137\u012bmisk\u0101s vielas &mdash; Masterchem.ee","og_description":"Potassium iodide is a chemical compound, medication, and dietary supplement. As a medication it is used to treat hyperthyroidism, in radiation emergencies, and to protect the thyroid gland when certain types of radiopharmaceuticals are used.","og_url":"https:\/\/masterchem.lv\/en\/product\/potassium-iodide-cas-7681-11-0\/","og_site_name":"\u0136\u012bmija r\u016bpniec\u012bbai &mdash; &Scaron;\u0137\u012bdin\u0101t\u0101ji un \u0137\u012bmisk\u0101s vielas &mdash; Masterchem.ee","article_modified_time":"2023-04-27T09:44:42+00:00","og_image":[{"width":1000,"height":1000,"url":"https:\/\/masterchem.lv\/wp-content\/uploads\/2023\/03\/kaaliumjodiid-25kg-MasterChem-1.jpg","type":"image\/jpeg"}],"twitter_card":"summary_large_image","twitter_misc":{"Est. reading time":"1 minute"},"schema":{"@context":"https:\/\/schema.org","@graph":[{"@type":"WebPage","@id":"https:\/\/masterchem.lv\/en\/product\/potassium-iodide-cas-7681-11-0\/","url":"https:\/\/masterchem.lv\/en\/product\/potassium-iodide-cas-7681-11-0\/","name":"Potassium Iodide (CAS 7681-11-0) - \u0136\u012bmija r\u016bpniec\u012bbai &mdash; &Scaron;\u0137\u012bdin\u0101t\u0101ji un \u0137\u012bmisk\u0101s vielas &mdash; Masterchem.ee","isPartOf":{"@id":"https:\/\/masterchem.lv\/en\/#website"},"primaryImageOfPage":{"@id":"https:\/\/masterchem.lv\/en\/product\/potassium-iodide-cas-7681-11-0\/#primaryimage"},"image":{"@id":"https:\/\/masterchem.lv\/en\/product\/potassium-iodide-cas-7681-11-0\/#primaryimage"},"thumbnailUrl":"https:\/\/masterchem.lv\/wp-content\/uploads\/2023\/03\/kaaliumjodiid-25kg-MasterChem-1.jpg","datePublished":"2023-03-08T08:05:59+00:00","dateModified":"2023-04-27T09:44:42+00:00","description":"Potassium iodide is a chemical compound, medication, and dietary supplement. As a medication it is used to treat hyperthyroidism, in radiation emergencies, and to protect the thyroid gland when certain types of radiopharmaceuticals are used.","breadcrumb":{"@id":"https:\/\/masterchem.lv\/en\/product\/potassium-iodide-cas-7681-11-0\/#breadcrumb"},"inLanguage":"en-US","potentialAction":[{"@type":"ReadAction","target":["https:\/\/masterchem.lv\/en\/product\/potassium-iodide-cas-7681-11-0\/"]}]},{"@type":"ImageObject","inLanguage":"en-US","@id":"https:\/\/masterchem.lv\/en\/product\/potassium-iodide-cas-7681-11-0\/#primaryimage","url":"https:\/\/masterchem.lv\/wp-content\/uploads\/2023\/03\/kaaliumjodiid-25kg-MasterChem-1.jpg","contentUrl":"https:\/\/masterchem.lv\/wp-content\/uploads\/2023\/03\/kaaliumjodiid-25kg-MasterChem-1.jpg","width":1000,"height":1000},{"@type":"BreadcrumbList","@id":"https:\/\/masterchem.lv\/en\/product\/potassium-iodide-cas-7681-11-0\/#breadcrumb","itemListElement":[{"@type":"ListItem","position":1,"name":"Home","item":"https:\/\/masterchem.lv\/en\/"},{"@type":"ListItem","position":2,"name":"Shop","item":"https:\/\/masterchem.lv\/shop\/"},{"@type":"ListItem","position":3,"name":"Potassium Iodide (CAS 7681-11-0)"}]},{"@type":"WebSite","@id":"https:\/\/masterchem.lv\/en\/#website","url":"https:\/\/masterchem.lv\/en\/","name":"\u0136\u012bmija r\u016bpniec\u012bbai &mdash; &Scaron;\u0137\u012bdin\u0101t\u0101ji un \u0137\u012bmisk\u0101s vielas &mdash; Masterchem.ee","description":"\u0136\u012bmija r\u016bpniec\u012bbai&nbsp;&mdash; &scaron;\u0137\u012bdin\u0101t\u0101ji un \u0137\u012bmisk\u0101s vielas","potentialAction":[{"@type":"SearchAction","target":{"@type":"EntryPoint","urlTemplate":"https:\/\/masterchem.lv\/en\/?s={search_term_string}"},"query-input":{"@type":"PropertyValueSpecification","valueRequired":true,"valueName":"search_term_string"}}],"inLanguage":"en-US"}]}},"_links":{"self":[{"href":"https:\/\/masterchem.lv\/en\/wp-json\/wp\/v2\/product\/10491","targetHints":{"allow":["GET"]}}],"collection":[{"href":"https:\/\/masterchem.lv\/en\/wp-json\/wp\/v2\/product"}],"about":[{"href":"https:\/\/masterchem.lv\/en\/wp-json\/wp\/v2\/types\/product"}],"wp:featuredmedia":[{"embeddable":true,"href":"https:\/\/masterchem.lv\/en\/wp-json\/wp\/v2\/media\/10534"}],"wp:attachment":[{"href":"https:\/\/masterchem.lv\/en\/wp-json\/wp\/v2\/media?parent=10491"}],"wp:term":[{"taxonomy":"product_brand","embeddable":true,"href":"https:\/\/masterchem.lv\/en\/wp-json\/wp\/v2\/product_brand?post=10491"},{"taxonomy":"product_cat","embeddable":true,"href":"https:\/\/masterchem.lv\/en\/wp-json\/wp\/v2\/product_cat?post=10491"},{"taxonomy":"product_tag","embeddable":true,"href":"https:\/\/masterchem.lv\/en\/wp-json\/wp\/v2\/product_tag?post=10491"}],"curies":[{"name":"wp","href":"https:\/\/api.w.org\/{rel}","templated":true}]}}