{"id":11122,"date":"2023-03-08T08:09:04","date_gmt":"2023-03-08T08:09:04","guid":{"rendered":"https:\/\/masterchem.lv\/?post_type=product&#038;p=11122"},"modified":"2026-03-27T10:19:39","modified_gmt":"2026-03-27T10:19:39","slug":"monoethylene-glycol-cas-107-21-1","status":"publish","type":"product","link":"https:\/\/masterchem.lv\/en\/product\/monoethylene-glycol-cas-107-21-1\/","title":{"rendered":"Monoethylene glycol (CAS 107-21-1)"},"content":{"rendered":"<p><strong>Uses of monoethylene<\/strong><\/p>\n<p>Use as intermediate, Additive, technological aid, in mixtures. Used in coatings and paints, cleaning agents, used as a lubricant, functional fluid, heat transfer fluid and hydraulic fluid, de-icing and anti-icing agent and more.<\/p>\n<p>health hazard skin irritation Classification of monoethylene:<br \/>\nWarning<br \/>\nH302 Harmful if swallowed<br \/>\nH373 May damage organs through prolonged or repeated exposure<\/p>\n<p><strong>Storage and transport conditions<\/strong><br \/>\nMonoethylene glycol concentrate should be stored in closed original packaging in dry, unheated ventilated rooms. Expiry date &#8211; 60 months from the date of manufacture. The material can be transported in vehicles covered by any means of transport in accordance with the rules for the carriage of goods for this type of transport.<\/p>\n","protected":false},"excerpt":{"rendered":"<p>Monoethylene glycol is mainly used to make polyester, polyester resin, thinner, plasticizer, surfactant, synthetic fiber, cosmetics and explosives.<\/p>\n<p>Monoethylene glycol can also be used as a paint\/ink solvent, engine antifreeze, dehydrating agent. In addition, ethylene glycol can be used to make synthetic resin PET, fiber grade PET (polyfiber) and mineral water bottle chip grade PET.<\/p>\n<p>Monoethylene glycol It can also be used to make hydramine resin, surfactant, oxalaldehyde and explosive. Furthermore, ethylene glycol can be used as an antifreeze.<\/p>\n<p><a target=\"_blank\" href=\"https:\/\/masterchem.ee\/wp-content\/uploads\/2018\/02\/Monoetuleenglukool-TDS-Masterchem.pdf\" class=\"pdf\" alt=\"Ethylene glycol TDS\" title=\"Monoethylene glycol TDS\" rel=\"noopener\">Monoethylene glycol (TDS)<br \/>\n<\/a><\/p>\n","protected":false},"featured_media":6750,"template":"","meta":{"_monsterinsights_skip_tracking":false,"_monsterinsights_sitenote_active":false,"_monsterinsights_sitenote_note":"","_monsterinsights_sitenote_category":0},"product_brand":[],"product_cat":[167,65,169,88,170,70,76,92],"product_tag":[],"class_list":{"0":"post-11122","1":"product","2":"type-product","3":"status-publish","4":"has-post-thumbnail","6":"product_cat-all-goods","7":"product_cat-antifreeze","8":"product_cat-antifreezing-liquids","9":"product_cat-building-industry","10":"product_cat-car-and-machinery-chemicals","11":"product_cat-cosmetic-industry","12":"product_cat-fertilizers","13":"product_cat-household-chemicals","15":"first","16":"instock","17":"taxable","18":"shipping-taxable","19":"purchasable","20":"product-type-variable","21":"has-default-attributes"},"yoast_head":"<!-- This site is optimized with the Yoast SEO plugin v27.3 - https:\/\/yoast.com\/product\/yoast-seo-wordpress\/ -->\n<title>Monoethylene glycol (CAS 107-21-1) - \u0136\u012bmija r\u016bpniec\u012bbai &mdash; &Scaron;\u0137\u012bdin\u0101t\u0101ji un \u0137\u012bmisk\u0101s vielas &mdash; Masterchem.ee<\/title>\n<meta name=\"description\" content=\"Monoethylene glycol (ethylene glycol) is also known as &quot;ethylene glycol&quot;, &quot;1, 2-ethyldiol&quot;. The formula is CH2OH, 2, which is the simplest diol.\" \/>\n<meta name=\"robots\" content=\"index, follow, max-snippet:-1, max-image-preview:large, max-video-preview:-1\" \/>\n<link rel=\"canonical\" href=\"https:\/\/masterchem.lv\/en\/product\/monoethylene-glycol-cas-107-21-1\/\" \/>\n<meta property=\"og:locale\" content=\"en_US\" \/>\n<meta property=\"og:type\" content=\"article\" \/>\n<meta property=\"og:title\" content=\"Monoethylene glycol (CAS 107-21-1) - \u0136\u012bmija r\u016bpniec\u012bbai &mdash; &Scaron;\u0137\u012bdin\u0101t\u0101ji un \u0137\u012bmisk\u0101s vielas &mdash; Masterchem.ee\" \/>\n<meta property=\"og:description\" content=\"Monoethylene glycol (ethylene glycol) is also known as &quot;ethylene glycol&quot;, &quot;1, 2-ethyldiol&quot;. The formula is CH2OH, 2, which is the simplest diol.\" \/>\n<meta property=\"og:url\" content=\"https:\/\/masterchem.lv\/en\/product\/monoethylene-glycol-cas-107-21-1\/\" \/>\n<meta property=\"og:site_name\" content=\"\u0136\u012bmija r\u016bpniec\u012bbai &mdash; &Scaron;\u0137\u012bdin\u0101t\u0101ji un \u0137\u012bmisk\u0101s vielas &mdash; Masterchem.ee\" \/>\n<meta property=\"article:modified_time\" content=\"2026-03-27T10:19:39+00:00\" \/>\n<meta property=\"og:image\" content=\"https:\/\/masterchem.lv\/wp-content\/uploads\/2023\/03\/MONOETHYLENE-GLYCOL-1000l-MasterChem-1.jpg\" \/>\n\t<meta property=\"og:image:width\" content=\"1000\" \/>\n\t<meta property=\"og:image:height\" content=\"1000\" \/>\n\t<meta property=\"og:image:type\" content=\"image\/jpeg\" \/>\n<meta name=\"twitter:card\" content=\"summary_large_image\" \/>\n<meta name=\"twitter:label1\" content=\"Est. reading time\" \/>\n\t<meta name=\"twitter:data1\" content=\"1 minute\" \/>\n<script type=\"application\/ld+json\" class=\"yoast-schema-graph\">{\"@context\":\"https:\\\/\\\/schema.org\",\"@graph\":[{\"@type\":\"WebPage\",\"@id\":\"https:\\\/\\\/masterchem.lv\\\/en\\\/product\\\/monoethylene-glycol-cas-107-21-1\\\/\",\"url\":\"https:\\\/\\\/masterchem.lv\\\/en\\\/product\\\/monoethylene-glycol-cas-107-21-1\\\/\",\"name\":\"Monoethylene glycol (CAS 107-21-1) - \u0136\u012bmija r\u016bpniec\u012bbai &mdash; &Scaron;\u0137\u012bdin\u0101t\u0101ji un \u0137\u012bmisk\u0101s vielas &mdash; Masterchem.ee\",\"isPartOf\":{\"@id\":\"https:\\\/\\\/masterchem.lv\\\/en\\\/#website\"},\"primaryImageOfPage\":{\"@id\":\"https:\\\/\\\/masterchem.lv\\\/en\\\/product\\\/monoethylene-glycol-cas-107-21-1\\\/#primaryimage\"},\"image\":{\"@id\":\"https:\\\/\\\/masterchem.lv\\\/en\\\/product\\\/monoethylene-glycol-cas-107-21-1\\\/#primaryimage\"},\"thumbnailUrl\":\"https:\\\/\\\/masterchem.lv\\\/wp-content\\\/uploads\\\/2023\\\/03\\\/MONOETHYLENE-GLYCOL-1000l-MasterChem-1.jpg\",\"datePublished\":\"2023-03-08T08:09:04+00:00\",\"dateModified\":\"2026-03-27T10:19:39+00:00\",\"description\":\"Monoethylene glycol (ethylene glycol) is also known as \\\"ethylene glycol\\\", \\\"1, 2-ethyldiol\\\". The formula is CH2OH, 2, which is the simplest diol.\",\"breadcrumb\":{\"@id\":\"https:\\\/\\\/masterchem.lv\\\/en\\\/product\\\/monoethylene-glycol-cas-107-21-1\\\/#breadcrumb\"},\"inLanguage\":\"en-US\",\"potentialAction\":[{\"@type\":\"ReadAction\",\"target\":[\"https:\\\/\\\/masterchem.lv\\\/en\\\/product\\\/monoethylene-glycol-cas-107-21-1\\\/\"]}]},{\"@type\":\"ImageObject\",\"inLanguage\":\"en-US\",\"@id\":\"https:\\\/\\\/masterchem.lv\\\/en\\\/product\\\/monoethylene-glycol-cas-107-21-1\\\/#primaryimage\",\"url\":\"https:\\\/\\\/masterchem.lv\\\/wp-content\\\/uploads\\\/2023\\\/03\\\/MONOETHYLENE-GLYCOL-1000l-MasterChem-1.jpg\",\"contentUrl\":\"https:\\\/\\\/masterchem.lv\\\/wp-content\\\/uploads\\\/2023\\\/03\\\/MONOETHYLENE-GLYCOL-1000l-MasterChem-1.jpg\",\"width\":1000,\"height\":1000},{\"@type\":\"BreadcrumbList\",\"@id\":\"https:\\\/\\\/masterchem.lv\\\/en\\\/product\\\/monoethylene-glycol-cas-107-21-1\\\/#breadcrumb\",\"itemListElement\":[{\"@type\":\"ListItem\",\"position\":1,\"name\":\"Home\",\"item\":\"https:\\\/\\\/masterchem.lv\\\/en\\\/\"},{\"@type\":\"ListItem\",\"position\":2,\"name\":\"Shop\",\"item\":\"https:\\\/\\\/masterchem.lv\\\/shop\\\/\"},{\"@type\":\"ListItem\",\"position\":3,\"name\":\"Monoethylene glycol (CAS 107-21-1)\"}]},{\"@type\":\"WebSite\",\"@id\":\"https:\\\/\\\/masterchem.lv\\\/en\\\/#website\",\"url\":\"https:\\\/\\\/masterchem.lv\\\/en\\\/\",\"name\":\"\u0136\u012bmija r\u016bpniec\u012bbai &mdash; &Scaron;\u0137\u012bdin\u0101t\u0101ji un \u0137\u012bmisk\u0101s vielas &mdash; Masterchem.ee\",\"description\":\"\u0136\u012bmija r\u016bpniec\u012bbai&nbsp;&mdash; &scaron;\u0137\u012bdin\u0101t\u0101ji un \u0137\u012bmisk\u0101s vielas\",\"potentialAction\":[{\"@type\":\"SearchAction\",\"target\":{\"@type\":\"EntryPoint\",\"urlTemplate\":\"https:\\\/\\\/masterchem.lv\\\/en\\\/?s={search_term_string}\"},\"query-input\":{\"@type\":\"PropertyValueSpecification\",\"valueRequired\":true,\"valueName\":\"search_term_string\"}}],\"inLanguage\":\"en-US\"}]}<\/script>\n<!-- \/ Yoast SEO plugin. -->","yoast_head_json":{"title":"Monoethylene glycol (CAS 107-21-1) - \u0136\u012bmija r\u016bpniec\u012bbai &mdash; &Scaron;\u0137\u012bdin\u0101t\u0101ji un \u0137\u012bmisk\u0101s vielas &mdash; Masterchem.ee","description":"Monoethylene glycol (ethylene glycol) is also known as \"ethylene glycol\", \"1, 2-ethyldiol\". The formula is CH2OH, 2, which is the simplest diol.","robots":{"index":"index","follow":"follow","max-snippet":"max-snippet:-1","max-image-preview":"max-image-preview:large","max-video-preview":"max-video-preview:-1"},"canonical":"https:\/\/masterchem.lv\/en\/product\/monoethylene-glycol-cas-107-21-1\/","og_locale":"en_US","og_type":"article","og_title":"Monoethylene glycol (CAS 107-21-1) - \u0136\u012bmija r\u016bpniec\u012bbai &mdash; &Scaron;\u0137\u012bdin\u0101t\u0101ji un \u0137\u012bmisk\u0101s vielas &mdash; Masterchem.ee","og_description":"Monoethylene glycol (ethylene glycol) is also known as \"ethylene glycol\", \"1, 2-ethyldiol\". The formula is CH2OH, 2, which is the simplest diol.","og_url":"https:\/\/masterchem.lv\/en\/product\/monoethylene-glycol-cas-107-21-1\/","og_site_name":"\u0136\u012bmija r\u016bpniec\u012bbai &mdash; &Scaron;\u0137\u012bdin\u0101t\u0101ji un \u0137\u012bmisk\u0101s vielas &mdash; Masterchem.ee","article_modified_time":"2026-03-27T10:19:39+00:00","og_image":[{"width":1000,"height":1000,"url":"https:\/\/masterchem.lv\/wp-content\/uploads\/2023\/03\/MONOETHYLENE-GLYCOL-1000l-MasterChem-1.jpg","type":"image\/jpeg"}],"twitter_card":"summary_large_image","twitter_misc":{"Est. reading time":"1 minute"},"schema":{"@context":"https:\/\/schema.org","@graph":[{"@type":"WebPage","@id":"https:\/\/masterchem.lv\/en\/product\/monoethylene-glycol-cas-107-21-1\/","url":"https:\/\/masterchem.lv\/en\/product\/monoethylene-glycol-cas-107-21-1\/","name":"Monoethylene glycol (CAS 107-21-1) - \u0136\u012bmija r\u016bpniec\u012bbai &mdash; &Scaron;\u0137\u012bdin\u0101t\u0101ji un \u0137\u012bmisk\u0101s vielas &mdash; Masterchem.ee","isPartOf":{"@id":"https:\/\/masterchem.lv\/en\/#website"},"primaryImageOfPage":{"@id":"https:\/\/masterchem.lv\/en\/product\/monoethylene-glycol-cas-107-21-1\/#primaryimage"},"image":{"@id":"https:\/\/masterchem.lv\/en\/product\/monoethylene-glycol-cas-107-21-1\/#primaryimage"},"thumbnailUrl":"https:\/\/masterchem.lv\/wp-content\/uploads\/2023\/03\/MONOETHYLENE-GLYCOL-1000l-MasterChem-1.jpg","datePublished":"2023-03-08T08:09:04+00:00","dateModified":"2026-03-27T10:19:39+00:00","description":"Monoethylene glycol (ethylene glycol) is also known as \"ethylene glycol\", \"1, 2-ethyldiol\". The formula is CH2OH, 2, which is the simplest diol.","breadcrumb":{"@id":"https:\/\/masterchem.lv\/en\/product\/monoethylene-glycol-cas-107-21-1\/#breadcrumb"},"inLanguage":"en-US","potentialAction":[{"@type":"ReadAction","target":["https:\/\/masterchem.lv\/en\/product\/monoethylene-glycol-cas-107-21-1\/"]}]},{"@type":"ImageObject","inLanguage":"en-US","@id":"https:\/\/masterchem.lv\/en\/product\/monoethylene-glycol-cas-107-21-1\/#primaryimage","url":"https:\/\/masterchem.lv\/wp-content\/uploads\/2023\/03\/MONOETHYLENE-GLYCOL-1000l-MasterChem-1.jpg","contentUrl":"https:\/\/masterchem.lv\/wp-content\/uploads\/2023\/03\/MONOETHYLENE-GLYCOL-1000l-MasterChem-1.jpg","width":1000,"height":1000},{"@type":"BreadcrumbList","@id":"https:\/\/masterchem.lv\/en\/product\/monoethylene-glycol-cas-107-21-1\/#breadcrumb","itemListElement":[{"@type":"ListItem","position":1,"name":"Home","item":"https:\/\/masterchem.lv\/en\/"},{"@type":"ListItem","position":2,"name":"Shop","item":"https:\/\/masterchem.lv\/shop\/"},{"@type":"ListItem","position":3,"name":"Monoethylene glycol (CAS 107-21-1)"}]},{"@type":"WebSite","@id":"https:\/\/masterchem.lv\/en\/#website","url":"https:\/\/masterchem.lv\/en\/","name":"\u0136\u012bmija r\u016bpniec\u012bbai &mdash; &Scaron;\u0137\u012bdin\u0101t\u0101ji un \u0137\u012bmisk\u0101s vielas &mdash; Masterchem.ee","description":"\u0136\u012bmija r\u016bpniec\u012bbai&nbsp;&mdash; &scaron;\u0137\u012bdin\u0101t\u0101ji un \u0137\u012bmisk\u0101s vielas","potentialAction":[{"@type":"SearchAction","target":{"@type":"EntryPoint","urlTemplate":"https:\/\/masterchem.lv\/en\/?s={search_term_string}"},"query-input":{"@type":"PropertyValueSpecification","valueRequired":true,"valueName":"search_term_string"}}],"inLanguage":"en-US"}]}},"_links":{"self":[{"href":"https:\/\/masterchem.lv\/en\/wp-json\/wp\/v2\/product\/11122","targetHints":{"allow":["GET"]}}],"collection":[{"href":"https:\/\/masterchem.lv\/en\/wp-json\/wp\/v2\/product"}],"about":[{"href":"https:\/\/masterchem.lv\/en\/wp-json\/wp\/v2\/types\/product"}],"wp:featuredmedia":[{"embeddable":true,"href":"https:\/\/masterchem.lv\/en\/wp-json\/wp\/v2\/media\/6750"}],"wp:attachment":[{"href":"https:\/\/masterchem.lv\/en\/wp-json\/wp\/v2\/media?parent=11122"}],"wp:term":[{"taxonomy":"product_brand","embeddable":true,"href":"https:\/\/masterchem.lv\/en\/wp-json\/wp\/v2\/product_brand?post=11122"},{"taxonomy":"product_cat","embeddable":true,"href":"https:\/\/masterchem.lv\/en\/wp-json\/wp\/v2\/product_cat?post=11122"},{"taxonomy":"product_tag","embeddable":true,"href":"https:\/\/masterchem.lv\/en\/wp-json\/wp\/v2\/product_tag?post=11122"}],"curies":[{"name":"wp","href":"https:\/\/api.w.org\/{rel}","templated":true}]}}