{"id":11174,"date":"2023-03-08T08:09:27","date_gmt":"2023-03-08T08:09:27","guid":{"rendered":"https:\/\/masterchem.lv\/?post_type=product&#038;p=11174"},"modified":"2023-05-02T07:59:02","modified_gmt":"2023-05-02T07:59:02","slug":"mastercoolant-eco-40c-ecological-heat-carrier-coolant","status":"publish","type":"product","link":"https:\/\/masterchem.lv\/en\/product\/mastercoolant-eco-40c-ecological-heat-carrier-coolant\/","title":{"rendered":"MasterCoolant ECO -40\u00b0C ecological heat carrier (coolant)"},"content":{"rendered":"<p><strong>Trade name: MasterCoolant ECO -40\u00b0C<\/strong><\/p>\n<p><strong>FEATURES:<\/strong><\/p>\n<ul>\n<li>Contains a balanced set of corrosion inhibitors to protect steel, iron, copper, brass, duraluminium;<\/li>\n<li>Does not contain phosphates, nitrites, amines;<\/li>\n<li>Do not freeze at temperatures down to -40\u02daC;<\/li>\n<li>Protects equipment against corrosion;<\/li>\n<li>Do not damage sealings;<\/li>\n<li>The boiling point is +124\u02daC;<\/li>\n<\/ul>\n<p>TERMS OF USE: The coolant is not subject to dilution, since contains a balanced package of additives. The coolant is poured into the heating system and heating system is used according to instructions.<\/p>\n","protected":false},"excerpt":{"rendered":"<p>Environmentally friendly coolant for heating systems, contains no harmful to human body ethylene glycol. Made on the basis of non-toxic propylene glycol, and therefore particularly suitable for heating of houses and apartments. Not for use in heating systems with aluminium radiators. MasterCoolant ECO -40\u00b0C contains propylene glycol, especially demineralized water, corrosion additives, antifoam agents, stabilizing additives and package of high quality, multifunctional additives. <\/p>\n","protected":false},"featured_media":11157,"template":"","meta":{"_monsterinsights_skip_tracking":false,"_monsterinsights_sitenote_active":false,"_monsterinsights_sitenote_note":"","_monsterinsights_sitenote_category":0},"product_brand":[],"product_cat":[167,65,169,88,170,92,95,107,110,113],"product_tag":[],"class_list":{"0":"post-11174","1":"product","2":"type-product","3":"status-publish","4":"has-post-thumbnail","6":"product_cat-all-goods","7":"product_cat-antifreeze","8":"product_cat-antifreezing-liquids","9":"product_cat-building-industry","10":"product_cat-car-and-machinery-chemicals","11":"product_cat-household-chemicals","12":"product_cat-metalworking-chemicals","13":"product_cat-road-painting","14":"product_cat-typography-chemicals","15":"product_cat-woodworking-chemicals","17":"first","18":"instock","19":"taxable","20":"shipping-taxable","21":"purchasable","22":"product-type-variable","23":"has-default-attributes"},"yoast_head":"<!-- This site is optimized with the Yoast SEO plugin v27.3 - https:\/\/yoast.com\/product\/yoast-seo-wordpress\/ -->\n<title>MasterCoolant ECO -40\u00b0C ecological heat carrier (coolant)<\/title>\n<meta name=\"description\" content=\"MasterCoolant ECO -40\u00b0C - environmentally friendly coolant for heating systems, contains no harmful to human body ethylene glycol.\" \/>\n<meta name=\"robots\" content=\"index, follow, max-snippet:-1, max-image-preview:large, max-video-preview:-1\" \/>\n<link rel=\"canonical\" href=\"https:\/\/masterchem.lv\/en\/product\/mastercoolant-eco-40c-ecological-heat-carrier-coolant\/\" \/>\n<meta property=\"og:locale\" content=\"en_US\" \/>\n<meta property=\"og:type\" content=\"article\" \/>\n<meta property=\"og:title\" content=\"MasterCoolant ECO -40\u00b0C ecological heat carrier (coolant)\" \/>\n<meta property=\"og:description\" content=\"MasterCoolant ECO -40\u00b0C - environmentally friendly coolant for heating systems, contains no harmful to human body ethylene glycol.\" \/>\n<meta property=\"og:url\" content=\"https:\/\/masterchem.lv\/en\/product\/mastercoolant-eco-40c-ecological-heat-carrier-coolant\/\" \/>\n<meta property=\"og:site_name\" content=\"\u0136\u012bmija r\u016bpniec\u012bbai &mdash; &Scaron;\u0137\u012bdin\u0101t\u0101ji un \u0137\u012bmisk\u0101s vielas &mdash; Masterchem.ee\" \/>\n<meta property=\"article:modified_time\" content=\"2023-05-02T07:59:02+00:00\" \/>\n<meta property=\"og:image\" content=\"https:\/\/masterchem.lv\/wp-content\/uploads\/2023\/03\/MasterCoolant-ECO-kuttesusteemide-soojuskandja-1000l-MasterChem-1.jpg\" \/>\n\t<meta property=\"og:image:width\" content=\"1941\" \/>\n\t<meta property=\"og:image:height\" content=\"2019\" \/>\n\t<meta property=\"og:image:type\" content=\"image\/jpeg\" \/>\n<meta name=\"twitter:card\" content=\"summary_large_image\" \/>\n<meta name=\"twitter:label1\" content=\"Est. reading time\" \/>\n\t<meta name=\"twitter:data1\" content=\"1 minute\" \/>\n<script type=\"application\/ld+json\" class=\"yoast-schema-graph\">{\"@context\":\"https:\\\/\\\/schema.org\",\"@graph\":[{\"@type\":\"WebPage\",\"@id\":\"https:\\\/\\\/masterchem.lv\\\/en\\\/product\\\/mastercoolant-eco-40c-ecological-heat-carrier-coolant\\\/\",\"url\":\"https:\\\/\\\/masterchem.lv\\\/en\\\/product\\\/mastercoolant-eco-40c-ecological-heat-carrier-coolant\\\/\",\"name\":\"MasterCoolant ECO -40\u00b0C ecological heat carrier (coolant)\",\"isPartOf\":{\"@id\":\"https:\\\/\\\/masterchem.lv\\\/en\\\/#website\"},\"primaryImageOfPage\":{\"@id\":\"https:\\\/\\\/masterchem.lv\\\/en\\\/product\\\/mastercoolant-eco-40c-ecological-heat-carrier-coolant\\\/#primaryimage\"},\"image\":{\"@id\":\"https:\\\/\\\/masterchem.lv\\\/en\\\/product\\\/mastercoolant-eco-40c-ecological-heat-carrier-coolant\\\/#primaryimage\"},\"thumbnailUrl\":\"https:\\\/\\\/masterchem.lv\\\/wp-content\\\/uploads\\\/2023\\\/03\\\/MasterCoolant-ECO-kuttesusteemide-soojuskandja-1000l-MasterChem-1.jpg\",\"datePublished\":\"2023-03-08T08:09:27+00:00\",\"dateModified\":\"2023-05-02T07:59:02+00:00\",\"description\":\"MasterCoolant ECO -40\u00b0C - environmentally friendly coolant for heating systems, contains no harmful to human body ethylene glycol.\",\"breadcrumb\":{\"@id\":\"https:\\\/\\\/masterchem.lv\\\/en\\\/product\\\/mastercoolant-eco-40c-ecological-heat-carrier-coolant\\\/#breadcrumb\"},\"inLanguage\":\"en-US\",\"potentialAction\":[{\"@type\":\"ReadAction\",\"target\":[\"https:\\\/\\\/masterchem.lv\\\/en\\\/product\\\/mastercoolant-eco-40c-ecological-heat-carrier-coolant\\\/\"]}]},{\"@type\":\"ImageObject\",\"inLanguage\":\"en-US\",\"@id\":\"https:\\\/\\\/masterchem.lv\\\/en\\\/product\\\/mastercoolant-eco-40c-ecological-heat-carrier-coolant\\\/#primaryimage\",\"url\":\"https:\\\/\\\/masterchem.lv\\\/wp-content\\\/uploads\\\/2023\\\/03\\\/MasterCoolant-ECO-kuttesusteemide-soojuskandja-1000l-MasterChem-1.jpg\",\"contentUrl\":\"https:\\\/\\\/masterchem.lv\\\/wp-content\\\/uploads\\\/2023\\\/03\\\/MasterCoolant-ECO-kuttesusteemide-soojuskandja-1000l-MasterChem-1.jpg\",\"width\":1941,\"height\":2019},{\"@type\":\"BreadcrumbList\",\"@id\":\"https:\\\/\\\/masterchem.lv\\\/en\\\/product\\\/mastercoolant-eco-40c-ecological-heat-carrier-coolant\\\/#breadcrumb\",\"itemListElement\":[{\"@type\":\"ListItem\",\"position\":1,\"name\":\"Home\",\"item\":\"https:\\\/\\\/masterchem.lv\\\/en\\\/\"},{\"@type\":\"ListItem\",\"position\":2,\"name\":\"Shop\",\"item\":\"https:\\\/\\\/masterchem.lv\\\/shop\\\/\"},{\"@type\":\"ListItem\",\"position\":3,\"name\":\"MasterCoolant ECO -40\u00b0C ecological heat carrier (coolant)\"}]},{\"@type\":\"WebSite\",\"@id\":\"https:\\\/\\\/masterchem.lv\\\/en\\\/#website\",\"url\":\"https:\\\/\\\/masterchem.lv\\\/en\\\/\",\"name\":\"\u0136\u012bmija r\u016bpniec\u012bbai &mdash; &Scaron;\u0137\u012bdin\u0101t\u0101ji un \u0137\u012bmisk\u0101s vielas &mdash; Masterchem.ee\",\"description\":\"\u0136\u012bmija r\u016bpniec\u012bbai&nbsp;&mdash; &scaron;\u0137\u012bdin\u0101t\u0101ji un \u0137\u012bmisk\u0101s vielas\",\"potentialAction\":[{\"@type\":\"SearchAction\",\"target\":{\"@type\":\"EntryPoint\",\"urlTemplate\":\"https:\\\/\\\/masterchem.lv\\\/en\\\/?s={search_term_string}\"},\"query-input\":{\"@type\":\"PropertyValueSpecification\",\"valueRequired\":true,\"valueName\":\"search_term_string\"}}],\"inLanguage\":\"en-US\"}]}<\/script>\n<!-- \/ Yoast SEO plugin. -->","yoast_head_json":{"title":"MasterCoolant ECO -40\u00b0C ecological heat carrier (coolant)","description":"MasterCoolant ECO -40\u00b0C - environmentally friendly coolant for heating systems, contains no harmful to human body ethylene glycol.","robots":{"index":"index","follow":"follow","max-snippet":"max-snippet:-1","max-image-preview":"max-image-preview:large","max-video-preview":"max-video-preview:-1"},"canonical":"https:\/\/masterchem.lv\/en\/product\/mastercoolant-eco-40c-ecological-heat-carrier-coolant\/","og_locale":"en_US","og_type":"article","og_title":"MasterCoolant ECO -40\u00b0C ecological heat carrier (coolant)","og_description":"MasterCoolant ECO -40\u00b0C - environmentally friendly coolant for heating systems, contains no harmful to human body ethylene glycol.","og_url":"https:\/\/masterchem.lv\/en\/product\/mastercoolant-eco-40c-ecological-heat-carrier-coolant\/","og_site_name":"\u0136\u012bmija r\u016bpniec\u012bbai &mdash; &Scaron;\u0137\u012bdin\u0101t\u0101ji un \u0137\u012bmisk\u0101s vielas &mdash; Masterchem.ee","article_modified_time":"2023-05-02T07:59:02+00:00","og_image":[{"width":1941,"height":2019,"url":"https:\/\/masterchem.lv\/wp-content\/uploads\/2023\/03\/MasterCoolant-ECO-kuttesusteemide-soojuskandja-1000l-MasterChem-1.jpg","type":"image\/jpeg"}],"twitter_card":"summary_large_image","twitter_misc":{"Est. reading time":"1 minute"},"schema":{"@context":"https:\/\/schema.org","@graph":[{"@type":"WebPage","@id":"https:\/\/masterchem.lv\/en\/product\/mastercoolant-eco-40c-ecological-heat-carrier-coolant\/","url":"https:\/\/masterchem.lv\/en\/product\/mastercoolant-eco-40c-ecological-heat-carrier-coolant\/","name":"MasterCoolant ECO -40\u00b0C ecological heat carrier (coolant)","isPartOf":{"@id":"https:\/\/masterchem.lv\/en\/#website"},"primaryImageOfPage":{"@id":"https:\/\/masterchem.lv\/en\/product\/mastercoolant-eco-40c-ecological-heat-carrier-coolant\/#primaryimage"},"image":{"@id":"https:\/\/masterchem.lv\/en\/product\/mastercoolant-eco-40c-ecological-heat-carrier-coolant\/#primaryimage"},"thumbnailUrl":"https:\/\/masterchem.lv\/wp-content\/uploads\/2023\/03\/MasterCoolant-ECO-kuttesusteemide-soojuskandja-1000l-MasterChem-1.jpg","datePublished":"2023-03-08T08:09:27+00:00","dateModified":"2023-05-02T07:59:02+00:00","description":"MasterCoolant ECO -40\u00b0C - environmentally friendly coolant for heating systems, contains no harmful to human body ethylene glycol.","breadcrumb":{"@id":"https:\/\/masterchem.lv\/en\/product\/mastercoolant-eco-40c-ecological-heat-carrier-coolant\/#breadcrumb"},"inLanguage":"en-US","potentialAction":[{"@type":"ReadAction","target":["https:\/\/masterchem.lv\/en\/product\/mastercoolant-eco-40c-ecological-heat-carrier-coolant\/"]}]},{"@type":"ImageObject","inLanguage":"en-US","@id":"https:\/\/masterchem.lv\/en\/product\/mastercoolant-eco-40c-ecological-heat-carrier-coolant\/#primaryimage","url":"https:\/\/masterchem.lv\/wp-content\/uploads\/2023\/03\/MasterCoolant-ECO-kuttesusteemide-soojuskandja-1000l-MasterChem-1.jpg","contentUrl":"https:\/\/masterchem.lv\/wp-content\/uploads\/2023\/03\/MasterCoolant-ECO-kuttesusteemide-soojuskandja-1000l-MasterChem-1.jpg","width":1941,"height":2019},{"@type":"BreadcrumbList","@id":"https:\/\/masterchem.lv\/en\/product\/mastercoolant-eco-40c-ecological-heat-carrier-coolant\/#breadcrumb","itemListElement":[{"@type":"ListItem","position":1,"name":"Home","item":"https:\/\/masterchem.lv\/en\/"},{"@type":"ListItem","position":2,"name":"Shop","item":"https:\/\/masterchem.lv\/shop\/"},{"@type":"ListItem","position":3,"name":"MasterCoolant ECO -40\u00b0C ecological heat carrier (coolant)"}]},{"@type":"WebSite","@id":"https:\/\/masterchem.lv\/en\/#website","url":"https:\/\/masterchem.lv\/en\/","name":"\u0136\u012bmija r\u016bpniec\u012bbai &mdash; &Scaron;\u0137\u012bdin\u0101t\u0101ji un \u0137\u012bmisk\u0101s vielas &mdash; Masterchem.ee","description":"\u0136\u012bmija r\u016bpniec\u012bbai&nbsp;&mdash; &scaron;\u0137\u012bdin\u0101t\u0101ji un \u0137\u012bmisk\u0101s vielas","potentialAction":[{"@type":"SearchAction","target":{"@type":"EntryPoint","urlTemplate":"https:\/\/masterchem.lv\/en\/?s={search_term_string}"},"query-input":{"@type":"PropertyValueSpecification","valueRequired":true,"valueName":"search_term_string"}}],"inLanguage":"en-US"}]}},"_links":{"self":[{"href":"https:\/\/masterchem.lv\/en\/wp-json\/wp\/v2\/product\/11174","targetHints":{"allow":["GET"]}}],"collection":[{"href":"https:\/\/masterchem.lv\/en\/wp-json\/wp\/v2\/product"}],"about":[{"href":"https:\/\/masterchem.lv\/en\/wp-json\/wp\/v2\/types\/product"}],"wp:featuredmedia":[{"embeddable":true,"href":"https:\/\/masterchem.lv\/en\/wp-json\/wp\/v2\/media\/11157"}],"wp:attachment":[{"href":"https:\/\/masterchem.lv\/en\/wp-json\/wp\/v2\/media?parent=11174"}],"wp:term":[{"taxonomy":"product_brand","embeddable":true,"href":"https:\/\/masterchem.lv\/en\/wp-json\/wp\/v2\/product_brand?post=11174"},{"taxonomy":"product_cat","embeddable":true,"href":"https:\/\/masterchem.lv\/en\/wp-json\/wp\/v2\/product_cat?post=11174"},{"taxonomy":"product_tag","embeddable":true,"href":"https:\/\/masterchem.lv\/en\/wp-json\/wp\/v2\/product_tag?post=11174"}],"curies":[{"name":"wp","href":"https:\/\/api.w.org\/{rel}","templated":true}]}}