{"id":14823,"date":"2023-08-21T17:56:33","date_gmt":"2023-08-21T17:56:33","guid":{"rendered":"https:\/\/masterchem.lv\/?post_type=product&#038;p=14823"},"modified":"2023-08-21T18:01:11","modified_gmt":"2023-08-21T18:01:11","slug":"gardric-seed-oil","status":"publish","type":"product","link":"https:\/\/masterchem.lv\/en\/product\/gardric-seed-oil\/","title":{"rendered":"Gardric seed oil"},"content":{"rendered":"<p><strong>Gardric seed oil<\/strong><br \/>\nIndustries: Cosmetic industry<br \/>\nComposition: Oils, fats, waxes<\/p>\n","protected":false},"excerpt":{"rendered":"<p><strong>Gardric seed oil<\/strong><\/p>\n<p><strong>Characteristics<\/strong><br \/>\nGarlic essential oil is a product of steam distillation of fresh garlic cloves. The finished liquid is colorless, may have a slightly yellowish tint, burning in taste.<\/p>\n<p><strong>Beneficial features<\/strong><br \/>\nGarlic essential oil has many health benefits. The main ones are:<\/p>\n<p>Bactericidal.<br \/>\nAntiviral.<br \/>\nHypotonic.<br \/>\nAnticholesterol.<br \/>\nAntitussive.<br \/>\nHypothermic.<br \/>\nAnthelmintic.<br \/>\nImmunomodulating.<\/p>\n<p>The corresponding product favorably affects the condition of the genitourinary system. Helps eliminate cystitis, inflammatory, infectious processes in the structures of the urogenital tract.<\/p>\n<p><strong>Application<\/strong><br \/>\nThe scope of garlic essential oil directly depends on its basic characteristics. It is used in the food industry to impart a characteristic aroma and flavor to prepared meals.<\/p>\n<p>In perfumery, the product is not used because of the sharp and unpleasant aroma for many.<\/p>\n<p>In cosmetology, garlic essential oil is occasionally used to care for oily skin. It is able to regulate the fat content of the body cover, affects the activity of the sebaceous glands. Effectively copes with acne and inflammatory skin diseases.<\/p>\n","protected":false},"featured_media":14832,"template":"","meta":{"_monsterinsights_skip_tracking":false,"_monsterinsights_sitenote_active":false,"_monsterinsights_sitenote_note":"","_monsterinsights_sitenote_category":0},"product_brand":[],"product_cat":[167,70],"product_tag":[],"class_list":{"0":"post-14823","1":"product","2":"type-product","3":"status-publish","4":"has-post-thumbnail","6":"product_cat-all-goods","7":"product_cat-cosmetic-industry","9":"first","10":"instock","11":"taxable","12":"shipping-taxable","13":"purchasable","14":"product-type-variable","15":"has-default-attributes"},"yoast_head":"<!-- This site is optimized with the Yoast SEO plugin v27.4 - https:\/\/yoast.com\/product\/yoast-seo-wordpress\/ -->\n<title>Gardric seed oil - \u0136\u012bmija r\u016bpniec\u012bbai &mdash; &Scaron;\u0137\u012bdin\u0101t\u0101ji un \u0137\u012bmisk\u0101s vielas &mdash; Masterchem.ee<\/title>\n<meta name=\"description\" content=\"Garlic essential oil is a product of steam distillation of fresh garlic cloves. The finished liquid is colorless, may have a slightly yellowish tint, burning in taste.\" \/>\n<meta name=\"robots\" content=\"index, follow, max-snippet:-1, max-image-preview:large, max-video-preview:-1\" \/>\n<link rel=\"canonical\" href=\"https:\/\/masterchem.lv\/en\/product\/gardric-seed-oil\/\" \/>\n<meta property=\"og:locale\" content=\"en_US\" \/>\n<meta property=\"og:type\" content=\"article\" \/>\n<meta property=\"og:title\" content=\"Gardric seed oil - \u0136\u012bmija r\u016bpniec\u012bbai &mdash; &Scaron;\u0137\u012bdin\u0101t\u0101ji un \u0137\u012bmisk\u0101s vielas &mdash; Masterchem.ee\" \/>\n<meta property=\"og:description\" content=\"Garlic essential oil is a product of steam distillation of fresh garlic cloves. The finished liquid is colorless, may have a slightly yellowish tint, burning in taste.\" \/>\n<meta property=\"og:url\" content=\"https:\/\/masterchem.lv\/en\/product\/gardric-seed-oil\/\" \/>\n<meta property=\"og:site_name\" content=\"\u0136\u012bmija r\u016bpniec\u012bbai &mdash; &Scaron;\u0137\u012bdin\u0101t\u0101ji un \u0137\u012bmisk\u0101s vielas &mdash; Masterchem.ee\" \/>\n<meta property=\"article:modified_time\" content=\"2023-08-21T18:01:11+00:00\" \/>\n<meta property=\"og:image\" content=\"https:\/\/masterchem.lv\/wp-content\/uploads\/2023\/08\/Gardric-seemneoli-20l-MaterChem.jpg\" \/>\n\t<meta property=\"og:image:width\" content=\"700\" \/>\n\t<meta property=\"og:image:height\" content=\"700\" \/>\n\t<meta property=\"og:image:type\" content=\"image\/jpeg\" \/>\n<meta name=\"twitter:card\" content=\"summary_large_image\" \/>\n<meta name=\"twitter:label1\" content=\"Est. reading time\" \/>\n\t<meta name=\"twitter:data1\" content=\"1 minute\" \/>\n<script type=\"application\/ld+json\" class=\"yoast-schema-graph\">{\"@context\":\"https:\\\/\\\/schema.org\",\"@graph\":[{\"@type\":\"WebPage\",\"@id\":\"https:\\\/\\\/masterchem.lv\\\/en\\\/product\\\/gardric-seed-oil\\\/\",\"url\":\"https:\\\/\\\/masterchem.lv\\\/en\\\/product\\\/gardric-seed-oil\\\/\",\"name\":\"Gardric seed oil - \u0136\u012bmija r\u016bpniec\u012bbai &mdash; &Scaron;\u0137\u012bdin\u0101t\u0101ji un \u0137\u012bmisk\u0101s vielas &mdash; Masterchem.ee\",\"isPartOf\":{\"@id\":\"https:\\\/\\\/masterchem.lv\\\/en\\\/#website\"},\"primaryImageOfPage\":{\"@id\":\"https:\\\/\\\/masterchem.lv\\\/en\\\/product\\\/gardric-seed-oil\\\/#primaryimage\"},\"image\":{\"@id\":\"https:\\\/\\\/masterchem.lv\\\/en\\\/product\\\/gardric-seed-oil\\\/#primaryimage\"},\"thumbnailUrl\":\"https:\\\/\\\/masterchem.lv\\\/wp-content\\\/uploads\\\/2023\\\/08\\\/Gardric-seemneoli-20l-MaterChem.jpg\",\"datePublished\":\"2023-08-21T17:56:33+00:00\",\"dateModified\":\"2023-08-21T18:01:11+00:00\",\"description\":\"Garlic essential oil is a product of steam distillation of fresh garlic cloves. The finished liquid is colorless, may have a slightly yellowish tint, burning in taste.\",\"breadcrumb\":{\"@id\":\"https:\\\/\\\/masterchem.lv\\\/en\\\/product\\\/gardric-seed-oil\\\/#breadcrumb\"},\"inLanguage\":\"en-US\",\"potentialAction\":[{\"@type\":\"ReadAction\",\"target\":[\"https:\\\/\\\/masterchem.lv\\\/en\\\/product\\\/gardric-seed-oil\\\/\"]}]},{\"@type\":\"ImageObject\",\"inLanguage\":\"en-US\",\"@id\":\"https:\\\/\\\/masterchem.lv\\\/en\\\/product\\\/gardric-seed-oil\\\/#primaryimage\",\"url\":\"https:\\\/\\\/masterchem.lv\\\/wp-content\\\/uploads\\\/2023\\\/08\\\/Gardric-seemneoli-20l-MaterChem.jpg\",\"contentUrl\":\"https:\\\/\\\/masterchem.lv\\\/wp-content\\\/uploads\\\/2023\\\/08\\\/Gardric-seemneoli-20l-MaterChem.jpg\",\"width\":700,\"height\":700},{\"@type\":\"BreadcrumbList\",\"@id\":\"https:\\\/\\\/masterchem.lv\\\/en\\\/product\\\/gardric-seed-oil\\\/#breadcrumb\",\"itemListElement\":[{\"@type\":\"ListItem\",\"position\":1,\"name\":\"Home\",\"item\":\"https:\\\/\\\/masterchem.lv\\\/en\\\/\"},{\"@type\":\"ListItem\",\"position\":2,\"name\":\"Shop\",\"item\":\"https:\\\/\\\/masterchem.lv\\\/shop\\\/\"},{\"@type\":\"ListItem\",\"position\":3,\"name\":\"Gardric seed oil\"}]},{\"@type\":\"WebSite\",\"@id\":\"https:\\\/\\\/masterchem.lv\\\/en\\\/#website\",\"url\":\"https:\\\/\\\/masterchem.lv\\\/en\\\/\",\"name\":\"\u0136\u012bmija r\u016bpniec\u012bbai &mdash; &Scaron;\u0137\u012bdin\u0101t\u0101ji un \u0137\u012bmisk\u0101s vielas &mdash; Masterchem.ee\",\"description\":\"\u0136\u012bmija r\u016bpniec\u012bbai&nbsp;&mdash; &scaron;\u0137\u012bdin\u0101t\u0101ji un \u0137\u012bmisk\u0101s vielas\",\"potentialAction\":[{\"@type\":\"SearchAction\",\"target\":{\"@type\":\"EntryPoint\",\"urlTemplate\":\"https:\\\/\\\/masterchem.lv\\\/en\\\/?s={search_term_string}\"},\"query-input\":{\"@type\":\"PropertyValueSpecification\",\"valueRequired\":true,\"valueName\":\"search_term_string\"}}],\"inLanguage\":\"en-US\"}]}<\/script>\n<!-- \/ Yoast SEO plugin. -->","yoast_head_json":{"title":"Gardric seed oil - \u0136\u012bmija r\u016bpniec\u012bbai &mdash; &Scaron;\u0137\u012bdin\u0101t\u0101ji un \u0137\u012bmisk\u0101s vielas &mdash; Masterchem.ee","description":"Garlic essential oil is a product of steam distillation of fresh garlic cloves. The finished liquid is colorless, may have a slightly yellowish tint, burning in taste.","robots":{"index":"index","follow":"follow","max-snippet":"max-snippet:-1","max-image-preview":"max-image-preview:large","max-video-preview":"max-video-preview:-1"},"canonical":"https:\/\/masterchem.lv\/en\/product\/gardric-seed-oil\/","og_locale":"en_US","og_type":"article","og_title":"Gardric seed oil - \u0136\u012bmija r\u016bpniec\u012bbai &mdash; &Scaron;\u0137\u012bdin\u0101t\u0101ji un \u0137\u012bmisk\u0101s vielas &mdash; Masterchem.ee","og_description":"Garlic essential oil is a product of steam distillation of fresh garlic cloves. The finished liquid is colorless, may have a slightly yellowish tint, burning in taste.","og_url":"https:\/\/masterchem.lv\/en\/product\/gardric-seed-oil\/","og_site_name":"\u0136\u012bmija r\u016bpniec\u012bbai &mdash; &Scaron;\u0137\u012bdin\u0101t\u0101ji un \u0137\u012bmisk\u0101s vielas &mdash; Masterchem.ee","article_modified_time":"2023-08-21T18:01:11+00:00","og_image":[{"width":700,"height":700,"url":"https:\/\/masterchem.lv\/wp-content\/uploads\/2023\/08\/Gardric-seemneoli-20l-MaterChem.jpg","type":"image\/jpeg"}],"twitter_card":"summary_large_image","twitter_misc":{"Est. reading time":"1 minute"},"schema":{"@context":"https:\/\/schema.org","@graph":[{"@type":"WebPage","@id":"https:\/\/masterchem.lv\/en\/product\/gardric-seed-oil\/","url":"https:\/\/masterchem.lv\/en\/product\/gardric-seed-oil\/","name":"Gardric seed oil - \u0136\u012bmija r\u016bpniec\u012bbai &mdash; &Scaron;\u0137\u012bdin\u0101t\u0101ji un \u0137\u012bmisk\u0101s vielas &mdash; Masterchem.ee","isPartOf":{"@id":"https:\/\/masterchem.lv\/en\/#website"},"primaryImageOfPage":{"@id":"https:\/\/masterchem.lv\/en\/product\/gardric-seed-oil\/#primaryimage"},"image":{"@id":"https:\/\/masterchem.lv\/en\/product\/gardric-seed-oil\/#primaryimage"},"thumbnailUrl":"https:\/\/masterchem.lv\/wp-content\/uploads\/2023\/08\/Gardric-seemneoli-20l-MaterChem.jpg","datePublished":"2023-08-21T17:56:33+00:00","dateModified":"2023-08-21T18:01:11+00:00","description":"Garlic essential oil is a product of steam distillation of fresh garlic cloves. The finished liquid is colorless, may have a slightly yellowish tint, burning in taste.","breadcrumb":{"@id":"https:\/\/masterchem.lv\/en\/product\/gardric-seed-oil\/#breadcrumb"},"inLanguage":"en-US","potentialAction":[{"@type":"ReadAction","target":["https:\/\/masterchem.lv\/en\/product\/gardric-seed-oil\/"]}]},{"@type":"ImageObject","inLanguage":"en-US","@id":"https:\/\/masterchem.lv\/en\/product\/gardric-seed-oil\/#primaryimage","url":"https:\/\/masterchem.lv\/wp-content\/uploads\/2023\/08\/Gardric-seemneoli-20l-MaterChem.jpg","contentUrl":"https:\/\/masterchem.lv\/wp-content\/uploads\/2023\/08\/Gardric-seemneoli-20l-MaterChem.jpg","width":700,"height":700},{"@type":"BreadcrumbList","@id":"https:\/\/masterchem.lv\/en\/product\/gardric-seed-oil\/#breadcrumb","itemListElement":[{"@type":"ListItem","position":1,"name":"Home","item":"https:\/\/masterchem.lv\/en\/"},{"@type":"ListItem","position":2,"name":"Shop","item":"https:\/\/masterchem.lv\/shop\/"},{"@type":"ListItem","position":3,"name":"Gardric seed oil"}]},{"@type":"WebSite","@id":"https:\/\/masterchem.lv\/en\/#website","url":"https:\/\/masterchem.lv\/en\/","name":"\u0136\u012bmija r\u016bpniec\u012bbai &mdash; &Scaron;\u0137\u012bdin\u0101t\u0101ji un \u0137\u012bmisk\u0101s vielas &mdash; Masterchem.ee","description":"\u0136\u012bmija r\u016bpniec\u012bbai&nbsp;&mdash; &scaron;\u0137\u012bdin\u0101t\u0101ji un \u0137\u012bmisk\u0101s vielas","potentialAction":[{"@type":"SearchAction","target":{"@type":"EntryPoint","urlTemplate":"https:\/\/masterchem.lv\/en\/?s={search_term_string}"},"query-input":{"@type":"PropertyValueSpecification","valueRequired":true,"valueName":"search_term_string"}}],"inLanguage":"en-US"}]}},"_links":{"self":[{"href":"https:\/\/masterchem.lv\/en\/wp-json\/wp\/v2\/product\/14823","targetHints":{"allow":["GET"]}}],"collection":[{"href":"https:\/\/masterchem.lv\/en\/wp-json\/wp\/v2\/product"}],"about":[{"href":"https:\/\/masterchem.lv\/en\/wp-json\/wp\/v2\/types\/product"}],"wp:featuredmedia":[{"embeddable":true,"href":"https:\/\/masterchem.lv\/en\/wp-json\/wp\/v2\/media\/14832"}],"wp:attachment":[{"href":"https:\/\/masterchem.lv\/en\/wp-json\/wp\/v2\/media?parent=14823"}],"wp:term":[{"taxonomy":"product_brand","embeddable":true,"href":"https:\/\/masterchem.lv\/en\/wp-json\/wp\/v2\/product_brand?post=14823"},{"taxonomy":"product_cat","embeddable":true,"href":"https:\/\/masterchem.lv\/en\/wp-json\/wp\/v2\/product_cat?post=14823"},{"taxonomy":"product_tag","embeddable":true,"href":"https:\/\/masterchem.lv\/en\/wp-json\/wp\/v2\/product_tag?post=14823"}],"curies":[{"name":"wp","href":"https:\/\/api.w.org\/{rel}","templated":true}]}}