{"id":14839,"date":"2023-08-23T17:54:45","date_gmt":"2023-08-23T17:54:45","guid":{"rendered":"https:\/\/masterchem.lv\/?post_type=product&#038;p=14839"},"modified":"2023-08-23T17:58:47","modified_gmt":"2023-08-23T17:58:47","slug":"sodium-bisulhite-cas-7631-90-5","status":"publish","type":"product","link":"https:\/\/masterchem.lv\/en\/product\/sodium-bisulhite-cas-7631-90-5\/","title":{"rendered":"Sodium bisulhite (CAS 7631-90-5)"},"content":{"rendered":"<p><strong>Sodium bisulhite solution<\/strong><br \/>\nIndustries: Adhesives, oils, greases, Food industry<br \/>\nCAS number: 7631-90-5<br \/>\nWE number: 231-548-0<br \/>\nChemical formula: NaHSO3<br \/>\nMolar mass: 104,06 g\/mol<br \/>\nCustoms tariff code: 28321000<br \/>\n<strong>Other physical properties<\/strong><br \/>\npH: >4<br \/>\nMelting \/ freezing point: 5\u00b0C<br \/>\nBoiling point \/ range: 146\u00b0C<br \/>\nRelative density: 1,35 g\/cm3<br \/>\nSolubility in water: 540 g\/l<\/p>\n","protected":false},"excerpt":{"rendered":"<p><strong>Sodium bisulhite (CAS 7631-90-5)<\/strong><\/p>\n<p>Sodium bisulfite solution is a variously colored liquid at room temperature. It is used in waste water treatment, in the pulp and paper industry, in the photographic industry and in various other industries as a bleach or dechlorinator. It can also be used to treat flue gases to remove sulfur trioxide (SO3).<\/p>\n","protected":false},"featured_media":14881,"template":"","meta":{"_monsterinsights_skip_tracking":false,"_monsterinsights_sitenote_active":false,"_monsterinsights_sitenote_note":"","_monsterinsights_sitenote_category":0},"product_brand":[],"product_cat":[167,78],"product_tag":[],"class_list":{"0":"post-14839","1":"product","2":"type-product","3":"status-publish","4":"has-post-thumbnail","6":"product_cat-all-goods","7":"product_cat-food-industry","9":"first","10":"instock","11":"taxable","12":"shipping-taxable","13":"purchasable","14":"product-type-variable","15":"has-default-attributes"},"yoast_head":"<!-- This site is optimized with the Yoast SEO plugin v27.4 - https:\/\/yoast.com\/product\/yoast-seo-wordpress\/ -->\n<title>Sodium bisulhite (CAS 7631-90-5) - \u0136\u012bmija r\u016bpniec\u012bbai &mdash; &Scaron;\u0137\u012bdin\u0101t\u0101ji un \u0137\u012bmisk\u0101s vielas &mdash; Masterchem.ee<\/title>\n<meta name=\"description\" content=\"Sodium bisulfite solution is a variously colored liquid at room temperature. It is used in waste water treatment, in the pulp and paper industry\" \/>\n<meta name=\"robots\" content=\"index, follow, max-snippet:-1, max-image-preview:large, max-video-preview:-1\" \/>\n<link rel=\"canonical\" href=\"https:\/\/masterchem.lv\/en\/product\/sodium-bisulhite-cas-7631-90-5\/\" \/>\n<meta property=\"og:locale\" content=\"en_US\" \/>\n<meta property=\"og:type\" content=\"article\" \/>\n<meta property=\"og:title\" content=\"Sodium bisulhite (CAS 7631-90-5) - \u0136\u012bmija r\u016bpniec\u012bbai &mdash; &Scaron;\u0137\u012bdin\u0101t\u0101ji un \u0137\u012bmisk\u0101s vielas &mdash; Masterchem.ee\" \/>\n<meta property=\"og:description\" content=\"Sodium bisulfite solution is a variously colored liquid at room temperature. It is used in waste water treatment, in the pulp and paper industry\" \/>\n<meta property=\"og:url\" content=\"https:\/\/masterchem.lv\/en\/product\/sodium-bisulhite-cas-7631-90-5\/\" \/>\n<meta property=\"og:site_name\" content=\"\u0136\u012bmija r\u016bpniec\u012bbai &mdash; &Scaron;\u0137\u012bdin\u0101t\u0101ji un \u0137\u012bmisk\u0101s vielas &mdash; Masterchem.ee\" \/>\n<meta property=\"article:modified_time\" content=\"2023-08-23T17:58:47+00:00\" \/>\n<meta property=\"og:image\" content=\"https:\/\/masterchem.lv\/wp-content\/uploads\/2023\/08\/Naatriumvesiniksulfit-1000l-MaterChem.jpg\" \/>\n\t<meta property=\"og:image:width\" content=\"1000\" \/>\n\t<meta property=\"og:image:height\" content=\"1000\" \/>\n\t<meta property=\"og:image:type\" content=\"image\/jpeg\" \/>\n<meta name=\"twitter:card\" content=\"summary_large_image\" \/>\n<meta name=\"twitter:label1\" content=\"Est. reading time\" \/>\n\t<meta name=\"twitter:data1\" content=\"1 minute\" \/>\n<script type=\"application\/ld+json\" class=\"yoast-schema-graph\">{\"@context\":\"https:\\\/\\\/schema.org\",\"@graph\":[{\"@type\":\"WebPage\",\"@id\":\"https:\\\/\\\/masterchem.lv\\\/en\\\/product\\\/sodium-bisulhite-cas-7631-90-5\\\/\",\"url\":\"https:\\\/\\\/masterchem.lv\\\/en\\\/product\\\/sodium-bisulhite-cas-7631-90-5\\\/\",\"name\":\"Sodium bisulhite (CAS 7631-90-5) - \u0136\u012bmija r\u016bpniec\u012bbai &mdash; &Scaron;\u0137\u012bdin\u0101t\u0101ji un \u0137\u012bmisk\u0101s vielas &mdash; Masterchem.ee\",\"isPartOf\":{\"@id\":\"https:\\\/\\\/masterchem.lv\\\/en\\\/#website\"},\"primaryImageOfPage\":{\"@id\":\"https:\\\/\\\/masterchem.lv\\\/en\\\/product\\\/sodium-bisulhite-cas-7631-90-5\\\/#primaryimage\"},\"image\":{\"@id\":\"https:\\\/\\\/masterchem.lv\\\/en\\\/product\\\/sodium-bisulhite-cas-7631-90-5\\\/#primaryimage\"},\"thumbnailUrl\":\"https:\\\/\\\/masterchem.lv\\\/wp-content\\\/uploads\\\/2023\\\/08\\\/Naatriumvesiniksulfit-1000l-MaterChem.jpg\",\"datePublished\":\"2023-08-23T17:54:45+00:00\",\"dateModified\":\"2023-08-23T17:58:47+00:00\",\"description\":\"Sodium bisulfite solution is a variously colored liquid at room temperature. It is used in waste water treatment, in the pulp and paper industry\",\"breadcrumb\":{\"@id\":\"https:\\\/\\\/masterchem.lv\\\/en\\\/product\\\/sodium-bisulhite-cas-7631-90-5\\\/#breadcrumb\"},\"inLanguage\":\"en-US\",\"potentialAction\":[{\"@type\":\"ReadAction\",\"target\":[\"https:\\\/\\\/masterchem.lv\\\/en\\\/product\\\/sodium-bisulhite-cas-7631-90-5\\\/\"]}]},{\"@type\":\"ImageObject\",\"inLanguage\":\"en-US\",\"@id\":\"https:\\\/\\\/masterchem.lv\\\/en\\\/product\\\/sodium-bisulhite-cas-7631-90-5\\\/#primaryimage\",\"url\":\"https:\\\/\\\/masterchem.lv\\\/wp-content\\\/uploads\\\/2023\\\/08\\\/Naatriumvesiniksulfit-1000l-MaterChem.jpg\",\"contentUrl\":\"https:\\\/\\\/masterchem.lv\\\/wp-content\\\/uploads\\\/2023\\\/08\\\/Naatriumvesiniksulfit-1000l-MaterChem.jpg\",\"width\":1000,\"height\":1000},{\"@type\":\"BreadcrumbList\",\"@id\":\"https:\\\/\\\/masterchem.lv\\\/en\\\/product\\\/sodium-bisulhite-cas-7631-90-5\\\/#breadcrumb\",\"itemListElement\":[{\"@type\":\"ListItem\",\"position\":1,\"name\":\"Home\",\"item\":\"https:\\\/\\\/masterchem.lv\\\/en\\\/\"},{\"@type\":\"ListItem\",\"position\":2,\"name\":\"Shop\",\"item\":\"https:\\\/\\\/masterchem.lv\\\/shop\\\/\"},{\"@type\":\"ListItem\",\"position\":3,\"name\":\"Sodium bisulhite (CAS 7631-90-5)\"}]},{\"@type\":\"WebSite\",\"@id\":\"https:\\\/\\\/masterchem.lv\\\/en\\\/#website\",\"url\":\"https:\\\/\\\/masterchem.lv\\\/en\\\/\",\"name\":\"\u0136\u012bmija r\u016bpniec\u012bbai &mdash; &Scaron;\u0137\u012bdin\u0101t\u0101ji un \u0137\u012bmisk\u0101s vielas &mdash; Masterchem.ee\",\"description\":\"\u0136\u012bmija r\u016bpniec\u012bbai&nbsp;&mdash; &scaron;\u0137\u012bdin\u0101t\u0101ji un \u0137\u012bmisk\u0101s vielas\",\"potentialAction\":[{\"@type\":\"SearchAction\",\"target\":{\"@type\":\"EntryPoint\",\"urlTemplate\":\"https:\\\/\\\/masterchem.lv\\\/en\\\/?s={search_term_string}\"},\"query-input\":{\"@type\":\"PropertyValueSpecification\",\"valueRequired\":true,\"valueName\":\"search_term_string\"}}],\"inLanguage\":\"en-US\"}]}<\/script>\n<!-- \/ Yoast SEO plugin. -->","yoast_head_json":{"title":"Sodium bisulhite (CAS 7631-90-5) - \u0136\u012bmija r\u016bpniec\u012bbai &mdash; &Scaron;\u0137\u012bdin\u0101t\u0101ji un \u0137\u012bmisk\u0101s vielas &mdash; Masterchem.ee","description":"Sodium bisulfite solution is a variously colored liquid at room temperature. It is used in waste water treatment, in the pulp and paper industry","robots":{"index":"index","follow":"follow","max-snippet":"max-snippet:-1","max-image-preview":"max-image-preview:large","max-video-preview":"max-video-preview:-1"},"canonical":"https:\/\/masterchem.lv\/en\/product\/sodium-bisulhite-cas-7631-90-5\/","og_locale":"en_US","og_type":"article","og_title":"Sodium bisulhite (CAS 7631-90-5) - \u0136\u012bmija r\u016bpniec\u012bbai &mdash; &Scaron;\u0137\u012bdin\u0101t\u0101ji un \u0137\u012bmisk\u0101s vielas &mdash; Masterchem.ee","og_description":"Sodium bisulfite solution is a variously colored liquid at room temperature. It is used in waste water treatment, in the pulp and paper industry","og_url":"https:\/\/masterchem.lv\/en\/product\/sodium-bisulhite-cas-7631-90-5\/","og_site_name":"\u0136\u012bmija r\u016bpniec\u012bbai &mdash; &Scaron;\u0137\u012bdin\u0101t\u0101ji un \u0137\u012bmisk\u0101s vielas &mdash; Masterchem.ee","article_modified_time":"2023-08-23T17:58:47+00:00","og_image":[{"width":1000,"height":1000,"url":"https:\/\/masterchem.lv\/wp-content\/uploads\/2023\/08\/Naatriumvesiniksulfit-1000l-MaterChem.jpg","type":"image\/jpeg"}],"twitter_card":"summary_large_image","twitter_misc":{"Est. reading time":"1 minute"},"schema":{"@context":"https:\/\/schema.org","@graph":[{"@type":"WebPage","@id":"https:\/\/masterchem.lv\/en\/product\/sodium-bisulhite-cas-7631-90-5\/","url":"https:\/\/masterchem.lv\/en\/product\/sodium-bisulhite-cas-7631-90-5\/","name":"Sodium bisulhite (CAS 7631-90-5) - \u0136\u012bmija r\u016bpniec\u012bbai &mdash; &Scaron;\u0137\u012bdin\u0101t\u0101ji un \u0137\u012bmisk\u0101s vielas &mdash; Masterchem.ee","isPartOf":{"@id":"https:\/\/masterchem.lv\/en\/#website"},"primaryImageOfPage":{"@id":"https:\/\/masterchem.lv\/en\/product\/sodium-bisulhite-cas-7631-90-5\/#primaryimage"},"image":{"@id":"https:\/\/masterchem.lv\/en\/product\/sodium-bisulhite-cas-7631-90-5\/#primaryimage"},"thumbnailUrl":"https:\/\/masterchem.lv\/wp-content\/uploads\/2023\/08\/Naatriumvesiniksulfit-1000l-MaterChem.jpg","datePublished":"2023-08-23T17:54:45+00:00","dateModified":"2023-08-23T17:58:47+00:00","description":"Sodium bisulfite solution is a variously colored liquid at room temperature. It is used in waste water treatment, in the pulp and paper industry","breadcrumb":{"@id":"https:\/\/masterchem.lv\/en\/product\/sodium-bisulhite-cas-7631-90-5\/#breadcrumb"},"inLanguage":"en-US","potentialAction":[{"@type":"ReadAction","target":["https:\/\/masterchem.lv\/en\/product\/sodium-bisulhite-cas-7631-90-5\/"]}]},{"@type":"ImageObject","inLanguage":"en-US","@id":"https:\/\/masterchem.lv\/en\/product\/sodium-bisulhite-cas-7631-90-5\/#primaryimage","url":"https:\/\/masterchem.lv\/wp-content\/uploads\/2023\/08\/Naatriumvesiniksulfit-1000l-MaterChem.jpg","contentUrl":"https:\/\/masterchem.lv\/wp-content\/uploads\/2023\/08\/Naatriumvesiniksulfit-1000l-MaterChem.jpg","width":1000,"height":1000},{"@type":"BreadcrumbList","@id":"https:\/\/masterchem.lv\/en\/product\/sodium-bisulhite-cas-7631-90-5\/#breadcrumb","itemListElement":[{"@type":"ListItem","position":1,"name":"Home","item":"https:\/\/masterchem.lv\/en\/"},{"@type":"ListItem","position":2,"name":"Shop","item":"https:\/\/masterchem.lv\/shop\/"},{"@type":"ListItem","position":3,"name":"Sodium bisulhite (CAS 7631-90-5)"}]},{"@type":"WebSite","@id":"https:\/\/masterchem.lv\/en\/#website","url":"https:\/\/masterchem.lv\/en\/","name":"\u0136\u012bmija r\u016bpniec\u012bbai &mdash; &Scaron;\u0137\u012bdin\u0101t\u0101ji un \u0137\u012bmisk\u0101s vielas &mdash; Masterchem.ee","description":"\u0136\u012bmija r\u016bpniec\u012bbai&nbsp;&mdash; &scaron;\u0137\u012bdin\u0101t\u0101ji un \u0137\u012bmisk\u0101s vielas","potentialAction":[{"@type":"SearchAction","target":{"@type":"EntryPoint","urlTemplate":"https:\/\/masterchem.lv\/en\/?s={search_term_string}"},"query-input":{"@type":"PropertyValueSpecification","valueRequired":true,"valueName":"search_term_string"}}],"inLanguage":"en-US"}]}},"_links":{"self":[{"href":"https:\/\/masterchem.lv\/en\/wp-json\/wp\/v2\/product\/14839","targetHints":{"allow":["GET"]}}],"collection":[{"href":"https:\/\/masterchem.lv\/en\/wp-json\/wp\/v2\/product"}],"about":[{"href":"https:\/\/masterchem.lv\/en\/wp-json\/wp\/v2\/types\/product"}],"wp:featuredmedia":[{"embeddable":true,"href":"https:\/\/masterchem.lv\/en\/wp-json\/wp\/v2\/media\/14881"}],"wp:attachment":[{"href":"https:\/\/masterchem.lv\/en\/wp-json\/wp\/v2\/media?parent=14839"}],"wp:term":[{"taxonomy":"product_brand","embeddable":true,"href":"https:\/\/masterchem.lv\/en\/wp-json\/wp\/v2\/product_brand?post=14839"},{"taxonomy":"product_cat","embeddable":true,"href":"https:\/\/masterchem.lv\/en\/wp-json\/wp\/v2\/product_cat?post=14839"},{"taxonomy":"product_tag","embeddable":true,"href":"https:\/\/masterchem.lv\/en\/wp-json\/wp\/v2\/product_tag?post=14839"}],"curies":[{"name":"wp","href":"https:\/\/api.w.org\/{rel}","templated":true}]}}