{"id":15305,"date":"2023-10-17T17:51:04","date_gmt":"2023-10-17T17:51:04","guid":{"rendered":"https:\/\/masterchem.lv\/?post_type=product&#038;p=15305"},"modified":"2023-10-17T17:52:40","modified_gmt":"2023-10-17T17:52:40","slug":"12-hydroxystearic-acid-cas-106-14-9","status":"publish","type":"product","link":"https:\/\/masterchem.lv\/en\/product\/12-hydroxystearic-acid-cas-106-14-9\/","title":{"rendered":"12-Hydroxystearic Acid (CAS 106-14-9)"},"content":{"rendered":"<p>Industries: Pharmaceutical industry<br \/>\nCAS number: 106-14-9<br \/>\nWE number: 203-366-1<br \/>\nChemical formula: C18H36O3<br \/>\nMolar mass: 300,48 g\/mol<br \/>\nCustoms tariff code: 29181998<br \/>\n<strong>Other physical properties<\/strong><br \/>\npH: 7,8 \u2013 8,4 (50g\/l H2O w 20\u00b0C)<br \/>\nMelting \/ freezing point: 72 &#8211; 77\u00b0C<br \/>\nBoiling point \/ range: > 300\u00b0C<br \/>\nRelative density: 0,95 g\/cm3 (25\u00b0C)<\/p>\n","protected":false},"excerpt":{"rendered":"<p><strong>12-Hydroxystearic Acid (CAS 106-14-9)<\/strong><\/p>\n<p>12-hydroxy stearic acid is one of many castor oil derivatives sold by Acme-Hardesty. Also known as 12-hydroxystearic acid and 12-HSA, it is used as a thickener for silicon grease, as a rubber activator\/accelerator and in the manufacture of certain personal care products, among other applications. Use our product as a sustainable alternative to other emollients and thickeners. For more information about potential applications, please refer to the stearic acid wiki or contact an Acme-Hardesty representative directly.<\/p>\n<p>Product Properties<br \/>\n12-hydroxy stearic acid is sold in flakes and packaged in 25kg bags and supersacks. It is available for purchase in our online store, or by contacting our office directly. Store our 12-hydroxystearic at ambient temperatures for up to two years without worrying about degradation.<\/p>\n","protected":false},"featured_media":15314,"template":"","meta":{"_monsterinsights_skip_tracking":false,"_monsterinsights_sitenote_active":false,"_monsterinsights_sitenote_note":"","_monsterinsights_sitenote_category":0},"product_brand":[],"product_cat":[167,101],"product_tag":[],"class_list":{"0":"post-15305","1":"product","2":"type-product","3":"status-publish","4":"has-post-thumbnail","6":"product_cat-all-goods","7":"product_cat-pharmaceuticals","9":"first","10":"instock","11":"taxable","12":"shipping-taxable","13":"purchasable","14":"product-type-variable","15":"has-default-attributes"},"yoast_head":"<!-- This site is optimized with the Yoast SEO plugin v27.4 - https:\/\/yoast.com\/product\/yoast-seo-wordpress\/ -->\n<title>12-Hydroxystearic Acid (CAS 106-14-9) - \u0136\u012bmija r\u016bpniec\u012bbai &mdash; &Scaron;\u0137\u012bdin\u0101t\u0101ji un \u0137\u012bmisk\u0101s vielas &mdash; Masterchem.ee<\/title>\n<meta name=\"description\" content=\"12-hydroxy stearic acid is one of many castor oil derivatives sold by Acme-Hardesty.\" \/>\n<meta name=\"robots\" content=\"index, follow, max-snippet:-1, max-image-preview:large, max-video-preview:-1\" \/>\n<link rel=\"canonical\" href=\"https:\/\/masterchem.lv\/en\/product\/12-hydroxystearic-acid-cas-106-14-9\/\" \/>\n<meta property=\"og:locale\" content=\"en_US\" \/>\n<meta property=\"og:type\" content=\"article\" \/>\n<meta property=\"og:title\" content=\"12-Hydroxystearic Acid (CAS 106-14-9) - \u0136\u012bmija r\u016bpniec\u012bbai &mdash; &Scaron;\u0137\u012bdin\u0101t\u0101ji un \u0137\u012bmisk\u0101s vielas &mdash; Masterchem.ee\" \/>\n<meta property=\"og:description\" content=\"12-hydroxy stearic acid is one of many castor oil derivatives sold by Acme-Hardesty.\" \/>\n<meta property=\"og:url\" content=\"https:\/\/masterchem.lv\/en\/product\/12-hydroxystearic-acid-cas-106-14-9\/\" \/>\n<meta property=\"og:site_name\" content=\"\u0136\u012bmija r\u016bpniec\u012bbai &mdash; &Scaron;\u0137\u012bdin\u0101t\u0101ji un \u0137\u012bmisk\u0101s vielas &mdash; Masterchem.ee\" \/>\n<meta property=\"article:modified_time\" content=\"2023-10-17T17:52:40+00:00\" \/>\n<meta property=\"og:image\" content=\"https:\/\/masterchem.lv\/wp-content\/uploads\/2023\/10\/12-hudroksusteariinhape-25kg-MasterChem.jpg\" \/>\n\t<meta property=\"og:image:width\" content=\"1000\" \/>\n\t<meta property=\"og:image:height\" content=\"1000\" \/>\n\t<meta property=\"og:image:type\" content=\"image\/jpeg\" \/>\n<meta name=\"twitter:card\" content=\"summary_large_image\" \/>\n<meta name=\"twitter:label1\" content=\"Est. reading time\" \/>\n\t<meta name=\"twitter:data1\" content=\"1 minute\" \/>\n<script type=\"application\/ld+json\" class=\"yoast-schema-graph\">{\"@context\":\"https:\\\/\\\/schema.org\",\"@graph\":[{\"@type\":\"WebPage\",\"@id\":\"https:\\\/\\\/masterchem.lv\\\/en\\\/product\\\/12-hydroxystearic-acid-cas-106-14-9\\\/\",\"url\":\"https:\\\/\\\/masterchem.lv\\\/en\\\/product\\\/12-hydroxystearic-acid-cas-106-14-9\\\/\",\"name\":\"12-Hydroxystearic Acid (CAS 106-14-9) - \u0136\u012bmija r\u016bpniec\u012bbai &mdash; &Scaron;\u0137\u012bdin\u0101t\u0101ji un \u0137\u012bmisk\u0101s vielas &mdash; Masterchem.ee\",\"isPartOf\":{\"@id\":\"https:\\\/\\\/masterchem.lv\\\/en\\\/#website\"},\"primaryImageOfPage\":{\"@id\":\"https:\\\/\\\/masterchem.lv\\\/en\\\/product\\\/12-hydroxystearic-acid-cas-106-14-9\\\/#primaryimage\"},\"image\":{\"@id\":\"https:\\\/\\\/masterchem.lv\\\/en\\\/product\\\/12-hydroxystearic-acid-cas-106-14-9\\\/#primaryimage\"},\"thumbnailUrl\":\"https:\\\/\\\/masterchem.lv\\\/wp-content\\\/uploads\\\/2023\\\/10\\\/12-hudroksusteariinhape-25kg-MasterChem.jpg\",\"datePublished\":\"2023-10-17T17:51:04+00:00\",\"dateModified\":\"2023-10-17T17:52:40+00:00\",\"description\":\"12-hydroxy stearic acid is one of many castor oil derivatives sold by Acme-Hardesty.\",\"breadcrumb\":{\"@id\":\"https:\\\/\\\/masterchem.lv\\\/en\\\/product\\\/12-hydroxystearic-acid-cas-106-14-9\\\/#breadcrumb\"},\"inLanguage\":\"en-US\",\"potentialAction\":[{\"@type\":\"ReadAction\",\"target\":[\"https:\\\/\\\/masterchem.lv\\\/en\\\/product\\\/12-hydroxystearic-acid-cas-106-14-9\\\/\"]}]},{\"@type\":\"ImageObject\",\"inLanguage\":\"en-US\",\"@id\":\"https:\\\/\\\/masterchem.lv\\\/en\\\/product\\\/12-hydroxystearic-acid-cas-106-14-9\\\/#primaryimage\",\"url\":\"https:\\\/\\\/masterchem.lv\\\/wp-content\\\/uploads\\\/2023\\\/10\\\/12-hudroksusteariinhape-25kg-MasterChem.jpg\",\"contentUrl\":\"https:\\\/\\\/masterchem.lv\\\/wp-content\\\/uploads\\\/2023\\\/10\\\/12-hudroksusteariinhape-25kg-MasterChem.jpg\",\"width\":1000,\"height\":1000},{\"@type\":\"BreadcrumbList\",\"@id\":\"https:\\\/\\\/masterchem.lv\\\/en\\\/product\\\/12-hydroxystearic-acid-cas-106-14-9\\\/#breadcrumb\",\"itemListElement\":[{\"@type\":\"ListItem\",\"position\":1,\"name\":\"Home\",\"item\":\"https:\\\/\\\/masterchem.lv\\\/en\\\/\"},{\"@type\":\"ListItem\",\"position\":2,\"name\":\"Shop\",\"item\":\"https:\\\/\\\/masterchem.lv\\\/shop\\\/\"},{\"@type\":\"ListItem\",\"position\":3,\"name\":\"12-Hydroxystearic Acid (CAS 106-14-9)\"}]},{\"@type\":\"WebSite\",\"@id\":\"https:\\\/\\\/masterchem.lv\\\/en\\\/#website\",\"url\":\"https:\\\/\\\/masterchem.lv\\\/en\\\/\",\"name\":\"\u0136\u012bmija r\u016bpniec\u012bbai &mdash; &Scaron;\u0137\u012bdin\u0101t\u0101ji un \u0137\u012bmisk\u0101s vielas &mdash; Masterchem.ee\",\"description\":\"\u0136\u012bmija r\u016bpniec\u012bbai&nbsp;&mdash; &scaron;\u0137\u012bdin\u0101t\u0101ji un \u0137\u012bmisk\u0101s vielas\",\"potentialAction\":[{\"@type\":\"SearchAction\",\"target\":{\"@type\":\"EntryPoint\",\"urlTemplate\":\"https:\\\/\\\/masterchem.lv\\\/en\\\/?s={search_term_string}\"},\"query-input\":{\"@type\":\"PropertyValueSpecification\",\"valueRequired\":true,\"valueName\":\"search_term_string\"}}],\"inLanguage\":\"en-US\"}]}<\/script>\n<!-- \/ Yoast SEO plugin. -->","yoast_head_json":{"title":"12-Hydroxystearic Acid (CAS 106-14-9) - \u0136\u012bmija r\u016bpniec\u012bbai &mdash; &Scaron;\u0137\u012bdin\u0101t\u0101ji un \u0137\u012bmisk\u0101s vielas &mdash; Masterchem.ee","description":"12-hydroxy stearic acid is one of many castor oil derivatives sold by Acme-Hardesty.","robots":{"index":"index","follow":"follow","max-snippet":"max-snippet:-1","max-image-preview":"max-image-preview:large","max-video-preview":"max-video-preview:-1"},"canonical":"https:\/\/masterchem.lv\/en\/product\/12-hydroxystearic-acid-cas-106-14-9\/","og_locale":"en_US","og_type":"article","og_title":"12-Hydroxystearic Acid (CAS 106-14-9) - \u0136\u012bmija r\u016bpniec\u012bbai &mdash; &Scaron;\u0137\u012bdin\u0101t\u0101ji un \u0137\u012bmisk\u0101s vielas &mdash; Masterchem.ee","og_description":"12-hydroxy stearic acid is one of many castor oil derivatives sold by Acme-Hardesty.","og_url":"https:\/\/masterchem.lv\/en\/product\/12-hydroxystearic-acid-cas-106-14-9\/","og_site_name":"\u0136\u012bmija r\u016bpniec\u012bbai &mdash; &Scaron;\u0137\u012bdin\u0101t\u0101ji un \u0137\u012bmisk\u0101s vielas &mdash; Masterchem.ee","article_modified_time":"2023-10-17T17:52:40+00:00","og_image":[{"width":1000,"height":1000,"url":"https:\/\/masterchem.lv\/wp-content\/uploads\/2023\/10\/12-hudroksusteariinhape-25kg-MasterChem.jpg","type":"image\/jpeg"}],"twitter_card":"summary_large_image","twitter_misc":{"Est. reading time":"1 minute"},"schema":{"@context":"https:\/\/schema.org","@graph":[{"@type":"WebPage","@id":"https:\/\/masterchem.lv\/en\/product\/12-hydroxystearic-acid-cas-106-14-9\/","url":"https:\/\/masterchem.lv\/en\/product\/12-hydroxystearic-acid-cas-106-14-9\/","name":"12-Hydroxystearic Acid (CAS 106-14-9) - \u0136\u012bmija r\u016bpniec\u012bbai &mdash; &Scaron;\u0137\u012bdin\u0101t\u0101ji un \u0137\u012bmisk\u0101s vielas &mdash; Masterchem.ee","isPartOf":{"@id":"https:\/\/masterchem.lv\/en\/#website"},"primaryImageOfPage":{"@id":"https:\/\/masterchem.lv\/en\/product\/12-hydroxystearic-acid-cas-106-14-9\/#primaryimage"},"image":{"@id":"https:\/\/masterchem.lv\/en\/product\/12-hydroxystearic-acid-cas-106-14-9\/#primaryimage"},"thumbnailUrl":"https:\/\/masterchem.lv\/wp-content\/uploads\/2023\/10\/12-hudroksusteariinhape-25kg-MasterChem.jpg","datePublished":"2023-10-17T17:51:04+00:00","dateModified":"2023-10-17T17:52:40+00:00","description":"12-hydroxy stearic acid is one of many castor oil derivatives sold by Acme-Hardesty.","breadcrumb":{"@id":"https:\/\/masterchem.lv\/en\/product\/12-hydroxystearic-acid-cas-106-14-9\/#breadcrumb"},"inLanguage":"en-US","potentialAction":[{"@type":"ReadAction","target":["https:\/\/masterchem.lv\/en\/product\/12-hydroxystearic-acid-cas-106-14-9\/"]}]},{"@type":"ImageObject","inLanguage":"en-US","@id":"https:\/\/masterchem.lv\/en\/product\/12-hydroxystearic-acid-cas-106-14-9\/#primaryimage","url":"https:\/\/masterchem.lv\/wp-content\/uploads\/2023\/10\/12-hudroksusteariinhape-25kg-MasterChem.jpg","contentUrl":"https:\/\/masterchem.lv\/wp-content\/uploads\/2023\/10\/12-hudroksusteariinhape-25kg-MasterChem.jpg","width":1000,"height":1000},{"@type":"BreadcrumbList","@id":"https:\/\/masterchem.lv\/en\/product\/12-hydroxystearic-acid-cas-106-14-9\/#breadcrumb","itemListElement":[{"@type":"ListItem","position":1,"name":"Home","item":"https:\/\/masterchem.lv\/en\/"},{"@type":"ListItem","position":2,"name":"Shop","item":"https:\/\/masterchem.lv\/shop\/"},{"@type":"ListItem","position":3,"name":"12-Hydroxystearic Acid (CAS 106-14-9)"}]},{"@type":"WebSite","@id":"https:\/\/masterchem.lv\/en\/#website","url":"https:\/\/masterchem.lv\/en\/","name":"\u0136\u012bmija r\u016bpniec\u012bbai &mdash; &Scaron;\u0137\u012bdin\u0101t\u0101ji un \u0137\u012bmisk\u0101s vielas &mdash; Masterchem.ee","description":"\u0136\u012bmija r\u016bpniec\u012bbai&nbsp;&mdash; &scaron;\u0137\u012bdin\u0101t\u0101ji un \u0137\u012bmisk\u0101s vielas","potentialAction":[{"@type":"SearchAction","target":{"@type":"EntryPoint","urlTemplate":"https:\/\/masterchem.lv\/en\/?s={search_term_string}"},"query-input":{"@type":"PropertyValueSpecification","valueRequired":true,"valueName":"search_term_string"}}],"inLanguage":"en-US"}]}},"_links":{"self":[{"href":"https:\/\/masterchem.lv\/en\/wp-json\/wp\/v2\/product\/15305","targetHints":{"allow":["GET"]}}],"collection":[{"href":"https:\/\/masterchem.lv\/en\/wp-json\/wp\/v2\/product"}],"about":[{"href":"https:\/\/masterchem.lv\/en\/wp-json\/wp\/v2\/types\/product"}],"wp:featuredmedia":[{"embeddable":true,"href":"https:\/\/masterchem.lv\/en\/wp-json\/wp\/v2\/media\/15314"}],"wp:attachment":[{"href":"https:\/\/masterchem.lv\/en\/wp-json\/wp\/v2\/media?parent=15305"}],"wp:term":[{"taxonomy":"product_brand","embeddable":true,"href":"https:\/\/masterchem.lv\/en\/wp-json\/wp\/v2\/product_brand?post=15305"},{"taxonomy":"product_cat","embeddable":true,"href":"https:\/\/masterchem.lv\/en\/wp-json\/wp\/v2\/product_cat?post=15305"},{"taxonomy":"product_tag","embeddable":true,"href":"https:\/\/masterchem.lv\/en\/wp-json\/wp\/v2\/product_tag?post=15305"}],"curies":[{"name":"wp","href":"https:\/\/api.w.org\/{rel}","templated":true}]}}