{"id":15497,"date":"2023-12-05T16:53:25","date_gmt":"2023-12-05T16:53:25","guid":{"rendered":"https:\/\/masterchem.lv\/?post_type=product&#038;p=15497"},"modified":"2025-03-31T14:55:40","modified_gmt":"2025-03-31T14:55:40","slug":"masterpr100-paint-remover","status":"publish","type":"product","link":"https:\/\/masterchem.lv\/en\/product\/masterpr100-paint-remover\/","title":{"rendered":"MasterPR100 Organic Paint Remover"},"content":{"rendered":"<p>MasterPR100 Organic Paint Remover &#8211; this is a three-component solvent (Dichloromethane, Butanone, Dimethyl ketone) which is a unique laboratory development MasterChem.<br \/>\nPaint Remover is highly flammable with a flashpoint of 14\u00b0 C.<br \/>\nMasterPR100 is a thinner designed for the sole purpose of paint removal.<br \/>\nIt can be used to clean equipment and to remove coatings applied by dipping.<\/p>\n","protected":false},"excerpt":{"rendered":"<p><strong>Safety:<\/strong><br \/>\nSpecial precautions must be taken with MasterPR100: wear gloves to avoid contact with the skin and use a suitable air suction system.<br \/>\n<strong>Physical properties:<\/strong><br \/>\nPhysical properties<br \/>\nDensity &#8211; 1.29 g \/ cm3.<br \/>\nThermal properties:<br \/>\nMelting point -97 \u00b0C,<br \/>\nBoiling point 44 \u00b0C,<br \/>\nFlash point 14 \u00b0C<br \/>\n<strong>Storage and Distribution:<\/strong><br \/>\nAfter long periods of storage, always check homogeneity and stir well before use to eliminate any possible sediment.<br \/>\nStorage is normally in a cool, dry and well ventilated facility away from oxidising agents.  MasterPR100 should be kept out of direct sunlight, heat and open flames.<br \/>\nA bulk solvent exporter would normally distribute this solvent in bulk vessels or tank trucks.  For transportation purposes, MasterPR100 is classed as a flammable liquid with a fire hazard rating of 2.  A full bulk chemical distributor would export the solvent throughout regions such as the UK, Europe, Africa and America.<\/p>\n","protected":false},"featured_media":15530,"template":"","meta":{"_monsterinsights_skip_tracking":false,"_monsterinsights_sitenote_active":false,"_monsterinsights_sitenote_note":"","_monsterinsights_sitenote_category":0},"product_brand":[],"product_cat":[167,170,104,168],"product_tag":[],"class_list":{"0":"post-15497","1":"product","2":"type-product","3":"status-publish","4":"has-post-thumbnail","6":"product_cat-all-goods","7":"product_cat-car-and-machinery-chemicals","8":"product_cat-industrial-chemicals","9":"product_cat-paints-and-varnishes","11":"first","12":"instock","13":"taxable","14":"shipping-taxable","15":"purchasable","16":"product-type-variable","17":"has-default-attributes"},"yoast_head":"<!-- This site is optimized with the Yoast SEO plugin v27.4 - https:\/\/yoast.com\/product\/yoast-seo-wordpress\/ -->\n<title>MasterPR100 Organic Paint Remover - \u0136\u012bmija r\u016bpniec\u012bbai &mdash; &Scaron;\u0137\u012bdin\u0101t\u0101ji un \u0137\u012bmisk\u0101s vielas &mdash; Masterchem.ee<\/title>\n<meta name=\"description\" content=\"MasterPR100 Paint Remover - this is a three-component solvent which is a unique laboratory development MasterChem.MasterPR100 Organic Paint Remover\" \/>\n<meta name=\"robots\" content=\"index, follow, max-snippet:-1, max-image-preview:large, max-video-preview:-1\" \/>\n<link rel=\"canonical\" href=\"https:\/\/masterchem.lv\/en\/product\/masterpr100-paint-remover\/\" \/>\n<meta property=\"og:locale\" content=\"en_US\" \/>\n<meta property=\"og:type\" content=\"article\" \/>\n<meta property=\"og:title\" content=\"MasterPR100 Organic Paint Remover - \u0136\u012bmija r\u016bpniec\u012bbai &mdash; &Scaron;\u0137\u012bdin\u0101t\u0101ji un \u0137\u012bmisk\u0101s vielas &mdash; Masterchem.ee\" \/>\n<meta property=\"og:description\" content=\"MasterPR100 Paint Remover - this is a three-component solvent which is a unique laboratory development MasterChem.MasterPR100 Organic Paint Remover\" \/>\n<meta property=\"og:url\" content=\"https:\/\/masterchem.lv\/en\/product\/masterpr100-paint-remover\/\" \/>\n<meta property=\"og:site_name\" content=\"\u0136\u012bmija r\u016bpniec\u012bbai &mdash; &Scaron;\u0137\u012bdin\u0101t\u0101ji un \u0137\u012bmisk\u0101s vielas &mdash; Masterchem.ee\" \/>\n<meta property=\"article:modified_time\" content=\"2025-03-31T14:55:40+00:00\" \/>\n<meta property=\"og:image\" content=\"https:\/\/masterchem.lv\/wp-content\/uploads\/2023\/12\/MasterPR100-varvieemaldaja-1000l-MaterChem.jpg\" \/>\n\t<meta property=\"og:image:width\" content=\"1000\" \/>\n\t<meta property=\"og:image:height\" content=\"1000\" \/>\n\t<meta property=\"og:image:type\" content=\"image\/jpeg\" \/>\n<meta name=\"twitter:card\" content=\"summary_large_image\" \/>\n<meta name=\"twitter:label1\" content=\"Est. reading time\" \/>\n\t<meta name=\"twitter:data1\" content=\"1 minute\" \/>\n<script type=\"application\/ld+json\" class=\"yoast-schema-graph\">{\"@context\":\"https:\\\/\\\/schema.org\",\"@graph\":[{\"@type\":\"WebPage\",\"@id\":\"https:\\\/\\\/masterchem.lv\\\/en\\\/product\\\/masterpr100-paint-remover\\\/\",\"url\":\"https:\\\/\\\/masterchem.lv\\\/en\\\/product\\\/masterpr100-paint-remover\\\/\",\"name\":\"MasterPR100 Organic Paint Remover - \u0136\u012bmija r\u016bpniec\u012bbai &mdash; &Scaron;\u0137\u012bdin\u0101t\u0101ji un \u0137\u012bmisk\u0101s vielas &mdash; Masterchem.ee\",\"isPartOf\":{\"@id\":\"https:\\\/\\\/masterchem.lv\\\/en\\\/#website\"},\"primaryImageOfPage\":{\"@id\":\"https:\\\/\\\/masterchem.lv\\\/en\\\/product\\\/masterpr100-paint-remover\\\/#primaryimage\"},\"image\":{\"@id\":\"https:\\\/\\\/masterchem.lv\\\/en\\\/product\\\/masterpr100-paint-remover\\\/#primaryimage\"},\"thumbnailUrl\":\"https:\\\/\\\/masterchem.lv\\\/wp-content\\\/uploads\\\/2023\\\/12\\\/MasterPR100-varvieemaldaja-1000l-MaterChem.jpg\",\"datePublished\":\"2023-12-05T16:53:25+00:00\",\"dateModified\":\"2025-03-31T14:55:40+00:00\",\"description\":\"MasterPR100 Paint Remover - this is a three-component solvent which is a unique laboratory development MasterChem.MasterPR100 Organic Paint Remover\",\"breadcrumb\":{\"@id\":\"https:\\\/\\\/masterchem.lv\\\/en\\\/product\\\/masterpr100-paint-remover\\\/#breadcrumb\"},\"inLanguage\":\"en-US\",\"potentialAction\":[{\"@type\":\"ReadAction\",\"target\":[\"https:\\\/\\\/masterchem.lv\\\/en\\\/product\\\/masterpr100-paint-remover\\\/\"]}]},{\"@type\":\"ImageObject\",\"inLanguage\":\"en-US\",\"@id\":\"https:\\\/\\\/masterchem.lv\\\/en\\\/product\\\/masterpr100-paint-remover\\\/#primaryimage\",\"url\":\"https:\\\/\\\/masterchem.lv\\\/wp-content\\\/uploads\\\/2023\\\/12\\\/MasterPR100-varvieemaldaja-1000l-MaterChem.jpg\",\"contentUrl\":\"https:\\\/\\\/masterchem.lv\\\/wp-content\\\/uploads\\\/2023\\\/12\\\/MasterPR100-varvieemaldaja-1000l-MaterChem.jpg\",\"width\":1000,\"height\":1000,\"caption\":\"MasterPR100 Organic Paint Remover 1000L\"},{\"@type\":\"BreadcrumbList\",\"@id\":\"https:\\\/\\\/masterchem.lv\\\/en\\\/product\\\/masterpr100-paint-remover\\\/#breadcrumb\",\"itemListElement\":[{\"@type\":\"ListItem\",\"position\":1,\"name\":\"Home\",\"item\":\"https:\\\/\\\/masterchem.lv\\\/en\\\/\"},{\"@type\":\"ListItem\",\"position\":2,\"name\":\"Shop\",\"item\":\"https:\\\/\\\/masterchem.lv\\\/shop\\\/\"},{\"@type\":\"ListItem\",\"position\":3,\"name\":\"MasterPR100 Organic Paint Remover\"}]},{\"@type\":\"WebSite\",\"@id\":\"https:\\\/\\\/masterchem.lv\\\/en\\\/#website\",\"url\":\"https:\\\/\\\/masterchem.lv\\\/en\\\/\",\"name\":\"\u0136\u012bmija r\u016bpniec\u012bbai &mdash; &Scaron;\u0137\u012bdin\u0101t\u0101ji un \u0137\u012bmisk\u0101s vielas &mdash; Masterchem.ee\",\"description\":\"\u0136\u012bmija r\u016bpniec\u012bbai&nbsp;&mdash; &scaron;\u0137\u012bdin\u0101t\u0101ji un \u0137\u012bmisk\u0101s vielas\",\"potentialAction\":[{\"@type\":\"SearchAction\",\"target\":{\"@type\":\"EntryPoint\",\"urlTemplate\":\"https:\\\/\\\/masterchem.lv\\\/en\\\/?s={search_term_string}\"},\"query-input\":{\"@type\":\"PropertyValueSpecification\",\"valueRequired\":true,\"valueName\":\"search_term_string\"}}],\"inLanguage\":\"en-US\"}]}<\/script>\n<!-- \/ Yoast SEO plugin. -->","yoast_head_json":{"title":"MasterPR100 Organic Paint Remover - \u0136\u012bmija r\u016bpniec\u012bbai &mdash; &Scaron;\u0137\u012bdin\u0101t\u0101ji un \u0137\u012bmisk\u0101s vielas &mdash; Masterchem.ee","description":"MasterPR100 Paint Remover - this is a three-component solvent which is a unique laboratory development MasterChem.MasterPR100 Organic Paint Remover","robots":{"index":"index","follow":"follow","max-snippet":"max-snippet:-1","max-image-preview":"max-image-preview:large","max-video-preview":"max-video-preview:-1"},"canonical":"https:\/\/masterchem.lv\/en\/product\/masterpr100-paint-remover\/","og_locale":"en_US","og_type":"article","og_title":"MasterPR100 Organic Paint Remover - \u0136\u012bmija r\u016bpniec\u012bbai &mdash; &Scaron;\u0137\u012bdin\u0101t\u0101ji un \u0137\u012bmisk\u0101s vielas &mdash; Masterchem.ee","og_description":"MasterPR100 Paint Remover - this is a three-component solvent which is a unique laboratory development MasterChem.MasterPR100 Organic Paint Remover","og_url":"https:\/\/masterchem.lv\/en\/product\/masterpr100-paint-remover\/","og_site_name":"\u0136\u012bmija r\u016bpniec\u012bbai &mdash; &Scaron;\u0137\u012bdin\u0101t\u0101ji un \u0137\u012bmisk\u0101s vielas &mdash; Masterchem.ee","article_modified_time":"2025-03-31T14:55:40+00:00","og_image":[{"width":1000,"height":1000,"url":"https:\/\/masterchem.lv\/wp-content\/uploads\/2023\/12\/MasterPR100-varvieemaldaja-1000l-MaterChem.jpg","type":"image\/jpeg"}],"twitter_card":"summary_large_image","twitter_misc":{"Est. reading time":"1 minute"},"schema":{"@context":"https:\/\/schema.org","@graph":[{"@type":"WebPage","@id":"https:\/\/masterchem.lv\/en\/product\/masterpr100-paint-remover\/","url":"https:\/\/masterchem.lv\/en\/product\/masterpr100-paint-remover\/","name":"MasterPR100 Organic Paint Remover - \u0136\u012bmija r\u016bpniec\u012bbai &mdash; &Scaron;\u0137\u012bdin\u0101t\u0101ji un \u0137\u012bmisk\u0101s vielas &mdash; Masterchem.ee","isPartOf":{"@id":"https:\/\/masterchem.lv\/en\/#website"},"primaryImageOfPage":{"@id":"https:\/\/masterchem.lv\/en\/product\/masterpr100-paint-remover\/#primaryimage"},"image":{"@id":"https:\/\/masterchem.lv\/en\/product\/masterpr100-paint-remover\/#primaryimage"},"thumbnailUrl":"https:\/\/masterchem.lv\/wp-content\/uploads\/2023\/12\/MasterPR100-varvieemaldaja-1000l-MaterChem.jpg","datePublished":"2023-12-05T16:53:25+00:00","dateModified":"2025-03-31T14:55:40+00:00","description":"MasterPR100 Paint Remover - this is a three-component solvent which is a unique laboratory development MasterChem.MasterPR100 Organic Paint Remover","breadcrumb":{"@id":"https:\/\/masterchem.lv\/en\/product\/masterpr100-paint-remover\/#breadcrumb"},"inLanguage":"en-US","potentialAction":[{"@type":"ReadAction","target":["https:\/\/masterchem.lv\/en\/product\/masterpr100-paint-remover\/"]}]},{"@type":"ImageObject","inLanguage":"en-US","@id":"https:\/\/masterchem.lv\/en\/product\/masterpr100-paint-remover\/#primaryimage","url":"https:\/\/masterchem.lv\/wp-content\/uploads\/2023\/12\/MasterPR100-varvieemaldaja-1000l-MaterChem.jpg","contentUrl":"https:\/\/masterchem.lv\/wp-content\/uploads\/2023\/12\/MasterPR100-varvieemaldaja-1000l-MaterChem.jpg","width":1000,"height":1000,"caption":"MasterPR100 Organic Paint Remover 1000L"},{"@type":"BreadcrumbList","@id":"https:\/\/masterchem.lv\/en\/product\/masterpr100-paint-remover\/#breadcrumb","itemListElement":[{"@type":"ListItem","position":1,"name":"Home","item":"https:\/\/masterchem.lv\/en\/"},{"@type":"ListItem","position":2,"name":"Shop","item":"https:\/\/masterchem.lv\/shop\/"},{"@type":"ListItem","position":3,"name":"MasterPR100 Organic Paint Remover"}]},{"@type":"WebSite","@id":"https:\/\/masterchem.lv\/en\/#website","url":"https:\/\/masterchem.lv\/en\/","name":"\u0136\u012bmija r\u016bpniec\u012bbai &mdash; &Scaron;\u0137\u012bdin\u0101t\u0101ji un \u0137\u012bmisk\u0101s vielas &mdash; Masterchem.ee","description":"\u0136\u012bmija r\u016bpniec\u012bbai&nbsp;&mdash; &scaron;\u0137\u012bdin\u0101t\u0101ji un \u0137\u012bmisk\u0101s vielas","potentialAction":[{"@type":"SearchAction","target":{"@type":"EntryPoint","urlTemplate":"https:\/\/masterchem.lv\/en\/?s={search_term_string}"},"query-input":{"@type":"PropertyValueSpecification","valueRequired":true,"valueName":"search_term_string"}}],"inLanguage":"en-US"}]}},"_links":{"self":[{"href":"https:\/\/masterchem.lv\/en\/wp-json\/wp\/v2\/product\/15497","targetHints":{"allow":["GET"]}}],"collection":[{"href":"https:\/\/masterchem.lv\/en\/wp-json\/wp\/v2\/product"}],"about":[{"href":"https:\/\/masterchem.lv\/en\/wp-json\/wp\/v2\/types\/product"}],"wp:featuredmedia":[{"embeddable":true,"href":"https:\/\/masterchem.lv\/en\/wp-json\/wp\/v2\/media\/15530"}],"wp:attachment":[{"href":"https:\/\/masterchem.lv\/en\/wp-json\/wp\/v2\/media?parent=15497"}],"wp:term":[{"taxonomy":"product_brand","embeddable":true,"href":"https:\/\/masterchem.lv\/en\/wp-json\/wp\/v2\/product_brand?post=15497"},{"taxonomy":"product_cat","embeddable":true,"href":"https:\/\/masterchem.lv\/en\/wp-json\/wp\/v2\/product_cat?post=15497"},{"taxonomy":"product_tag","embeddable":true,"href":"https:\/\/masterchem.lv\/en\/wp-json\/wp\/v2\/product_tag?post=15497"}],"curies":[{"name":"wp","href":"https:\/\/api.w.org\/{rel}","templated":true}]}}