{"id":15580,"date":"2023-12-07T06:56:14","date_gmt":"2023-12-07T06:56:14","guid":{"rendered":"https:\/\/masterchem.lv\/?post_type=product&#038;p=15580"},"modified":"2023-12-07T06:59:52","modified_gmt":"2023-12-07T06:59:52","slug":"manganeseii-sulfate-monohydrate-cas-10034-96-5-325-ammonia-water","status":"publish","type":"product","link":"https:\/\/masterchem.lv\/en\/product\/manganeseii-sulfate-monohydrate-cas-10034-96-5-325-ammonia-water\/","title":{"rendered":"Manganese(II) sulfate monohydrate CAS (10034-96-5) 32,5% ammonia water"},"content":{"rendered":"<p>Hazard Statement(s)\tH318: Causes serious eye damage.<br \/>\nH373: May cause damage to organs through prolonged or repeated exposure if inhaled.<br \/>\nH411: Toxic to aquatic life with long lasting effects.<br \/>\nPrecautionary Statement(s)\tP260: Do not breathe dust.<br \/>\nP273: Avoid release to the environment.<br \/>\nP280: Wear eye protection\/ face protection.<br \/>\nP305 + P351 + P338: IF IN EYES: Rinse cautiously with water for several minutes. Remove contact lenses, if present and easy to do. Continue rinsing.<br \/>\nP314: Get medical advice\/ attention if you feel unwell.<br \/>\nP391: Collect spillage.<\/p>\n","protected":false},"excerpt":{"rendered":"<p>Application: Manganese(II) sulfate monohydrate is a preparation of manganese for investigations<br \/>\nCAS Number: 10034-96-5<br \/>\nMolecular Weight: 169.02<br \/>\nMolecular Formula: MnSO4\u2022H2O<\/p>\n<p>Manganese(II) sulfate monohydrate is one of the most abundant elements found in the earth\u2032s crust. Manganese occurs in the atmosphere from dust, volcanic activity, forest fires, and industrial emissions, and is also present in foods and drinking water. Used as a colorant in dyes.<\/p>\n<p>Manganese(II) sulfate monohydrate can undergo metathesis reaction with different chromate, molybdate and tungstate salts in aqueous medium to form corresponding hydrated manganese group 6 metal oxides.<\/p>\n","protected":false},"featured_media":15615,"template":"","meta":{"_monsterinsights_skip_tracking":false,"_monsterinsights_sitenote_active":false,"_monsterinsights_sitenote_note":"","_monsterinsights_sitenote_category":0},"product_brand":[],"product_cat":[167],"product_tag":[],"class_list":{"0":"post-15580","1":"product","2":"type-product","3":"status-publish","4":"has-post-thumbnail","6":"product_cat-all-goods","8":"first","9":"instock","10":"taxable","11":"shipping-taxable","12":"purchasable","13":"product-type-variable","14":"has-default-attributes"},"yoast_head":"<!-- This site is optimized with the Yoast SEO plugin v27.4 - https:\/\/yoast.com\/product\/yoast-seo-wordpress\/ -->\n<title>Manganese(II) sulfate monohydrate CAS (10034-96-5) 32,5% ammonia water - \u0136\u012bmija r\u016bpniec\u012bbai &mdash; &Scaron;\u0137\u012bdin\u0101t\u0101ji un \u0137\u012bmisk\u0101s vielas &mdash; Masterchem.ee<\/title>\n<meta name=\"description\" content=\"Manganese(II) sulfate monohydrate is one of the most abundant elements found in the earth\u2032s crust. Manganese occurs in the atmosphere from dust, volcanic activity, forest fires, and industrial emissions, and is also present in foods and drinking water.\" \/>\n<meta name=\"robots\" content=\"index, follow, max-snippet:-1, max-image-preview:large, max-video-preview:-1\" \/>\n<link rel=\"canonical\" href=\"https:\/\/masterchem.lv\/en\/product\/manganeseii-sulfate-monohydrate-cas-10034-96-5-325-ammonia-water\/\" \/>\n<meta property=\"og:locale\" content=\"en_US\" \/>\n<meta property=\"og:type\" content=\"article\" \/>\n<meta property=\"og:title\" content=\"Manganese(II) sulfate monohydrate CAS (10034-96-5) 32,5% ammonia water - \u0136\u012bmija r\u016bpniec\u012bbai &mdash; &Scaron;\u0137\u012bdin\u0101t\u0101ji un \u0137\u012bmisk\u0101s vielas &mdash; Masterchem.ee\" \/>\n<meta property=\"og:description\" content=\"Manganese(II) sulfate monohydrate is one of the most abundant elements found in the earth\u2032s crust. Manganese occurs in the atmosphere from dust, volcanic activity, forest fires, and industrial emissions, and is also present in foods and drinking water.\" \/>\n<meta property=\"og:url\" content=\"https:\/\/masterchem.lv\/en\/product\/manganeseii-sulfate-monohydrate-cas-10034-96-5-325-ammonia-water\/\" \/>\n<meta property=\"og:site_name\" content=\"\u0136\u012bmija r\u016bpniec\u012bbai &mdash; &Scaron;\u0137\u012bdin\u0101t\u0101ji un \u0137\u012bmisk\u0101s vielas &mdash; Masterchem.ee\" \/>\n<meta property=\"article:modified_time\" content=\"2023-12-07T06:59:52+00:00\" \/>\n<meta property=\"og:image\" content=\"https:\/\/masterchem.lv\/wp-content\/uploads\/2023\/12\/ManganeseII-sulfate-monohydrate-CAS-10034-96-5-325-list-ammoniaak-vesi-1000l-MaterChem.jpg\" \/>\n\t<meta property=\"og:image:width\" content=\"1000\" \/>\n\t<meta property=\"og:image:height\" content=\"1000\" \/>\n\t<meta property=\"og:image:type\" content=\"image\/jpeg\" \/>\n<meta name=\"twitter:card\" content=\"summary_large_image\" \/>\n<meta name=\"twitter:label1\" content=\"Est. reading time\" \/>\n\t<meta name=\"twitter:data1\" content=\"1 minute\" \/>\n<script type=\"application\/ld+json\" class=\"yoast-schema-graph\">{\"@context\":\"https:\\\/\\\/schema.org\",\"@graph\":[{\"@type\":\"WebPage\",\"@id\":\"https:\\\/\\\/masterchem.lv\\\/en\\\/product\\\/manganeseii-sulfate-monohydrate-cas-10034-96-5-325-ammonia-water\\\/\",\"url\":\"https:\\\/\\\/masterchem.lv\\\/en\\\/product\\\/manganeseii-sulfate-monohydrate-cas-10034-96-5-325-ammonia-water\\\/\",\"name\":\"Manganese(II) sulfate monohydrate CAS (10034-96-5) 32,5% ammonia water - \u0136\u012bmija r\u016bpniec\u012bbai &mdash; &Scaron;\u0137\u012bdin\u0101t\u0101ji un \u0137\u012bmisk\u0101s vielas &mdash; Masterchem.ee\",\"isPartOf\":{\"@id\":\"https:\\\/\\\/masterchem.lv\\\/en\\\/#website\"},\"primaryImageOfPage\":{\"@id\":\"https:\\\/\\\/masterchem.lv\\\/en\\\/product\\\/manganeseii-sulfate-monohydrate-cas-10034-96-5-325-ammonia-water\\\/#primaryimage\"},\"image\":{\"@id\":\"https:\\\/\\\/masterchem.lv\\\/en\\\/product\\\/manganeseii-sulfate-monohydrate-cas-10034-96-5-325-ammonia-water\\\/#primaryimage\"},\"thumbnailUrl\":\"https:\\\/\\\/masterchem.lv\\\/wp-content\\\/uploads\\\/2023\\\/12\\\/ManganeseII-sulfate-monohydrate-CAS-10034-96-5-325-list-ammoniaak-vesi-1000l-MaterChem.jpg\",\"datePublished\":\"2023-12-07T06:56:14+00:00\",\"dateModified\":\"2023-12-07T06:59:52+00:00\",\"description\":\"Manganese(II) sulfate monohydrate is one of the most abundant elements found in the earth\u2032s crust. Manganese occurs in the atmosphere from dust, volcanic activity, forest fires, and industrial emissions, and is also present in foods and drinking water.\",\"breadcrumb\":{\"@id\":\"https:\\\/\\\/masterchem.lv\\\/en\\\/product\\\/manganeseii-sulfate-monohydrate-cas-10034-96-5-325-ammonia-water\\\/#breadcrumb\"},\"inLanguage\":\"en-US\",\"potentialAction\":[{\"@type\":\"ReadAction\",\"target\":[\"https:\\\/\\\/masterchem.lv\\\/en\\\/product\\\/manganeseii-sulfate-monohydrate-cas-10034-96-5-325-ammonia-water\\\/\"]}]},{\"@type\":\"ImageObject\",\"inLanguage\":\"en-US\",\"@id\":\"https:\\\/\\\/masterchem.lv\\\/en\\\/product\\\/manganeseii-sulfate-monohydrate-cas-10034-96-5-325-ammonia-water\\\/#primaryimage\",\"url\":\"https:\\\/\\\/masterchem.lv\\\/wp-content\\\/uploads\\\/2023\\\/12\\\/ManganeseII-sulfate-monohydrate-CAS-10034-96-5-325-list-ammoniaak-vesi-1000l-MaterChem.jpg\",\"contentUrl\":\"https:\\\/\\\/masterchem.lv\\\/wp-content\\\/uploads\\\/2023\\\/12\\\/ManganeseII-sulfate-monohydrate-CAS-10034-96-5-325-list-ammoniaak-vesi-1000l-MaterChem.jpg\",\"width\":1000,\"height\":1000},{\"@type\":\"BreadcrumbList\",\"@id\":\"https:\\\/\\\/masterchem.lv\\\/en\\\/product\\\/manganeseii-sulfate-monohydrate-cas-10034-96-5-325-ammonia-water\\\/#breadcrumb\",\"itemListElement\":[{\"@type\":\"ListItem\",\"position\":1,\"name\":\"Home\",\"item\":\"https:\\\/\\\/masterchem.lv\\\/en\\\/\"},{\"@type\":\"ListItem\",\"position\":2,\"name\":\"Shop\",\"item\":\"https:\\\/\\\/masterchem.lv\\\/shop\\\/\"},{\"@type\":\"ListItem\",\"position\":3,\"name\":\"Manganese(II) sulfate monohydrate CAS (10034-96-5) 32,5% ammonia water\"}]},{\"@type\":\"WebSite\",\"@id\":\"https:\\\/\\\/masterchem.lv\\\/en\\\/#website\",\"url\":\"https:\\\/\\\/masterchem.lv\\\/en\\\/\",\"name\":\"\u0136\u012bmija r\u016bpniec\u012bbai &mdash; &Scaron;\u0137\u012bdin\u0101t\u0101ji un \u0137\u012bmisk\u0101s vielas &mdash; Masterchem.ee\",\"description\":\"\u0136\u012bmija r\u016bpniec\u012bbai&nbsp;&mdash; &scaron;\u0137\u012bdin\u0101t\u0101ji un \u0137\u012bmisk\u0101s vielas\",\"potentialAction\":[{\"@type\":\"SearchAction\",\"target\":{\"@type\":\"EntryPoint\",\"urlTemplate\":\"https:\\\/\\\/masterchem.lv\\\/en\\\/?s={search_term_string}\"},\"query-input\":{\"@type\":\"PropertyValueSpecification\",\"valueRequired\":true,\"valueName\":\"search_term_string\"}}],\"inLanguage\":\"en-US\"}]}<\/script>\n<!-- \/ Yoast SEO plugin. -->","yoast_head_json":{"title":"Manganese(II) sulfate monohydrate CAS (10034-96-5) 32,5% ammonia water - \u0136\u012bmija r\u016bpniec\u012bbai &mdash; &Scaron;\u0137\u012bdin\u0101t\u0101ji un \u0137\u012bmisk\u0101s vielas &mdash; Masterchem.ee","description":"Manganese(II) sulfate monohydrate is one of the most abundant elements found in the earth\u2032s crust. Manganese occurs in the atmosphere from dust, volcanic activity, forest fires, and industrial emissions, and is also present in foods and drinking water.","robots":{"index":"index","follow":"follow","max-snippet":"max-snippet:-1","max-image-preview":"max-image-preview:large","max-video-preview":"max-video-preview:-1"},"canonical":"https:\/\/masterchem.lv\/en\/product\/manganeseii-sulfate-monohydrate-cas-10034-96-5-325-ammonia-water\/","og_locale":"en_US","og_type":"article","og_title":"Manganese(II) sulfate monohydrate CAS (10034-96-5) 32,5% ammonia water - \u0136\u012bmija r\u016bpniec\u012bbai &mdash; &Scaron;\u0137\u012bdin\u0101t\u0101ji un \u0137\u012bmisk\u0101s vielas &mdash; Masterchem.ee","og_description":"Manganese(II) sulfate monohydrate is one of the most abundant elements found in the earth\u2032s crust. Manganese occurs in the atmosphere from dust, volcanic activity, forest fires, and industrial emissions, and is also present in foods and drinking water.","og_url":"https:\/\/masterchem.lv\/en\/product\/manganeseii-sulfate-monohydrate-cas-10034-96-5-325-ammonia-water\/","og_site_name":"\u0136\u012bmija r\u016bpniec\u012bbai &mdash; &Scaron;\u0137\u012bdin\u0101t\u0101ji un \u0137\u012bmisk\u0101s vielas &mdash; Masterchem.ee","article_modified_time":"2023-12-07T06:59:52+00:00","og_image":[{"width":1000,"height":1000,"url":"https:\/\/masterchem.lv\/wp-content\/uploads\/2023\/12\/ManganeseII-sulfate-monohydrate-CAS-10034-96-5-325-list-ammoniaak-vesi-1000l-MaterChem.jpg","type":"image\/jpeg"}],"twitter_card":"summary_large_image","twitter_misc":{"Est. reading time":"1 minute"},"schema":{"@context":"https:\/\/schema.org","@graph":[{"@type":"WebPage","@id":"https:\/\/masterchem.lv\/en\/product\/manganeseii-sulfate-monohydrate-cas-10034-96-5-325-ammonia-water\/","url":"https:\/\/masterchem.lv\/en\/product\/manganeseii-sulfate-monohydrate-cas-10034-96-5-325-ammonia-water\/","name":"Manganese(II) sulfate monohydrate CAS (10034-96-5) 32,5% ammonia water - \u0136\u012bmija r\u016bpniec\u012bbai &mdash; &Scaron;\u0137\u012bdin\u0101t\u0101ji un \u0137\u012bmisk\u0101s vielas &mdash; Masterchem.ee","isPartOf":{"@id":"https:\/\/masterchem.lv\/en\/#website"},"primaryImageOfPage":{"@id":"https:\/\/masterchem.lv\/en\/product\/manganeseii-sulfate-monohydrate-cas-10034-96-5-325-ammonia-water\/#primaryimage"},"image":{"@id":"https:\/\/masterchem.lv\/en\/product\/manganeseii-sulfate-monohydrate-cas-10034-96-5-325-ammonia-water\/#primaryimage"},"thumbnailUrl":"https:\/\/masterchem.lv\/wp-content\/uploads\/2023\/12\/ManganeseII-sulfate-monohydrate-CAS-10034-96-5-325-list-ammoniaak-vesi-1000l-MaterChem.jpg","datePublished":"2023-12-07T06:56:14+00:00","dateModified":"2023-12-07T06:59:52+00:00","description":"Manganese(II) sulfate monohydrate is one of the most abundant elements found in the earth\u2032s crust. Manganese occurs in the atmosphere from dust, volcanic activity, forest fires, and industrial emissions, and is also present in foods and drinking water.","breadcrumb":{"@id":"https:\/\/masterchem.lv\/en\/product\/manganeseii-sulfate-monohydrate-cas-10034-96-5-325-ammonia-water\/#breadcrumb"},"inLanguage":"en-US","potentialAction":[{"@type":"ReadAction","target":["https:\/\/masterchem.lv\/en\/product\/manganeseii-sulfate-monohydrate-cas-10034-96-5-325-ammonia-water\/"]}]},{"@type":"ImageObject","inLanguage":"en-US","@id":"https:\/\/masterchem.lv\/en\/product\/manganeseii-sulfate-monohydrate-cas-10034-96-5-325-ammonia-water\/#primaryimage","url":"https:\/\/masterchem.lv\/wp-content\/uploads\/2023\/12\/ManganeseII-sulfate-monohydrate-CAS-10034-96-5-325-list-ammoniaak-vesi-1000l-MaterChem.jpg","contentUrl":"https:\/\/masterchem.lv\/wp-content\/uploads\/2023\/12\/ManganeseII-sulfate-monohydrate-CAS-10034-96-5-325-list-ammoniaak-vesi-1000l-MaterChem.jpg","width":1000,"height":1000},{"@type":"BreadcrumbList","@id":"https:\/\/masterchem.lv\/en\/product\/manganeseii-sulfate-monohydrate-cas-10034-96-5-325-ammonia-water\/#breadcrumb","itemListElement":[{"@type":"ListItem","position":1,"name":"Home","item":"https:\/\/masterchem.lv\/en\/"},{"@type":"ListItem","position":2,"name":"Shop","item":"https:\/\/masterchem.lv\/shop\/"},{"@type":"ListItem","position":3,"name":"Manganese(II) sulfate monohydrate CAS (10034-96-5) 32,5% ammonia water"}]},{"@type":"WebSite","@id":"https:\/\/masterchem.lv\/en\/#website","url":"https:\/\/masterchem.lv\/en\/","name":"\u0136\u012bmija r\u016bpniec\u012bbai &mdash; &Scaron;\u0137\u012bdin\u0101t\u0101ji un \u0137\u012bmisk\u0101s vielas &mdash; Masterchem.ee","description":"\u0136\u012bmija r\u016bpniec\u012bbai&nbsp;&mdash; &scaron;\u0137\u012bdin\u0101t\u0101ji un \u0137\u012bmisk\u0101s vielas","potentialAction":[{"@type":"SearchAction","target":{"@type":"EntryPoint","urlTemplate":"https:\/\/masterchem.lv\/en\/?s={search_term_string}"},"query-input":{"@type":"PropertyValueSpecification","valueRequired":true,"valueName":"search_term_string"}}],"inLanguage":"en-US"}]}},"_links":{"self":[{"href":"https:\/\/masterchem.lv\/en\/wp-json\/wp\/v2\/product\/15580","targetHints":{"allow":["GET"]}}],"collection":[{"href":"https:\/\/masterchem.lv\/en\/wp-json\/wp\/v2\/product"}],"about":[{"href":"https:\/\/masterchem.lv\/en\/wp-json\/wp\/v2\/types\/product"}],"wp:featuredmedia":[{"embeddable":true,"href":"https:\/\/masterchem.lv\/en\/wp-json\/wp\/v2\/media\/15615"}],"wp:attachment":[{"href":"https:\/\/masterchem.lv\/en\/wp-json\/wp\/v2\/media?parent=15580"}],"wp:term":[{"taxonomy":"product_brand","embeddable":true,"href":"https:\/\/masterchem.lv\/en\/wp-json\/wp\/v2\/product_brand?post=15580"},{"taxonomy":"product_cat","embeddable":true,"href":"https:\/\/masterchem.lv\/en\/wp-json\/wp\/v2\/product_cat?post=15580"},{"taxonomy":"product_tag","embeddable":true,"href":"https:\/\/masterchem.lv\/en\/wp-json\/wp\/v2\/product_tag?post=15580"}],"curies":[{"name":"wp","href":"https:\/\/api.w.org\/{rel}","templated":true}]}}