{"id":15732,"date":"2024-02-18T14:17:04","date_gmt":"2024-02-18T14:17:04","guid":{"rendered":"https:\/\/masterchem.lv\/?post_type=product&#038;p=15732"},"modified":"2024-02-21T19:21:53","modified_gmt":"2024-02-21T19:21:53","slug":"coolant-master-eco-30pro-heat-transfer-liquid","status":"publish","type":"product","link":"https:\/\/masterchem.lv\/en\/product\/coolant-master-eco-30pro-heat-transfer-liquid\/","title":{"rendered":"Coolant Master ECO-30PRO\u2122 heat transfer liquid"},"content":{"rendered":"<p><strong>Product properties:<\/strong><br \/>\nProduct type: Ready to use<br \/>\nFreezing point: -30\u00b0C<br \/>\nMain substance content: propylene glycol not less than 45% by weight<br \/>\nInhibitor: yes, ASTM D3306 standard<br \/>\nBoiling Point: (\u00b0C): 105\u00b0C<br \/>\nDensity at 20\u00baC: 1.042 g\/cm3<br \/>\nRecommended storage temperature minimum: 0 C maximum: 30 C<br \/>\nCountry of origin: Estonia<br \/>\nService life: at least 7 years and depends on operating rules<br \/>\nShelf life: 36 months.<br \/>\nPackaging: 5 lit, 25 lit, 200 lit, 1000 lit<br \/>\nArticle: ECO-30PRO57-55-6<br \/>\nEAN\t4742668000065 5-lit plastic can<br \/>\n\t4742668000379 20-lit plastic can<br \/>\n\t4742668000423 200-lit plastic drum<br \/>\n\t4742668000478 1000-lit IBC container<\/p>\n<p><strong>Description:<\/strong><br \/>\nMaster ECO\u2122 coolants for heating and heat exchange based on propylene glycol are characterized by the following positive properties:<br \/>\n\u25cf\tare environmentally friendly and non-toxic;<br \/>\n\u25cf\tMaster ECO\u2122 trademarks can withstand high temperatures;<br \/>\n\u25cf\treliably protect the heating system from freezing at low ambient temperatures in winter;<br \/>\n\u25cf\thave lubricating and bactericidal properties;<br \/>\n\u25cf\thave good thermophysical characteristics, thanks to which the room is heated evenly;<br \/>\n\u25cf\tfire and explosion proof;<br \/>\n\u25cf\tdo not form scale.<br \/>\n\u25cf\tneon dyes are used, which help to more easily detect the leak in the event of a leak in the system (the need for such an additive is indicated when ordering)<\/p>\n<p><strong>User manual:<\/strong><br \/>\nBefore using Master ECO\u2122 coolants, the heating system must be completely cleaned of waste liquid. You should also remove old deposits and scales from the circuit, eliminate corrosion traces, and ensure there are no zinc-containing parts.<\/p>\n<p>The heating system is filled by gravity, either manually or under pressure. The manual filling is applicable for open circuits. Coolant is pumped into closed heating systems under pressure using pumps.<\/p>\n<p>It is important to ensure a good seal, since aqueous propylene glycol solutions, having a high wetting effect, can leak where water does not flow. If it leaks, the efficiency of the entire heating system decreases. If they are detected, it is necessary to pause the entire system&#8217;s operation and eliminate the malfunction.<br \/>\nProcedure in case of emergency shutdown of the heating system.<br \/>\nSolutions of propylene and water at zero temperatures and below have a high level of viscosity. Therefore, if the system has cooled down, it is recommended to first turn on the heating elements themselves, and then start circulation. This will reduce the load on the pumps.<\/p>\n<p>The service life of Master ECO\u2122 coolants is at least 7 years. The price of the coolant depends on the concentration of the main base component. When ordering and purchasing it, it is necessary to consider the percentage of propylene glycol in the coolant brand. The temperature range in which the all-season low-freezing coolant will be in a working condition depends on this indicator.<\/p>\n<p><strong>Master ECO-30PRO\u2122 Thermophysical properties of 45% aqueous solution of propylene glycol, crystallization temperature minus &#8211; 30\u00b0C<\/strong><\/p>\n<table border=\"1\" cellspacing=\"0\" cellpadding=\"0\">\n<tbody>\n<tr>\n<td>\n<p>\t\t\t\t\t\t\t\tSolution temperature, t&deg;C\n\t\t\t\t\t\t\t<\/td>\n<td>\n<p>\t\t\t\t\t\t\t\tDensity, kg\/m**3\n\t\t\t\t\t\t\t<\/td>\n<td>\n<p>\t\t\t\t\t\t\t\tHeat capacity, Average, kJ\/(kg*K)\n\t\t\t\t\t\t\t<\/td>\n<td>\n<p>\t\t\t\t\t\t\t\tThermal conductivity, W\/(m*K)\n\t\t\t\t\t\t\t<\/td>\n<td>\n<p>\t\t\t\t\t\t\t\tDynamic viscosity, *10-3[N*s\/m**2]\n\t\t\t\t\t\t\t<\/td>\n<td>\n<p>\t\t\t\t\t\t\t\tKinematic viscosity, *10-6[(m**2\/s]\n\t\t\t\t\t\t\t<\/td>\n<\/tr>\n<tr>\n<td>\n<p>\t\t\t\t\t\t\t\t-30&deg;C\n\t\t\t\t\t\t\t<\/td>\n<td>\n<p>\t\t\t\t\t\t\t\t1066\n\t\t\t\t\t\t\t<\/td>\n<td>\n<p>\t\t\t\t\t\t\t\t3.45\n\t\t\t\t\t\t\t<\/td>\n<td>\n<p>\t\t\t\t\t\t\t\t0.397\n\t\t\t\t\t\t\t<\/td>\n<td>\n<p>\t\t\t\t\t\t\t\t160.2\n\t\t\t\t\t\t\t<\/td>\n<td>\n<p>\t\t\t\t\t\t\t\t150\n\t\t\t\t\t\t\t<\/td>\n<\/tr>\n<tr>\n<td>\n<p>\t\t\t\t\t\t\t\t-20&deg;C\n\t\t\t\t\t\t\t<\/td>\n<td>\n<p>\t\t\t\t\t\t\t\t1062\n\t\t\t\t\t\t\t<\/td>\n<td>\n<p>\t\t\t\t\t\t\t\t3.49\n\t\t\t\t\t\t\t<\/td>\n<td>\n<p>\t\t\t\t\t\t\t\t0.396\n\t\t\t\t\t\t\t<\/td>\n<td>\n<p>\t\t\t\t\t\t\t\t74.3\n\t\t\t\t\t\t\t<\/td>\n<td>\n<p>\t\t\t\t\t\t\t\t70\n\t\t\t\t\t\t\t<\/td>\n<\/tr>\n<tr>\n<td>\n<p>\t\t\t\t\t\t\t\t-10&deg;C\n\t\t\t\t\t\t\t<\/td>\n<td>\n<p>\t\t\t\t\t\t\t\t1058\n\t\t\t\t\t\t\t<\/td>\n<td>\n<p>\t\t\t\t\t\t\t\t3.52\n\t\t\t\t\t\t\t<\/td>\n<td>\n<p>\t\t\t\t\t\t\t\t0.395\n\t\t\t\t\t\t\t<\/td>\n<td>\n<p>\t\t\t\t\t\t\t\t31.74\n\t\t\t\t\t\t\t<\/td>\n<td>\n<p>\t\t\t\t\t\t\t\t30\n\t\t\t\t\t\t\t<\/td>\n<\/tr>\n<tr>\n<td>\n<p>\t\t\t\t\t\t\t\t0&deg;C\n\t\t\t\t\t\t\t<\/td>\n<td>\n<p>\t\t\t\t\t\t\t\t1054\n\t\t\t\t\t\t\t<\/td>\n<td>\n<p>\t\t\t\t\t\t\t\t3.56\n\t\t\t\t\t\t\t<\/td>\n<td>\n<p>\t\t\t\t\t\t\t\t0.395\n\t\t\t\t\t\t\t<\/td>\n<td>\n<p>\t\t\t\t\t\t\t\t18.97\n\t\t\t\t\t\t\t<\/td>\n<td>\n<p>\t\t\t\t\t\t\t\t18\n\t\t\t\t\t\t\t<\/td>\n<\/tr>\n<tr>\n<td>\n<p>\t\t\t\t\t\t\t\t20&deg;C\n\t\t\t\t\t\t\t<\/td>\n<td>\n<p>\t\t\t\t\t\t\t\t1042\n\t\t\t\t\t\t\t<\/td>\n<td>\n<p>\t\t\t\t\t\t\t\t3.62\n\t\t\t\t\t\t\t<\/td>\n<td>\n<p>\t\t\t\t\t\t\t\t0.394\n\t\t\t\t\t\t\t<\/td>\n<td>\n<p>\t\t\t\t\t\t\t\t6,264\n\t\t\t\t\t\t\t<\/td>\n<td>\n<p>\t\t\t\t\t\t\t\t6\n\t\t\t\t\t\t\t<\/td>\n<\/tr>\n<tr>\n<td>\n<p>\t\t\t\t\t\t\t\t40&deg;C\n\t\t\t\t\t\t\t<\/td>\n<td>\n<p>\t\t\t\t\t\t\t\t1033\n\t\t\t\t\t\t\t<\/td>\n<td>\n<p>\t\t\t\t\t\t\t\t3.69\n\t\t\t\t\t\t\t<\/td>\n<td>\n<p>\t\t\t\t\t\t\t\t0.393\n\t\t\t\t\t\t\t<\/td>\n<td>\n<p>\t\t\t\t\t\t\t\t2,978\n\t\t\t\t\t\t\t<\/td>\n<td>\n<p>\t\t\t\t\t\t\t\t2.9\n\t\t\t\t\t\t\t<\/td>\n<\/tr>\n<tr>\n<td>\n<p>\t\t\t\t\t\t\t\t60&deg;C\n\t\t\t\t\t\t\t<\/td>\n<td>\n<p>\t\t\t\t\t\t\t\t1015\n\t\t\t\t\t\t\t<\/td>\n<td>\n<p>\t\t\t\t\t\t\t\t3.76\n\t\t\t\t\t\t\t<\/td>\n<td>\n<p>\t\t\t\t\t\t\t\t0.391\n\t\t\t\t\t\t\t<\/td>\n<td>\n<p>\t\t\t\t\t\t\t\t1.624\n\t\t\t\t\t\t\t<\/td>\n<td>\n<p>\t\t\t\t\t\t\t\t1.6\n\t\t\t\t\t\t\t<\/td>\n<\/tr>\n<tr>\n<td>\n<p>\t\t\t\t\t\t\t\t80&deg;C\n\t\t\t\t\t\t\t<\/td>\n<td>\n<p>\t\t\t\t\t\t\t\t999\n\t\t\t\t\t\t\t<\/td>\n<td>\n<p>\t\t\t\t\t\t\t\t3.82\n\t\t\t\t\t\t\t<\/td>\n<td>\n<p>\t\t\t\t\t\t\t\t0.391\n\t\t\t\t\t\t\t<\/td>\n<td>\n<p>\t\t\t\t\t\t\t\t1.10\n\t\t\t\t\t\t\t<\/td>\n<td>\n<p>\t\t\t\t\t\t\t\t1.1\n\t\t\t\t\t\t\t<\/td>\n<\/tr>\n<tr>\n<td>\n<p>\t\t\t\t\t\t\t\t100&deg;C\n\t\t\t\t\t\t\t<\/td>\n<td>\n<p>\t\t\t\t\t\t\t\t984\n\t\t\t\t\t\t\t<\/td>\n<td>\n<p>\t\t\t\t\t\t\t\t3.89\n\t\t\t\t\t\t\t<\/td>\n<td>\n<p>\t\t\t\t\t\t\t\t0.390\n\t\t\t\t\t\t\t<\/td>\n<td>\n<p>\t\t\t\t\t\t\t\t0.807\n\t\t\t\t\t\t\t<\/td>\n<td>\n<p>\t\t\t\t\t\t\t\t0.82\n\t\t\t\t\t\t\t<\/td>\n<\/tr>\n<\/tbody>\n<\/table>\n","protected":false},"excerpt":{"rendered":"<p>High-quality coolant based on propylene glycol, with the addition of innovative, depletion-resistant corrosion inhibitors.<br \/>\nMaster ECO-30PRO\u2122 is non-toxic and completely environmentally friendly; it can be used in heating systems of both public and residential buildings. Suitable for use in the food and pharmaceutical industries.<br \/>\nOur product is non-aggressive to plastic, textiles, rubber, and other materials.<br \/>\nThe prepared propylene glycol solution is completely fireproof and its use eliminates the possibility of explosion.<\/p>\n<p><a target=\"_blank\" href=\"https:\/\/masterchem.ee\/wp-content\/uploads\/2024\/02\/Master-ECO-30PRO-technical-data-sheet-ENG-2024.pdf\" class=\"pdf\" alt=\"Coolant Master ECO-30PRO\u2122 TDS\" title=\"Coolant Master ECO-30PRO\u2122 TDS\" rel=\"noopener\">Coolant Master ECO-30PRO\u2122 TDS<\/a><\/p>\n","protected":false},"featured_media":15860,"template":"","meta":{"_monsterinsights_skip_tracking":false,"_monsterinsights_sitenote_active":false,"_monsterinsights_sitenote_note":"","_monsterinsights_sitenote_category":0},"product_brand":[],"product_cat":[167,65,169,88,92,104],"product_tag":[],"class_list":{"0":"post-15732","1":"product","2":"type-product","3":"status-publish","4":"has-post-thumbnail","6":"product_cat-all-goods","7":"product_cat-antifreeze","8":"product_cat-antifreezing-liquids","9":"product_cat-building-industry","10":"product_cat-household-chemicals","11":"product_cat-industrial-chemicals","13":"first","14":"instock","15":"taxable","16":"shipping-taxable","17":"purchasable","18":"product-type-variable","19":"has-default-attributes"},"yoast_head":"<!-- This site is optimized with the Yoast SEO plugin v27.3 - https:\/\/yoast.com\/product\/yoast-seo-wordpress\/ -->\n<title>Coolant Master ECO-30PRO\u2122 heat transfer liquid - \u0136\u012bmija r\u016bpniec\u012bbai &mdash; &Scaron;\u0137\u012bdin\u0101t\u0101ji un \u0137\u012bmisk\u0101s vielas &mdash; Masterchem.ee<\/title>\n<meta name=\"description\" content=\"High-quality coolant based on propylene glycol, with the addition of innovative, depletion-resistant corrosion inhibitors.\" \/>\n<meta name=\"robots\" content=\"index, follow, max-snippet:-1, max-image-preview:large, max-video-preview:-1\" \/>\n<link rel=\"canonical\" href=\"https:\/\/masterchem.lv\/en\/product\/coolant-master-eco-30pro-heat-transfer-liquid\/\" \/>\n<meta property=\"og:locale\" content=\"en_US\" \/>\n<meta property=\"og:type\" content=\"article\" \/>\n<meta property=\"og:title\" content=\"Coolant Master ECO-30PRO\u2122 heat transfer liquid - \u0136\u012bmija r\u016bpniec\u012bbai &mdash; &Scaron;\u0137\u012bdin\u0101t\u0101ji un \u0137\u012bmisk\u0101s vielas &mdash; Masterchem.ee\" \/>\n<meta property=\"og:description\" content=\"High-quality coolant based on propylene glycol, with the addition of innovative, depletion-resistant corrosion inhibitors.\" \/>\n<meta property=\"og:url\" content=\"https:\/\/masterchem.lv\/en\/product\/coolant-master-eco-30pro-heat-transfer-liquid\/\" \/>\n<meta property=\"og:site_name\" content=\"\u0136\u012bmija r\u016bpniec\u012bbai &mdash; &Scaron;\u0137\u012bdin\u0101t\u0101ji un \u0137\u012bmisk\u0101s vielas &mdash; Masterchem.ee\" \/>\n<meta property=\"article:modified_time\" content=\"2024-02-21T19:21:53+00:00\" \/>\n<meta property=\"og:image\" content=\"https:\/\/masterchem.lv\/wp-content\/uploads\/2024\/02\/MasterChem_Coolant-Master-ECO-30PRO_1000L.jpg\" \/>\n\t<meta property=\"og:image:width\" content=\"1941\" \/>\n\t<meta property=\"og:image:height\" content=\"2019\" \/>\n\t<meta property=\"og:image:type\" content=\"image\/jpeg\" \/>\n<meta name=\"twitter:card\" content=\"summary_large_image\" \/>\n<meta name=\"twitter:label1\" content=\"Est. reading time\" \/>\n\t<meta name=\"twitter:data1\" content=\"4 minutes\" \/>\n<script type=\"application\/ld+json\" class=\"yoast-schema-graph\">{\"@context\":\"https:\\\/\\\/schema.org\",\"@graph\":[{\"@type\":\"WebPage\",\"@id\":\"https:\\\/\\\/masterchem.lv\\\/en\\\/product\\\/coolant-master-eco-30pro-heat-transfer-liquid\\\/\",\"url\":\"https:\\\/\\\/masterchem.lv\\\/en\\\/product\\\/coolant-master-eco-30pro-heat-transfer-liquid\\\/\",\"name\":\"Coolant Master ECO-30PRO\u2122 heat transfer liquid - \u0136\u012bmija r\u016bpniec\u012bbai &mdash; &Scaron;\u0137\u012bdin\u0101t\u0101ji un \u0137\u012bmisk\u0101s vielas &mdash; Masterchem.ee\",\"isPartOf\":{\"@id\":\"https:\\\/\\\/masterchem.lv\\\/en\\\/#website\"},\"primaryImageOfPage\":{\"@id\":\"https:\\\/\\\/masterchem.lv\\\/en\\\/product\\\/coolant-master-eco-30pro-heat-transfer-liquid\\\/#primaryimage\"},\"image\":{\"@id\":\"https:\\\/\\\/masterchem.lv\\\/en\\\/product\\\/coolant-master-eco-30pro-heat-transfer-liquid\\\/#primaryimage\"},\"thumbnailUrl\":\"https:\\\/\\\/masterchem.lv\\\/wp-content\\\/uploads\\\/2024\\\/02\\\/MasterChem_Coolant-Master-ECO-30PRO_1000L.jpg\",\"datePublished\":\"2024-02-18T14:17:04+00:00\",\"dateModified\":\"2024-02-21T19:21:53+00:00\",\"description\":\"High-quality coolant based on propylene glycol, with the addition of innovative, depletion-resistant corrosion inhibitors.\",\"breadcrumb\":{\"@id\":\"https:\\\/\\\/masterchem.lv\\\/en\\\/product\\\/coolant-master-eco-30pro-heat-transfer-liquid\\\/#breadcrumb\"},\"inLanguage\":\"en-US\",\"potentialAction\":[{\"@type\":\"ReadAction\",\"target\":[\"https:\\\/\\\/masterchem.lv\\\/en\\\/product\\\/coolant-master-eco-30pro-heat-transfer-liquid\\\/\"]}]},{\"@type\":\"ImageObject\",\"inLanguage\":\"en-US\",\"@id\":\"https:\\\/\\\/masterchem.lv\\\/en\\\/product\\\/coolant-master-eco-30pro-heat-transfer-liquid\\\/#primaryimage\",\"url\":\"https:\\\/\\\/masterchem.lv\\\/wp-content\\\/uploads\\\/2024\\\/02\\\/MasterChem_Coolant-Master-ECO-30PRO_1000L.jpg\",\"contentUrl\":\"https:\\\/\\\/masterchem.lv\\\/wp-content\\\/uploads\\\/2024\\\/02\\\/MasterChem_Coolant-Master-ECO-30PRO_1000L.jpg\",\"width\":1941,\"height\":2019,\"caption\":\"Coolant Master ECO-30PRO\u2122 heat transfer liquid 1000L\"},{\"@type\":\"BreadcrumbList\",\"@id\":\"https:\\\/\\\/masterchem.lv\\\/en\\\/product\\\/coolant-master-eco-30pro-heat-transfer-liquid\\\/#breadcrumb\",\"itemListElement\":[{\"@type\":\"ListItem\",\"position\":1,\"name\":\"Home\",\"item\":\"https:\\\/\\\/masterchem.lv\\\/en\\\/\"},{\"@type\":\"ListItem\",\"position\":2,\"name\":\"Shop\",\"item\":\"https:\\\/\\\/masterchem.lv\\\/shop\\\/\"},{\"@type\":\"ListItem\",\"position\":3,\"name\":\"Coolant Master ECO-30PRO\u2122 heat transfer liquid\"}]},{\"@type\":\"WebSite\",\"@id\":\"https:\\\/\\\/masterchem.lv\\\/en\\\/#website\",\"url\":\"https:\\\/\\\/masterchem.lv\\\/en\\\/\",\"name\":\"\u0136\u012bmija r\u016bpniec\u012bbai &mdash; &Scaron;\u0137\u012bdin\u0101t\u0101ji un \u0137\u012bmisk\u0101s vielas &mdash; Masterchem.ee\",\"description\":\"\u0136\u012bmija r\u016bpniec\u012bbai&nbsp;&mdash; &scaron;\u0137\u012bdin\u0101t\u0101ji un \u0137\u012bmisk\u0101s vielas\",\"potentialAction\":[{\"@type\":\"SearchAction\",\"target\":{\"@type\":\"EntryPoint\",\"urlTemplate\":\"https:\\\/\\\/masterchem.lv\\\/en\\\/?s={search_term_string}\"},\"query-input\":{\"@type\":\"PropertyValueSpecification\",\"valueRequired\":true,\"valueName\":\"search_term_string\"}}],\"inLanguage\":\"en-US\"}]}<\/script>\n<!-- \/ Yoast SEO plugin. -->","yoast_head_json":{"title":"Coolant Master ECO-30PRO\u2122 heat transfer liquid - \u0136\u012bmija r\u016bpniec\u012bbai &mdash; &Scaron;\u0137\u012bdin\u0101t\u0101ji un \u0137\u012bmisk\u0101s vielas &mdash; Masterchem.ee","description":"High-quality coolant based on propylene glycol, with the addition of innovative, depletion-resistant corrosion inhibitors.","robots":{"index":"index","follow":"follow","max-snippet":"max-snippet:-1","max-image-preview":"max-image-preview:large","max-video-preview":"max-video-preview:-1"},"canonical":"https:\/\/masterchem.lv\/en\/product\/coolant-master-eco-30pro-heat-transfer-liquid\/","og_locale":"en_US","og_type":"article","og_title":"Coolant Master ECO-30PRO\u2122 heat transfer liquid - \u0136\u012bmija r\u016bpniec\u012bbai &mdash; &Scaron;\u0137\u012bdin\u0101t\u0101ji un \u0137\u012bmisk\u0101s vielas &mdash; Masterchem.ee","og_description":"High-quality coolant based on propylene glycol, with the addition of innovative, depletion-resistant corrosion inhibitors.","og_url":"https:\/\/masterchem.lv\/en\/product\/coolant-master-eco-30pro-heat-transfer-liquid\/","og_site_name":"\u0136\u012bmija r\u016bpniec\u012bbai &mdash; &Scaron;\u0137\u012bdin\u0101t\u0101ji un \u0137\u012bmisk\u0101s vielas &mdash; Masterchem.ee","article_modified_time":"2024-02-21T19:21:53+00:00","og_image":[{"width":1941,"height":2019,"url":"https:\/\/masterchem.lv\/wp-content\/uploads\/2024\/02\/MasterChem_Coolant-Master-ECO-30PRO_1000L.jpg","type":"image\/jpeg"}],"twitter_card":"summary_large_image","twitter_misc":{"Est. reading time":"4 minutes"},"schema":{"@context":"https:\/\/schema.org","@graph":[{"@type":"WebPage","@id":"https:\/\/masterchem.lv\/en\/product\/coolant-master-eco-30pro-heat-transfer-liquid\/","url":"https:\/\/masterchem.lv\/en\/product\/coolant-master-eco-30pro-heat-transfer-liquid\/","name":"Coolant Master ECO-30PRO\u2122 heat transfer liquid - \u0136\u012bmija r\u016bpniec\u012bbai &mdash; &Scaron;\u0137\u012bdin\u0101t\u0101ji un \u0137\u012bmisk\u0101s vielas &mdash; Masterchem.ee","isPartOf":{"@id":"https:\/\/masterchem.lv\/en\/#website"},"primaryImageOfPage":{"@id":"https:\/\/masterchem.lv\/en\/product\/coolant-master-eco-30pro-heat-transfer-liquid\/#primaryimage"},"image":{"@id":"https:\/\/masterchem.lv\/en\/product\/coolant-master-eco-30pro-heat-transfer-liquid\/#primaryimage"},"thumbnailUrl":"https:\/\/masterchem.lv\/wp-content\/uploads\/2024\/02\/MasterChem_Coolant-Master-ECO-30PRO_1000L.jpg","datePublished":"2024-02-18T14:17:04+00:00","dateModified":"2024-02-21T19:21:53+00:00","description":"High-quality coolant based on propylene glycol, with the addition of innovative, depletion-resistant corrosion inhibitors.","breadcrumb":{"@id":"https:\/\/masterchem.lv\/en\/product\/coolant-master-eco-30pro-heat-transfer-liquid\/#breadcrumb"},"inLanguage":"en-US","potentialAction":[{"@type":"ReadAction","target":["https:\/\/masterchem.lv\/en\/product\/coolant-master-eco-30pro-heat-transfer-liquid\/"]}]},{"@type":"ImageObject","inLanguage":"en-US","@id":"https:\/\/masterchem.lv\/en\/product\/coolant-master-eco-30pro-heat-transfer-liquid\/#primaryimage","url":"https:\/\/masterchem.lv\/wp-content\/uploads\/2024\/02\/MasterChem_Coolant-Master-ECO-30PRO_1000L.jpg","contentUrl":"https:\/\/masterchem.lv\/wp-content\/uploads\/2024\/02\/MasterChem_Coolant-Master-ECO-30PRO_1000L.jpg","width":1941,"height":2019,"caption":"Coolant Master ECO-30PRO\u2122 heat transfer liquid 1000L"},{"@type":"BreadcrumbList","@id":"https:\/\/masterchem.lv\/en\/product\/coolant-master-eco-30pro-heat-transfer-liquid\/#breadcrumb","itemListElement":[{"@type":"ListItem","position":1,"name":"Home","item":"https:\/\/masterchem.lv\/en\/"},{"@type":"ListItem","position":2,"name":"Shop","item":"https:\/\/masterchem.lv\/shop\/"},{"@type":"ListItem","position":3,"name":"Coolant Master ECO-30PRO\u2122 heat transfer liquid"}]},{"@type":"WebSite","@id":"https:\/\/masterchem.lv\/en\/#website","url":"https:\/\/masterchem.lv\/en\/","name":"\u0136\u012bmija r\u016bpniec\u012bbai &mdash; &Scaron;\u0137\u012bdin\u0101t\u0101ji un \u0137\u012bmisk\u0101s vielas &mdash; Masterchem.ee","description":"\u0136\u012bmija r\u016bpniec\u012bbai&nbsp;&mdash; &scaron;\u0137\u012bdin\u0101t\u0101ji un \u0137\u012bmisk\u0101s vielas","potentialAction":[{"@type":"SearchAction","target":{"@type":"EntryPoint","urlTemplate":"https:\/\/masterchem.lv\/en\/?s={search_term_string}"},"query-input":{"@type":"PropertyValueSpecification","valueRequired":true,"valueName":"search_term_string"}}],"inLanguage":"en-US"}]}},"_links":{"self":[{"href":"https:\/\/masterchem.lv\/en\/wp-json\/wp\/v2\/product\/15732","targetHints":{"allow":["GET"]}}],"collection":[{"href":"https:\/\/masterchem.lv\/en\/wp-json\/wp\/v2\/product"}],"about":[{"href":"https:\/\/masterchem.lv\/en\/wp-json\/wp\/v2\/types\/product"}],"wp:featuredmedia":[{"embeddable":true,"href":"https:\/\/masterchem.lv\/en\/wp-json\/wp\/v2\/media\/15860"}],"wp:attachment":[{"href":"https:\/\/masterchem.lv\/en\/wp-json\/wp\/v2\/media?parent=15732"}],"wp:term":[{"taxonomy":"product_brand","embeddable":true,"href":"https:\/\/masterchem.lv\/en\/wp-json\/wp\/v2\/product_brand?post=15732"},{"taxonomy":"product_cat","embeddable":true,"href":"https:\/\/masterchem.lv\/en\/wp-json\/wp\/v2\/product_cat?post=15732"},{"taxonomy":"product_tag","embeddable":true,"href":"https:\/\/masterchem.lv\/en\/wp-json\/wp\/v2\/product_tag?post=15732"}],"curies":[{"name":"wp","href":"https:\/\/api.w.org\/{rel}","templated":true}]}}