{"id":16039,"date":"2024-03-18T18:07:57","date_gmt":"2024-03-18T18:07:57","guid":{"rendered":"https:\/\/masterchem.lv\/?post_type=product&#038;p=16039"},"modified":"2024-03-18T18:12:21","modified_gmt":"2024-03-18T18:12:21","slug":"coolant-master-bio-30pro-heat-transfer-liquid-glycerine-base","status":"publish","type":"product","link":"https:\/\/masterchem.lv\/en\/product\/coolant-master-bio-30pro-heat-transfer-liquid-glycerine-base\/","title":{"rendered":"Coolant Master BIO-30PRO\u2122 heat transfer liquid glycerine base"},"content":{"rendered":"<p><strong>Product properties:<\/strong><br \/>\nProduct type: Ready to use<br \/>\nFreezing point: -30,6\u00b0C<br \/>\nMain substance content: glycerol not less than 57% by weight<br \/>\nInhibitor: yes, ASTM D3306 standard<br \/>\nBoiling Point at normal pressure: (\u00b0C): 108\u00b0C<br \/>\nDensity at 20\u00baC: 1,145 g\/cm3<br \/>\nRecommended storage temperature minimum: 0 C maximum: 30 C<br \/>\nCountry of origin: Estonia<br \/>\nService life: at least 5 years and depends on operating rules<br \/>\nShelf life: 60 months.<br \/>\nArticle: BIO-30PRO56-81-5<\/p>\n<p><strong>Additional Product Description:<\/strong><br \/>\nMaster BIO\u2122 coolants for heating and heat exchange based on glycerol are characterized by the following positive properties:<br \/>\n\u25cf\tare environmentally friendly and non-toxic;<br \/>\n\u25cf\tMaster BIO\u2122 trademarks can withstand high temperatures;<br \/>\n\u25cf\treliably protect the heating system from freezing at low ambient temperatures in winter;<br \/>\n\u25cf\thave lubricating and bactericidal properties;<br \/>\n\u25cf\thave good thermophysical characteristics, thanks to which the room is heated evenly;<br \/>\n\u25cf\tfire and explosion proof;<br \/>\n\u25cf\tdo not form scale.<br \/>\n\u25cf\tneon dyes are used, which help to more easily detect the leak in the event of a leak in the system (the need for such an additive is indicated when ordering)<\/p>\n<p><strong>Master BIO-30PRO\u2122 Thermophysical properties aqueous solution of glycerol, crystallization temperature minus &#8211; 30\u00b0C<\/strong><\/p>\n<table border=\"1\" cellspacing=\"0\" cellpadding=\"0\">\n<tbody>\n<tr>\n<td>Temperature \u043e\u0421<\/td>\n<td>0<\/td>\n<td>20<\/td>\n<td>40<\/td>\n<td>60<\/td>\n<td>80<\/td>\n<td>100<\/td>\n<\/tr>\n<tr>\n<td>Density &rho;, g\/cm3<\/td>\n<td>1,154<\/td>\n<td>1,145<\/td>\n<td>1,134<\/td>\n<td>1,122<\/td>\n<td>1,110<\/td>\n<td>1,095<\/td>\n<\/tr>\n<tr>\n<td>Viscosity &mu;, Pa*10-3<\/td>\n<td>25,37<\/td>\n<td>9,37<\/td>\n<td>4,48<\/td>\n<td>2,55<\/td>\n<td>1,66<\/td>\n<td>1,17<\/td>\n<\/tr>\n<tr>\n<td>Thermal Conductivity W\/(cm&bull;oC)<\/td>\n<td>&#8211;<\/td>\n<td>0,39<\/td>\n<td>0,40<\/td>\n<td>0,41<\/td>\n<td>0,42<\/td>\n<td>&#8211;<\/td>\n<\/tr>\n<tr>\n<td>Heat Capacity kJ\/(kg&bull;oC)<\/td>\n<td>&#8211;<\/td>\n<td>1,625<\/td>\n<td>1,650<\/td>\n<td>1,679<\/td>\n<td>1,710<\/td>\n<td>&#8211;<\/td>\n<\/tr>\n<\/tbody>\n<\/table>\n<p><strong>User manual:<\/strong><\/p>\n<p>Before using Master BIO\u2122 coolants, the heating system must be completely cleaned of waste liquid. You should also remove old deposits and scales from the circuit, and eliminate corrosion traces.<\/p>\n<p>The product is offered completely ready for use (there is no need to dilute or add anything to it), and it goes on sale in a sealed container. It is strongly recommended to store it in a cool place. Try to prevent direct sunlight from entering the container with the composition. This can lead to a deterioration in its properties, leveling out the positive characteristics of additional components and the main viscous substance &#8211; glycerin.<\/p>\n<p>The heating system is filled by gravity, either manually or under pressure. The manual filling is applicable for open circuits. Coolant is pumped into closed heating systems under pressure using pumps.<\/p>\n<p>It is important to ensure a good seal, since glycerine aqueous solutions, having a high wetting effect, can leak where water does not flow. If it leaks, the efficiency of the entire heating system decreases. If they are detected, it is necessary to pause the entire system&#8217;s operation and eliminate the malfunction.<br \/>\nProcedure in case of emergency shutdown of the heating system.<br \/>\nSolutions of glycerin and water at zero temperatures and below have a high level of viscosity. Therefore, if the system has cooled down, it is recommended to first turn on the heating elements themselves, and then start circulation. This will reduce the load on the pumps.<\/p>\n<p>The service life of Master BIO\u2122 coolants is at least 5 years. The price of the coolant depends on the concentration of the main base component. When ordering and purchasing it, it is necessary to consider the percentage of glycerol in the coolant brand. The temperature range in which the all-season low-freezing coolant will be in a working condition depends on this indicator.<\/p>\n","protected":false},"excerpt":{"rendered":"<p>Master BIO-30PRO\u2122 coolant features comprehensive protection against freezing and corrosion, an exceptional safety profile for the environment and humans, and universal application in various sectors of the food industry. Can be used in heating systems of both public and residential buildings. Its glycerin base not only ensures efficient heat transfer but also promotes lubrication and maintenance of system components. Do not damage products made of rubber, plastic, cast iron, steel, or aluminum alloys. The prepared glycerin solution is completely fireproof and its use eliminates the possibility of explosion.<br \/>\nThis product is an excellent choice for those looking for a reliable, high-quality coolant that meets sustainability goals.<\/p>\n","protected":false},"featured_media":16066,"template":"","meta":{"_monsterinsights_skip_tracking":false,"_monsterinsights_sitenote_active":false,"_monsterinsights_sitenote_note":"","_monsterinsights_sitenote_category":0},"product_brand":[],"product_cat":[167,65,169,88,92,104],"product_tag":[],"class_list":{"0":"post-16039","1":"product","2":"type-product","3":"status-publish","4":"has-post-thumbnail","6":"product_cat-all-goods","7":"product_cat-antifreeze","8":"product_cat-antifreezing-liquids","9":"product_cat-building-industry","10":"product_cat-household-chemicals","11":"product_cat-industrial-chemicals","13":"first","14":"instock","15":"taxable","16":"shipping-taxable","17":"purchasable","18":"product-type-variable","19":"has-default-attributes"},"yoast_head":"<!-- This site is optimized with the Yoast SEO plugin v27.3 - https:\/\/yoast.com\/product\/yoast-seo-wordpress\/ -->\n<title>Coolant Master BIO-30PRO\u2122 heat transfer liquid glycerine base - \u0136\u012bmija r\u016bpniec\u012bbai &mdash; &Scaron;\u0137\u012bdin\u0101t\u0101ji un \u0137\u012bmisk\u0101s vielas &mdash; Masterchem.ee<\/title>\n<meta name=\"description\" content=\"Master BIO-30PRO\u2122 coolant features comprehensive protection against freezing and corrosion, an exceptional safety profile for the environment and humans, and universal application in various sectors of the food industry.\" \/>\n<meta name=\"robots\" content=\"index, follow, max-snippet:-1, max-image-preview:large, max-video-preview:-1\" \/>\n<link rel=\"canonical\" href=\"https:\/\/masterchem.lv\/en\/product\/coolant-master-bio-30pro-heat-transfer-liquid-glycerine-base\/\" \/>\n<meta property=\"og:locale\" content=\"en_US\" \/>\n<meta property=\"og:type\" content=\"article\" \/>\n<meta property=\"og:title\" content=\"Coolant Master BIO-30PRO\u2122 heat transfer liquid glycerine base - \u0136\u012bmija r\u016bpniec\u012bbai &mdash; &Scaron;\u0137\u012bdin\u0101t\u0101ji un \u0137\u012bmisk\u0101s vielas &mdash; Masterchem.ee\" \/>\n<meta property=\"og:description\" content=\"Master BIO-30PRO\u2122 coolant features comprehensive protection against freezing and corrosion, an exceptional safety profile for the environment and humans, and universal application in various sectors of the food industry.\" \/>\n<meta property=\"og:url\" content=\"https:\/\/masterchem.lv\/en\/product\/coolant-master-bio-30pro-heat-transfer-liquid-glycerine-base\/\" \/>\n<meta property=\"og:site_name\" content=\"\u0136\u012bmija r\u016bpniec\u012bbai &mdash; &Scaron;\u0137\u012bdin\u0101t\u0101ji un \u0137\u012bmisk\u0101s vielas &mdash; Masterchem.ee\" \/>\n<meta property=\"article:modified_time\" content=\"2024-03-18T18:12:21+00:00\" \/>\n<meta property=\"og:image\" content=\"https:\/\/masterchem.lv\/wp-content\/uploads\/2024\/03\/MasterChem_Coolant-Master-BIO-30PRO-1000L.jpg\" \/>\n\t<meta property=\"og:image:width\" content=\"1800\" \/>\n\t<meta property=\"og:image:height\" content=\"1800\" \/>\n\t<meta property=\"og:image:type\" content=\"image\/jpeg\" \/>\n<meta name=\"twitter:card\" content=\"summary_large_image\" \/>\n<meta name=\"twitter:label1\" content=\"Est. reading time\" \/>\n\t<meta name=\"twitter:data1\" content=\"4 minutes\" \/>\n<script type=\"application\/ld+json\" class=\"yoast-schema-graph\">{\"@context\":\"https:\\\/\\\/schema.org\",\"@graph\":[{\"@type\":\"WebPage\",\"@id\":\"https:\\\/\\\/masterchem.lv\\\/en\\\/product\\\/coolant-master-bio-30pro-heat-transfer-liquid-glycerine-base\\\/\",\"url\":\"https:\\\/\\\/masterchem.lv\\\/en\\\/product\\\/coolant-master-bio-30pro-heat-transfer-liquid-glycerine-base\\\/\",\"name\":\"Coolant Master BIO-30PRO\u2122 heat transfer liquid glycerine base - \u0136\u012bmija r\u016bpniec\u012bbai &mdash; &Scaron;\u0137\u012bdin\u0101t\u0101ji un \u0137\u012bmisk\u0101s vielas &mdash; Masterchem.ee\",\"isPartOf\":{\"@id\":\"https:\\\/\\\/masterchem.lv\\\/en\\\/#website\"},\"primaryImageOfPage\":{\"@id\":\"https:\\\/\\\/masterchem.lv\\\/en\\\/product\\\/coolant-master-bio-30pro-heat-transfer-liquid-glycerine-base\\\/#primaryimage\"},\"image\":{\"@id\":\"https:\\\/\\\/masterchem.lv\\\/en\\\/product\\\/coolant-master-bio-30pro-heat-transfer-liquid-glycerine-base\\\/#primaryimage\"},\"thumbnailUrl\":\"https:\\\/\\\/masterchem.lv\\\/wp-content\\\/uploads\\\/2024\\\/03\\\/MasterChem_Coolant-Master-BIO-30PRO-1000L.jpg\",\"datePublished\":\"2024-03-18T18:07:57+00:00\",\"dateModified\":\"2024-03-18T18:12:21+00:00\",\"description\":\"Master BIO-30PRO\u2122 coolant features comprehensive protection against freezing and corrosion, an exceptional safety profile for the environment and humans, and universal application in various sectors of the food industry.\",\"breadcrumb\":{\"@id\":\"https:\\\/\\\/masterchem.lv\\\/en\\\/product\\\/coolant-master-bio-30pro-heat-transfer-liquid-glycerine-base\\\/#breadcrumb\"},\"inLanguage\":\"en-US\",\"potentialAction\":[{\"@type\":\"ReadAction\",\"target\":[\"https:\\\/\\\/masterchem.lv\\\/en\\\/product\\\/coolant-master-bio-30pro-heat-transfer-liquid-glycerine-base\\\/\"]}]},{\"@type\":\"ImageObject\",\"inLanguage\":\"en-US\",\"@id\":\"https:\\\/\\\/masterchem.lv\\\/en\\\/product\\\/coolant-master-bio-30pro-heat-transfer-liquid-glycerine-base\\\/#primaryimage\",\"url\":\"https:\\\/\\\/masterchem.lv\\\/wp-content\\\/uploads\\\/2024\\\/03\\\/MasterChem_Coolant-Master-BIO-30PRO-1000L.jpg\",\"contentUrl\":\"https:\\\/\\\/masterchem.lv\\\/wp-content\\\/uploads\\\/2024\\\/03\\\/MasterChem_Coolant-Master-BIO-30PRO-1000L.jpg\",\"width\":1800,\"height\":1800,\"caption\":\"Coolant Master BIO-30PRO\u2122 heat transfer liquid glycerine base 1000L\"},{\"@type\":\"BreadcrumbList\",\"@id\":\"https:\\\/\\\/masterchem.lv\\\/en\\\/product\\\/coolant-master-bio-30pro-heat-transfer-liquid-glycerine-base\\\/#breadcrumb\",\"itemListElement\":[{\"@type\":\"ListItem\",\"position\":1,\"name\":\"Home\",\"item\":\"https:\\\/\\\/masterchem.lv\\\/en\\\/\"},{\"@type\":\"ListItem\",\"position\":2,\"name\":\"Shop\",\"item\":\"https:\\\/\\\/masterchem.lv\\\/shop\\\/\"},{\"@type\":\"ListItem\",\"position\":3,\"name\":\"Coolant Master BIO-30PRO\u2122 heat transfer liquid glycerine base\"}]},{\"@type\":\"WebSite\",\"@id\":\"https:\\\/\\\/masterchem.lv\\\/en\\\/#website\",\"url\":\"https:\\\/\\\/masterchem.lv\\\/en\\\/\",\"name\":\"\u0136\u012bmija r\u016bpniec\u012bbai &mdash; &Scaron;\u0137\u012bdin\u0101t\u0101ji un \u0137\u012bmisk\u0101s vielas &mdash; Masterchem.ee\",\"description\":\"\u0136\u012bmija r\u016bpniec\u012bbai&nbsp;&mdash; &scaron;\u0137\u012bdin\u0101t\u0101ji un \u0137\u012bmisk\u0101s vielas\",\"potentialAction\":[{\"@type\":\"SearchAction\",\"target\":{\"@type\":\"EntryPoint\",\"urlTemplate\":\"https:\\\/\\\/masterchem.lv\\\/en\\\/?s={search_term_string}\"},\"query-input\":{\"@type\":\"PropertyValueSpecification\",\"valueRequired\":true,\"valueName\":\"search_term_string\"}}],\"inLanguage\":\"en-US\"}]}<\/script>\n<!-- \/ Yoast SEO plugin. -->","yoast_head_json":{"title":"Coolant Master BIO-30PRO\u2122 heat transfer liquid glycerine base - \u0136\u012bmija r\u016bpniec\u012bbai &mdash; &Scaron;\u0137\u012bdin\u0101t\u0101ji un \u0137\u012bmisk\u0101s vielas &mdash; Masterchem.ee","description":"Master BIO-30PRO\u2122 coolant features comprehensive protection against freezing and corrosion, an exceptional safety profile for the environment and humans, and universal application in various sectors of the food industry.","robots":{"index":"index","follow":"follow","max-snippet":"max-snippet:-1","max-image-preview":"max-image-preview:large","max-video-preview":"max-video-preview:-1"},"canonical":"https:\/\/masterchem.lv\/en\/product\/coolant-master-bio-30pro-heat-transfer-liquid-glycerine-base\/","og_locale":"en_US","og_type":"article","og_title":"Coolant Master BIO-30PRO\u2122 heat transfer liquid glycerine base - \u0136\u012bmija r\u016bpniec\u012bbai &mdash; &Scaron;\u0137\u012bdin\u0101t\u0101ji un \u0137\u012bmisk\u0101s vielas &mdash; Masterchem.ee","og_description":"Master BIO-30PRO\u2122 coolant features comprehensive protection against freezing and corrosion, an exceptional safety profile for the environment and humans, and universal application in various sectors of the food industry.","og_url":"https:\/\/masterchem.lv\/en\/product\/coolant-master-bio-30pro-heat-transfer-liquid-glycerine-base\/","og_site_name":"\u0136\u012bmija r\u016bpniec\u012bbai &mdash; &Scaron;\u0137\u012bdin\u0101t\u0101ji un \u0137\u012bmisk\u0101s vielas &mdash; Masterchem.ee","article_modified_time":"2024-03-18T18:12:21+00:00","og_image":[{"width":1800,"height":1800,"url":"https:\/\/masterchem.lv\/wp-content\/uploads\/2024\/03\/MasterChem_Coolant-Master-BIO-30PRO-1000L.jpg","type":"image\/jpeg"}],"twitter_card":"summary_large_image","twitter_misc":{"Est. reading time":"4 minutes"},"schema":{"@context":"https:\/\/schema.org","@graph":[{"@type":"WebPage","@id":"https:\/\/masterchem.lv\/en\/product\/coolant-master-bio-30pro-heat-transfer-liquid-glycerine-base\/","url":"https:\/\/masterchem.lv\/en\/product\/coolant-master-bio-30pro-heat-transfer-liquid-glycerine-base\/","name":"Coolant Master BIO-30PRO\u2122 heat transfer liquid glycerine base - \u0136\u012bmija r\u016bpniec\u012bbai &mdash; &Scaron;\u0137\u012bdin\u0101t\u0101ji un \u0137\u012bmisk\u0101s vielas &mdash; Masterchem.ee","isPartOf":{"@id":"https:\/\/masterchem.lv\/en\/#website"},"primaryImageOfPage":{"@id":"https:\/\/masterchem.lv\/en\/product\/coolant-master-bio-30pro-heat-transfer-liquid-glycerine-base\/#primaryimage"},"image":{"@id":"https:\/\/masterchem.lv\/en\/product\/coolant-master-bio-30pro-heat-transfer-liquid-glycerine-base\/#primaryimage"},"thumbnailUrl":"https:\/\/masterchem.lv\/wp-content\/uploads\/2024\/03\/MasterChem_Coolant-Master-BIO-30PRO-1000L.jpg","datePublished":"2024-03-18T18:07:57+00:00","dateModified":"2024-03-18T18:12:21+00:00","description":"Master BIO-30PRO\u2122 coolant features comprehensive protection against freezing and corrosion, an exceptional safety profile for the environment and humans, and universal application in various sectors of the food industry.","breadcrumb":{"@id":"https:\/\/masterchem.lv\/en\/product\/coolant-master-bio-30pro-heat-transfer-liquid-glycerine-base\/#breadcrumb"},"inLanguage":"en-US","potentialAction":[{"@type":"ReadAction","target":["https:\/\/masterchem.lv\/en\/product\/coolant-master-bio-30pro-heat-transfer-liquid-glycerine-base\/"]}]},{"@type":"ImageObject","inLanguage":"en-US","@id":"https:\/\/masterchem.lv\/en\/product\/coolant-master-bio-30pro-heat-transfer-liquid-glycerine-base\/#primaryimage","url":"https:\/\/masterchem.lv\/wp-content\/uploads\/2024\/03\/MasterChem_Coolant-Master-BIO-30PRO-1000L.jpg","contentUrl":"https:\/\/masterchem.lv\/wp-content\/uploads\/2024\/03\/MasterChem_Coolant-Master-BIO-30PRO-1000L.jpg","width":1800,"height":1800,"caption":"Coolant Master BIO-30PRO\u2122 heat transfer liquid glycerine base 1000L"},{"@type":"BreadcrumbList","@id":"https:\/\/masterchem.lv\/en\/product\/coolant-master-bio-30pro-heat-transfer-liquid-glycerine-base\/#breadcrumb","itemListElement":[{"@type":"ListItem","position":1,"name":"Home","item":"https:\/\/masterchem.lv\/en\/"},{"@type":"ListItem","position":2,"name":"Shop","item":"https:\/\/masterchem.lv\/shop\/"},{"@type":"ListItem","position":3,"name":"Coolant Master BIO-30PRO\u2122 heat transfer liquid glycerine base"}]},{"@type":"WebSite","@id":"https:\/\/masterchem.lv\/en\/#website","url":"https:\/\/masterchem.lv\/en\/","name":"\u0136\u012bmija r\u016bpniec\u012bbai &mdash; &Scaron;\u0137\u012bdin\u0101t\u0101ji un \u0137\u012bmisk\u0101s vielas &mdash; Masterchem.ee","description":"\u0136\u012bmija r\u016bpniec\u012bbai&nbsp;&mdash; &scaron;\u0137\u012bdin\u0101t\u0101ji un \u0137\u012bmisk\u0101s vielas","potentialAction":[{"@type":"SearchAction","target":{"@type":"EntryPoint","urlTemplate":"https:\/\/masterchem.lv\/en\/?s={search_term_string}"},"query-input":{"@type":"PropertyValueSpecification","valueRequired":true,"valueName":"search_term_string"}}],"inLanguage":"en-US"}]}},"_links":{"self":[{"href":"https:\/\/masterchem.lv\/en\/wp-json\/wp\/v2\/product\/16039","targetHints":{"allow":["GET"]}}],"collection":[{"href":"https:\/\/masterchem.lv\/en\/wp-json\/wp\/v2\/product"}],"about":[{"href":"https:\/\/masterchem.lv\/en\/wp-json\/wp\/v2\/types\/product"}],"wp:featuredmedia":[{"embeddable":true,"href":"https:\/\/masterchem.lv\/en\/wp-json\/wp\/v2\/media\/16066"}],"wp:attachment":[{"href":"https:\/\/masterchem.lv\/en\/wp-json\/wp\/v2\/media?parent=16039"}],"wp:term":[{"taxonomy":"product_brand","embeddable":true,"href":"https:\/\/masterchem.lv\/en\/wp-json\/wp\/v2\/product_brand?post=16039"},{"taxonomy":"product_cat","embeddable":true,"href":"https:\/\/masterchem.lv\/en\/wp-json\/wp\/v2\/product_cat?post=16039"},{"taxonomy":"product_tag","embeddable":true,"href":"https:\/\/masterchem.lv\/en\/wp-json\/wp\/v2\/product_tag?post=16039"}],"curies":[{"name":"wp","href":"https:\/\/api.w.org\/{rel}","templated":true}]}}