{"id":16274,"date":"2025-05-13T17:06:54","date_gmt":"2025-05-13T17:06:54","guid":{"rendered":"https:\/\/masterchem.lv\/?post_type=product&#038;p=16274"},"modified":"2025-05-13T17:29:37","modified_gmt":"2025-05-13T17:29:37","slug":"summer-windshield-washer-fluid-concentrate","status":"publish","type":"product","link":"https:\/\/masterchem.lv\/en\/product\/summer-windshield-washer-fluid-concentrate\/","title":{"rendered":"Summer windshield washer fluid concentrate"},"content":{"rendered":"<p>To obtain 1000 liters &#8211; you need 25 liters of concentrate and the rest is water (freezing temperature -1C)<\/p>\n<p>To obtain 500 liters &#8211; you need 25 liters of concentrate and the rest is water (freezing temperature -2C)<\/p>\n<p>To obtain 200 liters &#8211; you need 25 liters of concentrate and the rest is water (freezing temperature -5C)<\/p>\n<p>Packaging: 25 liter canister, 200 liter barrel, 1000 or 500 liter container.<\/p>\n","protected":false},"excerpt":{"rendered":"<p>Summer windshield washer fluid concentrate. Summer windshield washer fluid concentrate quickly and effectively removes dust. road grime. insect residue. pollen. tree sap. pitch stains and other dirt. <\/p>\n<p>Evaporates without leaving a trace. Ensures excellent glass transparency. Contains active anti-corrosion additives that protect the metal parts of the windshield washer system from rust. Reduces friction between the glass and the wiper blades. <\/p>\n<p>Does not leave a trace\/disturbing film on the glass. This alcohol-based concentrate contains detergent and red food coloring. Biodegradable.<\/p>\n","protected":false},"featured_media":16316,"template":"","meta":{"_monsterinsights_skip_tracking":false,"_monsterinsights_sitenote_active":false,"_monsterinsights_sitenote_note":"","_monsterinsights_sitenote_category":0},"product_brand":[],"product_cat":[167,170,92],"product_tag":[],"class_list":{"0":"post-16274","1":"product","2":"type-product","3":"status-publish","4":"has-post-thumbnail","6":"product_cat-all-goods","7":"product_cat-car-and-machinery-chemicals","8":"product_cat-household-chemicals","10":"first","11":"instock","12":"taxable","13":"shipping-taxable","14":"purchasable","15":"product-type-variable","16":"has-default-attributes"},"yoast_head":"<!-- This site is optimized with the Yoast SEO plugin v27.6 - https:\/\/yoast.com\/product\/yoast-seo-wordpress\/ -->\n<title>Summer windshield washer fluid concentrate - \u0136\u012bmija r\u016bpniec\u012bbai &mdash; &Scaron;\u0137\u012bdin\u0101t\u0101ji un \u0137\u012bmisk\u0101s vielas &mdash; Masterchem.ee<\/title>\n<meta name=\"description\" content=\"Summer windshield washer fluid concentrate. Effectively removes insect residue from the windshield and keeps the glass clean in harsh conditions.\" \/>\n<meta name=\"robots\" content=\"index, follow, max-snippet:-1, max-image-preview:large, max-video-preview:-1\" \/>\n<link rel=\"canonical\" href=\"https:\/\/masterchem.lv\/en\/product\/summer-windshield-washer-fluid-concentrate\/\" \/>\n<meta property=\"og:locale\" content=\"en_US\" \/>\n<meta property=\"og:type\" content=\"article\" \/>\n<meta property=\"og:title\" content=\"Summer windshield washer fluid concentrate - \u0136\u012bmija r\u016bpniec\u012bbai &mdash; &Scaron;\u0137\u012bdin\u0101t\u0101ji un \u0137\u012bmisk\u0101s vielas &mdash; Masterchem.ee\" \/>\n<meta property=\"og:description\" content=\"Summer windshield washer fluid concentrate. Effectively removes insect residue from the windshield and keeps the glass clean in harsh conditions.\" \/>\n<meta property=\"og:url\" content=\"https:\/\/masterchem.lv\/en\/product\/summer-windshield-washer-fluid-concentrate\/\" \/>\n<meta property=\"og:site_name\" content=\"\u0136\u012bmija r\u016bpniec\u012bbai &mdash; &Scaron;\u0137\u012bdin\u0101t\u0101ji un \u0137\u012bmisk\u0101s vielas &mdash; Masterchem.ee\" \/>\n<meta property=\"article:modified_time\" content=\"2025-05-13T17:29:37+00:00\" \/>\n<meta property=\"og:image\" content=\"https:\/\/masterchem.lv\/wp-content\/uploads\/2025\/05\/Summer_windshield_washer_fluid_concentrate_1000L_MasterChem.jpg\" \/>\n\t<meta property=\"og:image:width\" content=\"1800\" \/>\n\t<meta property=\"og:image:height\" content=\"1800\" \/>\n\t<meta property=\"og:image:type\" content=\"image\/jpeg\" \/>\n<meta name=\"twitter:card\" content=\"summary_large_image\" \/>\n<meta name=\"twitter:label1\" content=\"Est. reading time\" \/>\n\t<meta name=\"twitter:data1\" content=\"1 minute\" \/>\n<script type=\"application\/ld+json\" class=\"yoast-schema-graph\">{\"@context\":\"https:\\\/\\\/schema.org\",\"@graph\":[{\"@type\":\"WebPage\",\"@id\":\"https:\\\/\\\/masterchem.lv\\\/en\\\/product\\\/summer-windshield-washer-fluid-concentrate\\\/\",\"url\":\"https:\\\/\\\/masterchem.lv\\\/en\\\/product\\\/summer-windshield-washer-fluid-concentrate\\\/\",\"name\":\"Summer windshield washer fluid concentrate - \u0136\u012bmija r\u016bpniec\u012bbai &mdash; &Scaron;\u0137\u012bdin\u0101t\u0101ji un \u0137\u012bmisk\u0101s vielas &mdash; Masterchem.ee\",\"isPartOf\":{\"@id\":\"https:\\\/\\\/masterchem.lv\\\/en\\\/#website\"},\"primaryImageOfPage\":{\"@id\":\"https:\\\/\\\/masterchem.lv\\\/en\\\/product\\\/summer-windshield-washer-fluid-concentrate\\\/#primaryimage\"},\"image\":{\"@id\":\"https:\\\/\\\/masterchem.lv\\\/en\\\/product\\\/summer-windshield-washer-fluid-concentrate\\\/#primaryimage\"},\"thumbnailUrl\":\"https:\\\/\\\/masterchem.lv\\\/wp-content\\\/uploads\\\/2025\\\/05\\\/Summer_windshield_washer_fluid_concentrate_1000L_MasterChem.jpg\",\"datePublished\":\"2025-05-13T17:06:54+00:00\",\"dateModified\":\"2025-05-13T17:29:37+00:00\",\"description\":\"Summer windshield washer fluid concentrate. Effectively removes insect residue from the windshield and keeps the glass clean in harsh conditions.\",\"breadcrumb\":{\"@id\":\"https:\\\/\\\/masterchem.lv\\\/en\\\/product\\\/summer-windshield-washer-fluid-concentrate\\\/#breadcrumb\"},\"inLanguage\":\"en-US\",\"potentialAction\":[{\"@type\":\"ReadAction\",\"target\":[\"https:\\\/\\\/masterchem.lv\\\/en\\\/product\\\/summer-windshield-washer-fluid-concentrate\\\/\"]}]},{\"@type\":\"ImageObject\",\"inLanguage\":\"en-US\",\"@id\":\"https:\\\/\\\/masterchem.lv\\\/en\\\/product\\\/summer-windshield-washer-fluid-concentrate\\\/#primaryimage\",\"url\":\"https:\\\/\\\/masterchem.lv\\\/wp-content\\\/uploads\\\/2025\\\/05\\\/Summer_windshield_washer_fluid_concentrate_1000L_MasterChem.jpg\",\"contentUrl\":\"https:\\\/\\\/masterchem.lv\\\/wp-content\\\/uploads\\\/2025\\\/05\\\/Summer_windshield_washer_fluid_concentrate_1000L_MasterChem.jpg\",\"width\":1800,\"height\":1800,\"caption\":\"Suvine klaasipesuvedeliku kontsentraat 1000L MasterChem\"},{\"@type\":\"BreadcrumbList\",\"@id\":\"https:\\\/\\\/masterchem.lv\\\/en\\\/product\\\/summer-windshield-washer-fluid-concentrate\\\/#breadcrumb\",\"itemListElement\":[{\"@type\":\"ListItem\",\"position\":1,\"name\":\"Home\",\"item\":\"https:\\\/\\\/masterchem.lv\\\/en\\\/\"},{\"@type\":\"ListItem\",\"position\":2,\"name\":\"Shop\",\"item\":\"https:\\\/\\\/masterchem.lv\\\/shop\\\/\"},{\"@type\":\"ListItem\",\"position\":3,\"name\":\"Summer windshield washer fluid concentrate\"}]},{\"@type\":\"WebSite\",\"@id\":\"https:\\\/\\\/masterchem.lv\\\/en\\\/#website\",\"url\":\"https:\\\/\\\/masterchem.lv\\\/en\\\/\",\"name\":\"\u0136\u012bmija r\u016bpniec\u012bbai &mdash; &Scaron;\u0137\u012bdin\u0101t\u0101ji un \u0137\u012bmisk\u0101s vielas &mdash; Masterchem.ee\",\"description\":\"\u0136\u012bmija r\u016bpniec\u012bbai&nbsp;&mdash; &scaron;\u0137\u012bdin\u0101t\u0101ji un \u0137\u012bmisk\u0101s vielas\",\"potentialAction\":[{\"@type\":\"SearchAction\",\"target\":{\"@type\":\"EntryPoint\",\"urlTemplate\":\"https:\\\/\\\/masterchem.lv\\\/en\\\/?s={search_term_string}\"},\"query-input\":{\"@type\":\"PropertyValueSpecification\",\"valueRequired\":true,\"valueName\":\"search_term_string\"}}],\"inLanguage\":\"en-US\"}]}<\/script>\n<!-- \/ Yoast SEO plugin. -->","yoast_head_json":{"title":"Summer windshield washer fluid concentrate - \u0136\u012bmija r\u016bpniec\u012bbai &mdash; &Scaron;\u0137\u012bdin\u0101t\u0101ji un \u0137\u012bmisk\u0101s vielas &mdash; Masterchem.ee","description":"Summer windshield washer fluid concentrate. Effectively removes insect residue from the windshield and keeps the glass clean in harsh conditions.","robots":{"index":"index","follow":"follow","max-snippet":"max-snippet:-1","max-image-preview":"max-image-preview:large","max-video-preview":"max-video-preview:-1"},"canonical":"https:\/\/masterchem.lv\/en\/product\/summer-windshield-washer-fluid-concentrate\/","og_locale":"en_US","og_type":"article","og_title":"Summer windshield washer fluid concentrate - \u0136\u012bmija r\u016bpniec\u012bbai &mdash; &Scaron;\u0137\u012bdin\u0101t\u0101ji un \u0137\u012bmisk\u0101s vielas &mdash; Masterchem.ee","og_description":"Summer windshield washer fluid concentrate. Effectively removes insect residue from the windshield and keeps the glass clean in harsh conditions.","og_url":"https:\/\/masterchem.lv\/en\/product\/summer-windshield-washer-fluid-concentrate\/","og_site_name":"\u0136\u012bmija r\u016bpniec\u012bbai &mdash; &Scaron;\u0137\u012bdin\u0101t\u0101ji un \u0137\u012bmisk\u0101s vielas &mdash; Masterchem.ee","article_modified_time":"2025-05-13T17:29:37+00:00","og_image":[{"width":1800,"height":1800,"url":"https:\/\/masterchem.lv\/wp-content\/uploads\/2025\/05\/Summer_windshield_washer_fluid_concentrate_1000L_MasterChem.jpg","type":"image\/jpeg"}],"twitter_card":"summary_large_image","twitter_misc":{"Est. reading time":"1 minute"},"schema":{"@context":"https:\/\/schema.org","@graph":[{"@type":"WebPage","@id":"https:\/\/masterchem.lv\/en\/product\/summer-windshield-washer-fluid-concentrate\/","url":"https:\/\/masterchem.lv\/en\/product\/summer-windshield-washer-fluid-concentrate\/","name":"Summer windshield washer fluid concentrate - \u0136\u012bmija r\u016bpniec\u012bbai &mdash; &Scaron;\u0137\u012bdin\u0101t\u0101ji un \u0137\u012bmisk\u0101s vielas &mdash; Masterchem.ee","isPartOf":{"@id":"https:\/\/masterchem.lv\/en\/#website"},"primaryImageOfPage":{"@id":"https:\/\/masterchem.lv\/en\/product\/summer-windshield-washer-fluid-concentrate\/#primaryimage"},"image":{"@id":"https:\/\/masterchem.lv\/en\/product\/summer-windshield-washer-fluid-concentrate\/#primaryimage"},"thumbnailUrl":"https:\/\/masterchem.lv\/wp-content\/uploads\/2025\/05\/Summer_windshield_washer_fluid_concentrate_1000L_MasterChem.jpg","datePublished":"2025-05-13T17:06:54+00:00","dateModified":"2025-05-13T17:29:37+00:00","description":"Summer windshield washer fluid concentrate. Effectively removes insect residue from the windshield and keeps the glass clean in harsh conditions.","breadcrumb":{"@id":"https:\/\/masterchem.lv\/en\/product\/summer-windshield-washer-fluid-concentrate\/#breadcrumb"},"inLanguage":"en-US","potentialAction":[{"@type":"ReadAction","target":["https:\/\/masterchem.lv\/en\/product\/summer-windshield-washer-fluid-concentrate\/"]}]},{"@type":"ImageObject","inLanguage":"en-US","@id":"https:\/\/masterchem.lv\/en\/product\/summer-windshield-washer-fluid-concentrate\/#primaryimage","url":"https:\/\/masterchem.lv\/wp-content\/uploads\/2025\/05\/Summer_windshield_washer_fluid_concentrate_1000L_MasterChem.jpg","contentUrl":"https:\/\/masterchem.lv\/wp-content\/uploads\/2025\/05\/Summer_windshield_washer_fluid_concentrate_1000L_MasterChem.jpg","width":1800,"height":1800,"caption":"Suvine klaasipesuvedeliku kontsentraat 1000L MasterChem"},{"@type":"BreadcrumbList","@id":"https:\/\/masterchem.lv\/en\/product\/summer-windshield-washer-fluid-concentrate\/#breadcrumb","itemListElement":[{"@type":"ListItem","position":1,"name":"Home","item":"https:\/\/masterchem.lv\/en\/"},{"@type":"ListItem","position":2,"name":"Shop","item":"https:\/\/masterchem.lv\/shop\/"},{"@type":"ListItem","position":3,"name":"Summer windshield washer fluid concentrate"}]},{"@type":"WebSite","@id":"https:\/\/masterchem.lv\/en\/#website","url":"https:\/\/masterchem.lv\/en\/","name":"\u0136\u012bmija r\u016bpniec\u012bbai &mdash; &Scaron;\u0137\u012bdin\u0101t\u0101ji un \u0137\u012bmisk\u0101s vielas &mdash; Masterchem.ee","description":"\u0136\u012bmija r\u016bpniec\u012bbai&nbsp;&mdash; &scaron;\u0137\u012bdin\u0101t\u0101ji un \u0137\u012bmisk\u0101s vielas","potentialAction":[{"@type":"SearchAction","target":{"@type":"EntryPoint","urlTemplate":"https:\/\/masterchem.lv\/en\/?s={search_term_string}"},"query-input":{"@type":"PropertyValueSpecification","valueRequired":true,"valueName":"search_term_string"}}],"inLanguage":"en-US"}]}},"_links":{"self":[{"href":"https:\/\/masterchem.lv\/en\/wp-json\/wp\/v2\/product\/16274","targetHints":{"allow":["GET"]}}],"collection":[{"href":"https:\/\/masterchem.lv\/en\/wp-json\/wp\/v2\/product"}],"about":[{"href":"https:\/\/masterchem.lv\/en\/wp-json\/wp\/v2\/types\/product"}],"wp:featuredmedia":[{"embeddable":true,"href":"https:\/\/masterchem.lv\/en\/wp-json\/wp\/v2\/media\/16316"}],"wp:attachment":[{"href":"https:\/\/masterchem.lv\/en\/wp-json\/wp\/v2\/media?parent=16274"}],"wp:term":[{"taxonomy":"product_brand","embeddable":true,"href":"https:\/\/masterchem.lv\/en\/wp-json\/wp\/v2\/product_brand?post=16274"},{"taxonomy":"product_cat","embeddable":true,"href":"https:\/\/masterchem.lv\/en\/wp-json\/wp\/v2\/product_cat?post=16274"},{"taxonomy":"product_tag","embeddable":true,"href":"https:\/\/masterchem.lv\/en\/wp-json\/wp\/v2\/product_tag?post=16274"}],"curies":[{"name":"wp","href":"https:\/\/api.w.org\/{rel}","templated":true}]}}