{"id":6300,"date":"2023-03-08T07:46:46","date_gmt":"2023-03-08T07:46:46","guid":{"rendered":"https:\/\/masterchem.lv\/?post_type=product&#038;p=6300"},"modified":"2024-03-17T19:24:45","modified_gmt":"2024-03-17T19:24:45","slug":"acetone-cas-67-64-1","status":"publish","type":"product","link":"https:\/\/masterchem.lv\/en\/product\/acetone-cas-67-64-1\/","title":{"rendered":"Acetone (CAS 67-64-1)"},"content":{"rendered":"<p><a href=\"https:\/\/masterchem.ee\/wp-content\/uploads\/2018\/02\/Atsetoon_Masterchem_2020_MSDS_ohutuskaart.pdf\" target=\"_blank\" rel=\"noopener noreferrer\">Material Safety Data Sheets (MSDS)<\/a><\/p>\n<p style=\"text-align: justify;\">Acetone is produced and disposed of in the human body through normal metabolic processes. It is normally present in blood and urine. People with\u00a0<a class=\"mw-redirect\" title=\"Diabetes\" href=\"https:\/\/en.wikipedia.org\/wiki\/Diabetes\">diabetes<\/a>\u00a0produce it in larger amounts. Reproductive toxicity tests show that it has low potential to cause reproductive problems. Pregnant women, nursing mothers and children have higher levels of acetone.<sup id=\"cite_ref-acc_15-0\" class=\"reference\"><\/sup>\u00a0<a title=\"Ketogenic diet\" href=\"https:\/\/en.wikipedia.org\/wiki\/Ketogenic_diet\">Ketogenic diets<\/a>\u00a0that increase ketones (<a class=\"mw-selflink selflink\">acetone<\/a>,\u00a0<a class=\"mw-redirect\" title=\"\u0392-hydroxybutyric acid\" href=\"https:\/\/en.wikipedia.org\/wiki\/%CE%92-hydroxybutyric_acid\">\u03b2-hydroxybutyric acid<\/a>\u00a0and\u00a0<a title=\"Acetoacetic acid\" href=\"https:\/\/en.wikipedia.org\/wiki\/Acetoacetic_acid\">acetoacetic acid<\/a>) in the blood are used to counter\u00a0<a title=\"Epilepsy\" href=\"https:\/\/en.wikipedia.org\/wiki\/Epilepsy\">epileptic<\/a>\u00a0attacks in infants and children who suffer from recalcitrant\u00a0<a class=\"mw-redirect\" title=\"Refractory disease\" href=\"https:\/\/en.wikipedia.org\/wiki\/Refractory_disease\">refractory<\/a>\u00a0epilepsy.<\/p>\n","protected":false},"excerpt":{"rendered":"<p><strong>Other names:\u00a0Acetone, Dimethyl ketone,\u00a0Dimethyl carbonyl,\u00a0\u03b2-Ketopropane,\u00a0Propanone,\u00a02-Propanone,\u00a0Dimethyl formaldehyde,\u00a0Pyroacetic spirit (archaic),\u00a0Ketone propane.<\/strong><\/p>\n<p>Acetone is\u00a0<a title=\"Miscibility\" href=\"https:\/\/en.wikipedia.org\/wiki\/Miscibility\">miscible<\/a>\u00a0with\u00a0<a title=\"Properties of water\" href=\"https:\/\/en.wikipedia.org\/wiki\/Properties_of_water\">water<\/a>\u00a0and serves as an important\u00a0<a title=\"Solvent\" href=\"https:\/\/en.wikipedia.org\/wiki\/Solvent\">solvent<\/a>\u00a0in its own right, typically for cleaning purposes in laboratories. About 6.7 million\u00a0<a title=\"Tonne\" href=\"https:\/\/en.wikipedia.org\/wiki\/Tonne\">tonnes<\/a>\u00a0were produced worldwide in 2010, mainly for use as a solvent and production of\u00a0<a title=\"Methyl methacrylate\" href=\"https:\/\/en.wikipedia.org\/wiki\/Methyl_methacrylate\">methyl methacrylate<\/a>\u00a0and\u00a0<a title=\"Bisphenol A\" href=\"https:\/\/en.wikipedia.org\/wiki\/Bisphenol_A\">bisphenol A<\/a>.\u00a0It is a common building block in\u00a0<a title=\"Organic chemistry\" href=\"https:\/\/en.wikipedia.org\/wiki\/Organic_chemistry\">organic chemistry<\/a>. Familiar household uses of acetone are as the active ingredient in\u00a0<a title=\"Nail polish\" href=\"https:\/\/en.wikipedia.org\/wiki\/Nail_polish#Nail_polish_remover\">nail polish remover<\/a>, and as\u00a0<a title=\"Paint thinner\" href=\"https:\/\/en.wikipedia.org\/wiki\/Paint_thinner\">paint thinner<\/a>.<\/p>\n<p>CAS: 67-64-1<\/p>\n<p><a target=\"_blank\" href=\"https:\/\/masterchem.ee\/wp-content\/uploads\/2018\/02\/acetone-MasterChem-TDS.pdf\" class=\"pdf\" alt=\"Acetone Specification (TDS)\" title=\"Acetone Specification (TDS)\" rel=\"noopener\">Acetone Specification (TDS)<\/a><\/p>\n","protected":false},"featured_media":6330,"template":"","meta":{"_monsterinsights_skip_tracking":false,"_monsterinsights_sitenote_active":false,"_monsterinsights_sitenote_note":"","_monsterinsights_sitenote_category":0},"product_brand":[],"product_cat":[167,88,70,92,95,101,86,107,110,113],"product_tag":[],"class_list":{"0":"post-6300","1":"product","2":"type-product","3":"status-publish","4":"has-post-thumbnail","6":"product_cat-all-goods","7":"product_cat-building-industry","8":"product_cat-cosmetic-industry","9":"product_cat-household-chemicals","10":"product_cat-metalworking-chemicals","11":"product_cat-pharmaceuticals","12":"product_cat-resins-plastics-polyurethanes","13":"product_cat-road-painting","14":"product_cat-typography-chemicals","15":"product_cat-woodworking-chemicals","17":"first","18":"instock","19":"featured","20":"taxable","21":"shipping-taxable","22":"purchasable","23":"product-type-variable","24":"has-default-attributes"},"yoast_head":"<!-- This site is optimized with the Yoast SEO plugin v27.4 - https:\/\/yoast.com\/product\/yoast-seo-wordpress\/ -->\n<title>Acetone (CAS 67-64-1) - \u0136\u012bmija r\u016bpniec\u012bbai &mdash; &Scaron;\u0137\u012bdin\u0101t\u0101ji un \u0137\u012bmisk\u0101s vielas &mdash; Masterchem.ee<\/title>\n<meta name=\"description\" content=\"Acetone is produced and disposed of in the human body through normal metabolic processes. It is normally present in blood and urine. People with diabetes produce it in larger amounts. CAS: 67-64-1\" \/>\n<meta name=\"robots\" content=\"index, follow, max-snippet:-1, max-image-preview:large, max-video-preview:-1\" \/>\n<link rel=\"canonical\" href=\"https:\/\/masterchem.lv\/en\/product\/acetone-cas-67-64-1\/\" \/>\n<meta property=\"og:locale\" content=\"en_US\" \/>\n<meta property=\"og:type\" content=\"article\" \/>\n<meta property=\"og:title\" content=\"Acetone (CAS 67-64-1) - \u0136\u012bmija r\u016bpniec\u012bbai &mdash; &Scaron;\u0137\u012bdin\u0101t\u0101ji un \u0137\u012bmisk\u0101s vielas &mdash; Masterchem.ee\" \/>\n<meta property=\"og:description\" content=\"Acetone is produced and disposed of in the human body through normal metabolic processes. It is normally present in blood and urine. People with diabetes produce it in larger amounts. CAS: 67-64-1\" \/>\n<meta property=\"og:url\" content=\"https:\/\/masterchem.lv\/en\/product\/acetone-cas-67-64-1\/\" \/>\n<meta property=\"og:site_name\" content=\"\u0136\u012bmija r\u016bpniec\u012bbai &mdash; &Scaron;\u0137\u012bdin\u0101t\u0101ji un \u0137\u012bmisk\u0101s vielas &mdash; Masterchem.ee\" \/>\n<meta property=\"article:modified_time\" content=\"2024-03-17T19:24:45+00:00\" \/>\n<meta property=\"og:image\" content=\"https:\/\/masterchem.lv\/wp-content\/uploads\/2023\/03\/Atsetoon_790kg_MaterChem-2-1.jpg\" \/>\n\t<meta property=\"og:image:width\" content=\"1000\" \/>\n\t<meta property=\"og:image:height\" content=\"1000\" \/>\n\t<meta property=\"og:image:type\" content=\"image\/jpeg\" \/>\n<meta name=\"twitter:card\" content=\"summary_large_image\" \/>\n<meta name=\"twitter:label1\" content=\"Est. reading time\" \/>\n\t<meta name=\"twitter:data1\" content=\"1 minute\" \/>\n<script type=\"application\/ld+json\" class=\"yoast-schema-graph\">{\"@context\":\"https:\\\/\\\/schema.org\",\"@graph\":[{\"@type\":\"WebPage\",\"@id\":\"https:\\\/\\\/masterchem.lv\\\/en\\\/product\\\/acetone-cas-67-64-1\\\/\",\"url\":\"https:\\\/\\\/masterchem.lv\\\/en\\\/product\\\/acetone-cas-67-64-1\\\/\",\"name\":\"Acetone (CAS 67-64-1) - \u0136\u012bmija r\u016bpniec\u012bbai &mdash; &Scaron;\u0137\u012bdin\u0101t\u0101ji un \u0137\u012bmisk\u0101s vielas &mdash; Masterchem.ee\",\"isPartOf\":{\"@id\":\"https:\\\/\\\/masterchem.lv\\\/en\\\/#website\"},\"primaryImageOfPage\":{\"@id\":\"https:\\\/\\\/masterchem.lv\\\/en\\\/product\\\/acetone-cas-67-64-1\\\/#primaryimage\"},\"image\":{\"@id\":\"https:\\\/\\\/masterchem.lv\\\/en\\\/product\\\/acetone-cas-67-64-1\\\/#primaryimage\"},\"thumbnailUrl\":\"https:\\\/\\\/masterchem.lv\\\/wp-content\\\/uploads\\\/2023\\\/03\\\/Atsetoon_790kg_MaterChem-2-1.jpg\",\"datePublished\":\"2023-03-08T07:46:46+00:00\",\"dateModified\":\"2024-03-17T19:24:45+00:00\",\"description\":\"Acetone is produced and disposed of in the human body through normal metabolic processes. It is normally present in blood and urine. People with diabetes produce it in larger amounts. CAS: 67-64-1\",\"breadcrumb\":{\"@id\":\"https:\\\/\\\/masterchem.lv\\\/en\\\/product\\\/acetone-cas-67-64-1\\\/#breadcrumb\"},\"inLanguage\":\"en-US\",\"potentialAction\":[{\"@type\":\"ReadAction\",\"target\":[\"https:\\\/\\\/masterchem.lv\\\/en\\\/product\\\/acetone-cas-67-64-1\\\/\"]}]},{\"@type\":\"ImageObject\",\"inLanguage\":\"en-US\",\"@id\":\"https:\\\/\\\/masterchem.lv\\\/en\\\/product\\\/acetone-cas-67-64-1\\\/#primaryimage\",\"url\":\"https:\\\/\\\/masterchem.lv\\\/wp-content\\\/uploads\\\/2023\\\/03\\\/Atsetoon_790kg_MaterChem-2-1.jpg\",\"contentUrl\":\"https:\\\/\\\/masterchem.lv\\\/wp-content\\\/uploads\\\/2023\\\/03\\\/Atsetoon_790kg_MaterChem-2-1.jpg\",\"width\":1000,\"height\":1000},{\"@type\":\"BreadcrumbList\",\"@id\":\"https:\\\/\\\/masterchem.lv\\\/en\\\/product\\\/acetone-cas-67-64-1\\\/#breadcrumb\",\"itemListElement\":[{\"@type\":\"ListItem\",\"position\":1,\"name\":\"Home\",\"item\":\"https:\\\/\\\/masterchem.lv\\\/en\\\/\"},{\"@type\":\"ListItem\",\"position\":2,\"name\":\"Shop\",\"item\":\"https:\\\/\\\/masterchem.lv\\\/shop\\\/\"},{\"@type\":\"ListItem\",\"position\":3,\"name\":\"Acetone (CAS 67-64-1)\"}]},{\"@type\":\"WebSite\",\"@id\":\"https:\\\/\\\/masterchem.lv\\\/en\\\/#website\",\"url\":\"https:\\\/\\\/masterchem.lv\\\/en\\\/\",\"name\":\"\u0136\u012bmija r\u016bpniec\u012bbai &mdash; &Scaron;\u0137\u012bdin\u0101t\u0101ji un \u0137\u012bmisk\u0101s vielas &mdash; Masterchem.ee\",\"description\":\"\u0136\u012bmija r\u016bpniec\u012bbai&nbsp;&mdash; &scaron;\u0137\u012bdin\u0101t\u0101ji un \u0137\u012bmisk\u0101s vielas\",\"potentialAction\":[{\"@type\":\"SearchAction\",\"target\":{\"@type\":\"EntryPoint\",\"urlTemplate\":\"https:\\\/\\\/masterchem.lv\\\/en\\\/?s={search_term_string}\"},\"query-input\":{\"@type\":\"PropertyValueSpecification\",\"valueRequired\":true,\"valueName\":\"search_term_string\"}}],\"inLanguage\":\"en-US\"}]}<\/script>\n<!-- \/ Yoast SEO plugin. -->","yoast_head_json":{"title":"Acetone (CAS 67-64-1) - \u0136\u012bmija r\u016bpniec\u012bbai &mdash; &Scaron;\u0137\u012bdin\u0101t\u0101ji un \u0137\u012bmisk\u0101s vielas &mdash; Masterchem.ee","description":"Acetone is produced and disposed of in the human body through normal metabolic processes. It is normally present in blood and urine. People with diabetes produce it in larger amounts. CAS: 67-64-1","robots":{"index":"index","follow":"follow","max-snippet":"max-snippet:-1","max-image-preview":"max-image-preview:large","max-video-preview":"max-video-preview:-1"},"canonical":"https:\/\/masterchem.lv\/en\/product\/acetone-cas-67-64-1\/","og_locale":"en_US","og_type":"article","og_title":"Acetone (CAS 67-64-1) - \u0136\u012bmija r\u016bpniec\u012bbai &mdash; &Scaron;\u0137\u012bdin\u0101t\u0101ji un \u0137\u012bmisk\u0101s vielas &mdash; Masterchem.ee","og_description":"Acetone is produced and disposed of in the human body through normal metabolic processes. It is normally present in blood and urine. People with diabetes produce it in larger amounts. CAS: 67-64-1","og_url":"https:\/\/masterchem.lv\/en\/product\/acetone-cas-67-64-1\/","og_site_name":"\u0136\u012bmija r\u016bpniec\u012bbai &mdash; &Scaron;\u0137\u012bdin\u0101t\u0101ji un \u0137\u012bmisk\u0101s vielas &mdash; Masterchem.ee","article_modified_time":"2024-03-17T19:24:45+00:00","og_image":[{"width":1000,"height":1000,"url":"https:\/\/masterchem.lv\/wp-content\/uploads\/2023\/03\/Atsetoon_790kg_MaterChem-2-1.jpg","type":"image\/jpeg"}],"twitter_card":"summary_large_image","twitter_misc":{"Est. reading time":"1 minute"},"schema":{"@context":"https:\/\/schema.org","@graph":[{"@type":"WebPage","@id":"https:\/\/masterchem.lv\/en\/product\/acetone-cas-67-64-1\/","url":"https:\/\/masterchem.lv\/en\/product\/acetone-cas-67-64-1\/","name":"Acetone (CAS 67-64-1) - \u0136\u012bmija r\u016bpniec\u012bbai &mdash; &Scaron;\u0137\u012bdin\u0101t\u0101ji un \u0137\u012bmisk\u0101s vielas &mdash; Masterchem.ee","isPartOf":{"@id":"https:\/\/masterchem.lv\/en\/#website"},"primaryImageOfPage":{"@id":"https:\/\/masterchem.lv\/en\/product\/acetone-cas-67-64-1\/#primaryimage"},"image":{"@id":"https:\/\/masterchem.lv\/en\/product\/acetone-cas-67-64-1\/#primaryimage"},"thumbnailUrl":"https:\/\/masterchem.lv\/wp-content\/uploads\/2023\/03\/Atsetoon_790kg_MaterChem-2-1.jpg","datePublished":"2023-03-08T07:46:46+00:00","dateModified":"2024-03-17T19:24:45+00:00","description":"Acetone is produced and disposed of in the human body through normal metabolic processes. It is normally present in blood and urine. People with diabetes produce it in larger amounts. CAS: 67-64-1","breadcrumb":{"@id":"https:\/\/masterchem.lv\/en\/product\/acetone-cas-67-64-1\/#breadcrumb"},"inLanguage":"en-US","potentialAction":[{"@type":"ReadAction","target":["https:\/\/masterchem.lv\/en\/product\/acetone-cas-67-64-1\/"]}]},{"@type":"ImageObject","inLanguage":"en-US","@id":"https:\/\/masterchem.lv\/en\/product\/acetone-cas-67-64-1\/#primaryimage","url":"https:\/\/masterchem.lv\/wp-content\/uploads\/2023\/03\/Atsetoon_790kg_MaterChem-2-1.jpg","contentUrl":"https:\/\/masterchem.lv\/wp-content\/uploads\/2023\/03\/Atsetoon_790kg_MaterChem-2-1.jpg","width":1000,"height":1000},{"@type":"BreadcrumbList","@id":"https:\/\/masterchem.lv\/en\/product\/acetone-cas-67-64-1\/#breadcrumb","itemListElement":[{"@type":"ListItem","position":1,"name":"Home","item":"https:\/\/masterchem.lv\/en\/"},{"@type":"ListItem","position":2,"name":"Shop","item":"https:\/\/masterchem.lv\/shop\/"},{"@type":"ListItem","position":3,"name":"Acetone (CAS 67-64-1)"}]},{"@type":"WebSite","@id":"https:\/\/masterchem.lv\/en\/#website","url":"https:\/\/masterchem.lv\/en\/","name":"\u0136\u012bmija r\u016bpniec\u012bbai &mdash; &Scaron;\u0137\u012bdin\u0101t\u0101ji un \u0137\u012bmisk\u0101s vielas &mdash; Masterchem.ee","description":"\u0136\u012bmija r\u016bpniec\u012bbai&nbsp;&mdash; &scaron;\u0137\u012bdin\u0101t\u0101ji un \u0137\u012bmisk\u0101s vielas","potentialAction":[{"@type":"SearchAction","target":{"@type":"EntryPoint","urlTemplate":"https:\/\/masterchem.lv\/en\/?s={search_term_string}"},"query-input":{"@type":"PropertyValueSpecification","valueRequired":true,"valueName":"search_term_string"}}],"inLanguage":"en-US"}]}},"_links":{"self":[{"href":"https:\/\/masterchem.lv\/en\/wp-json\/wp\/v2\/product\/6300","targetHints":{"allow":["GET"]}}],"collection":[{"href":"https:\/\/masterchem.lv\/en\/wp-json\/wp\/v2\/product"}],"about":[{"href":"https:\/\/masterchem.lv\/en\/wp-json\/wp\/v2\/types\/product"}],"wp:featuredmedia":[{"embeddable":true,"href":"https:\/\/masterchem.lv\/en\/wp-json\/wp\/v2\/media\/6330"}],"wp:attachment":[{"href":"https:\/\/masterchem.lv\/en\/wp-json\/wp\/v2\/media?parent=6300"}],"wp:term":[{"taxonomy":"product_brand","embeddable":true,"href":"https:\/\/masterchem.lv\/en\/wp-json\/wp\/v2\/product_brand?post=6300"},{"taxonomy":"product_cat","embeddable":true,"href":"https:\/\/masterchem.lv\/en\/wp-json\/wp\/v2\/product_cat?post=6300"},{"taxonomy":"product_tag","embeddable":true,"href":"https:\/\/masterchem.lv\/en\/wp-json\/wp\/v2\/product_tag?post=6300"}],"curies":[{"name":"wp","href":"https:\/\/api.w.org\/{rel}","templated":true}]}}