{"id":6301,"date":"2023-03-08T07:46:46","date_gmt":"2023-03-08T07:46:46","guid":{"rendered":"https:\/\/masterchem.lv\/?post_type=product&#038;p=6301"},"modified":"2023-04-06T09:20:47","modified_gmt":"2023-04-06T09:20:47","slug":"butyl-acetate-cas-123-86-4","status":"publish","type":"product","link":"https:\/\/masterchem.lv\/en\/product\/butyl-acetate-cas-123-86-4\/","title":{"rendered":"Butyl acetate (CAS 123-86-4)"},"content":{"rendered":"<p><strong>Application and usage:<\/strong><\/p>\n<p>\u2022 For the production of paint and film-forming materials, for the dilution of lacquers and paints before use, as an additive in varnishes to improve the properties of the varnish film.<\/p>\n<p>\u2022 Solvent for oils, fats, synthetic and natural resins, cellulose esters, chlorine-based rubbers, vinyl polymers, adhesives. It is often included in the composition of universal multicomponent solvents.<\/p>\n<p>\u2022 For degreasing small parts in electronics companies.<\/p>\n<p>\u2022 In tanneries as a tanning agent and solvent in the processing of natural and artificial leathers.<\/p>\n<p>\u2022 In cosmetology and food industry-it is a part of many perfume compositions and fruit essences, including food essences. It is used for the extraction of fragrant and some other substances, such as caffeine from coffee beans.<\/p>\n<p>\u2022 In the pharmaceutical industry, it is used for the production of antibiotics and other medicines.<\/p>\n<p>\u2022 Included in the nail polish remover.<\/p>\n<p>\u2022 In production of packaging materials, such as packaging foil<\/p>\n<p><strong>Packaging:<\/strong><br \/>\n0.5L metal bottle<br \/>\n5L plastic canister<br \/>\n10L plastic canister<br \/>\n20L metal bucket UN<br \/>\n25L plastic canister<br \/>\n200L barrel<br \/>\n640L IBC container<br \/>\n1000L IBC container<\/p>\n<p><strong>Physical properties:<\/strong><br \/>\nThermal properties<br \/>\nTemperature<br \/>\nMelting Point: -76 \u00b0C<br \/>\nBoiling Point: 124-128 \u00b0C<br \/>\nFlash Point: 25-29 \u00b0C<\/p>\n<p>INDEX: 607-025-00-1<br \/>\nCAS: 123-86-4<br \/>\nEC: 204-658-1<\/p>\n","protected":false},"excerpt":{"rendered":"<p><strong>Other names:\u00a0<b>Butyl acetate,\u00a0<\/b>butyl ethanoate, n-Butyl acetate, acetic acid, n-butyl ester, butile.<\/strong><br \/>\nButyl acetate &#8211; is a volatile and transparent fluid without color or with a slight yellowish tint, with a specific fruity smell. Organic substance of the ester class, organic solvent. Butyl acetate is slightly soluble in water; it is mixed with organic solvents and vegetable oils. It dissolves resins and fats well. Butyl acetate is a good solvent for nitrocellulose, chlorinated rubber, glyptal resins and other film-forming substances used in the paint industry. It is part of many multicomponent solvents, such as solvents 646 and 648.<br \/>\nChemically, it is a typical representative of esters. It reacts with acids, alkalis, hydrogen, alcohols, hydroxylamine, hydrazine, ORGANOMETALLIC compounds. With ammonia, it forms amides. When heated, it decomposes with the release of gaseous and combustible hydrocarbons-butenes. Practically does not react with oxidizing agents.<\/p>\n<p><a target=\"_blank\" href=\"https:\/\/masterchem.ee\/wp-content\/uploads\/2018\/02\/Butuulatsetaat-MasterChem-TDS.pdf\" class=\"pdf\" alt=\"Butyl acetate specification (TDS)\" title=\"Butyl acetate specification (TDS)\" rel=\"noopener\">Butyl acetate specification (TDS)<\/a><\/p>\n","protected":false},"featured_media":6357,"template":"","meta":{"_monsterinsights_skip_tracking":false,"_monsterinsights_sitenote_active":false,"_monsterinsights_sitenote_note":"","_monsterinsights_sitenote_category":0},"product_brand":[],"product_cat":[167,88,70,95,168,86,107,110,113],"product_tag":[],"class_list":{"0":"post-6301","1":"product","2":"type-product","3":"status-publish","4":"has-post-thumbnail","6":"product_cat-all-goods","7":"product_cat-building-industry","8":"product_cat-cosmetic-industry","9":"product_cat-metalworking-chemicals","10":"product_cat-paints-and-varnishes","11":"product_cat-resins-plastics-polyurethanes","12":"product_cat-road-painting","13":"product_cat-typography-chemicals","14":"product_cat-woodworking-chemicals","16":"first","17":"instock","18":"featured","19":"taxable","20":"shipping-taxable","21":"purchasable","22":"product-type-variable","23":"has-default-attributes"},"yoast_head":"<!-- This site is optimized with the Yoast SEO plugin v27.4 - https:\/\/yoast.com\/product\/yoast-seo-wordpress\/ -->\n<title>Butyl acetate (CAS 123-86-4) - \u0136\u012bmija r\u016bpniec\u012bbai &mdash; &Scaron;\u0137\u012bdin\u0101t\u0101ji un \u0137\u012bmisk\u0101s vielas &mdash; Masterchem.ee<\/title>\n<meta name=\"description\" content=\"Butyl acetate - is a volatile and transparent fluid without color or with a slight yellowish tint, with a specific fruity smell. Organic substance of the ester class, organic solvent. CAS 123-86-4\" \/>\n<meta name=\"robots\" content=\"index, follow, max-snippet:-1, max-image-preview:large, max-video-preview:-1\" \/>\n<link rel=\"canonical\" href=\"https:\/\/masterchem.lv\/en\/product\/butyl-acetate-cas-123-86-4\/\" \/>\n<meta property=\"og:locale\" content=\"en_US\" \/>\n<meta property=\"og:type\" content=\"article\" \/>\n<meta property=\"og:title\" content=\"Butyl acetate (CAS 123-86-4) - \u0136\u012bmija r\u016bpniec\u012bbai &mdash; &Scaron;\u0137\u012bdin\u0101t\u0101ji un \u0137\u012bmisk\u0101s vielas &mdash; Masterchem.ee\" \/>\n<meta property=\"og:description\" content=\"Butyl acetate - is a volatile and transparent fluid without color or with a slight yellowish tint, with a specific fruity smell. Organic substance of the ester class, organic solvent. CAS 123-86-4\" \/>\n<meta property=\"og:url\" content=\"https:\/\/masterchem.lv\/en\/product\/butyl-acetate-cas-123-86-4\/\" \/>\n<meta property=\"og:site_name\" content=\"\u0136\u012bmija r\u016bpniec\u012bbai &mdash; &Scaron;\u0137\u012bdin\u0101t\u0101ji un \u0137\u012bmisk\u0101s vielas &mdash; Masterchem.ee\" \/>\n<meta property=\"article:modified_time\" content=\"2023-04-06T09:20:47+00:00\" \/>\n<meta property=\"og:image\" content=\"https:\/\/masterchem.lv\/wp-content\/uploads\/2023\/03\/Butuulatsetaat_880kg_MaterChem-1-1.jpg\" \/>\n\t<meta property=\"og:image:width\" content=\"1000\" \/>\n\t<meta property=\"og:image:height\" content=\"1000\" \/>\n\t<meta property=\"og:image:type\" content=\"image\/jpeg\" \/>\n<meta name=\"twitter:card\" content=\"summary_large_image\" \/>\n<meta name=\"twitter:label1\" content=\"Est. reading time\" \/>\n\t<meta name=\"twitter:data1\" content=\"2 minutes\" \/>\n<script type=\"application\/ld+json\" class=\"yoast-schema-graph\">{\"@context\":\"https:\\\/\\\/schema.org\",\"@graph\":[{\"@type\":\"WebPage\",\"@id\":\"https:\\\/\\\/masterchem.lv\\\/en\\\/product\\\/butyl-acetate-cas-123-86-4\\\/\",\"url\":\"https:\\\/\\\/masterchem.lv\\\/en\\\/product\\\/butyl-acetate-cas-123-86-4\\\/\",\"name\":\"Butyl acetate (CAS 123-86-4) - \u0136\u012bmija r\u016bpniec\u012bbai &mdash; &Scaron;\u0137\u012bdin\u0101t\u0101ji un \u0137\u012bmisk\u0101s vielas &mdash; Masterchem.ee\",\"isPartOf\":{\"@id\":\"https:\\\/\\\/masterchem.lv\\\/en\\\/#website\"},\"primaryImageOfPage\":{\"@id\":\"https:\\\/\\\/masterchem.lv\\\/en\\\/product\\\/butyl-acetate-cas-123-86-4\\\/#primaryimage\"},\"image\":{\"@id\":\"https:\\\/\\\/masterchem.lv\\\/en\\\/product\\\/butyl-acetate-cas-123-86-4\\\/#primaryimage\"},\"thumbnailUrl\":\"https:\\\/\\\/masterchem.lv\\\/wp-content\\\/uploads\\\/2023\\\/03\\\/Butuulatsetaat_880kg_MaterChem-1-1.jpg\",\"datePublished\":\"2023-03-08T07:46:46+00:00\",\"dateModified\":\"2023-04-06T09:20:47+00:00\",\"description\":\"Butyl acetate - is a volatile and transparent fluid without color or with a slight yellowish tint, with a specific fruity smell. Organic substance of the ester class, organic solvent. CAS 123-86-4\",\"breadcrumb\":{\"@id\":\"https:\\\/\\\/masterchem.lv\\\/en\\\/product\\\/butyl-acetate-cas-123-86-4\\\/#breadcrumb\"},\"inLanguage\":\"en-US\",\"potentialAction\":[{\"@type\":\"ReadAction\",\"target\":[\"https:\\\/\\\/masterchem.lv\\\/en\\\/product\\\/butyl-acetate-cas-123-86-4\\\/\"]}]},{\"@type\":\"ImageObject\",\"inLanguage\":\"en-US\",\"@id\":\"https:\\\/\\\/masterchem.lv\\\/en\\\/product\\\/butyl-acetate-cas-123-86-4\\\/#primaryimage\",\"url\":\"https:\\\/\\\/masterchem.lv\\\/wp-content\\\/uploads\\\/2023\\\/03\\\/Butuulatsetaat_880kg_MaterChem-1-1.jpg\",\"contentUrl\":\"https:\\\/\\\/masterchem.lv\\\/wp-content\\\/uploads\\\/2023\\\/03\\\/Butuulatsetaat_880kg_MaterChem-1-1.jpg\",\"width\":1000,\"height\":1000},{\"@type\":\"BreadcrumbList\",\"@id\":\"https:\\\/\\\/masterchem.lv\\\/en\\\/product\\\/butyl-acetate-cas-123-86-4\\\/#breadcrumb\",\"itemListElement\":[{\"@type\":\"ListItem\",\"position\":1,\"name\":\"Home\",\"item\":\"https:\\\/\\\/masterchem.lv\\\/en\\\/\"},{\"@type\":\"ListItem\",\"position\":2,\"name\":\"Shop\",\"item\":\"https:\\\/\\\/masterchem.lv\\\/shop\\\/\"},{\"@type\":\"ListItem\",\"position\":3,\"name\":\"Butyl acetate (CAS 123-86-4)\"}]},{\"@type\":\"WebSite\",\"@id\":\"https:\\\/\\\/masterchem.lv\\\/en\\\/#website\",\"url\":\"https:\\\/\\\/masterchem.lv\\\/en\\\/\",\"name\":\"\u0136\u012bmija r\u016bpniec\u012bbai &mdash; &Scaron;\u0137\u012bdin\u0101t\u0101ji un \u0137\u012bmisk\u0101s vielas &mdash; Masterchem.ee\",\"description\":\"\u0136\u012bmija r\u016bpniec\u012bbai&nbsp;&mdash; &scaron;\u0137\u012bdin\u0101t\u0101ji un \u0137\u012bmisk\u0101s vielas\",\"potentialAction\":[{\"@type\":\"SearchAction\",\"target\":{\"@type\":\"EntryPoint\",\"urlTemplate\":\"https:\\\/\\\/masterchem.lv\\\/en\\\/?s={search_term_string}\"},\"query-input\":{\"@type\":\"PropertyValueSpecification\",\"valueRequired\":true,\"valueName\":\"search_term_string\"}}],\"inLanguage\":\"en-US\"}]}<\/script>\n<!-- \/ Yoast SEO plugin. -->","yoast_head_json":{"title":"Butyl acetate (CAS 123-86-4) - \u0136\u012bmija r\u016bpniec\u012bbai &mdash; &Scaron;\u0137\u012bdin\u0101t\u0101ji un \u0137\u012bmisk\u0101s vielas &mdash; Masterchem.ee","description":"Butyl acetate - is a volatile and transparent fluid without color or with a slight yellowish tint, with a specific fruity smell. Organic substance of the ester class, organic solvent. CAS 123-86-4","robots":{"index":"index","follow":"follow","max-snippet":"max-snippet:-1","max-image-preview":"max-image-preview:large","max-video-preview":"max-video-preview:-1"},"canonical":"https:\/\/masterchem.lv\/en\/product\/butyl-acetate-cas-123-86-4\/","og_locale":"en_US","og_type":"article","og_title":"Butyl acetate (CAS 123-86-4) - \u0136\u012bmija r\u016bpniec\u012bbai &mdash; &Scaron;\u0137\u012bdin\u0101t\u0101ji un \u0137\u012bmisk\u0101s vielas &mdash; Masterchem.ee","og_description":"Butyl acetate - is a volatile and transparent fluid without color or with a slight yellowish tint, with a specific fruity smell. Organic substance of the ester class, organic solvent. CAS 123-86-4","og_url":"https:\/\/masterchem.lv\/en\/product\/butyl-acetate-cas-123-86-4\/","og_site_name":"\u0136\u012bmija r\u016bpniec\u012bbai &mdash; &Scaron;\u0137\u012bdin\u0101t\u0101ji un \u0137\u012bmisk\u0101s vielas &mdash; Masterchem.ee","article_modified_time":"2023-04-06T09:20:47+00:00","og_image":[{"width":1000,"height":1000,"url":"https:\/\/masterchem.lv\/wp-content\/uploads\/2023\/03\/Butuulatsetaat_880kg_MaterChem-1-1.jpg","type":"image\/jpeg"}],"twitter_card":"summary_large_image","twitter_misc":{"Est. reading time":"2 minutes"},"schema":{"@context":"https:\/\/schema.org","@graph":[{"@type":"WebPage","@id":"https:\/\/masterchem.lv\/en\/product\/butyl-acetate-cas-123-86-4\/","url":"https:\/\/masterchem.lv\/en\/product\/butyl-acetate-cas-123-86-4\/","name":"Butyl acetate (CAS 123-86-4) - \u0136\u012bmija r\u016bpniec\u012bbai &mdash; &Scaron;\u0137\u012bdin\u0101t\u0101ji un \u0137\u012bmisk\u0101s vielas &mdash; Masterchem.ee","isPartOf":{"@id":"https:\/\/masterchem.lv\/en\/#website"},"primaryImageOfPage":{"@id":"https:\/\/masterchem.lv\/en\/product\/butyl-acetate-cas-123-86-4\/#primaryimage"},"image":{"@id":"https:\/\/masterchem.lv\/en\/product\/butyl-acetate-cas-123-86-4\/#primaryimage"},"thumbnailUrl":"https:\/\/masterchem.lv\/wp-content\/uploads\/2023\/03\/Butuulatsetaat_880kg_MaterChem-1-1.jpg","datePublished":"2023-03-08T07:46:46+00:00","dateModified":"2023-04-06T09:20:47+00:00","description":"Butyl acetate - is a volatile and transparent fluid without color or with a slight yellowish tint, with a specific fruity smell. Organic substance of the ester class, organic solvent. CAS 123-86-4","breadcrumb":{"@id":"https:\/\/masterchem.lv\/en\/product\/butyl-acetate-cas-123-86-4\/#breadcrumb"},"inLanguage":"en-US","potentialAction":[{"@type":"ReadAction","target":["https:\/\/masterchem.lv\/en\/product\/butyl-acetate-cas-123-86-4\/"]}]},{"@type":"ImageObject","inLanguage":"en-US","@id":"https:\/\/masterchem.lv\/en\/product\/butyl-acetate-cas-123-86-4\/#primaryimage","url":"https:\/\/masterchem.lv\/wp-content\/uploads\/2023\/03\/Butuulatsetaat_880kg_MaterChem-1-1.jpg","contentUrl":"https:\/\/masterchem.lv\/wp-content\/uploads\/2023\/03\/Butuulatsetaat_880kg_MaterChem-1-1.jpg","width":1000,"height":1000},{"@type":"BreadcrumbList","@id":"https:\/\/masterchem.lv\/en\/product\/butyl-acetate-cas-123-86-4\/#breadcrumb","itemListElement":[{"@type":"ListItem","position":1,"name":"Home","item":"https:\/\/masterchem.lv\/en\/"},{"@type":"ListItem","position":2,"name":"Shop","item":"https:\/\/masterchem.lv\/shop\/"},{"@type":"ListItem","position":3,"name":"Butyl acetate (CAS 123-86-4)"}]},{"@type":"WebSite","@id":"https:\/\/masterchem.lv\/en\/#website","url":"https:\/\/masterchem.lv\/en\/","name":"\u0136\u012bmija r\u016bpniec\u012bbai &mdash; &Scaron;\u0137\u012bdin\u0101t\u0101ji un \u0137\u012bmisk\u0101s vielas &mdash; Masterchem.ee","description":"\u0136\u012bmija r\u016bpniec\u012bbai&nbsp;&mdash; &scaron;\u0137\u012bdin\u0101t\u0101ji un \u0137\u012bmisk\u0101s vielas","potentialAction":[{"@type":"SearchAction","target":{"@type":"EntryPoint","urlTemplate":"https:\/\/masterchem.lv\/en\/?s={search_term_string}"},"query-input":{"@type":"PropertyValueSpecification","valueRequired":true,"valueName":"search_term_string"}}],"inLanguage":"en-US"}]}},"_links":{"self":[{"href":"https:\/\/masterchem.lv\/en\/wp-json\/wp\/v2\/product\/6301","targetHints":{"allow":["GET"]}}],"collection":[{"href":"https:\/\/masterchem.lv\/en\/wp-json\/wp\/v2\/product"}],"about":[{"href":"https:\/\/masterchem.lv\/en\/wp-json\/wp\/v2\/types\/product"}],"wp:featuredmedia":[{"embeddable":true,"href":"https:\/\/masterchem.lv\/en\/wp-json\/wp\/v2\/media\/6357"}],"wp:attachment":[{"href":"https:\/\/masterchem.lv\/en\/wp-json\/wp\/v2\/media?parent=6301"}],"wp:term":[{"taxonomy":"product_brand","embeddable":true,"href":"https:\/\/masterchem.lv\/en\/wp-json\/wp\/v2\/product_brand?post=6301"},{"taxonomy":"product_cat","embeddable":true,"href":"https:\/\/masterchem.lv\/en\/wp-json\/wp\/v2\/product_cat?post=6301"},{"taxonomy":"product_tag","embeddable":true,"href":"https:\/\/masterchem.lv\/en\/wp-json\/wp\/v2\/product_tag?post=6301"}],"curies":[{"name":"wp","href":"https:\/\/api.w.org\/{rel}","templated":true}]}}