{"id":6303,"date":"2023-03-08T07:46:46","date_gmt":"2023-03-08T07:46:46","guid":{"rendered":"https:\/\/masterchem.lv\/?post_type=product&#038;p=6303"},"modified":"2023-04-06T09:24:03","modified_gmt":"2023-04-06T09:24:03","slug":"castor-oil-cas-8001-79-4","status":"publish","type":"product","link":"https:\/\/masterchem.lv\/en\/product\/castor-oil-cas-8001-79-4\/","title":{"rendered":"Castor oil (CAS 8001-79-4)"},"content":{"rendered":"<p style=\"text-align: justify;\">Castor oil is a colorless to very pale yellow liquid with a distinct taste and odor. Its\u00a0<a title=\"Boiling point\" href=\"https:\/\/en.wikipedia.org\/wiki\/Boiling_point\">boiling point<\/a>\u00a0is 313\u00a0\u00b0C (595\u00a0\u00b0F) and its\u00a0<a title=\"Density\" href=\"https:\/\/en.wikipedia.org\/wiki\/Density\">density<\/a>\u00a0is 961\u00a0kg\/m<sup>3<\/sup>.<sup id=\"cite_ref-3\" class=\"reference\"><\/sup>\u00a0It is a\u00a0<a title=\"Triglyceride\" href=\"https:\/\/en.wikipedia.org\/wiki\/Triglyceride\">triglyceride<\/a>\u00a0in which approximately 90 percent of fatty acid chains are ricinoleates.\u00a0<a title=\"Oleic acid\" href=\"https:\/\/en.wikipedia.org\/wiki\/Oleic_acid\">Oleate<\/a>\u00a0and\u00a0<a title=\"Linoleic acid\" href=\"https:\/\/en.wikipedia.org\/wiki\/Linoleic_acid\">linoleates<\/a>\u00a0are the other significant components.<\/p>\n","protected":false},"excerpt":{"rendered":"<p style=\"text-align: justify;\"><b>Castor oil<\/b>\u00a0is a\u00a0<a title=\"Vegetable oil\" href=\"https:\/\/en.wikipedia.org\/wiki\/Vegetable_oil\">vegetable oil<\/a>\u00a0obtained by pressing the seeds of the\u00a0<a title=\"Ricinus\" href=\"https:\/\/en.wikipedia.org\/wiki\/Ricinus\">castor oil plant<\/a>\u00a0(<i>Ricinus communis<\/i>).\u00a0<sup id=\"cite_ref-ullmanns_1-0\" class=\"reference\"><\/sup>The common name &#8220;castor oil&#8221;, from which the plant gets its name, probably comes from its use as a replacement for\u00a0<a title=\"Castoreum\" href=\"https:\/\/en.wikipedia.org\/wiki\/Castoreum\">castoreum<\/a>, a\u00a0<a title=\"Note (perfumery)\" href=\"https:\/\/en.wikipedia.org\/wiki\/Note_(perfumery)#Base_notes\">perfume base<\/a>made from the dried\u00a0<a title=\"Perineum\" href=\"https:\/\/en.wikipedia.org\/wiki\/Perineum\">perineal glands<\/a>\u00a0of the\u00a0<a title=\"Beaver\" href=\"https:\/\/en.wikipedia.org\/wiki\/Beaver\">beaver<\/a><\/p>\n<p style=\"text-align: justify;\">\n<p>CAS 8001-79-4<\/p>\n","protected":false},"featured_media":6408,"template":"","meta":{"_monsterinsights_skip_tracking":false,"_monsterinsights_sitenote_active":false,"_monsterinsights_sitenote_note":"","_monsterinsights_sitenote_category":0},"product_brand":[],"product_cat":[167,70,101,86],"product_tag":[],"class_list":{"0":"post-6303","1":"product","2":"type-product","3":"status-publish","4":"has-post-thumbnail","6":"product_cat-all-goods","7":"product_cat-cosmetic-industry","8":"product_cat-pharmaceuticals","9":"product_cat-resins-plastics-polyurethanes","11":"first","12":"instock","13":"taxable","14":"shipping-taxable","15":"purchasable","16":"product-type-variable"},"yoast_head":"<!-- This site is optimized with the Yoast SEO plugin v27.4 - https:\/\/yoast.com\/product\/yoast-seo-wordpress\/ -->\n<title>Castor oil (CAS 8001-79-4) - \u0136\u012bmija r\u016bpniec\u012bbai &mdash; &Scaron;\u0137\u012bdin\u0101t\u0101ji un \u0137\u012bmisk\u0101s vielas &mdash; Masterchem.ee<\/title>\n<meta name=\"description\" content=\"Castor oil is a vegetable oil obtained by pressing the seeds of the castor oil plant (Ricinus communis). CAS 8001-79-4\" \/>\n<meta name=\"robots\" content=\"index, follow, max-snippet:-1, max-image-preview:large, max-video-preview:-1\" \/>\n<link rel=\"canonical\" href=\"https:\/\/masterchem.lv\/en\/product\/castor-oil-cas-8001-79-4\/\" \/>\n<meta property=\"og:locale\" content=\"en_US\" \/>\n<meta property=\"og:type\" content=\"article\" \/>\n<meta property=\"og:title\" content=\"Castor oil (CAS 8001-79-4) - \u0136\u012bmija r\u016bpniec\u012bbai &mdash; &Scaron;\u0137\u012bdin\u0101t\u0101ji un \u0137\u012bmisk\u0101s vielas &mdash; Masterchem.ee\" \/>\n<meta property=\"og:description\" content=\"Castor oil is a vegetable oil obtained by pressing the seeds of the castor oil plant (Ricinus communis). CAS 8001-79-4\" \/>\n<meta property=\"og:url\" content=\"https:\/\/masterchem.lv\/en\/product\/castor-oil-cas-8001-79-4\/\" \/>\n<meta property=\"og:site_name\" content=\"\u0136\u012bmija r\u016bpniec\u012bbai &mdash; &Scaron;\u0137\u012bdin\u0101t\u0101ji un \u0137\u012bmisk\u0101s vielas &mdash; Masterchem.ee\" \/>\n<meta property=\"article:modified_time\" content=\"2023-04-06T09:24:03+00:00\" \/>\n<meta property=\"og:image\" content=\"https:\/\/masterchem.lv\/wp-content\/uploads\/2023\/03\/CASTOR-OIL-1000l-MasterChem-1.jpg\" \/>\n\t<meta property=\"og:image:width\" content=\"1000\" \/>\n\t<meta property=\"og:image:height\" content=\"1000\" \/>\n\t<meta property=\"og:image:type\" content=\"image\/jpeg\" \/>\n<meta name=\"twitter:card\" content=\"summary_large_image\" \/>\n<meta name=\"twitter:label1\" content=\"Est. reading time\" \/>\n\t<meta name=\"twitter:data1\" content=\"1 minute\" \/>\n<script type=\"application\/ld+json\" class=\"yoast-schema-graph\">{\"@context\":\"https:\\\/\\\/schema.org\",\"@graph\":[{\"@type\":\"WebPage\",\"@id\":\"https:\\\/\\\/masterchem.lv\\\/en\\\/product\\\/castor-oil-cas-8001-79-4\\\/\",\"url\":\"https:\\\/\\\/masterchem.lv\\\/en\\\/product\\\/castor-oil-cas-8001-79-4\\\/\",\"name\":\"Castor oil (CAS 8001-79-4) - \u0136\u012bmija r\u016bpniec\u012bbai &mdash; &Scaron;\u0137\u012bdin\u0101t\u0101ji un \u0137\u012bmisk\u0101s vielas &mdash; Masterchem.ee\",\"isPartOf\":{\"@id\":\"https:\\\/\\\/masterchem.lv\\\/en\\\/#website\"},\"primaryImageOfPage\":{\"@id\":\"https:\\\/\\\/masterchem.lv\\\/en\\\/product\\\/castor-oil-cas-8001-79-4\\\/#primaryimage\"},\"image\":{\"@id\":\"https:\\\/\\\/masterchem.lv\\\/en\\\/product\\\/castor-oil-cas-8001-79-4\\\/#primaryimage\"},\"thumbnailUrl\":\"https:\\\/\\\/masterchem.lv\\\/wp-content\\\/uploads\\\/2023\\\/03\\\/CASTOR-OIL-1000l-MasterChem-1.jpg\",\"datePublished\":\"2023-03-08T07:46:46+00:00\",\"dateModified\":\"2023-04-06T09:24:03+00:00\",\"description\":\"Castor oil is a vegetable oil obtained by pressing the seeds of the castor oil plant (Ricinus communis). CAS 8001-79-4\",\"breadcrumb\":{\"@id\":\"https:\\\/\\\/masterchem.lv\\\/en\\\/product\\\/castor-oil-cas-8001-79-4\\\/#breadcrumb\"},\"inLanguage\":\"en-US\",\"potentialAction\":[{\"@type\":\"ReadAction\",\"target\":[\"https:\\\/\\\/masterchem.lv\\\/en\\\/product\\\/castor-oil-cas-8001-79-4\\\/\"]}]},{\"@type\":\"ImageObject\",\"inLanguage\":\"en-US\",\"@id\":\"https:\\\/\\\/masterchem.lv\\\/en\\\/product\\\/castor-oil-cas-8001-79-4\\\/#primaryimage\",\"url\":\"https:\\\/\\\/masterchem.lv\\\/wp-content\\\/uploads\\\/2023\\\/03\\\/CASTOR-OIL-1000l-MasterChem-1.jpg\",\"contentUrl\":\"https:\\\/\\\/masterchem.lv\\\/wp-content\\\/uploads\\\/2023\\\/03\\\/CASTOR-OIL-1000l-MasterChem-1.jpg\",\"width\":1000,\"height\":1000},{\"@type\":\"BreadcrumbList\",\"@id\":\"https:\\\/\\\/masterchem.lv\\\/en\\\/product\\\/castor-oil-cas-8001-79-4\\\/#breadcrumb\",\"itemListElement\":[{\"@type\":\"ListItem\",\"position\":1,\"name\":\"Home\",\"item\":\"https:\\\/\\\/masterchem.lv\\\/en\\\/\"},{\"@type\":\"ListItem\",\"position\":2,\"name\":\"Shop\",\"item\":\"https:\\\/\\\/masterchem.lv\\\/shop\\\/\"},{\"@type\":\"ListItem\",\"position\":3,\"name\":\"Castor oil (CAS 8001-79-4)\"}]},{\"@type\":\"WebSite\",\"@id\":\"https:\\\/\\\/masterchem.lv\\\/en\\\/#website\",\"url\":\"https:\\\/\\\/masterchem.lv\\\/en\\\/\",\"name\":\"\u0136\u012bmija r\u016bpniec\u012bbai &mdash; &Scaron;\u0137\u012bdin\u0101t\u0101ji un \u0137\u012bmisk\u0101s vielas &mdash; Masterchem.ee\",\"description\":\"\u0136\u012bmija r\u016bpniec\u012bbai&nbsp;&mdash; &scaron;\u0137\u012bdin\u0101t\u0101ji un \u0137\u012bmisk\u0101s vielas\",\"potentialAction\":[{\"@type\":\"SearchAction\",\"target\":{\"@type\":\"EntryPoint\",\"urlTemplate\":\"https:\\\/\\\/masterchem.lv\\\/en\\\/?s={search_term_string}\"},\"query-input\":{\"@type\":\"PropertyValueSpecification\",\"valueRequired\":true,\"valueName\":\"search_term_string\"}}],\"inLanguage\":\"en-US\"}]}<\/script>\n<!-- \/ Yoast SEO plugin. -->","yoast_head_json":{"title":"Castor oil (CAS 8001-79-4) - \u0136\u012bmija r\u016bpniec\u012bbai &mdash; &Scaron;\u0137\u012bdin\u0101t\u0101ji un \u0137\u012bmisk\u0101s vielas &mdash; Masterchem.ee","description":"Castor oil is a vegetable oil obtained by pressing the seeds of the castor oil plant (Ricinus communis). CAS 8001-79-4","robots":{"index":"index","follow":"follow","max-snippet":"max-snippet:-1","max-image-preview":"max-image-preview:large","max-video-preview":"max-video-preview:-1"},"canonical":"https:\/\/masterchem.lv\/en\/product\/castor-oil-cas-8001-79-4\/","og_locale":"en_US","og_type":"article","og_title":"Castor oil (CAS 8001-79-4) - \u0136\u012bmija r\u016bpniec\u012bbai &mdash; &Scaron;\u0137\u012bdin\u0101t\u0101ji un \u0137\u012bmisk\u0101s vielas &mdash; Masterchem.ee","og_description":"Castor oil is a vegetable oil obtained by pressing the seeds of the castor oil plant (Ricinus communis). CAS 8001-79-4","og_url":"https:\/\/masterchem.lv\/en\/product\/castor-oil-cas-8001-79-4\/","og_site_name":"\u0136\u012bmija r\u016bpniec\u012bbai &mdash; &Scaron;\u0137\u012bdin\u0101t\u0101ji un \u0137\u012bmisk\u0101s vielas &mdash; Masterchem.ee","article_modified_time":"2023-04-06T09:24:03+00:00","og_image":[{"width":1000,"height":1000,"url":"https:\/\/masterchem.lv\/wp-content\/uploads\/2023\/03\/CASTOR-OIL-1000l-MasterChem-1.jpg","type":"image\/jpeg"}],"twitter_card":"summary_large_image","twitter_misc":{"Est. reading time":"1 minute"},"schema":{"@context":"https:\/\/schema.org","@graph":[{"@type":"WebPage","@id":"https:\/\/masterchem.lv\/en\/product\/castor-oil-cas-8001-79-4\/","url":"https:\/\/masterchem.lv\/en\/product\/castor-oil-cas-8001-79-4\/","name":"Castor oil (CAS 8001-79-4) - \u0136\u012bmija r\u016bpniec\u012bbai &mdash; &Scaron;\u0137\u012bdin\u0101t\u0101ji un \u0137\u012bmisk\u0101s vielas &mdash; Masterchem.ee","isPartOf":{"@id":"https:\/\/masterchem.lv\/en\/#website"},"primaryImageOfPage":{"@id":"https:\/\/masterchem.lv\/en\/product\/castor-oil-cas-8001-79-4\/#primaryimage"},"image":{"@id":"https:\/\/masterchem.lv\/en\/product\/castor-oil-cas-8001-79-4\/#primaryimage"},"thumbnailUrl":"https:\/\/masterchem.lv\/wp-content\/uploads\/2023\/03\/CASTOR-OIL-1000l-MasterChem-1.jpg","datePublished":"2023-03-08T07:46:46+00:00","dateModified":"2023-04-06T09:24:03+00:00","description":"Castor oil is a vegetable oil obtained by pressing the seeds of the castor oil plant (Ricinus communis). CAS 8001-79-4","breadcrumb":{"@id":"https:\/\/masterchem.lv\/en\/product\/castor-oil-cas-8001-79-4\/#breadcrumb"},"inLanguage":"en-US","potentialAction":[{"@type":"ReadAction","target":["https:\/\/masterchem.lv\/en\/product\/castor-oil-cas-8001-79-4\/"]}]},{"@type":"ImageObject","inLanguage":"en-US","@id":"https:\/\/masterchem.lv\/en\/product\/castor-oil-cas-8001-79-4\/#primaryimage","url":"https:\/\/masterchem.lv\/wp-content\/uploads\/2023\/03\/CASTOR-OIL-1000l-MasterChem-1.jpg","contentUrl":"https:\/\/masterchem.lv\/wp-content\/uploads\/2023\/03\/CASTOR-OIL-1000l-MasterChem-1.jpg","width":1000,"height":1000},{"@type":"BreadcrumbList","@id":"https:\/\/masterchem.lv\/en\/product\/castor-oil-cas-8001-79-4\/#breadcrumb","itemListElement":[{"@type":"ListItem","position":1,"name":"Home","item":"https:\/\/masterchem.lv\/en\/"},{"@type":"ListItem","position":2,"name":"Shop","item":"https:\/\/masterchem.lv\/shop\/"},{"@type":"ListItem","position":3,"name":"Castor oil (CAS 8001-79-4)"}]},{"@type":"WebSite","@id":"https:\/\/masterchem.lv\/en\/#website","url":"https:\/\/masterchem.lv\/en\/","name":"\u0136\u012bmija r\u016bpniec\u012bbai &mdash; &Scaron;\u0137\u012bdin\u0101t\u0101ji un \u0137\u012bmisk\u0101s vielas &mdash; Masterchem.ee","description":"\u0136\u012bmija r\u016bpniec\u012bbai&nbsp;&mdash; &scaron;\u0137\u012bdin\u0101t\u0101ji un \u0137\u012bmisk\u0101s vielas","potentialAction":[{"@type":"SearchAction","target":{"@type":"EntryPoint","urlTemplate":"https:\/\/masterchem.lv\/en\/?s={search_term_string}"},"query-input":{"@type":"PropertyValueSpecification","valueRequired":true,"valueName":"search_term_string"}}],"inLanguage":"en-US"}]}},"_links":{"self":[{"href":"https:\/\/masterchem.lv\/en\/wp-json\/wp\/v2\/product\/6303","targetHints":{"allow":["GET"]}}],"collection":[{"href":"https:\/\/masterchem.lv\/en\/wp-json\/wp\/v2\/product"}],"about":[{"href":"https:\/\/masterchem.lv\/en\/wp-json\/wp\/v2\/types\/product"}],"wp:featuredmedia":[{"embeddable":true,"href":"https:\/\/masterchem.lv\/en\/wp-json\/wp\/v2\/media\/6408"}],"wp:attachment":[{"href":"https:\/\/masterchem.lv\/en\/wp-json\/wp\/v2\/media?parent=6303"}],"wp:term":[{"taxonomy":"product_brand","embeddable":true,"href":"https:\/\/masterchem.lv\/en\/wp-json\/wp\/v2\/product_brand?post=6303"},{"taxonomy":"product_cat","embeddable":true,"href":"https:\/\/masterchem.lv\/en\/wp-json\/wp\/v2\/product_cat?post=6303"},{"taxonomy":"product_tag","embeddable":true,"href":"https:\/\/masterchem.lv\/en\/wp-json\/wp\/v2\/product_tag?post=6303"}],"curies":[{"name":"wp","href":"https:\/\/api.w.org\/{rel}","templated":true}]}}