{"id":6304,"date":"2023-03-08T07:46:46","date_gmt":"2023-03-08T07:46:46","guid":{"rendered":"https:\/\/masterchem.lv\/?post_type=product&#038;p=6304"},"modified":"2023-04-06T09:25:53","modified_gmt":"2023-04-06T09:25:53","slug":"denatonium-benzoate-cas-3734-33-6","status":"publish","type":"product","link":"https:\/\/masterchem.lv\/en\/product\/denatonium-benzoate-cas-3734-33-6\/","title":{"rendered":"Denatonium benzoate (CAS 3734-33-6)"},"content":{"rendered":"<p style=\"text-align: justify;\">Dilutions of as little as 10\u00a0<a title=\"Parts-per notation\" href=\"https:\/\/en.wikipedia.org\/wiki\/Parts-per_notation#Types_of_Parts-per_notations\">ppm<\/a>\u00a0are unbearably bitter to most humans. Denatonium salts are usually colorless and odorless solids but are often traded as solutions. They are used as\u00a0<a title=\"Aversive agent\" href=\"https:\/\/en.wikipedia.org\/wiki\/Aversive_agent\">aversive agents<\/a>\u00a0(<a title=\"Bitterant\" href=\"https:\/\/en.wikipedia.org\/wiki\/Bitterant\">bitterants<\/a>) to prevent inappropriate\u00a0<a title=\"Eating\" href=\"https:\/\/en.wikipedia.org\/wiki\/Eating\">ingestion<\/a>. Denatonium is used in\u00a0<a title=\"Denatured alcohol\" href=\"https:\/\/en.wikipedia.org\/wiki\/Denatured_alcohol\">denatured alcohol<\/a>,<sup id=\"cite_ref-4\" class=\"reference\"><\/sup>\u00a0<a title=\"Antifreeze\" href=\"https:\/\/en.wikipedia.org\/wiki\/Antifreeze\">antifreeze<\/a>,\u00a0<a title=\"Nail biting\" href=\"https:\/\/en.wikipedia.org\/wiki\/Nail_biting\">nail biting<\/a>\u00a0preventions,\u00a0<a title=\"Respirator\" href=\"https:\/\/en.wikipedia.org\/wiki\/Respirator\">respirator<\/a>\u00a0mask\u00a0<a title=\"Respirator fit test\" href=\"https:\/\/en.wikipedia.org\/wiki\/Respirator_fit_test\">fit-testing<\/a>,\u00a0<a title=\"Animal repellent\" href=\"https:\/\/en.wikipedia.org\/wiki\/Animal_repellent\">animal repellents<\/a>,\u00a0<a title=\"Soap\" href=\"https:\/\/en.wikipedia.org\/wiki\/Soap\">liquid soaps<\/a>, and\u00a0<a title=\"Shampoo\" href=\"https:\/\/en.wikipedia.org\/wiki\/Shampoo\">shampoos<\/a>. It is not known to pose any long-term health risks.<\/p>\n","protected":false},"excerpt":{"rendered":"<p style=\"text-align: justify;\"><b>Other names: denatonium, denatonium benzoate, bitterant-b, bitter+plus, bitrex, bitterant.<\/b><\/p>\n<p style=\"text-align: justify;\">Denatonium, usually available as\u00a0denatonium benzoate\u00a0(under\u00a0<a title=\"Trade name\" href=\"https:\/\/en.wikipedia.org\/wiki\/Trade_name\">trade names<\/a>\u00a0such as\u00a0BITTERANT-b,\u00a0BITTER+PLUS,\u00a0<i>Bitrex<\/i>\u00a0or\u00a0<i>Aversion<\/i>) and as\u00a0denatonium saccharide\u00a0(BITTERANT-s), is the most\u00a0<a class=\"mw-redirect\" title=\"Bitter (taste)\" href=\"https:\/\/en.wikipedia.org\/wiki\/Bitter_(taste)#Bitterness\">bitter<\/a>\u00a0chemical\u00a0<a title=\"Chemical compound\" href=\"https:\/\/en.wikipedia.org\/wiki\/Chemical_compound\">compound<\/a>\u00a0known, with bitterness thresholds of 0.05 ppm for the benzoate and 0.01 ppm for the saccharide.<sup id=\"cite_ref-auto_2-0\" class=\"reference\"><\/sup>\u00a0It was discovered in 1958 during research on\u00a0<a title=\"Local anesthetic\" href=\"https:\/\/en.wikipedia.org\/wiki\/Local_anesthetic\">local anesthetics<\/a>\u00a0by\u00a0<a title=\"MacFarlan Smith\" href=\"https:\/\/en.wikipedia.org\/wiki\/MacFarlan_Smith\">MacFarlan Smith<\/a>\u00a0of\u00a0<a title=\"Edinburgh\" href=\"https:\/\/en.wikipedia.org\/wiki\/Edinburgh\">Edinburgh<\/a>,\u00a0<a title=\"Scotland\" href=\"https:\/\/en.wikipedia.org\/wiki\/Scotland\">Scotland<\/a>, and registered under the trademark\u00a0<i>Bitrex<\/i><\/p>\n<p style=\"text-align: justify;\">\n<p>CAS 3734-33-6<\/p>\n","protected":false},"featured_media":6436,"template":"","meta":{"_monsterinsights_skip_tracking":false,"_monsterinsights_sitenote_active":false,"_monsterinsights_sitenote_note":"","_monsterinsights_sitenote_category":0},"product_brand":[],"product_cat":[167,95,107,110],"product_tag":[],"class_list":{"0":"post-6304","1":"product","2":"type-product","3":"status-publish","4":"has-post-thumbnail","6":"product_cat-all-goods","7":"product_cat-metalworking-chemicals","8":"product_cat-road-painting","9":"product_cat-typography-chemicals","11":"first","12":"instock","13":"taxable","14":"shipping-taxable","15":"purchasable","16":"product-type-variable","17":"has-default-attributes"},"yoast_head":"<!-- This site is optimized with the Yoast SEO plugin v27.4 - https:\/\/yoast.com\/product\/yoast-seo-wordpress\/ -->\n<title>Denatonium benzoate (CAS 3734-33-6) - \u0136\u012bmija r\u016bpniec\u012bbai &mdash; &Scaron;\u0137\u012bdin\u0101t\u0101ji un \u0137\u012bmisk\u0101s vielas &mdash; Masterchem.ee<\/title>\n<meta name=\"description\" content=\"Denatonium, usually available as denatonium benzoate (under trade names such as BITTERANT-b, BITTER+PLUS, Bitrex or Aversion) and as denatonium saccharide (BITTERANT-s), is the most bitter chemical compound known, with bitterness thresholds of 0.05 ppm for the benzoate and 0.01 ppm for the saccharide. CAS 3734-33-6\" \/>\n<meta name=\"robots\" content=\"index, follow, max-snippet:-1, max-image-preview:large, max-video-preview:-1\" \/>\n<link rel=\"canonical\" href=\"https:\/\/masterchem.lv\/en\/product\/denatonium-benzoate-cas-3734-33-6\/\" \/>\n<meta property=\"og:locale\" content=\"en_US\" \/>\n<meta property=\"og:type\" content=\"article\" \/>\n<meta property=\"og:title\" content=\"Denatonium benzoate (CAS 3734-33-6) - \u0136\u012bmija r\u016bpniec\u012bbai &mdash; &Scaron;\u0137\u012bdin\u0101t\u0101ji un \u0137\u012bmisk\u0101s vielas &mdash; Masterchem.ee\" \/>\n<meta property=\"og:description\" content=\"Denatonium, usually available as denatonium benzoate (under trade names such as BITTERANT-b, BITTER+PLUS, Bitrex or Aversion) and as denatonium saccharide (BITTERANT-s), is the most bitter chemical compound known, with bitterness thresholds of 0.05 ppm for the benzoate and 0.01 ppm for the saccharide. CAS 3734-33-6\" \/>\n<meta property=\"og:url\" content=\"https:\/\/masterchem.lv\/en\/product\/denatonium-benzoate-cas-3734-33-6\/\" \/>\n<meta property=\"og:site_name\" content=\"\u0136\u012bmija r\u016bpniec\u012bbai &mdash; &Scaron;\u0137\u012bdin\u0101t\u0101ji un \u0137\u012bmisk\u0101s vielas &mdash; Masterchem.ee\" \/>\n<meta property=\"article:modified_time\" content=\"2023-04-06T09:25:53+00:00\" \/>\n<meta property=\"og:image\" content=\"https:\/\/masterchem.lv\/wp-content\/uploads\/2023\/03\/DENATONIUM-BENZOATE-1000l-MasterChem-1.jpg\" \/>\n\t<meta property=\"og:image:width\" content=\"1000\" \/>\n\t<meta property=\"og:image:height\" content=\"1000\" \/>\n\t<meta property=\"og:image:type\" content=\"image\/jpeg\" \/>\n<meta name=\"twitter:card\" content=\"summary_large_image\" \/>\n<meta name=\"twitter:label1\" content=\"Est. reading time\" \/>\n\t<meta name=\"twitter:data1\" content=\"1 minute\" \/>\n<script type=\"application\/ld+json\" class=\"yoast-schema-graph\">{\"@context\":\"https:\\\/\\\/schema.org\",\"@graph\":[{\"@type\":\"WebPage\",\"@id\":\"https:\\\/\\\/masterchem.lv\\\/en\\\/product\\\/denatonium-benzoate-cas-3734-33-6\\\/\",\"url\":\"https:\\\/\\\/masterchem.lv\\\/en\\\/product\\\/denatonium-benzoate-cas-3734-33-6\\\/\",\"name\":\"Denatonium benzoate (CAS 3734-33-6) - \u0136\u012bmija r\u016bpniec\u012bbai &mdash; &Scaron;\u0137\u012bdin\u0101t\u0101ji un \u0137\u012bmisk\u0101s vielas &mdash; Masterchem.ee\",\"isPartOf\":{\"@id\":\"https:\\\/\\\/masterchem.lv\\\/en\\\/#website\"},\"primaryImageOfPage\":{\"@id\":\"https:\\\/\\\/masterchem.lv\\\/en\\\/product\\\/denatonium-benzoate-cas-3734-33-6\\\/#primaryimage\"},\"image\":{\"@id\":\"https:\\\/\\\/masterchem.lv\\\/en\\\/product\\\/denatonium-benzoate-cas-3734-33-6\\\/#primaryimage\"},\"thumbnailUrl\":\"https:\\\/\\\/masterchem.lv\\\/wp-content\\\/uploads\\\/2023\\\/03\\\/DENATONIUM-BENZOATE-1000l-MasterChem-1.jpg\",\"datePublished\":\"2023-03-08T07:46:46+00:00\",\"dateModified\":\"2023-04-06T09:25:53+00:00\",\"description\":\"Denatonium, usually available as denatonium benzoate (under trade names such as BITTERANT-b, BITTER+PLUS, Bitrex or Aversion) and as denatonium saccharide (BITTERANT-s), is the most bitter chemical compound known, with bitterness thresholds of 0.05 ppm for the benzoate and 0.01 ppm for the saccharide. CAS 3734-33-6\",\"breadcrumb\":{\"@id\":\"https:\\\/\\\/masterchem.lv\\\/en\\\/product\\\/denatonium-benzoate-cas-3734-33-6\\\/#breadcrumb\"},\"inLanguage\":\"en-US\",\"potentialAction\":[{\"@type\":\"ReadAction\",\"target\":[\"https:\\\/\\\/masterchem.lv\\\/en\\\/product\\\/denatonium-benzoate-cas-3734-33-6\\\/\"]}]},{\"@type\":\"ImageObject\",\"inLanguage\":\"en-US\",\"@id\":\"https:\\\/\\\/masterchem.lv\\\/en\\\/product\\\/denatonium-benzoate-cas-3734-33-6\\\/#primaryimage\",\"url\":\"https:\\\/\\\/masterchem.lv\\\/wp-content\\\/uploads\\\/2023\\\/03\\\/DENATONIUM-BENZOATE-1000l-MasterChem-1.jpg\",\"contentUrl\":\"https:\\\/\\\/masterchem.lv\\\/wp-content\\\/uploads\\\/2023\\\/03\\\/DENATONIUM-BENZOATE-1000l-MasterChem-1.jpg\",\"width\":1000,\"height\":1000},{\"@type\":\"BreadcrumbList\",\"@id\":\"https:\\\/\\\/masterchem.lv\\\/en\\\/product\\\/denatonium-benzoate-cas-3734-33-6\\\/#breadcrumb\",\"itemListElement\":[{\"@type\":\"ListItem\",\"position\":1,\"name\":\"Home\",\"item\":\"https:\\\/\\\/masterchem.lv\\\/en\\\/\"},{\"@type\":\"ListItem\",\"position\":2,\"name\":\"Shop\",\"item\":\"https:\\\/\\\/masterchem.lv\\\/shop\\\/\"},{\"@type\":\"ListItem\",\"position\":3,\"name\":\"Denatonium benzoate (CAS 3734-33-6)\"}]},{\"@type\":\"WebSite\",\"@id\":\"https:\\\/\\\/masterchem.lv\\\/en\\\/#website\",\"url\":\"https:\\\/\\\/masterchem.lv\\\/en\\\/\",\"name\":\"\u0136\u012bmija r\u016bpniec\u012bbai &mdash; &Scaron;\u0137\u012bdin\u0101t\u0101ji un \u0137\u012bmisk\u0101s vielas &mdash; Masterchem.ee\",\"description\":\"\u0136\u012bmija r\u016bpniec\u012bbai&nbsp;&mdash; &scaron;\u0137\u012bdin\u0101t\u0101ji un \u0137\u012bmisk\u0101s vielas\",\"potentialAction\":[{\"@type\":\"SearchAction\",\"target\":{\"@type\":\"EntryPoint\",\"urlTemplate\":\"https:\\\/\\\/masterchem.lv\\\/en\\\/?s={search_term_string}\"},\"query-input\":{\"@type\":\"PropertyValueSpecification\",\"valueRequired\":true,\"valueName\":\"search_term_string\"}}],\"inLanguage\":\"en-US\"}]}<\/script>\n<!-- \/ Yoast SEO plugin. -->","yoast_head_json":{"title":"Denatonium benzoate (CAS 3734-33-6) - \u0136\u012bmija r\u016bpniec\u012bbai &mdash; &Scaron;\u0137\u012bdin\u0101t\u0101ji un \u0137\u012bmisk\u0101s vielas &mdash; Masterchem.ee","description":"Denatonium, usually available as denatonium benzoate (under trade names such as BITTERANT-b, BITTER+PLUS, Bitrex or Aversion) and as denatonium saccharide (BITTERANT-s), is the most bitter chemical compound known, with bitterness thresholds of 0.05 ppm for the benzoate and 0.01 ppm for the saccharide. CAS 3734-33-6","robots":{"index":"index","follow":"follow","max-snippet":"max-snippet:-1","max-image-preview":"max-image-preview:large","max-video-preview":"max-video-preview:-1"},"canonical":"https:\/\/masterchem.lv\/en\/product\/denatonium-benzoate-cas-3734-33-6\/","og_locale":"en_US","og_type":"article","og_title":"Denatonium benzoate (CAS 3734-33-6) - \u0136\u012bmija r\u016bpniec\u012bbai &mdash; &Scaron;\u0137\u012bdin\u0101t\u0101ji un \u0137\u012bmisk\u0101s vielas &mdash; Masterchem.ee","og_description":"Denatonium, usually available as denatonium benzoate (under trade names such as BITTERANT-b, BITTER+PLUS, Bitrex or Aversion) and as denatonium saccharide (BITTERANT-s), is the most bitter chemical compound known, with bitterness thresholds of 0.05 ppm for the benzoate and 0.01 ppm for the saccharide. CAS 3734-33-6","og_url":"https:\/\/masterchem.lv\/en\/product\/denatonium-benzoate-cas-3734-33-6\/","og_site_name":"\u0136\u012bmija r\u016bpniec\u012bbai &mdash; &Scaron;\u0137\u012bdin\u0101t\u0101ji un \u0137\u012bmisk\u0101s vielas &mdash; Masterchem.ee","article_modified_time":"2023-04-06T09:25:53+00:00","og_image":[{"width":1000,"height":1000,"url":"https:\/\/masterchem.lv\/wp-content\/uploads\/2023\/03\/DENATONIUM-BENZOATE-1000l-MasterChem-1.jpg","type":"image\/jpeg"}],"twitter_card":"summary_large_image","twitter_misc":{"Est. reading time":"1 minute"},"schema":{"@context":"https:\/\/schema.org","@graph":[{"@type":"WebPage","@id":"https:\/\/masterchem.lv\/en\/product\/denatonium-benzoate-cas-3734-33-6\/","url":"https:\/\/masterchem.lv\/en\/product\/denatonium-benzoate-cas-3734-33-6\/","name":"Denatonium benzoate (CAS 3734-33-6) - \u0136\u012bmija r\u016bpniec\u012bbai &mdash; &Scaron;\u0137\u012bdin\u0101t\u0101ji un \u0137\u012bmisk\u0101s vielas &mdash; Masterchem.ee","isPartOf":{"@id":"https:\/\/masterchem.lv\/en\/#website"},"primaryImageOfPage":{"@id":"https:\/\/masterchem.lv\/en\/product\/denatonium-benzoate-cas-3734-33-6\/#primaryimage"},"image":{"@id":"https:\/\/masterchem.lv\/en\/product\/denatonium-benzoate-cas-3734-33-6\/#primaryimage"},"thumbnailUrl":"https:\/\/masterchem.lv\/wp-content\/uploads\/2023\/03\/DENATONIUM-BENZOATE-1000l-MasterChem-1.jpg","datePublished":"2023-03-08T07:46:46+00:00","dateModified":"2023-04-06T09:25:53+00:00","description":"Denatonium, usually available as denatonium benzoate (under trade names such as BITTERANT-b, BITTER+PLUS, Bitrex or Aversion) and as denatonium saccharide (BITTERANT-s), is the most bitter chemical compound known, with bitterness thresholds of 0.05 ppm for the benzoate and 0.01 ppm for the saccharide. CAS 3734-33-6","breadcrumb":{"@id":"https:\/\/masterchem.lv\/en\/product\/denatonium-benzoate-cas-3734-33-6\/#breadcrumb"},"inLanguage":"en-US","potentialAction":[{"@type":"ReadAction","target":["https:\/\/masterchem.lv\/en\/product\/denatonium-benzoate-cas-3734-33-6\/"]}]},{"@type":"ImageObject","inLanguage":"en-US","@id":"https:\/\/masterchem.lv\/en\/product\/denatonium-benzoate-cas-3734-33-6\/#primaryimage","url":"https:\/\/masterchem.lv\/wp-content\/uploads\/2023\/03\/DENATONIUM-BENZOATE-1000l-MasterChem-1.jpg","contentUrl":"https:\/\/masterchem.lv\/wp-content\/uploads\/2023\/03\/DENATONIUM-BENZOATE-1000l-MasterChem-1.jpg","width":1000,"height":1000},{"@type":"BreadcrumbList","@id":"https:\/\/masterchem.lv\/en\/product\/denatonium-benzoate-cas-3734-33-6\/#breadcrumb","itemListElement":[{"@type":"ListItem","position":1,"name":"Home","item":"https:\/\/masterchem.lv\/en\/"},{"@type":"ListItem","position":2,"name":"Shop","item":"https:\/\/masterchem.lv\/shop\/"},{"@type":"ListItem","position":3,"name":"Denatonium benzoate (CAS 3734-33-6)"}]},{"@type":"WebSite","@id":"https:\/\/masterchem.lv\/en\/#website","url":"https:\/\/masterchem.lv\/en\/","name":"\u0136\u012bmija r\u016bpniec\u012bbai &mdash; &Scaron;\u0137\u012bdin\u0101t\u0101ji un \u0137\u012bmisk\u0101s vielas &mdash; Masterchem.ee","description":"\u0136\u012bmija r\u016bpniec\u012bbai&nbsp;&mdash; &scaron;\u0137\u012bdin\u0101t\u0101ji un \u0137\u012bmisk\u0101s vielas","potentialAction":[{"@type":"SearchAction","target":{"@type":"EntryPoint","urlTemplate":"https:\/\/masterchem.lv\/en\/?s={search_term_string}"},"query-input":{"@type":"PropertyValueSpecification","valueRequired":true,"valueName":"search_term_string"}}],"inLanguage":"en-US"}]}},"_links":{"self":[{"href":"https:\/\/masterchem.lv\/en\/wp-json\/wp\/v2\/product\/6304","targetHints":{"allow":["GET"]}}],"collection":[{"href":"https:\/\/masterchem.lv\/en\/wp-json\/wp\/v2\/product"}],"about":[{"href":"https:\/\/masterchem.lv\/en\/wp-json\/wp\/v2\/types\/product"}],"wp:featuredmedia":[{"embeddable":true,"href":"https:\/\/masterchem.lv\/en\/wp-json\/wp\/v2\/media\/6436"}],"wp:attachment":[{"href":"https:\/\/masterchem.lv\/en\/wp-json\/wp\/v2\/media?parent=6304"}],"wp:term":[{"taxonomy":"product_brand","embeddable":true,"href":"https:\/\/masterchem.lv\/en\/wp-json\/wp\/v2\/product_brand?post=6304"},{"taxonomy":"product_cat","embeddable":true,"href":"https:\/\/masterchem.lv\/en\/wp-json\/wp\/v2\/product_cat?post=6304"},{"taxonomy":"product_tag","embeddable":true,"href":"https:\/\/masterchem.lv\/en\/wp-json\/wp\/v2\/product_tag?post=6304"}],"curies":[{"name":"wp","href":"https:\/\/api.w.org\/{rel}","templated":true}]}}