{"id":6306,"date":"2023-03-08T07:46:46","date_gmt":"2023-03-08T07:46:46","guid":{"rendered":"https:\/\/masterchem.lv\/?post_type=product&#038;p=6306"},"modified":"2024-07-17T16:25:58","modified_gmt":"2024-07-17T16:25:58","slug":"diethylene-glycol-cas-111-46-6","status":"publish","type":"product","link":"https:\/\/masterchem.lv\/en\/product\/diethylene-glycol-cas-111-46-6\/","title":{"rendered":"Diethylene glycol (CAS 111-46-6)"},"content":{"rendered":"<p style=\"text-align: justify;\">DEG is produced by the partial\u00a0<a title=\"Hydrolysis\" href=\"https:\/\/en.wikipedia.org\/wiki\/Hydrolysis\">hydrolysis<\/a>\u00a0of\u00a0<a title=\"Ethylene oxide\" href=\"https:\/\/en.wikipedia.org\/wiki\/Ethylene_oxide\">ethylene oxide<\/a>. Depending on the conditions, varying amounts of DEG and related glycols are produced. The resulting product is two ethylene glycol molecules joined by an ether bond.<sup id=\"cite_ref-Marraffa_3-0\" class=\"reference\"><\/sup><\/p>\n<p style=\"text-align: justify;\">&#8220;Diethylene glycol is derived as a co-product with\u00a0<a title=\"Ethylene glycol\" href=\"https:\/\/en.wikipedia.org\/wiki\/Ethylene_glycol\">ethylene glycol<\/a>\u00a0(MEG) and\u00a0<a title=\"Triethylene glycol\" href=\"https:\/\/en.wikipedia.org\/wiki\/Triethylene_glycol\">triethylene glycol<\/a>. The industry generally operates to maximize MEG production. Ethylene glycol is by far the largest volume of the glycol products in a variety of applications. Availability of DEG will depend on demand for derivatives of the primary product, ethylene glycol, rather than on DEG market requirements.&#8221;<\/p>\n","protected":false},"excerpt":{"rendered":"<p style=\"text-align: justify;\"><b><strong>Other names:\u00a0<\/strong>2,2&#8242;-Oxydi(ethan-1-ol), 2,2&#8242;-Oxybis(ethan-1-ol), 2-(2-Hydroxyethoxy)ethan-1-ol, Diethylene glycol, Ethylene diglycol, Diglycol, 2,2&#8242;-Oxybisethanol, 2,2&#8242;-Oxydiethanol, 3-Oxa-1,5-pentanediol, Dihydroxy diethyl ether<\/b><\/p>\n<p style=\"text-align: justify;\">Diethylene glycol\u00a0(DEG) is an\u00a0<a title=\"Organic compound\" href=\"https:\/\/en.wikipedia.org\/wiki\/Organic_compound\">organic compound<\/a>\u00a0with the formula (HOCH<sub>2<\/sub>CH<sub>2<\/sub>)<sub>2<\/sub>O. It is a colorless, practically odorless, poisonous, and\u00a0<a class=\"mw-redirect\" title=\"Hygroscopic\" href=\"https:\/\/en.wikipedia.org\/wiki\/Hygroscopic\">hygroscopic<\/a>\u00a0liquid with a sweetish taste. It is\u00a0<a class=\"mw-redirect\" title=\"Miscible\" href=\"https:\/\/en.wikipedia.org\/wiki\/Miscible\">miscible<\/a>\u00a0in\u00a0<a title=\"Water\" href=\"https:\/\/en.wikipedia.org\/wiki\/Water\">water<\/a>,\u00a0<a title=\"Alcohol\" href=\"https:\/\/en.wikipedia.org\/wiki\/Alcohol\">alcohol<\/a>,\u00a0<a title=\"Ether\" href=\"https:\/\/en.wikipedia.org\/wiki\/Ether\">ether<\/a>,\u00a0<a title=\"Acetone\" href=\"https:\/\/en.wikipedia.org\/wiki\/Acetone\">acetone<\/a>, and\u00a0<a title=\"Ethylene glycol\" href=\"https:\/\/en.wikipedia.org\/wiki\/Ethylene_glycol\">ethylene glycol<\/a>.<sup id=\"cite_ref-Schep_1-0\" class=\"reference\"><\/sup>DEG is a widely used solvent.<sup id=\"cite_ref-Ullmanns_2-0\" class=\"reference\"><\/sup>\u00a0It can be a contaminant in consumer products; this has resulted in numerous epidemics of poisoning since the early 20th century.<\/p>\n<p style=\"text-align: justify;\">\n<p>CAS 111-46-6<\/p>\n<p><a target=\"_blank\" href=\"https:\/\/masterchem.ee\/wp-content\/uploads\/2018\/02\/Dietuleenglukool-TDS-Masterchem.pdf\" class=\"pdf\" alt=\"Diethylene glycol specification (TDS)\" title=\"Diethylene glycol specification (TDS)\" rel=\"noopener\">Diethylene glycol specification (TDS)<\/a><\/p>\n","protected":false},"featured_media":6487,"template":"","meta":{"_monsterinsights_skip_tracking":false,"_monsterinsights_sitenote_active":false,"_monsterinsights_sitenote_note":"","_monsterinsights_sitenote_category":0},"product_brand":[],"product_cat":[167,169,88,170,92,86],"product_tag":[],"class_list":{"0":"post-6306","1":"product","2":"type-product","3":"status-publish","4":"has-post-thumbnail","6":"product_cat-all-goods","7":"product_cat-antifreezing-liquids","8":"product_cat-building-industry","9":"product_cat-car-and-machinery-chemicals","10":"product_cat-household-chemicals","11":"product_cat-resins-plastics-polyurethanes","13":"first","14":"instock","15":"taxable","16":"shipping-taxable","17":"purchasable","18":"product-type-variable","19":"has-default-attributes"},"yoast_head":"<!-- This site is optimized with the Yoast SEO plugin v27.4 - https:\/\/yoast.com\/product\/yoast-seo-wordpress\/ -->\n<title>Diethylene glycol (CAS 111-46-6) - \u0136\u012bmija r\u016bpniec\u012bbai &mdash; &Scaron;\u0137\u012bdin\u0101t\u0101ji un \u0137\u012bmisk\u0101s vielas &mdash; Masterchem.ee<\/title>\n<meta name=\"description\" content=\"Diethylene glycol (DEG) is an organic compound with the formula (HOCH2CH2)2O. It is a colorless, practically odorless, poisonous, and hygroscopic liquid with a sweetish taste. It is miscible in water, alcohol, ether, acetone, and ethylene glycol. CAS 111-46-6\" \/>\n<meta name=\"robots\" content=\"index, follow, max-snippet:-1, max-image-preview:large, max-video-preview:-1\" \/>\n<link rel=\"canonical\" href=\"https:\/\/masterchem.lv\/en\/product\/diethylene-glycol-cas-111-46-6\/\" \/>\n<meta property=\"og:locale\" content=\"en_US\" \/>\n<meta property=\"og:type\" content=\"article\" \/>\n<meta property=\"og:title\" content=\"Diethylene glycol (CAS 111-46-6) - \u0136\u012bmija r\u016bpniec\u012bbai &mdash; &Scaron;\u0137\u012bdin\u0101t\u0101ji un \u0137\u012bmisk\u0101s vielas &mdash; Masterchem.ee\" \/>\n<meta property=\"og:description\" content=\"Diethylene glycol (DEG) is an organic compound with the formula (HOCH2CH2)2O. It is a colorless, practically odorless, poisonous, and hygroscopic liquid with a sweetish taste. It is miscible in water, alcohol, ether, acetone, and ethylene glycol. CAS 111-46-6\" \/>\n<meta property=\"og:url\" content=\"https:\/\/masterchem.lv\/en\/product\/diethylene-glycol-cas-111-46-6\/\" \/>\n<meta property=\"og:site_name\" content=\"\u0136\u012bmija r\u016bpniec\u012bbai &mdash; &Scaron;\u0137\u012bdin\u0101t\u0101ji un \u0137\u012bmisk\u0101s vielas &mdash; Masterchem.ee\" \/>\n<meta property=\"article:modified_time\" content=\"2024-07-17T16:25:58+00:00\" \/>\n<meta property=\"og:image\" content=\"https:\/\/masterchem.lv\/wp-content\/uploads\/2023\/03\/DIETHYLENE-GLYCOL-1000l-MasterChem-1.jpg\" \/>\n\t<meta property=\"og:image:width\" content=\"1000\" \/>\n\t<meta property=\"og:image:height\" content=\"1000\" \/>\n\t<meta property=\"og:image:type\" content=\"image\/jpeg\" \/>\n<meta name=\"twitter:card\" content=\"summary_large_image\" \/>\n<meta name=\"twitter:label1\" content=\"Est. reading time\" \/>\n\t<meta name=\"twitter:data1\" content=\"1 minute\" \/>\n<script type=\"application\/ld+json\" class=\"yoast-schema-graph\">{\"@context\":\"https:\\\/\\\/schema.org\",\"@graph\":[{\"@type\":\"WebPage\",\"@id\":\"https:\\\/\\\/masterchem.lv\\\/en\\\/product\\\/diethylene-glycol-cas-111-46-6\\\/\",\"url\":\"https:\\\/\\\/masterchem.lv\\\/en\\\/product\\\/diethylene-glycol-cas-111-46-6\\\/\",\"name\":\"Diethylene glycol (CAS 111-46-6) - \u0136\u012bmija r\u016bpniec\u012bbai &mdash; &Scaron;\u0137\u012bdin\u0101t\u0101ji un \u0137\u012bmisk\u0101s vielas &mdash; Masterchem.ee\",\"isPartOf\":{\"@id\":\"https:\\\/\\\/masterchem.lv\\\/en\\\/#website\"},\"primaryImageOfPage\":{\"@id\":\"https:\\\/\\\/masterchem.lv\\\/en\\\/product\\\/diethylene-glycol-cas-111-46-6\\\/#primaryimage\"},\"image\":{\"@id\":\"https:\\\/\\\/masterchem.lv\\\/en\\\/product\\\/diethylene-glycol-cas-111-46-6\\\/#primaryimage\"},\"thumbnailUrl\":\"https:\\\/\\\/masterchem.lv\\\/wp-content\\\/uploads\\\/2023\\\/03\\\/DIETHYLENE-GLYCOL-1000l-MasterChem-1.jpg\",\"datePublished\":\"2023-03-08T07:46:46+00:00\",\"dateModified\":\"2024-07-17T16:25:58+00:00\",\"description\":\"Diethylene glycol (DEG) is an organic compound with the formula (HOCH2CH2)2O. It is a colorless, practically odorless, poisonous, and hygroscopic liquid with a sweetish taste. It is miscible in water, alcohol, ether, acetone, and ethylene glycol. CAS 111-46-6\",\"breadcrumb\":{\"@id\":\"https:\\\/\\\/masterchem.lv\\\/en\\\/product\\\/diethylene-glycol-cas-111-46-6\\\/#breadcrumb\"},\"inLanguage\":\"en-US\",\"potentialAction\":[{\"@type\":\"ReadAction\",\"target\":[\"https:\\\/\\\/masterchem.lv\\\/en\\\/product\\\/diethylene-glycol-cas-111-46-6\\\/\"]}]},{\"@type\":\"ImageObject\",\"inLanguage\":\"en-US\",\"@id\":\"https:\\\/\\\/masterchem.lv\\\/en\\\/product\\\/diethylene-glycol-cas-111-46-6\\\/#primaryimage\",\"url\":\"https:\\\/\\\/masterchem.lv\\\/wp-content\\\/uploads\\\/2023\\\/03\\\/DIETHYLENE-GLYCOL-1000l-MasterChem-1.jpg\",\"contentUrl\":\"https:\\\/\\\/masterchem.lv\\\/wp-content\\\/uploads\\\/2023\\\/03\\\/DIETHYLENE-GLYCOL-1000l-MasterChem-1.jpg\",\"width\":1000,\"height\":1000},{\"@type\":\"BreadcrumbList\",\"@id\":\"https:\\\/\\\/masterchem.lv\\\/en\\\/product\\\/diethylene-glycol-cas-111-46-6\\\/#breadcrumb\",\"itemListElement\":[{\"@type\":\"ListItem\",\"position\":1,\"name\":\"Home\",\"item\":\"https:\\\/\\\/masterchem.lv\\\/en\\\/\"},{\"@type\":\"ListItem\",\"position\":2,\"name\":\"Shop\",\"item\":\"https:\\\/\\\/masterchem.lv\\\/shop\\\/\"},{\"@type\":\"ListItem\",\"position\":3,\"name\":\"Diethylene glycol (CAS 111-46-6)\"}]},{\"@type\":\"WebSite\",\"@id\":\"https:\\\/\\\/masterchem.lv\\\/en\\\/#website\",\"url\":\"https:\\\/\\\/masterchem.lv\\\/en\\\/\",\"name\":\"\u0136\u012bmija r\u016bpniec\u012bbai &mdash; &Scaron;\u0137\u012bdin\u0101t\u0101ji un \u0137\u012bmisk\u0101s vielas &mdash; Masterchem.ee\",\"description\":\"\u0136\u012bmija r\u016bpniec\u012bbai&nbsp;&mdash; &scaron;\u0137\u012bdin\u0101t\u0101ji un \u0137\u012bmisk\u0101s vielas\",\"potentialAction\":[{\"@type\":\"SearchAction\",\"target\":{\"@type\":\"EntryPoint\",\"urlTemplate\":\"https:\\\/\\\/masterchem.lv\\\/en\\\/?s={search_term_string}\"},\"query-input\":{\"@type\":\"PropertyValueSpecification\",\"valueRequired\":true,\"valueName\":\"search_term_string\"}}],\"inLanguage\":\"en-US\"}]}<\/script>\n<!-- \/ Yoast SEO plugin. -->","yoast_head_json":{"title":"Diethylene glycol (CAS 111-46-6) - \u0136\u012bmija r\u016bpniec\u012bbai &mdash; &Scaron;\u0137\u012bdin\u0101t\u0101ji un \u0137\u012bmisk\u0101s vielas &mdash; Masterchem.ee","description":"Diethylene glycol (DEG) is an organic compound with the formula (HOCH2CH2)2O. It is a colorless, practically odorless, poisonous, and hygroscopic liquid with a sweetish taste. It is miscible in water, alcohol, ether, acetone, and ethylene glycol. CAS 111-46-6","robots":{"index":"index","follow":"follow","max-snippet":"max-snippet:-1","max-image-preview":"max-image-preview:large","max-video-preview":"max-video-preview:-1"},"canonical":"https:\/\/masterchem.lv\/en\/product\/diethylene-glycol-cas-111-46-6\/","og_locale":"en_US","og_type":"article","og_title":"Diethylene glycol (CAS 111-46-6) - \u0136\u012bmija r\u016bpniec\u012bbai &mdash; &Scaron;\u0137\u012bdin\u0101t\u0101ji un \u0137\u012bmisk\u0101s vielas &mdash; Masterchem.ee","og_description":"Diethylene glycol (DEG) is an organic compound with the formula (HOCH2CH2)2O. It is a colorless, practically odorless, poisonous, and hygroscopic liquid with a sweetish taste. It is miscible in water, alcohol, ether, acetone, and ethylene glycol. CAS 111-46-6","og_url":"https:\/\/masterchem.lv\/en\/product\/diethylene-glycol-cas-111-46-6\/","og_site_name":"\u0136\u012bmija r\u016bpniec\u012bbai &mdash; &Scaron;\u0137\u012bdin\u0101t\u0101ji un \u0137\u012bmisk\u0101s vielas &mdash; Masterchem.ee","article_modified_time":"2024-07-17T16:25:58+00:00","og_image":[{"width":1000,"height":1000,"url":"https:\/\/masterchem.lv\/wp-content\/uploads\/2023\/03\/DIETHYLENE-GLYCOL-1000l-MasterChem-1.jpg","type":"image\/jpeg"}],"twitter_card":"summary_large_image","twitter_misc":{"Est. reading time":"1 minute"},"schema":{"@context":"https:\/\/schema.org","@graph":[{"@type":"WebPage","@id":"https:\/\/masterchem.lv\/en\/product\/diethylene-glycol-cas-111-46-6\/","url":"https:\/\/masterchem.lv\/en\/product\/diethylene-glycol-cas-111-46-6\/","name":"Diethylene glycol (CAS 111-46-6) - \u0136\u012bmija r\u016bpniec\u012bbai &mdash; &Scaron;\u0137\u012bdin\u0101t\u0101ji un \u0137\u012bmisk\u0101s vielas &mdash; Masterchem.ee","isPartOf":{"@id":"https:\/\/masterchem.lv\/en\/#website"},"primaryImageOfPage":{"@id":"https:\/\/masterchem.lv\/en\/product\/diethylene-glycol-cas-111-46-6\/#primaryimage"},"image":{"@id":"https:\/\/masterchem.lv\/en\/product\/diethylene-glycol-cas-111-46-6\/#primaryimage"},"thumbnailUrl":"https:\/\/masterchem.lv\/wp-content\/uploads\/2023\/03\/DIETHYLENE-GLYCOL-1000l-MasterChem-1.jpg","datePublished":"2023-03-08T07:46:46+00:00","dateModified":"2024-07-17T16:25:58+00:00","description":"Diethylene glycol (DEG) is an organic compound with the formula (HOCH2CH2)2O. It is a colorless, practically odorless, poisonous, and hygroscopic liquid with a sweetish taste. It is miscible in water, alcohol, ether, acetone, and ethylene glycol. CAS 111-46-6","breadcrumb":{"@id":"https:\/\/masterchem.lv\/en\/product\/diethylene-glycol-cas-111-46-6\/#breadcrumb"},"inLanguage":"en-US","potentialAction":[{"@type":"ReadAction","target":["https:\/\/masterchem.lv\/en\/product\/diethylene-glycol-cas-111-46-6\/"]}]},{"@type":"ImageObject","inLanguage":"en-US","@id":"https:\/\/masterchem.lv\/en\/product\/diethylene-glycol-cas-111-46-6\/#primaryimage","url":"https:\/\/masterchem.lv\/wp-content\/uploads\/2023\/03\/DIETHYLENE-GLYCOL-1000l-MasterChem-1.jpg","contentUrl":"https:\/\/masterchem.lv\/wp-content\/uploads\/2023\/03\/DIETHYLENE-GLYCOL-1000l-MasterChem-1.jpg","width":1000,"height":1000},{"@type":"BreadcrumbList","@id":"https:\/\/masterchem.lv\/en\/product\/diethylene-glycol-cas-111-46-6\/#breadcrumb","itemListElement":[{"@type":"ListItem","position":1,"name":"Home","item":"https:\/\/masterchem.lv\/en\/"},{"@type":"ListItem","position":2,"name":"Shop","item":"https:\/\/masterchem.lv\/shop\/"},{"@type":"ListItem","position":3,"name":"Diethylene glycol (CAS 111-46-6)"}]},{"@type":"WebSite","@id":"https:\/\/masterchem.lv\/en\/#website","url":"https:\/\/masterchem.lv\/en\/","name":"\u0136\u012bmija r\u016bpniec\u012bbai &mdash; &Scaron;\u0137\u012bdin\u0101t\u0101ji un \u0137\u012bmisk\u0101s vielas &mdash; Masterchem.ee","description":"\u0136\u012bmija r\u016bpniec\u012bbai&nbsp;&mdash; &scaron;\u0137\u012bdin\u0101t\u0101ji un \u0137\u012bmisk\u0101s vielas","potentialAction":[{"@type":"SearchAction","target":{"@type":"EntryPoint","urlTemplate":"https:\/\/masterchem.lv\/en\/?s={search_term_string}"},"query-input":{"@type":"PropertyValueSpecification","valueRequired":true,"valueName":"search_term_string"}}],"inLanguage":"en-US"}]}},"_links":{"self":[{"href":"https:\/\/masterchem.lv\/en\/wp-json\/wp\/v2\/product\/6306","targetHints":{"allow":["GET"]}}],"collection":[{"href":"https:\/\/masterchem.lv\/en\/wp-json\/wp\/v2\/product"}],"about":[{"href":"https:\/\/masterchem.lv\/en\/wp-json\/wp\/v2\/types\/product"}],"wp:featuredmedia":[{"embeddable":true,"href":"https:\/\/masterchem.lv\/en\/wp-json\/wp\/v2\/media\/6487"}],"wp:attachment":[{"href":"https:\/\/masterchem.lv\/en\/wp-json\/wp\/v2\/media?parent=6306"}],"wp:term":[{"taxonomy":"product_brand","embeddable":true,"href":"https:\/\/masterchem.lv\/en\/wp-json\/wp\/v2\/product_brand?post=6306"},{"taxonomy":"product_cat","embeddable":true,"href":"https:\/\/masterchem.lv\/en\/wp-json\/wp\/v2\/product_cat?post=6306"},{"taxonomy":"product_tag","embeddable":true,"href":"https:\/\/masterchem.lv\/en\/wp-json\/wp\/v2\/product_tag?post=6306"}],"curies":[{"name":"wp","href":"https:\/\/api.w.org\/{rel}","templated":true}]}}