{"id":6310,"date":"2023-03-08T07:46:47","date_gmt":"2023-03-08T07:46:47","guid":{"rendered":"https:\/\/masterchem.lv\/?post_type=product&#038;p=6310"},"modified":"2023-05-30T06:34:30","modified_gmt":"2023-05-30T06:34:30","slug":"glycerol-cas-56-81-5","status":"publish","type":"product","link":"https:\/\/masterchem.lv\/en\/product\/glycerol-cas-56-81-5\/","title":{"rendered":"Glycerol (CAS 56-81-5)"},"content":{"rendered":"<p>Glycerol is used to produce\u00a0nitroglycerin, which is an essential ingredient of various explosives such as\u00a0dynamite,\u00a0gelignite, and propellants like\u00a0cordite. Reliance on soap-making to supply co-product glycerol made it difficult to increase production to meet wartime demand. Hence, synthetic glycerol processes were national defense priorities in the days leading up to World War II.<\/p>\n<p>Nitroglycerin, also known as glyceryl trinitrate (GTN) is commonly used to relieve\u00a0angina pectoris, taken in the form of\u00a0sub-lingual\u00a0tablets, or as an aerosol\u00a0spray.<\/p>\n<p style=\"text-align: justify;\">Glycerol also has many uses in botanical and food industry.<\/p>\n","protected":false},"excerpt":{"rendered":"<p style=\"text-align: justify;\"><b>Other names: Glycerin, Glycerine, Propanetriol, 1,2,3-Trihydroxypropane, 1,2,3-Propanetriol<\/b><\/p>\n<p style=\"text-align: justify;\">Glycerol\u00a0(also called\u00a0glycerine\u00a0or\u00a0glycerin; see\u00a0<a title=\"American and British English spelling differences\" href=\"https:\/\/en.wikipedia.org\/wiki\/American_and_British_English_spelling_differences\">spelling differences<\/a>) is a simple\u00a0<a title=\"Polyol\" href=\"https:\/\/en.wikipedia.org\/wiki\/Polyol\">polyol<\/a>\u00a0compound. It is a colorless, odorless,\u00a0<a class=\"mw-redirect\" title=\"Viscous\" href=\"https:\/\/en.wikipedia.org\/wiki\/Viscous\">viscous<\/a>\u00a0liquid that is sweet-tasting and non-toxic. The glycerol backbone is found in all\u00a0<a title=\"Lipid\" href=\"https:\/\/en.wikipedia.org\/wiki\/Lipid\">lipids<\/a>\u00a0known as\u00a0<a class=\"mw-redirect\" title=\"Triglycerides\" href=\"https:\/\/en.wikipedia.org\/wiki\/Triglycerides\">triglycerides<\/a>. It is widely used in the food industry as a sweetener and\u00a0<a title=\"Humectant\" href=\"https:\/\/en.wikipedia.org\/wiki\/Humectant\">humectant<\/a>\u00a0and in\u00a0<a title=\"Pharmaceutical formulation\" href=\"https:\/\/en.wikipedia.org\/wiki\/Pharmaceutical_formulation\">pharmaceutical formulations<\/a>. Glycerol has three\u00a0<a class=\"mw-redirect\" title=\"Hydroxyl group\" href=\"https:\/\/en.wikipedia.org\/wiki\/Hydroxyl_group\">hydroxyl groups<\/a>\u00a0that are responsible for its\u00a0<a title=\"Solubility\" href=\"https:\/\/en.wikipedia.org\/wiki\/Solubility\">solubility<\/a>\u00a0in\u00a0<a title=\"Water\" href=\"https:\/\/en.wikipedia.org\/wiki\/Water\">water<\/a>\u00a0and its\u00a0<a title=\"Hygroscopy\" href=\"https:\/\/en.wikipedia.org\/wiki\/Hygroscopy\">hygroscopic<\/a>\u00a0nature.<\/p>\n<p style=\"text-align: justify;\">\n<p>CAS: 56-81-5<\/p>\n<p><a target=\"_blank\" href=\"https:\/\/masterchem.ee\/wp-content\/uploads\/2018\/02\/Glycerol-TDS-MasterChem.pdf\" class=\"pdf\" alt=\"Product Specification (TDS)\" title=\"Product Specification (TDS)\" rel=\"noopener\">Product Specification (TDS)<\/a><\/p>\n","protected":false},"featured_media":6577,"template":"","meta":{"_monsterinsights_skip_tracking":false,"_monsterinsights_sitenote_active":false,"_monsterinsights_sitenote_note":"","_monsterinsights_sitenote_category":0},"product_brand":[],"product_cat":[167,169,170,70,74,76,78,82,92,101,86],"product_tag":[],"class_list":{"0":"post-6310","1":"product","2":"type-product","3":"status-publish","4":"has-post-thumbnail","6":"product_cat-all-goods","7":"product_cat-antifreezing-liquids","8":"product_cat-car-and-machinery-chemicals","9":"product_cat-cosmetic-industry","10":"product_cat-feed-industry","11":"product_cat-fertilizers","12":"product_cat-food-industry","13":"product_cat-horticulture","14":"product_cat-household-chemicals","15":"product_cat-pharmaceuticals","16":"product_cat-resins-plastics-polyurethanes","18":"first","19":"instock","20":"taxable","21":"shipping-taxable","22":"purchasable","23":"product-type-variable","24":"has-default-attributes"},"yoast_head":"<!-- This site is optimized with the Yoast SEO plugin v27.4 - https:\/\/yoast.com\/product\/yoast-seo-wordpress\/ -->\n<title>Glycerol (CAS 56-81-5) - \u0136\u012bmija r\u016bpniec\u012bbai &mdash; &Scaron;\u0137\u012bdin\u0101t\u0101ji un \u0137\u012bmisk\u0101s vielas &mdash; Masterchem.ee<\/title>\n<meta name=\"description\" content=\"Glycerol (also called glycerine or glycerin; see spelling differences) is a simple polyol compound. It is a colorless, odorless, viscous liquid that is sweet-tasting and non-toxic. CAS: 56-81-5\" \/>\n<meta name=\"robots\" content=\"index, follow, max-snippet:-1, max-image-preview:large, max-video-preview:-1\" \/>\n<link rel=\"canonical\" href=\"https:\/\/masterchem.lv\/en\/product\/glycerol-cas-56-81-5\/\" \/>\n<meta property=\"og:locale\" content=\"en_US\" \/>\n<meta property=\"og:type\" content=\"article\" \/>\n<meta property=\"og:title\" content=\"Glycerol (CAS 56-81-5) - \u0136\u012bmija r\u016bpniec\u012bbai &mdash; &Scaron;\u0137\u012bdin\u0101t\u0101ji un \u0137\u012bmisk\u0101s vielas &mdash; Masterchem.ee\" \/>\n<meta property=\"og:description\" content=\"Glycerol (also called glycerine or glycerin; see spelling differences) is a simple polyol compound. It is a colorless, odorless, viscous liquid that is sweet-tasting and non-toxic. CAS: 56-81-5\" \/>\n<meta property=\"og:url\" content=\"https:\/\/masterchem.lv\/en\/product\/glycerol-cas-56-81-5\/\" \/>\n<meta property=\"og:site_name\" content=\"\u0136\u012bmija r\u016bpniec\u012bbai &mdash; &Scaron;\u0137\u012bdin\u0101t\u0101ji un \u0137\u012bmisk\u0101s vielas &mdash; Masterchem.ee\" \/>\n<meta property=\"article:modified_time\" content=\"2023-05-30T06:34:30+00:00\" \/>\n<meta property=\"og:image\" content=\"https:\/\/masterchem.lv\/wp-content\/uploads\/2023\/03\/GLYCEROL-1000l-MasterChem-1.jpg\" \/>\n\t<meta property=\"og:image:width\" content=\"1000\" \/>\n\t<meta property=\"og:image:height\" content=\"1000\" \/>\n\t<meta property=\"og:image:type\" content=\"image\/jpeg\" \/>\n<meta name=\"twitter:card\" content=\"summary_large_image\" \/>\n<meta name=\"twitter:label1\" content=\"Est. reading time\" \/>\n\t<meta name=\"twitter:data1\" content=\"1 minute\" \/>\n<script type=\"application\/ld+json\" class=\"yoast-schema-graph\">{\"@context\":\"https:\\\/\\\/schema.org\",\"@graph\":[{\"@type\":\"WebPage\",\"@id\":\"https:\\\/\\\/masterchem.lv\\\/en\\\/product\\\/glycerol-cas-56-81-5\\\/\",\"url\":\"https:\\\/\\\/masterchem.lv\\\/en\\\/product\\\/glycerol-cas-56-81-5\\\/\",\"name\":\"Glycerol (CAS 56-81-5) - \u0136\u012bmija r\u016bpniec\u012bbai &mdash; &Scaron;\u0137\u012bdin\u0101t\u0101ji un \u0137\u012bmisk\u0101s vielas &mdash; Masterchem.ee\",\"isPartOf\":{\"@id\":\"https:\\\/\\\/masterchem.lv\\\/en\\\/#website\"},\"primaryImageOfPage\":{\"@id\":\"https:\\\/\\\/masterchem.lv\\\/en\\\/product\\\/glycerol-cas-56-81-5\\\/#primaryimage\"},\"image\":{\"@id\":\"https:\\\/\\\/masterchem.lv\\\/en\\\/product\\\/glycerol-cas-56-81-5\\\/#primaryimage\"},\"thumbnailUrl\":\"https:\\\/\\\/masterchem.lv\\\/wp-content\\\/uploads\\\/2023\\\/03\\\/GLYCEROL-1000l-MasterChem-1.jpg\",\"datePublished\":\"2023-03-08T07:46:47+00:00\",\"dateModified\":\"2023-05-30T06:34:30+00:00\",\"description\":\"Glycerol (also called glycerine or glycerin; see spelling differences) is a simple polyol compound. It is a colorless, odorless, viscous liquid that is sweet-tasting and non-toxic. CAS: 56-81-5\",\"breadcrumb\":{\"@id\":\"https:\\\/\\\/masterchem.lv\\\/en\\\/product\\\/glycerol-cas-56-81-5\\\/#breadcrumb\"},\"inLanguage\":\"en-US\",\"potentialAction\":[{\"@type\":\"ReadAction\",\"target\":[\"https:\\\/\\\/masterchem.lv\\\/en\\\/product\\\/glycerol-cas-56-81-5\\\/\"]}]},{\"@type\":\"ImageObject\",\"inLanguage\":\"en-US\",\"@id\":\"https:\\\/\\\/masterchem.lv\\\/en\\\/product\\\/glycerol-cas-56-81-5\\\/#primaryimage\",\"url\":\"https:\\\/\\\/masterchem.lv\\\/wp-content\\\/uploads\\\/2023\\\/03\\\/GLYCEROL-1000l-MasterChem-1.jpg\",\"contentUrl\":\"https:\\\/\\\/masterchem.lv\\\/wp-content\\\/uploads\\\/2023\\\/03\\\/GLYCEROL-1000l-MasterChem-1.jpg\",\"width\":1000,\"height\":1000},{\"@type\":\"BreadcrumbList\",\"@id\":\"https:\\\/\\\/masterchem.lv\\\/en\\\/product\\\/glycerol-cas-56-81-5\\\/#breadcrumb\",\"itemListElement\":[{\"@type\":\"ListItem\",\"position\":1,\"name\":\"Home\",\"item\":\"https:\\\/\\\/masterchem.lv\\\/en\\\/\"},{\"@type\":\"ListItem\",\"position\":2,\"name\":\"Shop\",\"item\":\"https:\\\/\\\/masterchem.lv\\\/shop\\\/\"},{\"@type\":\"ListItem\",\"position\":3,\"name\":\"Glycerol (CAS 56-81-5)\"}]},{\"@type\":\"WebSite\",\"@id\":\"https:\\\/\\\/masterchem.lv\\\/en\\\/#website\",\"url\":\"https:\\\/\\\/masterchem.lv\\\/en\\\/\",\"name\":\"\u0136\u012bmija r\u016bpniec\u012bbai &mdash; &Scaron;\u0137\u012bdin\u0101t\u0101ji un \u0137\u012bmisk\u0101s vielas &mdash; Masterchem.ee\",\"description\":\"\u0136\u012bmija r\u016bpniec\u012bbai&nbsp;&mdash; &scaron;\u0137\u012bdin\u0101t\u0101ji un \u0137\u012bmisk\u0101s vielas\",\"potentialAction\":[{\"@type\":\"SearchAction\",\"target\":{\"@type\":\"EntryPoint\",\"urlTemplate\":\"https:\\\/\\\/masterchem.lv\\\/en\\\/?s={search_term_string}\"},\"query-input\":{\"@type\":\"PropertyValueSpecification\",\"valueRequired\":true,\"valueName\":\"search_term_string\"}}],\"inLanguage\":\"en-US\"}]}<\/script>\n<!-- \/ Yoast SEO plugin. -->","yoast_head_json":{"title":"Glycerol (CAS 56-81-5) - \u0136\u012bmija r\u016bpniec\u012bbai &mdash; &Scaron;\u0137\u012bdin\u0101t\u0101ji un \u0137\u012bmisk\u0101s vielas &mdash; Masterchem.ee","description":"Glycerol (also called glycerine or glycerin; see spelling differences) is a simple polyol compound. It is a colorless, odorless, viscous liquid that is sweet-tasting and non-toxic. CAS: 56-81-5","robots":{"index":"index","follow":"follow","max-snippet":"max-snippet:-1","max-image-preview":"max-image-preview:large","max-video-preview":"max-video-preview:-1"},"canonical":"https:\/\/masterchem.lv\/en\/product\/glycerol-cas-56-81-5\/","og_locale":"en_US","og_type":"article","og_title":"Glycerol (CAS 56-81-5) - \u0136\u012bmija r\u016bpniec\u012bbai &mdash; &Scaron;\u0137\u012bdin\u0101t\u0101ji un \u0137\u012bmisk\u0101s vielas &mdash; Masterchem.ee","og_description":"Glycerol (also called glycerine or glycerin; see spelling differences) is a simple polyol compound. It is a colorless, odorless, viscous liquid that is sweet-tasting and non-toxic. CAS: 56-81-5","og_url":"https:\/\/masterchem.lv\/en\/product\/glycerol-cas-56-81-5\/","og_site_name":"\u0136\u012bmija r\u016bpniec\u012bbai &mdash; &Scaron;\u0137\u012bdin\u0101t\u0101ji un \u0137\u012bmisk\u0101s vielas &mdash; Masterchem.ee","article_modified_time":"2023-05-30T06:34:30+00:00","og_image":[{"width":1000,"height":1000,"url":"https:\/\/masterchem.lv\/wp-content\/uploads\/2023\/03\/GLYCEROL-1000l-MasterChem-1.jpg","type":"image\/jpeg"}],"twitter_card":"summary_large_image","twitter_misc":{"Est. reading time":"1 minute"},"schema":{"@context":"https:\/\/schema.org","@graph":[{"@type":"WebPage","@id":"https:\/\/masterchem.lv\/en\/product\/glycerol-cas-56-81-5\/","url":"https:\/\/masterchem.lv\/en\/product\/glycerol-cas-56-81-5\/","name":"Glycerol (CAS 56-81-5) - \u0136\u012bmija r\u016bpniec\u012bbai &mdash; &Scaron;\u0137\u012bdin\u0101t\u0101ji un \u0137\u012bmisk\u0101s vielas &mdash; Masterchem.ee","isPartOf":{"@id":"https:\/\/masterchem.lv\/en\/#website"},"primaryImageOfPage":{"@id":"https:\/\/masterchem.lv\/en\/product\/glycerol-cas-56-81-5\/#primaryimage"},"image":{"@id":"https:\/\/masterchem.lv\/en\/product\/glycerol-cas-56-81-5\/#primaryimage"},"thumbnailUrl":"https:\/\/masterchem.lv\/wp-content\/uploads\/2023\/03\/GLYCEROL-1000l-MasterChem-1.jpg","datePublished":"2023-03-08T07:46:47+00:00","dateModified":"2023-05-30T06:34:30+00:00","description":"Glycerol (also called glycerine or glycerin; see spelling differences) is a simple polyol compound. It is a colorless, odorless, viscous liquid that is sweet-tasting and non-toxic. CAS: 56-81-5","breadcrumb":{"@id":"https:\/\/masterchem.lv\/en\/product\/glycerol-cas-56-81-5\/#breadcrumb"},"inLanguage":"en-US","potentialAction":[{"@type":"ReadAction","target":["https:\/\/masterchem.lv\/en\/product\/glycerol-cas-56-81-5\/"]}]},{"@type":"ImageObject","inLanguage":"en-US","@id":"https:\/\/masterchem.lv\/en\/product\/glycerol-cas-56-81-5\/#primaryimage","url":"https:\/\/masterchem.lv\/wp-content\/uploads\/2023\/03\/GLYCEROL-1000l-MasterChem-1.jpg","contentUrl":"https:\/\/masterchem.lv\/wp-content\/uploads\/2023\/03\/GLYCEROL-1000l-MasterChem-1.jpg","width":1000,"height":1000},{"@type":"BreadcrumbList","@id":"https:\/\/masterchem.lv\/en\/product\/glycerol-cas-56-81-5\/#breadcrumb","itemListElement":[{"@type":"ListItem","position":1,"name":"Home","item":"https:\/\/masterchem.lv\/en\/"},{"@type":"ListItem","position":2,"name":"Shop","item":"https:\/\/masterchem.lv\/shop\/"},{"@type":"ListItem","position":3,"name":"Glycerol (CAS 56-81-5)"}]},{"@type":"WebSite","@id":"https:\/\/masterchem.lv\/en\/#website","url":"https:\/\/masterchem.lv\/en\/","name":"\u0136\u012bmija r\u016bpniec\u012bbai &mdash; &Scaron;\u0137\u012bdin\u0101t\u0101ji un \u0137\u012bmisk\u0101s vielas &mdash; Masterchem.ee","description":"\u0136\u012bmija r\u016bpniec\u012bbai&nbsp;&mdash; &scaron;\u0137\u012bdin\u0101t\u0101ji un \u0137\u012bmisk\u0101s vielas","potentialAction":[{"@type":"SearchAction","target":{"@type":"EntryPoint","urlTemplate":"https:\/\/masterchem.lv\/en\/?s={search_term_string}"},"query-input":{"@type":"PropertyValueSpecification","valueRequired":true,"valueName":"search_term_string"}}],"inLanguage":"en-US"}]}},"_links":{"self":[{"href":"https:\/\/masterchem.lv\/en\/wp-json\/wp\/v2\/product\/6310","targetHints":{"allow":["GET"]}}],"collection":[{"href":"https:\/\/masterchem.lv\/en\/wp-json\/wp\/v2\/product"}],"about":[{"href":"https:\/\/masterchem.lv\/en\/wp-json\/wp\/v2\/types\/product"}],"wp:featuredmedia":[{"embeddable":true,"href":"https:\/\/masterchem.lv\/en\/wp-json\/wp\/v2\/media\/6577"}],"wp:attachment":[{"href":"https:\/\/masterchem.lv\/en\/wp-json\/wp\/v2\/media?parent=6310"}],"wp:term":[{"taxonomy":"product_brand","embeddable":true,"href":"https:\/\/masterchem.lv\/en\/wp-json\/wp\/v2\/product_brand?post=6310"},{"taxonomy":"product_cat","embeddable":true,"href":"https:\/\/masterchem.lv\/en\/wp-json\/wp\/v2\/product_cat?post=6310"},{"taxonomy":"product_tag","embeddable":true,"href":"https:\/\/masterchem.lv\/en\/wp-json\/wp\/v2\/product_tag?post=6310"}],"curies":[{"name":"wp","href":"https:\/\/api.w.org\/{rel}","templated":true}]}}