{"id":6311,"date":"2023-03-08T07:46:47","date_gmt":"2023-03-08T07:46:47","guid":{"rendered":"https:\/\/masterchem.lv\/?post_type=product&#038;p=6311"},"modified":"2024-02-03T18:41:27","modified_gmt":"2024-02-03T18:41:27","slug":"isopropyl-alcohol-cas-67-63-0","status":"publish","type":"product","link":"https:\/\/masterchem.lv\/en\/product\/isopropyl-alcohol-cas-67-63-0\/","title":{"rendered":"Isopropyl alcohol (CAS 67-63-0)"},"content":{"rendered":"<p><a href=\"https:\/\/masterchem.ee\/wp-content\/uploads\/2018\/02\/Isopropanool_Ohutuskaart_IPA_MSDS_MasterChem_2020.pdf\" target=\"_blank\" rel=\"noopener noreferrer\">Material Safety Data Sheets (MSDS)<\/a><\/p>\n<p style=\"text-align: justify;\">Isopropyl alcohol, synonymous with 2-propanol,\u00a0<i>sec<\/i>-propyl alcohol, IPA, isopropanol, or rubbing alcohol is\u00a0<a class=\"mw-redirect\" title=\"Miscible\" href=\"https:\/\/en.wikipedia.org\/wiki\/Miscible\">miscible<\/a>\u00a0in water,\u00a0<a title=\"Ethanol\" href=\"https:\/\/en.wikipedia.org\/wiki\/Ethanol\">ethanol<\/a>,\u00a0<a title=\"Diethyl ether\" href=\"https:\/\/en.wikipedia.org\/wiki\/Diethyl_ether\">ether<\/a>, and\u00a0<a title=\"Chloroform\" href=\"https:\/\/en.wikipedia.org\/wiki\/Chloroform\">chloroform<\/a>. It will dissolve\u00a0<a title=\"Ethyl cellulose\" href=\"https:\/\/en.wikipedia.org\/wiki\/Ethyl_cellulose\">ethyl cellulose<\/a>,\u00a0<a title=\"Polyvinyl butyral\" href=\"https:\/\/en.wikipedia.org\/wiki\/Polyvinyl_butyral\">polyvinyl butyral<\/a>, many oils, alkaloids, gums and natural resins.<sup id=\"cite_ref-Doolittle_7-0\" class=\"reference\"><\/sup>\u00a0Unlike\u00a0<a title=\"Ethanol\" href=\"https:\/\/en.wikipedia.org\/wiki\/Ethanol\">ethanol<\/a>\u00a0or\u00a0<a title=\"Methanol\" href=\"https:\/\/en.wikipedia.org\/wiki\/Methanol\">methanol<\/a>, isopropyl alcohol is not miscible with salt solutions and can be separated from\u00a0<a title=\"Aqueous solution\" href=\"https:\/\/en.wikipedia.org\/wiki\/Aqueous_solution\">aqueous solutions<\/a>\u00a0by adding a salt such as\u00a0<a title=\"Sodium chloride\" href=\"https:\/\/en.wikipedia.org\/wiki\/Sodium_chloride\">sodium chloride<\/a>. The process is colloquially called\u00a0<i><a title=\"Salting out\" href=\"https:\/\/en.wikipedia.org\/wiki\/Salting_out\">salting out<\/a><\/i>, and causes concentrated isopropyl alcohol to separate into a distinct layer.<sup id=\"cite_ref-Merck_8-0\" class=\"reference\"><a href=\"https:\/\/en.wikipedia.org\/wiki\/Isopropyl_alcohol#cite_note-Merck-8\">[8]<\/a><\/sup><\/p>\n<p style=\"text-align: justify;\">Isopropyl alcohol forms an\u00a0<a title=\"Azeotrope\" href=\"https:\/\/en.wikipedia.org\/wiki\/Azeotrope\">azeotrope<\/a>\u00a0with water, which gives a boiling point of 80.37\u00a0\u00b0C (176.67\u00a0\u00b0F) and a composition of 87.7 wt% (91 vol%) isopropyl alcohol. Water-isopropyl alcohol mixtures have depressed melting points.<sup id=\"cite_ref-Merck_8-1\" class=\"reference\"><\/sup>\u00a0It has a slightly bitter taste, and is not safe to drink.<sup id=\"cite_ref-Merck_8-2\" class=\"reference\"><\/sup><sup id=\"cite_ref-9\" class=\"reference\"><\/sup><\/p>\n<p style=\"text-align: justify;\">Isopropyl alcohol becomes increasingly viscous with decreasing temperature and will freeze at \u221289\u00a0\u00b0C (\u2212128\u00a0\u00b0F).<\/p>\n<p style=\"text-align: justify;\">Isopropyl alcohol has a maximum\u00a0<a title=\"Absorbance\" href=\"https:\/\/en.wikipedia.org\/wiki\/Absorbance\">absorbance<\/a>\u00a0at 205\u00a0nm in an\u00a0<a class=\"mw-redirect\" title=\"Ultraviolet-visible spectroscopy\" href=\"https:\/\/en.wikipedia.org\/wiki\/Ultraviolet-visible_spectroscopy\">ultraviolet-visible<\/a>\u00a0spectrum.<\/p>\n","protected":false},"excerpt":{"rendered":"<p>CAS: 67-63-0<\/p>\n<p><a target=\"_blank\" href=\"https:\/\/masterchem.ee\/wp-content\/uploads\/2018\/02\/Isopropyl-Alcohol.pdf\" class=\"pdf\" alt=\"Product Specification (TDS)\" title=\"Product Specification (TDS)\" rel=\"noopener\">Product Specification (TDS)<\/a><\/p>\n","protected":false},"featured_media":6601,"template":"","meta":{"_monsterinsights_skip_tracking":false,"_monsterinsights_sitenote_active":false,"_monsterinsights_sitenote_note":"","_monsterinsights_sitenote_category":0},"product_brand":[],"product_cat":[167,169,88,170,70,92,95,101,86,110,113],"product_tag":[],"class_list":{"0":"post-6311","1":"product","2":"type-product","3":"status-publish","4":"has-post-thumbnail","6":"product_cat-all-goods","7":"product_cat-antifreezing-liquids","8":"product_cat-building-industry","9":"product_cat-car-and-machinery-chemicals","10":"product_cat-cosmetic-industry","11":"product_cat-household-chemicals","12":"product_cat-metalworking-chemicals","13":"product_cat-pharmaceuticals","14":"product_cat-resins-plastics-polyurethanes","15":"product_cat-typography-chemicals","16":"product_cat-woodworking-chemicals","18":"first","19":"instock","20":"taxable","21":"shipping-taxable","22":"purchasable","23":"product-type-variable","24":"has-default-attributes"},"yoast_head":"<!-- This site is optimized with the Yoast SEO plugin v27.4 - https:\/\/yoast.com\/product\/yoast-seo-wordpress\/ -->\n<title>Isopropyl alcohol (CAS 67-63-0) - \u0136\u012bmija r\u016bpniec\u012bbai &mdash; &Scaron;\u0137\u012bdin\u0101t\u0101ji un \u0137\u012bmisk\u0101s vielas &mdash; Masterchem.ee<\/title>\n<meta name=\"description\" content=\"Isopropyl alcohol, synonymous with 2-propanol, sec-propyl alcohol, IPA, isopropanol, or rubbing alcohol is miscible in water, ethanol, ether, and chloroform. It will dissolve ethyl cellulose, polyvinyl butyral, many oils, alkaloids, gums and natural resins. CAS 67-63-0\" \/>\n<meta name=\"robots\" content=\"index, follow, max-snippet:-1, max-image-preview:large, max-video-preview:-1\" \/>\n<link rel=\"canonical\" href=\"https:\/\/masterchem.lv\/en\/product\/isopropyl-alcohol-cas-67-63-0\/\" \/>\n<meta property=\"og:locale\" content=\"en_US\" \/>\n<meta property=\"og:type\" content=\"article\" \/>\n<meta property=\"og:title\" content=\"Isopropyl alcohol (CAS 67-63-0) - \u0136\u012bmija r\u016bpniec\u012bbai &mdash; &Scaron;\u0137\u012bdin\u0101t\u0101ji un \u0137\u012bmisk\u0101s vielas &mdash; Masterchem.ee\" \/>\n<meta property=\"og:description\" content=\"Isopropyl alcohol, synonymous with 2-propanol, sec-propyl alcohol, IPA, isopropanol, or rubbing alcohol is miscible in water, ethanol, ether, and chloroform. It will dissolve ethyl cellulose, polyvinyl butyral, many oils, alkaloids, gums and natural resins. CAS 67-63-0\" \/>\n<meta property=\"og:url\" content=\"https:\/\/masterchem.lv\/en\/product\/isopropyl-alcohol-cas-67-63-0\/\" \/>\n<meta property=\"og:site_name\" content=\"\u0136\u012bmija r\u016bpniec\u012bbai &mdash; &Scaron;\u0137\u012bdin\u0101t\u0101ji un \u0137\u012bmisk\u0101s vielas &mdash; Masterchem.ee\" \/>\n<meta property=\"article:modified_time\" content=\"2024-02-03T18:41:27+00:00\" \/>\n<meta property=\"og:image\" content=\"https:\/\/masterchem.lv\/wp-content\/uploads\/2023\/03\/Isopropyl-Alcohol-1000l-MaterChem-1-2.jpg\" \/>\n\t<meta property=\"og:image:width\" content=\"1000\" \/>\n\t<meta property=\"og:image:height\" content=\"1000\" \/>\n\t<meta property=\"og:image:type\" content=\"image\/jpeg\" \/>\n<meta name=\"twitter:card\" content=\"summary_large_image\" \/>\n<meta name=\"twitter:label1\" content=\"Est. reading time\" \/>\n\t<meta name=\"twitter:data1\" content=\"1 minute\" \/>\n<script type=\"application\/ld+json\" class=\"yoast-schema-graph\">{\"@context\":\"https:\\\/\\\/schema.org\",\"@graph\":[{\"@type\":\"WebPage\",\"@id\":\"https:\\\/\\\/masterchem.lv\\\/en\\\/product\\\/isopropyl-alcohol-cas-67-63-0\\\/\",\"url\":\"https:\\\/\\\/masterchem.lv\\\/en\\\/product\\\/isopropyl-alcohol-cas-67-63-0\\\/\",\"name\":\"Isopropyl alcohol (CAS 67-63-0) - \u0136\u012bmija r\u016bpniec\u012bbai &mdash; &Scaron;\u0137\u012bdin\u0101t\u0101ji un \u0137\u012bmisk\u0101s vielas &mdash; Masterchem.ee\",\"isPartOf\":{\"@id\":\"https:\\\/\\\/masterchem.lv\\\/en\\\/#website\"},\"primaryImageOfPage\":{\"@id\":\"https:\\\/\\\/masterchem.lv\\\/en\\\/product\\\/isopropyl-alcohol-cas-67-63-0\\\/#primaryimage\"},\"image\":{\"@id\":\"https:\\\/\\\/masterchem.lv\\\/en\\\/product\\\/isopropyl-alcohol-cas-67-63-0\\\/#primaryimage\"},\"thumbnailUrl\":\"https:\\\/\\\/masterchem.lv\\\/wp-content\\\/uploads\\\/2023\\\/03\\\/Isopropyl-Alcohol-1000l-MaterChem-1-2.jpg\",\"datePublished\":\"2023-03-08T07:46:47+00:00\",\"dateModified\":\"2024-02-03T18:41:27+00:00\",\"description\":\"Isopropyl alcohol, synonymous with 2-propanol, sec-propyl alcohol, IPA, isopropanol, or rubbing alcohol is miscible in water, ethanol, ether, and chloroform. It will dissolve ethyl cellulose, polyvinyl butyral, many oils, alkaloids, gums and natural resins. CAS 67-63-0\",\"breadcrumb\":{\"@id\":\"https:\\\/\\\/masterchem.lv\\\/en\\\/product\\\/isopropyl-alcohol-cas-67-63-0\\\/#breadcrumb\"},\"inLanguage\":\"en-US\",\"potentialAction\":[{\"@type\":\"ReadAction\",\"target\":[\"https:\\\/\\\/masterchem.lv\\\/en\\\/product\\\/isopropyl-alcohol-cas-67-63-0\\\/\"]}]},{\"@type\":\"ImageObject\",\"inLanguage\":\"en-US\",\"@id\":\"https:\\\/\\\/masterchem.lv\\\/en\\\/product\\\/isopropyl-alcohol-cas-67-63-0\\\/#primaryimage\",\"url\":\"https:\\\/\\\/masterchem.lv\\\/wp-content\\\/uploads\\\/2023\\\/03\\\/Isopropyl-Alcohol-1000l-MaterChem-1-2.jpg\",\"contentUrl\":\"https:\\\/\\\/masterchem.lv\\\/wp-content\\\/uploads\\\/2023\\\/03\\\/Isopropyl-Alcohol-1000l-MaterChem-1-2.jpg\",\"width\":1000,\"height\":1000},{\"@type\":\"BreadcrumbList\",\"@id\":\"https:\\\/\\\/masterchem.lv\\\/en\\\/product\\\/isopropyl-alcohol-cas-67-63-0\\\/#breadcrumb\",\"itemListElement\":[{\"@type\":\"ListItem\",\"position\":1,\"name\":\"Home\",\"item\":\"https:\\\/\\\/masterchem.lv\\\/en\\\/\"},{\"@type\":\"ListItem\",\"position\":2,\"name\":\"Shop\",\"item\":\"https:\\\/\\\/masterchem.lv\\\/shop\\\/\"},{\"@type\":\"ListItem\",\"position\":3,\"name\":\"Isopropyl alcohol (CAS 67-63-0)\"}]},{\"@type\":\"WebSite\",\"@id\":\"https:\\\/\\\/masterchem.lv\\\/en\\\/#website\",\"url\":\"https:\\\/\\\/masterchem.lv\\\/en\\\/\",\"name\":\"\u0136\u012bmija r\u016bpniec\u012bbai &mdash; &Scaron;\u0137\u012bdin\u0101t\u0101ji un \u0137\u012bmisk\u0101s vielas &mdash; Masterchem.ee\",\"description\":\"\u0136\u012bmija r\u016bpniec\u012bbai&nbsp;&mdash; &scaron;\u0137\u012bdin\u0101t\u0101ji un \u0137\u012bmisk\u0101s vielas\",\"potentialAction\":[{\"@type\":\"SearchAction\",\"target\":{\"@type\":\"EntryPoint\",\"urlTemplate\":\"https:\\\/\\\/masterchem.lv\\\/en\\\/?s={search_term_string}\"},\"query-input\":{\"@type\":\"PropertyValueSpecification\",\"valueRequired\":true,\"valueName\":\"search_term_string\"}}],\"inLanguage\":\"en-US\"}]}<\/script>\n<!-- \/ Yoast SEO plugin. -->","yoast_head_json":{"title":"Isopropyl alcohol (CAS 67-63-0) - \u0136\u012bmija r\u016bpniec\u012bbai &mdash; &Scaron;\u0137\u012bdin\u0101t\u0101ji un \u0137\u012bmisk\u0101s vielas &mdash; Masterchem.ee","description":"Isopropyl alcohol, synonymous with 2-propanol, sec-propyl alcohol, IPA, isopropanol, or rubbing alcohol is miscible in water, ethanol, ether, and chloroform. It will dissolve ethyl cellulose, polyvinyl butyral, many oils, alkaloids, gums and natural resins. CAS 67-63-0","robots":{"index":"index","follow":"follow","max-snippet":"max-snippet:-1","max-image-preview":"max-image-preview:large","max-video-preview":"max-video-preview:-1"},"canonical":"https:\/\/masterchem.lv\/en\/product\/isopropyl-alcohol-cas-67-63-0\/","og_locale":"en_US","og_type":"article","og_title":"Isopropyl alcohol (CAS 67-63-0) - \u0136\u012bmija r\u016bpniec\u012bbai &mdash; &Scaron;\u0137\u012bdin\u0101t\u0101ji un \u0137\u012bmisk\u0101s vielas &mdash; Masterchem.ee","og_description":"Isopropyl alcohol, synonymous with 2-propanol, sec-propyl alcohol, IPA, isopropanol, or rubbing alcohol is miscible in water, ethanol, ether, and chloroform. It will dissolve ethyl cellulose, polyvinyl butyral, many oils, alkaloids, gums and natural resins. CAS 67-63-0","og_url":"https:\/\/masterchem.lv\/en\/product\/isopropyl-alcohol-cas-67-63-0\/","og_site_name":"\u0136\u012bmija r\u016bpniec\u012bbai &mdash; &Scaron;\u0137\u012bdin\u0101t\u0101ji un \u0137\u012bmisk\u0101s vielas &mdash; Masterchem.ee","article_modified_time":"2024-02-03T18:41:27+00:00","og_image":[{"width":1000,"height":1000,"url":"https:\/\/masterchem.lv\/wp-content\/uploads\/2023\/03\/Isopropyl-Alcohol-1000l-MaterChem-1-2.jpg","type":"image\/jpeg"}],"twitter_card":"summary_large_image","twitter_misc":{"Est. reading time":"1 minute"},"schema":{"@context":"https:\/\/schema.org","@graph":[{"@type":"WebPage","@id":"https:\/\/masterchem.lv\/en\/product\/isopropyl-alcohol-cas-67-63-0\/","url":"https:\/\/masterchem.lv\/en\/product\/isopropyl-alcohol-cas-67-63-0\/","name":"Isopropyl alcohol (CAS 67-63-0) - \u0136\u012bmija r\u016bpniec\u012bbai &mdash; &Scaron;\u0137\u012bdin\u0101t\u0101ji un \u0137\u012bmisk\u0101s vielas &mdash; Masterchem.ee","isPartOf":{"@id":"https:\/\/masterchem.lv\/en\/#website"},"primaryImageOfPage":{"@id":"https:\/\/masterchem.lv\/en\/product\/isopropyl-alcohol-cas-67-63-0\/#primaryimage"},"image":{"@id":"https:\/\/masterchem.lv\/en\/product\/isopropyl-alcohol-cas-67-63-0\/#primaryimage"},"thumbnailUrl":"https:\/\/masterchem.lv\/wp-content\/uploads\/2023\/03\/Isopropyl-Alcohol-1000l-MaterChem-1-2.jpg","datePublished":"2023-03-08T07:46:47+00:00","dateModified":"2024-02-03T18:41:27+00:00","description":"Isopropyl alcohol, synonymous with 2-propanol, sec-propyl alcohol, IPA, isopropanol, or rubbing alcohol is miscible in water, ethanol, ether, and chloroform. It will dissolve ethyl cellulose, polyvinyl butyral, many oils, alkaloids, gums and natural resins. CAS 67-63-0","breadcrumb":{"@id":"https:\/\/masterchem.lv\/en\/product\/isopropyl-alcohol-cas-67-63-0\/#breadcrumb"},"inLanguage":"en-US","potentialAction":[{"@type":"ReadAction","target":["https:\/\/masterchem.lv\/en\/product\/isopropyl-alcohol-cas-67-63-0\/"]}]},{"@type":"ImageObject","inLanguage":"en-US","@id":"https:\/\/masterchem.lv\/en\/product\/isopropyl-alcohol-cas-67-63-0\/#primaryimage","url":"https:\/\/masterchem.lv\/wp-content\/uploads\/2023\/03\/Isopropyl-Alcohol-1000l-MaterChem-1-2.jpg","contentUrl":"https:\/\/masterchem.lv\/wp-content\/uploads\/2023\/03\/Isopropyl-Alcohol-1000l-MaterChem-1-2.jpg","width":1000,"height":1000},{"@type":"BreadcrumbList","@id":"https:\/\/masterchem.lv\/en\/product\/isopropyl-alcohol-cas-67-63-0\/#breadcrumb","itemListElement":[{"@type":"ListItem","position":1,"name":"Home","item":"https:\/\/masterchem.lv\/en\/"},{"@type":"ListItem","position":2,"name":"Shop","item":"https:\/\/masterchem.lv\/shop\/"},{"@type":"ListItem","position":3,"name":"Isopropyl alcohol (CAS 67-63-0)"}]},{"@type":"WebSite","@id":"https:\/\/masterchem.lv\/en\/#website","url":"https:\/\/masterchem.lv\/en\/","name":"\u0136\u012bmija r\u016bpniec\u012bbai &mdash; &Scaron;\u0137\u012bdin\u0101t\u0101ji un \u0137\u012bmisk\u0101s vielas &mdash; Masterchem.ee","description":"\u0136\u012bmija r\u016bpniec\u012bbai&nbsp;&mdash; &scaron;\u0137\u012bdin\u0101t\u0101ji un \u0137\u012bmisk\u0101s vielas","potentialAction":[{"@type":"SearchAction","target":{"@type":"EntryPoint","urlTemplate":"https:\/\/masterchem.lv\/en\/?s={search_term_string}"},"query-input":{"@type":"PropertyValueSpecification","valueRequired":true,"valueName":"search_term_string"}}],"inLanguage":"en-US"}]}},"_links":{"self":[{"href":"https:\/\/masterchem.lv\/en\/wp-json\/wp\/v2\/product\/6311","targetHints":{"allow":["GET"]}}],"collection":[{"href":"https:\/\/masterchem.lv\/en\/wp-json\/wp\/v2\/product"}],"about":[{"href":"https:\/\/masterchem.lv\/en\/wp-json\/wp\/v2\/types\/product"}],"wp:featuredmedia":[{"embeddable":true,"href":"https:\/\/masterchem.lv\/en\/wp-json\/wp\/v2\/media\/6601"}],"wp:attachment":[{"href":"https:\/\/masterchem.lv\/en\/wp-json\/wp\/v2\/media?parent=6311"}],"wp:term":[{"taxonomy":"product_brand","embeddable":true,"href":"https:\/\/masterchem.lv\/en\/wp-json\/wp\/v2\/product_brand?post=6311"},{"taxonomy":"product_cat","embeddable":true,"href":"https:\/\/masterchem.lv\/en\/wp-json\/wp\/v2\/product_cat?post=6311"},{"taxonomy":"product_tag","embeddable":true,"href":"https:\/\/masterchem.lv\/en\/wp-json\/wp\/v2\/product_tag?post=6311"}],"curies":[{"name":"wp","href":"https:\/\/api.w.org\/{rel}","templated":true}]}}