{"id":6312,"date":"2023-03-08T07:46:47","date_gmt":"2023-03-08T07:46:47","guid":{"rendered":"https:\/\/masterchem.lv\/?post_type=product&#038;p=6312"},"modified":"2023-04-06T06:09:34","modified_gmt":"2023-04-06T06:09:34","slug":"melamine-cas-108-78-1","status":"publish","type":"product","link":"https:\/\/masterchem.lv\/en\/product\/melamine-cas-108-78-1\/","title":{"rendered":"Melamine (CAS 108-78-1)"},"content":{"rendered":"<p style=\"text-align: justify;\">In one large scale application, melamine is combined with\u00a0<a title=\"Formaldehyde\" href=\"https:\/\/en.wikipedia.org\/wiki\/Formaldehyde\">formaldehyde<\/a>\u00a0and other agents to produce\u00a0<a title=\"Melamine resin\" href=\"https:\/\/en.wikipedia.org\/wiki\/Melamine_resin\">melamine resins<\/a>. Such resins are characteristically durable\u00a0<a class=\"mw-redirect\" title=\"Thermosetting plastic\" href=\"https:\/\/en.wikipedia.org\/wiki\/Thermosetting_plastic\">thermosetting plastic<\/a>\u00a0used in high pressure\u00a0<a title=\"Decorative laminate\" href=\"https:\/\/en.wikipedia.org\/wiki\/Decorative_laminate\">decorative laminates<\/a>\u00a0such as\u00a0<a title=\"Formica (plastic)\" href=\"https:\/\/en.wikipedia.org\/wiki\/Formica_(plastic)\">Formica<\/a>, melamine dinnerware, laminate flooring, and\u00a0<a class=\"mw-redirect\" title=\"Dry erase boards\" href=\"https:\/\/en.wikipedia.org\/wiki\/Dry_erase_boards\">dry erase boards<\/a>.<sup id=\"cite_ref-5\" class=\"reference\"><\/sup><\/p>\n<p style=\"text-align: justify;\"><a title=\"Melamine foam\" href=\"https:\/\/en.wikipedia.org\/wiki\/Melamine_foam\">Melamine foam<\/a>\u00a0is used as insulation, soundproofing material and in\u00a0<a class=\"mw-redirect\" title=\"Polymeric\" href=\"https:\/\/en.wikipedia.org\/wiki\/Polymeric\">polymeric<\/a>\u00a0cleaning products, such as\u00a0<a class=\"mw-redirect\" title=\"Magic Eraser\" href=\"https:\/\/en.wikipedia.org\/wiki\/Magic_Eraser\">Magic Eraser<\/a>.<\/p>\n<p style=\"text-align: justify;\">Melamine is one of the major components in Pigment Yellow 150, a colorant in inks and plastics.<\/p>\n<p style=\"text-align: justify;\">Melamine also enters the fabrication of melamine poly-sulfonate used as\u00a0<a title=\"Plasticizer\" href=\"https:\/\/en.wikipedia.org\/wiki\/Plasticizer#Plasticizers_for_concrete_production\">superplasticizer<\/a>\u00a0for making high-resistance\u00a0<a title=\"Concrete\" href=\"https:\/\/en.wikipedia.org\/wiki\/Concrete\">concrete<\/a>. Sulfonated\u00a0<a class=\"mw-redirect\" title=\"Melamine formaldehyde\" href=\"https:\/\/en.wikipedia.org\/wiki\/Melamine_formaldehyde\">melamine formaldehyde<\/a>\u00a0(SMF) is a polymer used as\u00a0<a title=\"Water reducer\" href=\"https:\/\/en.wikipedia.org\/wiki\/Water_reducer\">cement admixture<\/a>\u00a0to reduce the water content in concrete while increasing the fluidity and the workability of the mix during its handling and pouring. It results in concrete with a lower porosity and a higher mechanical strength, exhibiting an improved resistance to aggressive environments and a longer lifetime.<\/p>\n","protected":false},"excerpt":{"rendered":"<p style=\"text-align: justify;\"><b>Other names: Melamine,\u00a02,4,6-Triamino-s-triazine,\u00a0Cyanurotriamide, Cyanurotriamine, Cyanuramide<\/b><\/p>\n<p style=\"text-align: justify;\">Melamine\u00a0is the\u00a0<a title=\"Organic compound\" href=\"https:\/\/en.wikipedia.org\/wiki\/Organic_compound\">organic compound<\/a>\u00a0with the formula C<sub>3<\/sub>H<sub>6<\/sub>N<sub>6<\/sub>. This white solid is a\u00a0<a title=\"Trimer (chemistry)\" href=\"https:\/\/en.wikipedia.org\/wiki\/Trimer_(chemistry)\">trimer<\/a>\u00a0of\u00a0<a title=\"Cyanamide\" href=\"https:\/\/en.wikipedia.org\/wiki\/Cyanamide\">cyanamide<\/a>, with a\u00a0<a title=\"1,3,5-Triazine\" href=\"https:\/\/en.wikipedia.org\/wiki\/1,3,5-Triazine\">1,3,5-triazine<\/a>\u00a0skeleton. It is widely used in production of certain plastics, e.g.\u00a0<a title=\"Formica (plastic)\" href=\"https:\/\/en.wikipedia.org\/wiki\/Formica_(plastic)\">Formica<\/a>. Like cyanamide, it contains 67%\u00a0<a title=\"Nitrogen\" href=\"https:\/\/en.wikipedia.org\/wiki\/Nitrogen\">nitrogen<\/a>\u00a0by mass, and its derivatives have\u00a0<a title=\"Fire retardant\" href=\"https:\/\/en.wikipedia.org\/wiki\/Fire_retardant\">fire retardant<\/a>\u00a0properties due to its release of nitrogen gas when burned or charred.<\/p>\n<p style=\"text-align: justify;\">\n<p>CAS: 108-78-1<\/p>\n","protected":false},"featured_media":6628,"template":"","meta":{"_monsterinsights_skip_tracking":false,"_monsterinsights_sitenote_active":false,"_monsterinsights_sitenote_note":"","_monsterinsights_sitenote_category":0},"product_brand":[],"product_cat":[167,88],"product_tag":[],"class_list":{"0":"post-6312","1":"product","2":"type-product","3":"status-publish","4":"has-post-thumbnail","6":"product_cat-all-goods","7":"product_cat-building-industry","9":"first","10":"instock","11":"taxable","12":"shipping-taxable","13":"purchasable","14":"product-type-variable"},"yoast_head":"<!-- This site is optimized with the Yoast SEO plugin v27.4 - https:\/\/yoast.com\/product\/yoast-seo-wordpress\/ -->\n<title>Melamine (CAS 108-78-1) - \u0136\u012bmija r\u016bpniec\u012bbai &mdash; &Scaron;\u0137\u012bdin\u0101t\u0101ji un \u0137\u012bmisk\u0101s vielas &mdash; Masterchem.ee<\/title>\n<meta name=\"description\" content=\"Melamine is the organic compound with the formula C3H6N6. This white solid is a trimer of cyanamide, with a 1,3,5-triazine skeleton. It is widely used in production of certain plastics, e.g. Formica. CAS: 108-78-1\" \/>\n<meta name=\"robots\" content=\"index, follow, max-snippet:-1, max-image-preview:large, max-video-preview:-1\" \/>\n<link rel=\"canonical\" href=\"https:\/\/masterchem.lv\/en\/product\/melamine-cas-108-78-1\/\" \/>\n<meta property=\"og:locale\" content=\"en_US\" \/>\n<meta property=\"og:type\" content=\"article\" \/>\n<meta property=\"og:title\" content=\"Melamine (CAS 108-78-1) - \u0136\u012bmija r\u016bpniec\u012bbai &mdash; &Scaron;\u0137\u012bdin\u0101t\u0101ji un \u0137\u012bmisk\u0101s vielas &mdash; Masterchem.ee\" \/>\n<meta property=\"og:description\" content=\"Melamine is the organic compound with the formula C3H6N6. This white solid is a trimer of cyanamide, with a 1,3,5-triazine skeleton. It is widely used in production of certain plastics, e.g. Formica. CAS: 108-78-1\" \/>\n<meta property=\"og:url\" content=\"https:\/\/masterchem.lv\/en\/product\/melamine-cas-108-78-1\/\" \/>\n<meta property=\"og:site_name\" content=\"\u0136\u012bmija r\u016bpniec\u012bbai &mdash; &Scaron;\u0137\u012bdin\u0101t\u0101ji un \u0137\u012bmisk\u0101s vielas &mdash; Masterchem.ee\" \/>\n<meta property=\"article:modified_time\" content=\"2023-04-06T06:09:34+00:00\" \/>\n<meta property=\"og:image\" content=\"https:\/\/masterchem.lv\/wp-content\/uploads\/2023\/03\/MELAMINE-1000l-MasterChem-1.jpg\" \/>\n\t<meta property=\"og:image:width\" content=\"1000\" \/>\n\t<meta property=\"og:image:height\" content=\"1000\" \/>\n\t<meta property=\"og:image:type\" content=\"image\/jpeg\" \/>\n<meta name=\"twitter:card\" content=\"summary_large_image\" \/>\n<meta name=\"twitter:label1\" content=\"Est. reading time\" \/>\n\t<meta name=\"twitter:data1\" content=\"1 minute\" \/>\n<script type=\"application\/ld+json\" class=\"yoast-schema-graph\">{\"@context\":\"https:\\\/\\\/schema.org\",\"@graph\":[{\"@type\":\"WebPage\",\"@id\":\"https:\\\/\\\/masterchem.lv\\\/en\\\/product\\\/melamine-cas-108-78-1\\\/\",\"url\":\"https:\\\/\\\/masterchem.lv\\\/en\\\/product\\\/melamine-cas-108-78-1\\\/\",\"name\":\"Melamine (CAS 108-78-1) - \u0136\u012bmija r\u016bpniec\u012bbai &mdash; &Scaron;\u0137\u012bdin\u0101t\u0101ji un \u0137\u012bmisk\u0101s vielas &mdash; Masterchem.ee\",\"isPartOf\":{\"@id\":\"https:\\\/\\\/masterchem.lv\\\/en\\\/#website\"},\"primaryImageOfPage\":{\"@id\":\"https:\\\/\\\/masterchem.lv\\\/en\\\/product\\\/melamine-cas-108-78-1\\\/#primaryimage\"},\"image\":{\"@id\":\"https:\\\/\\\/masterchem.lv\\\/en\\\/product\\\/melamine-cas-108-78-1\\\/#primaryimage\"},\"thumbnailUrl\":\"https:\\\/\\\/masterchem.lv\\\/wp-content\\\/uploads\\\/2023\\\/03\\\/MELAMINE-1000l-MasterChem-1.jpg\",\"datePublished\":\"2023-03-08T07:46:47+00:00\",\"dateModified\":\"2023-04-06T06:09:34+00:00\",\"description\":\"Melamine is the organic compound with the formula C3H6N6. This white solid is a trimer of cyanamide, with a 1,3,5-triazine skeleton. It is widely used in production of certain plastics, e.g. Formica. CAS: 108-78-1\",\"breadcrumb\":{\"@id\":\"https:\\\/\\\/masterchem.lv\\\/en\\\/product\\\/melamine-cas-108-78-1\\\/#breadcrumb\"},\"inLanguage\":\"en-US\",\"potentialAction\":[{\"@type\":\"ReadAction\",\"target\":[\"https:\\\/\\\/masterchem.lv\\\/en\\\/product\\\/melamine-cas-108-78-1\\\/\"]}]},{\"@type\":\"ImageObject\",\"inLanguage\":\"en-US\",\"@id\":\"https:\\\/\\\/masterchem.lv\\\/en\\\/product\\\/melamine-cas-108-78-1\\\/#primaryimage\",\"url\":\"https:\\\/\\\/masterchem.lv\\\/wp-content\\\/uploads\\\/2023\\\/03\\\/MELAMINE-1000l-MasterChem-1.jpg\",\"contentUrl\":\"https:\\\/\\\/masterchem.lv\\\/wp-content\\\/uploads\\\/2023\\\/03\\\/MELAMINE-1000l-MasterChem-1.jpg\",\"width\":1000,\"height\":1000},{\"@type\":\"BreadcrumbList\",\"@id\":\"https:\\\/\\\/masterchem.lv\\\/en\\\/product\\\/melamine-cas-108-78-1\\\/#breadcrumb\",\"itemListElement\":[{\"@type\":\"ListItem\",\"position\":1,\"name\":\"Home\",\"item\":\"https:\\\/\\\/masterchem.lv\\\/en\\\/\"},{\"@type\":\"ListItem\",\"position\":2,\"name\":\"Shop\",\"item\":\"https:\\\/\\\/masterchem.lv\\\/shop\\\/\"},{\"@type\":\"ListItem\",\"position\":3,\"name\":\"Melamine (CAS 108-78-1)\"}]},{\"@type\":\"WebSite\",\"@id\":\"https:\\\/\\\/masterchem.lv\\\/en\\\/#website\",\"url\":\"https:\\\/\\\/masterchem.lv\\\/en\\\/\",\"name\":\"\u0136\u012bmija r\u016bpniec\u012bbai &mdash; &Scaron;\u0137\u012bdin\u0101t\u0101ji un \u0137\u012bmisk\u0101s vielas &mdash; Masterchem.ee\",\"description\":\"\u0136\u012bmija r\u016bpniec\u012bbai&nbsp;&mdash; &scaron;\u0137\u012bdin\u0101t\u0101ji un \u0137\u012bmisk\u0101s vielas\",\"potentialAction\":[{\"@type\":\"SearchAction\",\"target\":{\"@type\":\"EntryPoint\",\"urlTemplate\":\"https:\\\/\\\/masterchem.lv\\\/en\\\/?s={search_term_string}\"},\"query-input\":{\"@type\":\"PropertyValueSpecification\",\"valueRequired\":true,\"valueName\":\"search_term_string\"}}],\"inLanguage\":\"en-US\"}]}<\/script>\n<!-- \/ Yoast SEO plugin. -->","yoast_head_json":{"title":"Melamine (CAS 108-78-1) - \u0136\u012bmija r\u016bpniec\u012bbai &mdash; &Scaron;\u0137\u012bdin\u0101t\u0101ji un \u0137\u012bmisk\u0101s vielas &mdash; Masterchem.ee","description":"Melamine is the organic compound with the formula C3H6N6. This white solid is a trimer of cyanamide, with a 1,3,5-triazine skeleton. It is widely used in production of certain plastics, e.g. Formica. CAS: 108-78-1","robots":{"index":"index","follow":"follow","max-snippet":"max-snippet:-1","max-image-preview":"max-image-preview:large","max-video-preview":"max-video-preview:-1"},"canonical":"https:\/\/masterchem.lv\/en\/product\/melamine-cas-108-78-1\/","og_locale":"en_US","og_type":"article","og_title":"Melamine (CAS 108-78-1) - \u0136\u012bmija r\u016bpniec\u012bbai &mdash; &Scaron;\u0137\u012bdin\u0101t\u0101ji un \u0137\u012bmisk\u0101s vielas &mdash; Masterchem.ee","og_description":"Melamine is the organic compound with the formula C3H6N6. This white solid is a trimer of cyanamide, with a 1,3,5-triazine skeleton. It is widely used in production of certain plastics, e.g. Formica. CAS: 108-78-1","og_url":"https:\/\/masterchem.lv\/en\/product\/melamine-cas-108-78-1\/","og_site_name":"\u0136\u012bmija r\u016bpniec\u012bbai &mdash; &Scaron;\u0137\u012bdin\u0101t\u0101ji un \u0137\u012bmisk\u0101s vielas &mdash; Masterchem.ee","article_modified_time":"2023-04-06T06:09:34+00:00","og_image":[{"width":1000,"height":1000,"url":"https:\/\/masterchem.lv\/wp-content\/uploads\/2023\/03\/MELAMINE-1000l-MasterChem-1.jpg","type":"image\/jpeg"}],"twitter_card":"summary_large_image","twitter_misc":{"Est. reading time":"1 minute"},"schema":{"@context":"https:\/\/schema.org","@graph":[{"@type":"WebPage","@id":"https:\/\/masterchem.lv\/en\/product\/melamine-cas-108-78-1\/","url":"https:\/\/masterchem.lv\/en\/product\/melamine-cas-108-78-1\/","name":"Melamine (CAS 108-78-1) - \u0136\u012bmija r\u016bpniec\u012bbai &mdash; &Scaron;\u0137\u012bdin\u0101t\u0101ji un \u0137\u012bmisk\u0101s vielas &mdash; Masterchem.ee","isPartOf":{"@id":"https:\/\/masterchem.lv\/en\/#website"},"primaryImageOfPage":{"@id":"https:\/\/masterchem.lv\/en\/product\/melamine-cas-108-78-1\/#primaryimage"},"image":{"@id":"https:\/\/masterchem.lv\/en\/product\/melamine-cas-108-78-1\/#primaryimage"},"thumbnailUrl":"https:\/\/masterchem.lv\/wp-content\/uploads\/2023\/03\/MELAMINE-1000l-MasterChem-1.jpg","datePublished":"2023-03-08T07:46:47+00:00","dateModified":"2023-04-06T06:09:34+00:00","description":"Melamine is the organic compound with the formula C3H6N6. This white solid is a trimer of cyanamide, with a 1,3,5-triazine skeleton. It is widely used in production of certain plastics, e.g. Formica. CAS: 108-78-1","breadcrumb":{"@id":"https:\/\/masterchem.lv\/en\/product\/melamine-cas-108-78-1\/#breadcrumb"},"inLanguage":"en-US","potentialAction":[{"@type":"ReadAction","target":["https:\/\/masterchem.lv\/en\/product\/melamine-cas-108-78-1\/"]}]},{"@type":"ImageObject","inLanguage":"en-US","@id":"https:\/\/masterchem.lv\/en\/product\/melamine-cas-108-78-1\/#primaryimage","url":"https:\/\/masterchem.lv\/wp-content\/uploads\/2023\/03\/MELAMINE-1000l-MasterChem-1.jpg","contentUrl":"https:\/\/masterchem.lv\/wp-content\/uploads\/2023\/03\/MELAMINE-1000l-MasterChem-1.jpg","width":1000,"height":1000},{"@type":"BreadcrumbList","@id":"https:\/\/masterchem.lv\/en\/product\/melamine-cas-108-78-1\/#breadcrumb","itemListElement":[{"@type":"ListItem","position":1,"name":"Home","item":"https:\/\/masterchem.lv\/en\/"},{"@type":"ListItem","position":2,"name":"Shop","item":"https:\/\/masterchem.lv\/shop\/"},{"@type":"ListItem","position":3,"name":"Melamine (CAS 108-78-1)"}]},{"@type":"WebSite","@id":"https:\/\/masterchem.lv\/en\/#website","url":"https:\/\/masterchem.lv\/en\/","name":"\u0136\u012bmija r\u016bpniec\u012bbai &mdash; &Scaron;\u0137\u012bdin\u0101t\u0101ji un \u0137\u012bmisk\u0101s vielas &mdash; Masterchem.ee","description":"\u0136\u012bmija r\u016bpniec\u012bbai&nbsp;&mdash; &scaron;\u0137\u012bdin\u0101t\u0101ji un \u0137\u012bmisk\u0101s vielas","potentialAction":[{"@type":"SearchAction","target":{"@type":"EntryPoint","urlTemplate":"https:\/\/masterchem.lv\/en\/?s={search_term_string}"},"query-input":{"@type":"PropertyValueSpecification","valueRequired":true,"valueName":"search_term_string"}}],"inLanguage":"en-US"}]}},"_links":{"self":[{"href":"https:\/\/masterchem.lv\/en\/wp-json\/wp\/v2\/product\/6312","targetHints":{"allow":["GET"]}}],"collection":[{"href":"https:\/\/masterchem.lv\/en\/wp-json\/wp\/v2\/product"}],"about":[{"href":"https:\/\/masterchem.lv\/en\/wp-json\/wp\/v2\/types\/product"}],"wp:featuredmedia":[{"embeddable":true,"href":"https:\/\/masterchem.lv\/en\/wp-json\/wp\/v2\/media\/6628"}],"wp:attachment":[{"href":"https:\/\/masterchem.lv\/en\/wp-json\/wp\/v2\/media?parent=6312"}],"wp:term":[{"taxonomy":"product_brand","embeddable":true,"href":"https:\/\/masterchem.lv\/en\/wp-json\/wp\/v2\/product_brand?post=6312"},{"taxonomy":"product_cat","embeddable":true,"href":"https:\/\/masterchem.lv\/en\/wp-json\/wp\/v2\/product_cat?post=6312"},{"taxonomy":"product_tag","embeddable":true,"href":"https:\/\/masterchem.lv\/en\/wp-json\/wp\/v2\/product_tag?post=6312"}],"curies":[{"name":"wp","href":"https:\/\/api.w.org\/{rel}","templated":true}]}}