{"id":6315,"date":"2023-03-08T07:46:47","date_gmt":"2023-03-08T07:46:47","guid":{"rendered":"https:\/\/masterchem.lv\/?post_type=product&#038;p=6315"},"modified":"2023-04-06T06:18:33","modified_gmt":"2023-04-06T06:18:33","slug":"metylisobutylketon-cas-108-10-1","status":"publish","type":"product","link":"https:\/\/masterchem.lv\/en\/product\/metylisobutylketon-cas-108-10-1\/","title":{"rendered":"Metylisobutylketon (CAS 108-10-1)"},"content":{"rendered":"<p style=\"text-align: justify;\">Unlike the other common ketone solvents,\u00a0<a title=\"Acetone\" href=\"https:\/\/en.wikipedia.org\/wiki\/Acetone\">acetone<\/a>\u00a0and\u00a0<a title=\"Butanone\" href=\"https:\/\/en.wikipedia.org\/wiki\/Butanone\">MEK<\/a>, MIBK has quite low solubility in water, making it useful for\u00a0<a class=\"mw-redirect\" title=\"Liquid-liquid extraction\" href=\"https:\/\/en.wikipedia.org\/wiki\/Liquid-liquid_extraction\">liquid-liquid extraction<\/a>. It has a similar\u00a0<a title=\"Chemical polarity\" href=\"https:\/\/en.wikipedia.org\/wiki\/Chemical_polarity\">polarity<\/a>\u00a0to\u00a0<a title=\"Ethyl acetate\" href=\"https:\/\/en.wikipedia.org\/wiki\/Ethyl_acetate\">ethyl acetate<\/a>, but greater stability towards\u00a0<a class=\"mw-redirect\" title=\"Aqueous\" href=\"https:\/\/en.wikipedia.org\/wiki\/Aqueous\">aqueous<\/a>\u00a0<a title=\"Acid\" href=\"https:\/\/en.wikipedia.org\/wiki\/Acid\">acid<\/a>\u00a0and\u00a0<a title=\"Base (chemistry)\" href=\"https:\/\/en.wikipedia.org\/wiki\/Base_(chemistry)\">base<\/a>. It can be used to extract gold, silver and other precious metals from\u00a0<a title=\"Cyanide\" href=\"https:\/\/en.wikipedia.org\/wiki\/Cyanide\">cyanide<\/a>\u00a0solutions, such as those found at gold mines, to determine the levels of those dissolved metals.\u00a0<a class=\"new\" title=\"Diisobutyl ketone (page does not exist)\" href=\"https:\/\/en.wikipedia.org\/w\/index.php?title=Diisobutyl_ketone&amp;action=edit&amp;redlink=1\">Diisobutyl ketone<\/a>\u00a0(DIBK), a related lipophilic ketone, is also used for this purpose. Methyl isobutyl ketone is also used as a denaturing agent for\u00a0<a title=\"Denatured alcohol\" href=\"https:\/\/en.wikipedia.org\/wiki\/Denatured_alcohol\">denatured alcohol<\/a>. When mixed with water or isopropyl alcohol MIBK serves as a\u00a0<a title=\"Photographic developer\" href=\"https:\/\/en.wikipedia.org\/wiki\/Photographic_developer\">developer<\/a>\u00a0for\u00a0<a title=\"Poly(methyl methacrylate)\" href=\"https:\/\/en.wikipedia.org\/wiki\/Poly(methyl_methacrylate)\">PMMA<\/a>\u00a0<a class=\"mw-redirect\" title=\"Electron beam lithography\" href=\"https:\/\/en.wikipedia.org\/wiki\/Electron_beam_lithography\">electron beam lithography<\/a>\u00a0<a title=\"Resist\" href=\"https:\/\/en.wikipedia.org\/wiki\/Resist\">resist<\/a>. MIBK is used as a solvent for CS in the preparation of the\u00a0<a title=\"CS gas\" href=\"https:\/\/en.wikipedia.org\/wiki\/CS_gas\">CS spray<\/a>\u00a0used currently by British police forces.<\/p>\n","protected":false},"excerpt":{"rendered":"<p style=\"text-align: justify;\"><b>Other names: Metylisobutylketon, 4-Methyl-2-pentanone, Isopropylacetone, Hexone, Isobutyl methyl ketone, 2-Methylpropyl methyl ketone, 4-Methyl-2-oxopentane, MIK, Isobutylmethyl ketone, MIBK, Isohexanone<\/b><\/p>\n<p style=\"text-align: justify;\">Methyl isobutyl ketone\u00a0(MIBK) is the\u00a0<a title=\"Organic compound\" href=\"https:\/\/en.wikipedia.org\/wiki\/Organic_compound\">organic compound<\/a>\u00a0with the formula (CH<sub>3<\/sub>)<sub>2<\/sub>CHCH<sub>2<\/sub>C(O)CH<sub>3<\/sub>. This colourless liquid, a\u00a0<a title=\"Ketone\" href=\"https:\/\/en.wikipedia.org\/wiki\/Ketone\">ketone<\/a>, is used as a\u00a0<a title=\"Solvent\" href=\"https:\/\/en.wikipedia.org\/wiki\/Solvent\">solvent<\/a>\u00a0for gums, resins, paints, varnishes, lacquers, and nitrocellulose.<\/p>\n<p style=\"text-align: justify;\">\n<p>CAS: 108-10-1<\/p>\n","protected":false},"featured_media":6711,"template":"","meta":{"_monsterinsights_skip_tracking":false,"_monsterinsights_sitenote_active":false,"_monsterinsights_sitenote_note":"","_monsterinsights_sitenote_category":0},"product_brand":[],"product_cat":[167,88,92,95,101,107,110,113],"product_tag":[],"class_list":{"0":"post-6315","1":"product","2":"type-product","3":"status-publish","4":"has-post-thumbnail","6":"product_cat-all-goods","7":"product_cat-building-industry","8":"product_cat-household-chemicals","9":"product_cat-metalworking-chemicals","10":"product_cat-pharmaceuticals","11":"product_cat-road-painting","12":"product_cat-typography-chemicals","13":"product_cat-woodworking-chemicals","15":"first","16":"instock","17":"taxable","18":"shipping-taxable","19":"purchasable","20":"product-type-variable","21":"has-default-attributes"},"yoast_head":"<!-- This site is optimized with the Yoast SEO plugin v27.4 - https:\/\/yoast.com\/product\/yoast-seo-wordpress\/ -->\n<title>Metylisobutylketon (CAS 108-10-1) - \u0136\u012bmija r\u016bpniec\u012bbai &mdash; &Scaron;\u0137\u012bdin\u0101t\u0101ji un \u0137\u012bmisk\u0101s vielas &mdash; Masterchem.ee<\/title>\n<meta name=\"description\" content=\"Other names: 4-Methyl-2-pentanone, Isopropylacetone, Hexone, Isobutyl methyl ketone, 2-Methylpropyl methyl ketone, 4-Methyl-2-oxopentane, MIK, Isobutylmethyl ketone, MIBK, Isohexanone. CAS: 108-10-1\" \/>\n<meta name=\"robots\" content=\"index, follow, max-snippet:-1, max-image-preview:large, max-video-preview:-1\" \/>\n<link rel=\"canonical\" href=\"https:\/\/masterchem.lv\/en\/product\/metylisobutylketon-cas-108-10-1\/\" \/>\n<meta property=\"og:locale\" content=\"en_US\" \/>\n<meta property=\"og:type\" content=\"article\" \/>\n<meta property=\"og:title\" content=\"Metylisobutylketon (CAS 108-10-1) - \u0136\u012bmija r\u016bpniec\u012bbai &mdash; &Scaron;\u0137\u012bdin\u0101t\u0101ji un \u0137\u012bmisk\u0101s vielas &mdash; Masterchem.ee\" \/>\n<meta property=\"og:description\" content=\"Other names: 4-Methyl-2-pentanone, Isopropylacetone, Hexone, Isobutyl methyl ketone, 2-Methylpropyl methyl ketone, 4-Methyl-2-oxopentane, MIK, Isobutylmethyl ketone, MIBK, Isohexanone. CAS: 108-10-1\" \/>\n<meta property=\"og:url\" content=\"https:\/\/masterchem.lv\/en\/product\/metylisobutylketon-cas-108-10-1\/\" \/>\n<meta property=\"og:site_name\" content=\"\u0136\u012bmija r\u016bpniec\u012bbai &mdash; &Scaron;\u0137\u012bdin\u0101t\u0101ji un \u0137\u012bmisk\u0101s vielas &mdash; Masterchem.ee\" \/>\n<meta property=\"article:modified_time\" content=\"2023-04-06T06:18:33+00:00\" \/>\n<meta property=\"og:image\" content=\"https:\/\/masterchem.lv\/wp-content\/uploads\/2023\/03\/METHYL-ISOBUTYL-KETONE-1000l-MasterChem-1.jpg\" \/>\n\t<meta property=\"og:image:width\" content=\"1000\" \/>\n\t<meta property=\"og:image:height\" content=\"1000\" \/>\n\t<meta property=\"og:image:type\" content=\"image\/jpeg\" \/>\n<meta name=\"twitter:card\" content=\"summary_large_image\" \/>\n<meta name=\"twitter:label1\" content=\"Est. reading time\" \/>\n\t<meta name=\"twitter:data1\" content=\"1 minute\" \/>\n<script type=\"application\/ld+json\" class=\"yoast-schema-graph\">{\"@context\":\"https:\\\/\\\/schema.org\",\"@graph\":[{\"@type\":\"WebPage\",\"@id\":\"https:\\\/\\\/masterchem.lv\\\/en\\\/product\\\/metylisobutylketon-cas-108-10-1\\\/\",\"url\":\"https:\\\/\\\/masterchem.lv\\\/en\\\/product\\\/metylisobutylketon-cas-108-10-1\\\/\",\"name\":\"Metylisobutylketon (CAS 108-10-1) - \u0136\u012bmija r\u016bpniec\u012bbai &mdash; &Scaron;\u0137\u012bdin\u0101t\u0101ji un \u0137\u012bmisk\u0101s vielas &mdash; Masterchem.ee\",\"isPartOf\":{\"@id\":\"https:\\\/\\\/masterchem.lv\\\/en\\\/#website\"},\"primaryImageOfPage\":{\"@id\":\"https:\\\/\\\/masterchem.lv\\\/en\\\/product\\\/metylisobutylketon-cas-108-10-1\\\/#primaryimage\"},\"image\":{\"@id\":\"https:\\\/\\\/masterchem.lv\\\/en\\\/product\\\/metylisobutylketon-cas-108-10-1\\\/#primaryimage\"},\"thumbnailUrl\":\"https:\\\/\\\/masterchem.lv\\\/wp-content\\\/uploads\\\/2023\\\/03\\\/METHYL-ISOBUTYL-KETONE-1000l-MasterChem-1.jpg\",\"datePublished\":\"2023-03-08T07:46:47+00:00\",\"dateModified\":\"2023-04-06T06:18:33+00:00\",\"description\":\"Other names: 4-Methyl-2-pentanone, Isopropylacetone, Hexone, Isobutyl methyl ketone, 2-Methylpropyl methyl ketone, 4-Methyl-2-oxopentane, MIK, Isobutylmethyl ketone, MIBK, Isohexanone. CAS: 108-10-1\",\"breadcrumb\":{\"@id\":\"https:\\\/\\\/masterchem.lv\\\/en\\\/product\\\/metylisobutylketon-cas-108-10-1\\\/#breadcrumb\"},\"inLanguage\":\"en-US\",\"potentialAction\":[{\"@type\":\"ReadAction\",\"target\":[\"https:\\\/\\\/masterchem.lv\\\/en\\\/product\\\/metylisobutylketon-cas-108-10-1\\\/\"]}]},{\"@type\":\"ImageObject\",\"inLanguage\":\"en-US\",\"@id\":\"https:\\\/\\\/masterchem.lv\\\/en\\\/product\\\/metylisobutylketon-cas-108-10-1\\\/#primaryimage\",\"url\":\"https:\\\/\\\/masterchem.lv\\\/wp-content\\\/uploads\\\/2023\\\/03\\\/METHYL-ISOBUTYL-KETONE-1000l-MasterChem-1.jpg\",\"contentUrl\":\"https:\\\/\\\/masterchem.lv\\\/wp-content\\\/uploads\\\/2023\\\/03\\\/METHYL-ISOBUTYL-KETONE-1000l-MasterChem-1.jpg\",\"width\":1000,\"height\":1000},{\"@type\":\"BreadcrumbList\",\"@id\":\"https:\\\/\\\/masterchem.lv\\\/en\\\/product\\\/metylisobutylketon-cas-108-10-1\\\/#breadcrumb\",\"itemListElement\":[{\"@type\":\"ListItem\",\"position\":1,\"name\":\"Home\",\"item\":\"https:\\\/\\\/masterchem.lv\\\/en\\\/\"},{\"@type\":\"ListItem\",\"position\":2,\"name\":\"Shop\",\"item\":\"https:\\\/\\\/masterchem.lv\\\/shop\\\/\"},{\"@type\":\"ListItem\",\"position\":3,\"name\":\"Metylisobutylketon (CAS 108-10-1)\"}]},{\"@type\":\"WebSite\",\"@id\":\"https:\\\/\\\/masterchem.lv\\\/en\\\/#website\",\"url\":\"https:\\\/\\\/masterchem.lv\\\/en\\\/\",\"name\":\"\u0136\u012bmija r\u016bpniec\u012bbai &mdash; &Scaron;\u0137\u012bdin\u0101t\u0101ji un \u0137\u012bmisk\u0101s vielas &mdash; Masterchem.ee\",\"description\":\"\u0136\u012bmija r\u016bpniec\u012bbai&nbsp;&mdash; &scaron;\u0137\u012bdin\u0101t\u0101ji un \u0137\u012bmisk\u0101s vielas\",\"potentialAction\":[{\"@type\":\"SearchAction\",\"target\":{\"@type\":\"EntryPoint\",\"urlTemplate\":\"https:\\\/\\\/masterchem.lv\\\/en\\\/?s={search_term_string}\"},\"query-input\":{\"@type\":\"PropertyValueSpecification\",\"valueRequired\":true,\"valueName\":\"search_term_string\"}}],\"inLanguage\":\"en-US\"}]}<\/script>\n<!-- \/ Yoast SEO plugin. -->","yoast_head_json":{"title":"Metylisobutylketon (CAS 108-10-1) - \u0136\u012bmija r\u016bpniec\u012bbai &mdash; &Scaron;\u0137\u012bdin\u0101t\u0101ji un \u0137\u012bmisk\u0101s vielas &mdash; Masterchem.ee","description":"Other names: 4-Methyl-2-pentanone, Isopropylacetone, Hexone, Isobutyl methyl ketone, 2-Methylpropyl methyl ketone, 4-Methyl-2-oxopentane, MIK, Isobutylmethyl ketone, MIBK, Isohexanone. CAS: 108-10-1","robots":{"index":"index","follow":"follow","max-snippet":"max-snippet:-1","max-image-preview":"max-image-preview:large","max-video-preview":"max-video-preview:-1"},"canonical":"https:\/\/masterchem.lv\/en\/product\/metylisobutylketon-cas-108-10-1\/","og_locale":"en_US","og_type":"article","og_title":"Metylisobutylketon (CAS 108-10-1) - \u0136\u012bmija r\u016bpniec\u012bbai &mdash; &Scaron;\u0137\u012bdin\u0101t\u0101ji un \u0137\u012bmisk\u0101s vielas &mdash; Masterchem.ee","og_description":"Other names: 4-Methyl-2-pentanone, Isopropylacetone, Hexone, Isobutyl methyl ketone, 2-Methylpropyl methyl ketone, 4-Methyl-2-oxopentane, MIK, Isobutylmethyl ketone, MIBK, Isohexanone. CAS: 108-10-1","og_url":"https:\/\/masterchem.lv\/en\/product\/metylisobutylketon-cas-108-10-1\/","og_site_name":"\u0136\u012bmija r\u016bpniec\u012bbai &mdash; &Scaron;\u0137\u012bdin\u0101t\u0101ji un \u0137\u012bmisk\u0101s vielas &mdash; Masterchem.ee","article_modified_time":"2023-04-06T06:18:33+00:00","og_image":[{"width":1000,"height":1000,"url":"https:\/\/masterchem.lv\/wp-content\/uploads\/2023\/03\/METHYL-ISOBUTYL-KETONE-1000l-MasterChem-1.jpg","type":"image\/jpeg"}],"twitter_card":"summary_large_image","twitter_misc":{"Est. reading time":"1 minute"},"schema":{"@context":"https:\/\/schema.org","@graph":[{"@type":"WebPage","@id":"https:\/\/masterchem.lv\/en\/product\/metylisobutylketon-cas-108-10-1\/","url":"https:\/\/masterchem.lv\/en\/product\/metylisobutylketon-cas-108-10-1\/","name":"Metylisobutylketon (CAS 108-10-1) - \u0136\u012bmija r\u016bpniec\u012bbai &mdash; &Scaron;\u0137\u012bdin\u0101t\u0101ji un \u0137\u012bmisk\u0101s vielas &mdash; Masterchem.ee","isPartOf":{"@id":"https:\/\/masterchem.lv\/en\/#website"},"primaryImageOfPage":{"@id":"https:\/\/masterchem.lv\/en\/product\/metylisobutylketon-cas-108-10-1\/#primaryimage"},"image":{"@id":"https:\/\/masterchem.lv\/en\/product\/metylisobutylketon-cas-108-10-1\/#primaryimage"},"thumbnailUrl":"https:\/\/masterchem.lv\/wp-content\/uploads\/2023\/03\/METHYL-ISOBUTYL-KETONE-1000l-MasterChem-1.jpg","datePublished":"2023-03-08T07:46:47+00:00","dateModified":"2023-04-06T06:18:33+00:00","description":"Other names: 4-Methyl-2-pentanone, Isopropylacetone, Hexone, Isobutyl methyl ketone, 2-Methylpropyl methyl ketone, 4-Methyl-2-oxopentane, MIK, Isobutylmethyl ketone, MIBK, Isohexanone. CAS: 108-10-1","breadcrumb":{"@id":"https:\/\/masterchem.lv\/en\/product\/metylisobutylketon-cas-108-10-1\/#breadcrumb"},"inLanguage":"en-US","potentialAction":[{"@type":"ReadAction","target":["https:\/\/masterchem.lv\/en\/product\/metylisobutylketon-cas-108-10-1\/"]}]},{"@type":"ImageObject","inLanguage":"en-US","@id":"https:\/\/masterchem.lv\/en\/product\/metylisobutylketon-cas-108-10-1\/#primaryimage","url":"https:\/\/masterchem.lv\/wp-content\/uploads\/2023\/03\/METHYL-ISOBUTYL-KETONE-1000l-MasterChem-1.jpg","contentUrl":"https:\/\/masterchem.lv\/wp-content\/uploads\/2023\/03\/METHYL-ISOBUTYL-KETONE-1000l-MasterChem-1.jpg","width":1000,"height":1000},{"@type":"BreadcrumbList","@id":"https:\/\/masterchem.lv\/en\/product\/metylisobutylketon-cas-108-10-1\/#breadcrumb","itemListElement":[{"@type":"ListItem","position":1,"name":"Home","item":"https:\/\/masterchem.lv\/en\/"},{"@type":"ListItem","position":2,"name":"Shop","item":"https:\/\/masterchem.lv\/shop\/"},{"@type":"ListItem","position":3,"name":"Metylisobutylketon (CAS 108-10-1)"}]},{"@type":"WebSite","@id":"https:\/\/masterchem.lv\/en\/#website","url":"https:\/\/masterchem.lv\/en\/","name":"\u0136\u012bmija r\u016bpniec\u012bbai &mdash; &Scaron;\u0137\u012bdin\u0101t\u0101ji un \u0137\u012bmisk\u0101s vielas &mdash; Masterchem.ee","description":"\u0136\u012bmija r\u016bpniec\u012bbai&nbsp;&mdash; &scaron;\u0137\u012bdin\u0101t\u0101ji un \u0137\u012bmisk\u0101s vielas","potentialAction":[{"@type":"SearchAction","target":{"@type":"EntryPoint","urlTemplate":"https:\/\/masterchem.lv\/en\/?s={search_term_string}"},"query-input":{"@type":"PropertyValueSpecification","valueRequired":true,"valueName":"search_term_string"}}],"inLanguage":"en-US"}]}},"_links":{"self":[{"href":"https:\/\/masterchem.lv\/en\/wp-json\/wp\/v2\/product\/6315","targetHints":{"allow":["GET"]}}],"collection":[{"href":"https:\/\/masterchem.lv\/en\/wp-json\/wp\/v2\/product"}],"about":[{"href":"https:\/\/masterchem.lv\/en\/wp-json\/wp\/v2\/types\/product"}],"wp:featuredmedia":[{"embeddable":true,"href":"https:\/\/masterchem.lv\/en\/wp-json\/wp\/v2\/media\/6711"}],"wp:attachment":[{"href":"https:\/\/masterchem.lv\/en\/wp-json\/wp\/v2\/media?parent=6315"}],"wp:term":[{"taxonomy":"product_brand","embeddable":true,"href":"https:\/\/masterchem.lv\/en\/wp-json\/wp\/v2\/product_brand?post=6315"},{"taxonomy":"product_cat","embeddable":true,"href":"https:\/\/masterchem.lv\/en\/wp-json\/wp\/v2\/product_cat?post=6315"},{"taxonomy":"product_tag","embeddable":true,"href":"https:\/\/masterchem.lv\/en\/wp-json\/wp\/v2\/product_tag?post=6315"}],"curies":[{"name":"wp","href":"https:\/\/api.w.org\/{rel}","templated":true}]}}