{"id":6320,"date":"2023-03-08T07:46:48","date_gmt":"2023-03-08T07:46:48","guid":{"rendered":"https:\/\/masterchem.lv\/?post_type=product&#038;p=6320"},"modified":"2024-08-15T06:58:11","modified_gmt":"2024-08-15T06:58:11","slug":"propylene-glycol-cas-57-55-6","status":"publish","type":"product","link":"https:\/\/masterchem.lv\/en\/product\/propylene-glycol-cas-57-55-6\/","title":{"rendered":"Propylene glycol (CAS 57-55-6)"},"content":{"rendered":"<p style=\"text-align: justify;\">Propylene glycol is a clear, colorless and\u00a0<a class=\"mw-redirect\" title=\"Hygroscopic\" href=\"https:\/\/en.wikipedia.org\/wiki\/Hygroscopic\">hygroscopic<\/a>\u00a0liquid. Propylene glycol contains an asymmetrical carbon atom, so it exists in two\u00a0<a title=\"Enantiomer\" href=\"https:\/\/en.wikipedia.org\/wiki\/Enantiomer\">enantiomers<\/a>. The commercial product is a\u00a0<a class=\"mw-redirect\" title=\"Racemic\" href=\"https:\/\/en.wikipedia.org\/wiki\/Racemic\">racemic<\/a>\u00a0mixture. Pure optical isomers can be obtained by hydration of optically pure\u00a0<a title=\"Propylene oxide\" href=\"https:\/\/en.wikipedia.org\/wiki\/Propylene_oxide\">propylene oxide<\/a>.<sup id=\"cite_ref-3\" class=\"reference\"><\/sup><\/p>\n<p style=\"text-align: justify;\">The freezing point of water is depressed when mixed with propylene glycol owing to the effects of dissolution of a solute in a solvent (<a title=\"Freezing-point depression\" href=\"https:\/\/en.wikipedia.org\/wiki\/Freezing-point_depression\">freezing-point depression<\/a>). In general, glycols are non-corrosive, have very low volatility and very low toxicity; however, the closely related\u00a0<a title=\"Ethylene glycol\" href=\"https:\/\/en.wikipedia.org\/wiki\/Ethylene_glycol\">ethylene glycol<\/a>\u00a0(a key ingredient in\u00a0<a title=\"Antifreeze\" href=\"https:\/\/en.wikipedia.org\/wiki\/Antifreeze\">antifreeze<\/a>) is toxic to humans and to many animals.<\/p>\n","protected":false},"excerpt":{"rendered":"<p><b>Other names: \u03b1-Propylene glycol, 1,2-Propanediol, 1,2-Dihydroxypropane, Methyl ethyl glycol (MEG), Methylethylene glycol<\/b><\/p>\n<p>Propylene glycol\u00a0(<a class=\"mw-redirect\" title=\"IUPAC nomenclature\" href=\"https:\/\/en.wikipedia.org\/wiki\/IUPAC_nomenclature\">IUPAC name<\/a>:\u00a0propane-1,2-diol) is a synthetic\u00a0<a title=\"Organic compound\" href=\"https:\/\/en.wikipedia.org\/wiki\/Organic_compound\">organic compound<\/a>\u00a0with the\u00a0<a title=\"Chemical formula\" href=\"https:\/\/en.wikipedia.org\/wiki\/Chemical_formula\">chemical formula<\/a>\u00a0C<sub>3<\/sub>H<sub>8<\/sub>O<sub>2<\/sub>. It is a viscous colorless liquid which is nearly odorless but possesses a faintly sweet taste. Chemically it is classed as a\u00a0<a title=\"Diol\" href=\"https:\/\/en.wikipedia.org\/wiki\/Diol\">diol<\/a>\u00a0and is\u00a0<a class=\"mw-redirect\" title=\"Miscible\" href=\"https:\/\/en.wikipedia.org\/wiki\/Miscible\">miscible<\/a>\u00a0with a broad range of solvents, including\u00a0<a title=\"Water\" href=\"https:\/\/en.wikipedia.org\/wiki\/Water\">water<\/a>,\u00a0<a title=\"Acetone\" href=\"https:\/\/en.wikipedia.org\/wiki\/Acetone\">acetone<\/a>, and\u00a0<a title=\"Chloroform\" href=\"https:\/\/en.wikipedia.org\/wiki\/Chloroform\">chloroform<\/a>.<\/p>\n<p>CAS: 57-55-6<\/p>\n","protected":false},"featured_media":6804,"template":"","meta":{"_monsterinsights_skip_tracking":false,"_monsterinsights_sitenote_active":false,"_monsterinsights_sitenote_note":"","_monsterinsights_sitenote_category":0},"product_brand":[],"product_cat":[167,169,88,170,70,74,76,78,82,92,101],"product_tag":[],"class_list":{"0":"post-6320","1":"product","2":"type-product","3":"status-publish","4":"has-post-thumbnail","6":"product_cat-all-goods","7":"product_cat-antifreezing-liquids","8":"product_cat-building-industry","9":"product_cat-car-and-machinery-chemicals","10":"product_cat-cosmetic-industry","11":"product_cat-feed-industry","12":"product_cat-fertilizers","13":"product_cat-food-industry","14":"product_cat-horticulture","15":"product_cat-household-chemicals","16":"product_cat-pharmaceuticals","18":"first","19":"instock","20":"taxable","21":"shipping-taxable","22":"purchasable","23":"product-type-variable"},"yoast_head":"<!-- This site is optimized with the Yoast SEO plugin v27.4 - https:\/\/yoast.com\/product\/yoast-seo-wordpress\/ -->\n<title>Propylene glycol (CAS 57-55-6) - \u0136\u012bmija r\u016bpniec\u012bbai &mdash; &Scaron;\u0137\u012bdin\u0101t\u0101ji un \u0137\u012bmisk\u0101s vielas &mdash; Masterchem.ee<\/title>\n<meta name=\"description\" content=\"Propylene glycol (IUPAC name: propane-1,2-diol) is a synthetic organic compound with the chemical formula C3H8O2. It is a viscous colorless liquid which is nearly odorless but possesses a faintly sweet taste. CAS 57-55-6\" \/>\n<meta name=\"robots\" content=\"index, follow, max-snippet:-1, max-image-preview:large, max-video-preview:-1\" \/>\n<link rel=\"canonical\" href=\"https:\/\/masterchem.lv\/en\/product\/propylene-glycol-cas-57-55-6\/\" \/>\n<meta property=\"og:locale\" content=\"en_US\" \/>\n<meta property=\"og:type\" content=\"article\" \/>\n<meta property=\"og:title\" content=\"Propylene glycol (CAS 57-55-6) - \u0136\u012bmija r\u016bpniec\u012bbai &mdash; &Scaron;\u0137\u012bdin\u0101t\u0101ji un \u0137\u012bmisk\u0101s vielas &mdash; Masterchem.ee\" \/>\n<meta property=\"og:description\" content=\"Propylene glycol (IUPAC name: propane-1,2-diol) is a synthetic organic compound with the chemical formula C3H8O2. It is a viscous colorless liquid which is nearly odorless but possesses a faintly sweet taste. CAS 57-55-6\" \/>\n<meta property=\"og:url\" content=\"https:\/\/masterchem.lv\/en\/product\/propylene-glycol-cas-57-55-6\/\" \/>\n<meta property=\"og:site_name\" content=\"\u0136\u012bmija r\u016bpniec\u012bbai &mdash; &Scaron;\u0137\u012bdin\u0101t\u0101ji un \u0137\u012bmisk\u0101s vielas &mdash; Masterchem.ee\" \/>\n<meta property=\"article:modified_time\" content=\"2024-08-15T06:58:11+00:00\" \/>\n<meta property=\"og:image\" content=\"https:\/\/masterchem.lv\/wp-content\/uploads\/2023\/03\/PROPYLENE-GLYCOL-1000l-MasterChem-1.jpg\" \/>\n\t<meta property=\"og:image:width\" content=\"1000\" \/>\n\t<meta property=\"og:image:height\" content=\"1000\" \/>\n\t<meta property=\"og:image:type\" content=\"image\/jpeg\" \/>\n<meta name=\"twitter:card\" content=\"summary_large_image\" \/>\n<meta name=\"twitter:label1\" content=\"Est. reading time\" \/>\n\t<meta name=\"twitter:data1\" content=\"1 minute\" \/>\n<script type=\"application\/ld+json\" class=\"yoast-schema-graph\">{\"@context\":\"https:\\\/\\\/schema.org\",\"@graph\":[{\"@type\":\"WebPage\",\"@id\":\"https:\\\/\\\/masterchem.lv\\\/en\\\/product\\\/propylene-glycol-cas-57-55-6\\\/\",\"url\":\"https:\\\/\\\/masterchem.lv\\\/en\\\/product\\\/propylene-glycol-cas-57-55-6\\\/\",\"name\":\"Propylene glycol (CAS 57-55-6) - \u0136\u012bmija r\u016bpniec\u012bbai &mdash; &Scaron;\u0137\u012bdin\u0101t\u0101ji un \u0137\u012bmisk\u0101s vielas &mdash; Masterchem.ee\",\"isPartOf\":{\"@id\":\"https:\\\/\\\/masterchem.lv\\\/en\\\/#website\"},\"primaryImageOfPage\":{\"@id\":\"https:\\\/\\\/masterchem.lv\\\/en\\\/product\\\/propylene-glycol-cas-57-55-6\\\/#primaryimage\"},\"image\":{\"@id\":\"https:\\\/\\\/masterchem.lv\\\/en\\\/product\\\/propylene-glycol-cas-57-55-6\\\/#primaryimage\"},\"thumbnailUrl\":\"https:\\\/\\\/masterchem.lv\\\/wp-content\\\/uploads\\\/2023\\\/03\\\/PROPYLENE-GLYCOL-1000l-MasterChem-1.jpg\",\"datePublished\":\"2023-03-08T07:46:48+00:00\",\"dateModified\":\"2024-08-15T06:58:11+00:00\",\"description\":\"Propylene glycol (IUPAC name: propane-1,2-diol) is a synthetic organic compound with the chemical formula C3H8O2. It is a viscous colorless liquid which is nearly odorless but possesses a faintly sweet taste. CAS 57-55-6\",\"breadcrumb\":{\"@id\":\"https:\\\/\\\/masterchem.lv\\\/en\\\/product\\\/propylene-glycol-cas-57-55-6\\\/#breadcrumb\"},\"inLanguage\":\"en-US\",\"potentialAction\":[{\"@type\":\"ReadAction\",\"target\":[\"https:\\\/\\\/masterchem.lv\\\/en\\\/product\\\/propylene-glycol-cas-57-55-6\\\/\"]}]},{\"@type\":\"ImageObject\",\"inLanguage\":\"en-US\",\"@id\":\"https:\\\/\\\/masterchem.lv\\\/en\\\/product\\\/propylene-glycol-cas-57-55-6\\\/#primaryimage\",\"url\":\"https:\\\/\\\/masterchem.lv\\\/wp-content\\\/uploads\\\/2023\\\/03\\\/PROPYLENE-GLYCOL-1000l-MasterChem-1.jpg\",\"contentUrl\":\"https:\\\/\\\/masterchem.lv\\\/wp-content\\\/uploads\\\/2023\\\/03\\\/PROPYLENE-GLYCOL-1000l-MasterChem-1.jpg\",\"width\":1000,\"height\":1000},{\"@type\":\"BreadcrumbList\",\"@id\":\"https:\\\/\\\/masterchem.lv\\\/en\\\/product\\\/propylene-glycol-cas-57-55-6\\\/#breadcrumb\",\"itemListElement\":[{\"@type\":\"ListItem\",\"position\":1,\"name\":\"Home\",\"item\":\"https:\\\/\\\/masterchem.lv\\\/en\\\/\"},{\"@type\":\"ListItem\",\"position\":2,\"name\":\"Shop\",\"item\":\"https:\\\/\\\/masterchem.lv\\\/shop\\\/\"},{\"@type\":\"ListItem\",\"position\":3,\"name\":\"Propylene glycol (CAS 57-55-6)\"}]},{\"@type\":\"WebSite\",\"@id\":\"https:\\\/\\\/masterchem.lv\\\/en\\\/#website\",\"url\":\"https:\\\/\\\/masterchem.lv\\\/en\\\/\",\"name\":\"\u0136\u012bmija r\u016bpniec\u012bbai &mdash; &Scaron;\u0137\u012bdin\u0101t\u0101ji un \u0137\u012bmisk\u0101s vielas &mdash; Masterchem.ee\",\"description\":\"\u0136\u012bmija r\u016bpniec\u012bbai&nbsp;&mdash; &scaron;\u0137\u012bdin\u0101t\u0101ji un \u0137\u012bmisk\u0101s vielas\",\"potentialAction\":[{\"@type\":\"SearchAction\",\"target\":{\"@type\":\"EntryPoint\",\"urlTemplate\":\"https:\\\/\\\/masterchem.lv\\\/en\\\/?s={search_term_string}\"},\"query-input\":{\"@type\":\"PropertyValueSpecification\",\"valueRequired\":true,\"valueName\":\"search_term_string\"}}],\"inLanguage\":\"en-US\"}]}<\/script>\n<!-- \/ Yoast SEO plugin. -->","yoast_head_json":{"title":"Propylene glycol (CAS 57-55-6) - \u0136\u012bmija r\u016bpniec\u012bbai &mdash; &Scaron;\u0137\u012bdin\u0101t\u0101ji un \u0137\u012bmisk\u0101s vielas &mdash; Masterchem.ee","description":"Propylene glycol (IUPAC name: propane-1,2-diol) is a synthetic organic compound with the chemical formula C3H8O2. It is a viscous colorless liquid which is nearly odorless but possesses a faintly sweet taste. CAS 57-55-6","robots":{"index":"index","follow":"follow","max-snippet":"max-snippet:-1","max-image-preview":"max-image-preview:large","max-video-preview":"max-video-preview:-1"},"canonical":"https:\/\/masterchem.lv\/en\/product\/propylene-glycol-cas-57-55-6\/","og_locale":"en_US","og_type":"article","og_title":"Propylene glycol (CAS 57-55-6) - \u0136\u012bmija r\u016bpniec\u012bbai &mdash; &Scaron;\u0137\u012bdin\u0101t\u0101ji un \u0137\u012bmisk\u0101s vielas &mdash; Masterchem.ee","og_description":"Propylene glycol (IUPAC name: propane-1,2-diol) is a synthetic organic compound with the chemical formula C3H8O2. It is a viscous colorless liquid which is nearly odorless but possesses a faintly sweet taste. CAS 57-55-6","og_url":"https:\/\/masterchem.lv\/en\/product\/propylene-glycol-cas-57-55-6\/","og_site_name":"\u0136\u012bmija r\u016bpniec\u012bbai &mdash; &Scaron;\u0137\u012bdin\u0101t\u0101ji un \u0137\u012bmisk\u0101s vielas &mdash; Masterchem.ee","article_modified_time":"2024-08-15T06:58:11+00:00","og_image":[{"width":1000,"height":1000,"url":"https:\/\/masterchem.lv\/wp-content\/uploads\/2023\/03\/PROPYLENE-GLYCOL-1000l-MasterChem-1.jpg","type":"image\/jpeg"}],"twitter_card":"summary_large_image","twitter_misc":{"Est. reading time":"1 minute"},"schema":{"@context":"https:\/\/schema.org","@graph":[{"@type":"WebPage","@id":"https:\/\/masterchem.lv\/en\/product\/propylene-glycol-cas-57-55-6\/","url":"https:\/\/masterchem.lv\/en\/product\/propylene-glycol-cas-57-55-6\/","name":"Propylene glycol (CAS 57-55-6) - \u0136\u012bmija r\u016bpniec\u012bbai &mdash; &Scaron;\u0137\u012bdin\u0101t\u0101ji un \u0137\u012bmisk\u0101s vielas &mdash; Masterchem.ee","isPartOf":{"@id":"https:\/\/masterchem.lv\/en\/#website"},"primaryImageOfPage":{"@id":"https:\/\/masterchem.lv\/en\/product\/propylene-glycol-cas-57-55-6\/#primaryimage"},"image":{"@id":"https:\/\/masterchem.lv\/en\/product\/propylene-glycol-cas-57-55-6\/#primaryimage"},"thumbnailUrl":"https:\/\/masterchem.lv\/wp-content\/uploads\/2023\/03\/PROPYLENE-GLYCOL-1000l-MasterChem-1.jpg","datePublished":"2023-03-08T07:46:48+00:00","dateModified":"2024-08-15T06:58:11+00:00","description":"Propylene glycol (IUPAC name: propane-1,2-diol) is a synthetic organic compound with the chemical formula C3H8O2. It is a viscous colorless liquid which is nearly odorless but possesses a faintly sweet taste. CAS 57-55-6","breadcrumb":{"@id":"https:\/\/masterchem.lv\/en\/product\/propylene-glycol-cas-57-55-6\/#breadcrumb"},"inLanguage":"en-US","potentialAction":[{"@type":"ReadAction","target":["https:\/\/masterchem.lv\/en\/product\/propylene-glycol-cas-57-55-6\/"]}]},{"@type":"ImageObject","inLanguage":"en-US","@id":"https:\/\/masterchem.lv\/en\/product\/propylene-glycol-cas-57-55-6\/#primaryimage","url":"https:\/\/masterchem.lv\/wp-content\/uploads\/2023\/03\/PROPYLENE-GLYCOL-1000l-MasterChem-1.jpg","contentUrl":"https:\/\/masterchem.lv\/wp-content\/uploads\/2023\/03\/PROPYLENE-GLYCOL-1000l-MasterChem-1.jpg","width":1000,"height":1000},{"@type":"BreadcrumbList","@id":"https:\/\/masterchem.lv\/en\/product\/propylene-glycol-cas-57-55-6\/#breadcrumb","itemListElement":[{"@type":"ListItem","position":1,"name":"Home","item":"https:\/\/masterchem.lv\/en\/"},{"@type":"ListItem","position":2,"name":"Shop","item":"https:\/\/masterchem.lv\/shop\/"},{"@type":"ListItem","position":3,"name":"Propylene glycol (CAS 57-55-6)"}]},{"@type":"WebSite","@id":"https:\/\/masterchem.lv\/en\/#website","url":"https:\/\/masterchem.lv\/en\/","name":"\u0136\u012bmija r\u016bpniec\u012bbai &mdash; &Scaron;\u0137\u012bdin\u0101t\u0101ji un \u0137\u012bmisk\u0101s vielas &mdash; Masterchem.ee","description":"\u0136\u012bmija r\u016bpniec\u012bbai&nbsp;&mdash; &scaron;\u0137\u012bdin\u0101t\u0101ji un \u0137\u012bmisk\u0101s vielas","potentialAction":[{"@type":"SearchAction","target":{"@type":"EntryPoint","urlTemplate":"https:\/\/masterchem.lv\/en\/?s={search_term_string}"},"query-input":{"@type":"PropertyValueSpecification","valueRequired":true,"valueName":"search_term_string"}}],"inLanguage":"en-US"}]}},"_links":{"self":[{"href":"https:\/\/masterchem.lv\/en\/wp-json\/wp\/v2\/product\/6320","targetHints":{"allow":["GET"]}}],"collection":[{"href":"https:\/\/masterchem.lv\/en\/wp-json\/wp\/v2\/product"}],"about":[{"href":"https:\/\/masterchem.lv\/en\/wp-json\/wp\/v2\/types\/product"}],"wp:featuredmedia":[{"embeddable":true,"href":"https:\/\/masterchem.lv\/en\/wp-json\/wp\/v2\/media\/6804"}],"wp:attachment":[{"href":"https:\/\/masterchem.lv\/en\/wp-json\/wp\/v2\/media?parent=6320"}],"wp:term":[{"taxonomy":"product_brand","embeddable":true,"href":"https:\/\/masterchem.lv\/en\/wp-json\/wp\/v2\/product_brand?post=6320"},{"taxonomy":"product_cat","embeddable":true,"href":"https:\/\/masterchem.lv\/en\/wp-json\/wp\/v2\/product_cat?post=6320"},{"taxonomy":"product_tag","embeddable":true,"href":"https:\/\/masterchem.lv\/en\/wp-json\/wp\/v2\/product_tag?post=6320"}],"curies":[{"name":"wp","href":"https:\/\/api.w.org\/{rel}","templated":true}]}}