{"id":6321,"date":"2023-03-08T07:46:48","date_gmt":"2023-03-08T07:46:48","guid":{"rendered":"https:\/\/masterchem.lv\/?post_type=product&#038;p=6321"},"modified":"2024-01-10T10:53:44","modified_gmt":"2024-01-10T10:53:44","slug":"silica-gel-cas-7631-86-9","status":"publish","type":"product","link":"https:\/\/masterchem.lv\/en\/product\/silica-gel-cas-7631-86-9\/","title":{"rendered":"Silica gel (CAS 7631-86-9)"},"content":{"rendered":"<p style=\"text-align: justify;\">Silica xerogel is tough and hard; it is more solid than common household\u00a0<a title=\"Gel\" href=\"https:\/\/en.wikipedia.org\/wiki\/Gel\">gels<\/a>\u00a0like\u00a0<a title=\"Gelatin\" href=\"https:\/\/en.wikipedia.org\/wiki\/Gelatin\">gelatin<\/a>\u00a0or\u00a0<a title=\"Agar\" href=\"https:\/\/en.wikipedia.org\/wiki\/Agar\">agar<\/a>. It is a naturally occurring mineral that is purified and processed into either granular or beaded form. As a\u00a0<a title=\"Desiccant\" href=\"https:\/\/en.wikipedia.org\/wiki\/Desiccant\">desiccant<\/a>, it has an average pore size of 2.4 nanometers and has a strong affinity for water molecules.<\/p>\n<p style=\"text-align: justify;\">Silica gel is most commonly encountered in everyday life as beads in a small (typically\u00a0<span class=\"nowrap\">2 x 3 cm)<\/span>\u00a0paper packet. In this form, it is used as a\u00a0<a title=\"Desiccant\" href=\"https:\/\/en.wikipedia.org\/wiki\/Desiccant\">desiccant<\/a>\u00a0to control local\u00a0<a title=\"Humidity\" href=\"https:\/\/en.wikipedia.org\/wiki\/Humidity\">humidity<\/a>\u00a0to avoid\u00a0<a title=\"Decomposition\" href=\"https:\/\/en.wikipedia.org\/wiki\/Decomposition\">spoilage<\/a>\u00a0or degradation of some goods. Since such packets may resemble sachets of sugar or salt and because silica gel may have added toxic chemical indicators (<a href=\"https:\/\/en.wikipedia.org\/wiki\/Silica_gel#Humidity_indicator\">see below<\/a>), silica gel packets usually bear warnings for the user not to eat the contents.<\/p>\n","protected":false},"excerpt":{"rendered":"<p style=\"text-align: justify;\"><b>Silica gel<\/b>\u00a0is a\u00a0<a title=\"Granularity\" href=\"https:\/\/en.wikipedia.org\/wiki\/Granularity\">granular<\/a>,\u00a0<a class=\"mw-redirect\" title=\"Vitreous lustre\" href=\"https:\/\/en.wikipedia.org\/wiki\/Vitreous_lustre\">vitreous<\/a>,\u00a0<a title=\"Porosity\" href=\"https:\/\/en.wikipedia.org\/wiki\/Porosity\">porous<\/a>\u00a0form of\u00a0<a title=\"Silicon dioxide\" href=\"https:\/\/en.wikipedia.org\/wiki\/Silicon_dioxide\">silicon dioxide<\/a>\u00a0made synthetically from\u00a0<a title=\"Sodium silicate\" href=\"https:\/\/en.wikipedia.org\/wiki\/Sodium_silicate\">sodium silicate<\/a>. Silica gel contains a nano-porous silica micro-structure, suspended inside a liquid. Most applications of silica gel require it to be dried, in which case it is called silica xerogel. For practical purposes, silica gel is often interchangeable with silica xerogel.<\/p>\n<p style=\"text-align: justify;\">\n<p>CAS: 7631-86-9<\/p>\n","protected":false},"featured_media":6834,"template":"","meta":{"_monsterinsights_skip_tracking":false,"_monsterinsights_sitenote_active":false,"_monsterinsights_sitenote_note":"","_monsterinsights_sitenote_category":0},"product_brand":[],"product_cat":[167,88,170,92],"product_tag":[],"class_list":{"0":"post-6321","1":"product","2":"type-product","3":"status-publish","4":"has-post-thumbnail","6":"product_cat-all-goods","7":"product_cat-building-industry","8":"product_cat-car-and-machinery-chemicals","9":"product_cat-household-chemicals","11":"first","12":"instock","13":"taxable","14":"shipping-taxable","15":"purchasable","16":"product-type-variable","17":"has-default-attributes"},"yoast_head":"<!-- This site is optimized with the Yoast SEO plugin v27.4 - https:\/\/yoast.com\/product\/yoast-seo-wordpress\/ -->\n<title>Silica gel (CAS 7631-86-9) - \u0136\u012bmija r\u016bpniec\u012bbai &mdash; &Scaron;\u0137\u012bdin\u0101t\u0101ji un \u0137\u012bmisk\u0101s vielas &mdash; Masterchem.ee<\/title>\n<meta name=\"description\" content=\"Silica gel is a granular, vitreous, porous form of silicon dioxide made synthetically from sodium silicate. Silica gel contains a nano-porous silica micro-structure, suspended inside a liquid. Most applications of silica gel require it to be dried, in which case it is called silica xerogel. CAS 7631-86-9\" \/>\n<meta name=\"robots\" content=\"index, follow, max-snippet:-1, max-image-preview:large, max-video-preview:-1\" \/>\n<link rel=\"canonical\" href=\"https:\/\/masterchem.lv\/en\/product\/silica-gel-cas-7631-86-9\/\" \/>\n<meta property=\"og:locale\" content=\"en_US\" \/>\n<meta property=\"og:type\" content=\"article\" \/>\n<meta property=\"og:title\" content=\"Silica gel (CAS 7631-86-9) - \u0136\u012bmija r\u016bpniec\u012bbai &mdash; &Scaron;\u0137\u012bdin\u0101t\u0101ji un \u0137\u012bmisk\u0101s vielas &mdash; Masterchem.ee\" \/>\n<meta property=\"og:description\" content=\"Silica gel is a granular, vitreous, porous form of silicon dioxide made synthetically from sodium silicate. Silica gel contains a nano-porous silica micro-structure, suspended inside a liquid. Most applications of silica gel require it to be dried, in which case it is called silica xerogel. CAS 7631-86-9\" \/>\n<meta property=\"og:url\" content=\"https:\/\/masterchem.lv\/en\/product\/silica-gel-cas-7631-86-9\/\" \/>\n<meta property=\"og:site_name\" content=\"\u0136\u012bmija r\u016bpniec\u012bbai &mdash; &Scaron;\u0137\u012bdin\u0101t\u0101ji un \u0137\u012bmisk\u0101s vielas &mdash; Masterchem.ee\" \/>\n<meta property=\"article:modified_time\" content=\"2024-01-10T10:53:44+00:00\" \/>\n<meta property=\"og:image\" content=\"https:\/\/masterchem.lv\/wp-content\/uploads\/2023\/03\/Silica-Gel-1.jpg\" \/>\n\t<meta property=\"og:image:width\" content=\"423\" \/>\n\t<meta property=\"og:image:height\" content=\"423\" \/>\n\t<meta property=\"og:image:type\" content=\"image\/jpeg\" \/>\n<meta name=\"twitter:card\" content=\"summary_large_image\" \/>\n<meta name=\"twitter:label1\" content=\"Est. reading time\" \/>\n\t<meta name=\"twitter:data1\" content=\"1 minute\" \/>\n<script type=\"application\/ld+json\" class=\"yoast-schema-graph\">{\"@context\":\"https:\\\/\\\/schema.org\",\"@graph\":[{\"@type\":\"WebPage\",\"@id\":\"https:\\\/\\\/masterchem.lv\\\/en\\\/product\\\/silica-gel-cas-7631-86-9\\\/\",\"url\":\"https:\\\/\\\/masterchem.lv\\\/en\\\/product\\\/silica-gel-cas-7631-86-9\\\/\",\"name\":\"Silica gel (CAS 7631-86-9) - \u0136\u012bmija r\u016bpniec\u012bbai &mdash; &Scaron;\u0137\u012bdin\u0101t\u0101ji un \u0137\u012bmisk\u0101s vielas &mdash; Masterchem.ee\",\"isPartOf\":{\"@id\":\"https:\\\/\\\/masterchem.lv\\\/en\\\/#website\"},\"primaryImageOfPage\":{\"@id\":\"https:\\\/\\\/masterchem.lv\\\/en\\\/product\\\/silica-gel-cas-7631-86-9\\\/#primaryimage\"},\"image\":{\"@id\":\"https:\\\/\\\/masterchem.lv\\\/en\\\/product\\\/silica-gel-cas-7631-86-9\\\/#primaryimage\"},\"thumbnailUrl\":\"https:\\\/\\\/masterchem.lv\\\/wp-content\\\/uploads\\\/2023\\\/03\\\/Silica-Gel-1.jpg\",\"datePublished\":\"2023-03-08T07:46:48+00:00\",\"dateModified\":\"2024-01-10T10:53:44+00:00\",\"description\":\"Silica gel is a granular, vitreous, porous form of silicon dioxide made synthetically from sodium silicate. Silica gel contains a nano-porous silica micro-structure, suspended inside a liquid. Most applications of silica gel require it to be dried, in which case it is called silica xerogel. CAS 7631-86-9\",\"breadcrumb\":{\"@id\":\"https:\\\/\\\/masterchem.lv\\\/en\\\/product\\\/silica-gel-cas-7631-86-9\\\/#breadcrumb\"},\"inLanguage\":\"en-US\",\"potentialAction\":[{\"@type\":\"ReadAction\",\"target\":[\"https:\\\/\\\/masterchem.lv\\\/en\\\/product\\\/silica-gel-cas-7631-86-9\\\/\"]}]},{\"@type\":\"ImageObject\",\"inLanguage\":\"en-US\",\"@id\":\"https:\\\/\\\/masterchem.lv\\\/en\\\/product\\\/silica-gel-cas-7631-86-9\\\/#primaryimage\",\"url\":\"https:\\\/\\\/masterchem.lv\\\/wp-content\\\/uploads\\\/2023\\\/03\\\/Silica-Gel-1.jpg\",\"contentUrl\":\"https:\\\/\\\/masterchem.lv\\\/wp-content\\\/uploads\\\/2023\\\/03\\\/Silica-Gel-1.jpg\",\"width\":423,\"height\":423},{\"@type\":\"BreadcrumbList\",\"@id\":\"https:\\\/\\\/masterchem.lv\\\/en\\\/product\\\/silica-gel-cas-7631-86-9\\\/#breadcrumb\",\"itemListElement\":[{\"@type\":\"ListItem\",\"position\":1,\"name\":\"Home\",\"item\":\"https:\\\/\\\/masterchem.lv\\\/en\\\/\"},{\"@type\":\"ListItem\",\"position\":2,\"name\":\"Shop\",\"item\":\"https:\\\/\\\/masterchem.lv\\\/shop\\\/\"},{\"@type\":\"ListItem\",\"position\":3,\"name\":\"Silica gel (CAS 7631-86-9)\"}]},{\"@type\":\"WebSite\",\"@id\":\"https:\\\/\\\/masterchem.lv\\\/en\\\/#website\",\"url\":\"https:\\\/\\\/masterchem.lv\\\/en\\\/\",\"name\":\"\u0136\u012bmija r\u016bpniec\u012bbai &mdash; &Scaron;\u0137\u012bdin\u0101t\u0101ji un \u0137\u012bmisk\u0101s vielas &mdash; Masterchem.ee\",\"description\":\"\u0136\u012bmija r\u016bpniec\u012bbai&nbsp;&mdash; &scaron;\u0137\u012bdin\u0101t\u0101ji un \u0137\u012bmisk\u0101s vielas\",\"potentialAction\":[{\"@type\":\"SearchAction\",\"target\":{\"@type\":\"EntryPoint\",\"urlTemplate\":\"https:\\\/\\\/masterchem.lv\\\/en\\\/?s={search_term_string}\"},\"query-input\":{\"@type\":\"PropertyValueSpecification\",\"valueRequired\":true,\"valueName\":\"search_term_string\"}}],\"inLanguage\":\"en-US\"}]}<\/script>\n<!-- \/ Yoast SEO plugin. -->","yoast_head_json":{"title":"Silica gel (CAS 7631-86-9) - \u0136\u012bmija r\u016bpniec\u012bbai &mdash; &Scaron;\u0137\u012bdin\u0101t\u0101ji un \u0137\u012bmisk\u0101s vielas &mdash; Masterchem.ee","description":"Silica gel is a granular, vitreous, porous form of silicon dioxide made synthetically from sodium silicate. Silica gel contains a nano-porous silica micro-structure, suspended inside a liquid. Most applications of silica gel require it to be dried, in which case it is called silica xerogel. CAS 7631-86-9","robots":{"index":"index","follow":"follow","max-snippet":"max-snippet:-1","max-image-preview":"max-image-preview:large","max-video-preview":"max-video-preview:-1"},"canonical":"https:\/\/masterchem.lv\/en\/product\/silica-gel-cas-7631-86-9\/","og_locale":"en_US","og_type":"article","og_title":"Silica gel (CAS 7631-86-9) - \u0136\u012bmija r\u016bpniec\u012bbai &mdash; &Scaron;\u0137\u012bdin\u0101t\u0101ji un \u0137\u012bmisk\u0101s vielas &mdash; Masterchem.ee","og_description":"Silica gel is a granular, vitreous, porous form of silicon dioxide made synthetically from sodium silicate. Silica gel contains a nano-porous silica micro-structure, suspended inside a liquid. Most applications of silica gel require it to be dried, in which case it is called silica xerogel. CAS 7631-86-9","og_url":"https:\/\/masterchem.lv\/en\/product\/silica-gel-cas-7631-86-9\/","og_site_name":"\u0136\u012bmija r\u016bpniec\u012bbai &mdash; &Scaron;\u0137\u012bdin\u0101t\u0101ji un \u0137\u012bmisk\u0101s vielas &mdash; Masterchem.ee","article_modified_time":"2024-01-10T10:53:44+00:00","og_image":[{"width":423,"height":423,"url":"https:\/\/masterchem.lv\/wp-content\/uploads\/2023\/03\/Silica-Gel-1.jpg","type":"image\/jpeg"}],"twitter_card":"summary_large_image","twitter_misc":{"Est. reading time":"1 minute"},"schema":{"@context":"https:\/\/schema.org","@graph":[{"@type":"WebPage","@id":"https:\/\/masterchem.lv\/en\/product\/silica-gel-cas-7631-86-9\/","url":"https:\/\/masterchem.lv\/en\/product\/silica-gel-cas-7631-86-9\/","name":"Silica gel (CAS 7631-86-9) - \u0136\u012bmija r\u016bpniec\u012bbai &mdash; &Scaron;\u0137\u012bdin\u0101t\u0101ji un \u0137\u012bmisk\u0101s vielas &mdash; Masterchem.ee","isPartOf":{"@id":"https:\/\/masterchem.lv\/en\/#website"},"primaryImageOfPage":{"@id":"https:\/\/masterchem.lv\/en\/product\/silica-gel-cas-7631-86-9\/#primaryimage"},"image":{"@id":"https:\/\/masterchem.lv\/en\/product\/silica-gel-cas-7631-86-9\/#primaryimage"},"thumbnailUrl":"https:\/\/masterchem.lv\/wp-content\/uploads\/2023\/03\/Silica-Gel-1.jpg","datePublished":"2023-03-08T07:46:48+00:00","dateModified":"2024-01-10T10:53:44+00:00","description":"Silica gel is a granular, vitreous, porous form of silicon dioxide made synthetically from sodium silicate. Silica gel contains a nano-porous silica micro-structure, suspended inside a liquid. Most applications of silica gel require it to be dried, in which case it is called silica xerogel. CAS 7631-86-9","breadcrumb":{"@id":"https:\/\/masterchem.lv\/en\/product\/silica-gel-cas-7631-86-9\/#breadcrumb"},"inLanguage":"en-US","potentialAction":[{"@type":"ReadAction","target":["https:\/\/masterchem.lv\/en\/product\/silica-gel-cas-7631-86-9\/"]}]},{"@type":"ImageObject","inLanguage":"en-US","@id":"https:\/\/masterchem.lv\/en\/product\/silica-gel-cas-7631-86-9\/#primaryimage","url":"https:\/\/masterchem.lv\/wp-content\/uploads\/2023\/03\/Silica-Gel-1.jpg","contentUrl":"https:\/\/masterchem.lv\/wp-content\/uploads\/2023\/03\/Silica-Gel-1.jpg","width":423,"height":423},{"@type":"BreadcrumbList","@id":"https:\/\/masterchem.lv\/en\/product\/silica-gel-cas-7631-86-9\/#breadcrumb","itemListElement":[{"@type":"ListItem","position":1,"name":"Home","item":"https:\/\/masterchem.lv\/en\/"},{"@type":"ListItem","position":2,"name":"Shop","item":"https:\/\/masterchem.lv\/shop\/"},{"@type":"ListItem","position":3,"name":"Silica gel (CAS 7631-86-9)"}]},{"@type":"WebSite","@id":"https:\/\/masterchem.lv\/en\/#website","url":"https:\/\/masterchem.lv\/en\/","name":"\u0136\u012bmija r\u016bpniec\u012bbai &mdash; &Scaron;\u0137\u012bdin\u0101t\u0101ji un \u0137\u012bmisk\u0101s vielas &mdash; Masterchem.ee","description":"\u0136\u012bmija r\u016bpniec\u012bbai&nbsp;&mdash; &scaron;\u0137\u012bdin\u0101t\u0101ji un \u0137\u012bmisk\u0101s vielas","potentialAction":[{"@type":"SearchAction","target":{"@type":"EntryPoint","urlTemplate":"https:\/\/masterchem.lv\/en\/?s={search_term_string}"},"query-input":{"@type":"PropertyValueSpecification","valueRequired":true,"valueName":"search_term_string"}}],"inLanguage":"en-US"}]}},"_links":{"self":[{"href":"https:\/\/masterchem.lv\/en\/wp-json\/wp\/v2\/product\/6321","targetHints":{"allow":["GET"]}}],"collection":[{"href":"https:\/\/masterchem.lv\/en\/wp-json\/wp\/v2\/product"}],"about":[{"href":"https:\/\/masterchem.lv\/en\/wp-json\/wp\/v2\/types\/product"}],"wp:featuredmedia":[{"embeddable":true,"href":"https:\/\/masterchem.lv\/en\/wp-json\/wp\/v2\/media\/6834"}],"wp:attachment":[{"href":"https:\/\/masterchem.lv\/en\/wp-json\/wp\/v2\/media?parent=6321"}],"wp:term":[{"taxonomy":"product_brand","embeddable":true,"href":"https:\/\/masterchem.lv\/en\/wp-json\/wp\/v2\/product_brand?post=6321"},{"taxonomy":"product_cat","embeddable":true,"href":"https:\/\/masterchem.lv\/en\/wp-json\/wp\/v2\/product_cat?post=6321"},{"taxonomy":"product_tag","embeddable":true,"href":"https:\/\/masterchem.lv\/en\/wp-json\/wp\/v2\/product_tag?post=6321"}],"curies":[{"name":"wp","href":"https:\/\/api.w.org\/{rel}","templated":true}]}}