{"id":6324,"date":"2023-03-08T07:46:48","date_gmt":"2023-03-08T07:46:48","guid":{"rendered":"https:\/\/masterchem.lv\/?post_type=product&#038;p=6324"},"modified":"2023-04-06T09:10:41","modified_gmt":"2023-04-06T09:10:41","slug":"toluene-cas-108-88-3","status":"publish","type":"product","link":"https:\/\/masterchem.lv\/en\/product\/toluene-cas-108-88-3\/","title":{"rendered":"Toluene (CAS 108-88-3)"},"content":{"rendered":"<p style=\"text-align: justify;\">Toluene is mainly used as a precursor to benzene via\u00a0<a title=\"Benzene\" href=\"https:\/\/en.wikipedia.org\/wiki\/Benzene#Toluene_hydrodealkylation\">hydrodealkylation<\/a>:<\/p>\n<dl>\n<dd>C<sub>6<\/sub>H<sub>5<\/sub>CH<sub>3<\/sub>\u00a0+ H<sub>2<\/sub>\u00a0\u2192 C<sub>6<\/sub>H<sub>6<\/sub>\u00a0+ CH<sub>4<\/sub><\/dd>\n<\/dl>\n<p style=\"text-align: justify;\">The second ranked application involves its\u00a0<a title=\"Disproportionation\" href=\"https:\/\/en.wikipedia.org\/wiki\/Disproportionation\">disproportionation<\/a>\u00a0to a mixture of benzene and\u00a0<a title=\"Xylene\" href=\"https:\/\/en.wikipedia.org\/wiki\/Xylene\">xylene<\/a>. When oxidized it yields benzaldehyde and benzoic acid, two important intermediates. In addition to the synthesis of benzene and xylene, toluene is a feedstock for\u00a0<a title=\"Toluene diisocyanate\" href=\"https:\/\/en.wikipedia.org\/wiki\/Toluene_diisocyanate\">toluene diisocyanate<\/a>\u00a0(used in the manufacture of\u00a0<a title=\"Polyurethane\" href=\"https:\/\/en.wikipedia.org\/wiki\/Polyurethane\">polyurethane<\/a>\u00a0foam),\u00a0<a class=\"mw-redirect\" title=\"Trinitrotoluene\" href=\"https:\/\/en.wikipedia.org\/wiki\/Trinitrotoluene\">trinitrotoluene<\/a>\u00a0(the explosive, TNT), and a number of synthetic drugs.<\/p>\n","protected":false},"excerpt":{"rendered":"<p style=\"text-align: justify;\"><b>Other names: Phenyl methane, Toluol, Anisen, Methyl benzene<\/b><\/p>\n<p style=\"text-align: justify;\">Toluene, also known as\u00a0toluol, is an\u00a0<a title=\"Aromatic hydrocarbon\" href=\"https:\/\/en.wikipedia.org\/wiki\/Aromatic_hydrocarbon\">aromatic hydrocarbon<\/a>. It is a colorless,\u00a0<a class=\"mw-redirect\" title=\"Water (molecule)\" href=\"https:\/\/en.wikipedia.org\/wiki\/Water_(molecule)\">water<\/a>-insoluble liquid with the smell associated with\u00a0<a title=\"Paint thinner\" href=\"https:\/\/en.wikipedia.org\/wiki\/Paint_thinner\">paint thinners<\/a>. It is a mono-substituted\u00a0<a title=\"Benzene\" href=\"https:\/\/en.wikipedia.org\/wiki\/Benzene\">benzene<\/a>\u00a0derivative, consisting of a\u00a0<a title=\"Methyl group\" href=\"https:\/\/en.wikipedia.org\/wiki\/Methyl_group\">CH<sub>3<\/sub><\/a>\u00a0group attached to a\u00a0<a title=\"Phenyl group\" href=\"https:\/\/en.wikipedia.org\/wiki\/Phenyl_group\">phenyl group<\/a>. As such, its IUPAC systematic name is\u00a0methylbenzene. Toluene is predominantly used as an industrial\u00a0<a class=\"mw-redirect\" title=\"Feedstock\" href=\"https:\/\/en.wikipedia.org\/wiki\/Feedstock\">feedstock<\/a>\u00a0and a\u00a0<a title=\"Solvent\" href=\"https:\/\/en.wikipedia.org\/wiki\/Solvent\">solvent<\/a>.<\/p>\n<p style=\"text-align: justify;\">\n<p>CAS: 108-88-3<\/p>\n","protected":false},"featured_media":6888,"template":"","meta":{"_monsterinsights_skip_tracking":false,"_monsterinsights_sitenote_active":false,"_monsterinsights_sitenote_note":"","_monsterinsights_sitenote_category":0},"product_brand":[],"product_cat":[167,88,92,95,101,107,110,113],"product_tag":[],"class_list":{"0":"post-6324","1":"product","2":"type-product","3":"status-publish","4":"has-post-thumbnail","6":"product_cat-all-goods","7":"product_cat-building-industry","8":"product_cat-household-chemicals","9":"product_cat-metalworking-chemicals","10":"product_cat-pharmaceuticals","11":"product_cat-road-painting","12":"product_cat-typography-chemicals","13":"product_cat-woodworking-chemicals","15":"first","16":"instock","17":"taxable","18":"shipping-taxable","19":"purchasable","20":"product-type-variable"},"yoast_head":"<!-- This site is optimized with the Yoast SEO plugin v27.4 - https:\/\/yoast.com\/product\/yoast-seo-wordpress\/ -->\n<title>Toluene (CAS 108-88-3) - \u0136\u012bmija r\u016bpniec\u012bbai &mdash; &Scaron;\u0137\u012bdin\u0101t\u0101ji un \u0137\u012bmisk\u0101s vielas &mdash; Masterchem.ee<\/title>\n<meta name=\"description\" content=\"Toluene, also known as toluol, is an aromatic hydrocarbon. It is a colorless, water-insoluble liquid with the smell associated with paint thinners. It is a mono-substituted benzene derivative, consisting of a CH3 group attached to a phenyl group. CAS 108-88-3\" \/>\n<meta name=\"robots\" content=\"index, follow, max-snippet:-1, max-image-preview:large, max-video-preview:-1\" \/>\n<link rel=\"canonical\" href=\"https:\/\/masterchem.lv\/en\/product\/toluene-cas-108-88-3\/\" \/>\n<meta property=\"og:locale\" content=\"en_US\" \/>\n<meta property=\"og:type\" content=\"article\" \/>\n<meta property=\"og:title\" content=\"Toluene (CAS 108-88-3) - \u0136\u012bmija r\u016bpniec\u012bbai &mdash; &Scaron;\u0137\u012bdin\u0101t\u0101ji un \u0137\u012bmisk\u0101s vielas &mdash; Masterchem.ee\" \/>\n<meta property=\"og:description\" content=\"Toluene, also known as toluol, is an aromatic hydrocarbon. It is a colorless, water-insoluble liquid with the smell associated with paint thinners. It is a mono-substituted benzene derivative, consisting of a CH3 group attached to a phenyl group. CAS 108-88-3\" \/>\n<meta property=\"og:url\" content=\"https:\/\/masterchem.lv\/en\/product\/toluene-cas-108-88-3\/\" \/>\n<meta property=\"og:site_name\" content=\"\u0136\u012bmija r\u016bpniec\u012bbai &mdash; &Scaron;\u0137\u012bdin\u0101t\u0101ji un \u0137\u012bmisk\u0101s vielas &mdash; Masterchem.ee\" \/>\n<meta property=\"article:modified_time\" content=\"2023-04-06T09:10:41+00:00\" \/>\n<meta property=\"og:image\" content=\"https:\/\/masterchem.lv\/wp-content\/uploads\/2023\/03\/TOLUENE-1000l-MaterChem-1.jpg\" \/>\n\t<meta property=\"og:image:width\" content=\"1000\" \/>\n\t<meta property=\"og:image:height\" content=\"1000\" \/>\n\t<meta property=\"og:image:type\" content=\"image\/jpeg\" \/>\n<meta name=\"twitter:card\" content=\"summary_large_image\" \/>\n<meta name=\"twitter:label1\" content=\"Est. reading time\" \/>\n\t<meta name=\"twitter:data1\" content=\"1 minute\" \/>\n<script type=\"application\/ld+json\" class=\"yoast-schema-graph\">{\"@context\":\"https:\\\/\\\/schema.org\",\"@graph\":[{\"@type\":\"WebPage\",\"@id\":\"https:\\\/\\\/masterchem.lv\\\/en\\\/product\\\/toluene-cas-108-88-3\\\/\",\"url\":\"https:\\\/\\\/masterchem.lv\\\/en\\\/product\\\/toluene-cas-108-88-3\\\/\",\"name\":\"Toluene (CAS 108-88-3) - \u0136\u012bmija r\u016bpniec\u012bbai &mdash; &Scaron;\u0137\u012bdin\u0101t\u0101ji un \u0137\u012bmisk\u0101s vielas &mdash; Masterchem.ee\",\"isPartOf\":{\"@id\":\"https:\\\/\\\/masterchem.lv\\\/en\\\/#website\"},\"primaryImageOfPage\":{\"@id\":\"https:\\\/\\\/masterchem.lv\\\/en\\\/product\\\/toluene-cas-108-88-3\\\/#primaryimage\"},\"image\":{\"@id\":\"https:\\\/\\\/masterchem.lv\\\/en\\\/product\\\/toluene-cas-108-88-3\\\/#primaryimage\"},\"thumbnailUrl\":\"https:\\\/\\\/masterchem.lv\\\/wp-content\\\/uploads\\\/2023\\\/03\\\/TOLUENE-1000l-MaterChem-1.jpg\",\"datePublished\":\"2023-03-08T07:46:48+00:00\",\"dateModified\":\"2023-04-06T09:10:41+00:00\",\"description\":\"Toluene, also known as toluol, is an aromatic hydrocarbon. It is a colorless, water-insoluble liquid with the smell associated with paint thinners. It is a mono-substituted benzene derivative, consisting of a CH3 group attached to a phenyl group. CAS 108-88-3\",\"breadcrumb\":{\"@id\":\"https:\\\/\\\/masterchem.lv\\\/en\\\/product\\\/toluene-cas-108-88-3\\\/#breadcrumb\"},\"inLanguage\":\"en-US\",\"potentialAction\":[{\"@type\":\"ReadAction\",\"target\":[\"https:\\\/\\\/masterchem.lv\\\/en\\\/product\\\/toluene-cas-108-88-3\\\/\"]}]},{\"@type\":\"ImageObject\",\"inLanguage\":\"en-US\",\"@id\":\"https:\\\/\\\/masterchem.lv\\\/en\\\/product\\\/toluene-cas-108-88-3\\\/#primaryimage\",\"url\":\"https:\\\/\\\/masterchem.lv\\\/wp-content\\\/uploads\\\/2023\\\/03\\\/TOLUENE-1000l-MaterChem-1.jpg\",\"contentUrl\":\"https:\\\/\\\/masterchem.lv\\\/wp-content\\\/uploads\\\/2023\\\/03\\\/TOLUENE-1000l-MaterChem-1.jpg\",\"width\":1000,\"height\":1000},{\"@type\":\"BreadcrumbList\",\"@id\":\"https:\\\/\\\/masterchem.lv\\\/en\\\/product\\\/toluene-cas-108-88-3\\\/#breadcrumb\",\"itemListElement\":[{\"@type\":\"ListItem\",\"position\":1,\"name\":\"Home\",\"item\":\"https:\\\/\\\/masterchem.lv\\\/en\\\/\"},{\"@type\":\"ListItem\",\"position\":2,\"name\":\"Shop\",\"item\":\"https:\\\/\\\/masterchem.lv\\\/shop\\\/\"},{\"@type\":\"ListItem\",\"position\":3,\"name\":\"Toluene (CAS 108-88-3)\"}]},{\"@type\":\"WebSite\",\"@id\":\"https:\\\/\\\/masterchem.lv\\\/en\\\/#website\",\"url\":\"https:\\\/\\\/masterchem.lv\\\/en\\\/\",\"name\":\"\u0136\u012bmija r\u016bpniec\u012bbai &mdash; &Scaron;\u0137\u012bdin\u0101t\u0101ji un \u0137\u012bmisk\u0101s vielas &mdash; Masterchem.ee\",\"description\":\"\u0136\u012bmija r\u016bpniec\u012bbai&nbsp;&mdash; &scaron;\u0137\u012bdin\u0101t\u0101ji un \u0137\u012bmisk\u0101s vielas\",\"potentialAction\":[{\"@type\":\"SearchAction\",\"target\":{\"@type\":\"EntryPoint\",\"urlTemplate\":\"https:\\\/\\\/masterchem.lv\\\/en\\\/?s={search_term_string}\"},\"query-input\":{\"@type\":\"PropertyValueSpecification\",\"valueRequired\":true,\"valueName\":\"search_term_string\"}}],\"inLanguage\":\"en-US\"}]}<\/script>\n<!-- \/ Yoast SEO plugin. -->","yoast_head_json":{"title":"Toluene (CAS 108-88-3) - \u0136\u012bmija r\u016bpniec\u012bbai &mdash; &Scaron;\u0137\u012bdin\u0101t\u0101ji un \u0137\u012bmisk\u0101s vielas &mdash; Masterchem.ee","description":"Toluene, also known as toluol, is an aromatic hydrocarbon. It is a colorless, water-insoluble liquid with the smell associated with paint thinners. It is a mono-substituted benzene derivative, consisting of a CH3 group attached to a phenyl group. CAS 108-88-3","robots":{"index":"index","follow":"follow","max-snippet":"max-snippet:-1","max-image-preview":"max-image-preview:large","max-video-preview":"max-video-preview:-1"},"canonical":"https:\/\/masterchem.lv\/en\/product\/toluene-cas-108-88-3\/","og_locale":"en_US","og_type":"article","og_title":"Toluene (CAS 108-88-3) - \u0136\u012bmija r\u016bpniec\u012bbai &mdash; &Scaron;\u0137\u012bdin\u0101t\u0101ji un \u0137\u012bmisk\u0101s vielas &mdash; Masterchem.ee","og_description":"Toluene, also known as toluol, is an aromatic hydrocarbon. It is a colorless, water-insoluble liquid with the smell associated with paint thinners. It is a mono-substituted benzene derivative, consisting of a CH3 group attached to a phenyl group. CAS 108-88-3","og_url":"https:\/\/masterchem.lv\/en\/product\/toluene-cas-108-88-3\/","og_site_name":"\u0136\u012bmija r\u016bpniec\u012bbai &mdash; &Scaron;\u0137\u012bdin\u0101t\u0101ji un \u0137\u012bmisk\u0101s vielas &mdash; Masterchem.ee","article_modified_time":"2023-04-06T09:10:41+00:00","og_image":[{"width":1000,"height":1000,"url":"https:\/\/masterchem.lv\/wp-content\/uploads\/2023\/03\/TOLUENE-1000l-MaterChem-1.jpg","type":"image\/jpeg"}],"twitter_card":"summary_large_image","twitter_misc":{"Est. reading time":"1 minute"},"schema":{"@context":"https:\/\/schema.org","@graph":[{"@type":"WebPage","@id":"https:\/\/masterchem.lv\/en\/product\/toluene-cas-108-88-3\/","url":"https:\/\/masterchem.lv\/en\/product\/toluene-cas-108-88-3\/","name":"Toluene (CAS 108-88-3) - \u0136\u012bmija r\u016bpniec\u012bbai &mdash; &Scaron;\u0137\u012bdin\u0101t\u0101ji un \u0137\u012bmisk\u0101s vielas &mdash; Masterchem.ee","isPartOf":{"@id":"https:\/\/masterchem.lv\/en\/#website"},"primaryImageOfPage":{"@id":"https:\/\/masterchem.lv\/en\/product\/toluene-cas-108-88-3\/#primaryimage"},"image":{"@id":"https:\/\/masterchem.lv\/en\/product\/toluene-cas-108-88-3\/#primaryimage"},"thumbnailUrl":"https:\/\/masterchem.lv\/wp-content\/uploads\/2023\/03\/TOLUENE-1000l-MaterChem-1.jpg","datePublished":"2023-03-08T07:46:48+00:00","dateModified":"2023-04-06T09:10:41+00:00","description":"Toluene, also known as toluol, is an aromatic hydrocarbon. It is a colorless, water-insoluble liquid with the smell associated with paint thinners. It is a mono-substituted benzene derivative, consisting of a CH3 group attached to a phenyl group. CAS 108-88-3","breadcrumb":{"@id":"https:\/\/masterchem.lv\/en\/product\/toluene-cas-108-88-3\/#breadcrumb"},"inLanguage":"en-US","potentialAction":[{"@type":"ReadAction","target":["https:\/\/masterchem.lv\/en\/product\/toluene-cas-108-88-3\/"]}]},{"@type":"ImageObject","inLanguage":"en-US","@id":"https:\/\/masterchem.lv\/en\/product\/toluene-cas-108-88-3\/#primaryimage","url":"https:\/\/masterchem.lv\/wp-content\/uploads\/2023\/03\/TOLUENE-1000l-MaterChem-1.jpg","contentUrl":"https:\/\/masterchem.lv\/wp-content\/uploads\/2023\/03\/TOLUENE-1000l-MaterChem-1.jpg","width":1000,"height":1000},{"@type":"BreadcrumbList","@id":"https:\/\/masterchem.lv\/en\/product\/toluene-cas-108-88-3\/#breadcrumb","itemListElement":[{"@type":"ListItem","position":1,"name":"Home","item":"https:\/\/masterchem.lv\/en\/"},{"@type":"ListItem","position":2,"name":"Shop","item":"https:\/\/masterchem.lv\/shop\/"},{"@type":"ListItem","position":3,"name":"Toluene (CAS 108-88-3)"}]},{"@type":"WebSite","@id":"https:\/\/masterchem.lv\/en\/#website","url":"https:\/\/masterchem.lv\/en\/","name":"\u0136\u012bmija r\u016bpniec\u012bbai &mdash; &Scaron;\u0137\u012bdin\u0101t\u0101ji un \u0137\u012bmisk\u0101s vielas &mdash; Masterchem.ee","description":"\u0136\u012bmija r\u016bpniec\u012bbai&nbsp;&mdash; &scaron;\u0137\u012bdin\u0101t\u0101ji un \u0137\u012bmisk\u0101s vielas","potentialAction":[{"@type":"SearchAction","target":{"@type":"EntryPoint","urlTemplate":"https:\/\/masterchem.lv\/en\/?s={search_term_string}"},"query-input":{"@type":"PropertyValueSpecification","valueRequired":true,"valueName":"search_term_string"}}],"inLanguage":"en-US"}]}},"_links":{"self":[{"href":"https:\/\/masterchem.lv\/en\/wp-json\/wp\/v2\/product\/6324","targetHints":{"allow":["GET"]}}],"collection":[{"href":"https:\/\/masterchem.lv\/en\/wp-json\/wp\/v2\/product"}],"about":[{"href":"https:\/\/masterchem.lv\/en\/wp-json\/wp\/v2\/types\/product"}],"wp:featuredmedia":[{"embeddable":true,"href":"https:\/\/masterchem.lv\/en\/wp-json\/wp\/v2\/media\/6888"}],"wp:attachment":[{"href":"https:\/\/masterchem.lv\/en\/wp-json\/wp\/v2\/media?parent=6324"}],"wp:term":[{"taxonomy":"product_brand","embeddable":true,"href":"https:\/\/masterchem.lv\/en\/wp-json\/wp\/v2\/product_brand?post=6324"},{"taxonomy":"product_cat","embeddable":true,"href":"https:\/\/masterchem.lv\/en\/wp-json\/wp\/v2\/product_cat?post=6324"},{"taxonomy":"product_tag","embeddable":true,"href":"https:\/\/masterchem.lv\/en\/wp-json\/wp\/v2\/product_tag?post=6324"}],"curies":[{"name":"wp","href":"https:\/\/api.w.org\/{rel}","templated":true}]}}