{"id":6435,"date":"2023-03-08T07:47:12","date_gmt":"2023-03-08T07:47:12","guid":{"rendered":"https:\/\/masterchem.lv\/?post_type=product&#038;p=6435"},"modified":"2023-04-06T09:13:43","modified_gmt":"2023-04-06T09:13:43","slug":"trichloroethylene-cas-79-01-6","status":"publish","type":"product","link":"https:\/\/masterchem.lv\/en\/product\/trichloroethylene-cas-79-01-6\/","title":{"rendered":"Trichloroethylene (CAS 79-01-6)"},"content":{"rendered":"<p style=\"text-align: justify;\">Trichloroethylene is an effective\u00a0<a title=\"Solvent\" href=\"https:\/\/en.wikipedia.org\/wiki\/Solvent\">solvent<\/a>\u00a0for a variety of\u00a0<a title=\"Organic chemistry\" href=\"https:\/\/en.wikipedia.org\/wiki\/Organic_chemistry\">organic<\/a>\u00a0materials.<\/p>\n<p style=\"text-align: justify;\">When it was first widely produced in the 1920s, trichloroethylene&#8217;s major use was to extract\u00a0<a title=\"Vegetable oil\" href=\"https:\/\/en.wikipedia.org\/wiki\/Vegetable_oil\">vegetable oils<\/a>\u00a0from plant materials such as\u00a0<a class=\"mw-redirect\" title=\"Soy\" href=\"https:\/\/en.wikipedia.org\/wiki\/Soy\">soy<\/a>,\u00a0<a title=\"Coconut\" href=\"https:\/\/en.wikipedia.org\/wiki\/Coconut\">coconut<\/a>, and\u00a0<a class=\"mw-redirect\" title=\"Palm tree\" href=\"https:\/\/en.wikipedia.org\/wiki\/Palm_tree\">palm<\/a>. Other uses in the food industry included\u00a0<a title=\"Coffee\" href=\"https:\/\/en.wikipedia.org\/wiki\/Coffee\">coffee<\/a>\u00a0<a title=\"Decaffeination\" href=\"https:\/\/en.wikipedia.org\/wiki\/Decaffeination\">decaffeination<\/a>\u00a0and the preparation of flavoring extracts from\u00a0<a title=\"Hops\" href=\"https:\/\/en.wikipedia.org\/wiki\/Hops\">hops<\/a>\u00a0and\u00a0<a title=\"Spice\" href=\"https:\/\/en.wikipedia.org\/wiki\/Spice\">spices<\/a>. It has also been used for drying out the last bit of water for production of 100% ethanol.<\/p>\n","protected":false},"excerpt":{"rendered":"<p style=\"text-align: justify;\"><strong>Other names: 1,1,2-Trichloroethene, 1,1-Dichloro-2-Chloroethylene, 1-Chloro-2,2-Dichloroethylene, Acetylene Trichloride, TCE, Trethylene, Triclene, Tri, Trimar, Trilene, HCC-1120<\/strong><\/p>\n<p style=\"text-align: justify;\">The\u00a0<a title=\"Chemical compound\" href=\"https:\/\/en.wikipedia.org\/wiki\/Chemical_compound\">chemical compound<\/a>\u00a0trichloroethylene\u00a0is a\u00a0<a title=\"Halocarbon\" href=\"https:\/\/en.wikipedia.org\/wiki\/Halocarbon\">halocarbon<\/a>\u00a0commonly used as an industrial\u00a0<a title=\"Solvent\" href=\"https:\/\/en.wikipedia.org\/wiki\/Solvent\">solvent<\/a>. It is a clear non-flammable liquid with a sweet smell. It should not be confused with the similar 1,1,1-trichloroethane, which is commonly known as\u00a0<a class=\"mw-redirect\" title=\"Chlorothene\" href=\"https:\/\/en.wikipedia.org\/wiki\/Chlorothene\">chlorothene<\/a>.<\/p>\n<p style=\"text-align: justify;\">The\u00a0<a title=\"International Union of Pure and Applied Chemistry\" href=\"https:\/\/en.wikipedia.org\/wiki\/International_Union_of_Pure_and_Applied_Chemistry\">IUPAC<\/a>\u00a0name is\u00a0trichloroethene. Industrial abbreviations include\u00a0TCE,\u00a0trichlor,\u00a0Trike,\u00a0Tricky\u00a0and\u00a0tri. It has been sold under a variety of trade names. Under the trade names\u00a0Trimar\u00a0and\u00a0Trilene, trichloroethylene was used as a volatile\u00a0<a title=\"Anesthetic\" href=\"https:\/\/en.wikipedia.org\/wiki\/Anesthetic\">anesthetic<\/a>\u00a0and as an inhaled obstetrical\u00a0<a title=\"Analgesic\" href=\"https:\/\/en.wikipedia.org\/wiki\/Analgesic\">analgesic<\/a>\u00a0in millions of patients.<\/p>\n<p>CAS: 79-01-6<\/p>\n","protected":false},"featured_media":6920,"template":"","meta":{"_monsterinsights_skip_tracking":false,"_monsterinsights_sitenote_active":false,"_monsterinsights_sitenote_note":"","_monsterinsights_sitenote_category":0},"product_brand":[],"product_cat":[167,88,92,95,110,113],"product_tag":[],"class_list":{"0":"post-6435","1":"product","2":"type-product","3":"status-publish","4":"has-post-thumbnail","6":"product_cat-all-goods","7":"product_cat-building-industry","8":"product_cat-household-chemicals","9":"product_cat-metalworking-chemicals","10":"product_cat-typography-chemicals","11":"product_cat-woodworking-chemicals","13":"first","14":"instock","15":"taxable","16":"shipping-taxable","17":"purchasable","18":"product-type-variable","19":"has-default-attributes"},"yoast_head":"<!-- This site is optimized with the Yoast SEO plugin v27.4 - https:\/\/yoast.com\/product\/yoast-seo-wordpress\/ -->\n<title>Trichloroethylene (CAS 79-01-6) - \u0136\u012bmija r\u016bpniec\u012bbai &mdash; &Scaron;\u0137\u012bdin\u0101t\u0101ji un \u0137\u012bmisk\u0101s vielas &mdash; Masterchem.ee<\/title>\n<meta name=\"description\" content=\"The chemical compound trichloroethylene is a halocarbon commonly used as an industrial solvent. It is a clear non-flammable liquid with a sweet smell. CAS 79-01-6\" \/>\n<meta name=\"robots\" content=\"index, follow, max-snippet:-1, max-image-preview:large, max-video-preview:-1\" \/>\n<link rel=\"canonical\" href=\"https:\/\/masterchem.lv\/en\/product\/trichloroethylene-cas-79-01-6\/\" \/>\n<meta property=\"og:locale\" content=\"en_US\" \/>\n<meta property=\"og:type\" content=\"article\" \/>\n<meta property=\"og:title\" content=\"Trichloroethylene (CAS 79-01-6) - \u0136\u012bmija r\u016bpniec\u012bbai &mdash; &Scaron;\u0137\u012bdin\u0101t\u0101ji un \u0137\u012bmisk\u0101s vielas &mdash; Masterchem.ee\" \/>\n<meta property=\"og:description\" content=\"The chemical compound trichloroethylene is a halocarbon commonly used as an industrial solvent. It is a clear non-flammable liquid with a sweet smell. CAS 79-01-6\" \/>\n<meta property=\"og:url\" content=\"https:\/\/masterchem.lv\/en\/product\/trichloroethylene-cas-79-01-6\/\" \/>\n<meta property=\"og:site_name\" content=\"\u0136\u012bmija r\u016bpniec\u012bbai &mdash; &Scaron;\u0137\u012bdin\u0101t\u0101ji un \u0137\u012bmisk\u0101s vielas &mdash; Masterchem.ee\" \/>\n<meta property=\"article:modified_time\" content=\"2023-04-06T09:13:43+00:00\" \/>\n<meta property=\"og:image\" content=\"https:\/\/masterchem.lv\/wp-content\/uploads\/2023\/03\/TRICHLOROETHYLENE-1000l-MasterChem-1.jpg\" \/>\n\t<meta property=\"og:image:width\" content=\"1000\" \/>\n\t<meta property=\"og:image:height\" content=\"1000\" \/>\n\t<meta property=\"og:image:type\" content=\"image\/jpeg\" \/>\n<meta name=\"twitter:card\" content=\"summary_large_image\" \/>\n<meta name=\"twitter:label1\" content=\"Est. reading time\" \/>\n\t<meta name=\"twitter:data1\" content=\"1 minute\" \/>\n<script type=\"application\/ld+json\" class=\"yoast-schema-graph\">{\"@context\":\"https:\\\/\\\/schema.org\",\"@graph\":[{\"@type\":\"WebPage\",\"@id\":\"https:\\\/\\\/masterchem.lv\\\/en\\\/product\\\/trichloroethylene-cas-79-01-6\\\/\",\"url\":\"https:\\\/\\\/masterchem.lv\\\/en\\\/product\\\/trichloroethylene-cas-79-01-6\\\/\",\"name\":\"Trichloroethylene (CAS 79-01-6) - \u0136\u012bmija r\u016bpniec\u012bbai &mdash; &Scaron;\u0137\u012bdin\u0101t\u0101ji un \u0137\u012bmisk\u0101s vielas &mdash; Masterchem.ee\",\"isPartOf\":{\"@id\":\"https:\\\/\\\/masterchem.lv\\\/en\\\/#website\"},\"primaryImageOfPage\":{\"@id\":\"https:\\\/\\\/masterchem.lv\\\/en\\\/product\\\/trichloroethylene-cas-79-01-6\\\/#primaryimage\"},\"image\":{\"@id\":\"https:\\\/\\\/masterchem.lv\\\/en\\\/product\\\/trichloroethylene-cas-79-01-6\\\/#primaryimage\"},\"thumbnailUrl\":\"https:\\\/\\\/masterchem.lv\\\/wp-content\\\/uploads\\\/2023\\\/03\\\/TRICHLOROETHYLENE-1000l-MasterChem-1.jpg\",\"datePublished\":\"2023-03-08T07:47:12+00:00\",\"dateModified\":\"2023-04-06T09:13:43+00:00\",\"description\":\"The chemical compound trichloroethylene is a halocarbon commonly used as an industrial solvent. It is a clear non-flammable liquid with a sweet smell. CAS 79-01-6\",\"breadcrumb\":{\"@id\":\"https:\\\/\\\/masterchem.lv\\\/en\\\/product\\\/trichloroethylene-cas-79-01-6\\\/#breadcrumb\"},\"inLanguage\":\"en-US\",\"potentialAction\":[{\"@type\":\"ReadAction\",\"target\":[\"https:\\\/\\\/masterchem.lv\\\/en\\\/product\\\/trichloroethylene-cas-79-01-6\\\/\"]}]},{\"@type\":\"ImageObject\",\"inLanguage\":\"en-US\",\"@id\":\"https:\\\/\\\/masterchem.lv\\\/en\\\/product\\\/trichloroethylene-cas-79-01-6\\\/#primaryimage\",\"url\":\"https:\\\/\\\/masterchem.lv\\\/wp-content\\\/uploads\\\/2023\\\/03\\\/TRICHLOROETHYLENE-1000l-MasterChem-1.jpg\",\"contentUrl\":\"https:\\\/\\\/masterchem.lv\\\/wp-content\\\/uploads\\\/2023\\\/03\\\/TRICHLOROETHYLENE-1000l-MasterChem-1.jpg\",\"width\":1000,\"height\":1000},{\"@type\":\"BreadcrumbList\",\"@id\":\"https:\\\/\\\/masterchem.lv\\\/en\\\/product\\\/trichloroethylene-cas-79-01-6\\\/#breadcrumb\",\"itemListElement\":[{\"@type\":\"ListItem\",\"position\":1,\"name\":\"Home\",\"item\":\"https:\\\/\\\/masterchem.lv\\\/en\\\/\"},{\"@type\":\"ListItem\",\"position\":2,\"name\":\"Shop\",\"item\":\"https:\\\/\\\/masterchem.lv\\\/shop\\\/\"},{\"@type\":\"ListItem\",\"position\":3,\"name\":\"Trichloroethylene (CAS 79-01-6)\"}]},{\"@type\":\"WebSite\",\"@id\":\"https:\\\/\\\/masterchem.lv\\\/en\\\/#website\",\"url\":\"https:\\\/\\\/masterchem.lv\\\/en\\\/\",\"name\":\"\u0136\u012bmija r\u016bpniec\u012bbai &mdash; &Scaron;\u0137\u012bdin\u0101t\u0101ji un \u0137\u012bmisk\u0101s vielas &mdash; Masterchem.ee\",\"description\":\"\u0136\u012bmija r\u016bpniec\u012bbai&nbsp;&mdash; &scaron;\u0137\u012bdin\u0101t\u0101ji un \u0137\u012bmisk\u0101s vielas\",\"potentialAction\":[{\"@type\":\"SearchAction\",\"target\":{\"@type\":\"EntryPoint\",\"urlTemplate\":\"https:\\\/\\\/masterchem.lv\\\/en\\\/?s={search_term_string}\"},\"query-input\":{\"@type\":\"PropertyValueSpecification\",\"valueRequired\":true,\"valueName\":\"search_term_string\"}}],\"inLanguage\":\"en-US\"}]}<\/script>\n<!-- \/ Yoast SEO plugin. -->","yoast_head_json":{"title":"Trichloroethylene (CAS 79-01-6) - \u0136\u012bmija r\u016bpniec\u012bbai &mdash; &Scaron;\u0137\u012bdin\u0101t\u0101ji un \u0137\u012bmisk\u0101s vielas &mdash; Masterchem.ee","description":"The chemical compound trichloroethylene is a halocarbon commonly used as an industrial solvent. It is a clear non-flammable liquid with a sweet smell. CAS 79-01-6","robots":{"index":"index","follow":"follow","max-snippet":"max-snippet:-1","max-image-preview":"max-image-preview:large","max-video-preview":"max-video-preview:-1"},"canonical":"https:\/\/masterchem.lv\/en\/product\/trichloroethylene-cas-79-01-6\/","og_locale":"en_US","og_type":"article","og_title":"Trichloroethylene (CAS 79-01-6) - \u0136\u012bmija r\u016bpniec\u012bbai &mdash; &Scaron;\u0137\u012bdin\u0101t\u0101ji un \u0137\u012bmisk\u0101s vielas &mdash; Masterchem.ee","og_description":"The chemical compound trichloroethylene is a halocarbon commonly used as an industrial solvent. It is a clear non-flammable liquid with a sweet smell. CAS 79-01-6","og_url":"https:\/\/masterchem.lv\/en\/product\/trichloroethylene-cas-79-01-6\/","og_site_name":"\u0136\u012bmija r\u016bpniec\u012bbai &mdash; &Scaron;\u0137\u012bdin\u0101t\u0101ji un \u0137\u012bmisk\u0101s vielas &mdash; Masterchem.ee","article_modified_time":"2023-04-06T09:13:43+00:00","og_image":[{"width":1000,"height":1000,"url":"https:\/\/masterchem.lv\/wp-content\/uploads\/2023\/03\/TRICHLOROETHYLENE-1000l-MasterChem-1.jpg","type":"image\/jpeg"}],"twitter_card":"summary_large_image","twitter_misc":{"Est. reading time":"1 minute"},"schema":{"@context":"https:\/\/schema.org","@graph":[{"@type":"WebPage","@id":"https:\/\/masterchem.lv\/en\/product\/trichloroethylene-cas-79-01-6\/","url":"https:\/\/masterchem.lv\/en\/product\/trichloroethylene-cas-79-01-6\/","name":"Trichloroethylene (CAS 79-01-6) - \u0136\u012bmija r\u016bpniec\u012bbai &mdash; &Scaron;\u0137\u012bdin\u0101t\u0101ji un \u0137\u012bmisk\u0101s vielas &mdash; Masterchem.ee","isPartOf":{"@id":"https:\/\/masterchem.lv\/en\/#website"},"primaryImageOfPage":{"@id":"https:\/\/masterchem.lv\/en\/product\/trichloroethylene-cas-79-01-6\/#primaryimage"},"image":{"@id":"https:\/\/masterchem.lv\/en\/product\/trichloroethylene-cas-79-01-6\/#primaryimage"},"thumbnailUrl":"https:\/\/masterchem.lv\/wp-content\/uploads\/2023\/03\/TRICHLOROETHYLENE-1000l-MasterChem-1.jpg","datePublished":"2023-03-08T07:47:12+00:00","dateModified":"2023-04-06T09:13:43+00:00","description":"The chemical compound trichloroethylene is a halocarbon commonly used as an industrial solvent. It is a clear non-flammable liquid with a sweet smell. CAS 79-01-6","breadcrumb":{"@id":"https:\/\/masterchem.lv\/en\/product\/trichloroethylene-cas-79-01-6\/#breadcrumb"},"inLanguage":"en-US","potentialAction":[{"@type":"ReadAction","target":["https:\/\/masterchem.lv\/en\/product\/trichloroethylene-cas-79-01-6\/"]}]},{"@type":"ImageObject","inLanguage":"en-US","@id":"https:\/\/masterchem.lv\/en\/product\/trichloroethylene-cas-79-01-6\/#primaryimage","url":"https:\/\/masterchem.lv\/wp-content\/uploads\/2023\/03\/TRICHLOROETHYLENE-1000l-MasterChem-1.jpg","contentUrl":"https:\/\/masterchem.lv\/wp-content\/uploads\/2023\/03\/TRICHLOROETHYLENE-1000l-MasterChem-1.jpg","width":1000,"height":1000},{"@type":"BreadcrumbList","@id":"https:\/\/masterchem.lv\/en\/product\/trichloroethylene-cas-79-01-6\/#breadcrumb","itemListElement":[{"@type":"ListItem","position":1,"name":"Home","item":"https:\/\/masterchem.lv\/en\/"},{"@type":"ListItem","position":2,"name":"Shop","item":"https:\/\/masterchem.lv\/shop\/"},{"@type":"ListItem","position":3,"name":"Trichloroethylene (CAS 79-01-6)"}]},{"@type":"WebSite","@id":"https:\/\/masterchem.lv\/en\/#website","url":"https:\/\/masterchem.lv\/en\/","name":"\u0136\u012bmija r\u016bpniec\u012bbai &mdash; &Scaron;\u0137\u012bdin\u0101t\u0101ji un \u0137\u012bmisk\u0101s vielas &mdash; Masterchem.ee","description":"\u0136\u012bmija r\u016bpniec\u012bbai&nbsp;&mdash; &scaron;\u0137\u012bdin\u0101t\u0101ji un \u0137\u012bmisk\u0101s vielas","potentialAction":[{"@type":"SearchAction","target":{"@type":"EntryPoint","urlTemplate":"https:\/\/masterchem.lv\/en\/?s={search_term_string}"},"query-input":{"@type":"PropertyValueSpecification","valueRequired":true,"valueName":"search_term_string"}}],"inLanguage":"en-US"}]}},"_links":{"self":[{"href":"https:\/\/masterchem.lv\/en\/wp-json\/wp\/v2\/product\/6435","targetHints":{"allow":["GET"]}}],"collection":[{"href":"https:\/\/masterchem.lv\/en\/wp-json\/wp\/v2\/product"}],"about":[{"href":"https:\/\/masterchem.lv\/en\/wp-json\/wp\/v2\/types\/product"}],"wp:featuredmedia":[{"embeddable":true,"href":"https:\/\/masterchem.lv\/en\/wp-json\/wp\/v2\/media\/6920"}],"wp:attachment":[{"href":"https:\/\/masterchem.lv\/en\/wp-json\/wp\/v2\/media?parent=6435"}],"wp:term":[{"taxonomy":"product_brand","embeddable":true,"href":"https:\/\/masterchem.lv\/en\/wp-json\/wp\/v2\/product_brand?post=6435"},{"taxonomy":"product_cat","embeddable":true,"href":"https:\/\/masterchem.lv\/en\/wp-json\/wp\/v2\/product_cat?post=6435"},{"taxonomy":"product_tag","embeddable":true,"href":"https:\/\/masterchem.lv\/en\/wp-json\/wp\/v2\/product_tag?post=6435"}],"curies":[{"name":"wp","href":"https:\/\/api.w.org\/{rel}","templated":true}]}}