{"id":7115,"date":"2023-03-08T07:49:42","date_gmt":"2023-03-08T07:49:42","guid":{"rendered":"https:\/\/masterchem.lv\/?post_type=product&#038;p=7115"},"modified":"2023-03-08T07:49:52","modified_gmt":"2023-03-08T07:49:52","slug":"th-plastic-can-220l-200-lit-previously-used","status":"publish","type":"product","link":"https:\/\/masterchem.lv\/en\/product\/th-plastic-can-220l-200-lit-previously-used\/","title":{"rendered":"TH plastic can 220L 200 lit (previously used)"},"content":{"rendered":"<p>TH plastic can 220L\/200 lit is made of industrial strength high molecular weight polyethylene (HMWPE) plastic similar to HDPE but more durable, with extra thick walls to provide superior performance and long-lasting durability. The seamless construction of this closed head drum is suitable for outdoor use. Can be used as a rain barrel, floating barrel or buoy, or storage container for chemicals, oils, and more.<\/p>\n","protected":false},"excerpt":{"rendered":"<p>TH plastic can 220L\/200 lit is made of industrial strength high molecular weight polyethylene (HMWPE) plastic similar to HDPE but more durable, with extra thick walls to provide superior performance and long-lasting durability. The seamless construction of this closed head drum is suitable for outdoor use. Can be used as a rain barrel, floating barrel &hellip; <br \/><a href=\"https:\/\/masterchem.lv\/en\/product\/th-plastic-can-220l-200-lit-previously-used\/\" class=\"more-link\">Continue reading <span class=\"screen-reader-text\">TH plastic can 220L 200 lit (previously used)<\/span><\/a><\/p>\n","protected":false},"featured_media":7151,"template":"","meta":{"_monsterinsights_skip_tracking":false,"_monsterinsights_sitenote_active":false,"_monsterinsights_sitenote_note":"","_monsterinsights_sitenote_category":0},"product_brand":[],"product_cat":[167,98],"product_tag":[],"class_list":{"0":"post-7115","1":"product","2":"type-product","3":"status-publish","4":"has-post-thumbnail","6":"product_cat-all-goods","7":"product_cat-packaging","8":"product_shipping_class-special","10":"first","11":"instock","12":"taxable","13":"shipping-taxable","14":"purchasable","15":"product-type-simple"},"yoast_head":"<!-- This site is optimized with the Yoast SEO plugin v27.4 - https:\/\/yoast.com\/product\/yoast-seo-wordpress\/ -->\n<title>TH plastic can 220L 200 lit (previously used) - \u0136\u012bmija r\u016bpniec\u012bbai &mdash; &Scaron;\u0137\u012bdin\u0101t\u0101ji un \u0137\u012bmisk\u0101s vielas &mdash; Masterchem.ee<\/title>\n<meta name=\"description\" content=\"TH PLASTIC CAN 220L 200 LIT\" \/>\n<meta name=\"robots\" content=\"index, follow, max-snippet:-1, max-image-preview:large, max-video-preview:-1\" \/>\n<link rel=\"canonical\" href=\"https:\/\/masterchem.lv\/en\/product\/th-plastic-can-220l-200-lit-previously-used\/\" \/>\n<meta property=\"og:locale\" content=\"en_US\" \/>\n<meta property=\"og:type\" content=\"article\" \/>\n<meta property=\"og:title\" content=\"TH plastic can 220L 200 lit (previously used) - \u0136\u012bmija r\u016bpniec\u012bbai &mdash; &Scaron;\u0137\u012bdin\u0101t\u0101ji un \u0137\u012bmisk\u0101s vielas &mdash; Masterchem.ee\" \/>\n<meta property=\"og:description\" content=\"TH PLASTIC CAN 220L 200 LIT\" \/>\n<meta property=\"og:url\" content=\"https:\/\/masterchem.lv\/en\/product\/th-plastic-can-220l-200-lit-previously-used\/\" \/>\n<meta property=\"og:site_name\" content=\"\u0136\u012bmija r\u016bpniec\u012bbai &mdash; &Scaron;\u0137\u012bdin\u0101t\u0101ji un \u0137\u012bmisk\u0101s vielas &mdash; Masterchem.ee\" \/>\n<meta property=\"article:modified_time\" content=\"2023-03-08T07:49:52+00:00\" \/>\n<meta property=\"og:image\" content=\"https:\/\/masterchem.lv\/wp-content\/uploads\/2023\/03\/TH-plastik-vaat-220L-200-lit-1.jpg\" \/>\n\t<meta property=\"og:image:width\" content=\"500\" \/>\n\t<meta property=\"og:image:height\" content=\"500\" \/>\n\t<meta property=\"og:image:type\" content=\"image\/jpeg\" \/>\n<meta name=\"twitter:card\" content=\"summary_large_image\" \/>\n<script type=\"application\/ld+json\" class=\"yoast-schema-graph\">{\"@context\":\"https:\\\/\\\/schema.org\",\"@graph\":[{\"@type\":\"WebPage\",\"@id\":\"https:\\\/\\\/masterchem.lv\\\/en\\\/product\\\/th-plastic-can-220l-200-lit-previously-used\\\/\",\"url\":\"https:\\\/\\\/masterchem.lv\\\/en\\\/product\\\/th-plastic-can-220l-200-lit-previously-used\\\/\",\"name\":\"TH plastic can 220L 200 lit (previously used) - \u0136\u012bmija r\u016bpniec\u012bbai &mdash; &Scaron;\u0137\u012bdin\u0101t\u0101ji un \u0137\u012bmisk\u0101s vielas &mdash; Masterchem.ee\",\"isPartOf\":{\"@id\":\"https:\\\/\\\/masterchem.lv\\\/en\\\/#website\"},\"primaryImageOfPage\":{\"@id\":\"https:\\\/\\\/masterchem.lv\\\/en\\\/product\\\/th-plastic-can-220l-200-lit-previously-used\\\/#primaryimage\"},\"image\":{\"@id\":\"https:\\\/\\\/masterchem.lv\\\/en\\\/product\\\/th-plastic-can-220l-200-lit-previously-used\\\/#primaryimage\"},\"thumbnailUrl\":\"https:\\\/\\\/masterchem.lv\\\/wp-content\\\/uploads\\\/2023\\\/03\\\/TH-plastik-vaat-220L-200-lit-1.jpg\",\"datePublished\":\"2023-03-08T07:49:42+00:00\",\"dateModified\":\"2023-03-08T07:49:52+00:00\",\"description\":\"TH PLASTIC CAN 220L 200 LIT\",\"breadcrumb\":{\"@id\":\"https:\\\/\\\/masterchem.lv\\\/en\\\/product\\\/th-plastic-can-220l-200-lit-previously-used\\\/#breadcrumb\"},\"inLanguage\":\"en-US\",\"potentialAction\":[{\"@type\":\"ReadAction\",\"target\":[\"https:\\\/\\\/masterchem.lv\\\/en\\\/product\\\/th-plastic-can-220l-200-lit-previously-used\\\/\"]}]},{\"@type\":\"ImageObject\",\"inLanguage\":\"en-US\",\"@id\":\"https:\\\/\\\/masterchem.lv\\\/en\\\/product\\\/th-plastic-can-220l-200-lit-previously-used\\\/#primaryimage\",\"url\":\"https:\\\/\\\/masterchem.lv\\\/wp-content\\\/uploads\\\/2023\\\/03\\\/TH-plastik-vaat-220L-200-lit-1.jpg\",\"contentUrl\":\"https:\\\/\\\/masterchem.lv\\\/wp-content\\\/uploads\\\/2023\\\/03\\\/TH-plastik-vaat-220L-200-lit-1.jpg\",\"width\":500,\"height\":500},{\"@type\":\"BreadcrumbList\",\"@id\":\"https:\\\/\\\/masterchem.lv\\\/en\\\/product\\\/th-plastic-can-220l-200-lit-previously-used\\\/#breadcrumb\",\"itemListElement\":[{\"@type\":\"ListItem\",\"position\":1,\"name\":\"Home\",\"item\":\"https:\\\/\\\/masterchem.lv\\\/en\\\/\"},{\"@type\":\"ListItem\",\"position\":2,\"name\":\"Shop\",\"item\":\"https:\\\/\\\/masterchem.lv\\\/shop\\\/\"},{\"@type\":\"ListItem\",\"position\":3,\"name\":\"TH plastic can 220L 200 lit (previously used)\"}]},{\"@type\":\"WebSite\",\"@id\":\"https:\\\/\\\/masterchem.lv\\\/en\\\/#website\",\"url\":\"https:\\\/\\\/masterchem.lv\\\/en\\\/\",\"name\":\"\u0136\u012bmija r\u016bpniec\u012bbai &mdash; &Scaron;\u0137\u012bdin\u0101t\u0101ji un \u0137\u012bmisk\u0101s vielas &mdash; Masterchem.ee\",\"description\":\"\u0136\u012bmija r\u016bpniec\u012bbai&nbsp;&mdash; &scaron;\u0137\u012bdin\u0101t\u0101ji un \u0137\u012bmisk\u0101s vielas\",\"potentialAction\":[{\"@type\":\"SearchAction\",\"target\":{\"@type\":\"EntryPoint\",\"urlTemplate\":\"https:\\\/\\\/masterchem.lv\\\/en\\\/?s={search_term_string}\"},\"query-input\":{\"@type\":\"PropertyValueSpecification\",\"valueRequired\":true,\"valueName\":\"search_term_string\"}}],\"inLanguage\":\"en-US\"}]}<\/script>\n<!-- \/ Yoast SEO plugin. -->","yoast_head_json":{"title":"TH plastic can 220L 200 lit (previously used) - \u0136\u012bmija r\u016bpniec\u012bbai &mdash; &Scaron;\u0137\u012bdin\u0101t\u0101ji un \u0137\u012bmisk\u0101s vielas &mdash; Masterchem.ee","description":"TH PLASTIC CAN 220L 200 LIT","robots":{"index":"index","follow":"follow","max-snippet":"max-snippet:-1","max-image-preview":"max-image-preview:large","max-video-preview":"max-video-preview:-1"},"canonical":"https:\/\/masterchem.lv\/en\/product\/th-plastic-can-220l-200-lit-previously-used\/","og_locale":"en_US","og_type":"article","og_title":"TH plastic can 220L 200 lit (previously used) - \u0136\u012bmija r\u016bpniec\u012bbai &mdash; &Scaron;\u0137\u012bdin\u0101t\u0101ji un \u0137\u012bmisk\u0101s vielas &mdash; Masterchem.ee","og_description":"TH PLASTIC CAN 220L 200 LIT","og_url":"https:\/\/masterchem.lv\/en\/product\/th-plastic-can-220l-200-lit-previously-used\/","og_site_name":"\u0136\u012bmija r\u016bpniec\u012bbai &mdash; &Scaron;\u0137\u012bdin\u0101t\u0101ji un \u0137\u012bmisk\u0101s vielas &mdash; Masterchem.ee","article_modified_time":"2023-03-08T07:49:52+00:00","og_image":[{"width":500,"height":500,"url":"https:\/\/masterchem.lv\/wp-content\/uploads\/2023\/03\/TH-plastik-vaat-220L-200-lit-1.jpg","type":"image\/jpeg"}],"twitter_card":"summary_large_image","schema":{"@context":"https:\/\/schema.org","@graph":[{"@type":"WebPage","@id":"https:\/\/masterchem.lv\/en\/product\/th-plastic-can-220l-200-lit-previously-used\/","url":"https:\/\/masterchem.lv\/en\/product\/th-plastic-can-220l-200-lit-previously-used\/","name":"TH plastic can 220L 200 lit (previously used) - \u0136\u012bmija r\u016bpniec\u012bbai &mdash; &Scaron;\u0137\u012bdin\u0101t\u0101ji un \u0137\u012bmisk\u0101s vielas &mdash; Masterchem.ee","isPartOf":{"@id":"https:\/\/masterchem.lv\/en\/#website"},"primaryImageOfPage":{"@id":"https:\/\/masterchem.lv\/en\/product\/th-plastic-can-220l-200-lit-previously-used\/#primaryimage"},"image":{"@id":"https:\/\/masterchem.lv\/en\/product\/th-plastic-can-220l-200-lit-previously-used\/#primaryimage"},"thumbnailUrl":"https:\/\/masterchem.lv\/wp-content\/uploads\/2023\/03\/TH-plastik-vaat-220L-200-lit-1.jpg","datePublished":"2023-03-08T07:49:42+00:00","dateModified":"2023-03-08T07:49:52+00:00","description":"TH PLASTIC CAN 220L 200 LIT","breadcrumb":{"@id":"https:\/\/masterchem.lv\/en\/product\/th-plastic-can-220l-200-lit-previously-used\/#breadcrumb"},"inLanguage":"en-US","potentialAction":[{"@type":"ReadAction","target":["https:\/\/masterchem.lv\/en\/product\/th-plastic-can-220l-200-lit-previously-used\/"]}]},{"@type":"ImageObject","inLanguage":"en-US","@id":"https:\/\/masterchem.lv\/en\/product\/th-plastic-can-220l-200-lit-previously-used\/#primaryimage","url":"https:\/\/masterchem.lv\/wp-content\/uploads\/2023\/03\/TH-plastik-vaat-220L-200-lit-1.jpg","contentUrl":"https:\/\/masterchem.lv\/wp-content\/uploads\/2023\/03\/TH-plastik-vaat-220L-200-lit-1.jpg","width":500,"height":500},{"@type":"BreadcrumbList","@id":"https:\/\/masterchem.lv\/en\/product\/th-plastic-can-220l-200-lit-previously-used\/#breadcrumb","itemListElement":[{"@type":"ListItem","position":1,"name":"Home","item":"https:\/\/masterchem.lv\/en\/"},{"@type":"ListItem","position":2,"name":"Shop","item":"https:\/\/masterchem.lv\/shop\/"},{"@type":"ListItem","position":3,"name":"TH plastic can 220L 200 lit (previously used)"}]},{"@type":"WebSite","@id":"https:\/\/masterchem.lv\/en\/#website","url":"https:\/\/masterchem.lv\/en\/","name":"\u0136\u012bmija r\u016bpniec\u012bbai &mdash; &Scaron;\u0137\u012bdin\u0101t\u0101ji un \u0137\u012bmisk\u0101s vielas &mdash; Masterchem.ee","description":"\u0136\u012bmija r\u016bpniec\u012bbai&nbsp;&mdash; &scaron;\u0137\u012bdin\u0101t\u0101ji un \u0137\u012bmisk\u0101s vielas","potentialAction":[{"@type":"SearchAction","target":{"@type":"EntryPoint","urlTemplate":"https:\/\/masterchem.lv\/en\/?s={search_term_string}"},"query-input":{"@type":"PropertyValueSpecification","valueRequired":true,"valueName":"search_term_string"}}],"inLanguage":"en-US"}]}},"_links":{"self":[{"href":"https:\/\/masterchem.lv\/en\/wp-json\/wp\/v2\/product\/7115","targetHints":{"allow":["GET"]}}],"collection":[{"href":"https:\/\/masterchem.lv\/en\/wp-json\/wp\/v2\/product"}],"about":[{"href":"https:\/\/masterchem.lv\/en\/wp-json\/wp\/v2\/types\/product"}],"wp:featuredmedia":[{"embeddable":true,"href":"https:\/\/masterchem.lv\/en\/wp-json\/wp\/v2\/media\/7151"}],"wp:attachment":[{"href":"https:\/\/masterchem.lv\/en\/wp-json\/wp\/v2\/media?parent=7115"}],"wp:term":[{"taxonomy":"product_brand","embeddable":true,"href":"https:\/\/masterchem.lv\/en\/wp-json\/wp\/v2\/product_brand?post=7115"},{"taxonomy":"product_cat","embeddable":true,"href":"https:\/\/masterchem.lv\/en\/wp-json\/wp\/v2\/product_cat?post=7115"},{"taxonomy":"product_tag","embeddable":true,"href":"https:\/\/masterchem.lv\/en\/wp-json\/wp\/v2\/product_tag?post=7115"}],"curies":[{"name":"wp","href":"https:\/\/api.w.org\/{rel}","templated":true}]}}