{"id":7260,"date":"2023-03-08T07:50:26","date_gmt":"2023-03-08T07:50:26","guid":{"rendered":"https:\/\/masterchem.lv\/?post_type=product&#038;p=7260"},"modified":"2023-04-06T09:38:36","modified_gmt":"2023-04-06T09:38:36","slug":"2-propanol-cas-67-63-0","status":"publish","type":"product","link":"https:\/\/masterchem.lv\/en\/product\/2-propanol-cas-67-63-0\/","title":{"rendered":"2-Propanol (CAS 67-63-0)"},"content":{"rendered":"<p style=\"text-align: justify;\">Isopropyl alcohol, synonymous with 2-propanol,\u00a0<i>sec<\/i>-propyl alcohol, IPA, isopropanol, or rubbing alcohol is\u00a0<a class=\"mw-redirect\" title=\"Miscible\" href=\"https:\/\/en.wikipedia.org\/wiki\/Miscible\">miscible<\/a>\u00a0in water,\u00a0<a title=\"Ethanol\" href=\"https:\/\/en.wikipedia.org\/wiki\/Ethanol\">ethanol<\/a>,\u00a0<a title=\"Diethyl ether\" href=\"https:\/\/en.wikipedia.org\/wiki\/Diethyl_ether\">ether<\/a>, and\u00a0<a title=\"Chloroform\" href=\"https:\/\/en.wikipedia.org\/wiki\/Chloroform\">chloroform<\/a>. It will dissolve\u00a0<a title=\"Ethyl cellulose\" href=\"https:\/\/en.wikipedia.org\/wiki\/Ethyl_cellulose\">ethyl cellulose<\/a>,\u00a0<a title=\"Polyvinyl butyral\" href=\"https:\/\/en.wikipedia.org\/wiki\/Polyvinyl_butyral\">polyvinyl butyral<\/a>, many oils, alkaloids, gums and natural resins.<sup id=\"cite_ref-Doolittle_7-0\" class=\"reference\"><\/sup>\u00a0Unlike\u00a0<a title=\"Ethanol\" href=\"https:\/\/en.wikipedia.org\/wiki\/Ethanol\">ethanol<\/a>\u00a0or\u00a0<a title=\"Methanol\" href=\"https:\/\/en.wikipedia.org\/wiki\/Methanol\">methanol<\/a>, isopropyl alcohol is not miscible with salt solutions and can be separated from\u00a0<a title=\"Aqueous solution\" href=\"https:\/\/en.wikipedia.org\/wiki\/Aqueous_solution\">aqueous solutions<\/a>\u00a0by adding a salt such as\u00a0<a title=\"Sodium chloride\" href=\"https:\/\/en.wikipedia.org\/wiki\/Sodium_chloride\">sodium chloride<\/a>. The process is colloquially called\u00a0<i><a title=\"Salting out\" href=\"https:\/\/en.wikipedia.org\/wiki\/Salting_out\">salting out<\/a><\/i>, and causes concentrated isopropyl alcohol to separate into a distinct layer.<sup id=\"cite_ref-Merck_8-0\" class=\"reference\"><a href=\"https:\/\/en.wikipedia.org\/wiki\/Isopropyl_alcohol#cite_note-Merck-8\">[8]<\/a><\/sup><\/p>\n<p style=\"text-align: justify;\">Isopropyl alcohol forms an\u00a0<a title=\"Azeotrope\" href=\"https:\/\/en.wikipedia.org\/wiki\/Azeotrope\">azeotrope<\/a>\u00a0with water, which gives a boiling point of 80.37\u00a0\u00b0C (176.67\u00a0\u00b0F) and a composition of 87.7 wt% (91 vol%) isopropyl alcohol. Water-isopropyl alcohol mixtures have depressed melting points.<sup id=\"cite_ref-Merck_8-1\" class=\"reference\"><\/sup>\u00a0It has a slightly bitter taste, and is not safe to drink.<sup id=\"cite_ref-Merck_8-2\" class=\"reference\"><\/sup><sup id=\"cite_ref-9\" class=\"reference\"><\/sup><\/p>\n<p style=\"text-align: justify;\">Isopropyl alcohol becomes increasingly viscous with decreasing temperature and will freeze at \u221289\u00a0\u00b0C (\u2212128\u00a0\u00b0F).<\/p>\n<p style=\"text-align: justify;\">Isopropyl alcohol has a maximum\u00a0<a title=\"Absorbance\" href=\"https:\/\/en.wikipedia.org\/wiki\/Absorbance\">absorbance<\/a>\u00a0at 205\u00a0nm in an\u00a0<a class=\"mw-redirect\" title=\"Ultraviolet-visible spectroscopy\" href=\"https:\/\/en.wikipedia.org\/wiki\/Ultraviolet-visible_spectroscopy\">ultraviolet-visible<\/a>\u00a0spectrum.<\/p>\n","protected":false},"excerpt":{"rendered":"<p style=\"text-align: justify;\"><b>Other names: Isopropyl alcohol, 2-Propanol,\u00a0Isopropanol[1],\u00a0Rubbing alcohol,\u00a0sec-Propyl alcohol,\u00a0s-Propanol,\u00a0iPrOH,\u00a0i-PrOH,\u00a0Dimethyl carbinol,\u00a0IPA<\/b><\/p>\n<p style=\"text-align: justify;\">Isopropyl alcohol\u00a0(<a title=\"International Union of Pure and Applied Chemistry\" href=\"https:\/\/en.wikipedia.org\/wiki\/International_Union_of_Pure_and_Applied_Chemistry\">IUPAC<\/a>\u00a0name\u00a0propan-2-ol; commonly called\u00a0isopropanol) is a\u00a0<a title=\"Chemical compound\" href=\"https:\/\/en.wikipedia.org\/wiki\/Chemical_compound\">compound<\/a>\u00a0with the\u00a0<a title=\"Chemical formula\" href=\"https:\/\/en.wikipedia.org\/wiki\/Chemical_formula\">chemical formula<\/a>C<sub>3<\/sub>H<sub>8<\/sub>O. It is a\u00a0<a title=\"Transparency and translucency\" href=\"https:\/\/en.wikipedia.org\/wiki\/Transparency_and_translucency\">colorless<\/a>,\u00a0<a class=\"mw-redirect\" title=\"Flammability\" href=\"https:\/\/en.wikipedia.org\/wiki\/Flammability\">flammable<\/a>\u00a0chemical compound with a strong\u00a0<a title=\"Odor\" href=\"https:\/\/en.wikipedia.org\/wiki\/Odor\">odor<\/a>. As an\u00a0<a class=\"mw-redirect\" title=\"Isopropyl\" href=\"https:\/\/en.wikipedia.org\/wiki\/Isopropyl\">isopropyl<\/a>\u00a0group linked to a\u00a0<a class=\"mw-redirect\" title=\"Hydroxyl\" href=\"https:\/\/en.wikipedia.org\/wiki\/Hydroxyl\">hydroxyl<\/a>group, it is the simplest example of a\u00a0<a title=\"Alcohol\" href=\"https:\/\/en.wikipedia.org\/wiki\/Alcohol#Systematic_names\">secondary alcohol<\/a>, where the\u00a0<a title=\"Alcohol\" href=\"https:\/\/en.wikipedia.org\/wiki\/Alcohol\">alcohol<\/a>\u00a0carbon atom is attached to two other carbon atoms. It is a\u00a0<a title=\"Structural isomer\" href=\"https:\/\/en.wikipedia.org\/wiki\/Structural_isomer\">structural isomer<\/a>\u00a0of\u00a0<a title=\"1-Propanol\" href=\"https:\/\/en.wikipedia.org\/wiki\/1-Propanol\">1-propanol<\/a>. It is manufactured for a wide variety of industrial and household uses, and is a common ingredient in chemicals such as\u00a0<a title=\"Antiseptic\" href=\"https:\/\/en.wikipedia.org\/wiki\/Antiseptic\">antiseptics<\/a>, disinfectants and detergents.<\/p>\n<p style=\"text-align: justify;\">\n","protected":false},"featured_media":7289,"template":"","meta":{"_monsterinsights_skip_tracking":false,"_monsterinsights_sitenote_active":false,"_monsterinsights_sitenote_note":"","_monsterinsights_sitenote_category":0},"product_brand":[],"product_cat":[167,169,88,170,92,95,101,86,110,113],"product_tag":[],"class_list":{"0":"post-7260","1":"product","2":"type-product","3":"status-publish","4":"has-post-thumbnail","6":"product_cat-all-goods","7":"product_cat-antifreezing-liquids","8":"product_cat-building-industry","9":"product_cat-car-and-machinery-chemicals","10":"product_cat-household-chemicals","11":"product_cat-metalworking-chemicals","12":"product_cat-pharmaceuticals","13":"product_cat-resins-plastics-polyurethanes","14":"product_cat-typography-chemicals","15":"product_cat-woodworking-chemicals","17":"first","18":"instock","19":"taxable","20":"shipping-taxable","21":"purchasable","22":"product-type-variable","23":"has-default-attributes"},"yoast_head":"<!-- This site is optimized with the Yoast SEO plugin v27.4 - https:\/\/yoast.com\/product\/yoast-seo-wordpress\/ -->\n<title>2-Propanol (CAS 67-63-0) - \u0136\u012bmija r\u016bpniec\u012bbai &mdash; &Scaron;\u0137\u012bdin\u0101t\u0101ji un \u0137\u012bmisk\u0101s vielas &mdash; Masterchem.ee<\/title>\n<meta name=\"robots\" content=\"index, follow, max-snippet:-1, max-image-preview:large, max-video-preview:-1\" \/>\n<link rel=\"canonical\" href=\"https:\/\/masterchem.lv\/en\/product\/2-propanol-cas-67-63-0\/\" \/>\n<meta property=\"og:locale\" content=\"en_US\" \/>\n<meta property=\"og:type\" content=\"article\" \/>\n<meta property=\"og:title\" content=\"2-Propanol (CAS 67-63-0) - \u0136\u012bmija r\u016bpniec\u012bbai &mdash; &Scaron;\u0137\u012bdin\u0101t\u0101ji un \u0137\u012bmisk\u0101s vielas &mdash; Masterchem.ee\" \/>\n<meta property=\"og:description\" content=\"Other names: Isopropyl alcohol, 2-Propanol,\u00a0Isopropanol[1],\u00a0Rubbing alcohol,\u00a0sec-Propyl alcohol,\u00a0s-Propanol,\u00a0iPrOH,\u00a0i-PrOH,\u00a0Dimethyl carbinol,\u00a0IPA Isopropyl alcohol\u00a0(IUPAC\u00a0name\u00a0propan-2-ol; commonly called\u00a0isopropanol) is a\u00a0compound\u00a0with the\u00a0chemical formulaC3H8O. It is a\u00a0colorless,\u00a0flammable\u00a0chemical compound with a strong\u00a0odor. As an\u00a0isopropyl\u00a0group linked to a\u00a0hydroxylgroup, it is the simplest example of a\u00a0secondary alcohol, where the\u00a0alcohol\u00a0carbon atom is attached to two other carbon atoms. It is a\u00a0structural isomer\u00a0of\u00a01-propanol. It is manufactured for a wide variety of industrial and household uses, and is a common ingredient in chemicals such as\u00a0antiseptics, disinfectants and detergents.\" \/>\n<meta property=\"og:url\" content=\"https:\/\/masterchem.lv\/en\/product\/2-propanol-cas-67-63-0\/\" \/>\n<meta property=\"og:site_name\" content=\"\u0136\u012bmija r\u016bpniec\u012bbai &mdash; &Scaron;\u0137\u012bdin\u0101t\u0101ji un \u0137\u012bmisk\u0101s vielas &mdash; Masterchem.ee\" \/>\n<meta property=\"article:modified_time\" content=\"2023-04-06T09:38:36+00:00\" \/>\n<meta property=\"og:image\" content=\"https:\/\/masterchem.lv\/wp-content\/uploads\/2023\/03\/Isopropyl-Alcohol-1000l-MaterChem-2.jpg\" \/>\n\t<meta property=\"og:image:width\" content=\"1000\" \/>\n\t<meta property=\"og:image:height\" content=\"1000\" \/>\n\t<meta property=\"og:image:type\" content=\"image\/jpeg\" \/>\n<meta name=\"twitter:card\" content=\"summary_large_image\" \/>\n<meta name=\"twitter:label1\" content=\"Est. reading time\" \/>\n\t<meta name=\"twitter:data1\" content=\"1 minute\" \/>\n<script type=\"application\/ld+json\" class=\"yoast-schema-graph\">{\"@context\":\"https:\\\/\\\/schema.org\",\"@graph\":[{\"@type\":\"WebPage\",\"@id\":\"https:\\\/\\\/masterchem.lv\\\/en\\\/product\\\/2-propanol-cas-67-63-0\\\/\",\"url\":\"https:\\\/\\\/masterchem.lv\\\/en\\\/product\\\/2-propanol-cas-67-63-0\\\/\",\"name\":\"2-Propanol (CAS 67-63-0) - \u0136\u012bmija r\u016bpniec\u012bbai &mdash; &Scaron;\u0137\u012bdin\u0101t\u0101ji un \u0137\u012bmisk\u0101s vielas &mdash; Masterchem.ee\",\"isPartOf\":{\"@id\":\"https:\\\/\\\/masterchem.lv\\\/en\\\/#website\"},\"primaryImageOfPage\":{\"@id\":\"https:\\\/\\\/masterchem.lv\\\/en\\\/product\\\/2-propanol-cas-67-63-0\\\/#primaryimage\"},\"image\":{\"@id\":\"https:\\\/\\\/masterchem.lv\\\/en\\\/product\\\/2-propanol-cas-67-63-0\\\/#primaryimage\"},\"thumbnailUrl\":\"https:\\\/\\\/masterchem.lv\\\/wp-content\\\/uploads\\\/2023\\\/03\\\/Isopropyl-Alcohol-1000l-MaterChem-2.jpg\",\"datePublished\":\"2023-03-08T07:50:26+00:00\",\"dateModified\":\"2023-04-06T09:38:36+00:00\",\"breadcrumb\":{\"@id\":\"https:\\\/\\\/masterchem.lv\\\/en\\\/product\\\/2-propanol-cas-67-63-0\\\/#breadcrumb\"},\"inLanguage\":\"en-US\",\"potentialAction\":[{\"@type\":\"ReadAction\",\"target\":[\"https:\\\/\\\/masterchem.lv\\\/en\\\/product\\\/2-propanol-cas-67-63-0\\\/\"]}]},{\"@type\":\"ImageObject\",\"inLanguage\":\"en-US\",\"@id\":\"https:\\\/\\\/masterchem.lv\\\/en\\\/product\\\/2-propanol-cas-67-63-0\\\/#primaryimage\",\"url\":\"https:\\\/\\\/masterchem.lv\\\/wp-content\\\/uploads\\\/2023\\\/03\\\/Isopropyl-Alcohol-1000l-MaterChem-2.jpg\",\"contentUrl\":\"https:\\\/\\\/masterchem.lv\\\/wp-content\\\/uploads\\\/2023\\\/03\\\/Isopropyl-Alcohol-1000l-MaterChem-2.jpg\",\"width\":1000,\"height\":1000},{\"@type\":\"BreadcrumbList\",\"@id\":\"https:\\\/\\\/masterchem.lv\\\/en\\\/product\\\/2-propanol-cas-67-63-0\\\/#breadcrumb\",\"itemListElement\":[{\"@type\":\"ListItem\",\"position\":1,\"name\":\"Home\",\"item\":\"https:\\\/\\\/masterchem.lv\\\/en\\\/\"},{\"@type\":\"ListItem\",\"position\":2,\"name\":\"Shop\",\"item\":\"https:\\\/\\\/masterchem.lv\\\/shop\\\/\"},{\"@type\":\"ListItem\",\"position\":3,\"name\":\"2-Propanol (CAS 67-63-0)\"}]},{\"@type\":\"WebSite\",\"@id\":\"https:\\\/\\\/masterchem.lv\\\/en\\\/#website\",\"url\":\"https:\\\/\\\/masterchem.lv\\\/en\\\/\",\"name\":\"\u0136\u012bmija r\u016bpniec\u012bbai &mdash; &Scaron;\u0137\u012bdin\u0101t\u0101ji un \u0137\u012bmisk\u0101s vielas &mdash; Masterchem.ee\",\"description\":\"\u0136\u012bmija r\u016bpniec\u012bbai&nbsp;&mdash; &scaron;\u0137\u012bdin\u0101t\u0101ji un \u0137\u012bmisk\u0101s vielas\",\"potentialAction\":[{\"@type\":\"SearchAction\",\"target\":{\"@type\":\"EntryPoint\",\"urlTemplate\":\"https:\\\/\\\/masterchem.lv\\\/en\\\/?s={search_term_string}\"},\"query-input\":{\"@type\":\"PropertyValueSpecification\",\"valueRequired\":true,\"valueName\":\"search_term_string\"}}],\"inLanguage\":\"en-US\"}]}<\/script>\n<!-- \/ Yoast SEO plugin. -->","yoast_head_json":{"title":"2-Propanol (CAS 67-63-0) - \u0136\u012bmija r\u016bpniec\u012bbai &mdash; &Scaron;\u0137\u012bdin\u0101t\u0101ji un \u0137\u012bmisk\u0101s vielas &mdash; Masterchem.ee","robots":{"index":"index","follow":"follow","max-snippet":"max-snippet:-1","max-image-preview":"max-image-preview:large","max-video-preview":"max-video-preview:-1"},"canonical":"https:\/\/masterchem.lv\/en\/product\/2-propanol-cas-67-63-0\/","og_locale":"en_US","og_type":"article","og_title":"2-Propanol (CAS 67-63-0) - \u0136\u012bmija r\u016bpniec\u012bbai &mdash; &Scaron;\u0137\u012bdin\u0101t\u0101ji un \u0137\u012bmisk\u0101s vielas &mdash; Masterchem.ee","og_description":"Other names: Isopropyl alcohol, 2-Propanol,\u00a0Isopropanol[1],\u00a0Rubbing alcohol,\u00a0sec-Propyl alcohol,\u00a0s-Propanol,\u00a0iPrOH,\u00a0i-PrOH,\u00a0Dimethyl carbinol,\u00a0IPA Isopropyl alcohol\u00a0(IUPAC\u00a0name\u00a0propan-2-ol; commonly called\u00a0isopropanol) is a\u00a0compound\u00a0with the\u00a0chemical formulaC3H8O. It is a\u00a0colorless,\u00a0flammable\u00a0chemical compound with a strong\u00a0odor. As an\u00a0isopropyl\u00a0group linked to a\u00a0hydroxylgroup, it is the simplest example of a\u00a0secondary alcohol, where the\u00a0alcohol\u00a0carbon atom is attached to two other carbon atoms. It is a\u00a0structural isomer\u00a0of\u00a01-propanol. It is manufactured for a wide variety of industrial and household uses, and is a common ingredient in chemicals such as\u00a0antiseptics, disinfectants and detergents.","og_url":"https:\/\/masterchem.lv\/en\/product\/2-propanol-cas-67-63-0\/","og_site_name":"\u0136\u012bmija r\u016bpniec\u012bbai &mdash; &Scaron;\u0137\u012bdin\u0101t\u0101ji un \u0137\u012bmisk\u0101s vielas &mdash; Masterchem.ee","article_modified_time":"2023-04-06T09:38:36+00:00","og_image":[{"width":1000,"height":1000,"url":"https:\/\/masterchem.lv\/wp-content\/uploads\/2023\/03\/Isopropyl-Alcohol-1000l-MaterChem-2.jpg","type":"image\/jpeg"}],"twitter_card":"summary_large_image","twitter_misc":{"Est. reading time":"1 minute"},"schema":{"@context":"https:\/\/schema.org","@graph":[{"@type":"WebPage","@id":"https:\/\/masterchem.lv\/en\/product\/2-propanol-cas-67-63-0\/","url":"https:\/\/masterchem.lv\/en\/product\/2-propanol-cas-67-63-0\/","name":"2-Propanol (CAS 67-63-0) - \u0136\u012bmija r\u016bpniec\u012bbai &mdash; &Scaron;\u0137\u012bdin\u0101t\u0101ji un \u0137\u012bmisk\u0101s vielas &mdash; Masterchem.ee","isPartOf":{"@id":"https:\/\/masterchem.lv\/en\/#website"},"primaryImageOfPage":{"@id":"https:\/\/masterchem.lv\/en\/product\/2-propanol-cas-67-63-0\/#primaryimage"},"image":{"@id":"https:\/\/masterchem.lv\/en\/product\/2-propanol-cas-67-63-0\/#primaryimage"},"thumbnailUrl":"https:\/\/masterchem.lv\/wp-content\/uploads\/2023\/03\/Isopropyl-Alcohol-1000l-MaterChem-2.jpg","datePublished":"2023-03-08T07:50:26+00:00","dateModified":"2023-04-06T09:38:36+00:00","breadcrumb":{"@id":"https:\/\/masterchem.lv\/en\/product\/2-propanol-cas-67-63-0\/#breadcrumb"},"inLanguage":"en-US","potentialAction":[{"@type":"ReadAction","target":["https:\/\/masterchem.lv\/en\/product\/2-propanol-cas-67-63-0\/"]}]},{"@type":"ImageObject","inLanguage":"en-US","@id":"https:\/\/masterchem.lv\/en\/product\/2-propanol-cas-67-63-0\/#primaryimage","url":"https:\/\/masterchem.lv\/wp-content\/uploads\/2023\/03\/Isopropyl-Alcohol-1000l-MaterChem-2.jpg","contentUrl":"https:\/\/masterchem.lv\/wp-content\/uploads\/2023\/03\/Isopropyl-Alcohol-1000l-MaterChem-2.jpg","width":1000,"height":1000},{"@type":"BreadcrumbList","@id":"https:\/\/masterchem.lv\/en\/product\/2-propanol-cas-67-63-0\/#breadcrumb","itemListElement":[{"@type":"ListItem","position":1,"name":"Home","item":"https:\/\/masterchem.lv\/en\/"},{"@type":"ListItem","position":2,"name":"Shop","item":"https:\/\/masterchem.lv\/shop\/"},{"@type":"ListItem","position":3,"name":"2-Propanol (CAS 67-63-0)"}]},{"@type":"WebSite","@id":"https:\/\/masterchem.lv\/en\/#website","url":"https:\/\/masterchem.lv\/en\/","name":"\u0136\u012bmija r\u016bpniec\u012bbai &mdash; &Scaron;\u0137\u012bdin\u0101t\u0101ji un \u0137\u012bmisk\u0101s vielas &mdash; Masterchem.ee","description":"\u0136\u012bmija r\u016bpniec\u012bbai&nbsp;&mdash; &scaron;\u0137\u012bdin\u0101t\u0101ji un \u0137\u012bmisk\u0101s vielas","potentialAction":[{"@type":"SearchAction","target":{"@type":"EntryPoint","urlTemplate":"https:\/\/masterchem.lv\/en\/?s={search_term_string}"},"query-input":{"@type":"PropertyValueSpecification","valueRequired":true,"valueName":"search_term_string"}}],"inLanguage":"en-US"}]}},"_links":{"self":[{"href":"https:\/\/masterchem.lv\/en\/wp-json\/wp\/v2\/product\/7260","targetHints":{"allow":["GET"]}}],"collection":[{"href":"https:\/\/masterchem.lv\/en\/wp-json\/wp\/v2\/product"}],"about":[{"href":"https:\/\/masterchem.lv\/en\/wp-json\/wp\/v2\/types\/product"}],"wp:featuredmedia":[{"embeddable":true,"href":"https:\/\/masterchem.lv\/en\/wp-json\/wp\/v2\/media\/7289"}],"wp:attachment":[{"href":"https:\/\/masterchem.lv\/en\/wp-json\/wp\/v2\/media?parent=7260"}],"wp:term":[{"taxonomy":"product_brand","embeddable":true,"href":"https:\/\/masterchem.lv\/en\/wp-json\/wp\/v2\/product_brand?post=7260"},{"taxonomy":"product_cat","embeddable":true,"href":"https:\/\/masterchem.lv\/en\/wp-json\/wp\/v2\/product_cat?post=7260"},{"taxonomy":"product_tag","embeddable":true,"href":"https:\/\/masterchem.lv\/en\/wp-json\/wp\/v2\/product_tag?post=7260"}],"curies":[{"name":"wp","href":"https:\/\/api.w.org\/{rel}","templated":true}]}}