{"id":7373,"date":"2023-03-08T07:51:04","date_gmt":"2023-03-08T07:51:04","guid":{"rendered":"https:\/\/masterchem.lv\/?post_type=product&#038;p=7373"},"modified":"2023-04-06T09:40:29","modified_gmt":"2023-04-06T09:40:29","slug":"perchloroethylene-cas-127-18-4","status":"publish","type":"product","link":"https:\/\/masterchem.lv\/en\/product\/perchloroethylene-cas-127-18-4\/","title":{"rendered":"Perchloroethylene (CAS 127-18-4)"},"content":{"rendered":"<p><strong>Application and usage:<\/strong><br \/>\n\u25cf\tDry cleaning solvent for dry cleaning of clothes<br \/>\n\u25cf\tDegreasing of metals, especially aluminium.<br \/>\n\u25cf\tUsed in the textile and freon industries.<br \/>\n\u25cf\tRadio electronics for cleaning photopolymer printed circuit boards.<br \/>\n\u25cf\tAs a versatile multifunctional solvent.<br \/>\n\u25cf\tIn the woodworking industry<\/p>\n<p><strong>Packaging:<\/strong><br \/>\n0.5L metal bottle<br \/>\n5L plastic canister<br \/>\n10L plastic canister<br \/>\n20L metal bucket UN<br \/>\n25L plastic canister<br \/>\n200L barrel<br \/>\n640L IBC container<br \/>\n1000L IBC container<\/p>\n<p><strong>Storage:<\/strong><br \/>\nPhysical properties:<br \/>\nThermal properties<br \/>\nTemperature<br \/>\nMelting Point: -22,4 \u00b0C<br \/>\nBoiling Point: 121 \u00b0C<br \/>\nFlash point: 45\u00b0C<br \/>\nINDEX:<br \/>\nCAS: 127-18-4<br \/>\nEC: 204-825-9<\/p>\n","protected":false},"excerpt":{"rendered":"<p>Tetrachloroethylene; perchloroethylene; perc; PCE; Perchloroethelene<\/p>\n<p><strong>Description:<\/strong><br \/>\nPerchloroethylene is a colorless liquid with a sharp smell, an organochlorine solvent. Does not burn, does not support burning, does not explode. It is almost insoluble in water; easily mixed with organic solvents such as ethyl and methyl alcohol, acetic acid, propanol, butanol, ethylene glycol, etc. It is widely used in dry cleaning and degreasing of metals. Tetrachloroethylene is the most stable compound of all chlorine derivatives of ethane and ethylene. It is a solvent for oils, fats, wax and the like. It is resistant to hydrolysis and contributes less to corrosion than other chlorine-containing solvents.<\/p>\n","protected":false},"featured_media":6861,"template":"","meta":{"_monsterinsights_skip_tracking":false,"_monsterinsights_sitenote_active":false,"_monsterinsights_sitenote_note":"","_monsterinsights_sitenote_category":0},"product_brand":[],"product_cat":[167,88,170,92,95,110],"product_tag":[],"class_list":{"0":"post-7373","1":"product","2":"type-product","3":"status-publish","4":"has-post-thumbnail","6":"product_cat-all-goods","7":"product_cat-building-industry","8":"product_cat-car-and-machinery-chemicals","9":"product_cat-household-chemicals","10":"product_cat-metalworking-chemicals","11":"product_cat-typography-chemicals","13":"first","14":"instock","15":"taxable","16":"shipping-taxable","17":"purchasable","18":"product-type-variable","19":"has-default-attributes"},"yoast_head":"<!-- This site is optimized with the Yoast SEO plugin v27.4 - https:\/\/yoast.com\/product\/yoast-seo-wordpress\/ -->\n<title>Perchloroethylene (CAS 127-18-4) - \u0136\u012bmija r\u016bpniec\u012bbai &mdash; &Scaron;\u0137\u012bdin\u0101t\u0101ji un \u0137\u012bmisk\u0101s vielas &mdash; Masterchem.ee<\/title>\n<meta name=\"description\" content=\"Perchloroethylene is a colorless liquid with a sharp smell, an organochlorine solvent. Does not burn, does not support burning, does not explode. CAS: 127-18-4\" \/>\n<meta name=\"robots\" content=\"index, follow, max-snippet:-1, max-image-preview:large, max-video-preview:-1\" \/>\n<link rel=\"canonical\" href=\"https:\/\/masterchem.lv\/en\/product\/perchloroethylene-cas-127-18-4\/\" \/>\n<meta property=\"og:locale\" content=\"en_US\" \/>\n<meta property=\"og:type\" content=\"article\" \/>\n<meta property=\"og:title\" content=\"Perchloroethylene (CAS 127-18-4) - \u0136\u012bmija r\u016bpniec\u012bbai &mdash; &Scaron;\u0137\u012bdin\u0101t\u0101ji un \u0137\u012bmisk\u0101s vielas &mdash; Masterchem.ee\" \/>\n<meta property=\"og:description\" content=\"Perchloroethylene is a colorless liquid with a sharp smell, an organochlorine solvent. Does not burn, does not support burning, does not explode. CAS: 127-18-4\" \/>\n<meta property=\"og:url\" content=\"https:\/\/masterchem.lv\/en\/product\/perchloroethylene-cas-127-18-4\/\" \/>\n<meta property=\"og:site_name\" content=\"\u0136\u012bmija r\u016bpniec\u012bbai &mdash; &Scaron;\u0137\u012bdin\u0101t\u0101ji un \u0137\u012bmisk\u0101s vielas &mdash; Masterchem.ee\" \/>\n<meta property=\"article:modified_time\" content=\"2023-04-06T09:40:29+00:00\" \/>\n<meta property=\"og:image\" content=\"https:\/\/masterchem.lv\/wp-content\/uploads\/2023\/03\/TETRACHLOROETHYLENE-1000l-MaterChem-1.jpg\" \/>\n\t<meta property=\"og:image:width\" content=\"1000\" \/>\n\t<meta property=\"og:image:height\" content=\"1000\" \/>\n\t<meta property=\"og:image:type\" content=\"image\/jpeg\" \/>\n<meta name=\"twitter:card\" content=\"summary_large_image\" \/>\n<meta name=\"twitter:label1\" content=\"Est. reading time\" \/>\n\t<meta name=\"twitter:data1\" content=\"1 minute\" \/>\n<script type=\"application\/ld+json\" class=\"yoast-schema-graph\">{\"@context\":\"https:\\\/\\\/schema.org\",\"@graph\":[{\"@type\":\"WebPage\",\"@id\":\"https:\\\/\\\/masterchem.lv\\\/en\\\/product\\\/perchloroethylene-cas-127-18-4\\\/\",\"url\":\"https:\\\/\\\/masterchem.lv\\\/en\\\/product\\\/perchloroethylene-cas-127-18-4\\\/\",\"name\":\"Perchloroethylene (CAS 127-18-4) - \u0136\u012bmija r\u016bpniec\u012bbai &mdash; &Scaron;\u0137\u012bdin\u0101t\u0101ji un \u0137\u012bmisk\u0101s vielas &mdash; Masterchem.ee\",\"isPartOf\":{\"@id\":\"https:\\\/\\\/masterchem.lv\\\/en\\\/#website\"},\"primaryImageOfPage\":{\"@id\":\"https:\\\/\\\/masterchem.lv\\\/en\\\/product\\\/perchloroethylene-cas-127-18-4\\\/#primaryimage\"},\"image\":{\"@id\":\"https:\\\/\\\/masterchem.lv\\\/en\\\/product\\\/perchloroethylene-cas-127-18-4\\\/#primaryimage\"},\"thumbnailUrl\":\"https:\\\/\\\/masterchem.lv\\\/wp-content\\\/uploads\\\/2023\\\/03\\\/TETRACHLOROETHYLENE-1000l-MaterChem-1.jpg\",\"datePublished\":\"2023-03-08T07:51:04+00:00\",\"dateModified\":\"2023-04-06T09:40:29+00:00\",\"description\":\"Perchloroethylene is a colorless liquid with a sharp smell, an organochlorine solvent. Does not burn, does not support burning, does not explode. CAS: 127-18-4\",\"breadcrumb\":{\"@id\":\"https:\\\/\\\/masterchem.lv\\\/en\\\/product\\\/perchloroethylene-cas-127-18-4\\\/#breadcrumb\"},\"inLanguage\":\"en-US\",\"potentialAction\":[{\"@type\":\"ReadAction\",\"target\":[\"https:\\\/\\\/masterchem.lv\\\/en\\\/product\\\/perchloroethylene-cas-127-18-4\\\/\"]}]},{\"@type\":\"ImageObject\",\"inLanguage\":\"en-US\",\"@id\":\"https:\\\/\\\/masterchem.lv\\\/en\\\/product\\\/perchloroethylene-cas-127-18-4\\\/#primaryimage\",\"url\":\"https:\\\/\\\/masterchem.lv\\\/wp-content\\\/uploads\\\/2023\\\/03\\\/TETRACHLOROETHYLENE-1000l-MaterChem-1.jpg\",\"contentUrl\":\"https:\\\/\\\/masterchem.lv\\\/wp-content\\\/uploads\\\/2023\\\/03\\\/TETRACHLOROETHYLENE-1000l-MaterChem-1.jpg\",\"width\":1000,\"height\":1000},{\"@type\":\"BreadcrumbList\",\"@id\":\"https:\\\/\\\/masterchem.lv\\\/en\\\/product\\\/perchloroethylene-cas-127-18-4\\\/#breadcrumb\",\"itemListElement\":[{\"@type\":\"ListItem\",\"position\":1,\"name\":\"Home\",\"item\":\"https:\\\/\\\/masterchem.lv\\\/en\\\/\"},{\"@type\":\"ListItem\",\"position\":2,\"name\":\"Shop\",\"item\":\"https:\\\/\\\/masterchem.lv\\\/shop\\\/\"},{\"@type\":\"ListItem\",\"position\":3,\"name\":\"Perchloroethylene (CAS 127-18-4)\"}]},{\"@type\":\"WebSite\",\"@id\":\"https:\\\/\\\/masterchem.lv\\\/en\\\/#website\",\"url\":\"https:\\\/\\\/masterchem.lv\\\/en\\\/\",\"name\":\"\u0136\u012bmija r\u016bpniec\u012bbai &mdash; &Scaron;\u0137\u012bdin\u0101t\u0101ji un \u0137\u012bmisk\u0101s vielas &mdash; Masterchem.ee\",\"description\":\"\u0136\u012bmija r\u016bpniec\u012bbai&nbsp;&mdash; &scaron;\u0137\u012bdin\u0101t\u0101ji un \u0137\u012bmisk\u0101s vielas\",\"potentialAction\":[{\"@type\":\"SearchAction\",\"target\":{\"@type\":\"EntryPoint\",\"urlTemplate\":\"https:\\\/\\\/masterchem.lv\\\/en\\\/?s={search_term_string}\"},\"query-input\":{\"@type\":\"PropertyValueSpecification\",\"valueRequired\":true,\"valueName\":\"search_term_string\"}}],\"inLanguage\":\"en-US\"}]}<\/script>\n<!-- \/ Yoast SEO plugin. -->","yoast_head_json":{"title":"Perchloroethylene (CAS 127-18-4) - \u0136\u012bmija r\u016bpniec\u012bbai &mdash; &Scaron;\u0137\u012bdin\u0101t\u0101ji un \u0137\u012bmisk\u0101s vielas &mdash; Masterchem.ee","description":"Perchloroethylene is a colorless liquid with a sharp smell, an organochlorine solvent. Does not burn, does not support burning, does not explode. CAS: 127-18-4","robots":{"index":"index","follow":"follow","max-snippet":"max-snippet:-1","max-image-preview":"max-image-preview:large","max-video-preview":"max-video-preview:-1"},"canonical":"https:\/\/masterchem.lv\/en\/product\/perchloroethylene-cas-127-18-4\/","og_locale":"en_US","og_type":"article","og_title":"Perchloroethylene (CAS 127-18-4) - \u0136\u012bmija r\u016bpniec\u012bbai &mdash; &Scaron;\u0137\u012bdin\u0101t\u0101ji un \u0137\u012bmisk\u0101s vielas &mdash; Masterchem.ee","og_description":"Perchloroethylene is a colorless liquid with a sharp smell, an organochlorine solvent. Does not burn, does not support burning, does not explode. CAS: 127-18-4","og_url":"https:\/\/masterchem.lv\/en\/product\/perchloroethylene-cas-127-18-4\/","og_site_name":"\u0136\u012bmija r\u016bpniec\u012bbai &mdash; &Scaron;\u0137\u012bdin\u0101t\u0101ji un \u0137\u012bmisk\u0101s vielas &mdash; Masterchem.ee","article_modified_time":"2023-04-06T09:40:29+00:00","og_image":[{"width":1000,"height":1000,"url":"https:\/\/masterchem.lv\/wp-content\/uploads\/2023\/03\/TETRACHLOROETHYLENE-1000l-MaterChem-1.jpg","type":"image\/jpeg"}],"twitter_card":"summary_large_image","twitter_misc":{"Est. reading time":"1 minute"},"schema":{"@context":"https:\/\/schema.org","@graph":[{"@type":"WebPage","@id":"https:\/\/masterchem.lv\/en\/product\/perchloroethylene-cas-127-18-4\/","url":"https:\/\/masterchem.lv\/en\/product\/perchloroethylene-cas-127-18-4\/","name":"Perchloroethylene (CAS 127-18-4) - \u0136\u012bmija r\u016bpniec\u012bbai &mdash; &Scaron;\u0137\u012bdin\u0101t\u0101ji un \u0137\u012bmisk\u0101s vielas &mdash; Masterchem.ee","isPartOf":{"@id":"https:\/\/masterchem.lv\/en\/#website"},"primaryImageOfPage":{"@id":"https:\/\/masterchem.lv\/en\/product\/perchloroethylene-cas-127-18-4\/#primaryimage"},"image":{"@id":"https:\/\/masterchem.lv\/en\/product\/perchloroethylene-cas-127-18-4\/#primaryimage"},"thumbnailUrl":"https:\/\/masterchem.lv\/wp-content\/uploads\/2023\/03\/TETRACHLOROETHYLENE-1000l-MaterChem-1.jpg","datePublished":"2023-03-08T07:51:04+00:00","dateModified":"2023-04-06T09:40:29+00:00","description":"Perchloroethylene is a colorless liquid with a sharp smell, an organochlorine solvent. Does not burn, does not support burning, does not explode. CAS: 127-18-4","breadcrumb":{"@id":"https:\/\/masterchem.lv\/en\/product\/perchloroethylene-cas-127-18-4\/#breadcrumb"},"inLanguage":"en-US","potentialAction":[{"@type":"ReadAction","target":["https:\/\/masterchem.lv\/en\/product\/perchloroethylene-cas-127-18-4\/"]}]},{"@type":"ImageObject","inLanguage":"en-US","@id":"https:\/\/masterchem.lv\/en\/product\/perchloroethylene-cas-127-18-4\/#primaryimage","url":"https:\/\/masterchem.lv\/wp-content\/uploads\/2023\/03\/TETRACHLOROETHYLENE-1000l-MaterChem-1.jpg","contentUrl":"https:\/\/masterchem.lv\/wp-content\/uploads\/2023\/03\/TETRACHLOROETHYLENE-1000l-MaterChem-1.jpg","width":1000,"height":1000},{"@type":"BreadcrumbList","@id":"https:\/\/masterchem.lv\/en\/product\/perchloroethylene-cas-127-18-4\/#breadcrumb","itemListElement":[{"@type":"ListItem","position":1,"name":"Home","item":"https:\/\/masterchem.lv\/en\/"},{"@type":"ListItem","position":2,"name":"Shop","item":"https:\/\/masterchem.lv\/shop\/"},{"@type":"ListItem","position":3,"name":"Perchloroethylene (CAS 127-18-4)"}]},{"@type":"WebSite","@id":"https:\/\/masterchem.lv\/en\/#website","url":"https:\/\/masterchem.lv\/en\/","name":"\u0136\u012bmija r\u016bpniec\u012bbai &mdash; &Scaron;\u0137\u012bdin\u0101t\u0101ji un \u0137\u012bmisk\u0101s vielas &mdash; Masterchem.ee","description":"\u0136\u012bmija r\u016bpniec\u012bbai&nbsp;&mdash; &scaron;\u0137\u012bdin\u0101t\u0101ji un \u0137\u012bmisk\u0101s vielas","potentialAction":[{"@type":"SearchAction","target":{"@type":"EntryPoint","urlTemplate":"https:\/\/masterchem.lv\/en\/?s={search_term_string}"},"query-input":{"@type":"PropertyValueSpecification","valueRequired":true,"valueName":"search_term_string"}}],"inLanguage":"en-US"}]}},"_links":{"self":[{"href":"https:\/\/masterchem.lv\/en\/wp-json\/wp\/v2\/product\/7373","targetHints":{"allow":["GET"]}}],"collection":[{"href":"https:\/\/masterchem.lv\/en\/wp-json\/wp\/v2\/product"}],"about":[{"href":"https:\/\/masterchem.lv\/en\/wp-json\/wp\/v2\/types\/product"}],"wp:featuredmedia":[{"embeddable":true,"href":"https:\/\/masterchem.lv\/en\/wp-json\/wp\/v2\/media\/6861"}],"wp:attachment":[{"href":"https:\/\/masterchem.lv\/en\/wp-json\/wp\/v2\/media?parent=7373"}],"wp:term":[{"taxonomy":"product_brand","embeddable":true,"href":"https:\/\/masterchem.lv\/en\/wp-json\/wp\/v2\/product_brand?post=7373"},{"taxonomy":"product_cat","embeddable":true,"href":"https:\/\/masterchem.lv\/en\/wp-json\/wp\/v2\/product_cat?post=7373"},{"taxonomy":"product_tag","embeddable":true,"href":"https:\/\/masterchem.lv\/en\/wp-json\/wp\/v2\/product_tag?post=7373"}],"curies":[{"name":"wp","href":"https:\/\/api.w.org\/{rel}","templated":true}]}}