{"id":7431,"date":"2023-03-08T07:51:20","date_gmt":"2023-03-08T07:51:20","guid":{"rendered":"https:\/\/masterchem.lv\/?post_type=product&#038;p=7431"},"modified":"2023-04-06T09:49:48","modified_gmt":"2023-04-06T09:49:48","slug":"thinner-nitro-ns-5001","status":"publish","type":"product","link":"https:\/\/masterchem.lv\/en\/product\/thinner-nitro-ns-5001\/","title":{"rendered":"Thinner Nitro NS-5001"},"content":{"rendered":"<p>MasterChem are one of the renowned name for manufacturing and supplying the best in class of Industrial Thinner. Our professionals make use of superior grade ingredients and latest machinery, for processing the offered thinner in compliance with the industry laid norms. Owing to its rich features such as right composition, optimum purity, longer shelf life and high thinning efficiency, the offered Industrial Thinner is highly appreciated among our patrons across the nation<strong>.<\/strong><\/p>\n<p>We can produce Thinners according yours conditions such as:<\/p>\n<ul>\n<li>VOC;<\/li>\n<li>Flash point;<\/li>\n<li>Density;<\/li>\n<li>Smell;<\/li>\n<li>Drying;<\/li>\n<li>and others.<\/li>\n<\/ul>\n<p>&nbsp;<\/p>\n<p><strong>Description: <\/strong><\/p>\n<p>Thinner NS-5001 is a mixture of esters, acetates, alcohol, aromatic solvents and ketones suitable diluents to all nitro products.<\/p>\n<p>&nbsp;<\/p>\n<p><strong>Application and use: <\/strong><\/p>\n<p>Nitro Thinner NS-5001 is manufactured for reducing viscosity lacquers before they are applied by different methods. Like high purity, fast-drying thinner blend for diluting Electrostatic materials. Also used to maintain and reduce the viscosity of coatings for application via spray or dipping processes.<\/p>\n<p><strong>Packaging:<\/strong><\/p>\n<p>500 ml metal can<\/p>\n<p>5 lit plastic can<\/p>\n<p>10 lit plastic can<\/p>\n<p>20 lit metal can UN<\/p>\n<p>25 lit plastic can<\/p>\n<p>200 lit drum\/barrel<\/p>\n<p>500 lit IBC container<\/p>\n<p>1000 lit IBC container<\/p>\n<p>24 mt BULK<\/p>\n<p>Tip: Store the product at a temperature between +5 \u00b0C and 35 \u00b0C and do not expose it to direct sunlight.<\/p>\n<p><strong>Properties:<\/strong><\/p>\n<p>Density: at 20 degrees C \u2013 0.855 g\/cm3 +-0.05<\/p>\n<p>Appearance : Clear and Colorless Liquid<\/p>\n","protected":false},"excerpt":{"rendered":"<p>Thinner NS-5001 is a mixture of esters, acetates, alcohol, aromatic solvents and ketones suitable diluents to all nitro products.<\/p>\n","protected":false},"featured_media":7485,"template":"","meta":{"_monsterinsights_skip_tracking":false,"_monsterinsights_sitenote_active":false,"_monsterinsights_sitenote_note":"","_monsterinsights_sitenote_category":0},"product_brand":[],"product_cat":[167,170,92,95,107,110,113],"product_tag":[],"class_list":{"0":"post-7431","1":"product","2":"type-product","3":"status-publish","4":"has-post-thumbnail","6":"product_cat-all-goods","7":"product_cat-car-and-machinery-chemicals","8":"product_cat-household-chemicals","9":"product_cat-metalworking-chemicals","10":"product_cat-road-painting","11":"product_cat-typography-chemicals","12":"product_cat-woodworking-chemicals","14":"first","15":"instock","16":"taxable","17":"shipping-taxable","18":"purchasable","19":"product-type-variable","20":"has-default-attributes"},"yoast_head":"<!-- This site is optimized with the Yoast SEO plugin v27.4 - https:\/\/yoast.com\/product\/yoast-seo-wordpress\/ -->\n<title>Thinner Nitro NS-5001 - \u0136\u012bmija r\u016bpniec\u012bbai &mdash; &Scaron;\u0137\u012bdin\u0101t\u0101ji un \u0137\u012bmisk\u0101s vielas &mdash; Masterchem.ee<\/title>\n<meta name=\"description\" content=\"Thinner NS-5001 is a mixture of esters, acetates, alcohol, aromatic solvents and ketones suitable diluents to all nitro products. NS-5001 is manufactured for reducing viscosity lacquers before they are applied by different methods. Like high purity, fast-drying thinner blend for diluting Electrostatic materials. Also used to maintain and reduce the viscosity of coatings for application via spray or dipping processes.\" \/>\n<meta name=\"robots\" content=\"index, follow, max-snippet:-1, max-image-preview:large, max-video-preview:-1\" \/>\n<link rel=\"canonical\" href=\"https:\/\/masterchem.lv\/en\/product\/thinner-nitro-ns-5001\/\" \/>\n<meta property=\"og:locale\" content=\"en_US\" \/>\n<meta property=\"og:type\" content=\"article\" \/>\n<meta property=\"og:title\" content=\"Thinner Nitro NS-5001 - \u0136\u012bmija r\u016bpniec\u012bbai &mdash; &Scaron;\u0137\u012bdin\u0101t\u0101ji un \u0137\u012bmisk\u0101s vielas &mdash; Masterchem.ee\" \/>\n<meta property=\"og:description\" content=\"Thinner NS-5001 is a mixture of esters, acetates, alcohol, aromatic solvents and ketones suitable diluents to all nitro products. NS-5001 is manufactured for reducing viscosity lacquers before they are applied by different methods. Like high purity, fast-drying thinner blend for diluting Electrostatic materials. Also used to maintain and reduce the viscosity of coatings for application via spray or dipping processes.\" \/>\n<meta property=\"og:url\" content=\"https:\/\/masterchem.lv\/en\/product\/thinner-nitro-ns-5001\/\" \/>\n<meta property=\"og:site_name\" content=\"\u0136\u012bmija r\u016bpniec\u012bbai &mdash; &Scaron;\u0137\u012bdin\u0101t\u0101ji un \u0137\u012bmisk\u0101s vielas &mdash; Masterchem.ee\" \/>\n<meta property=\"article:modified_time\" content=\"2023-04-06T09:49:48+00:00\" \/>\n<meta property=\"og:image\" content=\"https:\/\/masterchem.lv\/wp-content\/uploads\/2023\/03\/Nitro-thinner-NS-5001-1000L-1.jpg\" \/>\n\t<meta property=\"og:image:width\" content=\"700\" \/>\n\t<meta property=\"og:image:height\" content=\"700\" \/>\n\t<meta property=\"og:image:type\" content=\"image\/jpeg\" \/>\n<meta name=\"twitter:card\" content=\"summary_large_image\" \/>\n<meta name=\"twitter:label1\" content=\"Est. reading time\" \/>\n\t<meta name=\"twitter:data1\" content=\"2 minutes\" \/>\n<script type=\"application\/ld+json\" class=\"yoast-schema-graph\">{\"@context\":\"https:\\\/\\\/schema.org\",\"@graph\":[{\"@type\":\"WebPage\",\"@id\":\"https:\\\/\\\/masterchem.lv\\\/en\\\/product\\\/thinner-nitro-ns-5001\\\/\",\"url\":\"https:\\\/\\\/masterchem.lv\\\/en\\\/product\\\/thinner-nitro-ns-5001\\\/\",\"name\":\"Thinner Nitro NS-5001 - \u0136\u012bmija r\u016bpniec\u012bbai &mdash; &Scaron;\u0137\u012bdin\u0101t\u0101ji un \u0137\u012bmisk\u0101s vielas &mdash; Masterchem.ee\",\"isPartOf\":{\"@id\":\"https:\\\/\\\/masterchem.lv\\\/en\\\/#website\"},\"primaryImageOfPage\":{\"@id\":\"https:\\\/\\\/masterchem.lv\\\/en\\\/product\\\/thinner-nitro-ns-5001\\\/#primaryimage\"},\"image\":{\"@id\":\"https:\\\/\\\/masterchem.lv\\\/en\\\/product\\\/thinner-nitro-ns-5001\\\/#primaryimage\"},\"thumbnailUrl\":\"https:\\\/\\\/masterchem.lv\\\/wp-content\\\/uploads\\\/2023\\\/03\\\/Nitro-thinner-NS-5001-1000L-1.jpg\",\"datePublished\":\"2023-03-08T07:51:20+00:00\",\"dateModified\":\"2023-04-06T09:49:48+00:00\",\"description\":\"Thinner NS-5001 is a mixture of esters, acetates, alcohol, aromatic solvents and ketones suitable diluents to all nitro products. NS-5001 is manufactured for reducing viscosity lacquers before they are applied by different methods. Like high purity, fast-drying thinner blend for diluting Electrostatic materials. Also used to maintain and reduce the viscosity of coatings for application via spray or dipping processes.\",\"breadcrumb\":{\"@id\":\"https:\\\/\\\/masterchem.lv\\\/en\\\/product\\\/thinner-nitro-ns-5001\\\/#breadcrumb\"},\"inLanguage\":\"en-US\",\"potentialAction\":[{\"@type\":\"ReadAction\",\"target\":[\"https:\\\/\\\/masterchem.lv\\\/en\\\/product\\\/thinner-nitro-ns-5001\\\/\"]}]},{\"@type\":\"ImageObject\",\"inLanguage\":\"en-US\",\"@id\":\"https:\\\/\\\/masterchem.lv\\\/en\\\/product\\\/thinner-nitro-ns-5001\\\/#primaryimage\",\"url\":\"https:\\\/\\\/masterchem.lv\\\/wp-content\\\/uploads\\\/2023\\\/03\\\/Nitro-thinner-NS-5001-1000L-1.jpg\",\"contentUrl\":\"https:\\\/\\\/masterchem.lv\\\/wp-content\\\/uploads\\\/2023\\\/03\\\/Nitro-thinner-NS-5001-1000L-1.jpg\",\"width\":700,\"height\":700},{\"@type\":\"BreadcrumbList\",\"@id\":\"https:\\\/\\\/masterchem.lv\\\/en\\\/product\\\/thinner-nitro-ns-5001\\\/#breadcrumb\",\"itemListElement\":[{\"@type\":\"ListItem\",\"position\":1,\"name\":\"Home\",\"item\":\"https:\\\/\\\/masterchem.lv\\\/en\\\/\"},{\"@type\":\"ListItem\",\"position\":2,\"name\":\"Shop\",\"item\":\"https:\\\/\\\/masterchem.lv\\\/shop\\\/\"},{\"@type\":\"ListItem\",\"position\":3,\"name\":\"Thinner Nitro NS-5001\"}]},{\"@type\":\"WebSite\",\"@id\":\"https:\\\/\\\/masterchem.lv\\\/en\\\/#website\",\"url\":\"https:\\\/\\\/masterchem.lv\\\/en\\\/\",\"name\":\"\u0136\u012bmija r\u016bpniec\u012bbai &mdash; &Scaron;\u0137\u012bdin\u0101t\u0101ji un \u0137\u012bmisk\u0101s vielas &mdash; Masterchem.ee\",\"description\":\"\u0136\u012bmija r\u016bpniec\u012bbai&nbsp;&mdash; &scaron;\u0137\u012bdin\u0101t\u0101ji un \u0137\u012bmisk\u0101s vielas\",\"potentialAction\":[{\"@type\":\"SearchAction\",\"target\":{\"@type\":\"EntryPoint\",\"urlTemplate\":\"https:\\\/\\\/masterchem.lv\\\/en\\\/?s={search_term_string}\"},\"query-input\":{\"@type\":\"PropertyValueSpecification\",\"valueRequired\":true,\"valueName\":\"search_term_string\"}}],\"inLanguage\":\"en-US\"}]}<\/script>\n<!-- \/ Yoast SEO plugin. -->","yoast_head_json":{"title":"Thinner Nitro NS-5001 - \u0136\u012bmija r\u016bpniec\u012bbai &mdash; &Scaron;\u0137\u012bdin\u0101t\u0101ji un \u0137\u012bmisk\u0101s vielas &mdash; Masterchem.ee","description":"Thinner NS-5001 is a mixture of esters, acetates, alcohol, aromatic solvents and ketones suitable diluents to all nitro products. NS-5001 is manufactured for reducing viscosity lacquers before they are applied by different methods. Like high purity, fast-drying thinner blend for diluting Electrostatic materials. Also used to maintain and reduce the viscosity of coatings for application via spray or dipping processes.","robots":{"index":"index","follow":"follow","max-snippet":"max-snippet:-1","max-image-preview":"max-image-preview:large","max-video-preview":"max-video-preview:-1"},"canonical":"https:\/\/masterchem.lv\/en\/product\/thinner-nitro-ns-5001\/","og_locale":"en_US","og_type":"article","og_title":"Thinner Nitro NS-5001 - \u0136\u012bmija r\u016bpniec\u012bbai &mdash; &Scaron;\u0137\u012bdin\u0101t\u0101ji un \u0137\u012bmisk\u0101s vielas &mdash; Masterchem.ee","og_description":"Thinner NS-5001 is a mixture of esters, acetates, alcohol, aromatic solvents and ketones suitable diluents to all nitro products. NS-5001 is manufactured for reducing viscosity lacquers before they are applied by different methods. Like high purity, fast-drying thinner blend for diluting Electrostatic materials. Also used to maintain and reduce the viscosity of coatings for application via spray or dipping processes.","og_url":"https:\/\/masterchem.lv\/en\/product\/thinner-nitro-ns-5001\/","og_site_name":"\u0136\u012bmija r\u016bpniec\u012bbai &mdash; &Scaron;\u0137\u012bdin\u0101t\u0101ji un \u0137\u012bmisk\u0101s vielas &mdash; Masterchem.ee","article_modified_time":"2023-04-06T09:49:48+00:00","og_image":[{"width":700,"height":700,"url":"https:\/\/masterchem.lv\/wp-content\/uploads\/2023\/03\/Nitro-thinner-NS-5001-1000L-1.jpg","type":"image\/jpeg"}],"twitter_card":"summary_large_image","twitter_misc":{"Est. reading time":"2 minutes"},"schema":{"@context":"https:\/\/schema.org","@graph":[{"@type":"WebPage","@id":"https:\/\/masterchem.lv\/en\/product\/thinner-nitro-ns-5001\/","url":"https:\/\/masterchem.lv\/en\/product\/thinner-nitro-ns-5001\/","name":"Thinner Nitro NS-5001 - \u0136\u012bmija r\u016bpniec\u012bbai &mdash; &Scaron;\u0137\u012bdin\u0101t\u0101ji un \u0137\u012bmisk\u0101s vielas &mdash; Masterchem.ee","isPartOf":{"@id":"https:\/\/masterchem.lv\/en\/#website"},"primaryImageOfPage":{"@id":"https:\/\/masterchem.lv\/en\/product\/thinner-nitro-ns-5001\/#primaryimage"},"image":{"@id":"https:\/\/masterchem.lv\/en\/product\/thinner-nitro-ns-5001\/#primaryimage"},"thumbnailUrl":"https:\/\/masterchem.lv\/wp-content\/uploads\/2023\/03\/Nitro-thinner-NS-5001-1000L-1.jpg","datePublished":"2023-03-08T07:51:20+00:00","dateModified":"2023-04-06T09:49:48+00:00","description":"Thinner NS-5001 is a mixture of esters, acetates, alcohol, aromatic solvents and ketones suitable diluents to all nitro products. NS-5001 is manufactured for reducing viscosity lacquers before they are applied by different methods. Like high purity, fast-drying thinner blend for diluting Electrostatic materials. Also used to maintain and reduce the viscosity of coatings for application via spray or dipping processes.","breadcrumb":{"@id":"https:\/\/masterchem.lv\/en\/product\/thinner-nitro-ns-5001\/#breadcrumb"},"inLanguage":"en-US","potentialAction":[{"@type":"ReadAction","target":["https:\/\/masterchem.lv\/en\/product\/thinner-nitro-ns-5001\/"]}]},{"@type":"ImageObject","inLanguage":"en-US","@id":"https:\/\/masterchem.lv\/en\/product\/thinner-nitro-ns-5001\/#primaryimage","url":"https:\/\/masterchem.lv\/wp-content\/uploads\/2023\/03\/Nitro-thinner-NS-5001-1000L-1.jpg","contentUrl":"https:\/\/masterchem.lv\/wp-content\/uploads\/2023\/03\/Nitro-thinner-NS-5001-1000L-1.jpg","width":700,"height":700},{"@type":"BreadcrumbList","@id":"https:\/\/masterchem.lv\/en\/product\/thinner-nitro-ns-5001\/#breadcrumb","itemListElement":[{"@type":"ListItem","position":1,"name":"Home","item":"https:\/\/masterchem.lv\/en\/"},{"@type":"ListItem","position":2,"name":"Shop","item":"https:\/\/masterchem.lv\/shop\/"},{"@type":"ListItem","position":3,"name":"Thinner Nitro NS-5001"}]},{"@type":"WebSite","@id":"https:\/\/masterchem.lv\/en\/#website","url":"https:\/\/masterchem.lv\/en\/","name":"\u0136\u012bmija r\u016bpniec\u012bbai &mdash; &Scaron;\u0137\u012bdin\u0101t\u0101ji un \u0137\u012bmisk\u0101s vielas &mdash; Masterchem.ee","description":"\u0136\u012bmija r\u016bpniec\u012bbai&nbsp;&mdash; &scaron;\u0137\u012bdin\u0101t\u0101ji un \u0137\u012bmisk\u0101s vielas","potentialAction":[{"@type":"SearchAction","target":{"@type":"EntryPoint","urlTemplate":"https:\/\/masterchem.lv\/en\/?s={search_term_string}"},"query-input":{"@type":"PropertyValueSpecification","valueRequired":true,"valueName":"search_term_string"}}],"inLanguage":"en-US"}]}},"_links":{"self":[{"href":"https:\/\/masterchem.lv\/en\/wp-json\/wp\/v2\/product\/7431","targetHints":{"allow":["GET"]}}],"collection":[{"href":"https:\/\/masterchem.lv\/en\/wp-json\/wp\/v2\/product"}],"about":[{"href":"https:\/\/masterchem.lv\/en\/wp-json\/wp\/v2\/types\/product"}],"wp:featuredmedia":[{"embeddable":true,"href":"https:\/\/masterchem.lv\/en\/wp-json\/wp\/v2\/media\/7485"}],"wp:attachment":[{"href":"https:\/\/masterchem.lv\/en\/wp-json\/wp\/v2\/media?parent=7431"}],"wp:term":[{"taxonomy":"product_brand","embeddable":true,"href":"https:\/\/masterchem.lv\/en\/wp-json\/wp\/v2\/product_brand?post=7431"},{"taxonomy":"product_cat","embeddable":true,"href":"https:\/\/masterchem.lv\/en\/wp-json\/wp\/v2\/product_cat?post=7431"},{"taxonomy":"product_tag","embeddable":true,"href":"https:\/\/masterchem.lv\/en\/wp-json\/wp\/v2\/product_tag?post=7431"}],"curies":[{"name":"wp","href":"https:\/\/api.w.org\/{rel}","templated":true}]}}