{"id":7442,"date":"2023-03-08T07:51:21","date_gmt":"2023-03-08T07:51:21","guid":{"rendered":"https:\/\/masterchem.lv\/?post_type=product&#038;p=7442"},"modified":"2023-04-06T10:07:19","modified_gmt":"2023-04-06T10:07:19","slug":"ethanol-denaturated-cas-64-17-5","status":"publish","type":"product","link":"https:\/\/masterchem.lv\/en\/product\/ethanol-denaturated-cas-64-17-5\/","title":{"rendered":"Ethanol denaturated (CAS 64-17-5)"},"content":{"rendered":"<p><a href=\"https:\/\/masterchem.ee\/wp-content\/uploads\/2019\/09\/Denatureeritud-etanool-MasterChem-ohutuskaart-MSDS-EST-03-2020-sv.pdf\" target=\"_blank\" rel=\"noopener noreferrer\">Material Safety Data Sheets (MSDS)<\/a><\/p>\n<p><strong>Ethanol<\/strong>\u00a0(also called\u00a0<strong>ethyl alcohol<\/strong>,\u00a0<strong>grain alcohol<\/strong>,\u00a0 or simply\u00a0<strong>alcohol<\/strong>, Un 1170, Un1170) is a\u00a0chemical compound, a simple\u00a0alcohol\u00a0with the chemical formula\u00a0C<sub>2<\/sub>H<sub>6<\/sub>O. Its formula can be also written as\u00a0CH<sub>3<\/sub>\u2212CH<sub>2<\/sub>\u2212OH\u00a0or\u00a0C<sub>2<\/sub>H<sub>5<\/sub>OH\u00a0(an\u00a0ethyl group\u00a0linked to a\u00a0hydroxyl\u00a0group), and is often abbreviated\u00a0as\u00a0<strong>EtOH<\/strong>. Ethanol is a\u00a0volatile,\u00a0flammable, colorless liquid with a slight characteristic odor.<\/p>\n<p>We offer only Ethanol denaturated.<\/p>\n<p>CAS Number 64-17-5<\/p>\n<p>EC number 200-578-6<\/p>\n<p><strong>Application and use: <\/strong><\/p>\n<p>Ethyl alcohol is used in:<\/p>\n<p>&#8211; Pharmacy as an external antiseptic for the disinfection of hands and surgical instruments<\/p>\n<p>&#8211; perfumes for the production of cosmetics, as the main component of aerosols, perfumes, colognes, and is also part of such cosmetics as shampoos, shower gels, toothpastes<\/p>\n<p>&#8211; In auto repair shops, this liquid is used for degreasing a metal surface, for painting a body, cleaning aggregates (ethyl alcohol EA8099)<\/p>\n<p>&#8211; for domestic needs, it is space heating, cooking, detergent and a hand sanitizer (for example ethyl alcohol EA8099), to clean the surface of grease and oils<\/p>\n<p>&#8211; c, non-freezing fluid in the heating systems of earthen loops, we have presented products with different freezing temperatures and different packaging<\/p>\n<p>&#8211; the chemical industry is a solvent, it is used as a raw material for the production of certain chemicals, a component in the production of glass cleaning liquids for automobiles (we have products with different freezing temperatures and different packaging).<\/p>\n<p>&#8211; in the printing industry as a solvent for washing equipment. We offer both a pure product (ethyl alcohol EA8099) and as a mixture where 90% ethanol and 10% ethyl acetate is a solvent product EE-9010.<\/p>\n<p>&#8211; in the paint and varnish industry is used for the production of stains, dyes, solvents for flushing equipment.<\/p>\n<p>&#8211; in the glass industry for degreasing surfaces<\/p>\n<p>&#8211; in the leather industry, this is an essential element in tanning leather<\/p>\n<p>&#8211; in electronics: in the manufacture of microcircuits, as a necessary substance for the maintenance of equipment (for example, for cleaning it).<\/p>\n<p><strong>Packaging: <\/strong><\/p>\n<p>0,5 lit metal bottle<\/p>\n<p>5 lit plastic can<\/p>\n<p>10 lit plastic can<\/p>\n<p>20 lit metal can UN<\/p>\n<p>25 lit plastic can<\/p>\n<p>200 lit drum\/barrel<\/p>\n<p>500 lit IBC container<\/p>\n<p>1000 lit IBC container<\/p>\n<p>24 mt bulk<\/p>\n<p>Tip: Store the product at a temperature between 0 \u00b0C and 35 \u00b0C and do not expose it to direct sunlight.<\/p>\n<p><strong>Properties: <\/strong><\/p>\n<p>Density: at 20 degrees C \u2013 0.78 g\/cm3 +-0.01<\/p>\n<p>Color \u2013 colorless liquid<\/p>\n","protected":false},"excerpt":{"rendered":"<p><strong>Ethanol<\/strong>\u00a0(also called\u00a0<strong>ethyl alcohol<\/strong>,\u00a0<strong>grain alcohol<\/strong>,\u00a0 or simply\u00a0<strong>alcohol<\/strong>) is a\u00a0chemical compound, a simple\u00a0alcohol\u00a0with the chemical formula\u00a0C<sub>2<\/sub>H<sub>6<\/sub>O. Its formula can be also written as\u00a0CH<sub>3<\/sub>\u2212CH<sub>2<\/sub>\u2212OH\u00a0or\u00a0C<sub>2<\/sub>H<sub>5<\/sub>OH\u00a0(an\u00a0ethyl group\u00a0linked to a\u00a0hydroxyl\u00a0group), and is often abbreviated\u00a0as\u00a0<strong>EtOH<\/strong>. Ethanol is a\u00a0volatile,\u00a0flammable, colorless liquid with a slight characteristic odor.<\/p>\n<p><a target=\"_blank\" href=\"https:\/\/masterchem.ee\/wp-content\/uploads\/2019\/09\/Denaturated-Ethyl-Alcohol-Masterchem.pdf\" class=\"pdf\" alt=\"Ethanol denaturated specification (TDS)\" title=\"Ethanol denaturated specification (TDS)\" rel=\"noopener\">Ethanol denaturated specification (TDS)<\/a><\/p>\n","protected":false},"featured_media":7575,"template":"","meta":{"_monsterinsights_skip_tracking":false,"_monsterinsights_sitenote_active":false,"_monsterinsights_sitenote_note":"","_monsterinsights_sitenote_category":0},"product_brand":[],"product_cat":[167,169,88,170,92,95,101,107,110,113],"product_tag":[],"class_list":{"0":"post-7442","1":"product","2":"type-product","3":"status-publish","4":"has-post-thumbnail","6":"product_cat-all-goods","7":"product_cat-antifreezing-liquids","8":"product_cat-building-industry","9":"product_cat-car-and-machinery-chemicals","10":"product_cat-household-chemicals","11":"product_cat-metalworking-chemicals","12":"product_cat-pharmaceuticals","13":"product_cat-road-painting","14":"product_cat-typography-chemicals","15":"product_cat-woodworking-chemicals","17":"first","18":"instock","19":"taxable","20":"shipping-taxable","21":"purchasable","22":"product-type-variable","23":"has-default-attributes"},"yoast_head":"<!-- This site is optimized with the Yoast SEO plugin v27.4 - https:\/\/yoast.com\/product\/yoast-seo-wordpress\/ -->\n<title>Ethanol denaturated (CAS 64-17-5) - \u0136\u012bmija r\u016bpniec\u012bbai &mdash; &Scaron;\u0137\u012bdin\u0101t\u0101ji un \u0137\u012bmisk\u0101s vielas &mdash; Masterchem.ee<\/title>\n<meta name=\"description\" content=\"Ethanol (also called ethyl alcohol, grain alcohol, or simply alcohol) is a chemical compound, a simple alcohol with the chemical formula C2H6O. Its formula can be also written as CH3\u2212CH2\u2212OH or C2H5OH (an ethyl group linked to a hydroxyl group), and is often abbreviated as EtOH. Ethanol is a volatile, flammable, colorless liquid with a slight characteristic odor. We offer only Ethanol denaturated. CAS 64-17-5\" \/>\n<meta name=\"robots\" content=\"index, follow, max-snippet:-1, max-image-preview:large, max-video-preview:-1\" \/>\n<link rel=\"canonical\" href=\"https:\/\/masterchem.lv\/en\/product\/ethanol-denaturated-cas-64-17-5\/\" \/>\n<meta property=\"og:locale\" content=\"en_US\" \/>\n<meta property=\"og:type\" content=\"article\" \/>\n<meta property=\"og:title\" content=\"Ethanol denaturated (CAS 64-17-5) - \u0136\u012bmija r\u016bpniec\u012bbai &mdash; &Scaron;\u0137\u012bdin\u0101t\u0101ji un \u0137\u012bmisk\u0101s vielas &mdash; Masterchem.ee\" \/>\n<meta property=\"og:description\" content=\"Ethanol (also called ethyl alcohol, grain alcohol, or simply alcohol) is a chemical compound, a simple alcohol with the chemical formula C2H6O. Its formula can be also written as CH3\u2212CH2\u2212OH or C2H5OH (an ethyl group linked to a hydroxyl group), and is often abbreviated as EtOH. Ethanol is a volatile, flammable, colorless liquid with a slight characteristic odor. We offer only Ethanol denaturated. CAS 64-17-5\" \/>\n<meta property=\"og:url\" content=\"https:\/\/masterchem.lv\/en\/product\/ethanol-denaturated-cas-64-17-5\/\" \/>\n<meta property=\"og:site_name\" content=\"\u0136\u012bmija r\u016bpniec\u012bbai &mdash; &Scaron;\u0137\u012bdin\u0101t\u0101ji un \u0137\u012bmisk\u0101s vielas &mdash; Masterchem.ee\" \/>\n<meta property=\"article:modified_time\" content=\"2023-04-06T10:07:19+00:00\" \/>\n<meta property=\"og:image\" content=\"https:\/\/masterchem.lv\/wp-content\/uploads\/2023\/03\/Etanool_Denatureeritud_1000l_MaterChem-2-1.jpg\" \/>\n\t<meta property=\"og:image:width\" content=\"1000\" \/>\n\t<meta property=\"og:image:height\" content=\"1000\" \/>\n\t<meta property=\"og:image:type\" content=\"image\/jpeg\" \/>\n<meta name=\"twitter:card\" content=\"summary_large_image\" \/>\n<meta name=\"twitter:label1\" content=\"Est. reading time\" \/>\n\t<meta name=\"twitter:data1\" content=\"3 minutes\" \/>\n<script type=\"application\/ld+json\" class=\"yoast-schema-graph\">{\"@context\":\"https:\\\/\\\/schema.org\",\"@graph\":[{\"@type\":\"WebPage\",\"@id\":\"https:\\\/\\\/masterchem.lv\\\/en\\\/product\\\/ethanol-denaturated-cas-64-17-5\\\/\",\"url\":\"https:\\\/\\\/masterchem.lv\\\/en\\\/product\\\/ethanol-denaturated-cas-64-17-5\\\/\",\"name\":\"Ethanol denaturated (CAS 64-17-5) - \u0136\u012bmija r\u016bpniec\u012bbai &mdash; &Scaron;\u0137\u012bdin\u0101t\u0101ji un \u0137\u012bmisk\u0101s vielas &mdash; Masterchem.ee\",\"isPartOf\":{\"@id\":\"https:\\\/\\\/masterchem.lv\\\/en\\\/#website\"},\"primaryImageOfPage\":{\"@id\":\"https:\\\/\\\/masterchem.lv\\\/en\\\/product\\\/ethanol-denaturated-cas-64-17-5\\\/#primaryimage\"},\"image\":{\"@id\":\"https:\\\/\\\/masterchem.lv\\\/en\\\/product\\\/ethanol-denaturated-cas-64-17-5\\\/#primaryimage\"},\"thumbnailUrl\":\"https:\\\/\\\/masterchem.lv\\\/wp-content\\\/uploads\\\/2023\\\/03\\\/Etanool_Denatureeritud_1000l_MaterChem-2-1.jpg\",\"datePublished\":\"2023-03-08T07:51:21+00:00\",\"dateModified\":\"2023-04-06T10:07:19+00:00\",\"description\":\"Ethanol (also called ethyl alcohol, grain alcohol, or simply alcohol) is a chemical compound, a simple alcohol with the chemical formula C2H6O. Its formula can be also written as CH3\u2212CH2\u2212OH or C2H5OH (an ethyl group linked to a hydroxyl group), and is often abbreviated as EtOH. Ethanol is a volatile, flammable, colorless liquid with a slight characteristic odor. We offer only Ethanol denaturated. CAS 64-17-5\",\"breadcrumb\":{\"@id\":\"https:\\\/\\\/masterchem.lv\\\/en\\\/product\\\/ethanol-denaturated-cas-64-17-5\\\/#breadcrumb\"},\"inLanguage\":\"en-US\",\"potentialAction\":[{\"@type\":\"ReadAction\",\"target\":[\"https:\\\/\\\/masterchem.lv\\\/en\\\/product\\\/ethanol-denaturated-cas-64-17-5\\\/\"]}]},{\"@type\":\"ImageObject\",\"inLanguage\":\"en-US\",\"@id\":\"https:\\\/\\\/masterchem.lv\\\/en\\\/product\\\/ethanol-denaturated-cas-64-17-5\\\/#primaryimage\",\"url\":\"https:\\\/\\\/masterchem.lv\\\/wp-content\\\/uploads\\\/2023\\\/03\\\/Etanool_Denatureeritud_1000l_MaterChem-2-1.jpg\",\"contentUrl\":\"https:\\\/\\\/masterchem.lv\\\/wp-content\\\/uploads\\\/2023\\\/03\\\/Etanool_Denatureeritud_1000l_MaterChem-2-1.jpg\",\"width\":1000,\"height\":1000},{\"@type\":\"BreadcrumbList\",\"@id\":\"https:\\\/\\\/masterchem.lv\\\/en\\\/product\\\/ethanol-denaturated-cas-64-17-5\\\/#breadcrumb\",\"itemListElement\":[{\"@type\":\"ListItem\",\"position\":1,\"name\":\"Home\",\"item\":\"https:\\\/\\\/masterchem.lv\\\/en\\\/\"},{\"@type\":\"ListItem\",\"position\":2,\"name\":\"Shop\",\"item\":\"https:\\\/\\\/masterchem.lv\\\/shop\\\/\"},{\"@type\":\"ListItem\",\"position\":3,\"name\":\"Ethanol denaturated (CAS 64-17-5)\"}]},{\"@type\":\"WebSite\",\"@id\":\"https:\\\/\\\/masterchem.lv\\\/en\\\/#website\",\"url\":\"https:\\\/\\\/masterchem.lv\\\/en\\\/\",\"name\":\"\u0136\u012bmija r\u016bpniec\u012bbai &mdash; &Scaron;\u0137\u012bdin\u0101t\u0101ji un \u0137\u012bmisk\u0101s vielas &mdash; Masterchem.ee\",\"description\":\"\u0136\u012bmija r\u016bpniec\u012bbai&nbsp;&mdash; &scaron;\u0137\u012bdin\u0101t\u0101ji un \u0137\u012bmisk\u0101s vielas\",\"potentialAction\":[{\"@type\":\"SearchAction\",\"target\":{\"@type\":\"EntryPoint\",\"urlTemplate\":\"https:\\\/\\\/masterchem.lv\\\/en\\\/?s={search_term_string}\"},\"query-input\":{\"@type\":\"PropertyValueSpecification\",\"valueRequired\":true,\"valueName\":\"search_term_string\"}}],\"inLanguage\":\"en-US\"}]}<\/script>\n<!-- \/ Yoast SEO plugin. -->","yoast_head_json":{"title":"Ethanol denaturated (CAS 64-17-5) - \u0136\u012bmija r\u016bpniec\u012bbai &mdash; &Scaron;\u0137\u012bdin\u0101t\u0101ji un \u0137\u012bmisk\u0101s vielas &mdash; Masterchem.ee","description":"Ethanol (also called ethyl alcohol, grain alcohol, or simply alcohol) is a chemical compound, a simple alcohol with the chemical formula C2H6O. Its formula can be also written as CH3\u2212CH2\u2212OH or C2H5OH (an ethyl group linked to a hydroxyl group), and is often abbreviated as EtOH. Ethanol is a volatile, flammable, colorless liquid with a slight characteristic odor. We offer only Ethanol denaturated. CAS 64-17-5","robots":{"index":"index","follow":"follow","max-snippet":"max-snippet:-1","max-image-preview":"max-image-preview:large","max-video-preview":"max-video-preview:-1"},"canonical":"https:\/\/masterchem.lv\/en\/product\/ethanol-denaturated-cas-64-17-5\/","og_locale":"en_US","og_type":"article","og_title":"Ethanol denaturated (CAS 64-17-5) - \u0136\u012bmija r\u016bpniec\u012bbai &mdash; &Scaron;\u0137\u012bdin\u0101t\u0101ji un \u0137\u012bmisk\u0101s vielas &mdash; Masterchem.ee","og_description":"Ethanol (also called ethyl alcohol, grain alcohol, or simply alcohol) is a chemical compound, a simple alcohol with the chemical formula C2H6O. Its formula can be also written as CH3\u2212CH2\u2212OH or C2H5OH (an ethyl group linked to a hydroxyl group), and is often abbreviated as EtOH. Ethanol is a volatile, flammable, colorless liquid with a slight characteristic odor. We offer only Ethanol denaturated. CAS 64-17-5","og_url":"https:\/\/masterchem.lv\/en\/product\/ethanol-denaturated-cas-64-17-5\/","og_site_name":"\u0136\u012bmija r\u016bpniec\u012bbai &mdash; &Scaron;\u0137\u012bdin\u0101t\u0101ji un \u0137\u012bmisk\u0101s vielas &mdash; Masterchem.ee","article_modified_time":"2023-04-06T10:07:19+00:00","og_image":[{"width":1000,"height":1000,"url":"https:\/\/masterchem.lv\/wp-content\/uploads\/2023\/03\/Etanool_Denatureeritud_1000l_MaterChem-2-1.jpg","type":"image\/jpeg"}],"twitter_card":"summary_large_image","twitter_misc":{"Est. reading time":"3 minutes"},"schema":{"@context":"https:\/\/schema.org","@graph":[{"@type":"WebPage","@id":"https:\/\/masterchem.lv\/en\/product\/ethanol-denaturated-cas-64-17-5\/","url":"https:\/\/masterchem.lv\/en\/product\/ethanol-denaturated-cas-64-17-5\/","name":"Ethanol denaturated (CAS 64-17-5) - \u0136\u012bmija r\u016bpniec\u012bbai &mdash; &Scaron;\u0137\u012bdin\u0101t\u0101ji un \u0137\u012bmisk\u0101s vielas &mdash; Masterchem.ee","isPartOf":{"@id":"https:\/\/masterchem.lv\/en\/#website"},"primaryImageOfPage":{"@id":"https:\/\/masterchem.lv\/en\/product\/ethanol-denaturated-cas-64-17-5\/#primaryimage"},"image":{"@id":"https:\/\/masterchem.lv\/en\/product\/ethanol-denaturated-cas-64-17-5\/#primaryimage"},"thumbnailUrl":"https:\/\/masterchem.lv\/wp-content\/uploads\/2023\/03\/Etanool_Denatureeritud_1000l_MaterChem-2-1.jpg","datePublished":"2023-03-08T07:51:21+00:00","dateModified":"2023-04-06T10:07:19+00:00","description":"Ethanol (also called ethyl alcohol, grain alcohol, or simply alcohol) is a chemical compound, a simple alcohol with the chemical formula C2H6O. Its formula can be also written as CH3\u2212CH2\u2212OH or C2H5OH (an ethyl group linked to a hydroxyl group), and is often abbreviated as EtOH. Ethanol is a volatile, flammable, colorless liquid with a slight characteristic odor. We offer only Ethanol denaturated. CAS 64-17-5","breadcrumb":{"@id":"https:\/\/masterchem.lv\/en\/product\/ethanol-denaturated-cas-64-17-5\/#breadcrumb"},"inLanguage":"en-US","potentialAction":[{"@type":"ReadAction","target":["https:\/\/masterchem.lv\/en\/product\/ethanol-denaturated-cas-64-17-5\/"]}]},{"@type":"ImageObject","inLanguage":"en-US","@id":"https:\/\/masterchem.lv\/en\/product\/ethanol-denaturated-cas-64-17-5\/#primaryimage","url":"https:\/\/masterchem.lv\/wp-content\/uploads\/2023\/03\/Etanool_Denatureeritud_1000l_MaterChem-2-1.jpg","contentUrl":"https:\/\/masterchem.lv\/wp-content\/uploads\/2023\/03\/Etanool_Denatureeritud_1000l_MaterChem-2-1.jpg","width":1000,"height":1000},{"@type":"BreadcrumbList","@id":"https:\/\/masterchem.lv\/en\/product\/ethanol-denaturated-cas-64-17-5\/#breadcrumb","itemListElement":[{"@type":"ListItem","position":1,"name":"Home","item":"https:\/\/masterchem.lv\/en\/"},{"@type":"ListItem","position":2,"name":"Shop","item":"https:\/\/masterchem.lv\/shop\/"},{"@type":"ListItem","position":3,"name":"Ethanol denaturated (CAS 64-17-5)"}]},{"@type":"WebSite","@id":"https:\/\/masterchem.lv\/en\/#website","url":"https:\/\/masterchem.lv\/en\/","name":"\u0136\u012bmija r\u016bpniec\u012bbai &mdash; &Scaron;\u0137\u012bdin\u0101t\u0101ji un \u0137\u012bmisk\u0101s vielas &mdash; Masterchem.ee","description":"\u0136\u012bmija r\u016bpniec\u012bbai&nbsp;&mdash; &scaron;\u0137\u012bdin\u0101t\u0101ji un \u0137\u012bmisk\u0101s vielas","potentialAction":[{"@type":"SearchAction","target":{"@type":"EntryPoint","urlTemplate":"https:\/\/masterchem.lv\/en\/?s={search_term_string}"},"query-input":{"@type":"PropertyValueSpecification","valueRequired":true,"valueName":"search_term_string"}}],"inLanguage":"en-US"}]}},"_links":{"self":[{"href":"https:\/\/masterchem.lv\/en\/wp-json\/wp\/v2\/product\/7442","targetHints":{"allow":["GET"]}}],"collection":[{"href":"https:\/\/masterchem.lv\/en\/wp-json\/wp\/v2\/product"}],"about":[{"href":"https:\/\/masterchem.lv\/en\/wp-json\/wp\/v2\/types\/product"}],"wp:featuredmedia":[{"embeddable":true,"href":"https:\/\/masterchem.lv\/en\/wp-json\/wp\/v2\/media\/7575"}],"wp:attachment":[{"href":"https:\/\/masterchem.lv\/en\/wp-json\/wp\/v2\/media?parent=7442"}],"wp:term":[{"taxonomy":"product_brand","embeddable":true,"href":"https:\/\/masterchem.lv\/en\/wp-json\/wp\/v2\/product_brand?post=7442"},{"taxonomy":"product_cat","embeddable":true,"href":"https:\/\/masterchem.lv\/en\/wp-json\/wp\/v2\/product_cat?post=7442"},{"taxonomy":"product_tag","embeddable":true,"href":"https:\/\/masterchem.lv\/en\/wp-json\/wp\/v2\/product_tag?post=7442"}],"curies":[{"name":"wp","href":"https:\/\/api.w.org\/{rel}","templated":true}]}}