{"id":7556,"date":"2023-03-08T07:51:47","date_gmt":"2023-03-08T07:51:47","guid":{"rendered":"https:\/\/masterchem.lv\/?post_type=product&#038;p=7556"},"modified":"2026-04-06T08:00:45","modified_gmt":"2026-04-06T08:00:45","slug":"windscreen-washer-summer-masterchem","status":"publish","type":"product","link":"https:\/\/masterchem.lv\/en\/product\/windscreen-washer-summer-masterchem\/","title":{"rendered":"Windscreen washer summer MasterChem"},"content":{"rendered":"<p><b><a href=\"https:\/\/masterchem.ee\/wp-content\/uploads\/2019\/09\/Klaasipesuvedelik-Suvine-MasterChem-tootekirjaldus-TDS.pdf\">Klaasipesuvedelik Suvine MasterChem tootekirjaldus TDS<\/a><\/b><\/p>\n<p><b>Chemical name:<\/b> \u00a0 \u00a0 <b>Windshield Washer Fluid <\/b><\/p>\n<p><b>Product type:<\/b>\u00a0 \u00a0 Ready for use<\/p>\n<p><b>Packing:<\/b>\u00a0 \u00a0 4 lit. canister, 200 lit drums, 1000 L container IBC<\/p>\n<p><b>Country of origin:\u00a0 <\/b>Estonia<\/p>\n<p><b>Freezing Point\u00a0 0 \u00b0C<\/b><\/p>\n<p><b>Appearance:<\/b> \u00a0 red or green liquid, clear, without mechanical impurity<\/p>\n<p><b>Density at 20\u00baC:<\/b>\u00a0 0.99 +-0.01\u00a0 Kg\/m\u00b3, liquid<\/p>\n<p><b>PH \u00a0 <\/b>6.5 to 7.5<\/p>\n<p><b>Main content, %:<\/b> \u00a0 99.8-99.9<\/p>\n<p><b>Recommended storage temperature<\/b> Minimum: 0 C Maximum: 38 C<\/p>\n<p><b>Shelf life (in original sealed pack):<\/b> 12 mounts<\/p>\n","protected":false},"excerpt":{"rendered":"<p>Ready to use windshield washer fluid for summer use. Contains special additives (nano) to remove insect debris and dirt from the windscreen. Does not damage rubber or plastic parts. Made by MasterChem.<\/p>\n<p><a target=\"_blank\" href=\"https:\/\/masterchem.ee\/wp-content\/uploads\/2019\/09\/Klaasipesuvedelik-Suvine-ILVA-ENG.pdf\" class=\"pdf\" alt=\"Windscreen Washer Specification (TDS)\" title=\"Windscreen Washer Specification (TDS)\" rel=\"noopener\">Windscreen Washer Specification (TDS)<\/a><\/p>\n","protected":false},"featured_media":7638,"template":"","meta":{"_monsterinsights_skip_tracking":false,"_monsterinsights_sitenote_active":false,"_monsterinsights_sitenote_note":"","_monsterinsights_sitenote_category":0},"product_brand":[],"product_cat":[167,169,170,92],"product_tag":[],"class_list":{"0":"post-7556","1":"product","2":"type-product","3":"status-publish","4":"has-post-thumbnail","6":"product_cat-all-goods","7":"product_cat-antifreezing-liquids","8":"product_cat-car-and-machinery-chemicals","9":"product_cat-household-chemicals","10":"product_shipping_class-regular","12":"first","13":"instock","14":"taxable","15":"shipping-taxable","16":"purchasable","17":"product-type-variable","18":"has-default-attributes"},"yoast_head":"<!-- This site is optimized with the Yoast SEO plugin v27.3 - https:\/\/yoast.com\/product\/yoast-seo-wordpress\/ -->\n<title>Windscreen washer summer MasterChem - \u0136\u012bmija r\u016bpniec\u012bbai &mdash; &Scaron;\u0137\u012bdin\u0101t\u0101ji un \u0137\u012bmisk\u0101s vielas &mdash; Masterchem.ee<\/title>\n<meta name=\"description\" content=\"Ready to use windshield washer fluid for summer use. Contains special additives (nano) to remove insect debris and dirt from the windscreen. Does not damage rubber or plastic parts.\" \/>\n<meta name=\"robots\" content=\"index, follow, max-snippet:-1, max-image-preview:large, max-video-preview:-1\" \/>\n<link rel=\"canonical\" href=\"https:\/\/masterchem.lv\/en\/product\/windscreen-washer-summer-masterchem\/\" \/>\n<meta property=\"og:locale\" content=\"en_US\" \/>\n<meta property=\"og:type\" content=\"article\" \/>\n<meta property=\"og:title\" content=\"Windscreen washer summer MasterChem - \u0136\u012bmija r\u016bpniec\u012bbai &mdash; &Scaron;\u0137\u012bdin\u0101t\u0101ji un \u0137\u012bmisk\u0101s vielas &mdash; Masterchem.ee\" \/>\n<meta property=\"og:description\" content=\"Ready to use windshield washer fluid for summer use. Contains special additives (nano) to remove insect debris and dirt from the windscreen. Does not damage rubber or plastic parts.\" \/>\n<meta property=\"og:url\" content=\"https:\/\/masterchem.lv\/en\/product\/windscreen-washer-summer-masterchem\/\" \/>\n<meta property=\"og:site_name\" content=\"\u0136\u012bmija r\u016bpniec\u012bbai &mdash; &Scaron;\u0137\u012bdin\u0101t\u0101ji un \u0137\u012bmisk\u0101s vielas &mdash; Masterchem.ee\" \/>\n<meta property=\"article:modified_time\" content=\"2026-04-06T08:00:45+00:00\" \/>\n<meta property=\"og:image\" content=\"https:\/\/masterchem.lv\/wp-content\/uploads\/2023\/03\/P1010058-1.jpg\" \/>\n\t<meta property=\"og:image:width\" content=\"1000\" \/>\n\t<meta property=\"og:image:height\" content=\"750\" \/>\n\t<meta property=\"og:image:type\" content=\"image\/jpeg\" \/>\n<meta name=\"twitter:card\" content=\"summary_large_image\" \/>\n<meta name=\"twitter:label1\" content=\"Est. reading time\" \/>\n\t<meta name=\"twitter:data1\" content=\"1 minute\" \/>\n<script type=\"application\/ld+json\" class=\"yoast-schema-graph\">{\"@context\":\"https:\\\/\\\/schema.org\",\"@graph\":[{\"@type\":\"WebPage\",\"@id\":\"https:\\\/\\\/masterchem.lv\\\/en\\\/product\\\/windscreen-washer-summer-masterchem\\\/\",\"url\":\"https:\\\/\\\/masterchem.lv\\\/en\\\/product\\\/windscreen-washer-summer-masterchem\\\/\",\"name\":\"Windscreen washer summer MasterChem - \u0136\u012bmija r\u016bpniec\u012bbai &mdash; &Scaron;\u0137\u012bdin\u0101t\u0101ji un \u0137\u012bmisk\u0101s vielas &mdash; Masterchem.ee\",\"isPartOf\":{\"@id\":\"https:\\\/\\\/masterchem.lv\\\/en\\\/#website\"},\"primaryImageOfPage\":{\"@id\":\"https:\\\/\\\/masterchem.lv\\\/en\\\/product\\\/windscreen-washer-summer-masterchem\\\/#primaryimage\"},\"image\":{\"@id\":\"https:\\\/\\\/masterchem.lv\\\/en\\\/product\\\/windscreen-washer-summer-masterchem\\\/#primaryimage\"},\"thumbnailUrl\":\"https:\\\/\\\/masterchem.lv\\\/wp-content\\\/uploads\\\/2023\\\/03\\\/P1010058-1.jpg\",\"datePublished\":\"2023-03-08T07:51:47+00:00\",\"dateModified\":\"2026-04-06T08:00:45+00:00\",\"description\":\"Ready to use windshield washer fluid for summer use. Contains special additives (nano) to remove insect debris and dirt from the windscreen. Does not damage rubber or plastic parts.\",\"breadcrumb\":{\"@id\":\"https:\\\/\\\/masterchem.lv\\\/en\\\/product\\\/windscreen-washer-summer-masterchem\\\/#breadcrumb\"},\"inLanguage\":\"en-US\",\"potentialAction\":[{\"@type\":\"ReadAction\",\"target\":[\"https:\\\/\\\/masterchem.lv\\\/en\\\/product\\\/windscreen-washer-summer-masterchem\\\/\"]}]},{\"@type\":\"ImageObject\",\"inLanguage\":\"en-US\",\"@id\":\"https:\\\/\\\/masterchem.lv\\\/en\\\/product\\\/windscreen-washer-summer-masterchem\\\/#primaryimage\",\"url\":\"https:\\\/\\\/masterchem.lv\\\/wp-content\\\/uploads\\\/2023\\\/03\\\/P1010058-1.jpg\",\"contentUrl\":\"https:\\\/\\\/masterchem.lv\\\/wp-content\\\/uploads\\\/2023\\\/03\\\/P1010058-1.jpg\",\"width\":1000,\"height\":750},{\"@type\":\"BreadcrumbList\",\"@id\":\"https:\\\/\\\/masterchem.lv\\\/en\\\/product\\\/windscreen-washer-summer-masterchem\\\/#breadcrumb\",\"itemListElement\":[{\"@type\":\"ListItem\",\"position\":1,\"name\":\"Home\",\"item\":\"https:\\\/\\\/masterchem.lv\\\/en\\\/\"},{\"@type\":\"ListItem\",\"position\":2,\"name\":\"Shop\",\"item\":\"https:\\\/\\\/masterchem.lv\\\/shop\\\/\"},{\"@type\":\"ListItem\",\"position\":3,\"name\":\"Windscreen washer summer MasterChem\"}]},{\"@type\":\"WebSite\",\"@id\":\"https:\\\/\\\/masterchem.lv\\\/en\\\/#website\",\"url\":\"https:\\\/\\\/masterchem.lv\\\/en\\\/\",\"name\":\"\u0136\u012bmija r\u016bpniec\u012bbai &mdash; &Scaron;\u0137\u012bdin\u0101t\u0101ji un \u0137\u012bmisk\u0101s vielas &mdash; Masterchem.ee\",\"description\":\"\u0136\u012bmija r\u016bpniec\u012bbai&nbsp;&mdash; &scaron;\u0137\u012bdin\u0101t\u0101ji un \u0137\u012bmisk\u0101s vielas\",\"potentialAction\":[{\"@type\":\"SearchAction\",\"target\":{\"@type\":\"EntryPoint\",\"urlTemplate\":\"https:\\\/\\\/masterchem.lv\\\/en\\\/?s={search_term_string}\"},\"query-input\":{\"@type\":\"PropertyValueSpecification\",\"valueRequired\":true,\"valueName\":\"search_term_string\"}}],\"inLanguage\":\"en-US\"}]}<\/script>\n<!-- \/ Yoast SEO plugin. -->","yoast_head_json":{"title":"Windscreen washer summer MasterChem - \u0136\u012bmija r\u016bpniec\u012bbai &mdash; &Scaron;\u0137\u012bdin\u0101t\u0101ji un \u0137\u012bmisk\u0101s vielas &mdash; Masterchem.ee","description":"Ready to use windshield washer fluid for summer use. Contains special additives (nano) to remove insect debris and dirt from the windscreen. Does not damage rubber or plastic parts.","robots":{"index":"index","follow":"follow","max-snippet":"max-snippet:-1","max-image-preview":"max-image-preview:large","max-video-preview":"max-video-preview:-1"},"canonical":"https:\/\/masterchem.lv\/en\/product\/windscreen-washer-summer-masterchem\/","og_locale":"en_US","og_type":"article","og_title":"Windscreen washer summer MasterChem - \u0136\u012bmija r\u016bpniec\u012bbai &mdash; &Scaron;\u0137\u012bdin\u0101t\u0101ji un \u0137\u012bmisk\u0101s vielas &mdash; Masterchem.ee","og_description":"Ready to use windshield washer fluid for summer use. Contains special additives (nano) to remove insect debris and dirt from the windscreen. Does not damage rubber or plastic parts.","og_url":"https:\/\/masterchem.lv\/en\/product\/windscreen-washer-summer-masterchem\/","og_site_name":"\u0136\u012bmija r\u016bpniec\u012bbai &mdash; &Scaron;\u0137\u012bdin\u0101t\u0101ji un \u0137\u012bmisk\u0101s vielas &mdash; Masterchem.ee","article_modified_time":"2026-04-06T08:00:45+00:00","og_image":[{"width":1000,"height":750,"url":"https:\/\/masterchem.lv\/wp-content\/uploads\/2023\/03\/P1010058-1.jpg","type":"image\/jpeg"}],"twitter_card":"summary_large_image","twitter_misc":{"Est. reading time":"1 minute"},"schema":{"@context":"https:\/\/schema.org","@graph":[{"@type":"WebPage","@id":"https:\/\/masterchem.lv\/en\/product\/windscreen-washer-summer-masterchem\/","url":"https:\/\/masterchem.lv\/en\/product\/windscreen-washer-summer-masterchem\/","name":"Windscreen washer summer MasterChem - \u0136\u012bmija r\u016bpniec\u012bbai &mdash; &Scaron;\u0137\u012bdin\u0101t\u0101ji un \u0137\u012bmisk\u0101s vielas &mdash; Masterchem.ee","isPartOf":{"@id":"https:\/\/masterchem.lv\/en\/#website"},"primaryImageOfPage":{"@id":"https:\/\/masterchem.lv\/en\/product\/windscreen-washer-summer-masterchem\/#primaryimage"},"image":{"@id":"https:\/\/masterchem.lv\/en\/product\/windscreen-washer-summer-masterchem\/#primaryimage"},"thumbnailUrl":"https:\/\/masterchem.lv\/wp-content\/uploads\/2023\/03\/P1010058-1.jpg","datePublished":"2023-03-08T07:51:47+00:00","dateModified":"2026-04-06T08:00:45+00:00","description":"Ready to use windshield washer fluid for summer use. Contains special additives (nano) to remove insect debris and dirt from the windscreen. Does not damage rubber or plastic parts.","breadcrumb":{"@id":"https:\/\/masterchem.lv\/en\/product\/windscreen-washer-summer-masterchem\/#breadcrumb"},"inLanguage":"en-US","potentialAction":[{"@type":"ReadAction","target":["https:\/\/masterchem.lv\/en\/product\/windscreen-washer-summer-masterchem\/"]}]},{"@type":"ImageObject","inLanguage":"en-US","@id":"https:\/\/masterchem.lv\/en\/product\/windscreen-washer-summer-masterchem\/#primaryimage","url":"https:\/\/masterchem.lv\/wp-content\/uploads\/2023\/03\/P1010058-1.jpg","contentUrl":"https:\/\/masterchem.lv\/wp-content\/uploads\/2023\/03\/P1010058-1.jpg","width":1000,"height":750},{"@type":"BreadcrumbList","@id":"https:\/\/masterchem.lv\/en\/product\/windscreen-washer-summer-masterchem\/#breadcrumb","itemListElement":[{"@type":"ListItem","position":1,"name":"Home","item":"https:\/\/masterchem.lv\/en\/"},{"@type":"ListItem","position":2,"name":"Shop","item":"https:\/\/masterchem.lv\/shop\/"},{"@type":"ListItem","position":3,"name":"Windscreen washer summer MasterChem"}]},{"@type":"WebSite","@id":"https:\/\/masterchem.lv\/en\/#website","url":"https:\/\/masterchem.lv\/en\/","name":"\u0136\u012bmija r\u016bpniec\u012bbai &mdash; &Scaron;\u0137\u012bdin\u0101t\u0101ji un \u0137\u012bmisk\u0101s vielas &mdash; Masterchem.ee","description":"\u0136\u012bmija r\u016bpniec\u012bbai&nbsp;&mdash; &scaron;\u0137\u012bdin\u0101t\u0101ji un \u0137\u012bmisk\u0101s vielas","potentialAction":[{"@type":"SearchAction","target":{"@type":"EntryPoint","urlTemplate":"https:\/\/masterchem.lv\/en\/?s={search_term_string}"},"query-input":{"@type":"PropertyValueSpecification","valueRequired":true,"valueName":"search_term_string"}}],"inLanguage":"en-US"}]}},"_links":{"self":[{"href":"https:\/\/masterchem.lv\/en\/wp-json\/wp\/v2\/product\/7556","targetHints":{"allow":["GET"]}}],"collection":[{"href":"https:\/\/masterchem.lv\/en\/wp-json\/wp\/v2\/product"}],"about":[{"href":"https:\/\/masterchem.lv\/en\/wp-json\/wp\/v2\/types\/product"}],"wp:featuredmedia":[{"embeddable":true,"href":"https:\/\/masterchem.lv\/en\/wp-json\/wp\/v2\/media\/7638"}],"wp:attachment":[{"href":"https:\/\/masterchem.lv\/en\/wp-json\/wp\/v2\/media?parent=7556"}],"wp:term":[{"taxonomy":"product_brand","embeddable":true,"href":"https:\/\/masterchem.lv\/en\/wp-json\/wp\/v2\/product_brand?post=7556"},{"taxonomy":"product_cat","embeddable":true,"href":"https:\/\/masterchem.lv\/en\/wp-json\/wp\/v2\/product_cat?post=7556"},{"taxonomy":"product_tag","embeddable":true,"href":"https:\/\/masterchem.lv\/en\/wp-json\/wp\/v2\/product_tag?post=7556"}],"curies":[{"name":"wp","href":"https:\/\/api.w.org\/{rel}","templated":true}]}}