{"id":7573,"date":"2023-03-08T07:51:48","date_gmt":"2023-03-08T07:51:48","guid":{"rendered":"https:\/\/masterchem.lv\/?post_type=product&#038;p=7573"},"modified":"2026-03-27T11:28:55","modified_gmt":"2026-03-27T11:28:55","slug":"antifreeze-coolant-longlife-38c","status":"publish","type":"product","link":"https:\/\/masterchem.lv\/en\/product\/antifreeze-coolant-longlife-38c\/","title":{"rendered":"Antifreeze\/coolant longlife \u2013 38\u00b0C"},"content":{"rendered":"<p><strong>Trade name: ANTIFREEZE\/COOLANT LONGLIFE \u2013 38\u00b0C red<\/strong><br \/>\nProduct type: Ready for use<br \/>\nReady-to-use coolant for vehicles is intended for use in all types of modern cooling systems, as specified by the vehicle manufacturer. Protects the cooling system at temperatures above -38 \u00b0 Conforms to next standards:<br \/>\nASTM D3306, ASTM D4985, BS 6580 (2010), SAE J 1034, FFV Heft R443, CUNA NC 956-16, UNE 26361-88, NATO S759<br \/>\nCummins 85T8-2 &amp; 90T8-4, Ford ESE M97B49-A, WSS-M97B44-D &amp; ESD M97 B49-A, Chrysler MS 9176, GM 1899 M, G13, VW TL774D, G11, G12, G48, John Deere H24 B1 &amp; C1, US 6277 M &amp; OPEL GM QL130100, Leyland Trucks LTS 22 AF 10, MAN 248, 324 (SNF) &amp; B&amp;W D 36 5600, Mack 014GS 17004,<br \/>\nMercedes MB 325.3, VAG TL 774F, VOLVO , Renault 41-01-001<\/p>\n<p><strong>Properties:<\/strong><br \/>\n<strong>Colour: red<\/strong><br \/>\n<strong>Density relative at 20 (\u00b0C) g\/cm3: 1,076<\/strong><br \/>\n<strong>Freezing point (\u00b0C): 50% in DI water: -38 \u00b0C<\/strong><br \/>\n<strong>Boiling point (\u00b0C): 107 \u00b0C<\/strong><br \/>\n<strong>pH (ASTM D-1119): 10,5<\/strong><\/p>\n<p>H302 &#8211; Harmful if swallowed<br \/>\nH373 &#8211; May cause damage to organs through prolonged or repeated exposure (if swallowed)<br \/>\nP102: Keep out of the reach of children<br \/>\nP260: Do not breathe dust \/ fume \/ gas \/ mist \/ vapors \/ spray.<br \/>\nP264: Wash thoroughly after handling<br \/>\nP301 + P312: IF SWALLOWED: Call a POISON CENTER \/ doctor if you feel unwell.<br \/>\nP330: Rinse mouth<br \/>\nP501: Dispose of contents\/container to site for specific waste collection<\/p>\n","protected":false},"excerpt":{"rendered":"<p>Ready-to-use coolant for vehicles is intended for use in all types of modern cooling systems, as specified by the vehicle manufacturer. Protects the cooling system at temperatures above -38\u00b0C.<\/p>\n","protected":false},"featured_media":7676,"template":"","meta":{"_monsterinsights_skip_tracking":false,"_monsterinsights_sitenote_active":false,"_monsterinsights_sitenote_note":"","_monsterinsights_sitenote_category":0},"product_brand":[],"product_cat":[167,65,169,88,170,92,95,107,110,113],"product_tag":[],"class_list":{"0":"post-7573","1":"product","2":"type-product","3":"status-publish","4":"has-post-thumbnail","6":"product_cat-all-goods","7":"product_cat-antifreeze","8":"product_cat-antifreezing-liquids","9":"product_cat-building-industry","10":"product_cat-car-and-machinery-chemicals","11":"product_cat-household-chemicals","12":"product_cat-metalworking-chemicals","13":"product_cat-road-painting","14":"product_cat-typography-chemicals","15":"product_cat-woodworking-chemicals","17":"first","18":"instock","19":"taxable","20":"shipping-taxable","21":"purchasable","22":"product-type-variable","23":"has-default-attributes"},"yoast_head":"<!-- This site is optimized with the Yoast SEO plugin v27.4 - https:\/\/yoast.com\/product\/yoast-seo-wordpress\/ -->\n<title>Antifreeze\/coolant longlife \u2013 38\u00b0C<\/title>\n<meta name=\"description\" content=\"Ready-to-use coolant for vehicles is intended for use in all types of modern cooling systems, as specified by the vehicle manufacturer. Protects the cooling system at temperatures above -38\u00b0C.\" \/>\n<meta name=\"robots\" content=\"index, follow, max-snippet:-1, max-image-preview:large, max-video-preview:-1\" \/>\n<link rel=\"canonical\" href=\"https:\/\/masterchem.lv\/en\/product\/antifreeze-coolant-longlife-38c\/\" \/>\n<meta property=\"og:locale\" content=\"en_US\" \/>\n<meta property=\"og:type\" content=\"article\" \/>\n<meta property=\"og:title\" content=\"Antifreeze\/coolant longlife \u2013 38\u00b0C\" \/>\n<meta property=\"og:description\" content=\"Ready-to-use coolant for vehicles is intended for use in all types of modern cooling systems, as specified by the vehicle manufacturer. Protects the cooling system at temperatures above -38\u00b0C.\" \/>\n<meta property=\"og:url\" content=\"https:\/\/masterchem.lv\/en\/product\/antifreeze-coolant-longlife-38c\/\" \/>\n<meta property=\"og:site_name\" content=\"\u0136\u012bmija r\u016bpniec\u012bbai &mdash; &Scaron;\u0137\u012bdin\u0101t\u0101ji un \u0137\u012bmisk\u0101s vielas &mdash; Masterchem.ee\" \/>\n<meta property=\"article:modified_time\" content=\"2026-03-27T11:28:55+00:00\" \/>\n<meta property=\"og:image\" content=\"https:\/\/masterchem.lv\/wp-content\/uploads\/2023\/03\/Antifreeze-Coolant-Longlife-1.jpg\" \/>\n\t<meta property=\"og:image:width\" content=\"700\" \/>\n\t<meta property=\"og:image:height\" content=\"700\" \/>\n\t<meta property=\"og:image:type\" content=\"image\/jpeg\" \/>\n<meta name=\"twitter:card\" content=\"summary_large_image\" \/>\n<meta name=\"twitter:label1\" content=\"Est. reading time\" \/>\n\t<meta name=\"twitter:data1\" content=\"2 minutes\" \/>\n<script type=\"application\/ld+json\" class=\"yoast-schema-graph\">{\"@context\":\"https:\\\/\\\/schema.org\",\"@graph\":[{\"@type\":\"WebPage\",\"@id\":\"https:\\\/\\\/masterchem.lv\\\/en\\\/product\\\/antifreeze-coolant-longlife-38c\\\/\",\"url\":\"https:\\\/\\\/masterchem.lv\\\/en\\\/product\\\/antifreeze-coolant-longlife-38c\\\/\",\"name\":\"Antifreeze\\\/coolant longlife \u2013 38\u00b0C\",\"isPartOf\":{\"@id\":\"https:\\\/\\\/masterchem.lv\\\/en\\\/#website\"},\"primaryImageOfPage\":{\"@id\":\"https:\\\/\\\/masterchem.lv\\\/en\\\/product\\\/antifreeze-coolant-longlife-38c\\\/#primaryimage\"},\"image\":{\"@id\":\"https:\\\/\\\/masterchem.lv\\\/en\\\/product\\\/antifreeze-coolant-longlife-38c\\\/#primaryimage\"},\"thumbnailUrl\":\"https:\\\/\\\/masterchem.lv\\\/wp-content\\\/uploads\\\/2023\\\/03\\\/Antifreeze-Coolant-Longlife-1.jpg\",\"datePublished\":\"2023-03-08T07:51:48+00:00\",\"dateModified\":\"2026-03-27T11:28:55+00:00\",\"description\":\"Ready-to-use coolant for vehicles is intended for use in all types of modern cooling systems, as specified by the vehicle manufacturer. Protects the cooling system at temperatures above -38\u00b0C.\",\"breadcrumb\":{\"@id\":\"https:\\\/\\\/masterchem.lv\\\/en\\\/product\\\/antifreeze-coolant-longlife-38c\\\/#breadcrumb\"},\"inLanguage\":\"en-US\",\"potentialAction\":[{\"@type\":\"ReadAction\",\"target\":[\"https:\\\/\\\/masterchem.lv\\\/en\\\/product\\\/antifreeze-coolant-longlife-38c\\\/\"]}]},{\"@type\":\"ImageObject\",\"inLanguage\":\"en-US\",\"@id\":\"https:\\\/\\\/masterchem.lv\\\/en\\\/product\\\/antifreeze-coolant-longlife-38c\\\/#primaryimage\",\"url\":\"https:\\\/\\\/masterchem.lv\\\/wp-content\\\/uploads\\\/2023\\\/03\\\/Antifreeze-Coolant-Longlife-1.jpg\",\"contentUrl\":\"https:\\\/\\\/masterchem.lv\\\/wp-content\\\/uploads\\\/2023\\\/03\\\/Antifreeze-Coolant-Longlife-1.jpg\",\"width\":700,\"height\":700},{\"@type\":\"BreadcrumbList\",\"@id\":\"https:\\\/\\\/masterchem.lv\\\/en\\\/product\\\/antifreeze-coolant-longlife-38c\\\/#breadcrumb\",\"itemListElement\":[{\"@type\":\"ListItem\",\"position\":1,\"name\":\"Home\",\"item\":\"https:\\\/\\\/masterchem.lv\\\/en\\\/\"},{\"@type\":\"ListItem\",\"position\":2,\"name\":\"Shop\",\"item\":\"https:\\\/\\\/masterchem.lv\\\/shop\\\/\"},{\"@type\":\"ListItem\",\"position\":3,\"name\":\"Antifreeze\\\/coolant longlife \u2013 38\u00b0C\"}]},{\"@type\":\"WebSite\",\"@id\":\"https:\\\/\\\/masterchem.lv\\\/en\\\/#website\",\"url\":\"https:\\\/\\\/masterchem.lv\\\/en\\\/\",\"name\":\"\u0136\u012bmija r\u016bpniec\u012bbai &mdash; &Scaron;\u0137\u012bdin\u0101t\u0101ji un \u0137\u012bmisk\u0101s vielas &mdash; Masterchem.ee\",\"description\":\"\u0136\u012bmija r\u016bpniec\u012bbai&nbsp;&mdash; &scaron;\u0137\u012bdin\u0101t\u0101ji un \u0137\u012bmisk\u0101s vielas\",\"potentialAction\":[{\"@type\":\"SearchAction\",\"target\":{\"@type\":\"EntryPoint\",\"urlTemplate\":\"https:\\\/\\\/masterchem.lv\\\/en\\\/?s={search_term_string}\"},\"query-input\":{\"@type\":\"PropertyValueSpecification\",\"valueRequired\":true,\"valueName\":\"search_term_string\"}}],\"inLanguage\":\"en-US\"}]}<\/script>\n<!-- \/ Yoast SEO plugin. -->","yoast_head_json":{"title":"Antifreeze\/coolant longlife \u2013 38\u00b0C","description":"Ready-to-use coolant for vehicles is intended for use in all types of modern cooling systems, as specified by the vehicle manufacturer. Protects the cooling system at temperatures above -38\u00b0C.","robots":{"index":"index","follow":"follow","max-snippet":"max-snippet:-1","max-image-preview":"max-image-preview:large","max-video-preview":"max-video-preview:-1"},"canonical":"https:\/\/masterchem.lv\/en\/product\/antifreeze-coolant-longlife-38c\/","og_locale":"en_US","og_type":"article","og_title":"Antifreeze\/coolant longlife \u2013 38\u00b0C","og_description":"Ready-to-use coolant for vehicles is intended for use in all types of modern cooling systems, as specified by the vehicle manufacturer. Protects the cooling system at temperatures above -38\u00b0C.","og_url":"https:\/\/masterchem.lv\/en\/product\/antifreeze-coolant-longlife-38c\/","og_site_name":"\u0136\u012bmija r\u016bpniec\u012bbai &mdash; &Scaron;\u0137\u012bdin\u0101t\u0101ji un \u0137\u012bmisk\u0101s vielas &mdash; Masterchem.ee","article_modified_time":"2026-03-27T11:28:55+00:00","og_image":[{"width":700,"height":700,"url":"https:\/\/masterchem.lv\/wp-content\/uploads\/2023\/03\/Antifreeze-Coolant-Longlife-1.jpg","type":"image\/jpeg"}],"twitter_card":"summary_large_image","twitter_misc":{"Est. reading time":"2 minutes"},"schema":{"@context":"https:\/\/schema.org","@graph":[{"@type":"WebPage","@id":"https:\/\/masterchem.lv\/en\/product\/antifreeze-coolant-longlife-38c\/","url":"https:\/\/masterchem.lv\/en\/product\/antifreeze-coolant-longlife-38c\/","name":"Antifreeze\/coolant longlife \u2013 38\u00b0C","isPartOf":{"@id":"https:\/\/masterchem.lv\/en\/#website"},"primaryImageOfPage":{"@id":"https:\/\/masterchem.lv\/en\/product\/antifreeze-coolant-longlife-38c\/#primaryimage"},"image":{"@id":"https:\/\/masterchem.lv\/en\/product\/antifreeze-coolant-longlife-38c\/#primaryimage"},"thumbnailUrl":"https:\/\/masterchem.lv\/wp-content\/uploads\/2023\/03\/Antifreeze-Coolant-Longlife-1.jpg","datePublished":"2023-03-08T07:51:48+00:00","dateModified":"2026-03-27T11:28:55+00:00","description":"Ready-to-use coolant for vehicles is intended for use in all types of modern cooling systems, as specified by the vehicle manufacturer. Protects the cooling system at temperatures above -38\u00b0C.","breadcrumb":{"@id":"https:\/\/masterchem.lv\/en\/product\/antifreeze-coolant-longlife-38c\/#breadcrumb"},"inLanguage":"en-US","potentialAction":[{"@type":"ReadAction","target":["https:\/\/masterchem.lv\/en\/product\/antifreeze-coolant-longlife-38c\/"]}]},{"@type":"ImageObject","inLanguage":"en-US","@id":"https:\/\/masterchem.lv\/en\/product\/antifreeze-coolant-longlife-38c\/#primaryimage","url":"https:\/\/masterchem.lv\/wp-content\/uploads\/2023\/03\/Antifreeze-Coolant-Longlife-1.jpg","contentUrl":"https:\/\/masterchem.lv\/wp-content\/uploads\/2023\/03\/Antifreeze-Coolant-Longlife-1.jpg","width":700,"height":700},{"@type":"BreadcrumbList","@id":"https:\/\/masterchem.lv\/en\/product\/antifreeze-coolant-longlife-38c\/#breadcrumb","itemListElement":[{"@type":"ListItem","position":1,"name":"Home","item":"https:\/\/masterchem.lv\/en\/"},{"@type":"ListItem","position":2,"name":"Shop","item":"https:\/\/masterchem.lv\/shop\/"},{"@type":"ListItem","position":3,"name":"Antifreeze\/coolant longlife \u2013 38\u00b0C"}]},{"@type":"WebSite","@id":"https:\/\/masterchem.lv\/en\/#website","url":"https:\/\/masterchem.lv\/en\/","name":"\u0136\u012bmija r\u016bpniec\u012bbai &mdash; &Scaron;\u0137\u012bdin\u0101t\u0101ji un \u0137\u012bmisk\u0101s vielas &mdash; Masterchem.ee","description":"\u0136\u012bmija r\u016bpniec\u012bbai&nbsp;&mdash; &scaron;\u0137\u012bdin\u0101t\u0101ji un \u0137\u012bmisk\u0101s vielas","potentialAction":[{"@type":"SearchAction","target":{"@type":"EntryPoint","urlTemplate":"https:\/\/masterchem.lv\/en\/?s={search_term_string}"},"query-input":{"@type":"PropertyValueSpecification","valueRequired":true,"valueName":"search_term_string"}}],"inLanguage":"en-US"}]}},"_links":{"self":[{"href":"https:\/\/masterchem.lv\/en\/wp-json\/wp\/v2\/product\/7573","targetHints":{"allow":["GET"]}}],"collection":[{"href":"https:\/\/masterchem.lv\/en\/wp-json\/wp\/v2\/product"}],"about":[{"href":"https:\/\/masterchem.lv\/en\/wp-json\/wp\/v2\/types\/product"}],"wp:featuredmedia":[{"embeddable":true,"href":"https:\/\/masterchem.lv\/en\/wp-json\/wp\/v2\/media\/7676"}],"wp:attachment":[{"href":"https:\/\/masterchem.lv\/en\/wp-json\/wp\/v2\/media?parent=7573"}],"wp:term":[{"taxonomy":"product_brand","embeddable":true,"href":"https:\/\/masterchem.lv\/en\/wp-json\/wp\/v2\/product_brand?post=7573"},{"taxonomy":"product_cat","embeddable":true,"href":"https:\/\/masterchem.lv\/en\/wp-json\/wp\/v2\/product_cat?post=7573"},{"taxonomy":"product_tag","embeddable":true,"href":"https:\/\/masterchem.lv\/en\/wp-json\/wp\/v2\/product_tag?post=7573"}],"curies":[{"name":"wp","href":"https:\/\/api.w.org\/{rel}","templated":true}]}}