{"id":7661,"date":"2023-03-08T07:52:10","date_gmt":"2023-03-08T07:52:10","guid":{"rendered":"https:\/\/masterchem.lv\/?post_type=product&#038;p=7661"},"modified":"2024-02-29T11:50:53","modified_gmt":"2024-02-29T11:50:53","slug":"styrene-cas-100-42-5","status":"publish","type":"product","link":"https:\/\/masterchem.lv\/en\/product\/styrene-cas-100-42-5\/","title":{"rendered":"Styrene (CAS 100-42-5)"},"content":{"rendered":"<p><strong>Description:<\/strong><\/p>\n<p><strong><a href=\"https:\/\/masterchem.ee\/wp-content\/uploads\/2020\/02\/Styrene_TDS_Masterchem_01_2020_EN.pdf\" target=\"_blank\" rel=\"noopener noreferrer\">Product Specification (TDS)<\/a><\/strong><\/p>\n<p><strong>Styrene<\/strong>, also known as\u00a0<strong>ethenylbenzene<\/strong>,\u00a0<strong>vinylbenzene<\/strong>, and\u00a0<strong>phenylethene<\/strong>, is an\u00a0<a href=\"https:\/\/en.wikipedia.org\/wiki\/Organic_compound\">organic compound<\/a>\u00a0with the\u00a0<a href=\"https:\/\/en.wikipedia.org\/wiki\/Chemical_formula\">chemical formula<\/a>\u00a0C<sub>6<\/sub>H<sub>5<\/sub>CH=CH<sub>2<\/sub>. This derivative of\u00a0<a href=\"https:\/\/en.wikipedia.org\/wiki\/Benzene\">benzene<\/a> is a colourless oily\u00a0<a href=\"https:\/\/en.wikipedia.org\/wiki\/Liquid\">liquid<\/a> that evaporates easily and has a sweet smell, although high concentrations have a less pleasant odour. Styrene is the precursor to\u00a0<a href=\"https:\/\/en.wikipedia.org\/wiki\/Polystyrene\">polystyrene<\/a>\u00a0and several copolymers.<\/p>\n<p><strong>Application and use: <\/strong><\/p>\n<p>Styrene is used almost exclusively for the production of polymers. Numerous types of styrene-based polymers include polystyrene, polystyrene (expanded polystyrene), styrene-modified polyesters, ABS plastics (acrylonitrile-butadiene-styrene) and SAN (styrene-acrylonitrile).<\/p>\n<p><strong>Packaging:<\/strong><br \/>\n200 lit drum\/barrel<br \/>\n500 lit IBC container<br \/>\n1000 lit IBC container<br \/>\n24 MT BULK<\/p>\n<p>Tip: Store and transportation product at a temperature between -25 \u00b0C and 25 \u00b0C and do not expose it to direct sunlight.<\/p>\n<p><strong>Properties:<\/strong><\/p>\n<p><strong>CAS Number 100-42-5<\/strong><\/p>\n<p><strong>Appearance: colorless oily liquid<\/strong><\/p>\n<p>Density: at 20 degrees C \u2013 0.909 g\/cm3 +-0.05<\/p>\n<p>Color \u2013 colorless liquid<\/p>\n","protected":false},"excerpt":{"rendered":"<p><strong>Styrene<\/strong>, also known as\u00a0<strong>ethenylbenzene<\/strong>,\u00a0<strong>vinylbenzene<\/strong>, and\u00a0<strong>phenylethene<\/strong>, is an\u00a0<a href=\"https:\/\/en.wikipedia.org\/wiki\/Organic_compound\">organic compound<\/a>\u00a0with the\u00a0<a href=\"https:\/\/en.wikipedia.org\/wiki\/Chemical_formula\">chemical formula<\/a>\u00a0C<sub>6<\/sub>H<sub>5<\/sub>CH=CH<sub>2<\/sub>. This derivative of\u00a0<a href=\"https:\/\/en.wikipedia.org\/wiki\/Benzene\">benzene<\/a>\u00a0is a colorless oily\u00a0<a href=\"https:\/\/en.wikipedia.org\/wiki\/Liquid\">liquid<\/a>\u00a0that evaporates easily and has a sweet smell, although high concentrations have a less pleasant odor. Styrene is the precursor to\u00a0polystyrene\u00a0and several copolymers.<\/p>\n<p><a target=\"_blank\" href=\"https:\/\/masterchem.ee\/wp-content\/uploads\/2020\/02\/Styrene-Masterchem-TDS.pdf\" class=\"pdf\" alt=\"Product Specification (TDS)\" title=\"Product Specification (TDS)\" rel=\"noopener\">Product Specification (TDS)<\/a><\/p>\n","protected":false},"featured_media":7715,"template":"","meta":{"_monsterinsights_skip_tracking":false,"_monsterinsights_sitenote_active":false,"_monsterinsights_sitenote_note":"","_monsterinsights_sitenote_category":0},"product_brand":[],"product_cat":[167,88,95,101,107],"product_tag":[],"class_list":{"0":"post-7661","1":"product","2":"type-product","3":"status-publish","4":"has-post-thumbnail","6":"product_cat-all-goods","7":"product_cat-building-industry","8":"product_cat-metalworking-chemicals","9":"product_cat-pharmaceuticals","10":"product_cat-road-painting","12":"first","13":"instock","14":"taxable","15":"shipping-taxable","16":"purchasable","17":"product-type-variable","18":"has-default-attributes"},"yoast_head":"<!-- This site is optimized with the Yoast SEO plugin v27.4 - https:\/\/yoast.com\/product\/yoast-seo-wordpress\/ -->\n<title>Styrene (CAS 100-42-5) - \u0136\u012bmija r\u016bpniec\u012bbai &mdash; &Scaron;\u0137\u012bdin\u0101t\u0101ji un \u0137\u012bmisk\u0101s vielas &mdash; Masterchem.ee<\/title>\n<meta name=\"description\" content=\"Styrene, also known as\u00a0ethenylbenzene,\u00a0vinylbenzene, and\u00a0phenylethene, is an\u00a0organic compound. This derivative of\u00a0benzene is a colourless oily\u00a0liquid that evaporates easily and has a sweet smell, although high concentrations have a less pleasant odour. CAS 100-42-5\" \/>\n<meta name=\"robots\" content=\"index, follow, max-snippet:-1, max-image-preview:large, max-video-preview:-1\" \/>\n<link rel=\"canonical\" href=\"https:\/\/masterchem.lv\/en\/product\/styrene-cas-100-42-5\/\" \/>\n<meta property=\"og:locale\" content=\"en_US\" \/>\n<meta property=\"og:type\" content=\"article\" \/>\n<meta property=\"og:title\" content=\"Styrene (CAS 100-42-5) - \u0136\u012bmija r\u016bpniec\u012bbai &mdash; &Scaron;\u0137\u012bdin\u0101t\u0101ji un \u0137\u012bmisk\u0101s vielas &mdash; Masterchem.ee\" \/>\n<meta property=\"og:description\" content=\"Styrene, also known as\u00a0ethenylbenzene,\u00a0vinylbenzene, and\u00a0phenylethene, is an\u00a0organic compound. This derivative of\u00a0benzene is a colourless oily\u00a0liquid that evaporates easily and has a sweet smell, although high concentrations have a less pleasant odour. CAS 100-42-5\" \/>\n<meta property=\"og:url\" content=\"https:\/\/masterchem.lv\/en\/product\/styrene-cas-100-42-5\/\" \/>\n<meta property=\"og:site_name\" content=\"\u0136\u012bmija r\u016bpniec\u012bbai &mdash; &Scaron;\u0137\u012bdin\u0101t\u0101ji un \u0137\u012bmisk\u0101s vielas &mdash; Masterchem.ee\" \/>\n<meta property=\"article:modified_time\" content=\"2024-02-29T11:50:53+00:00\" \/>\n<meta property=\"og:image\" content=\"https:\/\/masterchem.lv\/wp-content\/uploads\/2023\/03\/Styrene_1000l_MaterChem-1.jpg\" \/>\n\t<meta property=\"og:image:width\" content=\"1000\" \/>\n\t<meta property=\"og:image:height\" content=\"1000\" \/>\n\t<meta property=\"og:image:type\" content=\"image\/jpeg\" \/>\n<meta name=\"twitter:card\" content=\"summary_large_image\" \/>\n<meta name=\"twitter:label1\" content=\"Est. reading time\" \/>\n\t<meta name=\"twitter:data1\" content=\"1 minute\" \/>\n<script type=\"application\/ld+json\" class=\"yoast-schema-graph\">{\"@context\":\"https:\\\/\\\/schema.org\",\"@graph\":[{\"@type\":\"WebPage\",\"@id\":\"https:\\\/\\\/masterchem.lv\\\/en\\\/product\\\/styrene-cas-100-42-5\\\/\",\"url\":\"https:\\\/\\\/masterchem.lv\\\/en\\\/product\\\/styrene-cas-100-42-5\\\/\",\"name\":\"Styrene (CAS 100-42-5) - \u0136\u012bmija r\u016bpniec\u012bbai &mdash; &Scaron;\u0137\u012bdin\u0101t\u0101ji un \u0137\u012bmisk\u0101s vielas &mdash; Masterchem.ee\",\"isPartOf\":{\"@id\":\"https:\\\/\\\/masterchem.lv\\\/en\\\/#website\"},\"primaryImageOfPage\":{\"@id\":\"https:\\\/\\\/masterchem.lv\\\/en\\\/product\\\/styrene-cas-100-42-5\\\/#primaryimage\"},\"image\":{\"@id\":\"https:\\\/\\\/masterchem.lv\\\/en\\\/product\\\/styrene-cas-100-42-5\\\/#primaryimage\"},\"thumbnailUrl\":\"https:\\\/\\\/masterchem.lv\\\/wp-content\\\/uploads\\\/2023\\\/03\\\/Styrene_1000l_MaterChem-1.jpg\",\"datePublished\":\"2023-03-08T07:52:10+00:00\",\"dateModified\":\"2024-02-29T11:50:53+00:00\",\"description\":\"Styrene, also known as\u00a0ethenylbenzene,\u00a0vinylbenzene, and\u00a0phenylethene, is an\u00a0organic compound. This derivative of\u00a0benzene is a colourless oily\u00a0liquid that evaporates easily and has a sweet smell, although high concentrations have a less pleasant odour. CAS 100-42-5\",\"breadcrumb\":{\"@id\":\"https:\\\/\\\/masterchem.lv\\\/en\\\/product\\\/styrene-cas-100-42-5\\\/#breadcrumb\"},\"inLanguage\":\"en-US\",\"potentialAction\":[{\"@type\":\"ReadAction\",\"target\":[\"https:\\\/\\\/masterchem.lv\\\/en\\\/product\\\/styrene-cas-100-42-5\\\/\"]}]},{\"@type\":\"ImageObject\",\"inLanguage\":\"en-US\",\"@id\":\"https:\\\/\\\/masterchem.lv\\\/en\\\/product\\\/styrene-cas-100-42-5\\\/#primaryimage\",\"url\":\"https:\\\/\\\/masterchem.lv\\\/wp-content\\\/uploads\\\/2023\\\/03\\\/Styrene_1000l_MaterChem-1.jpg\",\"contentUrl\":\"https:\\\/\\\/masterchem.lv\\\/wp-content\\\/uploads\\\/2023\\\/03\\\/Styrene_1000l_MaterChem-1.jpg\",\"width\":1000,\"height\":1000},{\"@type\":\"BreadcrumbList\",\"@id\":\"https:\\\/\\\/masterchem.lv\\\/en\\\/product\\\/styrene-cas-100-42-5\\\/#breadcrumb\",\"itemListElement\":[{\"@type\":\"ListItem\",\"position\":1,\"name\":\"Home\",\"item\":\"https:\\\/\\\/masterchem.lv\\\/en\\\/\"},{\"@type\":\"ListItem\",\"position\":2,\"name\":\"Shop\",\"item\":\"https:\\\/\\\/masterchem.lv\\\/shop\\\/\"},{\"@type\":\"ListItem\",\"position\":3,\"name\":\"Styrene (CAS 100-42-5)\"}]},{\"@type\":\"WebSite\",\"@id\":\"https:\\\/\\\/masterchem.lv\\\/en\\\/#website\",\"url\":\"https:\\\/\\\/masterchem.lv\\\/en\\\/\",\"name\":\"\u0136\u012bmija r\u016bpniec\u012bbai &mdash; &Scaron;\u0137\u012bdin\u0101t\u0101ji un \u0137\u012bmisk\u0101s vielas &mdash; Masterchem.ee\",\"description\":\"\u0136\u012bmija r\u016bpniec\u012bbai&nbsp;&mdash; &scaron;\u0137\u012bdin\u0101t\u0101ji un \u0137\u012bmisk\u0101s vielas\",\"potentialAction\":[{\"@type\":\"SearchAction\",\"target\":{\"@type\":\"EntryPoint\",\"urlTemplate\":\"https:\\\/\\\/masterchem.lv\\\/en\\\/?s={search_term_string}\"},\"query-input\":{\"@type\":\"PropertyValueSpecification\",\"valueRequired\":true,\"valueName\":\"search_term_string\"}}],\"inLanguage\":\"en-US\"}]}<\/script>\n<!-- \/ Yoast SEO plugin. -->","yoast_head_json":{"title":"Styrene (CAS 100-42-5) - \u0136\u012bmija r\u016bpniec\u012bbai &mdash; &Scaron;\u0137\u012bdin\u0101t\u0101ji un \u0137\u012bmisk\u0101s vielas &mdash; Masterchem.ee","description":"Styrene, also known as\u00a0ethenylbenzene,\u00a0vinylbenzene, and\u00a0phenylethene, is an\u00a0organic compound. This derivative of\u00a0benzene is a colourless oily\u00a0liquid that evaporates easily and has a sweet smell, although high concentrations have a less pleasant odour. CAS 100-42-5","robots":{"index":"index","follow":"follow","max-snippet":"max-snippet:-1","max-image-preview":"max-image-preview:large","max-video-preview":"max-video-preview:-1"},"canonical":"https:\/\/masterchem.lv\/en\/product\/styrene-cas-100-42-5\/","og_locale":"en_US","og_type":"article","og_title":"Styrene (CAS 100-42-5) - \u0136\u012bmija r\u016bpniec\u012bbai &mdash; &Scaron;\u0137\u012bdin\u0101t\u0101ji un \u0137\u012bmisk\u0101s vielas &mdash; Masterchem.ee","og_description":"Styrene, also known as\u00a0ethenylbenzene,\u00a0vinylbenzene, and\u00a0phenylethene, is an\u00a0organic compound. This derivative of\u00a0benzene is a colourless oily\u00a0liquid that evaporates easily and has a sweet smell, although high concentrations have a less pleasant odour. CAS 100-42-5","og_url":"https:\/\/masterchem.lv\/en\/product\/styrene-cas-100-42-5\/","og_site_name":"\u0136\u012bmija r\u016bpniec\u012bbai &mdash; &Scaron;\u0137\u012bdin\u0101t\u0101ji un \u0137\u012bmisk\u0101s vielas &mdash; Masterchem.ee","article_modified_time":"2024-02-29T11:50:53+00:00","og_image":[{"width":1000,"height":1000,"url":"https:\/\/masterchem.lv\/wp-content\/uploads\/2023\/03\/Styrene_1000l_MaterChem-1.jpg","type":"image\/jpeg"}],"twitter_card":"summary_large_image","twitter_misc":{"Est. reading time":"1 minute"},"schema":{"@context":"https:\/\/schema.org","@graph":[{"@type":"WebPage","@id":"https:\/\/masterchem.lv\/en\/product\/styrene-cas-100-42-5\/","url":"https:\/\/masterchem.lv\/en\/product\/styrene-cas-100-42-5\/","name":"Styrene (CAS 100-42-5) - \u0136\u012bmija r\u016bpniec\u012bbai &mdash; &Scaron;\u0137\u012bdin\u0101t\u0101ji un \u0137\u012bmisk\u0101s vielas &mdash; Masterchem.ee","isPartOf":{"@id":"https:\/\/masterchem.lv\/en\/#website"},"primaryImageOfPage":{"@id":"https:\/\/masterchem.lv\/en\/product\/styrene-cas-100-42-5\/#primaryimage"},"image":{"@id":"https:\/\/masterchem.lv\/en\/product\/styrene-cas-100-42-5\/#primaryimage"},"thumbnailUrl":"https:\/\/masterchem.lv\/wp-content\/uploads\/2023\/03\/Styrene_1000l_MaterChem-1.jpg","datePublished":"2023-03-08T07:52:10+00:00","dateModified":"2024-02-29T11:50:53+00:00","description":"Styrene, also known as\u00a0ethenylbenzene,\u00a0vinylbenzene, and\u00a0phenylethene, is an\u00a0organic compound. This derivative of\u00a0benzene is a colourless oily\u00a0liquid that evaporates easily and has a sweet smell, although high concentrations have a less pleasant odour. CAS 100-42-5","breadcrumb":{"@id":"https:\/\/masterchem.lv\/en\/product\/styrene-cas-100-42-5\/#breadcrumb"},"inLanguage":"en-US","potentialAction":[{"@type":"ReadAction","target":["https:\/\/masterchem.lv\/en\/product\/styrene-cas-100-42-5\/"]}]},{"@type":"ImageObject","inLanguage":"en-US","@id":"https:\/\/masterchem.lv\/en\/product\/styrene-cas-100-42-5\/#primaryimage","url":"https:\/\/masterchem.lv\/wp-content\/uploads\/2023\/03\/Styrene_1000l_MaterChem-1.jpg","contentUrl":"https:\/\/masterchem.lv\/wp-content\/uploads\/2023\/03\/Styrene_1000l_MaterChem-1.jpg","width":1000,"height":1000},{"@type":"BreadcrumbList","@id":"https:\/\/masterchem.lv\/en\/product\/styrene-cas-100-42-5\/#breadcrumb","itemListElement":[{"@type":"ListItem","position":1,"name":"Home","item":"https:\/\/masterchem.lv\/en\/"},{"@type":"ListItem","position":2,"name":"Shop","item":"https:\/\/masterchem.lv\/shop\/"},{"@type":"ListItem","position":3,"name":"Styrene (CAS 100-42-5)"}]},{"@type":"WebSite","@id":"https:\/\/masterchem.lv\/en\/#website","url":"https:\/\/masterchem.lv\/en\/","name":"\u0136\u012bmija r\u016bpniec\u012bbai &mdash; &Scaron;\u0137\u012bdin\u0101t\u0101ji un \u0137\u012bmisk\u0101s vielas &mdash; Masterchem.ee","description":"\u0136\u012bmija r\u016bpniec\u012bbai&nbsp;&mdash; &scaron;\u0137\u012bdin\u0101t\u0101ji un \u0137\u012bmisk\u0101s vielas","potentialAction":[{"@type":"SearchAction","target":{"@type":"EntryPoint","urlTemplate":"https:\/\/masterchem.lv\/en\/?s={search_term_string}"},"query-input":{"@type":"PropertyValueSpecification","valueRequired":true,"valueName":"search_term_string"}}],"inLanguage":"en-US"}]}},"_links":{"self":[{"href":"https:\/\/masterchem.lv\/en\/wp-json\/wp\/v2\/product\/7661","targetHints":{"allow":["GET"]}}],"collection":[{"href":"https:\/\/masterchem.lv\/en\/wp-json\/wp\/v2\/product"}],"about":[{"href":"https:\/\/masterchem.lv\/en\/wp-json\/wp\/v2\/types\/product"}],"wp:featuredmedia":[{"embeddable":true,"href":"https:\/\/masterchem.lv\/en\/wp-json\/wp\/v2\/media\/7715"}],"wp:attachment":[{"href":"https:\/\/masterchem.lv\/en\/wp-json\/wp\/v2\/media?parent=7661"}],"wp:term":[{"taxonomy":"product_brand","embeddable":true,"href":"https:\/\/masterchem.lv\/en\/wp-json\/wp\/v2\/product_brand?post=7661"},{"taxonomy":"product_cat","embeddable":true,"href":"https:\/\/masterchem.lv\/en\/wp-json\/wp\/v2\/product_cat?post=7661"},{"taxonomy":"product_tag","embeddable":true,"href":"https:\/\/masterchem.lv\/en\/wp-json\/wp\/v2\/product_tag?post=7661"}],"curies":[{"name":"wp","href":"https:\/\/api.w.org\/{rel}","templated":true}]}}