{"id":7868,"date":"2023-03-08T07:52:56","date_gmt":"2023-03-08T07:52:56","guid":{"rendered":"https:\/\/masterchem.lv\/?post_type=product&#038;p=7868"},"modified":"2023-04-06T12:58:17","modified_gmt":"2023-04-06T12:58:17","slug":"solvent-for-printing-industry-deea-9010-professional","status":"publish","type":"product","link":"https:\/\/masterchem.lv\/en\/product\/solvent-for-printing-industry-deea-9010-professional\/","title":{"rendered":"Solvent for printing industry DEEA-9010 (professional)"},"content":{"rendered":"<p><strong>CERTIFICATE OF QUALITY NR 1119-12<\/strong><\/p>\n<table width=\"320\">\n<tbody>\n<tr>\n<td width=\"64\">Parameters<\/td>\n<td width=\"64\">Unit<\/td>\n<td width=\"64\">Value Standart<\/td>\n<td width=\"64\">Value Fact<\/td>\n<td width=\"64\">Test method<\/td>\n<\/tr>\n<tr>\n<td width=\"64\">Ethanol content before denaturation 20 \u00b0C<\/td>\n<td width=\"64\">% (v\/v)<\/td>\n<td width=\"64\">&gt; 89.5<\/td>\n<td width=\"64\">89.6<\/td>\n<td width=\"64\">EN 15721<\/td>\n<\/tr>\n<tr>\n<td width=\"64\">Methanol content<\/td>\n<td width=\"64\">% (m\/m)<\/td>\n<td width=\"64\">&lt; 0.1<\/td>\n<td width=\"64\">0.04<\/td>\n<td width=\"64\">EN 15721<\/td>\n<\/tr>\n<tr>\n<td width=\"64\">Higher satured (C3-C5) mono-alcohols content<\/td>\n<td width=\"64\">% (m\/m)<\/td>\n<td width=\"64\">&lt; 0.2<\/td>\n<td width=\"64\">0.05<\/td>\n<td width=\"64\">EN 15721<\/td>\n<\/tr>\n<tr>\n<td width=\"64\">Acetic ester<\/td>\n<td width=\"64\">L<\/td>\n<td width=\"64\">10 L per 100 L of absolute ethanol<\/td>\n<td width=\"64\">10<\/td>\n<td width=\"64\"><\/td>\n<\/tr>\n<tr>\n<td width=\"64\">Isopropyl alcohol (IPA)<\/td>\n<td width=\"64\">L<\/td>\n<td width=\"64\">1 L per 100 L of absolute ethanol<\/td>\n<td width=\"64\">1<\/td>\n<td width=\"64\"><\/td>\n<\/tr>\n<tr>\n<td width=\"64\">Methyl ethyl ketone (MEK)<\/td>\n<td width=\"64\">L<\/td>\n<td width=\"64\">1 L per 100 L of absolute ethanol<\/td>\n<td width=\"64\">1<\/td>\n<td width=\"64\"><\/td>\n<\/tr>\n<tr>\n<td width=\"64\">Denatonium benzoate<\/td>\n<td width=\"64\">G<\/td>\n<td width=\"64\">1 g per 100 L of absolute ethanol<\/td>\n<td width=\"64\">1<\/td>\n<td width=\"64\"><\/td>\n<\/tr>\n<\/tbody>\n<\/table>\n","protected":false},"excerpt":{"rendered":"<p><strong>PRODUCT SPECIFICATION<\/strong><\/p>\n<p>Trade name: Solvent DEEA-9010<br \/>\nChemical name: Denatured Ethanol and Acetic ester<br \/>\nDescription: Professional solvent for printing industry<br \/>\nProduct type: Ready for use<br \/>\nAppearance: Clear, colorless, without mechanical admixtures<br \/>\nViscosity: 0.52 mPa*s 20 \u00b0C<br \/>\nDensity at 20\u00b0C: 0.81 g\/cm3<br \/>\nBoiling point: 78.04 \u00b0C<br \/>\nMelting point: \u2212106 \u00b0C<br \/>\nUN number UN 1263<br \/>\nPacking: bulk, buyer&#8217;s iso-tanks or tank-trucks, 1000Lit IBC, 640 lit IBC, 216,5 lit plastic drums.<\/p>\n<p><a target=\"_blank\" href=\"https:\/\/masterchem.ee\/wp-content\/uploads\/2020\/07\/Solvent-DEEA-9010-Masterchem-TDS.pdf\" class=\"pdf\" alt=\"Solvent DEEA-9010 Product Specification (TDS)\" title=\"Solvent DEEA-9010 Product Specification (TDS)\" rel=\"noopener\">Solvent DEEA-9010 Product Specification (TDS)<\/a><\/p>\n","protected":false},"featured_media":7959,"template":"","meta":{"_monsterinsights_skip_tracking":false,"_monsterinsights_sitenote_active":false,"_monsterinsights_sitenote_note":"","_monsterinsights_sitenote_category":0},"product_brand":[],"product_cat":[167,92,110],"product_tag":[],"class_list":{"0":"post-7868","1":"product","2":"type-product","3":"status-publish","4":"has-post-thumbnail","6":"product_cat-all-goods","7":"product_cat-household-chemicals","8":"product_cat-typography-chemicals","10":"first","11":"instock","12":"taxable","13":"shipping-taxable","14":"purchasable","15":"product-type-variable","16":"has-default-attributes"},"yoast_head":"<!-- This site is optimized with the Yoast SEO plugin v27.4 - https:\/\/yoast.com\/product\/yoast-seo-wordpress\/ -->\n<title>Solvent for printing industry DEEA-9010 (professional) - \u0136\u012bmija r\u016bpniec\u012bbai &mdash; &Scaron;\u0137\u012bdin\u0101t\u0101ji un \u0137\u012bmisk\u0101s vielas &mdash; Masterchem.ee<\/title>\n<meta name=\"description\" content=\"Professional solvent for printing industry DEEA-9010. Ready for use. Denatured Ethanol and Acetic ester\" \/>\n<meta name=\"robots\" content=\"index, follow, max-snippet:-1, max-image-preview:large, max-video-preview:-1\" \/>\n<link rel=\"canonical\" href=\"https:\/\/masterchem.lv\/en\/product\/solvent-for-printing-industry-deea-9010-professional\/\" \/>\n<meta property=\"og:locale\" content=\"en_US\" \/>\n<meta property=\"og:type\" content=\"article\" \/>\n<meta property=\"og:title\" content=\"Solvent for printing industry DEEA-9010 (professional) - \u0136\u012bmija r\u016bpniec\u012bbai &mdash; &Scaron;\u0137\u012bdin\u0101t\u0101ji un \u0137\u012bmisk\u0101s vielas &mdash; Masterchem.ee\" \/>\n<meta property=\"og:description\" content=\"Professional solvent for printing industry DEEA-9010. Ready for use. Denatured Ethanol and Acetic ester\" \/>\n<meta property=\"og:url\" content=\"https:\/\/masterchem.lv\/en\/product\/solvent-for-printing-industry-deea-9010-professional\/\" \/>\n<meta property=\"og:site_name\" content=\"\u0136\u012bmija r\u016bpniec\u012bbai &mdash; &Scaron;\u0137\u012bdin\u0101t\u0101ji un \u0137\u012bmisk\u0101s vielas &mdash; Masterchem.ee\" \/>\n<meta property=\"article:modified_time\" content=\"2023-04-06T12:58:17+00:00\" \/>\n<meta property=\"og:image\" content=\"https:\/\/masterchem.lv\/wp-content\/uploads\/2023\/03\/Lahusti-DEEA-9010-1000l-MasterChem-1.jpg\" \/>\n\t<meta property=\"og:image:width\" content=\"1000\" \/>\n\t<meta property=\"og:image:height\" content=\"1000\" \/>\n\t<meta property=\"og:image:type\" content=\"image\/jpeg\" \/>\n<meta name=\"twitter:card\" content=\"summary_large_image\" \/>\n<meta name=\"twitter:label1\" content=\"Est. reading time\" \/>\n\t<meta name=\"twitter:data1\" content=\"1 minute\" \/>\n<script type=\"application\/ld+json\" class=\"yoast-schema-graph\">{\"@context\":\"https:\\\/\\\/schema.org\",\"@graph\":[{\"@type\":\"WebPage\",\"@id\":\"https:\\\/\\\/masterchem.lv\\\/en\\\/product\\\/solvent-for-printing-industry-deea-9010-professional\\\/\",\"url\":\"https:\\\/\\\/masterchem.lv\\\/en\\\/product\\\/solvent-for-printing-industry-deea-9010-professional\\\/\",\"name\":\"Solvent for printing industry DEEA-9010 (professional) - \u0136\u012bmija r\u016bpniec\u012bbai &mdash; &Scaron;\u0137\u012bdin\u0101t\u0101ji un \u0137\u012bmisk\u0101s vielas &mdash; Masterchem.ee\",\"isPartOf\":{\"@id\":\"https:\\\/\\\/masterchem.lv\\\/en\\\/#website\"},\"primaryImageOfPage\":{\"@id\":\"https:\\\/\\\/masterchem.lv\\\/en\\\/product\\\/solvent-for-printing-industry-deea-9010-professional\\\/#primaryimage\"},\"image\":{\"@id\":\"https:\\\/\\\/masterchem.lv\\\/en\\\/product\\\/solvent-for-printing-industry-deea-9010-professional\\\/#primaryimage\"},\"thumbnailUrl\":\"https:\\\/\\\/masterchem.lv\\\/wp-content\\\/uploads\\\/2023\\\/03\\\/Lahusti-DEEA-9010-1000l-MasterChem-1.jpg\",\"datePublished\":\"2023-03-08T07:52:56+00:00\",\"dateModified\":\"2023-04-06T12:58:17+00:00\",\"description\":\"Professional solvent for printing industry DEEA-9010. Ready for use. Denatured Ethanol and Acetic ester\",\"breadcrumb\":{\"@id\":\"https:\\\/\\\/masterchem.lv\\\/en\\\/product\\\/solvent-for-printing-industry-deea-9010-professional\\\/#breadcrumb\"},\"inLanguage\":\"en-US\",\"potentialAction\":[{\"@type\":\"ReadAction\",\"target\":[\"https:\\\/\\\/masterchem.lv\\\/en\\\/product\\\/solvent-for-printing-industry-deea-9010-professional\\\/\"]}]},{\"@type\":\"ImageObject\",\"inLanguage\":\"en-US\",\"@id\":\"https:\\\/\\\/masterchem.lv\\\/en\\\/product\\\/solvent-for-printing-industry-deea-9010-professional\\\/#primaryimage\",\"url\":\"https:\\\/\\\/masterchem.lv\\\/wp-content\\\/uploads\\\/2023\\\/03\\\/Lahusti-DEEA-9010-1000l-MasterChem-1.jpg\",\"contentUrl\":\"https:\\\/\\\/masterchem.lv\\\/wp-content\\\/uploads\\\/2023\\\/03\\\/Lahusti-DEEA-9010-1000l-MasterChem-1.jpg\",\"width\":1000,\"height\":1000},{\"@type\":\"BreadcrumbList\",\"@id\":\"https:\\\/\\\/masterchem.lv\\\/en\\\/product\\\/solvent-for-printing-industry-deea-9010-professional\\\/#breadcrumb\",\"itemListElement\":[{\"@type\":\"ListItem\",\"position\":1,\"name\":\"Home\",\"item\":\"https:\\\/\\\/masterchem.lv\\\/en\\\/\"},{\"@type\":\"ListItem\",\"position\":2,\"name\":\"Shop\",\"item\":\"https:\\\/\\\/masterchem.lv\\\/shop\\\/\"},{\"@type\":\"ListItem\",\"position\":3,\"name\":\"Solvent for printing industry DEEA-9010 (professional)\"}]},{\"@type\":\"WebSite\",\"@id\":\"https:\\\/\\\/masterchem.lv\\\/en\\\/#website\",\"url\":\"https:\\\/\\\/masterchem.lv\\\/en\\\/\",\"name\":\"\u0136\u012bmija r\u016bpniec\u012bbai &mdash; &Scaron;\u0137\u012bdin\u0101t\u0101ji un \u0137\u012bmisk\u0101s vielas &mdash; Masterchem.ee\",\"description\":\"\u0136\u012bmija r\u016bpniec\u012bbai&nbsp;&mdash; &scaron;\u0137\u012bdin\u0101t\u0101ji un \u0137\u012bmisk\u0101s vielas\",\"potentialAction\":[{\"@type\":\"SearchAction\",\"target\":{\"@type\":\"EntryPoint\",\"urlTemplate\":\"https:\\\/\\\/masterchem.lv\\\/en\\\/?s={search_term_string}\"},\"query-input\":{\"@type\":\"PropertyValueSpecification\",\"valueRequired\":true,\"valueName\":\"search_term_string\"}}],\"inLanguage\":\"en-US\"}]}<\/script>\n<!-- \/ Yoast SEO plugin. -->","yoast_head_json":{"title":"Solvent for printing industry DEEA-9010 (professional) - \u0136\u012bmija r\u016bpniec\u012bbai &mdash; &Scaron;\u0137\u012bdin\u0101t\u0101ji un \u0137\u012bmisk\u0101s vielas &mdash; Masterchem.ee","description":"Professional solvent for printing industry DEEA-9010. Ready for use. Denatured Ethanol and Acetic ester","robots":{"index":"index","follow":"follow","max-snippet":"max-snippet:-1","max-image-preview":"max-image-preview:large","max-video-preview":"max-video-preview:-1"},"canonical":"https:\/\/masterchem.lv\/en\/product\/solvent-for-printing-industry-deea-9010-professional\/","og_locale":"en_US","og_type":"article","og_title":"Solvent for printing industry DEEA-9010 (professional) - \u0136\u012bmija r\u016bpniec\u012bbai &mdash; &Scaron;\u0137\u012bdin\u0101t\u0101ji un \u0137\u012bmisk\u0101s vielas &mdash; Masterchem.ee","og_description":"Professional solvent for printing industry DEEA-9010. Ready for use. Denatured Ethanol and Acetic ester","og_url":"https:\/\/masterchem.lv\/en\/product\/solvent-for-printing-industry-deea-9010-professional\/","og_site_name":"\u0136\u012bmija r\u016bpniec\u012bbai &mdash; &Scaron;\u0137\u012bdin\u0101t\u0101ji un \u0137\u012bmisk\u0101s vielas &mdash; Masterchem.ee","article_modified_time":"2023-04-06T12:58:17+00:00","og_image":[{"width":1000,"height":1000,"url":"https:\/\/masterchem.lv\/wp-content\/uploads\/2023\/03\/Lahusti-DEEA-9010-1000l-MasterChem-1.jpg","type":"image\/jpeg"}],"twitter_card":"summary_large_image","twitter_misc":{"Est. reading time":"1 minute"},"schema":{"@context":"https:\/\/schema.org","@graph":[{"@type":"WebPage","@id":"https:\/\/masterchem.lv\/en\/product\/solvent-for-printing-industry-deea-9010-professional\/","url":"https:\/\/masterchem.lv\/en\/product\/solvent-for-printing-industry-deea-9010-professional\/","name":"Solvent for printing industry DEEA-9010 (professional) - \u0136\u012bmija r\u016bpniec\u012bbai &mdash; &Scaron;\u0137\u012bdin\u0101t\u0101ji un \u0137\u012bmisk\u0101s vielas &mdash; Masterchem.ee","isPartOf":{"@id":"https:\/\/masterchem.lv\/en\/#website"},"primaryImageOfPage":{"@id":"https:\/\/masterchem.lv\/en\/product\/solvent-for-printing-industry-deea-9010-professional\/#primaryimage"},"image":{"@id":"https:\/\/masterchem.lv\/en\/product\/solvent-for-printing-industry-deea-9010-professional\/#primaryimage"},"thumbnailUrl":"https:\/\/masterchem.lv\/wp-content\/uploads\/2023\/03\/Lahusti-DEEA-9010-1000l-MasterChem-1.jpg","datePublished":"2023-03-08T07:52:56+00:00","dateModified":"2023-04-06T12:58:17+00:00","description":"Professional solvent for printing industry DEEA-9010. Ready for use. Denatured Ethanol and Acetic ester","breadcrumb":{"@id":"https:\/\/masterchem.lv\/en\/product\/solvent-for-printing-industry-deea-9010-professional\/#breadcrumb"},"inLanguage":"en-US","potentialAction":[{"@type":"ReadAction","target":["https:\/\/masterchem.lv\/en\/product\/solvent-for-printing-industry-deea-9010-professional\/"]}]},{"@type":"ImageObject","inLanguage":"en-US","@id":"https:\/\/masterchem.lv\/en\/product\/solvent-for-printing-industry-deea-9010-professional\/#primaryimage","url":"https:\/\/masterchem.lv\/wp-content\/uploads\/2023\/03\/Lahusti-DEEA-9010-1000l-MasterChem-1.jpg","contentUrl":"https:\/\/masterchem.lv\/wp-content\/uploads\/2023\/03\/Lahusti-DEEA-9010-1000l-MasterChem-1.jpg","width":1000,"height":1000},{"@type":"BreadcrumbList","@id":"https:\/\/masterchem.lv\/en\/product\/solvent-for-printing-industry-deea-9010-professional\/#breadcrumb","itemListElement":[{"@type":"ListItem","position":1,"name":"Home","item":"https:\/\/masterchem.lv\/en\/"},{"@type":"ListItem","position":2,"name":"Shop","item":"https:\/\/masterchem.lv\/shop\/"},{"@type":"ListItem","position":3,"name":"Solvent for printing industry DEEA-9010 (professional)"}]},{"@type":"WebSite","@id":"https:\/\/masterchem.lv\/en\/#website","url":"https:\/\/masterchem.lv\/en\/","name":"\u0136\u012bmija r\u016bpniec\u012bbai &mdash; &Scaron;\u0137\u012bdin\u0101t\u0101ji un \u0137\u012bmisk\u0101s vielas &mdash; Masterchem.ee","description":"\u0136\u012bmija r\u016bpniec\u012bbai&nbsp;&mdash; &scaron;\u0137\u012bdin\u0101t\u0101ji un \u0137\u012bmisk\u0101s vielas","potentialAction":[{"@type":"SearchAction","target":{"@type":"EntryPoint","urlTemplate":"https:\/\/masterchem.lv\/en\/?s={search_term_string}"},"query-input":{"@type":"PropertyValueSpecification","valueRequired":true,"valueName":"search_term_string"}}],"inLanguage":"en-US"}]}},"_links":{"self":[{"href":"https:\/\/masterchem.lv\/en\/wp-json\/wp\/v2\/product\/7868","targetHints":{"allow":["GET"]}}],"collection":[{"href":"https:\/\/masterchem.lv\/en\/wp-json\/wp\/v2\/product"}],"about":[{"href":"https:\/\/masterchem.lv\/en\/wp-json\/wp\/v2\/types\/product"}],"wp:featuredmedia":[{"embeddable":true,"href":"https:\/\/masterchem.lv\/en\/wp-json\/wp\/v2\/media\/7959"}],"wp:attachment":[{"href":"https:\/\/masterchem.lv\/en\/wp-json\/wp\/v2\/media?parent=7868"}],"wp:term":[{"taxonomy":"product_brand","embeddable":true,"href":"https:\/\/masterchem.lv\/en\/wp-json\/wp\/v2\/product_brand?post=7868"},{"taxonomy":"product_cat","embeddable":true,"href":"https:\/\/masterchem.lv\/en\/wp-json\/wp\/v2\/product_cat?post=7868"},{"taxonomy":"product_tag","embeddable":true,"href":"https:\/\/masterchem.lv\/en\/wp-json\/wp\/v2\/product_tag?post=7868"}],"curies":[{"name":"wp","href":"https:\/\/api.w.org\/{rel}","templated":true}]}}