{"id":7946,"date":"2023-03-08T07:53:17","date_gmt":"2023-03-08T07:53:17","guid":{"rendered":"https:\/\/masterchem.lv\/?post_type=product&#038;p=7946"},"modified":"2023-04-06T13:02:12","modified_gmt":"2023-04-06T13:02:12","slug":"sodium-hydroxide-cas-1310-73-2","status":"publish","type":"product","link":"https:\/\/masterchem.lv\/en\/product\/sodium-hydroxide-cas-1310-73-2\/","title":{"rendered":"Sodium hydroxide (CAS 1310-73-2)"},"content":{"rendered":"<p><strong>Description of sodium hydroxide:<\/strong><br \/>\nGranules \/ solution 50%<br \/>\nStatus: white flakes or granules<br \/>\npH strongly alkaline<br \/>\nfreezing point: 318 \u00b0 C \/ 15 \u00b0 C<br \/>\nboiling point: 1390 \u00b0 C \/ &#8211;<br \/>\nRelative density (20 \u00b0 C): &#8211; \/ 1.52 \u00f7 1.55 g \/ cm3<br \/>\nSolubility in water (20 \u00b0 C): Soluble in water in all proportions, exothermic<\/p>\n<p><strong>Sodium hydroxide handling:<\/strong><br \/>\nHandle in a ventilated room using appropriate protective equipment. Avoid contact with the substance, avoid inhalation of vapors \/ dusts. Wash thoroughly after handling, remove contaminated clothing, wash before reuse. When diluting, pour the substance into water, not the other way around. Sodium hydroxide releases strong heat when mixed with water. The substance is hygroscopic.<br \/>\nHandle in accordance with good industrial hygiene and safety practice. Do not eat, drink or smoke during work. Use a protective cream. Wash hands before eating. Wash contaminated clothing before reuse.<\/p>\n<p><strong>Product description:<\/strong><br \/>\nSolution \/ granules 50%<br \/>\nStatus: white flakes or granules<br \/>\npH strongly alkaline<br \/>\nfreezing point: 318 \u00b0 C \/ 15 \u00b0 C<br \/>\nboiling point: 1390 \u00b0 C \/ &#8211;<br \/>\nRelative density (20 \u00b0 C): &#8211; \/ 1.52 \u00f7 1.55 g \/ cm3<br \/>\nSolubility in water (20 \u00b0 C): Soluble in water in all proportions, exothermic<\/p>\n<p><strong>Sodium hydroxide Handling rules<\/strong><\/p>\n<p>Do not smoke, drink or eat during handling. Avoid contact with the substance. Also, do not breathe vapor or dust. It is recommended to use a protective cream on exposed skin. Wash hands thoroughly before eating. Wash thoroughly after handling, be sure to wash contaminated clothing before reuse.<br \/>\nWhen diluting sodium hydroxide, the substance must be poured into water &#8211; in no case the opposite is hygroscopic. When mixed with water, the substance is released under strong heat.<br \/>\nUse in accordance with good industrial hygiene and safety practice.<\/p>\n","protected":false},"excerpt":{"rendered":"<p>Molecular formula of sodium hydroxide: NaOH<br \/>\nINDEX: 011-002-00-6<br \/>\nCAS: 1310-73-2<br \/>\nEC: 215-185-5<\/p>\n","protected":false},"featured_media":8001,"template":"","meta":{"_monsterinsights_skip_tracking":false,"_monsterinsights_sitenote_active":false,"_monsterinsights_sitenote_note":"","_monsterinsights_sitenote_category":0},"product_brand":[],"product_cat":[167,70,76,104,86],"product_tag":[],"class_list":{"0":"post-7946","1":"product","2":"type-product","3":"status-publish","4":"has-post-thumbnail","6":"product_cat-all-goods","7":"product_cat-cosmetic-industry","8":"product_cat-fertilizers","9":"product_cat-industrial-chemicals","10":"product_cat-resins-plastics-polyurethanes","12":"first","13":"instock","14":"taxable","15":"shipping-taxable","16":"purchasable","17":"product-type-variable","18":"has-default-attributes"},"yoast_head":"<!-- This site is optimized with the Yoast SEO plugin v27.4 - https:\/\/yoast.com\/product\/yoast-seo-wordpress\/ -->\n<title>Sodium hydroxide (CAS 1310-73-2) - \u0136\u012bmija r\u016bpniec\u012bbai &mdash; &Scaron;\u0137\u012bdin\u0101t\u0101ji un \u0137\u012bmisk\u0101s vielas &mdash; Masterchem.ee<\/title>\n<meta name=\"description\" content=\"Sodium hydroxide, also known as lye and caustic soda, is an inorganic compound with the formula NaOH. CAS: 1310-73-2\" \/>\n<meta name=\"robots\" content=\"index, follow, max-snippet:-1, max-image-preview:large, max-video-preview:-1\" \/>\n<link rel=\"canonical\" href=\"https:\/\/masterchem.lv\/en\/product\/sodium-hydroxide-cas-1310-73-2\/\" \/>\n<meta property=\"og:locale\" content=\"en_US\" \/>\n<meta property=\"og:type\" content=\"article\" \/>\n<meta property=\"og:title\" content=\"Sodium hydroxide (CAS 1310-73-2) - \u0136\u012bmija r\u016bpniec\u012bbai &mdash; &Scaron;\u0137\u012bdin\u0101t\u0101ji un \u0137\u012bmisk\u0101s vielas &mdash; Masterchem.ee\" \/>\n<meta property=\"og:description\" content=\"Sodium hydroxide, also known as lye and caustic soda, is an inorganic compound with the formula NaOH. CAS: 1310-73-2\" \/>\n<meta property=\"og:url\" content=\"https:\/\/masterchem.lv\/en\/product\/sodium-hydroxide-cas-1310-73-2\/\" \/>\n<meta property=\"og:site_name\" content=\"\u0136\u012bmija r\u016bpniec\u012bbai &mdash; &Scaron;\u0137\u012bdin\u0101t\u0101ji un \u0137\u012bmisk\u0101s vielas &mdash; Masterchem.ee\" \/>\n<meta property=\"article:modified_time\" content=\"2023-04-06T13:02:12+00:00\" \/>\n<meta property=\"og:image\" content=\"https:\/\/masterchem.lv\/wp-content\/uploads\/2023\/03\/755px-SodiumHydroxide-1.jpg\" \/>\n\t<meta property=\"og:image:width\" content=\"755\" \/>\n\t<meta property=\"og:image:height\" content=\"600\" \/>\n\t<meta property=\"og:image:type\" content=\"image\/jpeg\" \/>\n<meta name=\"twitter:card\" content=\"summary_large_image\" \/>\n<meta name=\"twitter:label1\" content=\"Est. reading time\" \/>\n\t<meta name=\"twitter:data1\" content=\"2 minutes\" \/>\n<script type=\"application\/ld+json\" class=\"yoast-schema-graph\">{\"@context\":\"https:\\\/\\\/schema.org\",\"@graph\":[{\"@type\":\"WebPage\",\"@id\":\"https:\\\/\\\/masterchem.lv\\\/en\\\/product\\\/sodium-hydroxide-cas-1310-73-2\\\/\",\"url\":\"https:\\\/\\\/masterchem.lv\\\/en\\\/product\\\/sodium-hydroxide-cas-1310-73-2\\\/\",\"name\":\"Sodium hydroxide (CAS 1310-73-2) - \u0136\u012bmija r\u016bpniec\u012bbai &mdash; &Scaron;\u0137\u012bdin\u0101t\u0101ji un \u0137\u012bmisk\u0101s vielas &mdash; Masterchem.ee\",\"isPartOf\":{\"@id\":\"https:\\\/\\\/masterchem.lv\\\/en\\\/#website\"},\"primaryImageOfPage\":{\"@id\":\"https:\\\/\\\/masterchem.lv\\\/en\\\/product\\\/sodium-hydroxide-cas-1310-73-2\\\/#primaryimage\"},\"image\":{\"@id\":\"https:\\\/\\\/masterchem.lv\\\/en\\\/product\\\/sodium-hydroxide-cas-1310-73-2\\\/#primaryimage\"},\"thumbnailUrl\":\"https:\\\/\\\/masterchem.lv\\\/wp-content\\\/uploads\\\/2023\\\/03\\\/755px-SodiumHydroxide-1.jpg\",\"datePublished\":\"2023-03-08T07:53:17+00:00\",\"dateModified\":\"2023-04-06T13:02:12+00:00\",\"description\":\"Sodium hydroxide, also known as lye and caustic soda, is an inorganic compound with the formula NaOH. CAS: 1310-73-2\",\"breadcrumb\":{\"@id\":\"https:\\\/\\\/masterchem.lv\\\/en\\\/product\\\/sodium-hydroxide-cas-1310-73-2\\\/#breadcrumb\"},\"inLanguage\":\"en-US\",\"potentialAction\":[{\"@type\":\"ReadAction\",\"target\":[\"https:\\\/\\\/masterchem.lv\\\/en\\\/product\\\/sodium-hydroxide-cas-1310-73-2\\\/\"]}]},{\"@type\":\"ImageObject\",\"inLanguage\":\"en-US\",\"@id\":\"https:\\\/\\\/masterchem.lv\\\/en\\\/product\\\/sodium-hydroxide-cas-1310-73-2\\\/#primaryimage\",\"url\":\"https:\\\/\\\/masterchem.lv\\\/wp-content\\\/uploads\\\/2023\\\/03\\\/755px-SodiumHydroxide-1.jpg\",\"contentUrl\":\"https:\\\/\\\/masterchem.lv\\\/wp-content\\\/uploads\\\/2023\\\/03\\\/755px-SodiumHydroxide-1.jpg\",\"width\":755,\"height\":600},{\"@type\":\"BreadcrumbList\",\"@id\":\"https:\\\/\\\/masterchem.lv\\\/en\\\/product\\\/sodium-hydroxide-cas-1310-73-2\\\/#breadcrumb\",\"itemListElement\":[{\"@type\":\"ListItem\",\"position\":1,\"name\":\"Home\",\"item\":\"https:\\\/\\\/masterchem.lv\\\/en\\\/\"},{\"@type\":\"ListItem\",\"position\":2,\"name\":\"Shop\",\"item\":\"https:\\\/\\\/masterchem.lv\\\/shop\\\/\"},{\"@type\":\"ListItem\",\"position\":3,\"name\":\"Sodium hydroxide (CAS 1310-73-2)\"}]},{\"@type\":\"WebSite\",\"@id\":\"https:\\\/\\\/masterchem.lv\\\/en\\\/#website\",\"url\":\"https:\\\/\\\/masterchem.lv\\\/en\\\/\",\"name\":\"\u0136\u012bmija r\u016bpniec\u012bbai &mdash; &Scaron;\u0137\u012bdin\u0101t\u0101ji un \u0137\u012bmisk\u0101s vielas &mdash; Masterchem.ee\",\"description\":\"\u0136\u012bmija r\u016bpniec\u012bbai&nbsp;&mdash; &scaron;\u0137\u012bdin\u0101t\u0101ji un \u0137\u012bmisk\u0101s vielas\",\"potentialAction\":[{\"@type\":\"SearchAction\",\"target\":{\"@type\":\"EntryPoint\",\"urlTemplate\":\"https:\\\/\\\/masterchem.lv\\\/en\\\/?s={search_term_string}\"},\"query-input\":{\"@type\":\"PropertyValueSpecification\",\"valueRequired\":true,\"valueName\":\"search_term_string\"}}],\"inLanguage\":\"en-US\"}]}<\/script>\n<!-- \/ Yoast SEO plugin. -->","yoast_head_json":{"title":"Sodium hydroxide (CAS 1310-73-2) - \u0136\u012bmija r\u016bpniec\u012bbai &mdash; &Scaron;\u0137\u012bdin\u0101t\u0101ji un \u0137\u012bmisk\u0101s vielas &mdash; Masterchem.ee","description":"Sodium hydroxide, also known as lye and caustic soda, is an inorganic compound with the formula NaOH. CAS: 1310-73-2","robots":{"index":"index","follow":"follow","max-snippet":"max-snippet:-1","max-image-preview":"max-image-preview:large","max-video-preview":"max-video-preview:-1"},"canonical":"https:\/\/masterchem.lv\/en\/product\/sodium-hydroxide-cas-1310-73-2\/","og_locale":"en_US","og_type":"article","og_title":"Sodium hydroxide (CAS 1310-73-2) - \u0136\u012bmija r\u016bpniec\u012bbai &mdash; &Scaron;\u0137\u012bdin\u0101t\u0101ji un \u0137\u012bmisk\u0101s vielas &mdash; Masterchem.ee","og_description":"Sodium hydroxide, also known as lye and caustic soda, is an inorganic compound with the formula NaOH. CAS: 1310-73-2","og_url":"https:\/\/masterchem.lv\/en\/product\/sodium-hydroxide-cas-1310-73-2\/","og_site_name":"\u0136\u012bmija r\u016bpniec\u012bbai &mdash; &Scaron;\u0137\u012bdin\u0101t\u0101ji un \u0137\u012bmisk\u0101s vielas &mdash; Masterchem.ee","article_modified_time":"2023-04-06T13:02:12+00:00","og_image":[{"width":755,"height":600,"url":"https:\/\/masterchem.lv\/wp-content\/uploads\/2023\/03\/755px-SodiumHydroxide-1.jpg","type":"image\/jpeg"}],"twitter_card":"summary_large_image","twitter_misc":{"Est. reading time":"2 minutes"},"schema":{"@context":"https:\/\/schema.org","@graph":[{"@type":"WebPage","@id":"https:\/\/masterchem.lv\/en\/product\/sodium-hydroxide-cas-1310-73-2\/","url":"https:\/\/masterchem.lv\/en\/product\/sodium-hydroxide-cas-1310-73-2\/","name":"Sodium hydroxide (CAS 1310-73-2) - \u0136\u012bmija r\u016bpniec\u012bbai &mdash; &Scaron;\u0137\u012bdin\u0101t\u0101ji un \u0137\u012bmisk\u0101s vielas &mdash; Masterchem.ee","isPartOf":{"@id":"https:\/\/masterchem.lv\/en\/#website"},"primaryImageOfPage":{"@id":"https:\/\/masterchem.lv\/en\/product\/sodium-hydroxide-cas-1310-73-2\/#primaryimage"},"image":{"@id":"https:\/\/masterchem.lv\/en\/product\/sodium-hydroxide-cas-1310-73-2\/#primaryimage"},"thumbnailUrl":"https:\/\/masterchem.lv\/wp-content\/uploads\/2023\/03\/755px-SodiumHydroxide-1.jpg","datePublished":"2023-03-08T07:53:17+00:00","dateModified":"2023-04-06T13:02:12+00:00","description":"Sodium hydroxide, also known as lye and caustic soda, is an inorganic compound with the formula NaOH. CAS: 1310-73-2","breadcrumb":{"@id":"https:\/\/masterchem.lv\/en\/product\/sodium-hydroxide-cas-1310-73-2\/#breadcrumb"},"inLanguage":"en-US","potentialAction":[{"@type":"ReadAction","target":["https:\/\/masterchem.lv\/en\/product\/sodium-hydroxide-cas-1310-73-2\/"]}]},{"@type":"ImageObject","inLanguage":"en-US","@id":"https:\/\/masterchem.lv\/en\/product\/sodium-hydroxide-cas-1310-73-2\/#primaryimage","url":"https:\/\/masterchem.lv\/wp-content\/uploads\/2023\/03\/755px-SodiumHydroxide-1.jpg","contentUrl":"https:\/\/masterchem.lv\/wp-content\/uploads\/2023\/03\/755px-SodiumHydroxide-1.jpg","width":755,"height":600},{"@type":"BreadcrumbList","@id":"https:\/\/masterchem.lv\/en\/product\/sodium-hydroxide-cas-1310-73-2\/#breadcrumb","itemListElement":[{"@type":"ListItem","position":1,"name":"Home","item":"https:\/\/masterchem.lv\/en\/"},{"@type":"ListItem","position":2,"name":"Shop","item":"https:\/\/masterchem.lv\/shop\/"},{"@type":"ListItem","position":3,"name":"Sodium hydroxide (CAS 1310-73-2)"}]},{"@type":"WebSite","@id":"https:\/\/masterchem.lv\/en\/#website","url":"https:\/\/masterchem.lv\/en\/","name":"\u0136\u012bmija r\u016bpniec\u012bbai &mdash; &Scaron;\u0137\u012bdin\u0101t\u0101ji un \u0137\u012bmisk\u0101s vielas &mdash; Masterchem.ee","description":"\u0136\u012bmija r\u016bpniec\u012bbai&nbsp;&mdash; &scaron;\u0137\u012bdin\u0101t\u0101ji un \u0137\u012bmisk\u0101s vielas","potentialAction":[{"@type":"SearchAction","target":{"@type":"EntryPoint","urlTemplate":"https:\/\/masterchem.lv\/en\/?s={search_term_string}"},"query-input":{"@type":"PropertyValueSpecification","valueRequired":true,"valueName":"search_term_string"}}],"inLanguage":"en-US"}]}},"_links":{"self":[{"href":"https:\/\/masterchem.lv\/en\/wp-json\/wp\/v2\/product\/7946","targetHints":{"allow":["GET"]}}],"collection":[{"href":"https:\/\/masterchem.lv\/en\/wp-json\/wp\/v2\/product"}],"about":[{"href":"https:\/\/masterchem.lv\/en\/wp-json\/wp\/v2\/types\/product"}],"wp:featuredmedia":[{"embeddable":true,"href":"https:\/\/masterchem.lv\/en\/wp-json\/wp\/v2\/media\/8001"}],"wp:attachment":[{"href":"https:\/\/masterchem.lv\/en\/wp-json\/wp\/v2\/media?parent=7946"}],"wp:term":[{"taxonomy":"product_brand","embeddable":true,"href":"https:\/\/masterchem.lv\/en\/wp-json\/wp\/v2\/product_brand?post=7946"},{"taxonomy":"product_cat","embeddable":true,"href":"https:\/\/masterchem.lv\/en\/wp-json\/wp\/v2\/product_cat?post=7946"},{"taxonomy":"product_tag","embeddable":true,"href":"https:\/\/masterchem.lv\/en\/wp-json\/wp\/v2\/product_tag?post=7946"}],"curies":[{"name":"wp","href":"https:\/\/api.w.org\/{rel}","templated":true}]}}