{"id":7956,"date":"2023-03-08T07:53:18","date_gmt":"2023-03-08T07:53:18","guid":{"rendered":"https:\/\/masterchem.lv\/?post_type=product&#038;p=7956"},"modified":"2023-04-11T06:03:54","modified_gmt":"2023-04-11T06:03:54","slug":"citric-acid-cas-77-92-9","status":"publish","type":"product","link":"https:\/\/masterchem.lv\/en\/product\/citric-acid-cas-77-92-9\/","title":{"rendered":"Citric acid (CAS 77-92-9)"},"content":{"rendered":"<p><strong>Information<\/strong><br \/>\nIndustries: Household chemicals, Cosmetic industry, Adhesives, oils, greases, Horticulture, Pharmaceutical industry, Food industry<br \/>\nCAS number: 77-92-9<br \/>\nWE number: 201-069-1<br \/>\nChemical formula: C6H8O7<br \/>\nMolar mass: 192,12 g\/mol<br \/>\nCustoms tariff code: 29181400<\/p>\n<p><strong>Other physical properties<\/strong><br \/>\npH: 1,7 (100 g\/l)<br \/>\nMelting \/ freezing point: 153\u00b0C (1013 hPa)<br \/>\nRelative density: 1,665 g\/cm3 (20\u00b0C)<br \/>\nSolubility in water: 590 g\/l (20\u00b0C)<\/p>\n<p>Citric acid (E330) is a chemically soluble, colorless, crystalline, environmentally friendly substance that is chemically soluble in water. When dissolved in water, citric acid creates a moderately acidic environment, which inhibits the development of many microbes and has a cleansing and descaling effect.<\/p>\n<p>Applications: In the household, citric acid is an effective descaler, used in medicine as well as in environmentally friendly detergents, adds washing activity and decomposes. Used as a water softener, a 6% solution effectively removes soap and limescale from the bathroom, rinsing the surfaces later. Not suitable for acid-sensitive surfaces. Citric acid is a well-known food supplement and preservative.<\/p>\n","protected":false},"excerpt":{"rendered":"<p>Citric acid is a weak organic acid that has the chemical formula C6H8O7<br \/>\nIt occurs naturally in citrus fruits. In biochemistry, it is an intermediate in the citric acid cycle, which occurs in the metabolism of all aerobic organisms.More than two million tons of citric acid are manufactured every year. It is used widely as an acidifier, as a flavoring and a chelating agent.<\/p>\n<p>CAS: 77-92-9<\/p>\n","protected":false},"featured_media":8022,"template":"","meta":{"_monsterinsights_skip_tracking":false,"_monsterinsights_sitenote_active":false,"_monsterinsights_sitenote_note":"","_monsterinsights_sitenote_category":0},"product_brand":[],"product_cat":[167,70,74,78,82,92,104,101],"product_tag":[],"class_list":{"0":"post-7956","1":"product","2":"type-product","3":"status-publish","4":"has-post-thumbnail","6":"product_cat-all-goods","7":"product_cat-cosmetic-industry","8":"product_cat-feed-industry","9":"product_cat-food-industry","10":"product_cat-horticulture","11":"product_cat-household-chemicals","12":"product_cat-industrial-chemicals","13":"product_cat-pharmaceuticals","15":"first","16":"instock","17":"taxable","18":"shipping-taxable","19":"purchasable","20":"product-type-variable"},"yoast_head":"<!-- This site is optimized with the Yoast SEO plugin v27.4 - https:\/\/yoast.com\/product\/yoast-seo-wordpress\/ -->\n<title>Citric acid (CAS 77-92-9) - \u0136\u012bmija r\u016bpniec\u012bbai &mdash; &Scaron;\u0137\u012bdin\u0101t\u0101ji un \u0137\u012bmisk\u0101s vielas &mdash; Masterchem.ee<\/title>\n<meta name=\"description\" content=\"Citric acid (E330) is a chemically soluble, colorless, crystalline, environmentally friendly substance that is chemically soluble in water. CAS: 77-92-9\" \/>\n<meta name=\"robots\" content=\"index, follow, max-snippet:-1, max-image-preview:large, max-video-preview:-1\" \/>\n<link rel=\"canonical\" href=\"https:\/\/masterchem.lv\/en\/product\/citric-acid-cas-77-92-9\/\" \/>\n<meta property=\"og:locale\" content=\"en_US\" \/>\n<meta property=\"og:type\" content=\"article\" \/>\n<meta property=\"og:title\" content=\"Citric acid (CAS 77-92-9) - \u0136\u012bmija r\u016bpniec\u012bbai &mdash; &Scaron;\u0137\u012bdin\u0101t\u0101ji un \u0137\u012bmisk\u0101s vielas &mdash; Masterchem.ee\" \/>\n<meta property=\"og:description\" content=\"Citric acid (E330) is a chemically soluble, colorless, crystalline, environmentally friendly substance that is chemically soluble in water. CAS: 77-92-9\" \/>\n<meta property=\"og:url\" content=\"https:\/\/masterchem.lv\/en\/product\/citric-acid-cas-77-92-9\/\" \/>\n<meta property=\"og:site_name\" content=\"\u0136\u012bmija r\u016bpniec\u012bbai &mdash; &Scaron;\u0137\u012bdin\u0101t\u0101ji un \u0137\u012bmisk\u0101s vielas &mdash; Masterchem.ee\" \/>\n<meta property=\"article:modified_time\" content=\"2023-04-11T06:03:54+00:00\" \/>\n<meta property=\"og:image\" content=\"https:\/\/masterchem.lv\/wp-content\/uploads\/2023\/03\/Sidrunhape-MasterChem-20kg-1.png\" \/>\n\t<meta property=\"og:image:width\" content=\"500\" \/>\n\t<meta property=\"og:image:height\" content=\"330\" \/>\n\t<meta property=\"og:image:type\" content=\"image\/png\" \/>\n<meta name=\"twitter:card\" content=\"summary_large_image\" \/>\n<meta name=\"twitter:label1\" content=\"Est. reading time\" \/>\n\t<meta name=\"twitter:data1\" content=\"1 minute\" \/>\n<script type=\"application\/ld+json\" class=\"yoast-schema-graph\">{\"@context\":\"https:\\\/\\\/schema.org\",\"@graph\":[{\"@type\":\"WebPage\",\"@id\":\"https:\\\/\\\/masterchem.lv\\\/en\\\/product\\\/citric-acid-cas-77-92-9\\\/\",\"url\":\"https:\\\/\\\/masterchem.lv\\\/en\\\/product\\\/citric-acid-cas-77-92-9\\\/\",\"name\":\"Citric acid (CAS 77-92-9) - \u0136\u012bmija r\u016bpniec\u012bbai &mdash; &Scaron;\u0137\u012bdin\u0101t\u0101ji un \u0137\u012bmisk\u0101s vielas &mdash; Masterchem.ee\",\"isPartOf\":{\"@id\":\"https:\\\/\\\/masterchem.lv\\\/en\\\/#website\"},\"primaryImageOfPage\":{\"@id\":\"https:\\\/\\\/masterchem.lv\\\/en\\\/product\\\/citric-acid-cas-77-92-9\\\/#primaryimage\"},\"image\":{\"@id\":\"https:\\\/\\\/masterchem.lv\\\/en\\\/product\\\/citric-acid-cas-77-92-9\\\/#primaryimage\"},\"thumbnailUrl\":\"https:\\\/\\\/masterchem.lv\\\/wp-content\\\/uploads\\\/2023\\\/03\\\/Sidrunhape-MasterChem-20kg-1.png\",\"datePublished\":\"2023-03-08T07:53:18+00:00\",\"dateModified\":\"2023-04-11T06:03:54+00:00\",\"description\":\"Citric acid (E330) is a chemically soluble, colorless, crystalline, environmentally friendly substance that is chemically soluble in water. CAS: 77-92-9\",\"breadcrumb\":{\"@id\":\"https:\\\/\\\/masterchem.lv\\\/en\\\/product\\\/citric-acid-cas-77-92-9\\\/#breadcrumb\"},\"inLanguage\":\"en-US\",\"potentialAction\":[{\"@type\":\"ReadAction\",\"target\":[\"https:\\\/\\\/masterchem.lv\\\/en\\\/product\\\/citric-acid-cas-77-92-9\\\/\"]}]},{\"@type\":\"ImageObject\",\"inLanguage\":\"en-US\",\"@id\":\"https:\\\/\\\/masterchem.lv\\\/en\\\/product\\\/citric-acid-cas-77-92-9\\\/#primaryimage\",\"url\":\"https:\\\/\\\/masterchem.lv\\\/wp-content\\\/uploads\\\/2023\\\/03\\\/Sidrunhape-MasterChem-20kg-1.png\",\"contentUrl\":\"https:\\\/\\\/masterchem.lv\\\/wp-content\\\/uploads\\\/2023\\\/03\\\/Sidrunhape-MasterChem-20kg-1.png\",\"width\":500,\"height\":330},{\"@type\":\"BreadcrumbList\",\"@id\":\"https:\\\/\\\/masterchem.lv\\\/en\\\/product\\\/citric-acid-cas-77-92-9\\\/#breadcrumb\",\"itemListElement\":[{\"@type\":\"ListItem\",\"position\":1,\"name\":\"Home\",\"item\":\"https:\\\/\\\/masterchem.lv\\\/en\\\/\"},{\"@type\":\"ListItem\",\"position\":2,\"name\":\"Shop\",\"item\":\"https:\\\/\\\/masterchem.lv\\\/shop\\\/\"},{\"@type\":\"ListItem\",\"position\":3,\"name\":\"Citric acid (CAS 77-92-9)\"}]},{\"@type\":\"WebSite\",\"@id\":\"https:\\\/\\\/masterchem.lv\\\/en\\\/#website\",\"url\":\"https:\\\/\\\/masterchem.lv\\\/en\\\/\",\"name\":\"\u0136\u012bmija r\u016bpniec\u012bbai &mdash; &Scaron;\u0137\u012bdin\u0101t\u0101ji un \u0137\u012bmisk\u0101s vielas &mdash; Masterchem.ee\",\"description\":\"\u0136\u012bmija r\u016bpniec\u012bbai&nbsp;&mdash; &scaron;\u0137\u012bdin\u0101t\u0101ji un \u0137\u012bmisk\u0101s vielas\",\"potentialAction\":[{\"@type\":\"SearchAction\",\"target\":{\"@type\":\"EntryPoint\",\"urlTemplate\":\"https:\\\/\\\/masterchem.lv\\\/en\\\/?s={search_term_string}\"},\"query-input\":{\"@type\":\"PropertyValueSpecification\",\"valueRequired\":true,\"valueName\":\"search_term_string\"}}],\"inLanguage\":\"en-US\"}]}<\/script>\n<!-- \/ Yoast SEO plugin. -->","yoast_head_json":{"title":"Citric acid (CAS 77-92-9) - \u0136\u012bmija r\u016bpniec\u012bbai &mdash; &Scaron;\u0137\u012bdin\u0101t\u0101ji un \u0137\u012bmisk\u0101s vielas &mdash; Masterchem.ee","description":"Citric acid (E330) is a chemically soluble, colorless, crystalline, environmentally friendly substance that is chemically soluble in water. CAS: 77-92-9","robots":{"index":"index","follow":"follow","max-snippet":"max-snippet:-1","max-image-preview":"max-image-preview:large","max-video-preview":"max-video-preview:-1"},"canonical":"https:\/\/masterchem.lv\/en\/product\/citric-acid-cas-77-92-9\/","og_locale":"en_US","og_type":"article","og_title":"Citric acid (CAS 77-92-9) - \u0136\u012bmija r\u016bpniec\u012bbai &mdash; &Scaron;\u0137\u012bdin\u0101t\u0101ji un \u0137\u012bmisk\u0101s vielas &mdash; Masterchem.ee","og_description":"Citric acid (E330) is a chemically soluble, colorless, crystalline, environmentally friendly substance that is chemically soluble in water. CAS: 77-92-9","og_url":"https:\/\/masterchem.lv\/en\/product\/citric-acid-cas-77-92-9\/","og_site_name":"\u0136\u012bmija r\u016bpniec\u012bbai &mdash; &Scaron;\u0137\u012bdin\u0101t\u0101ji un \u0137\u012bmisk\u0101s vielas &mdash; Masterchem.ee","article_modified_time":"2023-04-11T06:03:54+00:00","og_image":[{"width":500,"height":330,"url":"https:\/\/masterchem.lv\/wp-content\/uploads\/2023\/03\/Sidrunhape-MasterChem-20kg-1.png","type":"image\/png"}],"twitter_card":"summary_large_image","twitter_misc":{"Est. reading time":"1 minute"},"schema":{"@context":"https:\/\/schema.org","@graph":[{"@type":"WebPage","@id":"https:\/\/masterchem.lv\/en\/product\/citric-acid-cas-77-92-9\/","url":"https:\/\/masterchem.lv\/en\/product\/citric-acid-cas-77-92-9\/","name":"Citric acid (CAS 77-92-9) - \u0136\u012bmija r\u016bpniec\u012bbai &mdash; &Scaron;\u0137\u012bdin\u0101t\u0101ji un \u0137\u012bmisk\u0101s vielas &mdash; Masterchem.ee","isPartOf":{"@id":"https:\/\/masterchem.lv\/en\/#website"},"primaryImageOfPage":{"@id":"https:\/\/masterchem.lv\/en\/product\/citric-acid-cas-77-92-9\/#primaryimage"},"image":{"@id":"https:\/\/masterchem.lv\/en\/product\/citric-acid-cas-77-92-9\/#primaryimage"},"thumbnailUrl":"https:\/\/masterchem.lv\/wp-content\/uploads\/2023\/03\/Sidrunhape-MasterChem-20kg-1.png","datePublished":"2023-03-08T07:53:18+00:00","dateModified":"2023-04-11T06:03:54+00:00","description":"Citric acid (E330) is a chemically soluble, colorless, crystalline, environmentally friendly substance that is chemically soluble in water. CAS: 77-92-9","breadcrumb":{"@id":"https:\/\/masterchem.lv\/en\/product\/citric-acid-cas-77-92-9\/#breadcrumb"},"inLanguage":"en-US","potentialAction":[{"@type":"ReadAction","target":["https:\/\/masterchem.lv\/en\/product\/citric-acid-cas-77-92-9\/"]}]},{"@type":"ImageObject","inLanguage":"en-US","@id":"https:\/\/masterchem.lv\/en\/product\/citric-acid-cas-77-92-9\/#primaryimage","url":"https:\/\/masterchem.lv\/wp-content\/uploads\/2023\/03\/Sidrunhape-MasterChem-20kg-1.png","contentUrl":"https:\/\/masterchem.lv\/wp-content\/uploads\/2023\/03\/Sidrunhape-MasterChem-20kg-1.png","width":500,"height":330},{"@type":"BreadcrumbList","@id":"https:\/\/masterchem.lv\/en\/product\/citric-acid-cas-77-92-9\/#breadcrumb","itemListElement":[{"@type":"ListItem","position":1,"name":"Home","item":"https:\/\/masterchem.lv\/en\/"},{"@type":"ListItem","position":2,"name":"Shop","item":"https:\/\/masterchem.lv\/shop\/"},{"@type":"ListItem","position":3,"name":"Citric acid (CAS 77-92-9)"}]},{"@type":"WebSite","@id":"https:\/\/masterchem.lv\/en\/#website","url":"https:\/\/masterchem.lv\/en\/","name":"\u0136\u012bmija r\u016bpniec\u012bbai &mdash; &Scaron;\u0137\u012bdin\u0101t\u0101ji un \u0137\u012bmisk\u0101s vielas &mdash; Masterchem.ee","description":"\u0136\u012bmija r\u016bpniec\u012bbai&nbsp;&mdash; &scaron;\u0137\u012bdin\u0101t\u0101ji un \u0137\u012bmisk\u0101s vielas","potentialAction":[{"@type":"SearchAction","target":{"@type":"EntryPoint","urlTemplate":"https:\/\/masterchem.lv\/en\/?s={search_term_string}"},"query-input":{"@type":"PropertyValueSpecification","valueRequired":true,"valueName":"search_term_string"}}],"inLanguage":"en-US"}]}},"_links":{"self":[{"href":"https:\/\/masterchem.lv\/en\/wp-json\/wp\/v2\/product\/7956","targetHints":{"allow":["GET"]}}],"collection":[{"href":"https:\/\/masterchem.lv\/en\/wp-json\/wp\/v2\/product"}],"about":[{"href":"https:\/\/masterchem.lv\/en\/wp-json\/wp\/v2\/types\/product"}],"wp:featuredmedia":[{"embeddable":true,"href":"https:\/\/masterchem.lv\/en\/wp-json\/wp\/v2\/media\/8022"}],"wp:attachment":[{"href":"https:\/\/masterchem.lv\/en\/wp-json\/wp\/v2\/media?parent=7956"}],"wp:term":[{"taxonomy":"product_brand","embeddable":true,"href":"https:\/\/masterchem.lv\/en\/wp-json\/wp\/v2\/product_brand?post=7956"},{"taxonomy":"product_cat","embeddable":true,"href":"https:\/\/masterchem.lv\/en\/wp-json\/wp\/v2\/product_cat?post=7956"},{"taxonomy":"product_tag","embeddable":true,"href":"https:\/\/masterchem.lv\/en\/wp-json\/wp\/v2\/product_tag?post=7956"}],"curies":[{"name":"wp","href":"https:\/\/api.w.org\/{rel}","templated":true}]}}