{"id":8060,"date":"2023-03-08T07:53:44","date_gmt":"2023-03-08T07:53:44","guid":{"rendered":"https:\/\/masterchem.lv\/?post_type=product&#038;p=8060"},"modified":"2023-04-11T06:13:36","modified_gmt":"2023-04-11T06:13:36","slug":"drum-pump-transfer-hand-operated-for-diesel-oil-solvent-from-steel","status":"publish","type":"product","link":"https:\/\/masterchem.lv\/en\/product\/drum-pump-transfer-hand-operated-for-diesel-oil-solvent-from-steel\/","title":{"rendered":"Drum Pump Transfer Hand Operated for Diesel Oil Solvent from steel"},"content":{"rendered":"<p>20L\/min Lever Action Barrel Drum Pump Diesel Oil Transfer Hand Operated Extractor Tools Accessory<br \/>\nDescription:<\/p>\n<p>This lever type barrel pump is a smart tool to dispense gear oil, diesel and other non-corrosive liquids from barrel quickly and easily. With self-adjustable suction tube, it is convenient for flexible dispensing, and you can use the removable nozzle to fit hoses simply. In addition, the cushioned grip is a humanized design of non-slip pumping. Such a practical and handy pump, don&#8217;t miss it!<\/p>\n<p>Features:<br \/>\n1. This pump is designed for dispensing and transferring liquids, and it will help you to pump oils, diesels quickly and easily.<br \/>\n2. The high quality pump provides excellent fluid compatibility, and it is ideal for pumping diesel, kerosene, engine oil, hydraulic oil and other non-corrosive liquids.<br \/>\n3. Self-adjusting telescopic suction tube for flexible dispensing and operating.<br \/>\n4. You can hold the cushioned grip for easy, non-slip pumping, it is really a humanized design.<br \/>\n5. The removable nozzle fits hose easily and it is bend to make a convenience for using.<\/p>\n<p>Specifications:<br \/>\nMaterial: Cast Iron<br \/>\nMain Color: Silver<br \/>\nFlowing: 20L\/min<br \/>\nInlet Diameter: 3.4cm\/1.34&#8221;<br \/>\nOutlet Diameter: 2cm\/0.79&#8221;<br \/>\nPump Height: 78cm\/30.7&#8221;<br \/>\nTelescopic suction tube: 460-915mm adjustable<br \/>\nSurface Finish: Chrome Plated<br \/>\nPackage Weight: 2400g<\/p>\n<p>Apply: Ideal for pumping diesel, kerosene, gear oil, engine oil hydraulic oil and many other non-corrosive liquids.<\/p>\n","protected":false},"excerpt":{"rendered":"<p>20L\/min Lever Action Barrel Drum Pump Diesel Oil Transfer Hand Operated Extractor Tools Accessory Description: This lever type barrel pump is a smart tool to dispense gear oil, diesel and other non-corrosive liquids from barrel quickly and easily. With self-adjustable suction tube, it is convenient for flexible dispensing, and you can use the removable nozzle &hellip; <br \/><a href=\"https:\/\/masterchem.lv\/en\/product\/drum-pump-transfer-hand-operated-for-diesel-oil-solvent-from-steel\/\" class=\"more-link\">Continue reading <span class=\"screen-reader-text\">Drum Pump Transfer Hand Operated for Diesel Oil Solvent from steel<\/span><\/a><\/p>\n","protected":false},"featured_media":8097,"template":"","meta":{"_monsterinsights_skip_tracking":false,"_monsterinsights_sitenote_active":false,"_monsterinsights_sitenote_note":"","_monsterinsights_sitenote_category":0},"product_brand":[],"product_cat":[167,98],"product_tag":[],"class_list":{"0":"post-8060","1":"product","2":"type-product","3":"status-publish","4":"has-post-thumbnail","6":"product_cat-all-goods","7":"product_cat-packaging","9":"first","10":"instock","11":"taxable","12":"shipping-taxable","13":"purchasable","14":"product-type-simple"},"yoast_head":"<!-- This site is optimized with the Yoast SEO plugin v27.4 - https:\/\/yoast.com\/product\/yoast-seo-wordpress\/ -->\n<title>Drum Pump Transfer Hand Operated for Diesel Oil Solvent from steel - \u0136\u012bmija r\u016bpniec\u012bbai &mdash; &Scaron;\u0137\u012bdin\u0101t\u0101ji un \u0137\u012bmisk\u0101s vielas &mdash; Masterchem.ee<\/title>\n<meta name=\"description\" content=\"This lever type barrel pump is a smart tool to dispense gear oil, diesel and other non-corrosive liquids from barrel quickly and easily. With self-adjustable suction tube, it is convenient for flexible dispensing, and you can use the removable nozzle to fit hoses simply.\" \/>\n<meta name=\"robots\" content=\"index, follow, max-snippet:-1, max-image-preview:large, max-video-preview:-1\" \/>\n<link rel=\"canonical\" href=\"https:\/\/masterchem.lv\/en\/product\/drum-pump-transfer-hand-operated-for-diesel-oil-solvent-from-steel\/\" \/>\n<meta property=\"og:locale\" content=\"en_US\" \/>\n<meta property=\"og:type\" content=\"article\" \/>\n<meta property=\"og:title\" content=\"Drum Pump Transfer Hand Operated for Diesel Oil Solvent from steel - \u0136\u012bmija r\u016bpniec\u012bbai &mdash; &Scaron;\u0137\u012bdin\u0101t\u0101ji un \u0137\u012bmisk\u0101s vielas &mdash; Masterchem.ee\" \/>\n<meta property=\"og:description\" content=\"This lever type barrel pump is a smart tool to dispense gear oil, diesel and other non-corrosive liquids from barrel quickly and easily. With self-adjustable suction tube, it is convenient for flexible dispensing, and you can use the removable nozzle to fit hoses simply.\" \/>\n<meta property=\"og:url\" content=\"https:\/\/masterchem.lv\/en\/product\/drum-pump-transfer-hand-operated-for-diesel-oil-solvent-from-steel\/\" \/>\n<meta property=\"og:site_name\" content=\"\u0136\u012bmija r\u016bpniec\u012bbai &mdash; &Scaron;\u0137\u012bdin\u0101t\u0101ji un \u0137\u012bmisk\u0101s vielas &mdash; Masterchem.ee\" \/>\n<meta property=\"article:modified_time\" content=\"2023-04-11T06:13:36+00:00\" \/>\n<meta property=\"og:image\" content=\"https:\/\/masterchem.lv\/wp-content\/uploads\/2023\/03\/Terasest_diiseloli_lahustiga_juhitav_trummelpumba_ulekandemehhanism-1.jpg\" \/>\n\t<meta property=\"og:image:width\" content=\"1000\" \/>\n\t<meta property=\"og:image:height\" content=\"1000\" \/>\n\t<meta property=\"og:image:type\" content=\"image\/jpeg\" \/>\n<meta name=\"twitter:card\" content=\"summary_large_image\" \/>\n<meta name=\"twitter:label1\" content=\"Est. reading time\" \/>\n\t<meta name=\"twitter:data1\" content=\"2 minutes\" \/>\n<script type=\"application\/ld+json\" class=\"yoast-schema-graph\">{\"@context\":\"https:\\\/\\\/schema.org\",\"@graph\":[{\"@type\":\"WebPage\",\"@id\":\"https:\\\/\\\/masterchem.lv\\\/en\\\/product\\\/drum-pump-transfer-hand-operated-for-diesel-oil-solvent-from-steel\\\/\",\"url\":\"https:\\\/\\\/masterchem.lv\\\/en\\\/product\\\/drum-pump-transfer-hand-operated-for-diesel-oil-solvent-from-steel\\\/\",\"name\":\"Drum Pump Transfer Hand Operated for Diesel Oil Solvent from steel - \u0136\u012bmija r\u016bpniec\u012bbai &mdash; &Scaron;\u0137\u012bdin\u0101t\u0101ji un \u0137\u012bmisk\u0101s vielas &mdash; Masterchem.ee\",\"isPartOf\":{\"@id\":\"https:\\\/\\\/masterchem.lv\\\/en\\\/#website\"},\"primaryImageOfPage\":{\"@id\":\"https:\\\/\\\/masterchem.lv\\\/en\\\/product\\\/drum-pump-transfer-hand-operated-for-diesel-oil-solvent-from-steel\\\/#primaryimage\"},\"image\":{\"@id\":\"https:\\\/\\\/masterchem.lv\\\/en\\\/product\\\/drum-pump-transfer-hand-operated-for-diesel-oil-solvent-from-steel\\\/#primaryimage\"},\"thumbnailUrl\":\"https:\\\/\\\/masterchem.lv\\\/wp-content\\\/uploads\\\/2023\\\/03\\\/Terasest_diiseloli_lahustiga_juhitav_trummelpumba_ulekandemehhanism-1.jpg\",\"datePublished\":\"2023-03-08T07:53:44+00:00\",\"dateModified\":\"2023-04-11T06:13:36+00:00\",\"description\":\"This lever type barrel pump is a smart tool to dispense gear oil, diesel and other non-corrosive liquids from barrel quickly and easily. With self-adjustable suction tube, it is convenient for flexible dispensing, and you can use the removable nozzle to fit hoses simply.\",\"breadcrumb\":{\"@id\":\"https:\\\/\\\/masterchem.lv\\\/en\\\/product\\\/drum-pump-transfer-hand-operated-for-diesel-oil-solvent-from-steel\\\/#breadcrumb\"},\"inLanguage\":\"en-US\",\"potentialAction\":[{\"@type\":\"ReadAction\",\"target\":[\"https:\\\/\\\/masterchem.lv\\\/en\\\/product\\\/drum-pump-transfer-hand-operated-for-diesel-oil-solvent-from-steel\\\/\"]}]},{\"@type\":\"ImageObject\",\"inLanguage\":\"en-US\",\"@id\":\"https:\\\/\\\/masterchem.lv\\\/en\\\/product\\\/drum-pump-transfer-hand-operated-for-diesel-oil-solvent-from-steel\\\/#primaryimage\",\"url\":\"https:\\\/\\\/masterchem.lv\\\/wp-content\\\/uploads\\\/2023\\\/03\\\/Terasest_diiseloli_lahustiga_juhitav_trummelpumba_ulekandemehhanism-1.jpg\",\"contentUrl\":\"https:\\\/\\\/masterchem.lv\\\/wp-content\\\/uploads\\\/2023\\\/03\\\/Terasest_diiseloli_lahustiga_juhitav_trummelpumba_ulekandemehhanism-1.jpg\",\"width\":1000,\"height\":1000},{\"@type\":\"BreadcrumbList\",\"@id\":\"https:\\\/\\\/masterchem.lv\\\/en\\\/product\\\/drum-pump-transfer-hand-operated-for-diesel-oil-solvent-from-steel\\\/#breadcrumb\",\"itemListElement\":[{\"@type\":\"ListItem\",\"position\":1,\"name\":\"Home\",\"item\":\"https:\\\/\\\/masterchem.lv\\\/en\\\/\"},{\"@type\":\"ListItem\",\"position\":2,\"name\":\"Shop\",\"item\":\"https:\\\/\\\/masterchem.lv\\\/shop\\\/\"},{\"@type\":\"ListItem\",\"position\":3,\"name\":\"Drum Pump Transfer Hand Operated for Diesel Oil Solvent from steel\"}]},{\"@type\":\"WebSite\",\"@id\":\"https:\\\/\\\/masterchem.lv\\\/en\\\/#website\",\"url\":\"https:\\\/\\\/masterchem.lv\\\/en\\\/\",\"name\":\"\u0136\u012bmija r\u016bpniec\u012bbai &mdash; &Scaron;\u0137\u012bdin\u0101t\u0101ji un \u0137\u012bmisk\u0101s vielas &mdash; Masterchem.ee\",\"description\":\"\u0136\u012bmija r\u016bpniec\u012bbai&nbsp;&mdash; &scaron;\u0137\u012bdin\u0101t\u0101ji un \u0137\u012bmisk\u0101s vielas\",\"potentialAction\":[{\"@type\":\"SearchAction\",\"target\":{\"@type\":\"EntryPoint\",\"urlTemplate\":\"https:\\\/\\\/masterchem.lv\\\/en\\\/?s={search_term_string}\"},\"query-input\":{\"@type\":\"PropertyValueSpecification\",\"valueRequired\":true,\"valueName\":\"search_term_string\"}}],\"inLanguage\":\"en-US\"}]}<\/script>\n<!-- \/ Yoast SEO plugin. -->","yoast_head_json":{"title":"Drum Pump Transfer Hand Operated for Diesel Oil Solvent from steel - \u0136\u012bmija r\u016bpniec\u012bbai &mdash; &Scaron;\u0137\u012bdin\u0101t\u0101ji un \u0137\u012bmisk\u0101s vielas &mdash; Masterchem.ee","description":"This lever type barrel pump is a smart tool to dispense gear oil, diesel and other non-corrosive liquids from barrel quickly and easily. With self-adjustable suction tube, it is convenient for flexible dispensing, and you can use the removable nozzle to fit hoses simply.","robots":{"index":"index","follow":"follow","max-snippet":"max-snippet:-1","max-image-preview":"max-image-preview:large","max-video-preview":"max-video-preview:-1"},"canonical":"https:\/\/masterchem.lv\/en\/product\/drum-pump-transfer-hand-operated-for-diesel-oil-solvent-from-steel\/","og_locale":"en_US","og_type":"article","og_title":"Drum Pump Transfer Hand Operated for Diesel Oil Solvent from steel - \u0136\u012bmija r\u016bpniec\u012bbai &mdash; &Scaron;\u0137\u012bdin\u0101t\u0101ji un \u0137\u012bmisk\u0101s vielas &mdash; Masterchem.ee","og_description":"This lever type barrel pump is a smart tool to dispense gear oil, diesel and other non-corrosive liquids from barrel quickly and easily. With self-adjustable suction tube, it is convenient for flexible dispensing, and you can use the removable nozzle to fit hoses simply.","og_url":"https:\/\/masterchem.lv\/en\/product\/drum-pump-transfer-hand-operated-for-diesel-oil-solvent-from-steel\/","og_site_name":"\u0136\u012bmija r\u016bpniec\u012bbai &mdash; &Scaron;\u0137\u012bdin\u0101t\u0101ji un \u0137\u012bmisk\u0101s vielas &mdash; Masterchem.ee","article_modified_time":"2023-04-11T06:13:36+00:00","og_image":[{"width":1000,"height":1000,"url":"https:\/\/masterchem.lv\/wp-content\/uploads\/2023\/03\/Terasest_diiseloli_lahustiga_juhitav_trummelpumba_ulekandemehhanism-1.jpg","type":"image\/jpeg"}],"twitter_card":"summary_large_image","twitter_misc":{"Est. reading time":"2 minutes"},"schema":{"@context":"https:\/\/schema.org","@graph":[{"@type":"WebPage","@id":"https:\/\/masterchem.lv\/en\/product\/drum-pump-transfer-hand-operated-for-diesel-oil-solvent-from-steel\/","url":"https:\/\/masterchem.lv\/en\/product\/drum-pump-transfer-hand-operated-for-diesel-oil-solvent-from-steel\/","name":"Drum Pump Transfer Hand Operated for Diesel Oil Solvent from steel - \u0136\u012bmija r\u016bpniec\u012bbai &mdash; &Scaron;\u0137\u012bdin\u0101t\u0101ji un \u0137\u012bmisk\u0101s vielas &mdash; Masterchem.ee","isPartOf":{"@id":"https:\/\/masterchem.lv\/en\/#website"},"primaryImageOfPage":{"@id":"https:\/\/masterchem.lv\/en\/product\/drum-pump-transfer-hand-operated-for-diesel-oil-solvent-from-steel\/#primaryimage"},"image":{"@id":"https:\/\/masterchem.lv\/en\/product\/drum-pump-transfer-hand-operated-for-diesel-oil-solvent-from-steel\/#primaryimage"},"thumbnailUrl":"https:\/\/masterchem.lv\/wp-content\/uploads\/2023\/03\/Terasest_diiseloli_lahustiga_juhitav_trummelpumba_ulekandemehhanism-1.jpg","datePublished":"2023-03-08T07:53:44+00:00","dateModified":"2023-04-11T06:13:36+00:00","description":"This lever type barrel pump is a smart tool to dispense gear oil, diesel and other non-corrosive liquids from barrel quickly and easily. With self-adjustable suction tube, it is convenient for flexible dispensing, and you can use the removable nozzle to fit hoses simply.","breadcrumb":{"@id":"https:\/\/masterchem.lv\/en\/product\/drum-pump-transfer-hand-operated-for-diesel-oil-solvent-from-steel\/#breadcrumb"},"inLanguage":"en-US","potentialAction":[{"@type":"ReadAction","target":["https:\/\/masterchem.lv\/en\/product\/drum-pump-transfer-hand-operated-for-diesel-oil-solvent-from-steel\/"]}]},{"@type":"ImageObject","inLanguage":"en-US","@id":"https:\/\/masterchem.lv\/en\/product\/drum-pump-transfer-hand-operated-for-diesel-oil-solvent-from-steel\/#primaryimage","url":"https:\/\/masterchem.lv\/wp-content\/uploads\/2023\/03\/Terasest_diiseloli_lahustiga_juhitav_trummelpumba_ulekandemehhanism-1.jpg","contentUrl":"https:\/\/masterchem.lv\/wp-content\/uploads\/2023\/03\/Terasest_diiseloli_lahustiga_juhitav_trummelpumba_ulekandemehhanism-1.jpg","width":1000,"height":1000},{"@type":"BreadcrumbList","@id":"https:\/\/masterchem.lv\/en\/product\/drum-pump-transfer-hand-operated-for-diesel-oil-solvent-from-steel\/#breadcrumb","itemListElement":[{"@type":"ListItem","position":1,"name":"Home","item":"https:\/\/masterchem.lv\/en\/"},{"@type":"ListItem","position":2,"name":"Shop","item":"https:\/\/masterchem.lv\/shop\/"},{"@type":"ListItem","position":3,"name":"Drum Pump Transfer Hand Operated for Diesel Oil Solvent from steel"}]},{"@type":"WebSite","@id":"https:\/\/masterchem.lv\/en\/#website","url":"https:\/\/masterchem.lv\/en\/","name":"\u0136\u012bmija r\u016bpniec\u012bbai &mdash; &Scaron;\u0137\u012bdin\u0101t\u0101ji un \u0137\u012bmisk\u0101s vielas &mdash; Masterchem.ee","description":"\u0136\u012bmija r\u016bpniec\u012bbai&nbsp;&mdash; &scaron;\u0137\u012bdin\u0101t\u0101ji un \u0137\u012bmisk\u0101s vielas","potentialAction":[{"@type":"SearchAction","target":{"@type":"EntryPoint","urlTemplate":"https:\/\/masterchem.lv\/en\/?s={search_term_string}"},"query-input":{"@type":"PropertyValueSpecification","valueRequired":true,"valueName":"search_term_string"}}],"inLanguage":"en-US"}]}},"_links":{"self":[{"href":"https:\/\/masterchem.lv\/en\/wp-json\/wp\/v2\/product\/8060","targetHints":{"allow":["GET"]}}],"collection":[{"href":"https:\/\/masterchem.lv\/en\/wp-json\/wp\/v2\/product"}],"about":[{"href":"https:\/\/masterchem.lv\/en\/wp-json\/wp\/v2\/types\/product"}],"wp:featuredmedia":[{"embeddable":true,"href":"https:\/\/masterchem.lv\/en\/wp-json\/wp\/v2\/media\/8097"}],"wp:attachment":[{"href":"https:\/\/masterchem.lv\/en\/wp-json\/wp\/v2\/media?parent=8060"}],"wp:term":[{"taxonomy":"product_brand","embeddable":true,"href":"https:\/\/masterchem.lv\/en\/wp-json\/wp\/v2\/product_brand?post=8060"},{"taxonomy":"product_cat","embeddable":true,"href":"https:\/\/masterchem.lv\/en\/wp-json\/wp\/v2\/product_cat?post=8060"},{"taxonomy":"product_tag","embeddable":true,"href":"https:\/\/masterchem.lv\/en\/wp-json\/wp\/v2\/product_tag?post=8060"}],"curies":[{"name":"wp","href":"https:\/\/api.w.org\/{rel}","templated":true}]}}