{"id":8160,"date":"2023-03-08T07:54:12","date_gmt":"2023-03-08T07:54:12","guid":{"rendered":"https:\/\/masterchem.lv\/?post_type=product&#038;p=8160"},"modified":"2023-04-11T06:17:53","modified_gmt":"2023-04-11T06:17:53","slug":"caustic-soda-cas-1310-73-2","status":"publish","type":"product","link":"https:\/\/masterchem.lv\/en\/product\/caustic-soda-cas-1310-73-2\/","title":{"rendered":"Caustic soda (CAS 1310-73-2)"},"content":{"rendered":"<p><strong>Using caustic soda:<\/strong><br \/>\nCaustic is used to make biodiesel &#8211; derived from vegetable oils and used to replace conventional diesel fuel.<br \/>\nAs an agent for dissolving sewer blockages, in the form of dry granules or in gels. Caustic soda disaggregates the blockage and makes it easy to move further along the pipe.<br \/>\nBasic washing of tanks and pipelines in the food industry, circular washing. Caustic is also widely used in the textile and paper industry.<\/p>\n<p><strong>Packaging:<\/strong><br \/>\n25 kg bag<\/p>\n<p><strong>Physicochemical characteristics:<\/strong><br \/>\ncaustic soda Masterchem is a white crystalline compound, can be like granules or flakes.<br \/>\nDissolves well in water, releasing a lot of heat.<br \/>\n<strong>Hygroscopic.<\/strong><br \/>\nfreezing point: 323 \u00b0 C<br \/>\nboiling point: 1388 \u00b0 C<br \/>\n<strong>Color: white<\/strong><br \/>\n<strong>Odor: odorless<\/strong><\/p>\n","protected":false},"excerpt":{"rendered":"<p><strong>Caustic soda, sodium hydroxide ja lye CAS 1310-73-2<\/strong><br \/>\nCaustic soda is the most common alkali, with the chemical formula NaOH.<br \/>\nSoapstone is a product of chemical synthesis, such a substance does not exist in nature.<br \/>\nThe dissolution of fats and proteins is an important property of soapstone, which is used in industry and also in household cleaning products.<br \/>\n<strong>EC 215-185-5<\/strong><br \/>\n<strong>INDEX 011-002-00-6<\/strong><\/p>\n<p><a target=\"_blank\" href=\"https:\/\/masterchem.ee\/wp-content\/uploads\/2020\/08\/NaOH-TDS-EN-MasterChem.pdf\" class=\"pdf\" alt=\"Product Specifications TDS\" title=\"Product Specifications TDS\" rel=\"noopener\">Product Specifications (TDS)<\/a><\/p>\n","protected":false},"featured_media":8182,"template":"","meta":{"_monsterinsights_skip_tracking":false,"_monsterinsights_sitenote_active":false,"_monsterinsights_sitenote_note":"","_monsterinsights_sitenote_category":0},"product_brand":[],"product_cat":[167,169,88,70,76,92,101,86,107,110],"product_tag":[],"class_list":{"0":"post-8160","1":"product","2":"type-product","3":"status-publish","4":"has-post-thumbnail","6":"product_cat-all-goods","7":"product_cat-antifreezing-liquids","8":"product_cat-building-industry","9":"product_cat-cosmetic-industry","10":"product_cat-fertilizers","11":"product_cat-household-chemicals","12":"product_cat-pharmaceuticals","13":"product_cat-resins-plastics-polyurethanes","14":"product_cat-road-painting","15":"product_cat-typography-chemicals","17":"first","18":"instock","19":"taxable","20":"shipping-taxable","21":"purchasable","22":"product-type-variable","23":"has-default-attributes"},"yoast_head":"<!-- This site is optimized with the Yoast SEO plugin v27.4 - https:\/\/yoast.com\/product\/yoast-seo-wordpress\/ -->\n<title>Caustic soda (CAS 1310-73-2) - \u0136\u012bmija r\u016bpniec\u012bbai &mdash; &Scaron;\u0137\u012bdin\u0101t\u0101ji un \u0137\u012bmisk\u0101s vielas &mdash; Masterchem.ee<\/title>\n<meta name=\"description\" content=\"Caustic is used to make biodiesel - derived from vegetable oils and used to replace conventional diesel fuel. As an agent for dissolving sewer blockages, in the form of dry granules or in gels. CAS: 1310-73-2\" \/>\n<meta name=\"robots\" content=\"index, follow, max-snippet:-1, max-image-preview:large, max-video-preview:-1\" \/>\n<link rel=\"canonical\" href=\"https:\/\/masterchem.lv\/en\/product\/caustic-soda-cas-1310-73-2\/\" \/>\n<meta property=\"og:locale\" content=\"en_US\" \/>\n<meta property=\"og:type\" content=\"article\" \/>\n<meta property=\"og:title\" content=\"Caustic soda (CAS 1310-73-2) - \u0136\u012bmija r\u016bpniec\u012bbai &mdash; &Scaron;\u0137\u012bdin\u0101t\u0101ji un \u0137\u012bmisk\u0101s vielas &mdash; Masterchem.ee\" \/>\n<meta property=\"og:description\" content=\"Caustic is used to make biodiesel - derived from vegetable oils and used to replace conventional diesel fuel. As an agent for dissolving sewer blockages, in the form of dry granules or in gels. CAS: 1310-73-2\" \/>\n<meta property=\"og:url\" content=\"https:\/\/masterchem.lv\/en\/product\/caustic-soda-cas-1310-73-2\/\" \/>\n<meta property=\"og:site_name\" content=\"\u0136\u012bmija r\u016bpniec\u012bbai &mdash; &Scaron;\u0137\u012bdin\u0101t\u0101ji un \u0137\u012bmisk\u0101s vielas &mdash; Masterchem.ee\" \/>\n<meta property=\"article:modified_time\" content=\"2023-04-11T06:17:53+00:00\" \/>\n<meta property=\"og:image\" content=\"https:\/\/masterchem.lv\/wp-content\/uploads\/2023\/03\/Seebikivi-25kg-MasterChem-1.png\" \/>\n\t<meta property=\"og:image:width\" content=\"1000\" \/>\n\t<meta property=\"og:image:height\" content=\"1000\" \/>\n\t<meta property=\"og:image:type\" content=\"image\/png\" \/>\n<meta name=\"twitter:card\" content=\"summary_large_image\" \/>\n<meta name=\"twitter:label1\" content=\"Est. reading time\" \/>\n\t<meta name=\"twitter:data1\" content=\"1 minute\" \/>\n<script type=\"application\/ld+json\" class=\"yoast-schema-graph\">{\"@context\":\"https:\\\/\\\/schema.org\",\"@graph\":[{\"@type\":\"WebPage\",\"@id\":\"https:\\\/\\\/masterchem.lv\\\/en\\\/product\\\/caustic-soda-cas-1310-73-2\\\/\",\"url\":\"https:\\\/\\\/masterchem.lv\\\/en\\\/product\\\/caustic-soda-cas-1310-73-2\\\/\",\"name\":\"Caustic soda (CAS 1310-73-2) - \u0136\u012bmija r\u016bpniec\u012bbai &mdash; &Scaron;\u0137\u012bdin\u0101t\u0101ji un \u0137\u012bmisk\u0101s vielas &mdash; Masterchem.ee\",\"isPartOf\":{\"@id\":\"https:\\\/\\\/masterchem.lv\\\/en\\\/#website\"},\"primaryImageOfPage\":{\"@id\":\"https:\\\/\\\/masterchem.lv\\\/en\\\/product\\\/caustic-soda-cas-1310-73-2\\\/#primaryimage\"},\"image\":{\"@id\":\"https:\\\/\\\/masterchem.lv\\\/en\\\/product\\\/caustic-soda-cas-1310-73-2\\\/#primaryimage\"},\"thumbnailUrl\":\"https:\\\/\\\/masterchem.lv\\\/wp-content\\\/uploads\\\/2023\\\/03\\\/Seebikivi-25kg-MasterChem-1.png\",\"datePublished\":\"2023-03-08T07:54:12+00:00\",\"dateModified\":\"2023-04-11T06:17:53+00:00\",\"description\":\"Caustic is used to make biodiesel - derived from vegetable oils and used to replace conventional diesel fuel. As an agent for dissolving sewer blockages, in the form of dry granules or in gels. CAS: 1310-73-2\",\"breadcrumb\":{\"@id\":\"https:\\\/\\\/masterchem.lv\\\/en\\\/product\\\/caustic-soda-cas-1310-73-2\\\/#breadcrumb\"},\"inLanguage\":\"en-US\",\"potentialAction\":[{\"@type\":\"ReadAction\",\"target\":[\"https:\\\/\\\/masterchem.lv\\\/en\\\/product\\\/caustic-soda-cas-1310-73-2\\\/\"]}]},{\"@type\":\"ImageObject\",\"inLanguage\":\"en-US\",\"@id\":\"https:\\\/\\\/masterchem.lv\\\/en\\\/product\\\/caustic-soda-cas-1310-73-2\\\/#primaryimage\",\"url\":\"https:\\\/\\\/masterchem.lv\\\/wp-content\\\/uploads\\\/2023\\\/03\\\/Seebikivi-25kg-MasterChem-1.png\",\"contentUrl\":\"https:\\\/\\\/masterchem.lv\\\/wp-content\\\/uploads\\\/2023\\\/03\\\/Seebikivi-25kg-MasterChem-1.png\",\"width\":1000,\"height\":1000},{\"@type\":\"BreadcrumbList\",\"@id\":\"https:\\\/\\\/masterchem.lv\\\/en\\\/product\\\/caustic-soda-cas-1310-73-2\\\/#breadcrumb\",\"itemListElement\":[{\"@type\":\"ListItem\",\"position\":1,\"name\":\"Home\",\"item\":\"https:\\\/\\\/masterchem.lv\\\/en\\\/\"},{\"@type\":\"ListItem\",\"position\":2,\"name\":\"Shop\",\"item\":\"https:\\\/\\\/masterchem.lv\\\/shop\\\/\"},{\"@type\":\"ListItem\",\"position\":3,\"name\":\"Caustic soda (CAS 1310-73-2)\"}]},{\"@type\":\"WebSite\",\"@id\":\"https:\\\/\\\/masterchem.lv\\\/en\\\/#website\",\"url\":\"https:\\\/\\\/masterchem.lv\\\/en\\\/\",\"name\":\"\u0136\u012bmija r\u016bpniec\u012bbai &mdash; &Scaron;\u0137\u012bdin\u0101t\u0101ji un \u0137\u012bmisk\u0101s vielas &mdash; Masterchem.ee\",\"description\":\"\u0136\u012bmija r\u016bpniec\u012bbai&nbsp;&mdash; &scaron;\u0137\u012bdin\u0101t\u0101ji un \u0137\u012bmisk\u0101s vielas\",\"potentialAction\":[{\"@type\":\"SearchAction\",\"target\":{\"@type\":\"EntryPoint\",\"urlTemplate\":\"https:\\\/\\\/masterchem.lv\\\/en\\\/?s={search_term_string}\"},\"query-input\":{\"@type\":\"PropertyValueSpecification\",\"valueRequired\":true,\"valueName\":\"search_term_string\"}}],\"inLanguage\":\"en-US\"}]}<\/script>\n<!-- \/ Yoast SEO plugin. -->","yoast_head_json":{"title":"Caustic soda (CAS 1310-73-2) - \u0136\u012bmija r\u016bpniec\u012bbai &mdash; &Scaron;\u0137\u012bdin\u0101t\u0101ji un \u0137\u012bmisk\u0101s vielas &mdash; Masterchem.ee","description":"Caustic is used to make biodiesel - derived from vegetable oils and used to replace conventional diesel fuel. As an agent for dissolving sewer blockages, in the form of dry granules or in gels. CAS: 1310-73-2","robots":{"index":"index","follow":"follow","max-snippet":"max-snippet:-1","max-image-preview":"max-image-preview:large","max-video-preview":"max-video-preview:-1"},"canonical":"https:\/\/masterchem.lv\/en\/product\/caustic-soda-cas-1310-73-2\/","og_locale":"en_US","og_type":"article","og_title":"Caustic soda (CAS 1310-73-2) - \u0136\u012bmija r\u016bpniec\u012bbai &mdash; &Scaron;\u0137\u012bdin\u0101t\u0101ji un \u0137\u012bmisk\u0101s vielas &mdash; Masterchem.ee","og_description":"Caustic is used to make biodiesel - derived from vegetable oils and used to replace conventional diesel fuel. As an agent for dissolving sewer blockages, in the form of dry granules or in gels. CAS: 1310-73-2","og_url":"https:\/\/masterchem.lv\/en\/product\/caustic-soda-cas-1310-73-2\/","og_site_name":"\u0136\u012bmija r\u016bpniec\u012bbai &mdash; &Scaron;\u0137\u012bdin\u0101t\u0101ji un \u0137\u012bmisk\u0101s vielas &mdash; Masterchem.ee","article_modified_time":"2023-04-11T06:17:53+00:00","og_image":[{"width":1000,"height":1000,"url":"https:\/\/masterchem.lv\/wp-content\/uploads\/2023\/03\/Seebikivi-25kg-MasterChem-1.png","type":"image\/png"}],"twitter_card":"summary_large_image","twitter_misc":{"Est. reading time":"1 minute"},"schema":{"@context":"https:\/\/schema.org","@graph":[{"@type":"WebPage","@id":"https:\/\/masterchem.lv\/en\/product\/caustic-soda-cas-1310-73-2\/","url":"https:\/\/masterchem.lv\/en\/product\/caustic-soda-cas-1310-73-2\/","name":"Caustic soda (CAS 1310-73-2) - \u0136\u012bmija r\u016bpniec\u012bbai &mdash; &Scaron;\u0137\u012bdin\u0101t\u0101ji un \u0137\u012bmisk\u0101s vielas &mdash; Masterchem.ee","isPartOf":{"@id":"https:\/\/masterchem.lv\/en\/#website"},"primaryImageOfPage":{"@id":"https:\/\/masterchem.lv\/en\/product\/caustic-soda-cas-1310-73-2\/#primaryimage"},"image":{"@id":"https:\/\/masterchem.lv\/en\/product\/caustic-soda-cas-1310-73-2\/#primaryimage"},"thumbnailUrl":"https:\/\/masterchem.lv\/wp-content\/uploads\/2023\/03\/Seebikivi-25kg-MasterChem-1.png","datePublished":"2023-03-08T07:54:12+00:00","dateModified":"2023-04-11T06:17:53+00:00","description":"Caustic is used to make biodiesel - derived from vegetable oils and used to replace conventional diesel fuel. As an agent for dissolving sewer blockages, in the form of dry granules or in gels. CAS: 1310-73-2","breadcrumb":{"@id":"https:\/\/masterchem.lv\/en\/product\/caustic-soda-cas-1310-73-2\/#breadcrumb"},"inLanguage":"en-US","potentialAction":[{"@type":"ReadAction","target":["https:\/\/masterchem.lv\/en\/product\/caustic-soda-cas-1310-73-2\/"]}]},{"@type":"ImageObject","inLanguage":"en-US","@id":"https:\/\/masterchem.lv\/en\/product\/caustic-soda-cas-1310-73-2\/#primaryimage","url":"https:\/\/masterchem.lv\/wp-content\/uploads\/2023\/03\/Seebikivi-25kg-MasterChem-1.png","contentUrl":"https:\/\/masterchem.lv\/wp-content\/uploads\/2023\/03\/Seebikivi-25kg-MasterChem-1.png","width":1000,"height":1000},{"@type":"BreadcrumbList","@id":"https:\/\/masterchem.lv\/en\/product\/caustic-soda-cas-1310-73-2\/#breadcrumb","itemListElement":[{"@type":"ListItem","position":1,"name":"Home","item":"https:\/\/masterchem.lv\/en\/"},{"@type":"ListItem","position":2,"name":"Shop","item":"https:\/\/masterchem.lv\/shop\/"},{"@type":"ListItem","position":3,"name":"Caustic soda (CAS 1310-73-2)"}]},{"@type":"WebSite","@id":"https:\/\/masterchem.lv\/en\/#website","url":"https:\/\/masterchem.lv\/en\/","name":"\u0136\u012bmija r\u016bpniec\u012bbai &mdash; &Scaron;\u0137\u012bdin\u0101t\u0101ji un \u0137\u012bmisk\u0101s vielas &mdash; Masterchem.ee","description":"\u0136\u012bmija r\u016bpniec\u012bbai&nbsp;&mdash; &scaron;\u0137\u012bdin\u0101t\u0101ji un \u0137\u012bmisk\u0101s vielas","potentialAction":[{"@type":"SearchAction","target":{"@type":"EntryPoint","urlTemplate":"https:\/\/masterchem.lv\/en\/?s={search_term_string}"},"query-input":{"@type":"PropertyValueSpecification","valueRequired":true,"valueName":"search_term_string"}}],"inLanguage":"en-US"}]}},"_links":{"self":[{"href":"https:\/\/masterchem.lv\/en\/wp-json\/wp\/v2\/product\/8160","targetHints":{"allow":["GET"]}}],"collection":[{"href":"https:\/\/masterchem.lv\/en\/wp-json\/wp\/v2\/product"}],"about":[{"href":"https:\/\/masterchem.lv\/en\/wp-json\/wp\/v2\/types\/product"}],"wp:featuredmedia":[{"embeddable":true,"href":"https:\/\/masterchem.lv\/en\/wp-json\/wp\/v2\/media\/8182"}],"wp:attachment":[{"href":"https:\/\/masterchem.lv\/en\/wp-json\/wp\/v2\/media?parent=8160"}],"wp:term":[{"taxonomy":"product_brand","embeddable":true,"href":"https:\/\/masterchem.lv\/en\/wp-json\/wp\/v2\/product_brand?post=8160"},{"taxonomy":"product_cat","embeddable":true,"href":"https:\/\/masterchem.lv\/en\/wp-json\/wp\/v2\/product_cat?post=8160"},{"taxonomy":"product_tag","embeddable":true,"href":"https:\/\/masterchem.lv\/en\/wp-json\/wp\/v2\/product_tag?post=8160"}],"curies":[{"name":"wp","href":"https:\/\/api.w.org\/{rel}","templated":true}]}}