{"id":8422,"date":"2023-03-08T07:55:28","date_gmt":"2023-03-08T07:55:28","guid":{"rendered":"https:\/\/masterchem.lv\/?post_type=product&#038;p=8422"},"modified":"2023-04-11T06:34:01","modified_gmt":"2023-04-11T06:34:01","slug":"brake-cleaner-mastercleaner-top","status":"publish","type":"product","link":"https:\/\/masterchem.lv\/en\/product\/brake-cleaner-mastercleaner-top\/","title":{"rendered":"Brake Cleaner MasterCleaner Top"},"content":{"rendered":"<p><strong>Technical information:<\/strong><br \/>\nBase: aliphatic hydrocarbons.<br \/>\nColor: transparent.<br \/>\nOdor: specific.<br \/>\nDensity (ASTM D4052) 0.705 g \/ ml<br \/>\n<strong>Physical and chemical properties:<\/strong><br \/>\nColor: Transparent, colorless.<br \/>\nOdor: Weak specific odor.<\/p>\n","protected":false},"excerpt":{"rendered":"<p>MasterCleaner Top Is a Brake cleaner that effectively removes dirt, silicone, oil, grease, glue, brake dust, soot.<br \/>\nMasterCleaner Top is a very fast evaporating cleaner that removes even the smallest oil particles from the surface.<br \/>\nBrake Cleaner MasterCleaner Top is unique in that it is completely volatile and leaves no residue. Does not contain acetone or acetates. Does not cause corrosion. Can be used with different types of plastics. May damage rubber products.<br \/>\nMasterCleaner Top &#8211; Brake cleaner: Used to remove grease, oil, soot, brake dust and fluid. Thanks to its fast drying time, it is possible to use the cleaned parts almost immediately and continue working.<br \/>\nBrake Cleaner MasterCleaner Top Also suitable for use as a universal technical cleaner for cleaning all mechanical parts from oil and other contaminants.<br \/>\nMasterCleaner Top &#8211; The brake cleaner can also be used to clean electrical contacts and connections.<\/p>\n","protected":false},"featured_media":8425,"template":"","meta":{"_monsterinsights_skip_tracking":false,"_monsterinsights_sitenote_active":false,"_monsterinsights_sitenote_note":"","_monsterinsights_sitenote_category":0},"product_brand":[],"product_cat":[167,170],"product_tag":[],"class_list":{"0":"post-8422","1":"product","2":"type-product","3":"status-publish","4":"has-post-thumbnail","6":"product_cat-all-goods","7":"product_cat-car-and-machinery-chemicals","9":"first","10":"instock","11":"featured","12":"taxable","13":"shipping-taxable","14":"purchasable","15":"product-type-variable","16":"has-default-attributes"},"yoast_head":"<!-- This site is optimized with the Yoast SEO plugin v27.4 - https:\/\/yoast.com\/product\/yoast-seo-wordpress\/ -->\n<title>Brake Cleaner MasterCleaner Top - \u0136\u012bmija r\u016bpniec\u012bbai &mdash; &Scaron;\u0137\u012bdin\u0101t\u0101ji un \u0137\u012bmisk\u0101s vielas &mdash; Masterchem.ee<\/title>\n<meta name=\"description\" content=\"MasterCleaner Top Is a Brake cleaner that effectively removes dirt, silicone, oil, grease, glue, brake dust, soot. MasterCleaner Top is a very fast evaporating cleaner that removes even the smallest oil particles from the surface.\" \/>\n<meta name=\"robots\" content=\"index, follow, max-snippet:-1, max-image-preview:large, max-video-preview:-1\" \/>\n<link rel=\"canonical\" href=\"https:\/\/masterchem.lv\/en\/product\/brake-cleaner-mastercleaner-top\/\" \/>\n<meta property=\"og:locale\" content=\"en_US\" \/>\n<meta property=\"og:type\" content=\"article\" \/>\n<meta property=\"og:title\" content=\"Brake Cleaner MasterCleaner Top - \u0136\u012bmija r\u016bpniec\u012bbai &mdash; &Scaron;\u0137\u012bdin\u0101t\u0101ji un \u0137\u012bmisk\u0101s vielas &mdash; Masterchem.ee\" \/>\n<meta property=\"og:description\" content=\"MasterCleaner Top Is a Brake cleaner that effectively removes dirt, silicone, oil, grease, glue, brake dust, soot. MasterCleaner Top is a very fast evaporating cleaner that removes even the smallest oil particles from the surface.\" \/>\n<meta property=\"og:url\" content=\"https:\/\/masterchem.lv\/en\/product\/brake-cleaner-mastercleaner-top\/\" \/>\n<meta property=\"og:site_name\" content=\"\u0136\u012bmija r\u016bpniec\u012bbai &mdash; &Scaron;\u0137\u012bdin\u0101t\u0101ji un \u0137\u012bmisk\u0101s vielas &mdash; Masterchem.ee\" \/>\n<meta property=\"article:modified_time\" content=\"2023-04-11T06:34:01+00:00\" \/>\n<meta property=\"og:image\" content=\"https:\/\/masterchem.lv\/wp-content\/uploads\/2023\/03\/Piduripuhastaja-MasterCleaner-Top-5l-MaterChem-1.jpg\" \/>\n\t<meta property=\"og:image:width\" content=\"700\" \/>\n\t<meta property=\"og:image:height\" content=\"700\" \/>\n\t<meta property=\"og:image:type\" content=\"image\/jpeg\" \/>\n<meta name=\"twitter:card\" content=\"summary_large_image\" \/>\n<meta name=\"twitter:label1\" content=\"Est. reading time\" \/>\n\t<meta name=\"twitter:data1\" content=\"1 minute\" \/>\n<script type=\"application\/ld+json\" class=\"yoast-schema-graph\">{\"@context\":\"https:\\\/\\\/schema.org\",\"@graph\":[{\"@type\":\"WebPage\",\"@id\":\"https:\\\/\\\/masterchem.lv\\\/en\\\/product\\\/brake-cleaner-mastercleaner-top\\\/\",\"url\":\"https:\\\/\\\/masterchem.lv\\\/en\\\/product\\\/brake-cleaner-mastercleaner-top\\\/\",\"name\":\"Brake Cleaner MasterCleaner Top - \u0136\u012bmija r\u016bpniec\u012bbai &mdash; &Scaron;\u0137\u012bdin\u0101t\u0101ji un \u0137\u012bmisk\u0101s vielas &mdash; Masterchem.ee\",\"isPartOf\":{\"@id\":\"https:\\\/\\\/masterchem.lv\\\/en\\\/#website\"},\"primaryImageOfPage\":{\"@id\":\"https:\\\/\\\/masterchem.lv\\\/en\\\/product\\\/brake-cleaner-mastercleaner-top\\\/#primaryimage\"},\"image\":{\"@id\":\"https:\\\/\\\/masterchem.lv\\\/en\\\/product\\\/brake-cleaner-mastercleaner-top\\\/#primaryimage\"},\"thumbnailUrl\":\"https:\\\/\\\/masterchem.lv\\\/wp-content\\\/uploads\\\/2023\\\/03\\\/Piduripuhastaja-MasterCleaner-Top-5l-MaterChem-1.jpg\",\"datePublished\":\"2023-03-08T07:55:28+00:00\",\"dateModified\":\"2023-04-11T06:34:01+00:00\",\"description\":\"MasterCleaner Top Is a Brake cleaner that effectively removes dirt, silicone, oil, grease, glue, brake dust, soot. MasterCleaner Top is a very fast evaporating cleaner that removes even the smallest oil particles from the surface.\",\"breadcrumb\":{\"@id\":\"https:\\\/\\\/masterchem.lv\\\/en\\\/product\\\/brake-cleaner-mastercleaner-top\\\/#breadcrumb\"},\"inLanguage\":\"en-US\",\"potentialAction\":[{\"@type\":\"ReadAction\",\"target\":[\"https:\\\/\\\/masterchem.lv\\\/en\\\/product\\\/brake-cleaner-mastercleaner-top\\\/\"]}]},{\"@type\":\"ImageObject\",\"inLanguage\":\"en-US\",\"@id\":\"https:\\\/\\\/masterchem.lv\\\/en\\\/product\\\/brake-cleaner-mastercleaner-top\\\/#primaryimage\",\"url\":\"https:\\\/\\\/masterchem.lv\\\/wp-content\\\/uploads\\\/2023\\\/03\\\/Piduripuhastaja-MasterCleaner-Top-5l-MaterChem-1.jpg\",\"contentUrl\":\"https:\\\/\\\/masterchem.lv\\\/wp-content\\\/uploads\\\/2023\\\/03\\\/Piduripuhastaja-MasterCleaner-Top-5l-MaterChem-1.jpg\",\"width\":700,\"height\":700},{\"@type\":\"BreadcrumbList\",\"@id\":\"https:\\\/\\\/masterchem.lv\\\/en\\\/product\\\/brake-cleaner-mastercleaner-top\\\/#breadcrumb\",\"itemListElement\":[{\"@type\":\"ListItem\",\"position\":1,\"name\":\"Home\",\"item\":\"https:\\\/\\\/masterchem.lv\\\/en\\\/\"},{\"@type\":\"ListItem\",\"position\":2,\"name\":\"Shop\",\"item\":\"https:\\\/\\\/masterchem.lv\\\/shop\\\/\"},{\"@type\":\"ListItem\",\"position\":3,\"name\":\"Brake Cleaner MasterCleaner Top\"}]},{\"@type\":\"WebSite\",\"@id\":\"https:\\\/\\\/masterchem.lv\\\/en\\\/#website\",\"url\":\"https:\\\/\\\/masterchem.lv\\\/en\\\/\",\"name\":\"\u0136\u012bmija r\u016bpniec\u012bbai &mdash; &Scaron;\u0137\u012bdin\u0101t\u0101ji un \u0137\u012bmisk\u0101s vielas &mdash; Masterchem.ee\",\"description\":\"\u0136\u012bmija r\u016bpniec\u012bbai&nbsp;&mdash; &scaron;\u0137\u012bdin\u0101t\u0101ji un \u0137\u012bmisk\u0101s vielas\",\"potentialAction\":[{\"@type\":\"SearchAction\",\"target\":{\"@type\":\"EntryPoint\",\"urlTemplate\":\"https:\\\/\\\/masterchem.lv\\\/en\\\/?s={search_term_string}\"},\"query-input\":{\"@type\":\"PropertyValueSpecification\",\"valueRequired\":true,\"valueName\":\"search_term_string\"}}],\"inLanguage\":\"en-US\"}]}<\/script>\n<!-- \/ Yoast SEO plugin. -->","yoast_head_json":{"title":"Brake Cleaner MasterCleaner Top - \u0136\u012bmija r\u016bpniec\u012bbai &mdash; &Scaron;\u0137\u012bdin\u0101t\u0101ji un \u0137\u012bmisk\u0101s vielas &mdash; Masterchem.ee","description":"MasterCleaner Top Is a Brake cleaner that effectively removes dirt, silicone, oil, grease, glue, brake dust, soot. MasterCleaner Top is a very fast evaporating cleaner that removes even the smallest oil particles from the surface.","robots":{"index":"index","follow":"follow","max-snippet":"max-snippet:-1","max-image-preview":"max-image-preview:large","max-video-preview":"max-video-preview:-1"},"canonical":"https:\/\/masterchem.lv\/en\/product\/brake-cleaner-mastercleaner-top\/","og_locale":"en_US","og_type":"article","og_title":"Brake Cleaner MasterCleaner Top - \u0136\u012bmija r\u016bpniec\u012bbai &mdash; &Scaron;\u0137\u012bdin\u0101t\u0101ji un \u0137\u012bmisk\u0101s vielas &mdash; Masterchem.ee","og_description":"MasterCleaner Top Is a Brake cleaner that effectively removes dirt, silicone, oil, grease, glue, brake dust, soot. MasterCleaner Top is a very fast evaporating cleaner that removes even the smallest oil particles from the surface.","og_url":"https:\/\/masterchem.lv\/en\/product\/brake-cleaner-mastercleaner-top\/","og_site_name":"\u0136\u012bmija r\u016bpniec\u012bbai &mdash; &Scaron;\u0137\u012bdin\u0101t\u0101ji un \u0137\u012bmisk\u0101s vielas &mdash; Masterchem.ee","article_modified_time":"2023-04-11T06:34:01+00:00","og_image":[{"width":700,"height":700,"url":"https:\/\/masterchem.lv\/wp-content\/uploads\/2023\/03\/Piduripuhastaja-MasterCleaner-Top-5l-MaterChem-1.jpg","type":"image\/jpeg"}],"twitter_card":"summary_large_image","twitter_misc":{"Est. reading time":"1 minute"},"schema":{"@context":"https:\/\/schema.org","@graph":[{"@type":"WebPage","@id":"https:\/\/masterchem.lv\/en\/product\/brake-cleaner-mastercleaner-top\/","url":"https:\/\/masterchem.lv\/en\/product\/brake-cleaner-mastercleaner-top\/","name":"Brake Cleaner MasterCleaner Top - \u0136\u012bmija r\u016bpniec\u012bbai &mdash; &Scaron;\u0137\u012bdin\u0101t\u0101ji un \u0137\u012bmisk\u0101s vielas &mdash; Masterchem.ee","isPartOf":{"@id":"https:\/\/masterchem.lv\/en\/#website"},"primaryImageOfPage":{"@id":"https:\/\/masterchem.lv\/en\/product\/brake-cleaner-mastercleaner-top\/#primaryimage"},"image":{"@id":"https:\/\/masterchem.lv\/en\/product\/brake-cleaner-mastercleaner-top\/#primaryimage"},"thumbnailUrl":"https:\/\/masterchem.lv\/wp-content\/uploads\/2023\/03\/Piduripuhastaja-MasterCleaner-Top-5l-MaterChem-1.jpg","datePublished":"2023-03-08T07:55:28+00:00","dateModified":"2023-04-11T06:34:01+00:00","description":"MasterCleaner Top Is a Brake cleaner that effectively removes dirt, silicone, oil, grease, glue, brake dust, soot. MasterCleaner Top is a very fast evaporating cleaner that removes even the smallest oil particles from the surface.","breadcrumb":{"@id":"https:\/\/masterchem.lv\/en\/product\/brake-cleaner-mastercleaner-top\/#breadcrumb"},"inLanguage":"en-US","potentialAction":[{"@type":"ReadAction","target":["https:\/\/masterchem.lv\/en\/product\/brake-cleaner-mastercleaner-top\/"]}]},{"@type":"ImageObject","inLanguage":"en-US","@id":"https:\/\/masterchem.lv\/en\/product\/brake-cleaner-mastercleaner-top\/#primaryimage","url":"https:\/\/masterchem.lv\/wp-content\/uploads\/2023\/03\/Piduripuhastaja-MasterCleaner-Top-5l-MaterChem-1.jpg","contentUrl":"https:\/\/masterchem.lv\/wp-content\/uploads\/2023\/03\/Piduripuhastaja-MasterCleaner-Top-5l-MaterChem-1.jpg","width":700,"height":700},{"@type":"BreadcrumbList","@id":"https:\/\/masterchem.lv\/en\/product\/brake-cleaner-mastercleaner-top\/#breadcrumb","itemListElement":[{"@type":"ListItem","position":1,"name":"Home","item":"https:\/\/masterchem.lv\/en\/"},{"@type":"ListItem","position":2,"name":"Shop","item":"https:\/\/masterchem.lv\/shop\/"},{"@type":"ListItem","position":3,"name":"Brake Cleaner MasterCleaner Top"}]},{"@type":"WebSite","@id":"https:\/\/masterchem.lv\/en\/#website","url":"https:\/\/masterchem.lv\/en\/","name":"\u0136\u012bmija r\u016bpniec\u012bbai &mdash; &Scaron;\u0137\u012bdin\u0101t\u0101ji un \u0137\u012bmisk\u0101s vielas &mdash; Masterchem.ee","description":"\u0136\u012bmija r\u016bpniec\u012bbai&nbsp;&mdash; &scaron;\u0137\u012bdin\u0101t\u0101ji un \u0137\u012bmisk\u0101s vielas","potentialAction":[{"@type":"SearchAction","target":{"@type":"EntryPoint","urlTemplate":"https:\/\/masterchem.lv\/en\/?s={search_term_string}"},"query-input":{"@type":"PropertyValueSpecification","valueRequired":true,"valueName":"search_term_string"}}],"inLanguage":"en-US"}]}},"_links":{"self":[{"href":"https:\/\/masterchem.lv\/en\/wp-json\/wp\/v2\/product\/8422","targetHints":{"allow":["GET"]}}],"collection":[{"href":"https:\/\/masterchem.lv\/en\/wp-json\/wp\/v2\/product"}],"about":[{"href":"https:\/\/masterchem.lv\/en\/wp-json\/wp\/v2\/types\/product"}],"wp:featuredmedia":[{"embeddable":true,"href":"https:\/\/masterchem.lv\/en\/wp-json\/wp\/v2\/media\/8425"}],"wp:attachment":[{"href":"https:\/\/masterchem.lv\/en\/wp-json\/wp\/v2\/media?parent=8422"}],"wp:term":[{"taxonomy":"product_brand","embeddable":true,"href":"https:\/\/masterchem.lv\/en\/wp-json\/wp\/v2\/product_brand?post=8422"},{"taxonomy":"product_cat","embeddable":true,"href":"https:\/\/masterchem.lv\/en\/wp-json\/wp\/v2\/product_cat?post=8422"},{"taxonomy":"product_tag","embeddable":true,"href":"https:\/\/masterchem.lv\/en\/wp-json\/wp\/v2\/product_tag?post=8422"}],"curies":[{"name":"wp","href":"https:\/\/api.w.org\/{rel}","templated":true}]}}