{"id":8573,"date":"2023-03-08T07:56:08","date_gmt":"2023-03-08T07:56:08","guid":{"rendered":"https:\/\/masterchem.lv\/?post_type=product&#038;p=8573"},"modified":"2023-04-11T06:42:30","modified_gmt":"2023-04-11T06:42:30","slug":"sodium-hydroxide-48-liquid-cas-1310-73-2","status":"publish","type":"product","link":"https:\/\/masterchem.lv\/en\/product\/sodium-hydroxide-48-liquid-cas-1310-73-2\/","title":{"rendered":"Sodium hydroxide (48% liquid) (CAS 1310-73-2)"},"content":{"rendered":"<p><strong>Application and usage:<\/strong><br \/>\n\u25cf\tCaustic is used in the pulp and paper industry for the delignification (sulfate process) of cellulose, in the production of paper, cardboard, artificial fibers, fiber boards.<br \/>\n\u25cf\tFor saponification of fats in the production of soap, shampoo and other detergents.<br \/>\n\u25cf\tIn chemical industries &#8211; for neutralizing acids and acid oxides, as a reagent or catalyst in chemical reactions, in chemical analysis for titration, for etching aluminum and in the production of pure metals, in oil refining &#8211; for the production of oils.<br \/>\n\u25cf\tAs an agent for dissolving sewage pipe clogs, as dry granules or as gels (along with potassium hydroxide). Sodium hydroxide disaggregates the clog and facilitates its easy movement further along the pipe.<br \/>\n\u25cf\tSodium hydroxide is also used for the washing of tires.<br \/>\n\u25cf\tIn the textile industry &#8211; for mercerization of cotton and wool. With short-term treatment with caustic soda with subsequent washing, the fiber acquires strength and silky gloss.<br \/>\n\u25cf\tIn cosmetology to remove corneal areas of skin, warts, papillomas.<br \/>\n\u25cf\tIn photography &#8211; as an accelerating substance in developers for high-speed processing of photographic materials<br \/>\n\u25cf\tFor the manufacture of, and for the replacement of conventional diesel fuel, also made of vegetable oils<\/p>\n<p><strong>Packaging:<\/strong><br \/>\n0.5L metal bottle<br \/>\n5L plastic canister<br \/>\n10L plastic canister<br \/>\n20L metal bucket UN<br \/>\n25L plastic canister<br \/>\n25 kg bag (<br \/>\n200L barrel<br \/>\n640L IBC container<br \/>\n1000L IBC container<\/p>\n<p><strong>Physical properties:<\/strong><br \/>\nThermal properties<br \/>\nTemperature<br \/>\nMelting Point: 323 \u00b0C<br \/>\nBoiling Point: 1403 \u00b0C<br \/>\nINDEX: 011-002-00-6<br \/>\nCAS: 1310-73-2<br \/>\nEC: 215-185-5<\/p>\n","protected":false},"excerpt":{"rendered":"<p><strong>Description:<\/strong><br \/>\nSodium Hydroxide, lye, caustic soda.<br \/>\nInorganic chemical, the most common alkali, the chemical formula NaOH. This reactant is dissolved in water to form heat, and when reacted with certain metals, hydrogen is released. It is very hygroscopic, in the open air it &#8220;melts.&#8221; In addition to aqueous solutions, it can be produced in granular and scale form. The material is capable of corroding glass, paper, leather and other organic substances. It is a strong base and has chemical properties characteristic of these compounds.<\/p>\n<p>Sodium hydroxide is a caustic and very toxic substance with pronounced alkaline properties. When working with him, you need to be careful. When getting on the skin, mucous membranes and in the eyes, serious chemical burns are formed.<\/p>\n","protected":false},"featured_media":8373,"template":"","meta":{"_monsterinsights_skip_tracking":false,"_monsterinsights_sitenote_active":false,"_monsterinsights_sitenote_note":"","_monsterinsights_sitenote_category":0},"product_brand":[],"product_cat":[167,70,76,104,110],"product_tag":[],"class_list":{"0":"post-8573","1":"product","2":"type-product","3":"status-publish","4":"has-post-thumbnail","6":"product_cat-all-goods","7":"product_cat-cosmetic-industry","8":"product_cat-fertilizers","9":"product_cat-industrial-chemicals","10":"product_cat-typography-chemicals","12":"first","13":"instock","14":"taxable","15":"shipping-taxable","16":"purchasable","17":"product-type-variable","18":"has-default-attributes"},"yoast_head":"<!-- This site is optimized with the Yoast SEO plugin v27.4 - https:\/\/yoast.com\/product\/yoast-seo-wordpress\/ -->\n<title>Sodium hydroxide (48% liquid) (CAS 1310-73-2) - \u0136\u012bmija r\u016bpniec\u012bbai &mdash; &Scaron;\u0137\u012bdin\u0101t\u0101ji un \u0137\u012bmisk\u0101s vielas &mdash; Masterchem.ee<\/title>\n<meta name=\"description\" content=\"Use of sodium hydroxide 50%: Manufacture of pulp, paper and paper products. CAS: 1310-73-2\" \/>\n<meta name=\"robots\" content=\"index, follow, max-snippet:-1, max-image-preview:large, max-video-preview:-1\" \/>\n<link rel=\"canonical\" href=\"https:\/\/masterchem.lv\/en\/product\/sodium-hydroxide-48-liquid-cas-1310-73-2\/\" \/>\n<meta property=\"og:locale\" content=\"en_US\" \/>\n<meta property=\"og:type\" content=\"article\" \/>\n<meta property=\"og:title\" content=\"Sodium hydroxide (48% liquid) (CAS 1310-73-2) - \u0136\u012bmija r\u016bpniec\u012bbai &mdash; &Scaron;\u0137\u012bdin\u0101t\u0101ji un \u0137\u012bmisk\u0101s vielas &mdash; Masterchem.ee\" \/>\n<meta property=\"og:description\" content=\"Use of sodium hydroxide 50%: Manufacture of pulp, paper and paper products. CAS: 1310-73-2\" \/>\n<meta property=\"og:url\" content=\"https:\/\/masterchem.lv\/en\/product\/sodium-hydroxide-48-liquid-cas-1310-73-2\/\" \/>\n<meta property=\"og:site_name\" content=\"\u0136\u012bmija r\u016bpniec\u012bbai &mdash; &Scaron;\u0137\u012bdin\u0101t\u0101ji un \u0137\u012bmisk\u0101s vielas &mdash; Masterchem.ee\" \/>\n<meta property=\"article:modified_time\" content=\"2023-04-11T06:42:30+00:00\" \/>\n<meta property=\"og:image\" content=\"https:\/\/masterchem.lv\/wp-content\/uploads\/2023\/03\/Naatriumhudroksiid-50-vedel-1000l-MasterChem-1.jpg\" \/>\n\t<meta property=\"og:image:width\" content=\"1000\" \/>\n\t<meta property=\"og:image:height\" content=\"1000\" \/>\n\t<meta property=\"og:image:type\" content=\"image\/jpeg\" \/>\n<meta name=\"twitter:card\" content=\"summary_large_image\" \/>\n<meta name=\"twitter:label1\" content=\"Est. reading time\" \/>\n\t<meta name=\"twitter:data1\" content=\"2 minutes\" \/>\n<script type=\"application\/ld+json\" class=\"yoast-schema-graph\">{\"@context\":\"https:\\\/\\\/schema.org\",\"@graph\":[{\"@type\":\"WebPage\",\"@id\":\"https:\\\/\\\/masterchem.lv\\\/en\\\/product\\\/sodium-hydroxide-48-liquid-cas-1310-73-2\\\/\",\"url\":\"https:\\\/\\\/masterchem.lv\\\/en\\\/product\\\/sodium-hydroxide-48-liquid-cas-1310-73-2\\\/\",\"name\":\"Sodium hydroxide (48% liquid) (CAS 1310-73-2) - \u0136\u012bmija r\u016bpniec\u012bbai &mdash; &Scaron;\u0137\u012bdin\u0101t\u0101ji un \u0137\u012bmisk\u0101s vielas &mdash; Masterchem.ee\",\"isPartOf\":{\"@id\":\"https:\\\/\\\/masterchem.lv\\\/en\\\/#website\"},\"primaryImageOfPage\":{\"@id\":\"https:\\\/\\\/masterchem.lv\\\/en\\\/product\\\/sodium-hydroxide-48-liquid-cas-1310-73-2\\\/#primaryimage\"},\"image\":{\"@id\":\"https:\\\/\\\/masterchem.lv\\\/en\\\/product\\\/sodium-hydroxide-48-liquid-cas-1310-73-2\\\/#primaryimage\"},\"thumbnailUrl\":\"https:\\\/\\\/masterchem.lv\\\/wp-content\\\/uploads\\\/2023\\\/03\\\/Naatriumhudroksiid-50-vedel-1000l-MasterChem-1.jpg\",\"datePublished\":\"2023-03-08T07:56:08+00:00\",\"dateModified\":\"2023-04-11T06:42:30+00:00\",\"description\":\"Use of sodium hydroxide 50%: Manufacture of pulp, paper and paper products. CAS: 1310-73-2\",\"breadcrumb\":{\"@id\":\"https:\\\/\\\/masterchem.lv\\\/en\\\/product\\\/sodium-hydroxide-48-liquid-cas-1310-73-2\\\/#breadcrumb\"},\"inLanguage\":\"en-US\",\"potentialAction\":[{\"@type\":\"ReadAction\",\"target\":[\"https:\\\/\\\/masterchem.lv\\\/en\\\/product\\\/sodium-hydroxide-48-liquid-cas-1310-73-2\\\/\"]}]},{\"@type\":\"ImageObject\",\"inLanguage\":\"en-US\",\"@id\":\"https:\\\/\\\/masterchem.lv\\\/en\\\/product\\\/sodium-hydroxide-48-liquid-cas-1310-73-2\\\/#primaryimage\",\"url\":\"https:\\\/\\\/masterchem.lv\\\/wp-content\\\/uploads\\\/2023\\\/03\\\/Naatriumhudroksiid-50-vedel-1000l-MasterChem-1.jpg\",\"contentUrl\":\"https:\\\/\\\/masterchem.lv\\\/wp-content\\\/uploads\\\/2023\\\/03\\\/Naatriumhudroksiid-50-vedel-1000l-MasterChem-1.jpg\",\"width\":1000,\"height\":1000},{\"@type\":\"BreadcrumbList\",\"@id\":\"https:\\\/\\\/masterchem.lv\\\/en\\\/product\\\/sodium-hydroxide-48-liquid-cas-1310-73-2\\\/#breadcrumb\",\"itemListElement\":[{\"@type\":\"ListItem\",\"position\":1,\"name\":\"Home\",\"item\":\"https:\\\/\\\/masterchem.lv\\\/en\\\/\"},{\"@type\":\"ListItem\",\"position\":2,\"name\":\"Shop\",\"item\":\"https:\\\/\\\/masterchem.lv\\\/shop\\\/\"},{\"@type\":\"ListItem\",\"position\":3,\"name\":\"Sodium hydroxide (48% liquid) (CAS 1310-73-2)\"}]},{\"@type\":\"WebSite\",\"@id\":\"https:\\\/\\\/masterchem.lv\\\/en\\\/#website\",\"url\":\"https:\\\/\\\/masterchem.lv\\\/en\\\/\",\"name\":\"\u0136\u012bmija r\u016bpniec\u012bbai &mdash; &Scaron;\u0137\u012bdin\u0101t\u0101ji un \u0137\u012bmisk\u0101s vielas &mdash; Masterchem.ee\",\"description\":\"\u0136\u012bmija r\u016bpniec\u012bbai&nbsp;&mdash; &scaron;\u0137\u012bdin\u0101t\u0101ji un \u0137\u012bmisk\u0101s vielas\",\"potentialAction\":[{\"@type\":\"SearchAction\",\"target\":{\"@type\":\"EntryPoint\",\"urlTemplate\":\"https:\\\/\\\/masterchem.lv\\\/en\\\/?s={search_term_string}\"},\"query-input\":{\"@type\":\"PropertyValueSpecification\",\"valueRequired\":true,\"valueName\":\"search_term_string\"}}],\"inLanguage\":\"en-US\"}]}<\/script>\n<!-- \/ Yoast SEO plugin. -->","yoast_head_json":{"title":"Sodium hydroxide (48% liquid) (CAS 1310-73-2) - \u0136\u012bmija r\u016bpniec\u012bbai &mdash; &Scaron;\u0137\u012bdin\u0101t\u0101ji un \u0137\u012bmisk\u0101s vielas &mdash; Masterchem.ee","description":"Use of sodium hydroxide 50%: Manufacture of pulp, paper and paper products. CAS: 1310-73-2","robots":{"index":"index","follow":"follow","max-snippet":"max-snippet:-1","max-image-preview":"max-image-preview:large","max-video-preview":"max-video-preview:-1"},"canonical":"https:\/\/masterchem.lv\/en\/product\/sodium-hydroxide-48-liquid-cas-1310-73-2\/","og_locale":"en_US","og_type":"article","og_title":"Sodium hydroxide (48% liquid) (CAS 1310-73-2) - \u0136\u012bmija r\u016bpniec\u012bbai &mdash; &Scaron;\u0137\u012bdin\u0101t\u0101ji un \u0137\u012bmisk\u0101s vielas &mdash; Masterchem.ee","og_description":"Use of sodium hydroxide 50%: Manufacture of pulp, paper and paper products. CAS: 1310-73-2","og_url":"https:\/\/masterchem.lv\/en\/product\/sodium-hydroxide-48-liquid-cas-1310-73-2\/","og_site_name":"\u0136\u012bmija r\u016bpniec\u012bbai &mdash; &Scaron;\u0137\u012bdin\u0101t\u0101ji un \u0137\u012bmisk\u0101s vielas &mdash; Masterchem.ee","article_modified_time":"2023-04-11T06:42:30+00:00","og_image":[{"width":1000,"height":1000,"url":"https:\/\/masterchem.lv\/wp-content\/uploads\/2023\/03\/Naatriumhudroksiid-50-vedel-1000l-MasterChem-1.jpg","type":"image\/jpeg"}],"twitter_card":"summary_large_image","twitter_misc":{"Est. reading time":"2 minutes"},"schema":{"@context":"https:\/\/schema.org","@graph":[{"@type":"WebPage","@id":"https:\/\/masterchem.lv\/en\/product\/sodium-hydroxide-48-liquid-cas-1310-73-2\/","url":"https:\/\/masterchem.lv\/en\/product\/sodium-hydroxide-48-liquid-cas-1310-73-2\/","name":"Sodium hydroxide (48% liquid) (CAS 1310-73-2) - \u0136\u012bmija r\u016bpniec\u012bbai &mdash; &Scaron;\u0137\u012bdin\u0101t\u0101ji un \u0137\u012bmisk\u0101s vielas &mdash; Masterchem.ee","isPartOf":{"@id":"https:\/\/masterchem.lv\/en\/#website"},"primaryImageOfPage":{"@id":"https:\/\/masterchem.lv\/en\/product\/sodium-hydroxide-48-liquid-cas-1310-73-2\/#primaryimage"},"image":{"@id":"https:\/\/masterchem.lv\/en\/product\/sodium-hydroxide-48-liquid-cas-1310-73-2\/#primaryimage"},"thumbnailUrl":"https:\/\/masterchem.lv\/wp-content\/uploads\/2023\/03\/Naatriumhudroksiid-50-vedel-1000l-MasterChem-1.jpg","datePublished":"2023-03-08T07:56:08+00:00","dateModified":"2023-04-11T06:42:30+00:00","description":"Use of sodium hydroxide 50%: Manufacture of pulp, paper and paper products. CAS: 1310-73-2","breadcrumb":{"@id":"https:\/\/masterchem.lv\/en\/product\/sodium-hydroxide-48-liquid-cas-1310-73-2\/#breadcrumb"},"inLanguage":"en-US","potentialAction":[{"@type":"ReadAction","target":["https:\/\/masterchem.lv\/en\/product\/sodium-hydroxide-48-liquid-cas-1310-73-2\/"]}]},{"@type":"ImageObject","inLanguage":"en-US","@id":"https:\/\/masterchem.lv\/en\/product\/sodium-hydroxide-48-liquid-cas-1310-73-2\/#primaryimage","url":"https:\/\/masterchem.lv\/wp-content\/uploads\/2023\/03\/Naatriumhudroksiid-50-vedel-1000l-MasterChem-1.jpg","contentUrl":"https:\/\/masterchem.lv\/wp-content\/uploads\/2023\/03\/Naatriumhudroksiid-50-vedel-1000l-MasterChem-1.jpg","width":1000,"height":1000},{"@type":"BreadcrumbList","@id":"https:\/\/masterchem.lv\/en\/product\/sodium-hydroxide-48-liquid-cas-1310-73-2\/#breadcrumb","itemListElement":[{"@type":"ListItem","position":1,"name":"Home","item":"https:\/\/masterchem.lv\/en\/"},{"@type":"ListItem","position":2,"name":"Shop","item":"https:\/\/masterchem.lv\/shop\/"},{"@type":"ListItem","position":3,"name":"Sodium hydroxide (48% liquid) (CAS 1310-73-2)"}]},{"@type":"WebSite","@id":"https:\/\/masterchem.lv\/en\/#website","url":"https:\/\/masterchem.lv\/en\/","name":"\u0136\u012bmija r\u016bpniec\u012bbai &mdash; &Scaron;\u0137\u012bdin\u0101t\u0101ji un \u0137\u012bmisk\u0101s vielas &mdash; Masterchem.ee","description":"\u0136\u012bmija r\u016bpniec\u012bbai&nbsp;&mdash; &scaron;\u0137\u012bdin\u0101t\u0101ji un \u0137\u012bmisk\u0101s vielas","potentialAction":[{"@type":"SearchAction","target":{"@type":"EntryPoint","urlTemplate":"https:\/\/masterchem.lv\/en\/?s={search_term_string}"},"query-input":{"@type":"PropertyValueSpecification","valueRequired":true,"valueName":"search_term_string"}}],"inLanguage":"en-US"}]}},"_links":{"self":[{"href":"https:\/\/masterchem.lv\/en\/wp-json\/wp\/v2\/product\/8573","targetHints":{"allow":["GET"]}}],"collection":[{"href":"https:\/\/masterchem.lv\/en\/wp-json\/wp\/v2\/product"}],"about":[{"href":"https:\/\/masterchem.lv\/en\/wp-json\/wp\/v2\/types\/product"}],"wp:featuredmedia":[{"embeddable":true,"href":"https:\/\/masterchem.lv\/en\/wp-json\/wp\/v2\/media\/8373"}],"wp:attachment":[{"href":"https:\/\/masterchem.lv\/en\/wp-json\/wp\/v2\/media?parent=8573"}],"wp:term":[{"taxonomy":"product_brand","embeddable":true,"href":"https:\/\/masterchem.lv\/en\/wp-json\/wp\/v2\/product_brand?post=8573"},{"taxonomy":"product_cat","embeddable":true,"href":"https:\/\/masterchem.lv\/en\/wp-json\/wp\/v2\/product_cat?post=8573"},{"taxonomy":"product_tag","embeddable":true,"href":"https:\/\/masterchem.lv\/en\/wp-json\/wp\/v2\/product_tag?post=8573"}],"curies":[{"name":"wp","href":"https:\/\/api.w.org\/{rel}","templated":true}]}}