{"id":8582,"date":"2023-03-08T07:56:09","date_gmt":"2023-03-08T07:56:09","guid":{"rendered":"https:\/\/masterchem.lv\/?post_type=product&#038;p=8582"},"modified":"2024-11-20T19:20:06","modified_gmt":"2024-11-20T19:20:06","slug":"hydrogen-peroxide-50-cas-7722-84-1","status":"publish","type":"product","link":"https:\/\/masterchem.lv\/en\/product\/hydrogen-peroxide-50-cas-7722-84-1\/","title":{"rendered":"Hydrogen peroxide 50% (CAS 7722-84-1)"},"content":{"rendered":"<p>CAS \u2116 7722-84-1<\/p>\n<p><strong>Hydrogen peroxide 50%<\/strong><br \/>\n&#8211; colorless liquid with a metallic taste, easily soluble in water, alcohol and ether<\/p>\n<p><strong>Application<\/strong><\/p>\n<p>-Hydrogen peroxide becomes an excellent agent for disinfecting water in swimming pools, to combat algae and water bloom<br \/>\n-applied as an effective bleaching agent for cotton, wool, textiles, furs, paper, artificial and synthetic fibers in the textile, pulp and paper and light industries<br \/>\n-Capable of spontaneous decomposition into water and oxygen, mixes up with water in any ratio. &#8211; properties as an antiseptic, hemostatic and disinfectant make it possible to use it in cosmetics, electronics, food, pharmaceutical, medical and other industries. In medicine, they are used mainly for healing wounds and scratches. &#8211; the food industry is used to disinfect equipment.<\/p>\n<p><strong>Physical properties <\/strong><br \/>\n<strong>Liquid <\/strong><br \/>\nMolar mass 34.01 g \/ mol<br \/>\nDensity 1.4 g \/ cm3<br \/>\nMelting point -0.432 \u0421<br \/>\nBoiling point 150.2 C<\/p>\n<p><strong>Storage <\/strong><br \/>\nWhen working with hydrogen peroxide, it is necessary to observe safety measures, be sure to use protective equipment &#8211; a mask, rubber gloves and goggles. It should be remembered that hydrogen peroxide is fire hazardous and a strong oxidizing agent. Hydrogen peroxide 50% should be stored in a closed warehouse, isolated from moisture and sunlight.<\/p>\n","protected":false},"excerpt":{"rendered":"<p><a class=\"download-doc-button-danger\" href=\"https:\/\/masterchem.ee\/wp-content\/uploads\/2024\/11\/Nouded-kliendiandmetele-lohkeainete-ostmisel-ee.docx\"><img decoding=\"async\" src=\"https:\/\/masterchem.ee\/wp-content\/uploads\/2024\/11\/doc-icon.png\">N\u00f5uded kliendiandmetele l\u00f5hkeainete ostmisel (doc)<\/a><br \/>\n<label class=\"buy-buttton-guard-label\"><input type=\"checkbox\" class=\"buy-buttton-guard\" data-default=\"Buy now\" data-notificaion=\"It is necessary to fill out the form\"> &#8211; I filled out and sent the form to <\/label> <a href=\"mailto:info@masterchem.lv\">info@masterchem.lv<\/a><\/p>\n","protected":false},"featured_media":8584,"template":"","meta":{"_monsterinsights_skip_tracking":false,"_monsterinsights_sitenote_active":false,"_monsterinsights_sitenote_note":"","_monsterinsights_sitenote_category":0},"product_brand":[],"product_cat":[167,70,76,78,82,104,110],"product_tag":[],"class_list":{"0":"post-8582","1":"product","2":"type-product","3":"status-publish","4":"has-post-thumbnail","6":"product_cat-all-goods","7":"product_cat-cosmetic-industry","8":"product_cat-fertilizers","9":"product_cat-food-industry","10":"product_cat-horticulture","11":"product_cat-industrial-chemicals","12":"product_cat-typography-chemicals","14":"first","15":"instock","16":"taxable","17":"shipping-taxable","18":"purchasable","19":"product-type-variable","20":"has-default-attributes"},"yoast_head":"<!-- This site is optimized with the Yoast SEO plugin v27.4 - https:\/\/yoast.com\/product\/yoast-seo-wordpress\/ -->\n<title>Hydrogen peroxide 50% (CAS 7722-84-1) - \u0136\u012bmija r\u016bpniec\u012bbai &mdash; &Scaron;\u0137\u012bdin\u0101t\u0101ji un \u0137\u012bmisk\u0101s vielas &mdash; Masterchem.ee<\/title>\n<meta name=\"description\" content=\"Hydrogen peroxide 50% - colorless liquid with a metallic taste, easily soluble in water, alcohol and ether. CAS: 7722-84-1\" \/>\n<meta name=\"robots\" content=\"index, follow, max-snippet:-1, max-image-preview:large, max-video-preview:-1\" \/>\n<link rel=\"canonical\" href=\"https:\/\/masterchem.lv\/en\/product\/hydrogen-peroxide-50-cas-7722-84-1\/\" \/>\n<meta property=\"og:locale\" content=\"en_US\" \/>\n<meta property=\"og:type\" content=\"article\" \/>\n<meta property=\"og:title\" content=\"Hydrogen peroxide 50% (CAS 7722-84-1) - \u0136\u012bmija r\u016bpniec\u012bbai &mdash; &Scaron;\u0137\u012bdin\u0101t\u0101ji un \u0137\u012bmisk\u0101s vielas &mdash; Masterchem.ee\" \/>\n<meta property=\"og:description\" content=\"Hydrogen peroxide 50% - colorless liquid with a metallic taste, easily soluble in water, alcohol and ether. CAS: 7722-84-1\" \/>\n<meta property=\"og:url\" content=\"https:\/\/masterchem.lv\/en\/product\/hydrogen-peroxide-50-cas-7722-84-1\/\" \/>\n<meta property=\"og:site_name\" content=\"\u0136\u012bmija r\u016bpniec\u012bbai &mdash; &Scaron;\u0137\u012bdin\u0101t\u0101ji un \u0137\u012bmisk\u0101s vielas &mdash; Masterchem.ee\" \/>\n<meta property=\"article:modified_time\" content=\"2024-11-20T19:20:06+00:00\" \/>\n<meta property=\"og:image\" content=\"https:\/\/masterchem.lv\/wp-content\/uploads\/2023\/03\/Vesinikperoksiid-35-1000l-MasterChem-1.jpg\" \/>\n\t<meta property=\"og:image:width\" content=\"1000\" \/>\n\t<meta property=\"og:image:height\" content=\"1000\" \/>\n\t<meta property=\"og:image:type\" content=\"image\/jpeg\" \/>\n<meta name=\"twitter:card\" content=\"summary_large_image\" \/>\n<meta name=\"twitter:label1\" content=\"Est. reading time\" \/>\n\t<meta name=\"twitter:data1\" content=\"1 minute\" \/>\n<script type=\"application\/ld+json\" class=\"yoast-schema-graph\">{\"@context\":\"https:\\\/\\\/schema.org\",\"@graph\":[{\"@type\":\"WebPage\",\"@id\":\"https:\\\/\\\/masterchem.lv\\\/en\\\/product\\\/hydrogen-peroxide-50-cas-7722-84-1\\\/\",\"url\":\"https:\\\/\\\/masterchem.lv\\\/en\\\/product\\\/hydrogen-peroxide-50-cas-7722-84-1\\\/\",\"name\":\"Hydrogen peroxide 50% (CAS 7722-84-1) - \u0136\u012bmija r\u016bpniec\u012bbai &mdash; &Scaron;\u0137\u012bdin\u0101t\u0101ji un \u0137\u012bmisk\u0101s vielas &mdash; Masterchem.ee\",\"isPartOf\":{\"@id\":\"https:\\\/\\\/masterchem.lv\\\/en\\\/#website\"},\"primaryImageOfPage\":{\"@id\":\"https:\\\/\\\/masterchem.lv\\\/en\\\/product\\\/hydrogen-peroxide-50-cas-7722-84-1\\\/#primaryimage\"},\"image\":{\"@id\":\"https:\\\/\\\/masterchem.lv\\\/en\\\/product\\\/hydrogen-peroxide-50-cas-7722-84-1\\\/#primaryimage\"},\"thumbnailUrl\":\"https:\\\/\\\/masterchem.lv\\\/wp-content\\\/uploads\\\/2023\\\/03\\\/Vesinikperoksiid-35-1000l-MasterChem-1.jpg\",\"datePublished\":\"2023-03-08T07:56:09+00:00\",\"dateModified\":\"2024-11-20T19:20:06+00:00\",\"description\":\"Hydrogen peroxide 50% - colorless liquid with a metallic taste, easily soluble in water, alcohol and ether. CAS: 7722-84-1\",\"breadcrumb\":{\"@id\":\"https:\\\/\\\/masterchem.lv\\\/en\\\/product\\\/hydrogen-peroxide-50-cas-7722-84-1\\\/#breadcrumb\"},\"inLanguage\":\"en-US\",\"potentialAction\":[{\"@type\":\"ReadAction\",\"target\":[\"https:\\\/\\\/masterchem.lv\\\/en\\\/product\\\/hydrogen-peroxide-50-cas-7722-84-1\\\/\"]}]},{\"@type\":\"ImageObject\",\"inLanguage\":\"en-US\",\"@id\":\"https:\\\/\\\/masterchem.lv\\\/en\\\/product\\\/hydrogen-peroxide-50-cas-7722-84-1\\\/#primaryimage\",\"url\":\"https:\\\/\\\/masterchem.lv\\\/wp-content\\\/uploads\\\/2023\\\/03\\\/Vesinikperoksiid-35-1000l-MasterChem-1.jpg\",\"contentUrl\":\"https:\\\/\\\/masterchem.lv\\\/wp-content\\\/uploads\\\/2023\\\/03\\\/Vesinikperoksiid-35-1000l-MasterChem-1.jpg\",\"width\":1000,\"height\":1000},{\"@type\":\"BreadcrumbList\",\"@id\":\"https:\\\/\\\/masterchem.lv\\\/en\\\/product\\\/hydrogen-peroxide-50-cas-7722-84-1\\\/#breadcrumb\",\"itemListElement\":[{\"@type\":\"ListItem\",\"position\":1,\"name\":\"Home\",\"item\":\"https:\\\/\\\/masterchem.lv\\\/en\\\/\"},{\"@type\":\"ListItem\",\"position\":2,\"name\":\"Shop\",\"item\":\"https:\\\/\\\/masterchem.lv\\\/shop\\\/\"},{\"@type\":\"ListItem\",\"position\":3,\"name\":\"Hydrogen peroxide 50% (CAS 7722-84-1)\"}]},{\"@type\":\"WebSite\",\"@id\":\"https:\\\/\\\/masterchem.lv\\\/en\\\/#website\",\"url\":\"https:\\\/\\\/masterchem.lv\\\/en\\\/\",\"name\":\"\u0136\u012bmija r\u016bpniec\u012bbai &mdash; &Scaron;\u0137\u012bdin\u0101t\u0101ji un \u0137\u012bmisk\u0101s vielas &mdash; Masterchem.ee\",\"description\":\"\u0136\u012bmija r\u016bpniec\u012bbai&nbsp;&mdash; &scaron;\u0137\u012bdin\u0101t\u0101ji un \u0137\u012bmisk\u0101s vielas\",\"potentialAction\":[{\"@type\":\"SearchAction\",\"target\":{\"@type\":\"EntryPoint\",\"urlTemplate\":\"https:\\\/\\\/masterchem.lv\\\/en\\\/?s={search_term_string}\"},\"query-input\":{\"@type\":\"PropertyValueSpecification\",\"valueRequired\":true,\"valueName\":\"search_term_string\"}}],\"inLanguage\":\"en-US\"}]}<\/script>\n<!-- \/ Yoast SEO plugin. -->","yoast_head_json":{"title":"Hydrogen peroxide 50% (CAS 7722-84-1) - \u0136\u012bmija r\u016bpniec\u012bbai &mdash; &Scaron;\u0137\u012bdin\u0101t\u0101ji un \u0137\u012bmisk\u0101s vielas &mdash; Masterchem.ee","description":"Hydrogen peroxide 50% - colorless liquid with a metallic taste, easily soluble in water, alcohol and ether. CAS: 7722-84-1","robots":{"index":"index","follow":"follow","max-snippet":"max-snippet:-1","max-image-preview":"max-image-preview:large","max-video-preview":"max-video-preview:-1"},"canonical":"https:\/\/masterchem.lv\/en\/product\/hydrogen-peroxide-50-cas-7722-84-1\/","og_locale":"en_US","og_type":"article","og_title":"Hydrogen peroxide 50% (CAS 7722-84-1) - \u0136\u012bmija r\u016bpniec\u012bbai &mdash; &Scaron;\u0137\u012bdin\u0101t\u0101ji un \u0137\u012bmisk\u0101s vielas &mdash; Masterchem.ee","og_description":"Hydrogen peroxide 50% - colorless liquid with a metallic taste, easily soluble in water, alcohol and ether. CAS: 7722-84-1","og_url":"https:\/\/masterchem.lv\/en\/product\/hydrogen-peroxide-50-cas-7722-84-1\/","og_site_name":"\u0136\u012bmija r\u016bpniec\u012bbai &mdash; &Scaron;\u0137\u012bdin\u0101t\u0101ji un \u0137\u012bmisk\u0101s vielas &mdash; Masterchem.ee","article_modified_time":"2024-11-20T19:20:06+00:00","og_image":[{"width":1000,"height":1000,"url":"https:\/\/masterchem.lv\/wp-content\/uploads\/2023\/03\/Vesinikperoksiid-35-1000l-MasterChem-1.jpg","type":"image\/jpeg"}],"twitter_card":"summary_large_image","twitter_misc":{"Est. reading time":"1 minute"},"schema":{"@context":"https:\/\/schema.org","@graph":[{"@type":"WebPage","@id":"https:\/\/masterchem.lv\/en\/product\/hydrogen-peroxide-50-cas-7722-84-1\/","url":"https:\/\/masterchem.lv\/en\/product\/hydrogen-peroxide-50-cas-7722-84-1\/","name":"Hydrogen peroxide 50% (CAS 7722-84-1) - \u0136\u012bmija r\u016bpniec\u012bbai &mdash; &Scaron;\u0137\u012bdin\u0101t\u0101ji un \u0137\u012bmisk\u0101s vielas &mdash; Masterchem.ee","isPartOf":{"@id":"https:\/\/masterchem.lv\/en\/#website"},"primaryImageOfPage":{"@id":"https:\/\/masterchem.lv\/en\/product\/hydrogen-peroxide-50-cas-7722-84-1\/#primaryimage"},"image":{"@id":"https:\/\/masterchem.lv\/en\/product\/hydrogen-peroxide-50-cas-7722-84-1\/#primaryimage"},"thumbnailUrl":"https:\/\/masterchem.lv\/wp-content\/uploads\/2023\/03\/Vesinikperoksiid-35-1000l-MasterChem-1.jpg","datePublished":"2023-03-08T07:56:09+00:00","dateModified":"2024-11-20T19:20:06+00:00","description":"Hydrogen peroxide 50% - colorless liquid with a metallic taste, easily soluble in water, alcohol and ether. CAS: 7722-84-1","breadcrumb":{"@id":"https:\/\/masterchem.lv\/en\/product\/hydrogen-peroxide-50-cas-7722-84-1\/#breadcrumb"},"inLanguage":"en-US","potentialAction":[{"@type":"ReadAction","target":["https:\/\/masterchem.lv\/en\/product\/hydrogen-peroxide-50-cas-7722-84-1\/"]}]},{"@type":"ImageObject","inLanguage":"en-US","@id":"https:\/\/masterchem.lv\/en\/product\/hydrogen-peroxide-50-cas-7722-84-1\/#primaryimage","url":"https:\/\/masterchem.lv\/wp-content\/uploads\/2023\/03\/Vesinikperoksiid-35-1000l-MasterChem-1.jpg","contentUrl":"https:\/\/masterchem.lv\/wp-content\/uploads\/2023\/03\/Vesinikperoksiid-35-1000l-MasterChem-1.jpg","width":1000,"height":1000},{"@type":"BreadcrumbList","@id":"https:\/\/masterchem.lv\/en\/product\/hydrogen-peroxide-50-cas-7722-84-1\/#breadcrumb","itemListElement":[{"@type":"ListItem","position":1,"name":"Home","item":"https:\/\/masterchem.lv\/en\/"},{"@type":"ListItem","position":2,"name":"Shop","item":"https:\/\/masterchem.lv\/shop\/"},{"@type":"ListItem","position":3,"name":"Hydrogen peroxide 50% (CAS 7722-84-1)"}]},{"@type":"WebSite","@id":"https:\/\/masterchem.lv\/en\/#website","url":"https:\/\/masterchem.lv\/en\/","name":"\u0136\u012bmija r\u016bpniec\u012bbai &mdash; &Scaron;\u0137\u012bdin\u0101t\u0101ji un \u0137\u012bmisk\u0101s vielas &mdash; Masterchem.ee","description":"\u0136\u012bmija r\u016bpniec\u012bbai&nbsp;&mdash; &scaron;\u0137\u012bdin\u0101t\u0101ji un \u0137\u012bmisk\u0101s vielas","potentialAction":[{"@type":"SearchAction","target":{"@type":"EntryPoint","urlTemplate":"https:\/\/masterchem.lv\/en\/?s={search_term_string}"},"query-input":{"@type":"PropertyValueSpecification","valueRequired":true,"valueName":"search_term_string"}}],"inLanguage":"en-US"}]}},"_links":{"self":[{"href":"https:\/\/masterchem.lv\/en\/wp-json\/wp\/v2\/product\/8582","targetHints":{"allow":["GET"]}}],"collection":[{"href":"https:\/\/masterchem.lv\/en\/wp-json\/wp\/v2\/product"}],"about":[{"href":"https:\/\/masterchem.lv\/en\/wp-json\/wp\/v2\/types\/product"}],"wp:featuredmedia":[{"embeddable":true,"href":"https:\/\/masterchem.lv\/en\/wp-json\/wp\/v2\/media\/8584"}],"wp:attachment":[{"href":"https:\/\/masterchem.lv\/en\/wp-json\/wp\/v2\/media?parent=8582"}],"wp:term":[{"taxonomy":"product_brand","embeddable":true,"href":"https:\/\/masterchem.lv\/en\/wp-json\/wp\/v2\/product_brand?post=8582"},{"taxonomy":"product_cat","embeddable":true,"href":"https:\/\/masterchem.lv\/en\/wp-json\/wp\/v2\/product_cat?post=8582"},{"taxonomy":"product_tag","embeddable":true,"href":"https:\/\/masterchem.lv\/en\/wp-json\/wp\/v2\/product_tag?post=8582"}],"curies":[{"name":"wp","href":"https:\/\/api.w.org\/{rel}","templated":true}]}}