{"id":8813,"date":"2023-03-08T07:57:16","date_gmt":"2023-03-08T07:57:16","guid":{"rendered":"https:\/\/masterchem.lv\/?post_type=product&#038;p=8813"},"modified":"2026-03-27T11:22:09","modified_gmt":"2026-03-27T11:22:09","slug":"ethylene-glycol-40-master-ews-40-cas-107-21-1","status":"publish","type":"product","link":"https:\/\/masterchem.lv\/en\/product\/ethylene-glycol-40-master-ews-40-cas-107-21-1\/","title":{"rendered":"Ethylene glycol 40% Master EWS-40 (CAS 107-21-1)"},"content":{"rendered":"<p><strong>This product is the most demanded on the Estonian market.<\/strong><br \/>\nStarting to freeze and crystallize, the compound acquires a jelly-like consistency and only slightly increases in volume. Thanks to these qualities, it began to be used as a coolant in heating systems, since, unlike water and other similar liquids, the reagent does not harm radiators and pipes even when temperatures drop below freezing point.<\/p>\n<p>The material does not show an aggressive effect in relation to products made of textiles, plastic, rubber, metal, but its use in systems with galvanized pipes is not recommended due to the likelihood of peeling. Also, AGR should not be mixed with solutions on other bases.<\/p>\n<p><strong>Application area<\/strong><br \/>\nEthylene glycol solution 40%, the price of which is favorable in our company, is used as a heat carrier (antifreeze and antifreeze liquid) in the temperature range from -25 \u00b0 \u0421 to 100 \u00b0 \u0421 in centralized air conditioning (cooling) systems and in autonomous heating circuits, in ice cooling systems. palaces and other sports facilities with closed-type engineering networks, in fire extinguishing systems of industrial facilities, in industrial air conditioning systems of enterprises, etc.<\/p>\n<p>The material is especially recommended for use in indoor systems that are operated all year round without preservation in winter. You can buy it with anti-corrosion additives and dyes or without them at affordable prices in Masterchem. We have over 20 years of experience with aqueous glycol solutions.<br \/>\nWe will always help you calculate the volume of the required solution based on the pipe diameter and length.<\/p>\n<p><strong>Security measures<\/strong><br \/>\nThe reagent is nonflammable, fire and explosion safe, but toxic. It is intended exclusively for technical use, therefore, its ingress into drinking water and food is not allowed in order to avoid poisoning.<\/p>\n<p>With a short contact with clothing and exposed parts of the body, AGR is easily washed off with water, leaving no burns or irritations. By the degree of impact on the human body, it belongs to the class of moderately hazardous substances. When working with it, it is recommended to use special clothing, shoes, protective gloves, plastic glasses and a respirator.<\/p>\n<p><strong>Storage and transportation conditions<\/strong><br \/>\nEthylene glycol 40%, the price of which is low in our country, must be stored in an airtight container in dry unheated storage rooms, protected from direct sunlight, separately from food. Shelf life &#8211; 5 years from the date of production.<\/p>\n<p>The connection can be transported by any covered vehicles in accordance with the rules and regulations for the carriage of goods in force for this type of transport.<\/p>\n<p>If you are interested in purchasing a Master EWS-40 professional product, then simply click on the blue &#8220;k\u00fcsi hinda&#8221; button next to the product quantity and enter the required information in the window that opens.<br \/>\nOur employee will contact you during business hours to clarify the details of the purchase.<\/p>\n<h3>Heating System Volume Calculator<\/h3>\n<div class=\"heating_system_capacity\">\n<table>\n<tr>\n<th><label for=\"vid_radiatorov\">Choose the type of radiators<\/label><\/th>\n<td><select id=\"vid_radiatorov\" name=\"vid_radiatorov\" size=\"1\"><option selected=\"selected\" value=\"3\">Default<\/option><option value=\"2.4\">Aluminum sectional &nbsp;&nbsp;&nbsp;&nbsp;&nbsp;&nbsp;<\/option><option value=\"3\">Steel panel<\/option><\/select><\/td>\n<\/tr>\n<tr>\n<th><label for=\"moshnost_radiatorov\">Total power of radiators<\/label><\/th>\n<td><input id=\"moshnost_radiatorov\" name=\"moshnost_radiatorov\" onchange=\"return proverka_eng(this);\" size=\"6\" type=\"text\"> &nbsp;&nbsp;kW<\/td>\n<\/tr>\n<tr>\n<th><label for=\"objom_kotelnoy\">Volume in the boiler, collectors, fittings<\/label><\/th>\n<td><input id=\"objom_kotelnoy\" name=\"objom_kotelnoy\" onchange=\"return proverka_eng(this);\" size=\"6\" type=\"text\" value=\"0\"> &nbsp;&nbsp; liters<\/td>\n<\/tr>\n<tr>\n<th><label for=\"objom_rash_bak\">Expansion tank full volume<\/label><\/th>\n<td><input id=\"objom_rash_bak\" name=\"objom_rash_bak\" onchange=\"return proverka_eng(this);\" size=\"6\" type=\"text\" value=\"0\"> &nbsp;&nbsp; liters (calc. filling 25%)<\/td>\n<\/tr>\n<\/table>\n<p><\/p>\n<table>\n<tbody>\n<tr>\n<th>Pipe diameter, mm<\/th>\n<th>Pipe length, m<\/th>\n<\/tr>\n<tr>\n<td>16\u04452.0<\/td>\n<td><input id=\"d16x20\" name=\"d16x20\" onchange=\"return proverka_eng(this);\" size=\"6\" type=\"text\"><\/td>\n<\/tr>\n<tr>\n<td>20\u04452.0<\/td>\n<td><input id=\"d20x20\" name=\"d20x20\" onchange=\"return proverka_eng(this);\" size=\"6\" type=\"text\"><\/td>\n<\/tr>\n<tr>\n<td>26\u04453.0<\/td>\n<td><input id=\"d26x30\" name=\"d26x30\" onchange=\"return proverka_eng(this);\" size=\"6\" type=\"text\"><\/td>\n<\/tr>\n<tr>\n<td>32\u04453.0<\/td>\n<td><input id=\"d32x30\" name=\"d32x30\" onchange=\"return proverka_eng(this);\" size=\"6\" type=\"text\"><\/td>\n<\/tr>\n<tr>\n<td>20\u04453.4<\/td>\n<td><input id=\"d20x34\" name=\"d20x34\" onchange=\"return proverka_eng(this);\" size=\"6\" type=\"text\"><\/td>\n<\/tr>\n<tr>\n<td>25\u04454.2<\/td>\n<td><input id=\"d25x42\" name=\"d25x42\" onchange=\"return proverka_eng(this);\" size=\"6\" type=\"text\"><\/td>\n<\/tr>\n<tr>\n<td>32\u04455.4<\/td>\n<td><input id=\"d32x54\" name=\"d32x54\" onchange=\"return proverka_eng(this);\" size=\"6\" type=\"text\"><\/td>\n<\/tr>\n<tr>\n<td>40\u04456.7<\/td>\n<td><input id=\"d40x67\" name=\"d16\" onchange=\"return proverka_eng(this);\" size=\"6\" type=\"text\"><\/td>\n<\/tr>\n<\/tbody>\n<\/table>\n<p><button onclick=\"objom_sistemi()\">Calculate<\/button><\/p>\n<div id=\"heating_calculation_report\" style=\"display:none\">\n<p>Radiators: <span id=\"heating_calculation_report_radiators\"><\/span> liters<\/p>\n<p>Boiler, collectors, fittings: <span id=\"heating_calculation_report_boiler_collectors\"><\/span> liters<\/p>\n<p>Expansion tank: <span id=\"heating_calculation_report_expansion_tank\"><\/span> liters<\/p>\n<p>Pipes: <span id=\"heating_calculation_report_pipes\"><\/span> liters<\/p>\n<p><strong>Total: <span id=\"heating_calculation_report_total\"><\/span> liters <\/strong><\/p>\n<\/div>\n<\/div>\n","protected":false},"excerpt":{"rendered":"<p>Concentration 40%, Freezing point, -24 \u00b0 C, Density, 1.056g \/ m3<\/p>\n<p>Ethylene glycol 40% (Master EWS-40, water-glycol solution) is a mixture of high-quality ethylene glycol with distilled water in the form of an oily hygroscopic liquid with a crystallization temperature of -25 \u00b0 C.<\/p>\n<p>CAS: 107-21-1<\/p>\n<ul>\n<li><a href=\"\/en\/product\/ethylene-glycol-35-master-ews35\/\">Ethylene glycol 35%<\/a><\/li>\n<li><b>Ethylene glycol 40%<\/b><\/li>\n<li><a href=\"\/en\/product\/antifreeze-36-c-green\/\">Ethylene glycol 50%<\/a><\/li>\n<li><a href=\"\/en\/product\/ethylene-glycol\/\">Ethylene glycol 100%<\/a><\/li>\n<\/ul>\n","protected":false},"featured_media":6750,"template":"","meta":{"_monsterinsights_skip_tracking":false,"_monsterinsights_sitenote_active":false,"_monsterinsights_sitenote_note":"","_monsterinsights_sitenote_category":0},"product_brand":[],"product_cat":[167,65,169,88,170,70,76,92],"product_tag":[],"class_list":{"0":"post-8813","1":"product","2":"type-product","3":"status-publish","4":"has-post-thumbnail","6":"product_cat-all-goods","7":"product_cat-antifreeze","8":"product_cat-antifreezing-liquids","9":"product_cat-building-industry","10":"product_cat-car-and-machinery-chemicals","11":"product_cat-cosmetic-industry","12":"product_cat-fertilizers","13":"product_cat-household-chemicals","15":"first","16":"instock","17":"featured","18":"taxable","19":"shipping-taxable","20":"purchasable","21":"product-type-variable","22":"has-default-attributes"},"yoast_head":"<!-- This site is optimized with the Yoast SEO plugin v27.4 - https:\/\/yoast.com\/product\/yoast-seo-wordpress\/ -->\n<title>Ethylene glycol 40% Master EWS-40 (CAS 107-21-1) - \u0136\u012bmija r\u016bpniec\u012bbai &mdash; &Scaron;\u0137\u012bdin\u0101t\u0101ji un \u0137\u012bmisk\u0101s vielas &mdash; Masterchem.ee<\/title>\n<meta name=\"description\" content=\"Ethylene glycol 40% (Master EWS-40, water-glycol solution) is a mixture of high-quality ethylene glycol with distilled water in the form of an oily hygroscopic liquid with a crystallization temperature of -25 \u00b0 C. CAS: 107-21-1\" \/>\n<meta name=\"robots\" content=\"index, follow, max-snippet:-1, max-image-preview:large, max-video-preview:-1\" \/>\n<link rel=\"canonical\" href=\"https:\/\/masterchem.lv\/en\/product\/ethylene-glycol-40-master-ews-40-cas-107-21-1\/\" \/>\n<meta property=\"og:locale\" content=\"en_US\" \/>\n<meta property=\"og:type\" content=\"article\" \/>\n<meta property=\"og:title\" content=\"Ethylene glycol 40% Master EWS-40 (CAS 107-21-1) - \u0136\u012bmija r\u016bpniec\u012bbai &mdash; &Scaron;\u0137\u012bdin\u0101t\u0101ji un \u0137\u012bmisk\u0101s vielas &mdash; Masterchem.ee\" \/>\n<meta property=\"og:description\" content=\"Ethylene glycol 40% (Master EWS-40, water-glycol solution) is a mixture of high-quality ethylene glycol with distilled water in the form of an oily hygroscopic liquid with a crystallization temperature of -25 \u00b0 C. CAS: 107-21-1\" \/>\n<meta property=\"og:url\" content=\"https:\/\/masterchem.lv\/en\/product\/ethylene-glycol-40-master-ews-40-cas-107-21-1\/\" \/>\n<meta property=\"og:site_name\" content=\"\u0136\u012bmija r\u016bpniec\u012bbai &mdash; &Scaron;\u0137\u012bdin\u0101t\u0101ji un \u0137\u012bmisk\u0101s vielas &mdash; Masterchem.ee\" \/>\n<meta property=\"article:modified_time\" content=\"2026-03-27T11:22:09+00:00\" \/>\n<meta property=\"og:image\" content=\"https:\/\/masterchem.lv\/wp-content\/uploads\/2023\/03\/MONOETHYLENE-GLYCOL-1000l-MasterChem-1.jpg\" \/>\n\t<meta property=\"og:image:width\" content=\"1000\" \/>\n\t<meta property=\"og:image:height\" content=\"1000\" \/>\n\t<meta property=\"og:image:type\" content=\"image\/jpeg\" \/>\n<meta name=\"twitter:card\" content=\"summary_large_image\" \/>\n<meta name=\"twitter:label1\" content=\"Est. reading time\" \/>\n\t<meta name=\"twitter:data1\" content=\"3 minutes\" \/>\n<script type=\"application\/ld+json\" class=\"yoast-schema-graph\">{\"@context\":\"https:\\\/\\\/schema.org\",\"@graph\":[{\"@type\":\"WebPage\",\"@id\":\"https:\\\/\\\/masterchem.lv\\\/en\\\/product\\\/ethylene-glycol-40-master-ews-40-cas-107-21-1\\\/\",\"url\":\"https:\\\/\\\/masterchem.lv\\\/en\\\/product\\\/ethylene-glycol-40-master-ews-40-cas-107-21-1\\\/\",\"name\":\"Ethylene glycol 40% Master EWS-40 (CAS 107-21-1) - \u0136\u012bmija r\u016bpniec\u012bbai &mdash; &Scaron;\u0137\u012bdin\u0101t\u0101ji un \u0137\u012bmisk\u0101s vielas &mdash; Masterchem.ee\",\"isPartOf\":{\"@id\":\"https:\\\/\\\/masterchem.lv\\\/en\\\/#website\"},\"primaryImageOfPage\":{\"@id\":\"https:\\\/\\\/masterchem.lv\\\/en\\\/product\\\/ethylene-glycol-40-master-ews-40-cas-107-21-1\\\/#primaryimage\"},\"image\":{\"@id\":\"https:\\\/\\\/masterchem.lv\\\/en\\\/product\\\/ethylene-glycol-40-master-ews-40-cas-107-21-1\\\/#primaryimage\"},\"thumbnailUrl\":\"https:\\\/\\\/masterchem.lv\\\/wp-content\\\/uploads\\\/2023\\\/03\\\/MONOETHYLENE-GLYCOL-1000l-MasterChem-1.jpg\",\"datePublished\":\"2023-03-08T07:57:16+00:00\",\"dateModified\":\"2026-03-27T11:22:09+00:00\",\"description\":\"Ethylene glycol 40% (Master EWS-40, water-glycol solution) is a mixture of high-quality ethylene glycol with distilled water in the form of an oily hygroscopic liquid with a crystallization temperature of -25 \u00b0 C. CAS: 107-21-1\",\"breadcrumb\":{\"@id\":\"https:\\\/\\\/masterchem.lv\\\/en\\\/product\\\/ethylene-glycol-40-master-ews-40-cas-107-21-1\\\/#breadcrumb\"},\"inLanguage\":\"en-US\",\"potentialAction\":[{\"@type\":\"ReadAction\",\"target\":[\"https:\\\/\\\/masterchem.lv\\\/en\\\/product\\\/ethylene-glycol-40-master-ews-40-cas-107-21-1\\\/\"]}]},{\"@type\":\"ImageObject\",\"inLanguage\":\"en-US\",\"@id\":\"https:\\\/\\\/masterchem.lv\\\/en\\\/product\\\/ethylene-glycol-40-master-ews-40-cas-107-21-1\\\/#primaryimage\",\"url\":\"https:\\\/\\\/masterchem.lv\\\/wp-content\\\/uploads\\\/2023\\\/03\\\/MONOETHYLENE-GLYCOL-1000l-MasterChem-1.jpg\",\"contentUrl\":\"https:\\\/\\\/masterchem.lv\\\/wp-content\\\/uploads\\\/2023\\\/03\\\/MONOETHYLENE-GLYCOL-1000l-MasterChem-1.jpg\",\"width\":1000,\"height\":1000},{\"@type\":\"BreadcrumbList\",\"@id\":\"https:\\\/\\\/masterchem.lv\\\/en\\\/product\\\/ethylene-glycol-40-master-ews-40-cas-107-21-1\\\/#breadcrumb\",\"itemListElement\":[{\"@type\":\"ListItem\",\"position\":1,\"name\":\"Home\",\"item\":\"https:\\\/\\\/masterchem.lv\\\/en\\\/\"},{\"@type\":\"ListItem\",\"position\":2,\"name\":\"Shop\",\"item\":\"https:\\\/\\\/masterchem.lv\\\/shop\\\/\"},{\"@type\":\"ListItem\",\"position\":3,\"name\":\"Ethylene glycol 40% Master EWS-40 (CAS 107-21-1)\"}]},{\"@type\":\"WebSite\",\"@id\":\"https:\\\/\\\/masterchem.lv\\\/en\\\/#website\",\"url\":\"https:\\\/\\\/masterchem.lv\\\/en\\\/\",\"name\":\"\u0136\u012bmija r\u016bpniec\u012bbai &mdash; &Scaron;\u0137\u012bdin\u0101t\u0101ji un \u0137\u012bmisk\u0101s vielas &mdash; Masterchem.ee\",\"description\":\"\u0136\u012bmija r\u016bpniec\u012bbai&nbsp;&mdash; &scaron;\u0137\u012bdin\u0101t\u0101ji un \u0137\u012bmisk\u0101s vielas\",\"potentialAction\":[{\"@type\":\"SearchAction\",\"target\":{\"@type\":\"EntryPoint\",\"urlTemplate\":\"https:\\\/\\\/masterchem.lv\\\/en\\\/?s={search_term_string}\"},\"query-input\":{\"@type\":\"PropertyValueSpecification\",\"valueRequired\":true,\"valueName\":\"search_term_string\"}}],\"inLanguage\":\"en-US\"}]}<\/script>\n<!-- \/ Yoast SEO plugin. -->","yoast_head_json":{"title":"Ethylene glycol 40% Master EWS-40 (CAS 107-21-1) - \u0136\u012bmija r\u016bpniec\u012bbai &mdash; &Scaron;\u0137\u012bdin\u0101t\u0101ji un \u0137\u012bmisk\u0101s vielas &mdash; Masterchem.ee","description":"Ethylene glycol 40% (Master EWS-40, water-glycol solution) is a mixture of high-quality ethylene glycol with distilled water in the form of an oily hygroscopic liquid with a crystallization temperature of -25 \u00b0 C. CAS: 107-21-1","robots":{"index":"index","follow":"follow","max-snippet":"max-snippet:-1","max-image-preview":"max-image-preview:large","max-video-preview":"max-video-preview:-1"},"canonical":"https:\/\/masterchem.lv\/en\/product\/ethylene-glycol-40-master-ews-40-cas-107-21-1\/","og_locale":"en_US","og_type":"article","og_title":"Ethylene glycol 40% Master EWS-40 (CAS 107-21-1) - \u0136\u012bmija r\u016bpniec\u012bbai &mdash; &Scaron;\u0137\u012bdin\u0101t\u0101ji un \u0137\u012bmisk\u0101s vielas &mdash; Masterchem.ee","og_description":"Ethylene glycol 40% (Master EWS-40, water-glycol solution) is a mixture of high-quality ethylene glycol with distilled water in the form of an oily hygroscopic liquid with a crystallization temperature of -25 \u00b0 C. CAS: 107-21-1","og_url":"https:\/\/masterchem.lv\/en\/product\/ethylene-glycol-40-master-ews-40-cas-107-21-1\/","og_site_name":"\u0136\u012bmija r\u016bpniec\u012bbai &mdash; &Scaron;\u0137\u012bdin\u0101t\u0101ji un \u0137\u012bmisk\u0101s vielas &mdash; Masterchem.ee","article_modified_time":"2026-03-27T11:22:09+00:00","og_image":[{"width":1000,"height":1000,"url":"https:\/\/masterchem.lv\/wp-content\/uploads\/2023\/03\/MONOETHYLENE-GLYCOL-1000l-MasterChem-1.jpg","type":"image\/jpeg"}],"twitter_card":"summary_large_image","twitter_misc":{"Est. reading time":"3 minutes"},"schema":{"@context":"https:\/\/schema.org","@graph":[{"@type":"WebPage","@id":"https:\/\/masterchem.lv\/en\/product\/ethylene-glycol-40-master-ews-40-cas-107-21-1\/","url":"https:\/\/masterchem.lv\/en\/product\/ethylene-glycol-40-master-ews-40-cas-107-21-1\/","name":"Ethylene glycol 40% Master EWS-40 (CAS 107-21-1) - \u0136\u012bmija r\u016bpniec\u012bbai &mdash; &Scaron;\u0137\u012bdin\u0101t\u0101ji un \u0137\u012bmisk\u0101s vielas &mdash; Masterchem.ee","isPartOf":{"@id":"https:\/\/masterchem.lv\/en\/#website"},"primaryImageOfPage":{"@id":"https:\/\/masterchem.lv\/en\/product\/ethylene-glycol-40-master-ews-40-cas-107-21-1\/#primaryimage"},"image":{"@id":"https:\/\/masterchem.lv\/en\/product\/ethylene-glycol-40-master-ews-40-cas-107-21-1\/#primaryimage"},"thumbnailUrl":"https:\/\/masterchem.lv\/wp-content\/uploads\/2023\/03\/MONOETHYLENE-GLYCOL-1000l-MasterChem-1.jpg","datePublished":"2023-03-08T07:57:16+00:00","dateModified":"2026-03-27T11:22:09+00:00","description":"Ethylene glycol 40% (Master EWS-40, water-glycol solution) is a mixture of high-quality ethylene glycol with distilled water in the form of an oily hygroscopic liquid with a crystallization temperature of -25 \u00b0 C. CAS: 107-21-1","breadcrumb":{"@id":"https:\/\/masterchem.lv\/en\/product\/ethylene-glycol-40-master-ews-40-cas-107-21-1\/#breadcrumb"},"inLanguage":"en-US","potentialAction":[{"@type":"ReadAction","target":["https:\/\/masterchem.lv\/en\/product\/ethylene-glycol-40-master-ews-40-cas-107-21-1\/"]}]},{"@type":"ImageObject","inLanguage":"en-US","@id":"https:\/\/masterchem.lv\/en\/product\/ethylene-glycol-40-master-ews-40-cas-107-21-1\/#primaryimage","url":"https:\/\/masterchem.lv\/wp-content\/uploads\/2023\/03\/MONOETHYLENE-GLYCOL-1000l-MasterChem-1.jpg","contentUrl":"https:\/\/masterchem.lv\/wp-content\/uploads\/2023\/03\/MONOETHYLENE-GLYCOL-1000l-MasterChem-1.jpg","width":1000,"height":1000},{"@type":"BreadcrumbList","@id":"https:\/\/masterchem.lv\/en\/product\/ethylene-glycol-40-master-ews-40-cas-107-21-1\/#breadcrumb","itemListElement":[{"@type":"ListItem","position":1,"name":"Home","item":"https:\/\/masterchem.lv\/en\/"},{"@type":"ListItem","position":2,"name":"Shop","item":"https:\/\/masterchem.lv\/shop\/"},{"@type":"ListItem","position":3,"name":"Ethylene glycol 40% Master EWS-40 (CAS 107-21-1)"}]},{"@type":"WebSite","@id":"https:\/\/masterchem.lv\/en\/#website","url":"https:\/\/masterchem.lv\/en\/","name":"\u0136\u012bmija r\u016bpniec\u012bbai &mdash; &Scaron;\u0137\u012bdin\u0101t\u0101ji un \u0137\u012bmisk\u0101s vielas &mdash; Masterchem.ee","description":"\u0136\u012bmija r\u016bpniec\u012bbai&nbsp;&mdash; &scaron;\u0137\u012bdin\u0101t\u0101ji un \u0137\u012bmisk\u0101s vielas","potentialAction":[{"@type":"SearchAction","target":{"@type":"EntryPoint","urlTemplate":"https:\/\/masterchem.lv\/en\/?s={search_term_string}"},"query-input":{"@type":"PropertyValueSpecification","valueRequired":true,"valueName":"search_term_string"}}],"inLanguage":"en-US"}]}},"_links":{"self":[{"href":"https:\/\/masterchem.lv\/en\/wp-json\/wp\/v2\/product\/8813","targetHints":{"allow":["GET"]}}],"collection":[{"href":"https:\/\/masterchem.lv\/en\/wp-json\/wp\/v2\/product"}],"about":[{"href":"https:\/\/masterchem.lv\/en\/wp-json\/wp\/v2\/types\/product"}],"wp:featuredmedia":[{"embeddable":true,"href":"https:\/\/masterchem.lv\/en\/wp-json\/wp\/v2\/media\/6750"}],"wp:attachment":[{"href":"https:\/\/masterchem.lv\/en\/wp-json\/wp\/v2\/media?parent=8813"}],"wp:term":[{"taxonomy":"product_brand","embeddable":true,"href":"https:\/\/masterchem.lv\/en\/wp-json\/wp\/v2\/product_brand?post=8813"},{"taxonomy":"product_cat","embeddable":true,"href":"https:\/\/masterchem.lv\/en\/wp-json\/wp\/v2\/product_cat?post=8813"},{"taxonomy":"product_tag","embeddable":true,"href":"https:\/\/masterchem.lv\/en\/wp-json\/wp\/v2\/product_tag?post=8813"}],"curies":[{"name":"wp","href":"https:\/\/api.w.org\/{rel}","templated":true}]}}