{"id":9136,"date":"2023-03-08T07:58:48","date_gmt":"2023-03-08T07:58:48","guid":{"rendered":"https:\/\/masterchem.lv\/?post_type=product&#038;p=9136"},"modified":"2023-04-11T09:47:46","modified_gmt":"2023-04-11T09:47:46","slug":"sulphonic-acid-cas-5329-14-6","status":"publish","type":"product","link":"https:\/\/masterchem.lv\/en\/product\/sulphonic-acid-cas-5329-14-6\/","title":{"rendered":"Sulphonic Acid (CAS 5329-14-6)"},"content":{"rendered":"<p><strong>Information<\/strong><\/p>\n<p>Industries: Household chemicals, Adhesives, oils, greases, Resins, plastics, polyurethanes<br \/>\nCAS number: 5329-14-6<br \/>\nWE number: 226-218-8<br \/>\nIndex number: 016-026-00-0<br \/>\nChemical formula: H2NSO3H<br \/>\nMolar mass: 97,09 g\/mol<br \/>\nCustoms tariff code: 28111980<br \/>\nADR: UN2967<\/p>\n<p><strong>Other physical properties<\/strong><\/p>\n<p>Melting \/ freezing point: 205\u00b0C<br \/>\nRelative density: 2,15 g\/cm3 (25\u00b0C)<br \/>\nSolubility in water: 181,4 g\/ l (20\u00b0C)<\/p>\n","protected":false},"excerpt":{"rendered":"<p><strong>Sulphonic Acid (CAS 5329-14-6)<\/strong><\/p>\n<p>A sulfonic acid (or sulphonic acid) refers to a member of the class of organosulfur compounds with the general formula R\u2212S(=O)2\u2212OH, where R is an organic alkyl or aryl group and the S(=O)2(OH) group a sulfonyl hydroxide. As a substituent, it is known as a sulfo group. A sulfonic acid can be thought of as sulfuric acid with one hydroxyl group replaced by an organic substituent. The parent compound (with the organic substituent replaced by hydrogen) is the parent sulfonic acid, HS(=O)2(OH), a tautomer of sulfurous acid, S(=O)(OH)2. Salts or esters of sulfonic acids are called sulfonates.<\/p>\n","protected":false},"featured_media":9161,"template":"","meta":{"_monsterinsights_skip_tracking":false,"_monsterinsights_sitenote_active":false,"_monsterinsights_sitenote_note":"","_monsterinsights_sitenote_category":0},"product_brand":[],"product_cat":[167,92,86],"product_tag":[],"class_list":{"0":"post-9136","1":"product","2":"type-product","3":"status-publish","4":"has-post-thumbnail","6":"product_cat-all-goods","7":"product_cat-household-chemicals","8":"product_cat-resins-plastics-polyurethanes","10":"first","11":"instock","12":"taxable","13":"shipping-taxable","14":"purchasable","15":"product-type-variable","16":"has-default-attributes"},"yoast_head":"<!-- This site is optimized with the Yoast SEO plugin v27.4 - https:\/\/yoast.com\/product\/yoast-seo-wordpress\/ -->\n<title>Sulphonic Acid (CAS 5329-14-6) - \u0136\u012bmija r\u016bpniec\u012bbai &mdash; &Scaron;\u0137\u012bdin\u0101t\u0101ji un \u0137\u012bmisk\u0101s vielas &mdash; Masterchem.ee<\/title>\n<meta name=\"description\" content=\"A sulfonic acid (or sulphonic acid) refers to a member of the class of organosulfur compounds with the general formula R\u2212S(=O)2\u2212OH, where R is an organic alkyl or aryl group and the S(=O)2(OH) group a sulfonyl hydroxide.\" \/>\n<meta name=\"robots\" content=\"index, follow, max-snippet:-1, max-image-preview:large, max-video-preview:-1\" \/>\n<link rel=\"canonical\" href=\"https:\/\/masterchem.lv\/en\/product\/sulphonic-acid-cas-5329-14-6\/\" \/>\n<meta property=\"og:locale\" content=\"en_US\" \/>\n<meta property=\"og:type\" content=\"article\" \/>\n<meta property=\"og:title\" content=\"Sulphonic Acid (CAS 5329-14-6) - \u0136\u012bmija r\u016bpniec\u012bbai &mdash; &Scaron;\u0137\u012bdin\u0101t\u0101ji un \u0137\u012bmisk\u0101s vielas &mdash; Masterchem.ee\" \/>\n<meta property=\"og:description\" content=\"A sulfonic acid (or sulphonic acid) refers to a member of the class of organosulfur compounds with the general formula R\u2212S(=O)2\u2212OH, where R is an organic alkyl or aryl group and the S(=O)2(OH) group a sulfonyl hydroxide.\" \/>\n<meta property=\"og:url\" content=\"https:\/\/masterchem.lv\/en\/product\/sulphonic-acid-cas-5329-14-6\/\" \/>\n<meta property=\"og:site_name\" content=\"\u0136\u012bmija r\u016bpniec\u012bbai &mdash; &Scaron;\u0137\u012bdin\u0101t\u0101ji un \u0137\u012bmisk\u0101s vielas &mdash; Masterchem.ee\" \/>\n<meta property=\"article:modified_time\" content=\"2023-04-11T09:47:46+00:00\" \/>\n<meta property=\"og:image\" content=\"https:\/\/masterchem.lv\/wp-content\/uploads\/2023\/03\/Sulfoonhape-1000l-MasterChem-1.jpg\" \/>\n\t<meta property=\"og:image:width\" content=\"1000\" \/>\n\t<meta property=\"og:image:height\" content=\"1000\" \/>\n\t<meta property=\"og:image:type\" content=\"image\/jpeg\" \/>\n<meta name=\"twitter:card\" content=\"summary_large_image\" \/>\n<meta name=\"twitter:label1\" content=\"Est. reading time\" \/>\n\t<meta name=\"twitter:data1\" content=\"1 minute\" \/>\n<script type=\"application\/ld+json\" class=\"yoast-schema-graph\">{\"@context\":\"https:\\\/\\\/schema.org\",\"@graph\":[{\"@type\":\"WebPage\",\"@id\":\"https:\\\/\\\/masterchem.lv\\\/en\\\/product\\\/sulphonic-acid-cas-5329-14-6\\\/\",\"url\":\"https:\\\/\\\/masterchem.lv\\\/en\\\/product\\\/sulphonic-acid-cas-5329-14-6\\\/\",\"name\":\"Sulphonic Acid (CAS 5329-14-6) - \u0136\u012bmija r\u016bpniec\u012bbai &mdash; &Scaron;\u0137\u012bdin\u0101t\u0101ji un \u0137\u012bmisk\u0101s vielas &mdash; Masterchem.ee\",\"isPartOf\":{\"@id\":\"https:\\\/\\\/masterchem.lv\\\/en\\\/#website\"},\"primaryImageOfPage\":{\"@id\":\"https:\\\/\\\/masterchem.lv\\\/en\\\/product\\\/sulphonic-acid-cas-5329-14-6\\\/#primaryimage\"},\"image\":{\"@id\":\"https:\\\/\\\/masterchem.lv\\\/en\\\/product\\\/sulphonic-acid-cas-5329-14-6\\\/#primaryimage\"},\"thumbnailUrl\":\"https:\\\/\\\/masterchem.lv\\\/wp-content\\\/uploads\\\/2023\\\/03\\\/Sulfoonhape-1000l-MasterChem-1.jpg\",\"datePublished\":\"2023-03-08T07:58:48+00:00\",\"dateModified\":\"2023-04-11T09:47:46+00:00\",\"description\":\"A sulfonic acid (or sulphonic acid) refers to a member of the class of organosulfur compounds with the general formula R\u2212S(=O)2\u2212OH, where R is an organic alkyl or aryl group and the S(=O)2(OH) group a sulfonyl hydroxide.\",\"breadcrumb\":{\"@id\":\"https:\\\/\\\/masterchem.lv\\\/en\\\/product\\\/sulphonic-acid-cas-5329-14-6\\\/#breadcrumb\"},\"inLanguage\":\"en-US\",\"potentialAction\":[{\"@type\":\"ReadAction\",\"target\":[\"https:\\\/\\\/masterchem.lv\\\/en\\\/product\\\/sulphonic-acid-cas-5329-14-6\\\/\"]}]},{\"@type\":\"ImageObject\",\"inLanguage\":\"en-US\",\"@id\":\"https:\\\/\\\/masterchem.lv\\\/en\\\/product\\\/sulphonic-acid-cas-5329-14-6\\\/#primaryimage\",\"url\":\"https:\\\/\\\/masterchem.lv\\\/wp-content\\\/uploads\\\/2023\\\/03\\\/Sulfoonhape-1000l-MasterChem-1.jpg\",\"contentUrl\":\"https:\\\/\\\/masterchem.lv\\\/wp-content\\\/uploads\\\/2023\\\/03\\\/Sulfoonhape-1000l-MasterChem-1.jpg\",\"width\":1000,\"height\":1000},{\"@type\":\"BreadcrumbList\",\"@id\":\"https:\\\/\\\/masterchem.lv\\\/en\\\/product\\\/sulphonic-acid-cas-5329-14-6\\\/#breadcrumb\",\"itemListElement\":[{\"@type\":\"ListItem\",\"position\":1,\"name\":\"Home\",\"item\":\"https:\\\/\\\/masterchem.lv\\\/en\\\/\"},{\"@type\":\"ListItem\",\"position\":2,\"name\":\"Shop\",\"item\":\"https:\\\/\\\/masterchem.lv\\\/shop\\\/\"},{\"@type\":\"ListItem\",\"position\":3,\"name\":\"Sulphonic Acid (CAS 5329-14-6)\"}]},{\"@type\":\"WebSite\",\"@id\":\"https:\\\/\\\/masterchem.lv\\\/en\\\/#website\",\"url\":\"https:\\\/\\\/masterchem.lv\\\/en\\\/\",\"name\":\"\u0136\u012bmija r\u016bpniec\u012bbai &mdash; &Scaron;\u0137\u012bdin\u0101t\u0101ji un \u0137\u012bmisk\u0101s vielas &mdash; Masterchem.ee\",\"description\":\"\u0136\u012bmija r\u016bpniec\u012bbai&nbsp;&mdash; &scaron;\u0137\u012bdin\u0101t\u0101ji un \u0137\u012bmisk\u0101s vielas\",\"potentialAction\":[{\"@type\":\"SearchAction\",\"target\":{\"@type\":\"EntryPoint\",\"urlTemplate\":\"https:\\\/\\\/masterchem.lv\\\/en\\\/?s={search_term_string}\"},\"query-input\":{\"@type\":\"PropertyValueSpecification\",\"valueRequired\":true,\"valueName\":\"search_term_string\"}}],\"inLanguage\":\"en-US\"}]}<\/script>\n<!-- \/ Yoast SEO plugin. -->","yoast_head_json":{"title":"Sulphonic Acid (CAS 5329-14-6) - \u0136\u012bmija r\u016bpniec\u012bbai &mdash; &Scaron;\u0137\u012bdin\u0101t\u0101ji un \u0137\u012bmisk\u0101s vielas &mdash; Masterchem.ee","description":"A sulfonic acid (or sulphonic acid) refers to a member of the class of organosulfur compounds with the general formula R\u2212S(=O)2\u2212OH, where R is an organic alkyl or aryl group and the S(=O)2(OH) group a sulfonyl hydroxide.","robots":{"index":"index","follow":"follow","max-snippet":"max-snippet:-1","max-image-preview":"max-image-preview:large","max-video-preview":"max-video-preview:-1"},"canonical":"https:\/\/masterchem.lv\/en\/product\/sulphonic-acid-cas-5329-14-6\/","og_locale":"en_US","og_type":"article","og_title":"Sulphonic Acid (CAS 5329-14-6) - \u0136\u012bmija r\u016bpniec\u012bbai &mdash; &Scaron;\u0137\u012bdin\u0101t\u0101ji un \u0137\u012bmisk\u0101s vielas &mdash; Masterchem.ee","og_description":"A sulfonic acid (or sulphonic acid) refers to a member of the class of organosulfur compounds with the general formula R\u2212S(=O)2\u2212OH, where R is an organic alkyl or aryl group and the S(=O)2(OH) group a sulfonyl hydroxide.","og_url":"https:\/\/masterchem.lv\/en\/product\/sulphonic-acid-cas-5329-14-6\/","og_site_name":"\u0136\u012bmija r\u016bpniec\u012bbai &mdash; &Scaron;\u0137\u012bdin\u0101t\u0101ji un \u0137\u012bmisk\u0101s vielas &mdash; Masterchem.ee","article_modified_time":"2023-04-11T09:47:46+00:00","og_image":[{"width":1000,"height":1000,"url":"https:\/\/masterchem.lv\/wp-content\/uploads\/2023\/03\/Sulfoonhape-1000l-MasterChem-1.jpg","type":"image\/jpeg"}],"twitter_card":"summary_large_image","twitter_misc":{"Est. reading time":"1 minute"},"schema":{"@context":"https:\/\/schema.org","@graph":[{"@type":"WebPage","@id":"https:\/\/masterchem.lv\/en\/product\/sulphonic-acid-cas-5329-14-6\/","url":"https:\/\/masterchem.lv\/en\/product\/sulphonic-acid-cas-5329-14-6\/","name":"Sulphonic Acid (CAS 5329-14-6) - \u0136\u012bmija r\u016bpniec\u012bbai &mdash; &Scaron;\u0137\u012bdin\u0101t\u0101ji un \u0137\u012bmisk\u0101s vielas &mdash; Masterchem.ee","isPartOf":{"@id":"https:\/\/masterchem.lv\/en\/#website"},"primaryImageOfPage":{"@id":"https:\/\/masterchem.lv\/en\/product\/sulphonic-acid-cas-5329-14-6\/#primaryimage"},"image":{"@id":"https:\/\/masterchem.lv\/en\/product\/sulphonic-acid-cas-5329-14-6\/#primaryimage"},"thumbnailUrl":"https:\/\/masterchem.lv\/wp-content\/uploads\/2023\/03\/Sulfoonhape-1000l-MasterChem-1.jpg","datePublished":"2023-03-08T07:58:48+00:00","dateModified":"2023-04-11T09:47:46+00:00","description":"A sulfonic acid (or sulphonic acid) refers to a member of the class of organosulfur compounds with the general formula R\u2212S(=O)2\u2212OH, where R is an organic alkyl or aryl group and the S(=O)2(OH) group a sulfonyl hydroxide.","breadcrumb":{"@id":"https:\/\/masterchem.lv\/en\/product\/sulphonic-acid-cas-5329-14-6\/#breadcrumb"},"inLanguage":"en-US","potentialAction":[{"@type":"ReadAction","target":["https:\/\/masterchem.lv\/en\/product\/sulphonic-acid-cas-5329-14-6\/"]}]},{"@type":"ImageObject","inLanguage":"en-US","@id":"https:\/\/masterchem.lv\/en\/product\/sulphonic-acid-cas-5329-14-6\/#primaryimage","url":"https:\/\/masterchem.lv\/wp-content\/uploads\/2023\/03\/Sulfoonhape-1000l-MasterChem-1.jpg","contentUrl":"https:\/\/masterchem.lv\/wp-content\/uploads\/2023\/03\/Sulfoonhape-1000l-MasterChem-1.jpg","width":1000,"height":1000},{"@type":"BreadcrumbList","@id":"https:\/\/masterchem.lv\/en\/product\/sulphonic-acid-cas-5329-14-6\/#breadcrumb","itemListElement":[{"@type":"ListItem","position":1,"name":"Home","item":"https:\/\/masterchem.lv\/en\/"},{"@type":"ListItem","position":2,"name":"Shop","item":"https:\/\/masterchem.lv\/shop\/"},{"@type":"ListItem","position":3,"name":"Sulphonic Acid (CAS 5329-14-6)"}]},{"@type":"WebSite","@id":"https:\/\/masterchem.lv\/en\/#website","url":"https:\/\/masterchem.lv\/en\/","name":"\u0136\u012bmija r\u016bpniec\u012bbai &mdash; &Scaron;\u0137\u012bdin\u0101t\u0101ji un \u0137\u012bmisk\u0101s vielas &mdash; Masterchem.ee","description":"\u0136\u012bmija r\u016bpniec\u012bbai&nbsp;&mdash; &scaron;\u0137\u012bdin\u0101t\u0101ji un \u0137\u012bmisk\u0101s vielas","potentialAction":[{"@type":"SearchAction","target":{"@type":"EntryPoint","urlTemplate":"https:\/\/masterchem.lv\/en\/?s={search_term_string}"},"query-input":{"@type":"PropertyValueSpecification","valueRequired":true,"valueName":"search_term_string"}}],"inLanguage":"en-US"}]}},"_links":{"self":[{"href":"https:\/\/masterchem.lv\/en\/wp-json\/wp\/v2\/product\/9136","targetHints":{"allow":["GET"]}}],"collection":[{"href":"https:\/\/masterchem.lv\/en\/wp-json\/wp\/v2\/product"}],"about":[{"href":"https:\/\/masterchem.lv\/en\/wp-json\/wp\/v2\/types\/product"}],"wp:featuredmedia":[{"embeddable":true,"href":"https:\/\/masterchem.lv\/en\/wp-json\/wp\/v2\/media\/9161"}],"wp:attachment":[{"href":"https:\/\/masterchem.lv\/en\/wp-json\/wp\/v2\/media?parent=9136"}],"wp:term":[{"taxonomy":"product_brand","embeddable":true,"href":"https:\/\/masterchem.lv\/en\/wp-json\/wp\/v2\/product_brand?post=9136"},{"taxonomy":"product_cat","embeddable":true,"href":"https:\/\/masterchem.lv\/en\/wp-json\/wp\/v2\/product_cat?post=9136"},{"taxonomy":"product_tag","embeddable":true,"href":"https:\/\/masterchem.lv\/en\/wp-json\/wp\/v2\/product_tag?post=9136"}],"curies":[{"name":"wp","href":"https:\/\/api.w.org\/{rel}","templated":true}]}}