{"id":9234,"date":"2023-03-08T07:59:13","date_gmt":"2023-03-08T07:59:13","guid":{"rendered":"https:\/\/masterchem.lv\/?post_type=product&#038;p=9234"},"modified":"2024-11-20T19:24:12","modified_gmt":"2024-11-20T19:24:12","slug":"sulfuric-acid-98-cas-7664-93-9","status":"publish","type":"product","link":"https:\/\/masterchem.lv\/en\/product\/sulfuric-acid-98-cas-7664-93-9\/","title":{"rendered":"Sulfuric Acid 98% (CAS 7664-93-9)"},"content":{"rendered":"<p><strong>Sulfuric Acid 98% (CAS 7664-93-9)<\/strong><\/p>\n<p>A sulfonic acid (or sulphonic acid) refers to a member of the class of organosulfur compounds with the general formula R\u2212S(=O)2\u2212OH, where R is an organic alkyl or aryl group and the S(=O)2(OH) group a sulfonyl hydroxide. As a substituent, it is known as a sulfo group. A sulfonic acid can be thought of as sulfuric acid with one hydroxyl group replaced by an organic substituent. The parent compound (with the organic substituent replaced by hydrogen) is the parent sulfonic acid, HS(=O)2(OH), a tautomer of sulfurous acid, S(=O)(OH)2. Salts or esters of sulfonic acids are called sulfonates.<\/p>\n<p><strong>Information<\/strong><\/p>\n<p>Industries: Household chemicals, Fertilizers, Adhesives, oils, greases, Horticulture<br \/>\nCAS number: 7664-93-9<br \/>\nWE number: 231-639-5<br \/>\nChemical formula: H2SO4<br \/>\nMolar mass: 98,08 g\/mol<br \/>\nCustoms tariff code: 28070000<br \/>\nADR: UN1830<\/p>\n<p><strong>Other physical properties<\/strong><\/p>\n<p>pH: <1\nMelting \/ freezing point: ok. 10,4\u00b0C<br \/>\nBoiling point \/ range: 290\u00b0C<br \/>\nRelative density: 1,8144-1,8305 kg\/l<\/p>\n","protected":false},"excerpt":{"rendered":"<p><a class=\"download-doc-button-danger\" href=\"https:\/\/masterchem.ee\/wp-content\/uploads\/2024\/11\/Nouded-kliendiandmetele-lohkeainete-ostmisel-ee.docx\"><img decoding=\"async\" src=\"https:\/\/masterchem.ee\/wp-content\/uploads\/2024\/11\/doc-icon.png\">N\u00f5uded kliendiandmetele l\u00f5hkeainete ostmisel (doc)<\/a><br \/>\n<label class=\"buy-buttton-guard-label\"><input type=\"checkbox\" class=\"buy-buttton-guard\" data-default=\"Buy now\" data-notificaion=\"It is necessary to fill out the form\"> &#8211; I filled out and sent the form to <\/label> <a href=\"mailto:info@masterchem.lv\">info@masterchem.lv<\/a><\/p>\n","protected":false},"featured_media":9161,"template":"","meta":{"_monsterinsights_skip_tracking":false,"_monsterinsights_sitenote_active":false,"_monsterinsights_sitenote_note":"","_monsterinsights_sitenote_category":0},"product_brand":[],"product_cat":[167,76,82,92],"product_tag":[],"class_list":{"0":"post-9234","1":"product","2":"type-product","3":"status-publish","4":"has-post-thumbnail","6":"product_cat-all-goods","7":"product_cat-fertilizers","8":"product_cat-horticulture","9":"product_cat-household-chemicals","11":"first","12":"instock","13":"taxable","14":"shipping-taxable","15":"purchasable","16":"product-type-variable","17":"has-default-attributes"},"yoast_head":"<!-- This site is optimized with the Yoast SEO plugin v27.4 - https:\/\/yoast.com\/product\/yoast-seo-wordpress\/ -->\n<title>Sulfuric Acid 98% (CAS 7664-93-9) - \u0136\u012bmija r\u016bpniec\u012bbai &mdash; &Scaron;\u0137\u012bdin\u0101t\u0101ji un \u0137\u012bmisk\u0101s vielas &mdash; Masterchem.ee<\/title>\n<meta name=\"description\" content=\"A sulfonic acid (or sulphonic acid) refers to a member of the class of organosulfur compounds with the general formula R\u2212S(=O)2\u2212OH, where R is an organic alkyl or aryl group and the S(=O)2(OH) group a sulfonyl hydroxide.\" \/>\n<meta name=\"robots\" content=\"index, follow, max-snippet:-1, max-image-preview:large, max-video-preview:-1\" \/>\n<link rel=\"canonical\" href=\"https:\/\/masterchem.lv\/en\/product\/sulfuric-acid-98-cas-7664-93-9\/\" \/>\n<meta property=\"og:locale\" content=\"en_US\" \/>\n<meta property=\"og:type\" content=\"article\" \/>\n<meta property=\"og:title\" content=\"Sulfuric Acid 98% (CAS 7664-93-9) - \u0136\u012bmija r\u016bpniec\u012bbai &mdash; &Scaron;\u0137\u012bdin\u0101t\u0101ji un \u0137\u012bmisk\u0101s vielas &mdash; Masterchem.ee\" \/>\n<meta property=\"og:description\" content=\"A sulfonic acid (or sulphonic acid) refers to a member of the class of organosulfur compounds with the general formula R\u2212S(=O)2\u2212OH, where R is an organic alkyl or aryl group and the S(=O)2(OH) group a sulfonyl hydroxide.\" \/>\n<meta property=\"og:url\" content=\"https:\/\/masterchem.lv\/en\/product\/sulfuric-acid-98-cas-7664-93-9\/\" \/>\n<meta property=\"og:site_name\" content=\"\u0136\u012bmija r\u016bpniec\u012bbai &mdash; &Scaron;\u0137\u012bdin\u0101t\u0101ji un \u0137\u012bmisk\u0101s vielas &mdash; Masterchem.ee\" \/>\n<meta property=\"article:modified_time\" content=\"2024-11-20T19:24:12+00:00\" \/>\n<meta property=\"og:image\" content=\"https:\/\/masterchem.lv\/wp-content\/uploads\/2023\/03\/Sulfoonhape-1000l-MasterChem-1.jpg\" \/>\n\t<meta property=\"og:image:width\" content=\"1000\" \/>\n\t<meta property=\"og:image:height\" content=\"1000\" \/>\n\t<meta property=\"og:image:type\" content=\"image\/jpeg\" \/>\n<meta name=\"twitter:card\" content=\"summary_large_image\" \/>\n<meta name=\"twitter:label1\" content=\"Est. reading time\" \/>\n\t<meta name=\"twitter:data1\" content=\"1 minute\" \/>\n<script type=\"application\/ld+json\" class=\"yoast-schema-graph\">{\"@context\":\"https:\\\/\\\/schema.org\",\"@graph\":[{\"@type\":\"WebPage\",\"@id\":\"https:\\\/\\\/masterchem.lv\\\/en\\\/product\\\/sulfuric-acid-98-cas-7664-93-9\\\/\",\"url\":\"https:\\\/\\\/masterchem.lv\\\/en\\\/product\\\/sulfuric-acid-98-cas-7664-93-9\\\/\",\"name\":\"Sulfuric Acid 98% (CAS 7664-93-9) - \u0136\u012bmija r\u016bpniec\u012bbai &mdash; &Scaron;\u0137\u012bdin\u0101t\u0101ji un \u0137\u012bmisk\u0101s vielas &mdash; Masterchem.ee\",\"isPartOf\":{\"@id\":\"https:\\\/\\\/masterchem.lv\\\/en\\\/#website\"},\"primaryImageOfPage\":{\"@id\":\"https:\\\/\\\/masterchem.lv\\\/en\\\/product\\\/sulfuric-acid-98-cas-7664-93-9\\\/#primaryimage\"},\"image\":{\"@id\":\"https:\\\/\\\/masterchem.lv\\\/en\\\/product\\\/sulfuric-acid-98-cas-7664-93-9\\\/#primaryimage\"},\"thumbnailUrl\":\"https:\\\/\\\/masterchem.lv\\\/wp-content\\\/uploads\\\/2023\\\/03\\\/Sulfoonhape-1000l-MasterChem-1.jpg\",\"datePublished\":\"2023-03-08T07:59:13+00:00\",\"dateModified\":\"2024-11-20T19:24:12+00:00\",\"description\":\"A sulfonic acid (or sulphonic acid) refers to a member of the class of organosulfur compounds with the general formula R\u2212S(=O)2\u2212OH, where R is an organic alkyl or aryl group and the S(=O)2(OH) group a sulfonyl hydroxide.\",\"breadcrumb\":{\"@id\":\"https:\\\/\\\/masterchem.lv\\\/en\\\/product\\\/sulfuric-acid-98-cas-7664-93-9\\\/#breadcrumb\"},\"inLanguage\":\"en-US\",\"potentialAction\":[{\"@type\":\"ReadAction\",\"target\":[\"https:\\\/\\\/masterchem.lv\\\/en\\\/product\\\/sulfuric-acid-98-cas-7664-93-9\\\/\"]}]},{\"@type\":\"ImageObject\",\"inLanguage\":\"en-US\",\"@id\":\"https:\\\/\\\/masterchem.lv\\\/en\\\/product\\\/sulfuric-acid-98-cas-7664-93-9\\\/#primaryimage\",\"url\":\"https:\\\/\\\/masterchem.lv\\\/wp-content\\\/uploads\\\/2023\\\/03\\\/Sulfoonhape-1000l-MasterChem-1.jpg\",\"contentUrl\":\"https:\\\/\\\/masterchem.lv\\\/wp-content\\\/uploads\\\/2023\\\/03\\\/Sulfoonhape-1000l-MasterChem-1.jpg\",\"width\":1000,\"height\":1000},{\"@type\":\"BreadcrumbList\",\"@id\":\"https:\\\/\\\/masterchem.lv\\\/en\\\/product\\\/sulfuric-acid-98-cas-7664-93-9\\\/#breadcrumb\",\"itemListElement\":[{\"@type\":\"ListItem\",\"position\":1,\"name\":\"Home\",\"item\":\"https:\\\/\\\/masterchem.lv\\\/en\\\/\"},{\"@type\":\"ListItem\",\"position\":2,\"name\":\"Shop\",\"item\":\"https:\\\/\\\/masterchem.lv\\\/shop\\\/\"},{\"@type\":\"ListItem\",\"position\":3,\"name\":\"Sulfuric Acid 98% (CAS 7664-93-9)\"}]},{\"@type\":\"WebSite\",\"@id\":\"https:\\\/\\\/masterchem.lv\\\/en\\\/#website\",\"url\":\"https:\\\/\\\/masterchem.lv\\\/en\\\/\",\"name\":\"\u0136\u012bmija r\u016bpniec\u012bbai &mdash; &Scaron;\u0137\u012bdin\u0101t\u0101ji un \u0137\u012bmisk\u0101s vielas &mdash; Masterchem.ee\",\"description\":\"\u0136\u012bmija r\u016bpniec\u012bbai&nbsp;&mdash; &scaron;\u0137\u012bdin\u0101t\u0101ji un \u0137\u012bmisk\u0101s vielas\",\"potentialAction\":[{\"@type\":\"SearchAction\",\"target\":{\"@type\":\"EntryPoint\",\"urlTemplate\":\"https:\\\/\\\/masterchem.lv\\\/en\\\/?s={search_term_string}\"},\"query-input\":{\"@type\":\"PropertyValueSpecification\",\"valueRequired\":true,\"valueName\":\"search_term_string\"}}],\"inLanguage\":\"en-US\"}]}<\/script>\n<!-- \/ Yoast SEO plugin. -->","yoast_head_json":{"title":"Sulfuric Acid 98% (CAS 7664-93-9) - \u0136\u012bmija r\u016bpniec\u012bbai &mdash; &Scaron;\u0137\u012bdin\u0101t\u0101ji un \u0137\u012bmisk\u0101s vielas &mdash; Masterchem.ee","description":"A sulfonic acid (or sulphonic acid) refers to a member of the class of organosulfur compounds with the general formula R\u2212S(=O)2\u2212OH, where R is an organic alkyl or aryl group and the S(=O)2(OH) group a sulfonyl hydroxide.","robots":{"index":"index","follow":"follow","max-snippet":"max-snippet:-1","max-image-preview":"max-image-preview:large","max-video-preview":"max-video-preview:-1"},"canonical":"https:\/\/masterchem.lv\/en\/product\/sulfuric-acid-98-cas-7664-93-9\/","og_locale":"en_US","og_type":"article","og_title":"Sulfuric Acid 98% (CAS 7664-93-9) - \u0136\u012bmija r\u016bpniec\u012bbai &mdash; &Scaron;\u0137\u012bdin\u0101t\u0101ji un \u0137\u012bmisk\u0101s vielas &mdash; Masterchem.ee","og_description":"A sulfonic acid (or sulphonic acid) refers to a member of the class of organosulfur compounds with the general formula R\u2212S(=O)2\u2212OH, where R is an organic alkyl or aryl group and the S(=O)2(OH) group a sulfonyl hydroxide.","og_url":"https:\/\/masterchem.lv\/en\/product\/sulfuric-acid-98-cas-7664-93-9\/","og_site_name":"\u0136\u012bmija r\u016bpniec\u012bbai &mdash; &Scaron;\u0137\u012bdin\u0101t\u0101ji un \u0137\u012bmisk\u0101s vielas &mdash; Masterchem.ee","article_modified_time":"2024-11-20T19:24:12+00:00","og_image":[{"width":1000,"height":1000,"url":"https:\/\/masterchem.lv\/wp-content\/uploads\/2023\/03\/Sulfoonhape-1000l-MasterChem-1.jpg","type":"image\/jpeg"}],"twitter_card":"summary_large_image","twitter_misc":{"Est. reading time":"1 minute"},"schema":{"@context":"https:\/\/schema.org","@graph":[{"@type":"WebPage","@id":"https:\/\/masterchem.lv\/en\/product\/sulfuric-acid-98-cas-7664-93-9\/","url":"https:\/\/masterchem.lv\/en\/product\/sulfuric-acid-98-cas-7664-93-9\/","name":"Sulfuric Acid 98% (CAS 7664-93-9) - \u0136\u012bmija r\u016bpniec\u012bbai &mdash; &Scaron;\u0137\u012bdin\u0101t\u0101ji un \u0137\u012bmisk\u0101s vielas &mdash; Masterchem.ee","isPartOf":{"@id":"https:\/\/masterchem.lv\/en\/#website"},"primaryImageOfPage":{"@id":"https:\/\/masterchem.lv\/en\/product\/sulfuric-acid-98-cas-7664-93-9\/#primaryimage"},"image":{"@id":"https:\/\/masterchem.lv\/en\/product\/sulfuric-acid-98-cas-7664-93-9\/#primaryimage"},"thumbnailUrl":"https:\/\/masterchem.lv\/wp-content\/uploads\/2023\/03\/Sulfoonhape-1000l-MasterChem-1.jpg","datePublished":"2023-03-08T07:59:13+00:00","dateModified":"2024-11-20T19:24:12+00:00","description":"A sulfonic acid (or sulphonic acid) refers to a member of the class of organosulfur compounds with the general formula R\u2212S(=O)2\u2212OH, where R is an organic alkyl or aryl group and the S(=O)2(OH) group a sulfonyl hydroxide.","breadcrumb":{"@id":"https:\/\/masterchem.lv\/en\/product\/sulfuric-acid-98-cas-7664-93-9\/#breadcrumb"},"inLanguage":"en-US","potentialAction":[{"@type":"ReadAction","target":["https:\/\/masterchem.lv\/en\/product\/sulfuric-acid-98-cas-7664-93-9\/"]}]},{"@type":"ImageObject","inLanguage":"en-US","@id":"https:\/\/masterchem.lv\/en\/product\/sulfuric-acid-98-cas-7664-93-9\/#primaryimage","url":"https:\/\/masterchem.lv\/wp-content\/uploads\/2023\/03\/Sulfoonhape-1000l-MasterChem-1.jpg","contentUrl":"https:\/\/masterchem.lv\/wp-content\/uploads\/2023\/03\/Sulfoonhape-1000l-MasterChem-1.jpg","width":1000,"height":1000},{"@type":"BreadcrumbList","@id":"https:\/\/masterchem.lv\/en\/product\/sulfuric-acid-98-cas-7664-93-9\/#breadcrumb","itemListElement":[{"@type":"ListItem","position":1,"name":"Home","item":"https:\/\/masterchem.lv\/en\/"},{"@type":"ListItem","position":2,"name":"Shop","item":"https:\/\/masterchem.lv\/shop\/"},{"@type":"ListItem","position":3,"name":"Sulfuric Acid 98% (CAS 7664-93-9)"}]},{"@type":"WebSite","@id":"https:\/\/masterchem.lv\/en\/#website","url":"https:\/\/masterchem.lv\/en\/","name":"\u0136\u012bmija r\u016bpniec\u012bbai &mdash; &Scaron;\u0137\u012bdin\u0101t\u0101ji un \u0137\u012bmisk\u0101s vielas &mdash; Masterchem.ee","description":"\u0136\u012bmija r\u016bpniec\u012bbai&nbsp;&mdash; &scaron;\u0137\u012bdin\u0101t\u0101ji un \u0137\u012bmisk\u0101s vielas","potentialAction":[{"@type":"SearchAction","target":{"@type":"EntryPoint","urlTemplate":"https:\/\/masterchem.lv\/en\/?s={search_term_string}"},"query-input":{"@type":"PropertyValueSpecification","valueRequired":true,"valueName":"search_term_string"}}],"inLanguage":"en-US"}]}},"_links":{"self":[{"href":"https:\/\/masterchem.lv\/en\/wp-json\/wp\/v2\/product\/9234","targetHints":{"allow":["GET"]}}],"collection":[{"href":"https:\/\/masterchem.lv\/en\/wp-json\/wp\/v2\/product"}],"about":[{"href":"https:\/\/masterchem.lv\/en\/wp-json\/wp\/v2\/types\/product"}],"wp:featuredmedia":[{"embeddable":true,"href":"https:\/\/masterchem.lv\/en\/wp-json\/wp\/v2\/media\/9161"}],"wp:attachment":[{"href":"https:\/\/masterchem.lv\/en\/wp-json\/wp\/v2\/media?parent=9234"}],"wp:term":[{"taxonomy":"product_brand","embeddable":true,"href":"https:\/\/masterchem.lv\/en\/wp-json\/wp\/v2\/product_brand?post=9234"},{"taxonomy":"product_cat","embeddable":true,"href":"https:\/\/masterchem.lv\/en\/wp-json\/wp\/v2\/product_cat?post=9234"},{"taxonomy":"product_tag","embeddable":true,"href":"https:\/\/masterchem.lv\/en\/wp-json\/wp\/v2\/product_tag?post=9234"}],"curies":[{"name":"wp","href":"https:\/\/api.w.org\/{rel}","templated":true}]}}