{"id":9959,"date":"2023-03-08T08:03:44","date_gmt":"2023-03-08T08:03:44","guid":{"rendered":"https:\/\/masterchem.lv\/?post_type=product&#038;p=9959"},"modified":"2023-04-20T13:28:50","modified_gmt":"2023-04-20T13:28:50","slug":"aluminium-hydroxide-cas-21645-51-2","status":"publish","type":"product","link":"https:\/\/masterchem.lv\/en\/product\/aluminium-hydroxide-cas-21645-51-2\/","title":{"rendered":"Aluminium hydroxide (CAS 21645-51-2)"},"content":{"rendered":"<p><strong>Information<\/strong><\/p>\n<p>Industries: Cosmetic industry, Pharmaceutical industry<br \/>\nCAS number: 21645-51-2<br \/>\nWE number: 244-492-7<br \/>\nChemical formula: AlH3O3<br \/>\nMolar mass: 78 g\/mol<br \/>\nCustoms tariff code: 28183000<\/p>\n<p><strong>Other physical properties<\/strong><\/p>\n<p>Melting \/ freezing point: 200-300\u00b0C<br \/>\nRelative density: 2,35 \u2013 3,44 g\/cm3<\/p>\n","protected":false},"excerpt":{"rendered":"<p><strong>Aluminium hydroxide (CAS 21645-51-2)<\/strong><\/p>\n<p>Aluminium hydroxide, Al(OH)3, is found in nature as the mineral gibbsite (also known as hydrargillite) and its three much rarer polymorphs: bayerite, doyleite, and nordstrandite. Aluminium hydroxide is amphoteric, i.e., it has both basic and acidic properties. Closely related are aluminium oxide hydroxide, AlO(OH), and aluminium oxide or alumina (Al2O3), the latter of which is also amphoteric. These compounds together are the major components of the aluminium ore bauxite.<\/p>\n","protected":false},"featured_media":10005,"template":"","meta":{"_monsterinsights_skip_tracking":false,"_monsterinsights_sitenote_active":false,"_monsterinsights_sitenote_note":"","_monsterinsights_sitenote_category":0},"product_brand":[],"product_cat":[167,70,101],"product_tag":[],"class_list":{"0":"post-9959","1":"product","2":"type-product","3":"status-publish","4":"has-post-thumbnail","6":"product_cat-all-goods","7":"product_cat-cosmetic-industry","8":"product_cat-pharmaceuticals","10":"first","11":"instock","12":"taxable","13":"shipping-taxable","14":"purchasable","15":"product-type-variable","16":"has-default-attributes"},"yoast_head":"<!-- This site is optimized with the Yoast SEO plugin v27.4 - https:\/\/yoast.com\/product\/yoast-seo-wordpress\/ -->\n<title>Aluminium hydroxide (CAS 21645-51-2) - \u0136\u012bmija r\u016bpniec\u012bbai &mdash; &Scaron;\u0137\u012bdin\u0101t\u0101ji un \u0137\u012bmisk\u0101s vielas &mdash; Masterchem.ee<\/title>\n<meta name=\"description\" content=\"Aluminium hydroxide, Al(OH)3, is found in nature as the mineral gibbsite (also known as hydrargillite) and its three much rarer polymorphs: bayerite, doyleite, and nordstrandite.\" \/>\n<meta name=\"robots\" content=\"index, follow, max-snippet:-1, max-image-preview:large, max-video-preview:-1\" \/>\n<link rel=\"canonical\" href=\"https:\/\/masterchem.lv\/en\/product\/aluminium-hydroxide-cas-21645-51-2\/\" \/>\n<meta property=\"og:locale\" content=\"en_US\" \/>\n<meta property=\"og:type\" content=\"article\" \/>\n<meta property=\"og:title\" content=\"Aluminium hydroxide (CAS 21645-51-2) - \u0136\u012bmija r\u016bpniec\u012bbai &mdash; &Scaron;\u0137\u012bdin\u0101t\u0101ji un \u0137\u012bmisk\u0101s vielas &mdash; Masterchem.ee\" \/>\n<meta property=\"og:description\" content=\"Aluminium hydroxide, Al(OH)3, is found in nature as the mineral gibbsite (also known as hydrargillite) and its three much rarer polymorphs: bayerite, doyleite, and nordstrandite.\" \/>\n<meta property=\"og:url\" content=\"https:\/\/masterchem.lv\/en\/product\/aluminium-hydroxide-cas-21645-51-2\/\" \/>\n<meta property=\"og:site_name\" content=\"\u0136\u012bmija r\u016bpniec\u012bbai &mdash; &Scaron;\u0137\u012bdin\u0101t\u0101ji un \u0137\u012bmisk\u0101s vielas &mdash; Masterchem.ee\" \/>\n<meta property=\"article:modified_time\" content=\"2023-04-20T13:28:50+00:00\" \/>\n<meta property=\"og:image\" content=\"https:\/\/masterchem.lv\/wp-content\/uploads\/2023\/03\/Alumiiniumhudroksiid-25kg-MasterChem-1.jpg\" \/>\n\t<meta property=\"og:image:width\" content=\"1000\" \/>\n\t<meta property=\"og:image:height\" content=\"1000\" \/>\n\t<meta property=\"og:image:type\" content=\"image\/jpeg\" \/>\n<meta name=\"twitter:card\" content=\"summary_large_image\" \/>\n<meta name=\"twitter:label1\" content=\"Est. reading time\" \/>\n\t<meta name=\"twitter:data1\" content=\"1 minute\" \/>\n<script type=\"application\/ld+json\" class=\"yoast-schema-graph\">{\"@context\":\"https:\\\/\\\/schema.org\",\"@graph\":[{\"@type\":\"WebPage\",\"@id\":\"https:\\\/\\\/masterchem.lv\\\/en\\\/product\\\/aluminium-hydroxide-cas-21645-51-2\\\/\",\"url\":\"https:\\\/\\\/masterchem.lv\\\/en\\\/product\\\/aluminium-hydroxide-cas-21645-51-2\\\/\",\"name\":\"Aluminium hydroxide (CAS 21645-51-2) - \u0136\u012bmija r\u016bpniec\u012bbai &mdash; &Scaron;\u0137\u012bdin\u0101t\u0101ji un \u0137\u012bmisk\u0101s vielas &mdash; Masterchem.ee\",\"isPartOf\":{\"@id\":\"https:\\\/\\\/masterchem.lv\\\/en\\\/#website\"},\"primaryImageOfPage\":{\"@id\":\"https:\\\/\\\/masterchem.lv\\\/en\\\/product\\\/aluminium-hydroxide-cas-21645-51-2\\\/#primaryimage\"},\"image\":{\"@id\":\"https:\\\/\\\/masterchem.lv\\\/en\\\/product\\\/aluminium-hydroxide-cas-21645-51-2\\\/#primaryimage\"},\"thumbnailUrl\":\"https:\\\/\\\/masterchem.lv\\\/wp-content\\\/uploads\\\/2023\\\/03\\\/Alumiiniumhudroksiid-25kg-MasterChem-1.jpg\",\"datePublished\":\"2023-03-08T08:03:44+00:00\",\"dateModified\":\"2023-04-20T13:28:50+00:00\",\"description\":\"Aluminium hydroxide, Al(OH)3, is found in nature as the mineral gibbsite (also known as hydrargillite) and its three much rarer polymorphs: bayerite, doyleite, and nordstrandite.\",\"breadcrumb\":{\"@id\":\"https:\\\/\\\/masterchem.lv\\\/en\\\/product\\\/aluminium-hydroxide-cas-21645-51-2\\\/#breadcrumb\"},\"inLanguage\":\"en-US\",\"potentialAction\":[{\"@type\":\"ReadAction\",\"target\":[\"https:\\\/\\\/masterchem.lv\\\/en\\\/product\\\/aluminium-hydroxide-cas-21645-51-2\\\/\"]}]},{\"@type\":\"ImageObject\",\"inLanguage\":\"en-US\",\"@id\":\"https:\\\/\\\/masterchem.lv\\\/en\\\/product\\\/aluminium-hydroxide-cas-21645-51-2\\\/#primaryimage\",\"url\":\"https:\\\/\\\/masterchem.lv\\\/wp-content\\\/uploads\\\/2023\\\/03\\\/Alumiiniumhudroksiid-25kg-MasterChem-1.jpg\",\"contentUrl\":\"https:\\\/\\\/masterchem.lv\\\/wp-content\\\/uploads\\\/2023\\\/03\\\/Alumiiniumhudroksiid-25kg-MasterChem-1.jpg\",\"width\":1000,\"height\":1000},{\"@type\":\"BreadcrumbList\",\"@id\":\"https:\\\/\\\/masterchem.lv\\\/en\\\/product\\\/aluminium-hydroxide-cas-21645-51-2\\\/#breadcrumb\",\"itemListElement\":[{\"@type\":\"ListItem\",\"position\":1,\"name\":\"Home\",\"item\":\"https:\\\/\\\/masterchem.lv\\\/en\\\/\"},{\"@type\":\"ListItem\",\"position\":2,\"name\":\"Shop\",\"item\":\"https:\\\/\\\/masterchem.lv\\\/shop\\\/\"},{\"@type\":\"ListItem\",\"position\":3,\"name\":\"Aluminium hydroxide (CAS 21645-51-2)\"}]},{\"@type\":\"WebSite\",\"@id\":\"https:\\\/\\\/masterchem.lv\\\/en\\\/#website\",\"url\":\"https:\\\/\\\/masterchem.lv\\\/en\\\/\",\"name\":\"\u0136\u012bmija r\u016bpniec\u012bbai &mdash; &Scaron;\u0137\u012bdin\u0101t\u0101ji un \u0137\u012bmisk\u0101s vielas &mdash; Masterchem.ee\",\"description\":\"\u0136\u012bmija r\u016bpniec\u012bbai&nbsp;&mdash; &scaron;\u0137\u012bdin\u0101t\u0101ji un \u0137\u012bmisk\u0101s vielas\",\"potentialAction\":[{\"@type\":\"SearchAction\",\"target\":{\"@type\":\"EntryPoint\",\"urlTemplate\":\"https:\\\/\\\/masterchem.lv\\\/en\\\/?s={search_term_string}\"},\"query-input\":{\"@type\":\"PropertyValueSpecification\",\"valueRequired\":true,\"valueName\":\"search_term_string\"}}],\"inLanguage\":\"en-US\"}]}<\/script>\n<!-- \/ Yoast SEO plugin. -->","yoast_head_json":{"title":"Aluminium hydroxide (CAS 21645-51-2) - \u0136\u012bmija r\u016bpniec\u012bbai &mdash; &Scaron;\u0137\u012bdin\u0101t\u0101ji un \u0137\u012bmisk\u0101s vielas &mdash; Masterchem.ee","description":"Aluminium hydroxide, Al(OH)3, is found in nature as the mineral gibbsite (also known as hydrargillite) and its three much rarer polymorphs: bayerite, doyleite, and nordstrandite.","robots":{"index":"index","follow":"follow","max-snippet":"max-snippet:-1","max-image-preview":"max-image-preview:large","max-video-preview":"max-video-preview:-1"},"canonical":"https:\/\/masterchem.lv\/en\/product\/aluminium-hydroxide-cas-21645-51-2\/","og_locale":"en_US","og_type":"article","og_title":"Aluminium hydroxide (CAS 21645-51-2) - \u0136\u012bmija r\u016bpniec\u012bbai &mdash; &Scaron;\u0137\u012bdin\u0101t\u0101ji un \u0137\u012bmisk\u0101s vielas &mdash; Masterchem.ee","og_description":"Aluminium hydroxide, Al(OH)3, is found in nature as the mineral gibbsite (also known as hydrargillite) and its three much rarer polymorphs: bayerite, doyleite, and nordstrandite.","og_url":"https:\/\/masterchem.lv\/en\/product\/aluminium-hydroxide-cas-21645-51-2\/","og_site_name":"\u0136\u012bmija r\u016bpniec\u012bbai &mdash; &Scaron;\u0137\u012bdin\u0101t\u0101ji un \u0137\u012bmisk\u0101s vielas &mdash; Masterchem.ee","article_modified_time":"2023-04-20T13:28:50+00:00","og_image":[{"width":1000,"height":1000,"url":"https:\/\/masterchem.lv\/wp-content\/uploads\/2023\/03\/Alumiiniumhudroksiid-25kg-MasterChem-1.jpg","type":"image\/jpeg"}],"twitter_card":"summary_large_image","twitter_misc":{"Est. reading time":"1 minute"},"schema":{"@context":"https:\/\/schema.org","@graph":[{"@type":"WebPage","@id":"https:\/\/masterchem.lv\/en\/product\/aluminium-hydroxide-cas-21645-51-2\/","url":"https:\/\/masterchem.lv\/en\/product\/aluminium-hydroxide-cas-21645-51-2\/","name":"Aluminium hydroxide (CAS 21645-51-2) - \u0136\u012bmija r\u016bpniec\u012bbai &mdash; &Scaron;\u0137\u012bdin\u0101t\u0101ji un \u0137\u012bmisk\u0101s vielas &mdash; Masterchem.ee","isPartOf":{"@id":"https:\/\/masterchem.lv\/en\/#website"},"primaryImageOfPage":{"@id":"https:\/\/masterchem.lv\/en\/product\/aluminium-hydroxide-cas-21645-51-2\/#primaryimage"},"image":{"@id":"https:\/\/masterchem.lv\/en\/product\/aluminium-hydroxide-cas-21645-51-2\/#primaryimage"},"thumbnailUrl":"https:\/\/masterchem.lv\/wp-content\/uploads\/2023\/03\/Alumiiniumhudroksiid-25kg-MasterChem-1.jpg","datePublished":"2023-03-08T08:03:44+00:00","dateModified":"2023-04-20T13:28:50+00:00","description":"Aluminium hydroxide, Al(OH)3, is found in nature as the mineral gibbsite (also known as hydrargillite) and its three much rarer polymorphs: bayerite, doyleite, and nordstrandite.","breadcrumb":{"@id":"https:\/\/masterchem.lv\/en\/product\/aluminium-hydroxide-cas-21645-51-2\/#breadcrumb"},"inLanguage":"en-US","potentialAction":[{"@type":"ReadAction","target":["https:\/\/masterchem.lv\/en\/product\/aluminium-hydroxide-cas-21645-51-2\/"]}]},{"@type":"ImageObject","inLanguage":"en-US","@id":"https:\/\/masterchem.lv\/en\/product\/aluminium-hydroxide-cas-21645-51-2\/#primaryimage","url":"https:\/\/masterchem.lv\/wp-content\/uploads\/2023\/03\/Alumiiniumhudroksiid-25kg-MasterChem-1.jpg","contentUrl":"https:\/\/masterchem.lv\/wp-content\/uploads\/2023\/03\/Alumiiniumhudroksiid-25kg-MasterChem-1.jpg","width":1000,"height":1000},{"@type":"BreadcrumbList","@id":"https:\/\/masterchem.lv\/en\/product\/aluminium-hydroxide-cas-21645-51-2\/#breadcrumb","itemListElement":[{"@type":"ListItem","position":1,"name":"Home","item":"https:\/\/masterchem.lv\/en\/"},{"@type":"ListItem","position":2,"name":"Shop","item":"https:\/\/masterchem.lv\/shop\/"},{"@type":"ListItem","position":3,"name":"Aluminium hydroxide (CAS 21645-51-2)"}]},{"@type":"WebSite","@id":"https:\/\/masterchem.lv\/en\/#website","url":"https:\/\/masterchem.lv\/en\/","name":"\u0136\u012bmija r\u016bpniec\u012bbai &mdash; &Scaron;\u0137\u012bdin\u0101t\u0101ji un \u0137\u012bmisk\u0101s vielas &mdash; Masterchem.ee","description":"\u0136\u012bmija r\u016bpniec\u012bbai&nbsp;&mdash; &scaron;\u0137\u012bdin\u0101t\u0101ji un \u0137\u012bmisk\u0101s vielas","potentialAction":[{"@type":"SearchAction","target":{"@type":"EntryPoint","urlTemplate":"https:\/\/masterchem.lv\/en\/?s={search_term_string}"},"query-input":{"@type":"PropertyValueSpecification","valueRequired":true,"valueName":"search_term_string"}}],"inLanguage":"en-US"}]}},"_links":{"self":[{"href":"https:\/\/masterchem.lv\/en\/wp-json\/wp\/v2\/product\/9959","targetHints":{"allow":["GET"]}}],"collection":[{"href":"https:\/\/masterchem.lv\/en\/wp-json\/wp\/v2\/product"}],"about":[{"href":"https:\/\/masterchem.lv\/en\/wp-json\/wp\/v2\/types\/product"}],"wp:featuredmedia":[{"embeddable":true,"href":"https:\/\/masterchem.lv\/en\/wp-json\/wp\/v2\/media\/10005"}],"wp:attachment":[{"href":"https:\/\/masterchem.lv\/en\/wp-json\/wp\/v2\/media?parent=9959"}],"wp:term":[{"taxonomy":"product_brand","embeddable":true,"href":"https:\/\/masterchem.lv\/en\/wp-json\/wp\/v2\/product_brand?post=9959"},{"taxonomy":"product_cat","embeddable":true,"href":"https:\/\/masterchem.lv\/en\/wp-json\/wp\/v2\/product_cat?post=9959"},{"taxonomy":"product_tag","embeddable":true,"href":"https:\/\/masterchem.lv\/en\/wp-json\/wp\/v2\/product_tag?post=9959"}],"curies":[{"name":"wp","href":"https:\/\/api.w.org\/{rel}","templated":true}]}}