{"id":11966,"date":"2017-11-20T08:39:56","date_gmt":"2017-11-20T08:39:56","guid":{"rendered":"https:\/\/masterchem.lv\/%d0%b3%d0%bb%d0%b0%d0%b2%d0%bd%d0%b0%d1%8f-%d1%81%d1%82%d1%80%d0%b0%d0%bd%d0%b8%d1%86%d0%b0\/"},"modified":"2023-03-30T13:28:56","modified_gmt":"2023-03-30T13:28:56","slug":"%d0%b3%d0%bb%d0%b0%d0%b2%d0%bd%d0%b0%d1%8f-%d1%81%d1%82%d1%80%d0%b0%d0%bd%d0%b8%d1%86%d0%b0","status":"publish","type":"page","link":"https:\/\/masterchem.lv\/ru\/","title":{"rendered":"\u0413\u043b\u0430\u0432\u043d\u0430\u044f \u0441\u0442\u0440\u0430\u043d\u0438\u0446\u0430"},"content":{"rendered":"<p>[vc_row][vc_column offset=&#187;vc_col-lg-2 vc_col-md-12&#8243;][vc_empty_space height=&#187;20px&#187;][vc_empty_space height=&#187;35px&#187;][\/vc_column][vc_column offset=&#187;vc_col-lg-10 vc_col-md-12&#8243;][vc_empty_space height=&#187;20px&#187;][apus_products_tabs number=&#187;20&#8243; layout_type=&#187;carousel&#187; columns=&#187;5&#8243; rows=&#187;2&#8243; show_pagination=&#187;yes&#187; tabs=&#187;%5B%7B%22title%22%3A%22New%20Arrivals%22%2C%22type%22%3A%22recent_product%22%7D%2C%7B%22title%22%3A%22On%20Sale%22%2C%22type%22%3A%22on_sale%22%7D%2C%7B%22title%22%3A%22Top%20Rate%22%2C%22type%22%3A%22top_rate%22%7D%5D&#187;][apus_products number=&#187;10&#8243; layout_type=&#187;carousel&#187; columns=&#187;4&#8243; rows=&#187;2&#8243; product_style=&#187;inner-list-small&#187; show_nav=&#187;yes&#187; title=&#187;Recently Viewed Products&#187;][\/vc_column][\/vc_row][vc_row][vc_column][vc_empty_space height=&#187;25px&#187;][vc_empty_space height=&#187;25px&#187;][\/vc_column][\/vc_row]<\/p>\n","protected":false},"excerpt":{"rendered":"<p>[vc_row][vc_column offset=&#187;vc_col-lg-2 vc_col-md-12&#8243;][vc_empty_space height=&#187;20px&#187;][vc_empty_space height=&#187;35px&#187;][\/vc_column][vc_column offset=&#187;vc_col-lg-10 vc_col-md-12&#8243;][vc_empty_space height=&#187;20px&#187;][apus_products_tabs number=&#187;20&#8243; layout_type=&#187;carousel&#187; columns=&#187;5&#8243; rows=&#187;2&#8243; show_pagination=&#187;yes&#187; tabs=&#187;%5B%7B%22title%22%3A%22New%20Arrivals%22%2C%22type%22%3A%22recent_product%22%7D%2C%7B%22title%22%3A%22On%20Sale%22%2C%22type%22%3A%22on_sale%22%7D%2C%7B%22title%22%3A%22Top%20Rate%22%2C%22type%22%3A%22top_rate%22%7D%5D&#187;][apus_products number=&#187;10&#8243; layout_type=&#187;carousel&#187; columns=&#187;4&#8243; rows=&#187;2&#8243; product_style=&#187;inner-list-small&#187; show_nav=&#187;yes&#187; title=&#187;Recently Viewed Products&#187;][\/vc_column][\/vc_row][vc_row][vc_column][vc_empty_space height=&#187;25px&#187;][vc_empty_space height=&#187;25px&#187;][\/vc_column][\/vc_row]<\/p>\n","protected":false},"author":2,"featured_media":0,"parent":0,"menu_order":0,"comment_status":"closed","ping_status":"closed","template":"","meta":{"_monsterinsights_skip_tracking":false,"_monsterinsights_sitenote_active":false,"_monsterinsights_sitenote_note":"","_monsterinsights_sitenote_category":0,"footnotes":""},"class_list":["post-11966","page","type-page","status-publish","hentry"],"yoast_head":"<!-- This site is optimized with the Yoast SEO plugin v27.4 - https:\/\/yoast.com\/product\/yoast-seo-wordpress\/ -->\n<title>\u0413\u043b\u0430\u0432\u043d\u0430\u044f \u0441\u0442\u0440\u0430\u043d\u0438\u0446\u0430 - \u0136\u012bmija r\u016bpniec\u012bbai &mdash; &Scaron;\u0137\u012bdin\u0101t\u0101ji un \u0137\u012bmisk\u0101s vielas &mdash; Masterchem.ee<\/title>\n<meta name=\"description\" content=\"Masterchem - \u043f\u0440\u043e\u0438\u0437\u0432\u043e\u0434\u0438\u0442\u0435\u043b\u044c \u0438 \u043f\u043e\u0441\u0442\u0430\u0432\u0449\u0438\u043a \u0445\u0438\u043c\u0438\u0447\u0435\u0441\u043a\u043e\u0439 \u043f\u0440\u043e\u0434\u0443\u043a\u0446\u0438\u0438. \u0425\u0440\u0430\u043d\u0435\u043d\u0438\u0435 \u0445\u0438\u043c\u0438\u0447\u0435\u0441\u043a\u0438\u0445 \u0432\u0435\u0449\u0435\u0441\u0442\u0432, \u043f\u0435\u0440\u0435\u0442\u0430\u0440\u043a\u0430, \u0442\u0440\u0430\u043d\u0441\u043f\u043e\u0440\u0442\u0438\u0440\u043e\u0432\u043a\u0430. \u0428\u0438\u0440\u043e\u043a\u0438\u0439 \u0432\u044b\u0431\u043e\u0440 \u0445\u0438\u043c\u0438\u0447\u0435\u0441\u043a\u043e\u0439 \u043f\u0440\u043e\u0434\u0443\u043a\u0446\u0438\u0438 \u0438 \u0443\u0441\u043b\u0443\u0433. \u0412\u044b\u0433\u043e\u0434\u043d\u044b\u0435 \u0446\u0435\u043d\u044b \u043d\u0430 \u0441\u044b\u0440\u044c\u0435. \u0414\u043e\u0441\u0442\u0430\u0432\u043a\u0430 \u0445\u0438\u043c\u0438\u043a\u0430\u0442\u043e\u0432 \u0432 \u0421\u043a\u0430\u043d\u0434\u0438\u043d\u0430\u0432\u0438\u044e, \u041f\u0440\u0438\u0431\u0430\u043b\u0442\u0438\u043a\u0443, \u0415\u0432\u0440\u043e\u043f\u0443.\" \/>\n<meta name=\"robots\" content=\"index, follow, max-snippet:-1, max-image-preview:large, max-video-preview:-1\" \/>\n<link rel=\"canonical\" href=\"https:\/\/masterchem.lv\/ru\/\" \/>\n<meta property=\"og:locale\" content=\"ru_RU\" \/>\n<meta property=\"og:type\" content=\"article\" \/>\n<meta property=\"og:title\" content=\"\u0413\u043b\u0430\u0432\u043d\u0430\u044f \u0441\u0442\u0440\u0430\u043d\u0438\u0446\u0430 - \u0136\u012bmija r\u016bpniec\u012bbai &mdash; &Scaron;\u0137\u012bdin\u0101t\u0101ji un \u0137\u012bmisk\u0101s vielas &mdash; Masterchem.ee\" \/>\n<meta property=\"og:description\" content=\"Masterchem - \u043f\u0440\u043e\u0438\u0437\u0432\u043e\u0434\u0438\u0442\u0435\u043b\u044c \u0438 \u043f\u043e\u0441\u0442\u0430\u0432\u0449\u0438\u043a \u0445\u0438\u043c\u0438\u0447\u0435\u0441\u043a\u043e\u0439 \u043f\u0440\u043e\u0434\u0443\u043a\u0446\u0438\u0438. \u0425\u0440\u0430\u043d\u0435\u043d\u0438\u0435 \u0445\u0438\u043c\u0438\u0447\u0435\u0441\u043a\u0438\u0445 \u0432\u0435\u0449\u0435\u0441\u0442\u0432, \u043f\u0435\u0440\u0435\u0442\u0430\u0440\u043a\u0430, \u0442\u0440\u0430\u043d\u0441\u043f\u043e\u0440\u0442\u0438\u0440\u043e\u0432\u043a\u0430. \u0428\u0438\u0440\u043e\u043a\u0438\u0439 \u0432\u044b\u0431\u043e\u0440 \u0445\u0438\u043c\u0438\u0447\u0435\u0441\u043a\u043e\u0439 \u043f\u0440\u043e\u0434\u0443\u043a\u0446\u0438\u0438 \u0438 \u0443\u0441\u043b\u0443\u0433. \u0412\u044b\u0433\u043e\u0434\u043d\u044b\u0435 \u0446\u0435\u043d\u044b \u043d\u0430 \u0441\u044b\u0440\u044c\u0435. \u0414\u043e\u0441\u0442\u0430\u0432\u043a\u0430 \u0445\u0438\u043c\u0438\u043a\u0430\u0442\u043e\u0432 \u0432 \u0421\u043a\u0430\u043d\u0434\u0438\u043d\u0430\u0432\u0438\u044e, \u041f\u0440\u0438\u0431\u0430\u043b\u0442\u0438\u043a\u0443, \u0415\u0432\u0440\u043e\u043f\u0443.\" \/>\n<meta property=\"og:url\" content=\"https:\/\/masterchem.lv\/ru\/\" \/>\n<meta property=\"og:site_name\" content=\"\u0136\u012bmija r\u016bpniec\u012bbai &mdash; &Scaron;\u0137\u012bdin\u0101t\u0101ji un \u0137\u012bmisk\u0101s vielas &mdash; Masterchem.ee\" \/>\n<meta property=\"article:modified_time\" content=\"2023-03-30T13:28:56+00:00\" \/>\n<meta name=\"twitter:card\" content=\"summary_large_image\" \/>\n<meta name=\"twitter:label1\" content=\"\u041f\u0440\u0438\u043c\u0435\u0440\u043d\u043e\u0435 \u0432\u0440\u0435\u043c\u044f \u0434\u043b\u044f \u0447\u0442\u0435\u043d\u0438\u044f\" \/>\n\t<meta name=\"twitter:data1\" content=\"1 \u043c\u0438\u043d\u0443\u0442\u0430\" \/>\n<script type=\"application\/ld+json\" class=\"yoast-schema-graph\">{\"@context\":\"https:\\\/\\\/schema.org\",\"@graph\":[{\"@type\":\"WebPage\",\"@id\":\"https:\\\/\\\/masterchem.lv\\\/ru\\\/\",\"url\":\"https:\\\/\\\/masterchem.lv\\\/ru\\\/\",\"name\":\"\u0413\u043b\u0430\u0432\u043d\u0430\u044f \u0441\u0442\u0440\u0430\u043d\u0438\u0446\u0430 - \u0136\u012bmija r\u016bpniec\u012bbai &mdash; &Scaron;\u0137\u012bdin\u0101t\u0101ji un \u0137\u012bmisk\u0101s vielas &mdash; Masterchem.ee\",\"isPartOf\":{\"@id\":\"https:\\\/\\\/masterchem.lv\\\/ru\\\/#website\"},\"datePublished\":\"2017-11-20T08:39:56+00:00\",\"dateModified\":\"2023-03-30T13:28:56+00:00\",\"description\":\"Masterchem - \u043f\u0440\u043e\u0438\u0437\u0432\u043e\u0434\u0438\u0442\u0435\u043b\u044c \u0438 \u043f\u043e\u0441\u0442\u0430\u0432\u0449\u0438\u043a \u0445\u0438\u043c\u0438\u0447\u0435\u0441\u043a\u043e\u0439 \u043f\u0440\u043e\u0434\u0443\u043a\u0446\u0438\u0438. \u0425\u0440\u0430\u043d\u0435\u043d\u0438\u0435 \u0445\u0438\u043c\u0438\u0447\u0435\u0441\u043a\u0438\u0445 \u0432\u0435\u0449\u0435\u0441\u0442\u0432, \u043f\u0435\u0440\u0435\u0442\u0430\u0440\u043a\u0430, \u0442\u0440\u0430\u043d\u0441\u043f\u043e\u0440\u0442\u0438\u0440\u043e\u0432\u043a\u0430. \u0428\u0438\u0440\u043e\u043a\u0438\u0439 \u0432\u044b\u0431\u043e\u0440 \u0445\u0438\u043c\u0438\u0447\u0435\u0441\u043a\u043e\u0439 \u043f\u0440\u043e\u0434\u0443\u043a\u0446\u0438\u0438 \u0438 \u0443\u0441\u043b\u0443\u0433. \u0412\u044b\u0433\u043e\u0434\u043d\u044b\u0435 \u0446\u0435\u043d\u044b \u043d\u0430 \u0441\u044b\u0440\u044c\u0435. \u0414\u043e\u0441\u0442\u0430\u0432\u043a\u0430 \u0445\u0438\u043c\u0438\u043a\u0430\u0442\u043e\u0432 \u0432 \u0421\u043a\u0430\u043d\u0434\u0438\u043d\u0430\u0432\u0438\u044e, \u041f\u0440\u0438\u0431\u0430\u043b\u0442\u0438\u043a\u0443, \u0415\u0432\u0440\u043e\u043f\u0443.\",\"breadcrumb\":{\"@id\":\"https:\\\/\\\/masterchem.lv\\\/ru\\\/#breadcrumb\"},\"inLanguage\":\"ru-RU\",\"potentialAction\":[{\"@type\":\"ReadAction\",\"target\":[\"https:\\\/\\\/masterchem.lv\\\/ru\\\/\"]}]},{\"@type\":\"BreadcrumbList\",\"@id\":\"https:\\\/\\\/masterchem.lv\\\/ru\\\/#breadcrumb\",\"itemListElement\":[{\"@type\":\"ListItem\",\"position\":1,\"name\":\"Home\",\"item\":\"https:\\\/\\\/masterchem.lv\\\/ru\\\/\"},{\"@type\":\"ListItem\",\"position\":2,\"name\":\"\u0413\u043b\u0430\u0432\u043d\u0430\u044f \u0441\u0442\u0440\u0430\u043d\u0438\u0446\u0430\"}]},{\"@type\":\"WebSite\",\"@id\":\"https:\\\/\\\/masterchem.lv\\\/ru\\\/#website\",\"url\":\"https:\\\/\\\/masterchem.lv\\\/ru\\\/\",\"name\":\"\u0136\u012bmija r\u016bpniec\u012bbai &mdash; &Scaron;\u0137\u012bdin\u0101t\u0101ji un \u0137\u012bmisk\u0101s vielas &mdash; Masterchem.ee\",\"description\":\"\u0136\u012bmija r\u016bpniec\u012bbai&nbsp;&mdash; &scaron;\u0137\u012bdin\u0101t\u0101ji un \u0137\u012bmisk\u0101s vielas\",\"potentialAction\":[{\"@type\":\"SearchAction\",\"target\":{\"@type\":\"EntryPoint\",\"urlTemplate\":\"https:\\\/\\\/masterchem.lv\\\/ru\\\/?s={search_term_string}\"},\"query-input\":{\"@type\":\"PropertyValueSpecification\",\"valueRequired\":true,\"valueName\":\"search_term_string\"}}],\"inLanguage\":\"ru-RU\"}]}<\/script>\n<!-- \/ Yoast SEO plugin. -->","yoast_head_json":{"title":"\u0413\u043b\u0430\u0432\u043d\u0430\u044f \u0441\u0442\u0440\u0430\u043d\u0438\u0446\u0430 - \u0136\u012bmija r\u016bpniec\u012bbai &mdash; &Scaron;\u0137\u012bdin\u0101t\u0101ji un \u0137\u012bmisk\u0101s vielas &mdash; Masterchem.ee","description":"Masterchem - \u043f\u0440\u043e\u0438\u0437\u0432\u043e\u0434\u0438\u0442\u0435\u043b\u044c \u0438 \u043f\u043e\u0441\u0442\u0430\u0432\u0449\u0438\u043a \u0445\u0438\u043c\u0438\u0447\u0435\u0441\u043a\u043e\u0439 \u043f\u0440\u043e\u0434\u0443\u043a\u0446\u0438\u0438. \u0425\u0440\u0430\u043d\u0435\u043d\u0438\u0435 \u0445\u0438\u043c\u0438\u0447\u0435\u0441\u043a\u0438\u0445 \u0432\u0435\u0449\u0435\u0441\u0442\u0432, \u043f\u0435\u0440\u0435\u0442\u0430\u0440\u043a\u0430, \u0442\u0440\u0430\u043d\u0441\u043f\u043e\u0440\u0442\u0438\u0440\u043e\u0432\u043a\u0430. \u0428\u0438\u0440\u043e\u043a\u0438\u0439 \u0432\u044b\u0431\u043e\u0440 \u0445\u0438\u043c\u0438\u0447\u0435\u0441\u043a\u043e\u0439 \u043f\u0440\u043e\u0434\u0443\u043a\u0446\u0438\u0438 \u0438 \u0443\u0441\u043b\u0443\u0433. \u0412\u044b\u0433\u043e\u0434\u043d\u044b\u0435 \u0446\u0435\u043d\u044b \u043d\u0430 \u0441\u044b\u0440\u044c\u0435. \u0414\u043e\u0441\u0442\u0430\u0432\u043a\u0430 \u0445\u0438\u043c\u0438\u043a\u0430\u0442\u043e\u0432 \u0432 \u0421\u043a\u0430\u043d\u0434\u0438\u043d\u0430\u0432\u0438\u044e, \u041f\u0440\u0438\u0431\u0430\u043b\u0442\u0438\u043a\u0443, \u0415\u0432\u0440\u043e\u043f\u0443.","robots":{"index":"index","follow":"follow","max-snippet":"max-snippet:-1","max-image-preview":"max-image-preview:large","max-video-preview":"max-video-preview:-1"},"canonical":"https:\/\/masterchem.lv\/ru\/","og_locale":"ru_RU","og_type":"article","og_title":"\u0413\u043b\u0430\u0432\u043d\u0430\u044f \u0441\u0442\u0440\u0430\u043d\u0438\u0446\u0430 - \u0136\u012bmija r\u016bpniec\u012bbai &mdash; &Scaron;\u0137\u012bdin\u0101t\u0101ji un \u0137\u012bmisk\u0101s vielas &mdash; Masterchem.ee","og_description":"Masterchem - \u043f\u0440\u043e\u0438\u0437\u0432\u043e\u0434\u0438\u0442\u0435\u043b\u044c \u0438 \u043f\u043e\u0441\u0442\u0430\u0432\u0449\u0438\u043a \u0445\u0438\u043c\u0438\u0447\u0435\u0441\u043a\u043e\u0439 \u043f\u0440\u043e\u0434\u0443\u043a\u0446\u0438\u0438. \u0425\u0440\u0430\u043d\u0435\u043d\u0438\u0435 \u0445\u0438\u043c\u0438\u0447\u0435\u0441\u043a\u0438\u0445 \u0432\u0435\u0449\u0435\u0441\u0442\u0432, \u043f\u0435\u0440\u0435\u0442\u0430\u0440\u043a\u0430, \u0442\u0440\u0430\u043d\u0441\u043f\u043e\u0440\u0442\u0438\u0440\u043e\u0432\u043a\u0430. \u0428\u0438\u0440\u043e\u043a\u0438\u0439 \u0432\u044b\u0431\u043e\u0440 \u0445\u0438\u043c\u0438\u0447\u0435\u0441\u043a\u043e\u0439 \u043f\u0440\u043e\u0434\u0443\u043a\u0446\u0438\u0438 \u0438 \u0443\u0441\u043b\u0443\u0433. \u0412\u044b\u0433\u043e\u0434\u043d\u044b\u0435 \u0446\u0435\u043d\u044b \u043d\u0430 \u0441\u044b\u0440\u044c\u0435. \u0414\u043e\u0441\u0442\u0430\u0432\u043a\u0430 \u0445\u0438\u043c\u0438\u043a\u0430\u0442\u043e\u0432 \u0432 \u0421\u043a\u0430\u043d\u0434\u0438\u043d\u0430\u0432\u0438\u044e, \u041f\u0440\u0438\u0431\u0430\u043b\u0442\u0438\u043a\u0443, \u0415\u0432\u0440\u043e\u043f\u0443.","og_url":"https:\/\/masterchem.lv\/ru\/","og_site_name":"\u0136\u012bmija r\u016bpniec\u012bbai &mdash; &Scaron;\u0137\u012bdin\u0101t\u0101ji un \u0137\u012bmisk\u0101s vielas &mdash; Masterchem.ee","article_modified_time":"2023-03-30T13:28:56+00:00","twitter_card":"summary_large_image","twitter_misc":{"\u041f\u0440\u0438\u043c\u0435\u0440\u043d\u043e\u0435 \u0432\u0440\u0435\u043c\u044f \u0434\u043b\u044f \u0447\u0442\u0435\u043d\u0438\u044f":"1 \u043c\u0438\u043d\u0443\u0442\u0430"},"schema":{"@context":"https:\/\/schema.org","@graph":[{"@type":"WebPage","@id":"https:\/\/masterchem.lv\/ru\/","url":"https:\/\/masterchem.lv\/ru\/","name":"\u0413\u043b\u0430\u0432\u043d\u0430\u044f \u0441\u0442\u0440\u0430\u043d\u0438\u0446\u0430 - \u0136\u012bmija r\u016bpniec\u012bbai &mdash; &Scaron;\u0137\u012bdin\u0101t\u0101ji un \u0137\u012bmisk\u0101s vielas &mdash; Masterchem.ee","isPartOf":{"@id":"https:\/\/masterchem.lv\/ru\/#website"},"datePublished":"2017-11-20T08:39:56+00:00","dateModified":"2023-03-30T13:28:56+00:00","description":"Masterchem - \u043f\u0440\u043e\u0438\u0437\u0432\u043e\u0434\u0438\u0442\u0435\u043b\u044c \u0438 \u043f\u043e\u0441\u0442\u0430\u0432\u0449\u0438\u043a \u0445\u0438\u043c\u0438\u0447\u0435\u0441\u043a\u043e\u0439 \u043f\u0440\u043e\u0434\u0443\u043a\u0446\u0438\u0438. \u0425\u0440\u0430\u043d\u0435\u043d\u0438\u0435 \u0445\u0438\u043c\u0438\u0447\u0435\u0441\u043a\u0438\u0445 \u0432\u0435\u0449\u0435\u0441\u0442\u0432, \u043f\u0435\u0440\u0435\u0442\u0430\u0440\u043a\u0430, \u0442\u0440\u0430\u043d\u0441\u043f\u043e\u0440\u0442\u0438\u0440\u043e\u0432\u043a\u0430. \u0428\u0438\u0440\u043e\u043a\u0438\u0439 \u0432\u044b\u0431\u043e\u0440 \u0445\u0438\u043c\u0438\u0447\u0435\u0441\u043a\u043e\u0439 \u043f\u0440\u043e\u0434\u0443\u043a\u0446\u0438\u0438 \u0438 \u0443\u0441\u043b\u0443\u0433. \u0412\u044b\u0433\u043e\u0434\u043d\u044b\u0435 \u0446\u0435\u043d\u044b \u043d\u0430 \u0441\u044b\u0440\u044c\u0435. \u0414\u043e\u0441\u0442\u0430\u0432\u043a\u0430 \u0445\u0438\u043c\u0438\u043a\u0430\u0442\u043e\u0432 \u0432 \u0421\u043a\u0430\u043d\u0434\u0438\u043d\u0430\u0432\u0438\u044e, \u041f\u0440\u0438\u0431\u0430\u043b\u0442\u0438\u043a\u0443, \u0415\u0432\u0440\u043e\u043f\u0443.","breadcrumb":{"@id":"https:\/\/masterchem.lv\/ru\/#breadcrumb"},"inLanguage":"ru-RU","potentialAction":[{"@type":"ReadAction","target":["https:\/\/masterchem.lv\/ru\/"]}]},{"@type":"BreadcrumbList","@id":"https:\/\/masterchem.lv\/ru\/#breadcrumb","itemListElement":[{"@type":"ListItem","position":1,"name":"Home","item":"https:\/\/masterchem.lv\/ru\/"},{"@type":"ListItem","position":2,"name":"\u0413\u043b\u0430\u0432\u043d\u0430\u044f \u0441\u0442\u0440\u0430\u043d\u0438\u0446\u0430"}]},{"@type":"WebSite","@id":"https:\/\/masterchem.lv\/ru\/#website","url":"https:\/\/masterchem.lv\/ru\/","name":"\u0136\u012bmija r\u016bpniec\u012bbai &mdash; &Scaron;\u0137\u012bdin\u0101t\u0101ji un \u0137\u012bmisk\u0101s vielas &mdash; Masterchem.ee","description":"\u0136\u012bmija r\u016bpniec\u012bbai&nbsp;&mdash; &scaron;\u0137\u012bdin\u0101t\u0101ji un \u0137\u012bmisk\u0101s vielas","potentialAction":[{"@type":"SearchAction","target":{"@type":"EntryPoint","urlTemplate":"https:\/\/masterchem.lv\/ru\/?s={search_term_string}"},"query-input":{"@type":"PropertyValueSpecification","valueRequired":true,"valueName":"search_term_string"}}],"inLanguage":"ru-RU"}]}},"_links":{"self":[{"href":"https:\/\/masterchem.lv\/ru\/wp-json\/wp\/v2\/pages\/11966","targetHints":{"allow":["GET"]}}],"collection":[{"href":"https:\/\/masterchem.lv\/ru\/wp-json\/wp\/v2\/pages"}],"about":[{"href":"https:\/\/masterchem.lv\/ru\/wp-json\/wp\/v2\/types\/page"}],"author":[{"embeddable":true,"href":"https:\/\/masterchem.lv\/ru\/wp-json\/wp\/v2\/users\/2"}],"replies":[{"embeddable":true,"href":"https:\/\/masterchem.lv\/ru\/wp-json\/wp\/v2\/comments?post=11966"}],"version-history":[{"count":5,"href":"https:\/\/masterchem.lv\/ru\/wp-json\/wp\/v2\/pages\/11966\/revisions"}],"predecessor-version":[{"id":13159,"href":"https:\/\/masterchem.lv\/ru\/wp-json\/wp\/v2\/pages\/11966\/revisions\/13159"}],"wp:attachment":[{"href":"https:\/\/masterchem.lv\/ru\/wp-json\/wp\/v2\/media?parent=11966"}],"curies":[{"name":"wp","href":"https:\/\/api.w.org\/{rel}","templated":true}]}}