{"id":12005,"date":"2022-12-13T16:20:43","date_gmt":"2022-12-13T16:20:43","guid":{"rendered":"https:\/\/masterchem.lv\/masterchem-%d0%b4%d1%80%d1%83%d0%b6%d0%b5%d0%bb%d1%8e%d0%b1%d0%bd%d0%b0%d1%8f-%d1%85%d0%b8%d0%bc%d0%b8%d1%8f\/"},"modified":"2023-03-16T11:16:20","modified_gmt":"2023-03-16T11:16:20","slug":"masterchem-%d0%b4%d1%80%d1%83%d0%b6%d0%b5%d0%bb%d1%8e%d0%b1%d0%bd%d0%b0%d1%8f-%d1%85%d0%b8%d0%bc%d0%b8%d1%8f","status":"publish","type":"page","link":"https:\/\/masterchem.lv\/ru\/masterchem-%d0%b4%d1%80%d1%83%d0%b6%d0%b5%d0%bb%d1%8e%d0%b1%d0%bd%d0%b0%d1%8f-%d1%85%d0%b8%d0%bc%d0%b8%d1%8f\/","title":{"rendered":"Masterchem: \u0434\u0440\u0443\u0436\u0435\u043b\u044e\u0431\u043d\u0430\u044f \u0445\u0438\u043c\u0438\u044f"},"content":{"rendered":"<p>[vc_row][vc_column][vc_custom_heading text=&#187;Masterchem: \u0434\u0440\u0443\u0436\u0435\u043b\u044e\u0431\u043d\u0430\u044f \u0445\u0438\u043c\u0438\u044f&#187; font_container=&#187;tag:h3|text_align:left&#187; use_theme_fonts=&#187;yes&#187;][vc_column_text]\u0414\u043e\u0431\u0440\u043e \u043f\u043e\u0436\u0430\u043b\u043e\u0432\u0430\u0442\u044c \u043d\u0430 \u043d\u0430\u0448 \u0441\u0430\u0439\u0442, \u0433\u043e\u0432\u043e\u0440\u0438\u0442 Masterchem \u2014 \u0433\u043b\u0430\u0432\u043d\u044b\u0439 \u044d\u0441\u0442\u043e\u043d\u0441\u043a\u0438\u0439 \u043f\u043e\u0441\u0442\u0430\u0432\u0449\u0438\u043a \u043f\u0440\u043e\u043c\u044b\u0448\u043b\u0435\u043d\u043d\u044b\u0445 \u0445\u0438\u043c\u0438\u043a\u0430\u0442\u043e\u0432. \u041f\u043e\u0447\u0435\u043c\u0443 \u00ab\u0434\u0440\u0443\u0436\u0435\u043b\u044e\u0431\u043d\u0430\u044f \u0445\u0438\u043c\u0438\u044f\u00bb? \u041f\u0440\u0435\u0436\u0434\u0435 \u0432\u0441\u0435\u0433\u043e, \u043c\u044b \u0437\u0430\u0431\u043e\u0442\u0438\u043c\u0441\u044f \u043e\u0431 \u043e\u043a\u0440\u0443\u0436\u0430\u044e\u0449\u0435\u0439 \u0441\u0440\u0435\u0434\u0435, \u0438 \u043d\u0430\u0448\u0438 \u043f\u0440\u043e\u0434\u0443\u043a\u0442\u044b \u0438\u043c\u0435\u044e\u0442 \u0445\u043e\u0440\u043e\u0448\u0438\u0435 \u0445\u0430\u0440\u0430\u043a\u0442\u0435\u0440\u0438\u0441\u0442\u0438\u043a\u0438 \u0441 \u0442\u043e\u0447\u043a\u0438 \u0437\u0440\u0435\u043d\u0438\u044f \u044d\u043a\u043e\u043b\u043e\u0433\u0438\u0438. \u0412\u043e-\u0432\u0442\u043e\u0440\u044b\u0445 \u2014 \u043c\u044b \u0443\u0441\u0442\u0430\u043d\u0430\u0432\u043b\u0438\u0432\u0430\u0435\u043c \u0434\u0435\u0439\u0441\u0442\u0432\u0438\u0442\u0435\u043b\u044c\u043d\u043e \u0434\u0440\u0443\u0436\u0435\u0441\u043a\u0438\u0435 \u0446\u0435\u043d\u044b \u043d\u0430 \u043d\u0430\u0448\u0438 \u043f\u0440\u043e\u0434\u0443\u043a\u0442\u044b![\/vc_column_text][vc_custom_heading text=&#187;\u041f\u0430\u0440\u0442\u043d\u0435\u0440\u0441\u0442\u0432\u043e \u0441 Masterchem \u0432\u044b\u0433\u043e\u0434\u043d\u043e \u0438 \u043d\u0430\u0434\u0435\u0436\u043d\u043e!&#187; font_container=&#187;tag:h3|text_align:left&#187; use_theme_fonts=&#187;yes&#187;][vc_column_text]\u0412\u044b\u0431\u0438\u0440\u0430\u0435\u043c \u0438 \u043f\u0440\u0438\u043e\u0431\u0440\u0435\u0442\u0430\u0435\u043c \u0442\u043e\u043b\u044c\u043a\u043e \u043a\u0430\u0447\u0435\u0441\u0442\u0432\u0435\u043d\u043d\u0443\u044e \u043f\u0440\u043e\u0434\u0443\u043a\u0446\u0438\u044e \u0434\u043b\u044f \u0412\u0430\u0441 \u043f\u043e \u0432\u0441\u0435\u043c\u0443 \u043c\u0438\u0440\u0443. \u041c\u044b \u043e\u0442\u0431\u0438\u0440\u0430\u0435\u043c \u0442\u043e\u043b\u044c\u043a\u043e \u0441\u0430\u043c\u043e\u0435 \u043b\u0443\u0447\u0448\u0435\u0435. \u0417\u0430 \u043c\u043d\u043e\u0433\u043e \u043b\u0435\u0442 \u0430\u043a\u0442\u0438\u0432\u043d\u043e\u0433\u043e \u0438\u0441\u0441\u043b\u0435\u0434\u043e\u0432\u0430\u043d\u0438\u044f \u0440\u044b\u043d\u043a\u0430 \u0438 \u0440\u0430\u0431\u043e\u0442\u044b \u0432 \u044d\u0442\u043e\u0439 \u0441\u0444\u0435\u0440\u0435 \u043c\u044b \u0441\u043c\u043e\u0433\u043b\u0438 \u043d\u0430\u043b\u0430\u0434\u0438\u0442\u044c \u043f\u0440\u044f\u043c\u044b\u0435 \u043f\u043e\u0441\u0442\u0430\u0432\u043a\u0438 \u043e\u0442 \u043d\u0435\u043f\u043e\u0441\u0440\u0435\u0434\u0441\u0442\u0432\u0435\u043d\u043d\u044b\u0445 \u043f\u0440\u043e\u0438\u0437\u0432\u043e\u0434\u0438\u0442\u0435\u043b\u0435\u0439 \u0445\u0438\u043c\u0438\u0447\u0435\u0441\u043a\u043e\u0433\u043e \u0441\u044b\u0440\u044c\u044f. \u0418\u043c\u0435\u043d\u043d\u043e \u043f\u043e\u044d\u0442\u043e\u043c\u0443 \u043f\u0440\u0435\u0434\u043b\u0430\u0433\u0430\u0435\u043c\u0430\u044f \u043d\u0430\u043c\u0438 \u043f\u0440\u043e\u0434\u0443\u043a\u0446\u0438\u044f \u0438\u043c\u0435\u0435\u0442 \u043b\u0443\u0447\u0448\u0438\u0435 \u0446\u0435\u043d\u044b \u043d\u0430 \u0440\u044b\u043d\u043a\u0435 \u043f\u0440\u043e\u043c\u044b\u0448\u043b\u0435\u043d\u043d\u044b\u0445 \u0445\u0438\u043c\u0438\u043a\u0430\u0442\u043e\u0432.[\/vc_column_text][vc_custom_heading text=&#187;Masterchem \u043f\u0440\u0435\u0434\u043b\u0430\u0433\u0430\u0435\u0442 \u0445\u0438\u043c\u0438\u0447\u0435\u0441\u043a\u043e\u0435 \u0441\u044b\u0440\u044c\u0451 \u043d\u0430 \u0440\u0435\u0433\u0443\u043b\u044f\u0440\u043d\u043e\u0439 \u043e\u0441\u043d\u043e\u0432\u0435:&#187; font_container=&#187;tag:h3|text_align:left&#187; use_theme_fonts=&#187;yes&#187;][vc_column_text]<\/p>\n<ul>\n<li>\u0430\u0446\u0435\u0442\u043e\u043d<\/li>\n<li>\u0440\u0430\u0441\u0442\u0432\u043e\u0440\u0438\u0442\u0435\u043b\u0438<\/li>\n<li>\u0440\u0430\u0441\u0442\u0432\u043e\u0440\u0438\u0442\u0435\u043b\u0438 \u043a\u0440\u0430\u0441\u043a\u0438<\/li>\n<li>\u043c\u0435\u0442\u0430\u043d\u043e\u043b<\/li>\n<li>\u044d\u0442\u0430\u043d\u043e\u043b<\/li>\n<li>\u0438\u0437\u043e\u043f\u0440\u043e\u043f\u0438\u043b\u043e\u0432\u044b\u0439 \u0441\u043f\u0438\u0440\u0442<\/li>\n<li>\u043c\u0435\u0431\u0435\u043b\u044c\u043d\u044b\u0435 \u043b\u0430\u043a\u0438<\/li>\n<li>\u0438 \u0434\u0440<\/li>\n<\/ul>\n<p>[\/vc_column_text][\/vc_column][\/vc_row]<\/p>\n","protected":false},"excerpt":{"rendered":"<p>[vc_row][vc_column][vc_custom_heading text=&#187;Masterchem: \u0434\u0440\u0443\u0436\u0435\u043b\u044e\u0431\u043d\u0430\u044f \u0445\u0438\u043c\u0438\u044f&#187; font_container=&#187;tag:h3|text_align:left&#187; use_theme_fonts=&#187;yes&#187;][vc_column_text]\u0414\u043e\u0431\u0440\u043e \u043f\u043e\u0436\u0430\u043b\u043e\u0432\u0430\u0442\u044c \u043d\u0430 \u043d\u0430\u0448 \u0441\u0430\u0439\u0442, \u0433\u043e\u0432\u043e\u0440\u0438\u0442 Masterchem \u2014 \u0433\u043b\u0430\u0432\u043d\u044b\u0439 \u044d\u0441\u0442\u043e\u043d\u0441\u043a\u0438\u0439 \u043f\u043e\u0441\u0442\u0430\u0432\u0449\u0438\u043a \u043f\u0440\u043e\u043c\u044b\u0448\u043b\u0435\u043d\u043d\u044b\u0445 \u0445\u0438\u043c\u0438\u043a\u0430\u0442\u043e\u0432. \u041f\u043e\u0447\u0435\u043c\u0443 \u00ab\u0434\u0440\u0443\u0436\u0435\u043b\u044e\u0431\u043d\u0430\u044f \u0445\u0438\u043c\u0438\u044f\u00bb? \u041f\u0440\u0435\u0436\u0434\u0435 \u0432\u0441\u0435\u0433\u043e, \u043c\u044b \u0437\u0430\u0431\u043e\u0442\u0438\u043c\u0441\u044f \u043e\u0431 \u043e\u043a\u0440\u0443\u0436\u0430\u044e\u0449\u0435\u0439 \u0441\u0440\u0435\u0434\u0435, \u0438 \u043d\u0430\u0448\u0438 \u043f\u0440\u043e\u0434\u0443\u043a\u0442\u044b \u0438\u043c\u0435\u044e\u0442 \u0445\u043e\u0440\u043e\u0448\u0438\u0435 \u0445\u0430\u0440\u0430\u043a\u0442\u0435\u0440\u0438\u0441\u0442\u0438\u043a\u0438 \u0441 \u0442\u043e\u0447\u043a\u0438 \u0437\u0440\u0435\u043d\u0438\u044f \u044d\u043a\u043e\u043b\u043e\u0433\u0438\u0438. \u0412\u043e-\u0432\u0442\u043e\u0440\u044b\u0445 \u2014 \u043c\u044b \u0443\u0441\u0442\u0430\u043d\u0430\u0432\u043b\u0438\u0432\u0430\u0435\u043c \u0434\u0435\u0439\u0441\u0442\u0432\u0438\u0442\u0435\u043b\u044c\u043d\u043e \u0434\u0440\u0443\u0436\u0435\u0441\u043a\u0438\u0435 \u0446\u0435\u043d\u044b \u043d\u0430 \u043d\u0430\u0448\u0438 \u043f\u0440\u043e\u0434\u0443\u043a\u0442\u044b![\/vc_column_text][vc_custom_heading text=&#187;\u041f\u0430\u0440\u0442\u043d\u0435\u0440\u0441\u0442\u0432\u043e \u0441 Masterchem \u0432\u044b\u0433\u043e\u0434\u043d\u043e \u0438 \u043d\u0430\u0434\u0435\u0436\u043d\u043e!&#187; font_container=&#187;tag:h3|text_align:left&#187; &hellip; <br \/><a href=\"https:\/\/masterchem.lv\/ru\/masterchem-%d0%b4%d1%80%d1%83%d0%b6%d0%b5%d0%bb%d1%8e%d0%b1%d0%bd%d0%b0%d1%8f-%d1%85%d0%b8%d0%bc%d0%b8%d1%8f\/\" class=\"more-link\">Continue reading <span class=\"screen-reader-text\">Masterchem: \u0434\u0440\u0443\u0436\u0435\u043b\u044e\u0431\u043d\u0430\u044f \u0445\u0438\u043c\u0438\u044f<\/span><\/a><\/p>\n","protected":false},"author":1,"featured_media":0,"parent":0,"menu_order":0,"comment_status":"closed","ping_status":"open","template":"","meta":{"_monsterinsights_skip_tracking":false,"_monsterinsights_sitenote_active":false,"_monsterinsights_sitenote_note":"","_monsterinsights_sitenote_category":0,"footnotes":""},"class_list":["post-12005","page","type-page","status-publish","hentry"],"yoast_head":"<!-- This site is optimized with the Yoast SEO plugin v27.4 - https:\/\/yoast.com\/product\/yoast-seo-wordpress\/ -->\n<title>Masterchem: \u0434\u0440\u0443\u0436\u0435\u043b\u044e\u0431\u043d\u0430\u044f \u0445\u0438\u043c\u0438\u044f - \u0136\u012bmija r\u016bpniec\u012bbai &mdash; &Scaron;\u0137\u012bdin\u0101t\u0101ji un \u0137\u012bmisk\u0101s vielas &mdash; Masterchem.ee<\/title>\n<meta name=\"description\" content=\"\u041f\u0440\u043e\u0438\u0437\u0432\u043e\u0434\u0441\u0442\u0432\u043e \u0445\u0438\u043c\u0438\u043a\u0430\u0442\u043e\u0432. \u041f\u0440\u044f\u043c\u044b\u0435 \u043f\u043e\u0441\u0442\u0430\u0432\u043a\u0438 \u0445\u0438\u043c\u0438\u0447\u0435\u0441\u043a\u043e\u0433\u043e \u0441\u044b\u0440\u044c\u044f \u043e\u0442 \u043f\u0440\u043e\u0438\u0437\u0432\u043e\u0434\u0438\u0442\u0435\u043b\u0435\u0439. \u0414\u043e\u0441\u0442\u0430\u0432\u043a\u0430 \u0445\u0438\u043c\u0438\u0438 \u0432 \u0421\u043a\u0430\u043d\u0434\u0438\u043d\u0430\u0432\u0438\u044e, \u0415\u0432\u0440\u043e\u043f\u0443, \u041f\u0440\u0438\u0431\u0430\u043b\u0442\u0438\u043a\u0443.\" \/>\n<meta name=\"robots\" content=\"index, follow, max-snippet:-1, max-image-preview:large, max-video-preview:-1\" \/>\n<link rel=\"canonical\" href=\"https:\/\/masterchem.lv\/ru\/masterchem-%d0%b4%d1%80%d1%83%d0%b6%d0%b5%d0%bb%d1%8e%d0%b1%d0%bd%d0%b0%d1%8f-%d1%85%d0%b8%d0%bc%d0%b8%d1%8f\/\" \/>\n<meta property=\"og:locale\" content=\"ru_RU\" \/>\n<meta property=\"og:type\" content=\"article\" \/>\n<meta property=\"og:title\" content=\"Masterchem: \u0434\u0440\u0443\u0436\u0435\u043b\u044e\u0431\u043d\u0430\u044f \u0445\u0438\u043c\u0438\u044f - \u0136\u012bmija r\u016bpniec\u012bbai &mdash; &Scaron;\u0137\u012bdin\u0101t\u0101ji un \u0137\u012bmisk\u0101s vielas &mdash; Masterchem.ee\" \/>\n<meta property=\"og:description\" content=\"\u041f\u0440\u043e\u0438\u0437\u0432\u043e\u0434\u0441\u0442\u0432\u043e \u0445\u0438\u043c\u0438\u043a\u0430\u0442\u043e\u0432. \u041f\u0440\u044f\u043c\u044b\u0435 \u043f\u043e\u0441\u0442\u0430\u0432\u043a\u0438 \u0445\u0438\u043c\u0438\u0447\u0435\u0441\u043a\u043e\u0433\u043e \u0441\u044b\u0440\u044c\u044f \u043e\u0442 \u043f\u0440\u043e\u0438\u0437\u0432\u043e\u0434\u0438\u0442\u0435\u043b\u0435\u0439. \u0414\u043e\u0441\u0442\u0430\u0432\u043a\u0430 \u0445\u0438\u043c\u0438\u0438 \u0432 \u0421\u043a\u0430\u043d\u0434\u0438\u043d\u0430\u0432\u0438\u044e, \u0415\u0432\u0440\u043e\u043f\u0443, \u041f\u0440\u0438\u0431\u0430\u043b\u0442\u0438\u043a\u0443.\" \/>\n<meta property=\"og:url\" content=\"https:\/\/masterchem.lv\/ru\/masterchem-%d0%b4%d1%80%d1%83%d0%b6%d0%b5%d0%bb%d1%8e%d0%b1%d0%bd%d0%b0%d1%8f-%d1%85%d0%b8%d0%bc%d0%b8%d1%8f\/\" \/>\n<meta property=\"og:site_name\" content=\"\u0136\u012bmija r\u016bpniec\u012bbai &mdash; &Scaron;\u0137\u012bdin\u0101t\u0101ji un \u0137\u012bmisk\u0101s vielas &mdash; Masterchem.ee\" \/>\n<meta property=\"article:modified_time\" content=\"2023-03-16T11:16:20+00:00\" \/>\n<meta name=\"twitter:card\" content=\"summary_large_image\" \/>\n<script type=\"application\/ld+json\" class=\"yoast-schema-graph\">{\"@context\":\"https:\\\/\\\/schema.org\",\"@graph\":[{\"@type\":\"WebPage\",\"@id\":\"https:\\\/\\\/masterchem.lv\\\/ru\\\/masterchem-%d0%b4%d1%80%d1%83%d0%b6%d0%b5%d0%bb%d1%8e%d0%b1%d0%bd%d0%b0%d1%8f-%d1%85%d0%b8%d0%bc%d0%b8%d1%8f\\\/\",\"url\":\"https:\\\/\\\/masterchem.lv\\\/ru\\\/masterchem-%d0%b4%d1%80%d1%83%d0%b6%d0%b5%d0%bb%d1%8e%d0%b1%d0%bd%d0%b0%d1%8f-%d1%85%d0%b8%d0%bc%d0%b8%d1%8f\\\/\",\"name\":\"Masterchem: \u0434\u0440\u0443\u0436\u0435\u043b\u044e\u0431\u043d\u0430\u044f \u0445\u0438\u043c\u0438\u044f - \u0136\u012bmija r\u016bpniec\u012bbai &mdash; &Scaron;\u0137\u012bdin\u0101t\u0101ji un \u0137\u012bmisk\u0101s vielas &mdash; Masterchem.ee\",\"isPartOf\":{\"@id\":\"https:\\\/\\\/masterchem.lv\\\/ru\\\/#website\"},\"datePublished\":\"2022-12-13T16:20:43+00:00\",\"dateModified\":\"2023-03-16T11:16:20+00:00\",\"description\":\"\u041f\u0440\u043e\u0438\u0437\u0432\u043e\u0434\u0441\u0442\u0432\u043e \u0445\u0438\u043c\u0438\u043a\u0430\u0442\u043e\u0432. \u041f\u0440\u044f\u043c\u044b\u0435 \u043f\u043e\u0441\u0442\u0430\u0432\u043a\u0438 \u0445\u0438\u043c\u0438\u0447\u0435\u0441\u043a\u043e\u0433\u043e \u0441\u044b\u0440\u044c\u044f \u043e\u0442 \u043f\u0440\u043e\u0438\u0437\u0432\u043e\u0434\u0438\u0442\u0435\u043b\u0435\u0439. \u0414\u043e\u0441\u0442\u0430\u0432\u043a\u0430 \u0445\u0438\u043c\u0438\u0438 \u0432 \u0421\u043a\u0430\u043d\u0434\u0438\u043d\u0430\u0432\u0438\u044e, \u0415\u0432\u0440\u043e\u043f\u0443, \u041f\u0440\u0438\u0431\u0430\u043b\u0442\u0438\u043a\u0443.\",\"breadcrumb\":{\"@id\":\"https:\\\/\\\/masterchem.lv\\\/ru\\\/masterchem-%d0%b4%d1%80%d1%83%d0%b6%d0%b5%d0%bb%d1%8e%d0%b1%d0%bd%d0%b0%d1%8f-%d1%85%d0%b8%d0%bc%d0%b8%d1%8f\\\/#breadcrumb\"},\"inLanguage\":\"ru-RU\",\"potentialAction\":[{\"@type\":\"ReadAction\",\"target\":[\"https:\\\/\\\/masterchem.lv\\\/ru\\\/masterchem-%d0%b4%d1%80%d1%83%d0%b6%d0%b5%d0%bb%d1%8e%d0%b1%d0%bd%d0%b0%d1%8f-%d1%85%d0%b8%d0%bc%d0%b8%d1%8f\\\/\"]}]},{\"@type\":\"BreadcrumbList\",\"@id\":\"https:\\\/\\\/masterchem.lv\\\/ru\\\/masterchem-%d0%b4%d1%80%d1%83%d0%b6%d0%b5%d0%bb%d1%8e%d0%b1%d0%bd%d0%b0%d1%8f-%d1%85%d0%b8%d0%bc%d0%b8%d1%8f\\\/#breadcrumb\",\"itemListElement\":[{\"@type\":\"ListItem\",\"position\":1,\"name\":\"Home\",\"item\":\"https:\\\/\\\/masterchem.lv\\\/ru\\\/\"},{\"@type\":\"ListItem\",\"position\":2,\"name\":\"Masterchem: \u0434\u0440\u0443\u0436\u0435\u043b\u044e\u0431\u043d\u0430\u044f \u0445\u0438\u043c\u0438\u044f\"}]},{\"@type\":\"WebSite\",\"@id\":\"https:\\\/\\\/masterchem.lv\\\/ru\\\/#website\",\"url\":\"https:\\\/\\\/masterchem.lv\\\/ru\\\/\",\"name\":\"\u0136\u012bmija r\u016bpniec\u012bbai &mdash; &Scaron;\u0137\u012bdin\u0101t\u0101ji un \u0137\u012bmisk\u0101s vielas &mdash; Masterchem.ee\",\"description\":\"\u0136\u012bmija r\u016bpniec\u012bbai&nbsp;&mdash; &scaron;\u0137\u012bdin\u0101t\u0101ji un \u0137\u012bmisk\u0101s vielas\",\"potentialAction\":[{\"@type\":\"SearchAction\",\"target\":{\"@type\":\"EntryPoint\",\"urlTemplate\":\"https:\\\/\\\/masterchem.lv\\\/ru\\\/?s={search_term_string}\"},\"query-input\":{\"@type\":\"PropertyValueSpecification\",\"valueRequired\":true,\"valueName\":\"search_term_string\"}}],\"inLanguage\":\"ru-RU\"}]}<\/script>\n<!-- \/ Yoast SEO plugin. -->","yoast_head_json":{"title":"Masterchem: \u0434\u0440\u0443\u0436\u0435\u043b\u044e\u0431\u043d\u0430\u044f \u0445\u0438\u043c\u0438\u044f - \u0136\u012bmija r\u016bpniec\u012bbai &mdash; &Scaron;\u0137\u012bdin\u0101t\u0101ji un \u0137\u012bmisk\u0101s vielas &mdash; Masterchem.ee","description":"\u041f\u0440\u043e\u0438\u0437\u0432\u043e\u0434\u0441\u0442\u0432\u043e \u0445\u0438\u043c\u0438\u043a\u0430\u0442\u043e\u0432. \u041f\u0440\u044f\u043c\u044b\u0435 \u043f\u043e\u0441\u0442\u0430\u0432\u043a\u0438 \u0445\u0438\u043c\u0438\u0447\u0435\u0441\u043a\u043e\u0433\u043e \u0441\u044b\u0440\u044c\u044f \u043e\u0442 \u043f\u0440\u043e\u0438\u0437\u0432\u043e\u0434\u0438\u0442\u0435\u043b\u0435\u0439. \u0414\u043e\u0441\u0442\u0430\u0432\u043a\u0430 \u0445\u0438\u043c\u0438\u0438 \u0432 \u0421\u043a\u0430\u043d\u0434\u0438\u043d\u0430\u0432\u0438\u044e, \u0415\u0432\u0440\u043e\u043f\u0443, \u041f\u0440\u0438\u0431\u0430\u043b\u0442\u0438\u043a\u0443.","robots":{"index":"index","follow":"follow","max-snippet":"max-snippet:-1","max-image-preview":"max-image-preview:large","max-video-preview":"max-video-preview:-1"},"canonical":"https:\/\/masterchem.lv\/ru\/masterchem-%d0%b4%d1%80%d1%83%d0%b6%d0%b5%d0%bb%d1%8e%d0%b1%d0%bd%d0%b0%d1%8f-%d1%85%d0%b8%d0%bc%d0%b8%d1%8f\/","og_locale":"ru_RU","og_type":"article","og_title":"Masterchem: \u0434\u0440\u0443\u0436\u0435\u043b\u044e\u0431\u043d\u0430\u044f \u0445\u0438\u043c\u0438\u044f - \u0136\u012bmija r\u016bpniec\u012bbai &mdash; &Scaron;\u0137\u012bdin\u0101t\u0101ji un \u0137\u012bmisk\u0101s vielas &mdash; Masterchem.ee","og_description":"\u041f\u0440\u043e\u0438\u0437\u0432\u043e\u0434\u0441\u0442\u0432\u043e \u0445\u0438\u043c\u0438\u043a\u0430\u0442\u043e\u0432. \u041f\u0440\u044f\u043c\u044b\u0435 \u043f\u043e\u0441\u0442\u0430\u0432\u043a\u0438 \u0445\u0438\u043c\u0438\u0447\u0435\u0441\u043a\u043e\u0433\u043e \u0441\u044b\u0440\u044c\u044f \u043e\u0442 \u043f\u0440\u043e\u0438\u0437\u0432\u043e\u0434\u0438\u0442\u0435\u043b\u0435\u0439. \u0414\u043e\u0441\u0442\u0430\u0432\u043a\u0430 \u0445\u0438\u043c\u0438\u0438 \u0432 \u0421\u043a\u0430\u043d\u0434\u0438\u043d\u0430\u0432\u0438\u044e, \u0415\u0432\u0440\u043e\u043f\u0443, \u041f\u0440\u0438\u0431\u0430\u043b\u0442\u0438\u043a\u0443.","og_url":"https:\/\/masterchem.lv\/ru\/masterchem-%d0%b4%d1%80%d1%83%d0%b6%d0%b5%d0%bb%d1%8e%d0%b1%d0%bd%d0%b0%d1%8f-%d1%85%d0%b8%d0%bc%d0%b8%d1%8f\/","og_site_name":"\u0136\u012bmija r\u016bpniec\u012bbai &mdash; &Scaron;\u0137\u012bdin\u0101t\u0101ji un \u0137\u012bmisk\u0101s vielas &mdash; Masterchem.ee","article_modified_time":"2023-03-16T11:16:20+00:00","twitter_card":"summary_large_image","schema":{"@context":"https:\/\/schema.org","@graph":[{"@type":"WebPage","@id":"https:\/\/masterchem.lv\/ru\/masterchem-%d0%b4%d1%80%d1%83%d0%b6%d0%b5%d0%bb%d1%8e%d0%b1%d0%bd%d0%b0%d1%8f-%d1%85%d0%b8%d0%bc%d0%b8%d1%8f\/","url":"https:\/\/masterchem.lv\/ru\/masterchem-%d0%b4%d1%80%d1%83%d0%b6%d0%b5%d0%bb%d1%8e%d0%b1%d0%bd%d0%b0%d1%8f-%d1%85%d0%b8%d0%bc%d0%b8%d1%8f\/","name":"Masterchem: \u0434\u0440\u0443\u0436\u0435\u043b\u044e\u0431\u043d\u0430\u044f \u0445\u0438\u043c\u0438\u044f - \u0136\u012bmija r\u016bpniec\u012bbai &mdash; &Scaron;\u0137\u012bdin\u0101t\u0101ji un \u0137\u012bmisk\u0101s vielas &mdash; Masterchem.ee","isPartOf":{"@id":"https:\/\/masterchem.lv\/ru\/#website"},"datePublished":"2022-12-13T16:20:43+00:00","dateModified":"2023-03-16T11:16:20+00:00","description":"\u041f\u0440\u043e\u0438\u0437\u0432\u043e\u0434\u0441\u0442\u0432\u043e \u0445\u0438\u043c\u0438\u043a\u0430\u0442\u043e\u0432. \u041f\u0440\u044f\u043c\u044b\u0435 \u043f\u043e\u0441\u0442\u0430\u0432\u043a\u0438 \u0445\u0438\u043c\u0438\u0447\u0435\u0441\u043a\u043e\u0433\u043e \u0441\u044b\u0440\u044c\u044f \u043e\u0442 \u043f\u0440\u043e\u0438\u0437\u0432\u043e\u0434\u0438\u0442\u0435\u043b\u0435\u0439. \u0414\u043e\u0441\u0442\u0430\u0432\u043a\u0430 \u0445\u0438\u043c\u0438\u0438 \u0432 \u0421\u043a\u0430\u043d\u0434\u0438\u043d\u0430\u0432\u0438\u044e, \u0415\u0432\u0440\u043e\u043f\u0443, \u041f\u0440\u0438\u0431\u0430\u043b\u0442\u0438\u043a\u0443.","breadcrumb":{"@id":"https:\/\/masterchem.lv\/ru\/masterchem-%d0%b4%d1%80%d1%83%d0%b6%d0%b5%d0%bb%d1%8e%d0%b1%d0%bd%d0%b0%d1%8f-%d1%85%d0%b8%d0%bc%d0%b8%d1%8f\/#breadcrumb"},"inLanguage":"ru-RU","potentialAction":[{"@type":"ReadAction","target":["https:\/\/masterchem.lv\/ru\/masterchem-%d0%b4%d1%80%d1%83%d0%b6%d0%b5%d0%bb%d1%8e%d0%b1%d0%bd%d0%b0%d1%8f-%d1%85%d0%b8%d0%bc%d0%b8%d1%8f\/"]}]},{"@type":"BreadcrumbList","@id":"https:\/\/masterchem.lv\/ru\/masterchem-%d0%b4%d1%80%d1%83%d0%b6%d0%b5%d0%bb%d1%8e%d0%b1%d0%bd%d0%b0%d1%8f-%d1%85%d0%b8%d0%bc%d0%b8%d1%8f\/#breadcrumb","itemListElement":[{"@type":"ListItem","position":1,"name":"Home","item":"https:\/\/masterchem.lv\/ru\/"},{"@type":"ListItem","position":2,"name":"Masterchem: \u0434\u0440\u0443\u0436\u0435\u043b\u044e\u0431\u043d\u0430\u044f \u0445\u0438\u043c\u0438\u044f"}]},{"@type":"WebSite","@id":"https:\/\/masterchem.lv\/ru\/#website","url":"https:\/\/masterchem.lv\/ru\/","name":"\u0136\u012bmija r\u016bpniec\u012bbai &mdash; &Scaron;\u0137\u012bdin\u0101t\u0101ji un \u0137\u012bmisk\u0101s vielas &mdash; Masterchem.ee","description":"\u0136\u012bmija r\u016bpniec\u012bbai&nbsp;&mdash; &scaron;\u0137\u012bdin\u0101t\u0101ji un \u0137\u012bmisk\u0101s vielas","potentialAction":[{"@type":"SearchAction","target":{"@type":"EntryPoint","urlTemplate":"https:\/\/masterchem.lv\/ru\/?s={search_term_string}"},"query-input":{"@type":"PropertyValueSpecification","valueRequired":true,"valueName":"search_term_string"}}],"inLanguage":"ru-RU"}]}},"_links":{"self":[{"href":"https:\/\/masterchem.lv\/ru\/wp-json\/wp\/v2\/pages\/12005","targetHints":{"allow":["GET"]}}],"collection":[{"href":"https:\/\/masterchem.lv\/ru\/wp-json\/wp\/v2\/pages"}],"about":[{"href":"https:\/\/masterchem.lv\/ru\/wp-json\/wp\/v2\/types\/page"}],"author":[{"embeddable":true,"href":"https:\/\/masterchem.lv\/ru\/wp-json\/wp\/v2\/users\/1"}],"replies":[{"embeddable":true,"href":"https:\/\/masterchem.lv\/ru\/wp-json\/wp\/v2\/comments?post=12005"}],"version-history":[{"count":1,"href":"https:\/\/masterchem.lv\/ru\/wp-json\/wp\/v2\/pages\/12005\/revisions"}],"predecessor-version":[{"id":12006,"href":"https:\/\/masterchem.lv\/ru\/wp-json\/wp\/v2\/pages\/12005\/revisions\/12006"}],"wp:attachment":[{"href":"https:\/\/masterchem.lv\/ru\/wp-json\/wp\/v2\/media?parent=12005"}],"curies":[{"name":"wp","href":"https:\/\/api.w.org\/{rel}","templated":true}]}}