{"id":12033,"date":"2017-11-20T15:46:47","date_gmt":"2017-11-20T15:46:47","guid":{"rendered":"https:\/\/masterchem.lv\/%d0%ba%d0%be%d0%bd%d1%82%d0%b0%d0%ba%d1%82%d1%8b\/"},"modified":"2023-03-16T13:22:58","modified_gmt":"2023-03-16T13:22:58","slug":"%d0%ba%d0%be%d0%bd%d1%82%d0%b0%d0%ba%d1%82%d1%8b","status":"publish","type":"page","link":"https:\/\/masterchem.lv\/ru\/%d0%ba%d0%be%d0%bd%d1%82%d0%b0%d0%ba%d1%82%d1%8b\/","title":{"rendered":"\u041a\u043e\u043d\u0442\u0430\u043a\u0442\u044b"},"content":{"rendered":"<p>[vc_row][vc_column][vc_empty_space height=&#187;5px&#187;][vc_separator color=&#187;custom&#187; accent_color=&#187;#ebebeb&#187;][vc_empty_space height=&#187;20px&#187;][\/vc_column][\/vc_row][vc_row][vc_column offset=&#187;vc_col-lg-5 vc_col-md-5&#8243;][vc_custom_heading text=&#187;\u041a\u0430\u043a \u043c\u044b \u043c\u043e\u0436\u0435\u043c \u0432\u0430\u043c \u043f\u043e\u043c\u043e\u0447\u044c?&#187; font_container=&#187;tag:h2|font_size:48px|text_align:left|color:%23191919|line_height:50px&#187; use_theme_fonts=&#187;yes&#187; css=&#187;.vc_custom_1511197263633{margin-top: 0px !important;margin-bottom: 30px !important;}&#187;][apus_ourteam members=&#187;%5B%7B%22name%22%3A%22MasterChem%20O%C3%9C%22%2C%22des%22%3A%22Tel%3A%20%2B372%205504440%3Cbr%3ETel%3A%2B372%2055513600%3Cbr%3Einfo%40masterchem.ee%22%2C%22image%22%3A%2212026%22%7D%5D&#187; columns=&#187;1&#8243;][\/vc_column][vc_column offset=&#187;vc_col-lg-7 vc_col-md-7&#8243;][vc_empty_space height=&#187;15px&#187;]\n<div class=\"wpcf7 no-js\" id=\"wpcf7-f242-o1\" lang=\"lv-LV\" dir=\"ltr\" data-wpcf7-id=\"242\">\n<div class=\"screen-reader-response\"><p role=\"status\" aria-live=\"polite\" aria-atomic=\"true\"><\/p> <ul><\/ul><\/div>\n<form action=\"\/ru\/wp-json\/wp\/v2\/pages\/12033#wpcf7-f242-o1\" method=\"post\" class=\"wpcf7-form init\" aria-label=\"\u041a\u043e\u043d\u0442\u0430\u043a\u0442\u043d\u0430\u044f \u0444\u043e\u0440\u043c\u0430\" novalidate=\"novalidate\" data-status=\"init\">\n<fieldset class=\"hidden-fields-container\"><input type=\"hidden\" name=\"_wpcf7\" value=\"242\" \/><input type=\"hidden\" name=\"_wpcf7_version\" value=\"6.1.5\" \/><input type=\"hidden\" name=\"_wpcf7_locale\" value=\"lv_LV\" \/><input type=\"hidden\" name=\"_wpcf7_unit_tag\" value=\"wpcf7-f242-o1\" \/><input type=\"hidden\" name=\"_wpcf7_container_post\" value=\"0\" \/><input type=\"hidden\" name=\"_wpcf7_posted_data_hash\" value=\"\" \/>\n<\/fieldset>\n<p><span class=\"wpcf7-form-control-wrap\" data-name=\"your-name\"><input size=\"40\" maxlength=\"400\" class=\"wpcf7-form-control wpcf7-text wpcf7-validates-as-required form-control\" aria-required=\"true\" aria-invalid=\"false\" placeholder=\"Name*\" value=\"\" type=\"text\" name=\"your-name\" \/><\/span><br \/>\n<span class=\"wpcf7-form-control-wrap\" data-name=\"your-email\"><input size=\"40\" maxlength=\"400\" class=\"wpcf7-form-control wpcf7-email wpcf7-validates-as-required wpcf7-text wpcf7-validates-as-email form-control\" aria-required=\"true\" aria-invalid=\"false\" placeholder=\"Emai *\" value=\"\" type=\"email\" name=\"your-email\" \/><\/span><br \/>\n<span class=\"wpcf7-form-control-wrap\" data-name=\"your-subject\"><input size=\"40\" maxlength=\"400\" class=\"wpcf7-form-control wpcf7-text form-control\" aria-invalid=\"false\" placeholder=\"Website\" value=\"\" type=\"text\" name=\"your-subject\" \/><\/span><br \/>\n<span class=\"wpcf7-form-control-wrap\" data-name=\"your-message\"><textarea cols=\"40\" rows=\"10\" maxlength=\"2000\" class=\"wpcf7-form-control wpcf7-textarea wpcf7-validates-as-required form-control\" aria-required=\"true\" aria-invalid=\"false\" placeholder=\"Messages\" name=\"your-message\"><\/textarea><\/span><br \/>\n<input class=\"wpcf7-form-control wpcf7-submit has-spinner btn btn-block btn-theme\" type=\"submit\" value=\"send messages\" \/>\n<\/p><div class=\"wpcf7-response-output\" aria-hidden=\"true\"><\/div>\n<\/form>\n<\/div>\n[\/vc_column][\/vc_row][vc_row][vc_column][apus_brands number=&#187;6&#8243; layout_type=&#187;carousel&#187; columns=&#187;6&#8243; style=&#187;no-border&#187;][vc_empty_space height=&#187;30px&#187;][\/vc_column][\/vc_row]<\/p>\n","protected":false},"excerpt":{"rendered":"<p>[vc_row][vc_column][vc_empty_space height=&#187;5px&#187;][vc_separator color=&#187;custom&#187; accent_color=&#187;#ebebeb&#187;][vc_empty_space height=&#187;20px&#187;][\/vc_column][\/vc_row][vc_row][vc_column offset=&#187;vc_col-lg-5 vc_col-md-5&#8243;][vc_custom_heading text=&#187;\u041a\u0430\u043a \u043c\u044b \u043c\u043e\u0436\u0435\u043c \u0432\u0430\u043c \u043f\u043e\u043c\u043e\u0447\u044c?&#187; font_container=&#187;tag:h2|font_size:48px|text_align:left|color:%23191919|line_height:50px&#187; use_theme_fonts=&#187;yes&#187; css=&#187;.vc_custom_1511197263633{margin-top: 0px !important;margin-bottom: 30px !important;}&#187;][apus_ourteam members=&#187;%5B%7B%22name%22%3A%22MasterChem%20O%C3%9C%22%2C%22des%22%3A%22Tel%3A%20%2B372%205504440%3Cbr%3ETel%3A%2B372%2055513600%3Cbr%3Einfo%40masterchem.ee%22%2C%22image%22%3A%2212026%22%7D%5D&#187; columns=&#187;1&#8243;][\/vc_column][vc_column offset=&#187;vc_col-lg-7 vc_col-md-7&#8243;][vc_empty_space height=&#187;15px&#187;][\/vc_column][\/vc_row][vc_row][vc_column][apus_brands number=&#187;6&#8243; layout_type=&#187;carousel&#187; columns=&#187;6&#8243; style=&#187;no-border&#187;][vc_empty_space height=&#187;30px&#187;][\/vc_column][\/vc_row]<\/p>\n","protected":false},"author":2,"featured_media":0,"parent":0,"menu_order":0,"comment_status":"closed","ping_status":"closed","template":"","meta":{"_monsterinsights_skip_tracking":false,"_monsterinsights_sitenote_active":false,"_monsterinsights_sitenote_note":"","_monsterinsights_sitenote_category":0,"footnotes":""},"class_list":["post-12033","page","type-page","status-publish","hentry"],"yoast_head":"<!-- This site is optimized with the Yoast SEO plugin v27.4 - https:\/\/yoast.com\/product\/yoast-seo-wordpress\/ -->\n<title>\u041a\u043e\u043d\u0442\u0430\u043a\u0442\u044b - \u0136\u012bmija r\u016bpniec\u012bbai &mdash; &Scaron;\u0137\u012bdin\u0101t\u0101ji un \u0137\u012bmisk\u0101s vielas &mdash; Masterchem.ee<\/title>\n<meta name=\"robots\" content=\"index, follow, max-snippet:-1, max-image-preview:large, max-video-preview:-1\" \/>\n<link rel=\"canonical\" href=\"https:\/\/masterchem.lv\/ru\/%d0%ba%d0%be%d0%bd%d1%82%d0%b0%d0%ba%d1%82%d1%8b\/\" \/>\n<meta property=\"og:locale\" content=\"ru_RU\" \/>\n<meta property=\"og:type\" content=\"article\" \/>\n<meta property=\"og:title\" content=\"\u041a\u043e\u043d\u0442\u0430\u043a\u0442\u044b - \u0136\u012bmija r\u016bpniec\u012bbai &mdash; &Scaron;\u0137\u012bdin\u0101t\u0101ji un \u0137\u012bmisk\u0101s vielas &mdash; Masterchem.ee\" \/>\n<meta property=\"og:description\" content=\"[vc_row][vc_column][vc_empty_space height=&#187;5px&#187;][vc_separator color=&#187;custom&#187; accent_color=&#187;#ebebeb&#187;][vc_empty_space height=&#187;20px&#187;][\/vc_column][\/vc_row][vc_row][vc_column offset=&#187;vc_col-lg-5 vc_col-md-5&#8243;][vc_custom_heading text=&#187;\u041a\u0430\u043a \u043c\u044b \u043c\u043e\u0436\u0435\u043c \u0432\u0430\u043c \u043f\u043e\u043c\u043e\u0447\u044c?&#187; font_container=&#187;tag:h2|font_size:48px|text_align:left|color:%23191919|line_height:50px&#187; use_theme_fonts=&#187;yes&#187; css=&#187;.vc_custom_1511197263633{margin-top: 0px !important;margin-bottom: 30px !important;}&#187;][apus_ourteam members=&#187;%5B%7B%22name%22%3A%22MasterChem%20O%C3%9C%22%2C%22des%22%3A%22Tel%3A%20%2B372%205504440%3Cbr%3ETel%3A%2B372%2055513600%3Cbr%3Einfo%40masterchem.ee%22%2C%22image%22%3A%2212026%22%7D%5D&#187; columns=&#187;1&#8243;][\/vc_column][vc_column offset=&#187;vc_col-lg-7 vc_col-md-7&#8243;][vc_empty_space height=&#187;15px&#187;][\/vc_column][\/vc_row][vc_row][vc_column][apus_brands number=&#187;6&#8243; layout_type=&#187;carousel&#187; columns=&#187;6&#8243; style=&#187;no-border&#187;][vc_empty_space height=&#187;30px&#187;][\/vc_column][\/vc_row]\" \/>\n<meta property=\"og:url\" content=\"https:\/\/masterchem.lv\/ru\/%d0%ba%d0%be%d0%bd%d1%82%d0%b0%d0%ba%d1%82%d1%8b\/\" \/>\n<meta property=\"og:site_name\" content=\"\u0136\u012bmija r\u016bpniec\u012bbai &mdash; &Scaron;\u0137\u012bdin\u0101t\u0101ji un \u0137\u012bmisk\u0101s vielas &mdash; Masterchem.ee\" \/>\n<meta property=\"article:modified_time\" content=\"2023-03-16T13:22:58+00:00\" \/>\n<meta name=\"twitter:card\" content=\"summary_large_image\" \/>\n<meta name=\"twitter:label1\" content=\"\u041f\u0440\u0438\u043c\u0435\u0440\u043d\u043e\u0435 \u0432\u0440\u0435\u043c\u044f \u0434\u043b\u044f \u0447\u0442\u0435\u043d\u0438\u044f\" \/>\n\t<meta name=\"twitter:data1\" content=\"1 \u043c\u0438\u043d\u0443\u0442\u0430\" \/>\n<script type=\"application\/ld+json\" class=\"yoast-schema-graph\">{\"@context\":\"https:\\\/\\\/schema.org\",\"@graph\":[{\"@type\":\"WebPage\",\"@id\":\"https:\\\/\\\/masterchem.lv\\\/ru\\\/%d0%ba%d0%be%d0%bd%d1%82%d0%b0%d0%ba%d1%82%d1%8b\\\/\",\"url\":\"https:\\\/\\\/masterchem.lv\\\/ru\\\/%d0%ba%d0%be%d0%bd%d1%82%d0%b0%d0%ba%d1%82%d1%8b\\\/\",\"name\":\"\u041a\u043e\u043d\u0442\u0430\u043a\u0442\u044b - \u0136\u012bmija r\u016bpniec\u012bbai &mdash; &Scaron;\u0137\u012bdin\u0101t\u0101ji un \u0137\u012bmisk\u0101s vielas &mdash; Masterchem.ee\",\"isPartOf\":{\"@id\":\"https:\\\/\\\/masterchem.lv\\\/ru\\\/#website\"},\"datePublished\":\"2017-11-20T15:46:47+00:00\",\"dateModified\":\"2023-03-16T13:22:58+00:00\",\"breadcrumb\":{\"@id\":\"https:\\\/\\\/masterchem.lv\\\/ru\\\/%d0%ba%d0%be%d0%bd%d1%82%d0%b0%d0%ba%d1%82%d1%8b\\\/#breadcrumb\"},\"inLanguage\":\"ru-RU\",\"potentialAction\":[{\"@type\":\"ReadAction\",\"target\":[\"https:\\\/\\\/masterchem.lv\\\/ru\\\/%d0%ba%d0%be%d0%bd%d1%82%d0%b0%d0%ba%d1%82%d1%8b\\\/\"]}]},{\"@type\":\"BreadcrumbList\",\"@id\":\"https:\\\/\\\/masterchem.lv\\\/ru\\\/%d0%ba%d0%be%d0%bd%d1%82%d0%b0%d0%ba%d1%82%d1%8b\\\/#breadcrumb\",\"itemListElement\":[{\"@type\":\"ListItem\",\"position\":1,\"name\":\"Home\",\"item\":\"https:\\\/\\\/masterchem.lv\\\/ru\\\/\"},{\"@type\":\"ListItem\",\"position\":2,\"name\":\"\u041a\u043e\u043d\u0442\u0430\u043a\u0442\u044b\"}]},{\"@type\":\"WebSite\",\"@id\":\"https:\\\/\\\/masterchem.lv\\\/ru\\\/#website\",\"url\":\"https:\\\/\\\/masterchem.lv\\\/ru\\\/\",\"name\":\"\u0136\u012bmija r\u016bpniec\u012bbai &mdash; &Scaron;\u0137\u012bdin\u0101t\u0101ji un \u0137\u012bmisk\u0101s vielas &mdash; Masterchem.ee\",\"description\":\"\u0136\u012bmija r\u016bpniec\u012bbai&nbsp;&mdash; &scaron;\u0137\u012bdin\u0101t\u0101ji un \u0137\u012bmisk\u0101s vielas\",\"potentialAction\":[{\"@type\":\"SearchAction\",\"target\":{\"@type\":\"EntryPoint\",\"urlTemplate\":\"https:\\\/\\\/masterchem.lv\\\/ru\\\/?s={search_term_string}\"},\"query-input\":{\"@type\":\"PropertyValueSpecification\",\"valueRequired\":true,\"valueName\":\"search_term_string\"}}],\"inLanguage\":\"ru-RU\"}]}<\/script>\n<!-- \/ Yoast SEO plugin. -->","yoast_head_json":{"title":"\u041a\u043e\u043d\u0442\u0430\u043a\u0442\u044b - \u0136\u012bmija r\u016bpniec\u012bbai &mdash; &Scaron;\u0137\u012bdin\u0101t\u0101ji un \u0137\u012bmisk\u0101s vielas &mdash; Masterchem.ee","robots":{"index":"index","follow":"follow","max-snippet":"max-snippet:-1","max-image-preview":"max-image-preview:large","max-video-preview":"max-video-preview:-1"},"canonical":"https:\/\/masterchem.lv\/ru\/%d0%ba%d0%be%d0%bd%d1%82%d0%b0%d0%ba%d1%82%d1%8b\/","og_locale":"ru_RU","og_type":"article","og_title":"\u041a\u043e\u043d\u0442\u0430\u043a\u0442\u044b - \u0136\u012bmija r\u016bpniec\u012bbai &mdash; &Scaron;\u0137\u012bdin\u0101t\u0101ji un \u0137\u012bmisk\u0101s vielas &mdash; Masterchem.ee","og_description":"[vc_row][vc_column][vc_empty_space height=&#187;5px&#187;][vc_separator color=&#187;custom&#187; accent_color=&#187;#ebebeb&#187;][vc_empty_space height=&#187;20px&#187;][\/vc_column][\/vc_row][vc_row][vc_column offset=&#187;vc_col-lg-5 vc_col-md-5&#8243;][vc_custom_heading text=&#187;\u041a\u0430\u043a \u043c\u044b \u043c\u043e\u0436\u0435\u043c \u0432\u0430\u043c \u043f\u043e\u043c\u043e\u0447\u044c?&#187; font_container=&#187;tag:h2|font_size:48px|text_align:left|color:%23191919|line_height:50px&#187; use_theme_fonts=&#187;yes&#187; css=&#187;.vc_custom_1511197263633{margin-top: 0px !important;margin-bottom: 30px !important;}&#187;][apus_ourteam members=&#187;%5B%7B%22name%22%3A%22MasterChem%20O%C3%9C%22%2C%22des%22%3A%22Tel%3A%20%2B372%205504440%3Cbr%3ETel%3A%2B372%2055513600%3Cbr%3Einfo%40masterchem.ee%22%2C%22image%22%3A%2212026%22%7D%5D&#187; columns=&#187;1&#8243;][\/vc_column][vc_column offset=&#187;vc_col-lg-7 vc_col-md-7&#8243;][vc_empty_space height=&#187;15px&#187;][\/vc_column][\/vc_row][vc_row][vc_column][apus_brands number=&#187;6&#8243; layout_type=&#187;carousel&#187; columns=&#187;6&#8243; style=&#187;no-border&#187;][vc_empty_space height=&#187;30px&#187;][\/vc_column][\/vc_row]","og_url":"https:\/\/masterchem.lv\/ru\/%d0%ba%d0%be%d0%bd%d1%82%d0%b0%d0%ba%d1%82%d1%8b\/","og_site_name":"\u0136\u012bmija r\u016bpniec\u012bbai &mdash; &Scaron;\u0137\u012bdin\u0101t\u0101ji un \u0137\u012bmisk\u0101s vielas &mdash; Masterchem.ee","article_modified_time":"2023-03-16T13:22:58+00:00","twitter_card":"summary_large_image","twitter_misc":{"\u041f\u0440\u0438\u043c\u0435\u0440\u043d\u043e\u0435 \u0432\u0440\u0435\u043c\u044f \u0434\u043b\u044f \u0447\u0442\u0435\u043d\u0438\u044f":"1 \u043c\u0438\u043d\u0443\u0442\u0430"},"schema":{"@context":"https:\/\/schema.org","@graph":[{"@type":"WebPage","@id":"https:\/\/masterchem.lv\/ru\/%d0%ba%d0%be%d0%bd%d1%82%d0%b0%d0%ba%d1%82%d1%8b\/","url":"https:\/\/masterchem.lv\/ru\/%d0%ba%d0%be%d0%bd%d1%82%d0%b0%d0%ba%d1%82%d1%8b\/","name":"\u041a\u043e\u043d\u0442\u0430\u043a\u0442\u044b - \u0136\u012bmija r\u016bpniec\u012bbai &mdash; &Scaron;\u0137\u012bdin\u0101t\u0101ji un \u0137\u012bmisk\u0101s vielas &mdash; Masterchem.ee","isPartOf":{"@id":"https:\/\/masterchem.lv\/ru\/#website"},"datePublished":"2017-11-20T15:46:47+00:00","dateModified":"2023-03-16T13:22:58+00:00","breadcrumb":{"@id":"https:\/\/masterchem.lv\/ru\/%d0%ba%d0%be%d0%bd%d1%82%d0%b0%d0%ba%d1%82%d1%8b\/#breadcrumb"},"inLanguage":"ru-RU","potentialAction":[{"@type":"ReadAction","target":["https:\/\/masterchem.lv\/ru\/%d0%ba%d0%be%d0%bd%d1%82%d0%b0%d0%ba%d1%82%d1%8b\/"]}]},{"@type":"BreadcrumbList","@id":"https:\/\/masterchem.lv\/ru\/%d0%ba%d0%be%d0%bd%d1%82%d0%b0%d0%ba%d1%82%d1%8b\/#breadcrumb","itemListElement":[{"@type":"ListItem","position":1,"name":"Home","item":"https:\/\/masterchem.lv\/ru\/"},{"@type":"ListItem","position":2,"name":"\u041a\u043e\u043d\u0442\u0430\u043a\u0442\u044b"}]},{"@type":"WebSite","@id":"https:\/\/masterchem.lv\/ru\/#website","url":"https:\/\/masterchem.lv\/ru\/","name":"\u0136\u012bmija r\u016bpniec\u012bbai &mdash; &Scaron;\u0137\u012bdin\u0101t\u0101ji un \u0137\u012bmisk\u0101s vielas &mdash; Masterchem.ee","description":"\u0136\u012bmija r\u016bpniec\u012bbai&nbsp;&mdash; &scaron;\u0137\u012bdin\u0101t\u0101ji un \u0137\u012bmisk\u0101s vielas","potentialAction":[{"@type":"SearchAction","target":{"@type":"EntryPoint","urlTemplate":"https:\/\/masterchem.lv\/ru\/?s={search_term_string}"},"query-input":{"@type":"PropertyValueSpecification","valueRequired":true,"valueName":"search_term_string"}}],"inLanguage":"ru-RU"}]}},"_links":{"self":[{"href":"https:\/\/masterchem.lv\/ru\/wp-json\/wp\/v2\/pages\/12033","targetHints":{"allow":["GET"]}}],"collection":[{"href":"https:\/\/masterchem.lv\/ru\/wp-json\/wp\/v2\/pages"}],"about":[{"href":"https:\/\/masterchem.lv\/ru\/wp-json\/wp\/v2\/types\/page"}],"author":[{"embeddable":true,"href":"https:\/\/masterchem.lv\/ru\/wp-json\/wp\/v2\/users\/2"}],"replies":[{"embeddable":true,"href":"https:\/\/masterchem.lv\/ru\/wp-json\/wp\/v2\/comments?post=12033"}],"version-history":[{"count":2,"href":"https:\/\/masterchem.lv\/ru\/wp-json\/wp\/v2\/pages\/12033\/revisions"}],"predecessor-version":[{"id":12035,"href":"https:\/\/masterchem.lv\/ru\/wp-json\/wp\/v2\/pages\/12033\/revisions\/12035"}],"wp:attachment":[{"href":"https:\/\/masterchem.lv\/ru\/wp-json\/wp\/v2\/media?parent=12033"}],"curies":[{"name":"wp","href":"https:\/\/api.w.org\/{rel}","templated":true}]}}