{"id":11601,"date":"2023-03-08T07:46:48","date_gmt":"2023-03-08T07:46:48","guid":{"rendered":"https:\/\/masterchem.lv\/product\/%d1%82%d0%b5%d1%82%d1%80%d0%b0%d1%85%d0%bb%d0%be%d1%80%d1%8d%d1%82%d0%b8%d0%bb%d0%b5%d0%bd-cas-127-18-4\/"},"modified":"2023-04-06T08:34:35","modified_gmt":"2023-04-06T08:34:35","slug":"%d1%82%d0%b5%d1%82%d1%80%d0%b0%d1%85%d0%bb%d0%be%d1%80%d1%8d%d1%82%d0%b8%d0%bb%d0%b5%d0%bd-cas-127-18-4","status":"publish","type":"product","link":"https:\/\/masterchem.lv\/ru\/product\/%d1%82%d0%b5%d1%82%d1%80%d0%b0%d1%85%d0%bb%d0%be%d1%80%d1%8d%d1%82%d0%b8%d0%bb%d0%b5%d0%bd-cas-127-18-4\/","title":{"rendered":"\u0422\u0435\u0442\u0440\u0430\u0445\u043b\u043e\u0440\u044d\u0442\u0438\u043b\u0435\u043d (CAS 127-18-4)"},"content":{"rendered":"<p style=\"text-align: justify;\">\u0412\u043f\u0435\u0440\u0432\u044b\u0435 \u0442\u0435\u0442\u0440\u0430\u0445\u043b\u043e\u0440\u044d\u0442\u0438\u043b\u0435\u043d \u0431\u044b\u043b \u043f\u043e\u043b\u0443\u0447\u0435\u043d\u00a0<a title=\"\u0424\u0430\u0440\u0430\u0434\u0435\u0439, \u041c\u0430\u0439\u043a\u043b\" href=\"https:\/\/ru.wikipedia.org\/wiki\/%D0%A4%D0%B0%D1%80%D0%B0%D0%B4%D0%B5%D0%B9,_%D0%9C%D0%B0%D0%B9%D0%BA%D0%BB\">\u041c. \u0424\u0430\u0440\u0430\u0434\u0435\u0435\u043c<\/a>\u00a0\u043f\u0440\u0438 \u0442\u0435\u0440\u043c\u0438\u0447\u0435\u0441\u043a\u043e\u043c \u0440\u0430\u0437\u043b\u043e\u0436\u0435\u043d\u0438\u0438 \u0433\u0435\u043a\u0441\u0430\u0445\u043b\u043e\u0440\u044d\u0442\u0430\u043d\u0430<sup id=\"cite_ref-_858ff8d16b6ce2d2_4-1\" class=\"reference\"><a href=\"https:\/\/ru.wikipedia.org\/wiki\/%D0%A2%D0%B5%D1%82%D1%80%D0%B0%D1%85%D0%BB%D0%BE%D1%80%D1%8D%D1%82%D0%B8%D0%BB%D0%B5%D0%BD#cite_note-_858ff8d16b6ce2d2-4\">[4]<\/a><\/sup>.<\/p>\n<dl>\n<dd><span class=\"mwe-math-element\"><img decoding=\"async\" class=\"mwe-math-fallback-image-inline\" src=\"https:\/\/wikimedia.org\/api\/rest_v1\/media\/math\/render\/svg\/4ed76b74bfd195a526d8c7fa5e8ca69b324dac34\" alt=\"{displaystyle {mathsf {CCl_{3}{-}CCl_{3}{xrightarrow[{}]{[t]}}CCl_{2}{=}CCl_{2}+Cl_{2}}}}\" aria-hidden=\"true\" \/><\/span><\/dd>\n<\/dl>\n<p style=\"text-align: justify;\">\u0412 \u043f\u0440\u043e\u043c\u044b\u0448\u043b\u0435\u043d\u043d\u043e\u0441\u0442\u0438 \u0442\u0435\u0442\u0440\u0430\u0445\u043b\u043e\u0440\u044d\u0442\u0438\u043b\u0435\u043d \u043f\u043e\u043b\u0443\u0447\u0430\u044e\u0442 \u043d\u0435\u0441\u043a\u043e\u043b\u044c\u043a\u0438\u043c\u0438 \u0441\u043f\u043e\u0441\u043e\u0431\u0430\u043c\u0438. \u041f\u0435\u0440\u0432\u044b\u0439 \u043c\u0435\u0442\u043e\u0434, \u0438\u0433\u0440\u0430\u0432\u0448\u0438\u0439 \u0432\u0430\u0436\u043d\u043e\u0435 \u043f\u0440\u043e\u043c\u044b\u0448\u043b\u0435\u043d\u043d\u043e\u0435 \u0437\u043d\u0430\u0447\u0435\u043d\u0438\u0435 \u0432 \u043f\u0440\u043e\u0448\u043b\u043e\u043c, \u0437\u0430\u043a\u043b\u044e\u0447\u0430\u0435\u0442\u0441\u044f \u0432 \u043f\u043e\u043b\u0443\u0447\u0435\u043d\u0438\u0438 \u0442\u0435\u0442\u0440\u0430\u0445\u043b\u043e\u0440\u044d\u0442\u0438\u043b\u0435\u043d\u0430 \u0438\u0437\u00a0<a title=\"\u0410\u0446\u0435\u0442\u0438\u043b\u0435\u043d\" href=\"https:\/\/ru.wikipedia.org\/wiki\/%D0%90%D1%86%D0%B5%D1%82%D0%B8%D0%BB%D0%B5%D0%BD\">\u0430\u0446\u0435\u0442\u0438\u043b\u0435\u043d\u0430<\/a>\u00a0\u0447\u0435\u0440\u0435\u0437 \u0442\u0440\u0438\u0445\u043b\u043e\u0440\u044d\u0442\u0438\u043b\u0435\u043d. \u0425\u043b\u043e\u0440\u0438\u0440\u043e\u0432\u0430\u043d\u0438\u0435 \u0442\u0440\u0438\u0445\u043b\u043e\u0440\u044d\u0442\u0438\u043b\u0435\u043d\u0430 \u0432 \u0436\u0438\u0434\u043a\u043e\u0439 \u0444\u0430\u0437\u0435 \u043f\u0440\u0438 \u0442\u0435\u043c\u043f\u0435\u0440\u0430\u0442\u0443\u0440\u0435 70\u2014110 \u00b0\u0421 \u0432 \u043f\u0440\u0438\u0441\u0443\u0442\u0441\u0442\u0432\u0438\u0438\u00a0<a title=\"\u0425\u043b\u043e\u0440\u0438\u0434 \u0436\u0435\u043b\u0435\u0437\u0430(III)\" href=\"https:\/\/ru.wikipedia.org\/wiki\/%D0%A5%D0%BB%D0%BE%D1%80%D0%B8%D0%B4_%D0%B6%D0%B5%D0%BB%D0%B5%D0%B7%D0%B0(III)\">FeCl<sub>3<\/sub><\/a>\u00a0(0,1\u20141% \u043c\u0430\u0441\u0441.) \u0434\u0430\u0451\u0442\u00a0<a title=\"\u041f\u0435\u043d\u0442\u0430\u0445\u043b\u043e\u0440\u044d\u0442\u0430\u043d\" href=\"https:\/\/ru.wikipedia.org\/wiki\/%D0%9F%D0%B5%D0%BD%D1%82%D0%B0%D1%85%D0%BB%D0%BE%D1%80%D1%8D%D1%82%D0%B0%D0%BD\">\u043f\u0435\u043d\u0442\u0430\u0445\u043b\u043e\u0440\u044d\u0442\u0430\u043d<\/a>, \u043a\u043e\u0442\u043e\u0440\u044b\u0439 \u0437\u0430\u0442\u0435\u043c \u043f\u043e\u0434\u0432\u0435\u0440\u0433\u0430\u044e\u0442 \u0436\u0438\u0434\u043a\u043e\u0444\u0430\u0437\u043d\u043e\u043c\u0443 (80\u2014120 \u00b0\u0421,\u00a0<a title=\"\u0413\u0438\u0434\u0440\u043e\u043a\u0441\u0438\u0434 \u043a\u0430\u043b\u044c\u0446\u0438\u044f\" href=\"https:\/\/ru.wikipedia.org\/wiki\/%D0%93%D0%B8%D0%B4%D1%80%D0%BE%D0%BA%D1%81%D0%B8%D0%B4_%D0%BA%D0%B0%D0%BB%D1%8C%D1%86%D0%B8%D1%8F\">Ca(OH)<sub>2<\/sub><\/a>) \u0438\u043b\u0438 \u043a\u0430\u0442\u0430\u043b\u0438\u0442\u0438\u0447\u0435\u0441\u043a\u043e\u043c\u0443 \u0442\u0435\u0440\u043c\u0438\u0447\u0435\u0441\u043a\u043e\u043c\u0443\u00a0<a title=\"\u041a\u0440\u0435\u043a\u0438\u043d\u0433\" href=\"https:\/\/ru.wikipedia.org\/wiki\/%D0%9A%D1%80%D0%B5%D0%BA%D0%B8%D0%BD%D0%B3\">\u043a\u0440\u0435\u043a\u0438\u043d\u0433\u0443<\/a>\u00a0(170\u2014330 \u00b0\u0421,\u00a0<a title=\"\u0410\u043a\u0442\u0438\u0432\u0438\u0440\u043e\u0432\u0430\u043d\u043d\u044b\u0439 \u0443\u0433\u043e\u043b\u044c\" href=\"https:\/\/ru.wikipedia.org\/wiki\/%D0%90%D0%BA%D1%82%D0%B8%D0%B2%D0%B8%D1%80%D0%BE%D0%B2%D0%B0%D0%BD%D0%BD%D1%8B%D0%B9_%D1%83%D0%B3%D0%BE%D0%BB%D1%8C\">\u0430\u043a\u0442\u0438\u0432\u0438\u0440\u043e\u0432\u0430\u043d\u043d\u044b\u0439 \u0443\u0433\u043e\u043b\u044c<\/a>). \u041e\u0431\u0449\u0438\u0439 \u0432\u044b\u0445\u043e\u0434 \u0434\u043e\u0441\u0442\u0438\u0433\u0430\u0435\u0442 90\u201494% \u043f\u043e \u0430\u0446\u0435\u0442\u0438\u043b\u0435\u043d\u0443. \u041e\u0434\u043d\u0430\u043a\u043e \u043f\u043e\u0441\u043b\u0435 \u043f\u043e\u0432\u044b\u0448\u0435\u043d\u0438\u044f \u0446\u0435\u043d \u043d\u0430 \u0430\u0446\u0435\u0442\u0438\u043b\u0435\u043d \u044d\u0442\u043e\u0442 \u043c\u0435\u0442\u043e\u0434 \u0443\u0442\u0440\u0430\u0442\u0438\u043b \u0441\u0432\u043e\u0451 \u0437\u043d\u0430\u0447\u0435\u043d\u0438\u0435<sup id=\"cite_ref-_858ff8d16b6ce2d1_7-0\" class=\"reference\"><a href=\"https:\/\/ru.wikipedia.org\/wiki\/%D0%A2%D0%B5%D1%82%D1%80%D0%B0%D1%85%D0%BB%D0%BE%D1%80%D1%8D%D1%82%D0%B8%D0%BB%D0%B5%D0%BD#cite_note-_858ff8d16b6ce2d1-7\">[7]<\/a><\/sup>.<\/p>\n<dl>\n<dd><span class=\"mwe-math-element\"><img decoding=\"async\" class=\"mwe-math-fallback-image-inline\" src=\"https:\/\/wikimedia.org\/api\/rest_v1\/media\/math\/render\/svg\/a9ef90e097598af7edd3b90c38cba6de8c87bd1d\" alt=\"{displaystyle {mathsf {C_{2}H_{2}+2Cl_{2}}}rightarrow {mathsf {C_{2}H_{2}Cl_{4}}}}\" aria-hidden=\"true\" \/><\/span><\/dd>\n<dd><span class=\"mwe-math-element\"><img decoding=\"async\" class=\"mwe-math-fallback-image-inline\" src=\"https:\/\/wikimedia.org\/api\/rest_v1\/media\/math\/render\/svg\/1cdc7d66adbc40a436695d31edceac24aba677b1\" alt=\"{displaystyle {mathsf {C_{2}H_{2}Cl_{4}}}rightarrow {mathsf {C_{2}HCl_{3}+HCl}}}\" aria-hidden=\"true\" \/><\/span><\/dd>\n<dd><span class=\"mwe-math-element\"><img decoding=\"async\" class=\"mwe-math-fallback-image-inline\" src=\"https:\/\/wikimedia.org\/api\/rest_v1\/media\/math\/render\/svg\/25741f9bbb8453b1a51a136e82706deb093f2823\" alt=\"{displaystyle {mathsf {C_{2}HCl_{3}+Cl_{2}}}rightarrow {mathsf {C_{2}HCl_{5}}}}\" aria-hidden=\"true\" \/><\/span><\/dd>\n<dd><span class=\"mwe-math-element\"><img decoding=\"async\" class=\"mwe-math-fallback-image-inline\" src=\"https:\/\/wikimedia.org\/api\/rest_v1\/media\/math\/render\/svg\/88a4d6c4cc0eba57a3e5fd6df4be626aadf55629\" alt=\"{displaystyle {mathsf {C_{2}HCl_{5}}}rightarrow {mathsf {C_{2}Cl_{4}+HCl}}}\" aria-hidden=\"true\" \/><\/span><\/dd>\n<\/dl>\n","protected":false},"excerpt":{"rendered":"<p style=\"text-align: left;\"><b>\u0414\u0440\u0443\u0433\u0438\u0435 \u043d\u0430\u0437\u0432\u0430\u043d\u0438\u044f: 1,1,2,2-\u0442\u0435\u0442\u0440\u0430\u0445\u043b\u043e\u0440\u044d\u0442\u0435\u043d, \u043f\u0435\u0440\u0445\u043b\u043e\u0440\u044d\u0442\u0438\u043b\u0435\u043d<\/b><\/p>\n<p style=\"text-align: left;\">\u0422\u0435\u0442\u0440\u0430\u0445\u043b\u043e\u0440\u044d\u0442\u0438\u043b\u0435\u043d\u00a0(\u043f\u0435\u0440\u0445\u043b\u043e\u0440\u044d\u0442\u0438\u043b\u0435\u043d)\u00a0\u2014 \u0431\u0435\u0441\u0446\u0432\u0435\u0442\u043d\u0430\u044f \u0436\u0438\u0434\u043a\u043e\u0441\u0442\u044c \u0441 \u0440\u0435\u0437\u043a\u0438\u043c \u0437\u0430\u043f\u0430\u0445\u043e\u043c, \u0445\u043b\u043e\u0440\u043e\u0440\u0433\u0430\u043d\u0438\u0447\u0435\u0441\u043a\u0438\u0439 \u0440\u0430\u0441\u0442\u0432\u043e\u0440\u0438\u0442\u0435\u043b\u044c. \u0428\u0438\u0440\u043e\u043a\u043e\u0435 \u043f\u0440\u0438\u043c\u0435\u043d\u0435\u043d\u0438\u0435 \u043d\u0430\u0445\u043e\u0434\u0438\u0442 \u0432 \u0445\u0438\u043c\u0447\u0438\u0441\u0442\u043a\u0435 \u0438 \u043e\u0431\u0435\u0437\u0436\u0438\u0440\u0438\u0432\u0430\u043d\u0438\u0438 \u043c\u0435\u0442\u0430\u043b\u043b\u043e\u0432.<\/p>\n<p style=\"text-align: left;\">\n<p>CAS: 127-18-4<\/p>\n","protected":false},"featured_media":6863,"template":"","meta":{"_monsterinsights_skip_tracking":false,"_monsterinsights_sitenote_active":false,"_monsterinsights_sitenote_note":"","_monsterinsights_sitenote_category":0},"product_brand":[],"product_cat":[276,255,272,246,288],"product_tag":[],"class_list":{"0":"post-11601","1":"product","2":"type-product","3":"status-publish","4":"has-post-thumbnail","6":"product_cat-m","7":"product_cat-255","8":"product_cat-272","9":"product_cat-246","10":"product_cat-288","12":"first","13":"instock","14":"taxable","15":"shipping-taxable","16":"purchasable","17":"product-type-variable"},"yoast_head":"<!-- This site is optimized with the Yoast SEO plugin v27.4 - https:\/\/yoast.com\/product\/yoast-seo-wordpress\/ -->\n<title>\u0422\u0435\u0442\u0440\u0430\u0445\u043b\u043e\u0440\u044d\u0442\u0438\u043b\u0435\u043d (CAS 127-18-4) - \u0136\u012bmija r\u016bpniec\u012bbai &mdash; &Scaron;\u0137\u012bdin\u0101t\u0101ji un \u0137\u012bmisk\u0101s vielas &mdash; Masterchem.ee<\/title>\n<meta name=\"description\" content=\"\u0422\u0435\u0442\u0440\u0430\u0445\u043b\u043e\u0440\u044d\u0442\u0438\u043b\u0435\u043d (\u043f\u0435\u0440\u0445\u043b\u043e\u0440\u044d\u0442\u0438\u043b\u0435\u043d) \u2014 \u0431\u0435\u0441\u0446\u0432\u0435\u0442\u043d\u0430\u044f \u0436\u0438\u0434\u043a\u043e\u0441\u0442\u044c \u0441 \u0440\u0435\u0437\u043a\u0438\u043c \u0437\u0430\u043f\u0430\u0445\u043e\u043c, \u0445\u043b\u043e\u0440\u043e\u0440\u0433\u0430\u043d\u0438\u0447\u0435\u0441\u043a\u0438\u0439 \u0440\u0430\u0441\u0442\u0432\u043e\u0440\u0438\u0442\u0435\u043b\u044c. \u0428\u0438\u0440\u043e\u043a\u043e\u0435 \u043f\u0440\u0438\u043c\u0435\u043d\u0435\u043d\u0438\u0435 \u043d\u0430\u0445\u043e\u0434\u0438\u0442 \u0432 \u0445\u0438\u043c\u0447\u0438\u0441\u0442\u043a\u0435 \u0438 \u043e\u0431\u0435\u0437\u0436\u0438\u0440\u0438\u0432\u0430\u043d\u0438\u0438 \u043c\u0435\u0442\u0430\u043b\u043b\u043e\u0432. CAS: 127-18-4\" \/>\n<meta name=\"robots\" content=\"index, follow, max-snippet:-1, max-image-preview:large, max-video-preview:-1\" \/>\n<link rel=\"canonical\" href=\"https:\/\/masterchem.lv\/ru\/product\/%d1%82%d0%b5%d1%82%d1%80%d0%b0%d1%85%d0%bb%d0%be%d1%80%d1%8d%d1%82%d0%b8%d0%bb%d0%b5%d0%bd-cas-127-18-4\/\" \/>\n<meta property=\"og:locale\" content=\"ru_RU\" \/>\n<meta property=\"og:type\" content=\"article\" \/>\n<meta property=\"og:title\" content=\"\u0422\u0435\u0442\u0440\u0430\u0445\u043b\u043e\u0440\u044d\u0442\u0438\u043b\u0435\u043d (CAS 127-18-4) - \u0136\u012bmija r\u016bpniec\u012bbai &mdash; &Scaron;\u0137\u012bdin\u0101t\u0101ji un \u0137\u012bmisk\u0101s vielas &mdash; Masterchem.ee\" \/>\n<meta property=\"og:description\" content=\"\u0422\u0435\u0442\u0440\u0430\u0445\u043b\u043e\u0440\u044d\u0442\u0438\u043b\u0435\u043d (\u043f\u0435\u0440\u0445\u043b\u043e\u0440\u044d\u0442\u0438\u043b\u0435\u043d) \u2014 \u0431\u0435\u0441\u0446\u0432\u0435\u0442\u043d\u0430\u044f \u0436\u0438\u0434\u043a\u043e\u0441\u0442\u044c \u0441 \u0440\u0435\u0437\u043a\u0438\u043c \u0437\u0430\u043f\u0430\u0445\u043e\u043c, \u0445\u043b\u043e\u0440\u043e\u0440\u0433\u0430\u043d\u0438\u0447\u0435\u0441\u043a\u0438\u0439 \u0440\u0430\u0441\u0442\u0432\u043e\u0440\u0438\u0442\u0435\u043b\u044c. \u0428\u0438\u0440\u043e\u043a\u043e\u0435 \u043f\u0440\u0438\u043c\u0435\u043d\u0435\u043d\u0438\u0435 \u043d\u0430\u0445\u043e\u0434\u0438\u0442 \u0432 \u0445\u0438\u043c\u0447\u0438\u0441\u0442\u043a\u0435 \u0438 \u043e\u0431\u0435\u0437\u0436\u0438\u0440\u0438\u0432\u0430\u043d\u0438\u0438 \u043c\u0435\u0442\u0430\u043b\u043b\u043e\u0432. CAS: 127-18-4\" \/>\n<meta property=\"og:url\" content=\"https:\/\/masterchem.lv\/ru\/product\/%d1%82%d0%b5%d1%82%d1%80%d0%b0%d1%85%d0%bb%d0%be%d1%80%d1%8d%d1%82%d0%b8%d0%bb%d0%b5%d0%bd-cas-127-18-4\/\" \/>\n<meta property=\"og:site_name\" content=\"\u0136\u012bmija r\u016bpniec\u012bbai &mdash; &Scaron;\u0137\u012bdin\u0101t\u0101ji un \u0137\u012bmisk\u0101s vielas &mdash; Masterchem.ee\" \/>\n<meta property=\"article:modified_time\" content=\"2023-04-06T08:34:35+00:00\" \/>\n<meta property=\"og:image\" content=\"https:\/\/masterchem.lv\/wp-content\/uploads\/2023\/03\/TETRACHLOROETHYLENE-1000l-MaterChem-1.jpg\" \/>\n\t<meta property=\"og:image:width\" content=\"1000\" \/>\n\t<meta property=\"og:image:height\" content=\"1000\" \/>\n\t<meta property=\"og:image:type\" content=\"image\/jpeg\" \/>\n<meta name=\"twitter:card\" content=\"summary_large_image\" \/>\n<script type=\"application\/ld+json\" class=\"yoast-schema-graph\">{\"@context\":\"https:\\\/\\\/schema.org\",\"@graph\":[{\"@type\":\"WebPage\",\"@id\":\"https:\\\/\\\/masterchem.lv\\\/ru\\\/product\\\/%d1%82%d0%b5%d1%82%d1%80%d0%b0%d1%85%d0%bb%d0%be%d1%80%d1%8d%d1%82%d0%b8%d0%bb%d0%b5%d0%bd-cas-127-18-4\\\/\",\"url\":\"https:\\\/\\\/masterchem.lv\\\/ru\\\/product\\\/%d1%82%d0%b5%d1%82%d1%80%d0%b0%d1%85%d0%bb%d0%be%d1%80%d1%8d%d1%82%d0%b8%d0%bb%d0%b5%d0%bd-cas-127-18-4\\\/\",\"name\":\"\u0422\u0435\u0442\u0440\u0430\u0445\u043b\u043e\u0440\u044d\u0442\u0438\u043b\u0435\u043d (CAS 127-18-4) - \u0136\u012bmija r\u016bpniec\u012bbai &mdash; &Scaron;\u0137\u012bdin\u0101t\u0101ji un \u0137\u012bmisk\u0101s vielas &mdash; Masterchem.ee\",\"isPartOf\":{\"@id\":\"https:\\\/\\\/masterchem.lv\\\/ru\\\/#website\"},\"primaryImageOfPage\":{\"@id\":\"https:\\\/\\\/masterchem.lv\\\/ru\\\/product\\\/%d1%82%d0%b5%d1%82%d1%80%d0%b0%d1%85%d0%bb%d0%be%d1%80%d1%8d%d1%82%d0%b8%d0%bb%d0%b5%d0%bd-cas-127-18-4\\\/#primaryimage\"},\"image\":{\"@id\":\"https:\\\/\\\/masterchem.lv\\\/ru\\\/product\\\/%d1%82%d0%b5%d1%82%d1%80%d0%b0%d1%85%d0%bb%d0%be%d1%80%d1%8d%d1%82%d0%b8%d0%bb%d0%b5%d0%bd-cas-127-18-4\\\/#primaryimage\"},\"thumbnailUrl\":\"https:\\\/\\\/masterchem.lv\\\/wp-content\\\/uploads\\\/2023\\\/03\\\/TETRACHLOROETHYLENE-1000l-MaterChem-1.jpg\",\"datePublished\":\"2023-03-08T07:46:48+00:00\",\"dateModified\":\"2023-04-06T08:34:35+00:00\",\"description\":\"\u0422\u0435\u0442\u0440\u0430\u0445\u043b\u043e\u0440\u044d\u0442\u0438\u043b\u0435\u043d (\u043f\u0435\u0440\u0445\u043b\u043e\u0440\u044d\u0442\u0438\u043b\u0435\u043d) \u2014 \u0431\u0435\u0441\u0446\u0432\u0435\u0442\u043d\u0430\u044f \u0436\u0438\u0434\u043a\u043e\u0441\u0442\u044c \u0441 \u0440\u0435\u0437\u043a\u0438\u043c \u0437\u0430\u043f\u0430\u0445\u043e\u043c, \u0445\u043b\u043e\u0440\u043e\u0440\u0433\u0430\u043d\u0438\u0447\u0435\u0441\u043a\u0438\u0439 \u0440\u0430\u0441\u0442\u0432\u043e\u0440\u0438\u0442\u0435\u043b\u044c. \u0428\u0438\u0440\u043e\u043a\u043e\u0435 \u043f\u0440\u0438\u043c\u0435\u043d\u0435\u043d\u0438\u0435 \u043d\u0430\u0445\u043e\u0434\u0438\u0442 \u0432 \u0445\u0438\u043c\u0447\u0438\u0441\u0442\u043a\u0435 \u0438 \u043e\u0431\u0435\u0437\u0436\u0438\u0440\u0438\u0432\u0430\u043d\u0438\u0438 \u043c\u0435\u0442\u0430\u043b\u043b\u043e\u0432. CAS: 127-18-4\",\"breadcrumb\":{\"@id\":\"https:\\\/\\\/masterchem.lv\\\/ru\\\/product\\\/%d1%82%d0%b5%d1%82%d1%80%d0%b0%d1%85%d0%bb%d0%be%d1%80%d1%8d%d1%82%d0%b8%d0%bb%d0%b5%d0%bd-cas-127-18-4\\\/#breadcrumb\"},\"inLanguage\":\"ru-RU\",\"potentialAction\":[{\"@type\":\"ReadAction\",\"target\":[\"https:\\\/\\\/masterchem.lv\\\/ru\\\/product\\\/%d1%82%d0%b5%d1%82%d1%80%d0%b0%d1%85%d0%bb%d0%be%d1%80%d1%8d%d1%82%d0%b8%d0%bb%d0%b5%d0%bd-cas-127-18-4\\\/\"]}]},{\"@type\":\"ImageObject\",\"inLanguage\":\"ru-RU\",\"@id\":\"https:\\\/\\\/masterchem.lv\\\/ru\\\/product\\\/%d1%82%d0%b5%d1%82%d1%80%d0%b0%d1%85%d0%bb%d0%be%d1%80%d1%8d%d1%82%d0%b8%d0%bb%d0%b5%d0%bd-cas-127-18-4\\\/#primaryimage\",\"url\":\"https:\\\/\\\/masterchem.lv\\\/wp-content\\\/uploads\\\/2023\\\/03\\\/TETRACHLOROETHYLENE-1000l-MaterChem-1.jpg\",\"contentUrl\":\"https:\\\/\\\/masterchem.lv\\\/wp-content\\\/uploads\\\/2023\\\/03\\\/TETRACHLOROETHYLENE-1000l-MaterChem-1.jpg\",\"width\":1000,\"height\":1000},{\"@type\":\"BreadcrumbList\",\"@id\":\"https:\\\/\\\/masterchem.lv\\\/ru\\\/product\\\/%d1%82%d0%b5%d1%82%d1%80%d0%b0%d1%85%d0%bb%d0%be%d1%80%d1%8d%d1%82%d0%b8%d0%bb%d0%b5%d0%bd-cas-127-18-4\\\/#breadcrumb\",\"itemListElement\":[{\"@type\":\"ListItem\",\"position\":1,\"name\":\"Home\",\"item\":\"https:\\\/\\\/masterchem.lv\\\/ru\\\/\"},{\"@type\":\"ListItem\",\"position\":2,\"name\":\"\u041c\u0430\u0433\u0430\u0437\u0438\u043d\",\"item\":\"https:\\\/\\\/masterchem.lv\\\/%d0%bc%d0%b0%d0%b3%d0%b0%d0%b7%d0%b8%d0%bd\\\/\"},{\"@type\":\"ListItem\",\"position\":3,\"name\":\"\u0422\u0435\u0442\u0440\u0430\u0445\u043b\u043e\u0440\u044d\u0442\u0438\u043b\u0435\u043d (CAS 127-18-4)\"}]},{\"@type\":\"WebSite\",\"@id\":\"https:\\\/\\\/masterchem.lv\\\/ru\\\/#website\",\"url\":\"https:\\\/\\\/masterchem.lv\\\/ru\\\/\",\"name\":\"\u0136\u012bmija r\u016bpniec\u012bbai &mdash; &Scaron;\u0137\u012bdin\u0101t\u0101ji un \u0137\u012bmisk\u0101s vielas &mdash; Masterchem.ee\",\"description\":\"\u0136\u012bmija r\u016bpniec\u012bbai&nbsp;&mdash; &scaron;\u0137\u012bdin\u0101t\u0101ji un \u0137\u012bmisk\u0101s vielas\",\"potentialAction\":[{\"@type\":\"SearchAction\",\"target\":{\"@type\":\"EntryPoint\",\"urlTemplate\":\"https:\\\/\\\/masterchem.lv\\\/ru\\\/?s={search_term_string}\"},\"query-input\":{\"@type\":\"PropertyValueSpecification\",\"valueRequired\":true,\"valueName\":\"search_term_string\"}}],\"inLanguage\":\"ru-RU\"}]}<\/script>\n<!-- \/ Yoast SEO plugin. -->","yoast_head_json":{"title":"\u0422\u0435\u0442\u0440\u0430\u0445\u043b\u043e\u0440\u044d\u0442\u0438\u043b\u0435\u043d (CAS 127-18-4) - \u0136\u012bmija r\u016bpniec\u012bbai &mdash; &Scaron;\u0137\u012bdin\u0101t\u0101ji un \u0137\u012bmisk\u0101s vielas &mdash; Masterchem.ee","description":"\u0422\u0435\u0442\u0440\u0430\u0445\u043b\u043e\u0440\u044d\u0442\u0438\u043b\u0435\u043d (\u043f\u0435\u0440\u0445\u043b\u043e\u0440\u044d\u0442\u0438\u043b\u0435\u043d) \u2014 \u0431\u0435\u0441\u0446\u0432\u0435\u0442\u043d\u0430\u044f \u0436\u0438\u0434\u043a\u043e\u0441\u0442\u044c \u0441 \u0440\u0435\u0437\u043a\u0438\u043c \u0437\u0430\u043f\u0430\u0445\u043e\u043c, \u0445\u043b\u043e\u0440\u043e\u0440\u0433\u0430\u043d\u0438\u0447\u0435\u0441\u043a\u0438\u0439 \u0440\u0430\u0441\u0442\u0432\u043e\u0440\u0438\u0442\u0435\u043b\u044c. \u0428\u0438\u0440\u043e\u043a\u043e\u0435 \u043f\u0440\u0438\u043c\u0435\u043d\u0435\u043d\u0438\u0435 \u043d\u0430\u0445\u043e\u0434\u0438\u0442 \u0432 \u0445\u0438\u043c\u0447\u0438\u0441\u0442\u043a\u0435 \u0438 \u043e\u0431\u0435\u0437\u0436\u0438\u0440\u0438\u0432\u0430\u043d\u0438\u0438 \u043c\u0435\u0442\u0430\u043b\u043b\u043e\u0432. CAS: 127-18-4","robots":{"index":"index","follow":"follow","max-snippet":"max-snippet:-1","max-image-preview":"max-image-preview:large","max-video-preview":"max-video-preview:-1"},"canonical":"https:\/\/masterchem.lv\/ru\/product\/%d1%82%d0%b5%d1%82%d1%80%d0%b0%d1%85%d0%bb%d0%be%d1%80%d1%8d%d1%82%d0%b8%d0%bb%d0%b5%d0%bd-cas-127-18-4\/","og_locale":"ru_RU","og_type":"article","og_title":"\u0422\u0435\u0442\u0440\u0430\u0445\u043b\u043e\u0440\u044d\u0442\u0438\u043b\u0435\u043d (CAS 127-18-4) - \u0136\u012bmija r\u016bpniec\u012bbai &mdash; &Scaron;\u0137\u012bdin\u0101t\u0101ji un \u0137\u012bmisk\u0101s vielas &mdash; Masterchem.ee","og_description":"\u0422\u0435\u0442\u0440\u0430\u0445\u043b\u043e\u0440\u044d\u0442\u0438\u043b\u0435\u043d (\u043f\u0435\u0440\u0445\u043b\u043e\u0440\u044d\u0442\u0438\u043b\u0435\u043d) \u2014 \u0431\u0435\u0441\u0446\u0432\u0435\u0442\u043d\u0430\u044f \u0436\u0438\u0434\u043a\u043e\u0441\u0442\u044c \u0441 \u0440\u0435\u0437\u043a\u0438\u043c \u0437\u0430\u043f\u0430\u0445\u043e\u043c, \u0445\u043b\u043e\u0440\u043e\u0440\u0433\u0430\u043d\u0438\u0447\u0435\u0441\u043a\u0438\u0439 \u0440\u0430\u0441\u0442\u0432\u043e\u0440\u0438\u0442\u0435\u043b\u044c. \u0428\u0438\u0440\u043e\u043a\u043e\u0435 \u043f\u0440\u0438\u043c\u0435\u043d\u0435\u043d\u0438\u0435 \u043d\u0430\u0445\u043e\u0434\u0438\u0442 \u0432 \u0445\u0438\u043c\u0447\u0438\u0441\u0442\u043a\u0435 \u0438 \u043e\u0431\u0435\u0437\u0436\u0438\u0440\u0438\u0432\u0430\u043d\u0438\u0438 \u043c\u0435\u0442\u0430\u043b\u043b\u043e\u0432. CAS: 127-18-4","og_url":"https:\/\/masterchem.lv\/ru\/product\/%d1%82%d0%b5%d1%82%d1%80%d0%b0%d1%85%d0%bb%d0%be%d1%80%d1%8d%d1%82%d0%b8%d0%bb%d0%b5%d0%bd-cas-127-18-4\/","og_site_name":"\u0136\u012bmija r\u016bpniec\u012bbai &mdash; &Scaron;\u0137\u012bdin\u0101t\u0101ji un \u0137\u012bmisk\u0101s vielas &mdash; Masterchem.ee","article_modified_time":"2023-04-06T08:34:35+00:00","og_image":[{"width":1000,"height":1000,"url":"https:\/\/masterchem.lv\/wp-content\/uploads\/2023\/03\/TETRACHLOROETHYLENE-1000l-MaterChem-1.jpg","type":"image\/jpeg"}],"twitter_card":"summary_large_image","schema":{"@context":"https:\/\/schema.org","@graph":[{"@type":"WebPage","@id":"https:\/\/masterchem.lv\/ru\/product\/%d1%82%d0%b5%d1%82%d1%80%d0%b0%d1%85%d0%bb%d0%be%d1%80%d1%8d%d1%82%d0%b8%d0%bb%d0%b5%d0%bd-cas-127-18-4\/","url":"https:\/\/masterchem.lv\/ru\/product\/%d1%82%d0%b5%d1%82%d1%80%d0%b0%d1%85%d0%bb%d0%be%d1%80%d1%8d%d1%82%d0%b8%d0%bb%d0%b5%d0%bd-cas-127-18-4\/","name":"\u0422\u0435\u0442\u0440\u0430\u0445\u043b\u043e\u0440\u044d\u0442\u0438\u043b\u0435\u043d (CAS 127-18-4) - \u0136\u012bmija r\u016bpniec\u012bbai &mdash; &Scaron;\u0137\u012bdin\u0101t\u0101ji un \u0137\u012bmisk\u0101s vielas &mdash; Masterchem.ee","isPartOf":{"@id":"https:\/\/masterchem.lv\/ru\/#website"},"primaryImageOfPage":{"@id":"https:\/\/masterchem.lv\/ru\/product\/%d1%82%d0%b5%d1%82%d1%80%d0%b0%d1%85%d0%bb%d0%be%d1%80%d1%8d%d1%82%d0%b8%d0%bb%d0%b5%d0%bd-cas-127-18-4\/#primaryimage"},"image":{"@id":"https:\/\/masterchem.lv\/ru\/product\/%d1%82%d0%b5%d1%82%d1%80%d0%b0%d1%85%d0%bb%d0%be%d1%80%d1%8d%d1%82%d0%b8%d0%bb%d0%b5%d0%bd-cas-127-18-4\/#primaryimage"},"thumbnailUrl":"https:\/\/masterchem.lv\/wp-content\/uploads\/2023\/03\/TETRACHLOROETHYLENE-1000l-MaterChem-1.jpg","datePublished":"2023-03-08T07:46:48+00:00","dateModified":"2023-04-06T08:34:35+00:00","description":"\u0422\u0435\u0442\u0440\u0430\u0445\u043b\u043e\u0440\u044d\u0442\u0438\u043b\u0435\u043d (\u043f\u0435\u0440\u0445\u043b\u043e\u0440\u044d\u0442\u0438\u043b\u0435\u043d) \u2014 \u0431\u0435\u0441\u0446\u0432\u0435\u0442\u043d\u0430\u044f \u0436\u0438\u0434\u043a\u043e\u0441\u0442\u044c \u0441 \u0440\u0435\u0437\u043a\u0438\u043c \u0437\u0430\u043f\u0430\u0445\u043e\u043c, \u0445\u043b\u043e\u0440\u043e\u0440\u0433\u0430\u043d\u0438\u0447\u0435\u0441\u043a\u0438\u0439 \u0440\u0430\u0441\u0442\u0432\u043e\u0440\u0438\u0442\u0435\u043b\u044c. \u0428\u0438\u0440\u043e\u043a\u043e\u0435 \u043f\u0440\u0438\u043c\u0435\u043d\u0435\u043d\u0438\u0435 \u043d\u0430\u0445\u043e\u0434\u0438\u0442 \u0432 \u0445\u0438\u043c\u0447\u0438\u0441\u0442\u043a\u0435 \u0438 \u043e\u0431\u0435\u0437\u0436\u0438\u0440\u0438\u0432\u0430\u043d\u0438\u0438 \u043c\u0435\u0442\u0430\u043b\u043b\u043e\u0432. CAS: 127-18-4","breadcrumb":{"@id":"https:\/\/masterchem.lv\/ru\/product\/%d1%82%d0%b5%d1%82%d1%80%d0%b0%d1%85%d0%bb%d0%be%d1%80%d1%8d%d1%82%d0%b8%d0%bb%d0%b5%d0%bd-cas-127-18-4\/#breadcrumb"},"inLanguage":"ru-RU","potentialAction":[{"@type":"ReadAction","target":["https:\/\/masterchem.lv\/ru\/product\/%d1%82%d0%b5%d1%82%d1%80%d0%b0%d1%85%d0%bb%d0%be%d1%80%d1%8d%d1%82%d0%b8%d0%bb%d0%b5%d0%bd-cas-127-18-4\/"]}]},{"@type":"ImageObject","inLanguage":"ru-RU","@id":"https:\/\/masterchem.lv\/ru\/product\/%d1%82%d0%b5%d1%82%d1%80%d0%b0%d1%85%d0%bb%d0%be%d1%80%d1%8d%d1%82%d0%b8%d0%bb%d0%b5%d0%bd-cas-127-18-4\/#primaryimage","url":"https:\/\/masterchem.lv\/wp-content\/uploads\/2023\/03\/TETRACHLOROETHYLENE-1000l-MaterChem-1.jpg","contentUrl":"https:\/\/masterchem.lv\/wp-content\/uploads\/2023\/03\/TETRACHLOROETHYLENE-1000l-MaterChem-1.jpg","width":1000,"height":1000},{"@type":"BreadcrumbList","@id":"https:\/\/masterchem.lv\/ru\/product\/%d1%82%d0%b5%d1%82%d1%80%d0%b0%d1%85%d0%bb%d0%be%d1%80%d1%8d%d1%82%d0%b8%d0%bb%d0%b5%d0%bd-cas-127-18-4\/#breadcrumb","itemListElement":[{"@type":"ListItem","position":1,"name":"Home","item":"https:\/\/masterchem.lv\/ru\/"},{"@type":"ListItem","position":2,"name":"\u041c\u0430\u0433\u0430\u0437\u0438\u043d","item":"https:\/\/masterchem.lv\/%d0%bc%d0%b0%d0%b3%d0%b0%d0%b7%d0%b8%d0%bd\/"},{"@type":"ListItem","position":3,"name":"\u0422\u0435\u0442\u0440\u0430\u0445\u043b\u043e\u0440\u044d\u0442\u0438\u043b\u0435\u043d (CAS 127-18-4)"}]},{"@type":"WebSite","@id":"https:\/\/masterchem.lv\/ru\/#website","url":"https:\/\/masterchem.lv\/ru\/","name":"\u0136\u012bmija r\u016bpniec\u012bbai &mdash; &Scaron;\u0137\u012bdin\u0101t\u0101ji un \u0137\u012bmisk\u0101s vielas &mdash; Masterchem.ee","description":"\u0136\u012bmija r\u016bpniec\u012bbai&nbsp;&mdash; &scaron;\u0137\u012bdin\u0101t\u0101ji un \u0137\u012bmisk\u0101s vielas","potentialAction":[{"@type":"SearchAction","target":{"@type":"EntryPoint","urlTemplate":"https:\/\/masterchem.lv\/ru\/?s={search_term_string}"},"query-input":{"@type":"PropertyValueSpecification","valueRequired":true,"valueName":"search_term_string"}}],"inLanguage":"ru-RU"}]}},"_links":{"self":[{"href":"https:\/\/masterchem.lv\/ru\/wp-json\/wp\/v2\/product\/11601","targetHints":{"allow":["GET"]}}],"collection":[{"href":"https:\/\/masterchem.lv\/ru\/wp-json\/wp\/v2\/product"}],"about":[{"href":"https:\/\/masterchem.lv\/ru\/wp-json\/wp\/v2\/types\/product"}],"wp:featuredmedia":[{"embeddable":true,"href":"https:\/\/masterchem.lv\/ru\/wp-json\/wp\/v2\/media\/6863"}],"wp:attachment":[{"href":"https:\/\/masterchem.lv\/ru\/wp-json\/wp\/v2\/media?parent=11601"}],"wp:term":[{"taxonomy":"product_brand","embeddable":true,"href":"https:\/\/masterchem.lv\/ru\/wp-json\/wp\/v2\/product_brand?post=11601"},{"taxonomy":"product_cat","embeddable":true,"href":"https:\/\/masterchem.lv\/ru\/wp-json\/wp\/v2\/product_cat?post=11601"},{"taxonomy":"product_tag","embeddable":true,"href":"https:\/\/masterchem.lv\/ru\/wp-json\/wp\/v2\/product_tag?post=11601"}],"curies":[{"name":"wp","href":"https:\/\/api.w.org\/{rel}","templated":true}]}}